{"id":61,"date":"2020-01-23T18:21:52","date_gmt":"2020-01-23T18:21:52","guid":{"rendered":"https:\/\/demosites.io\/web-agency-gb\/?page_id=61"},"modified":"2024-12-12T17:33:39","modified_gmt":"2024-12-12T10:33:39","slug":"gioi-thieu-cong-ty","status":"publish","type":"page","link":"https:\/\/asg.vn\/zh\/gioi-thieu-cong-ty\/","title":{"rendered":"GI\u1edaI THI\u1ec6U C\u00d4NG TY"},"content":{"rendered":"<section class=\"section\" id=\"section_582361482\">\n\t\t<div class=\"bg section-bg fill bg-fill bg-loaded bg-loaded\" >\n\n\t\t\t\n\t\t\t<div class=\"section-bg-overlay absolute fill\"><\/div>\n\t\t\t\n\n\t\t<\/div>\n\n\t\t\n\n\t\t<div class=\"section-content relative\">\n\t\t\t\n<div class=\"row\"  id=\"row-708934701\">\n\n\t<div id=\"col-703939053\" class=\"col cot34 medium-3 small-12 large-3\"  >\n\t\t<div class=\"is-sticky-column\"><div class=\"is-sticky-column__inner\">\t\t<div class=\"col-inner box-shadow-1\" style=\"background-color:rgb(255, 255, 255);\" >\n\t\t\t\n\t\t\t\n\t<div id=\"text-3954122366\" class=\"text\">\n\t\t\n<ul id=\"menu-cnav-comapny\" class=\"cnavList\">\n<li id=\"menu-item-27601\" class=\"menu-item menu-item-type-post_type menu-item-object-page current-menu-item page_item page-item-238 current_page_item menu-item-27601\"><strong><a href=\"https:\/\/asg.vn\/zh\/gioi-thieu-cong-ty\/\">\u95dc\u65bc\u6211\u5011<\/a><\/strong><\/li>\n<li id=\"menu-item-31203\" class=\"menu-item menu-item-type-post_type menu-item-object-page menu-item-31203\"><a href=\"https:\/\/asg.vn\/zh\/gioi-thieu-cong-ty\/loi-cua-chu-tich\/\">\u8463\u4e8b\u9577\u7684\u8a71<\/a><\/li>\n<li id=\"menu-item-20630\" class=\"menu-item menu-item-type-post_type menu-item-object-page menu-item-20630\"><a href=\"https:\/\/asg.vn\/zh\/gioi-thieu-cong-ty\/ho-so-cong-ty\/\">\u516c\u53f8\u6982\u6cc1<\/a><\/li>\n<li><a class=\"uppercase\" href=\"https:\/\/asg.vn\/zh\/gioi-thieu-cong-ty\/mang-luoi-khach-hang\/\">\u5ba2\u6236\u7db2\u7d61<\/a><\/li>\n<li id=\"menu-item-20631\" class=\"menu-item menu-item-type-post_type menu-item-object-page menu-item-20631\"><a href=\"https:\/\/asg.vn\/zh\/gioi-thieu-cong-ty\/lich-su-phat-trien\/\">\u767c\u5c55\u6b77\u7a0b<\/a><\/li>\n<li id=\"menu-item-20629\" class=\"menu-item menu-item-type-post_type menu-item-object-page menu-item-20629\"><a href=\"https:\/\/asg.vn\/zh\/gioi-thieu-cong-ty\/tieu-chi-quan-ly\/\">\u7ba1\u7406\u6e96\u5247<\/a><\/li>\n<li><a href=\"https:\/\/asg.vn\/zh\/asg-voi-nganh-phu-tro\/\">ASG V\u1edaI NG\u00c0NH C\u00d4NG NGHI\u1ec6P PH\u1ee4 TR\u1ee2 VN<\/a><\/li>\n<li id=\"menu-item-30939\" class=\"menu-item menu-item-type-post_type menu-item-object-page menu-item-30939\"><a href=\"https:\/\/asg.vn\/zh\/gioi-thieu-cong-ty\/bai-hat-cong-ty\/\">\u516c\u53f8\u6b4c\u66f2<\/a><\/li>\n<li id=\"menu-item-20632\" class=\"menu-item menu-item-type-post_type menu-item-object-page menu-item-20632\"><a href=\"https:\/\/asg.vn\/zh\/gioi-thieu-cong-ty\/chung-nhan\/\">\u8a8d\u8b49<\/a><\/li>\n<li id=\"menu-item-20634\" class=\"menu-item menu-item-type-post_type menu-item-object-page menu-item-20634\"><a href=\"https:\/\/asg.vn\/zh\/gioi-thieu-cong-ty\/bao-mat-thong-tin\/\">\u8cc7\u8a0a\u5b89\u5168<\/a><\/li>\n<li id=\"menu-item-33098\" class=\"menu-item menu-item-type-post_type menu-item-object-page menu-item-33098\"><a href=\"https:\/\/asg.vn\/zh\/gioi-thieu-cong-ty\/mang-luoi-toan-cau\/\">\u516c\u53f8\u5168\u7403\u7db2\u7d61<\/a><\/li>\n<li id=\"menu-item-33099\" class=\"menu-item menu-item-type-post_type menu-item-object-page menu-item-33099\"><a href=\"https:\/\/asg.vn\/zh\/gioi-thieu-cong-ty\/hoat-dong-moi-truong\/\">\u74b0\u5883\u4fdd\u8b77\u6d3b\u52d5<\/a><\/li>\n<\/ul>\n\t\t\n<style>\n#text-3954122366 {\n  line-height: 2.45;\n}\n<\/style>\n\t<\/div>\n\t\n\t\t<\/div>\n\t\t<\/div><\/div>\t\t\n<style>\n#col-703939053 > .is-sticky-column > .is-sticky-column__inner > .col-inner {\n  padding: 20px 20px 20px 20px;\n}\n<\/style>\n\t<\/div>\n\n\t\n\n\t<div id=\"col-786745893\" class=\"col medium-9 small-12 large-9\"  >\n\t\t\t\t<div class=\"col-inner\"  >\n\t\t\t\n\t\t\t\n<div class=\"row\"  id=\"row-1748309843\">\n\n\t<div id=\"col-2076890012\" class=\"col medium-4 small-12 large-4\"  >\n\t\t\t\t<div class=\"col-inner\"  >\n\t\t\t\n\t\t\t\n\t<div class=\"box has-hover muitenhover  has-hover box-text-bottom\" >\n\n\t\t<div class=\"box-image\" >\n\t\t\t<a href=\"https:\/\/asg.vn\/zh\/gioi-thieu-cong-ty\/loi-cua-chu-tich\/\" >\t\t\t<div class=\"image-overlay-add image-cover\" style=\"padding-top:56.25%;\">\n\t\t\t\t<img loading=\"lazy\" decoding=\"async\" width=\"1695\" height=\"998\" src=\"https:\/\/asg.vn\/wp-content\/uploads\/2024\/03\/Untitled.png\" class=\"attachment-original size-original\" alt=\"\" srcset=\"https:\/\/asg.vn\/wp-content\/uploads\/2024\/03\/Untitled.png 1695w, https:\/\/asg.vn\/wp-content\/uploads\/2024\/03\/Untitled-768x452.png 768w, https:\/\/asg.vn\/wp-content\/uploads\/2024\/03\/Untitled-1536x904.png 1536w, https:\/\/asg.vn\/wp-content\/uploads\/2024\/03\/Untitled-600x353.png 600w\" sizes=\"(max-width: 1695px) 100vw, 1695px\" \/>\t\t\t\t<div class=\"overlay\" style=\"background-color:rgba(0, 0, 0, 0.634)\"><\/div>\t\t\t\t\t\t\t<\/div>\n\t\t\t<\/a>\t\t<\/div>\n\n\t\t<div class=\"box-text text-center\" >\n\t\t\t<div class=\"box-text-inner\">\n\t\t\t\t\n<p><strong><a href=\"#\">\u8463\u4e8b\u9577\u7684\u8a71<\/a><\/strong><\/p>\n\t\t\t<\/div>\n\t\t<\/div>\n\t<\/div>\n\t\n\t\t<\/div>\n\t\t\t\t\t<\/div>\n\n\t\n\n\t<div id=\"col-369881100\" class=\"col medium-4 small-12 large-4\"  >\n\t\t\t\t<div class=\"col-inner\"  >\n\t\t\t\n\t\t\t\n\t<div class=\"box has-hover muitenhover  has-hover box-text-bottom\" >\n\n\t\t<div class=\"box-image\" >\n\t\t\t<a href=\"https:\/\/asg.vn\/zh\/gioi-thieu-cong-ty\/ho-so-cong-ty\/\" >\t\t\t<div class=\"image-overlay-add image-cover\" style=\"padding-top:56.25%;\">\n\t\t\t\t<img loading=\"lazy\" decoding=\"async\" width=\"1253\" height=\"621\" src=\"https:\/\/asg.vn\/wp-content\/uploads\/2024\/03\/ASG-logo_to-1.png\" class=\"attachment-original size-original\" alt=\"\" srcset=\"https:\/\/asg.vn\/wp-content\/uploads\/2024\/03\/ASG-logo_to-1.png 1253w, https:\/\/asg.vn\/wp-content\/uploads\/2024\/03\/ASG-logo_to-1-768x381.png 768w\" sizes=\"(max-width: 1253px) 100vw, 1253px\" \/>\t\t\t\t<div class=\"overlay\" style=\"background-color:rgba(0, 0, 0, 0.634)\"><\/div>\t\t\t\t\t\t\t<\/div>\n\t\t\t<\/a>\t\t<\/div>\n\n\t\t<div class=\"box-text text-center\" >\n\t\t\t<div class=\"box-text-inner\">\n\t\t\t\t\n<p><a href=\"\/zh\/_wp_link_placeholder\/\" data-wplink-edit=\"true\"><strong>\u516c\u53f8\u6982\u6cc1<\/strong><\/a><\/p>\n\t\t\t<\/div>\n\t\t<\/div>\n\t<\/div>\n\t\n\t\t<\/div>\n\t\t\t\t\t<\/div>\n\n\t\n\n\t<div id=\"col-1681932706\" class=\"col medium-4 small-12 large-4\"  >\n\t\t\t\t<div class=\"col-inner\"  >\n\t\t\t\n\t\t\t\n\t<div class=\"box has-hover muitenhover  has-hover box-text-bottom\" >\n\n\t\t<div class=\"box-image\" >\n\t\t\t<a href=\"https:\/\/asg.vn\/zh\/gioi-thieu-cong-ty\/mang-luoi-khach-hang\/\" >\t\t\t<div class=\"image-overlay-add image-cover\" style=\"padding-top:56.25%;\">\n\t\t\t\t<img loading=\"lazy\" decoding=\"async\" width=\"960\" height=\"1280\" src=\"https:\/\/asg.vn\/wp-content\/uploads\/2023\/08\/z4626163390870_d94c92070cfc894ed58c2f8632b4ce5e.jpg\" class=\"attachment-original size-original\" alt=\"\" srcset=\"https:\/\/asg.vn\/wp-content\/uploads\/2023\/08\/z4626163390870_d94c92070cfc894ed58c2f8632b4ce5e.jpg 960w, https:\/\/asg.vn\/wp-content\/uploads\/2023\/08\/z4626163390870_d94c92070cfc894ed58c2f8632b4ce5e-600x800.jpg 600w, https:\/\/asg.vn\/wp-content\/uploads\/2023\/08\/z4626163390870_d94c92070cfc894ed58c2f8632b4ce5e-768x1024.jpg 768w, https:\/\/asg.vn\/wp-content\/uploads\/2023\/08\/z4626163390870_d94c92070cfc894ed58c2f8632b4ce5e-225x300.jpg 225w\" sizes=\"(max-width: 960px) 100vw, 960px\" \/>\t\t\t\t<div class=\"overlay\" style=\"background-color:rgba(0, 0, 0, 0.634)\"><\/div>\t\t\t\t\t\t\t<\/div>\n\t\t\t<\/a>\t\t<\/div>\n\n\t\t<div class=\"box-text text-center\" >\n\t\t\t<div class=\"box-text-inner\">\n\t\t\t\t\n<p><strong><a href=\"https:\/\/asg.vn\/zh\/gioi-thieu-cong-ty\/mang-luoi-toan-cau\/\">\u5ba2\u6236\u7db2\u7d61<\/a><\/strong><\/p>\n\t\t\t<\/div>\n\t\t<\/div>\n\t<\/div>\n\t\n\t\t<\/div>\n\t\t\t\t\t<\/div>\n\n\t\n\n\t<div id=\"col-1834333697\" class=\"col medium-4 small-12 large-4\"  >\n\t\t\t\t<div class=\"col-inner\"  >\n\t\t\t\n\t\t\t\n\t<div class=\"box has-hover muitenhover  has-hover box-text-bottom\" >\n\n\t\t<div class=\"box-image\" >\n\t\t\t<a href=\"https:\/\/asg.vn\/zh\/gioi-thieu-cong-ty\/lich-su-phat-trien\/\" >\t\t\t<div class=\"image-overlay-add image-cover\" style=\"padding-top:56.25%;\">\n\t\t\t\t<img loading=\"lazy\" decoding=\"async\" width=\"900\" height=\"450\" src=\"https:\/\/asg.vn\/wp-content\/uploads\/2024\/03\/su-kien.jpg\" class=\"attachment-original size-original\" alt=\"\" srcset=\"https:\/\/asg.vn\/wp-content\/uploads\/2024\/03\/su-kien.jpg 900w, https:\/\/asg.vn\/wp-content\/uploads\/2024\/03\/su-kien-768x384.jpg 768w\" sizes=\"(max-width: 900px) 100vw, 900px\" \/>\t\t\t\t<div class=\"overlay\" style=\"background-color:rgba(0, 0, 0, 0.634)\"><\/div>\t\t\t\t\t\t\t<\/div>\n\t\t\t<\/a>\t\t<\/div>\n\n\t\t<div class=\"box-text text-center\" >\n\t\t\t<div class=\"box-text-inner\">\n\t\t\t\t\n<p><strong><a href=\"https:\/\/asg.vn\/zh\/gioi-thieu-cong-ty\/lich-su-phat-trien\/\" data-wplink-edit=\"true\">\u767c\u5c55\u6b77\u7a0b<\/a><\/strong><\/p>\n\t\t\t<\/div>\n\t\t<\/div>\n\t<\/div>\n\t\n\t\t<\/div>\n\t\t\t\t\t<\/div>\n\n\t\n\n\t<div id=\"col-2144265949\" class=\"col medium-4 small-12 large-4\"  >\n\t\t\t\t<div class=\"col-inner\"  >\n\t\t\t\n\t\t\t\n\t<div class=\"box has-hover muitenhover  has-hover box-text-bottom\" >\n\n\t\t<div class=\"box-image\" >\n\t\t\t<a href=\"https:\/\/asg.vn\/zh\/gioi-thieu-cong-ty\/tieu-chi-quan-ly\/\" >\t\t\t<div class=\"image-overlay-add image-cover\" style=\"padding-top:56.25%;\">\n\t\t\t\t<img loading=\"lazy\" decoding=\"async\" width=\"550\" height=\"328\" src=\"https:\/\/asg.vn\/wp-content\/uploads\/2024\/03\/quan-tri-la-gi-lay-vi-du-minh-hoa-su-khac-nhau-voi-quan-ly.png\" class=\"attachment-original size-original\" alt=\"\" \/>\t\t\t\t<div class=\"overlay\" style=\"background-color:rgba(0, 0, 0, 0.634)\"><\/div>\t\t\t\t\t\t\t<\/div>\n\t\t\t<\/a>\t\t<\/div>\n\n\t\t<div class=\"box-text text-center\" >\n\t\t\t<div class=\"box-text-inner\">\n\t\t\t\t\n<p><strong><a href=\"https:\/\/asg.vn\/zh\/gioi-thieu-cong-ty\/tieu-chi-quan-ly\/\" data-wplink-edit=\"true\">\u7ba1\u7406\u6e96\u5247<\/a><\/strong><\/p>\n\t\t\t<\/div>\n\t\t<\/div>\n\t<\/div>\n\t\n\t\t<\/div>\n\t\t\t\t\t<\/div>\n\n\t\n\n\t<div id=\"col-1027250567\" class=\"col medium-4 small-12 large-4\"  >\n\t\t\t\t<div class=\"col-inner\"  >\n\t\t\t\n\t\t\t\n\t<div class=\"box has-hover muitenhover  has-hover box-text-bottom\" >\n\n\t\t<div class=\"box-image\" >\n\t\t\t<a href=\"https:\/\/asg.vn\/zh\/gioi-thieu-cong-ty\/bai-hat-cong-ty\/\" >\t\t\t<div class=\"image-overlay-add image-cover\" style=\"padding-top:56.25%;\">\n\t\t\t\t<img loading=\"lazy\" decoding=\"async\" width=\"612\" height=\"612\" src=\"https:\/\/asg.vn\/wp-content\/uploads\/2024\/03\/istockphoto-1165855968-612x612-1.jpg\" class=\"attachment-original size-original\" alt=\"\" \/>\t\t\t\t<div class=\"overlay\" style=\"background-color:rgba(0, 0, 0, 0.634)\"><\/div>\t\t\t\t\t\t\t<\/div>\n\t\t\t<\/a>\t\t<\/div>\n\n\t\t<div class=\"box-text text-center\" >\n\t\t\t<div class=\"box-text-inner\">\n\t\t\t\t\n<p><strong><a href=\"https:\/\/asg.vn\/zh\/gioi-thieu-cong-ty\/bai-hat-cong-ty\/\" data-wplink-edit=\"true\">\u516c\u53f8\u6b4c\u66f2<\/a><\/strong><\/p>\n\t\t\t<\/div>\n\t\t<\/div>\n\t<\/div>\n\t\n\t\t<\/div>\n\t\t\t\t\t<\/div>\n\n\t\n\n\t<div id=\"col-782299916\" class=\"col medium-4 small-12 large-4\"  >\n\t\t\t\t<div class=\"col-inner\"  >\n\t\t\t\n\t\t\t\n\t<div class=\"box has-hover muitenhover  has-hover box-text-bottom\" >\n\n\t\t<div class=\"box-image\" >\n\t\t\t<a href=\"https:\/\/asg.vn\/zh\/gioi-thieu-cong-ty\/chung-nhan\/\" >\t\t\t<div class=\"image-overlay-add image-cover\" style=\"padding-top:56.25%;\">\n\t\t\t\t<img loading=\"lazy\" decoding=\"async\" width=\"800\" height=\"450\" src=\"https:\/\/asg.vn\/wp-content\/uploads\/2024\/03\/security_800x450.jpg\" class=\"attachment-original size-original\" alt=\"\" srcset=\"https:\/\/asg.vn\/wp-content\/uploads\/2024\/03\/security_800x450.jpg 800w, https:\/\/asg.vn\/wp-content\/uploads\/2024\/03\/security_800x450-768x432.jpg 768w\" sizes=\"(max-width: 800px) 100vw, 800px\" \/>\t\t\t\t<div class=\"overlay\" style=\"background-color:rgba(0, 0, 0, 0.634)\"><\/div>\t\t\t\t\t\t\t<\/div>\n\t\t\t<\/a>\t\t<\/div>\n\n\t\t<div class=\"box-text text-center\" >\n\t\t\t<div class=\"box-text-inner\">\n\t\t\t\t\n<p><strong><a href=\"https:\/\/asg.vn\/zh\/gioi-thieu-cong-ty\/chung-nhan\/\" data-wplink-edit=\"true\">\u8cc7\u8a0a\u5b89\u5168<\/a><\/strong><\/p>\n\t\t\t<\/div>\n\t\t<\/div>\n\t<\/div>\n\t\n\t\t<\/div>\n\t\t\t\t\t<\/div>\n\n\t\n\n\t<div id=\"col-117615805\" class=\"col medium-4 small-12 large-4\"  >\n\t\t\t\t<div class=\"col-inner\"  >\n\t\t\t\n\t\t\t\n\t<div class=\"box has-hover muitenhover  has-hover box-text-bottom\" >\n\n\t\t<div class=\"box-image\" >\n\t\t\t<a href=\"https:\/\/asg.vn\/zh\/gioi-thieu-cong-ty\/quan-ly-suc-khoe\/\" >\t\t\t<div class=\"image-overlay-add image-cover\" style=\"padding-top:56.25%;\">\n\t\t\t\t<img loading=\"lazy\" decoding=\"async\" width=\"1043\" height=\"596\" src=\"https:\/\/asg.vn\/wp-content\/uploads\/2024\/03\/2.jpg\" class=\"attachment-original size-original\" alt=\"\" srcset=\"https:\/\/asg.vn\/wp-content\/uploads\/2024\/03\/2.jpg 1043w, https:\/\/asg.vn\/wp-content\/uploads\/2024\/03\/2-768x439.jpg 768w\" sizes=\"(max-width: 1043px) 100vw, 1043px\" \/>\t\t\t\t<div class=\"overlay\" style=\"background-color:rgba(0, 0, 0, 0.634)\"><\/div>\t\t\t\t\t\t\t<\/div>\n\t\t\t<\/a>\t\t<\/div>\n\n\t\t<div class=\"box-text text-center\" >\n\t\t\t<div class=\"box-text-inner\">\n\t\t\t\t\n<p><strong><a href=\"https:\/\/asg.vn\/zh\/gioi-thieu-cong-ty\/quan-ly-suc-khoe\/\" data-wplink-edit=\"true\">\u8a8d\u8b49<\/a><\/strong><\/p>\n\t\t\t<\/div>\n\t\t<\/div>\n\t<\/div>\n\t\n\t\t<\/div>\n\t\t\t\t\t<\/div>\n\n\t\n\n\t<div id=\"col-116676657\" class=\"col medium-4 small-12 large-4\"  >\n\t\t\t\t<div class=\"col-inner\"  >\n\t\t\t\n\t\t\t\n\t<div class=\"box has-hover muitenhover  has-hover box-text-bottom\" >\n\n\t\t<div class=\"box-image\" >\n\t\t\t<a href=\"https:\/\/asg.vn\/zh\/gioi-thieu-cong-ty\/mang-luoi-toan-cau\/\" >\t\t\t<div class=\"image-overlay-add image-cover\" style=\"padding-top:56.25%;\">\n\t\t\t\t<img loading=\"lazy\" decoding=\"async\" width=\"458\" height=\"280\" src=\"https:\/\/asg.vn\/wp-content\/uploads\/2024\/03\/contents-global-network.webp\" class=\"attachment-original size-original\" alt=\"\" \/>\t\t\t\t<div class=\"overlay\" style=\"background-color:rgba(0, 0, 0, 0.634)\"><\/div>\t\t\t\t\t\t\t<\/div>\n\t\t\t<\/a>\t\t<\/div>\n\n\t\t<div class=\"box-text text-center\" >\n\t\t\t<div class=\"box-text-inner\">\n\t\t\t\t\n<p><strong><a href=\"https:\/\/asg.vn\/zh\/gioi-thieu-cong-ty\/mang-luoi-toan-cau\/\" data-wplink-edit=\"true\">\u516c\u53f8\u5168\u7403\u7db2\u7d61<\/a><\/strong><\/p>\n\t\t\t<\/div>\n\t\t<\/div>\n\t<\/div>\n\t\n\t\t<\/div>\n\t\t\t\t\t<\/div>\n\n\t\n\n\t<div id=\"col-1127164920\" class=\"col medium-4 small-12 large-4\"  >\n\t\t\t\t<div class=\"col-inner\"  >\n\t\t\t\n\t\t\t\n\t<div class=\"box has-hover muitenhover  has-hover box-text-bottom\" >\n\n\t\t<div class=\"box-image\" >\n\t\t\t<a href=\"https:\/\/asg.vn\/zh\/gioi-thieu-cong-ty\/hoat-dong-moi-truong\/\" >\t\t\t<div class=\"image-overlay-add image-cover\" style=\"padding-top:56.25%;\">\n\t\t\t\t<img loading=\"lazy\" decoding=\"async\" width=\"840\" height=\"480\" src=\"https:\/\/asg.vn\/wp-content\/uploads\/2024\/03\/bao_ve_moi_truong_la_gi_cac_bien_phap_bao_ve_moi_truong_09335021012024.jpg\" class=\"attachment-original size-original\" alt=\"\" srcset=\"https:\/\/asg.vn\/wp-content\/uploads\/2024\/03\/bao_ve_moi_truong_la_gi_cac_bien_phap_bao_ve_moi_truong_09335021012024.jpg 840w, https:\/\/asg.vn\/wp-content\/uploads\/2024\/03\/bao_ve_moi_truong_la_gi_cac_bien_phap_bao_ve_moi_truong_09335021012024-768x439.jpg 768w\" sizes=\"(max-width: 840px) 100vw, 840px\" \/>\t\t\t\t<div class=\"overlay\" style=\"background-color:rgba(0, 0, 0, 0.634)\"><\/div>\t\t\t\t\t\t\t<\/div>\n\t\t\t<\/a>\t\t<\/div>\n\n\t\t<div class=\"box-text text-center\" >\n\t\t\t<div class=\"box-text-inner\">\n\t\t\t\t\n<p><strong><a href=\"https:\/\/asg.vn\/zh\/gioi-thieu-cong-ty\/hoat-dong-moi-truong\/\" data-wplink-edit=\"true\">B\u1ea3o v\u1ec7 m\u00f4i tr\u01b0\u1eddng<\/a><\/strong><\/p>\n\t\t\t<\/div>\n\t\t<\/div>\n\t<\/div>\n\t\n\t\t<\/div>\n\t\t\t\t\t<\/div>\n\n\t\n<\/div>\n\t\t<\/div>\n\t\t\t\t\t<\/div>\n\n\t\n<\/div>\n\t\t<\/div>\n\n\t\t\n<style>\n#section_582361482 {\n  padding-top: 30px;\n  padding-bottom: 30px;\n}\n#section_582361482 .section-bg-overlay {\n  background-color: rgba(32, 56, 98, 0.047);\n}\n<\/style>\n\t<\/section>","protected":false},"excerpt":{"rendered":"","protected":false},"author":24,"featured_media":1019,"parent":0,"menu_order":0,"comment_status":"closed","ping_status":"closed","template":"page-blank.php","meta":{"inline_featured_image":false,"footnotes":""},"yoast_head":"<!-- This site is optimized with the Yoast SEO plugin v22.5 - https:\/\/yoast.com\/wordpress\/plugins\/seo\/ -->\n<title>GI\u1edaI THI\u1ec6U C\u00d4NG TY - C\u00f4ng ty TNHH ASG<\/title>\n<meta name=\"description\" content=\"C\u00f4ng ty TNHH K\u1ef9 Thu\u1eadt ASG - chuy\u00ean cung c\u1ea5p xi lanh tr\u1ee5c v\u00edt , khay nh\u1ef1a \u0111\u1ecbnh h\u00ecnh, linh ki\u1ec7n, m\u00e1y m\u00f3c nh\u00e0 m\u00e1y \u0111\u00fac nh\u1ef1a.\" \/>\n<meta name=\"robots\" content=\"index, follow, max-snippet:-1, max-image-preview:large, max-video-preview:-1\" \/>\n<link rel=\"canonical\" href=\"https:\/\/asg.vn\/zh\/gioi-thieu-cong-ty\/\" \/>\n<meta property=\"og:locale\" content=\"zh_CN\" \/>\n<meta property=\"og:type\" content=\"article\" \/>\n<meta property=\"og:title\" content=\"GI\u1edaI THI\u1ec6U C\u00d4NG TY - C\u00f4ng ty TNHH ASG\" \/>\n<meta property=\"og:description\" content=\"C\u00f4ng ty TNHH K\u1ef9 Thu\u1eadt ASG - chuy\u00ean cung c\u1ea5p xi lanh tr\u1ee5c v\u00edt , khay nh\u1ef1a \u0111\u1ecbnh h\u00ecnh, linh ki\u1ec7n, m\u00e1y m\u00f3c nh\u00e0 m\u00e1y \u0111\u00fac nh\u1ef1a.\" \/>\n<meta property=\"og:url\" content=\"https:\/\/asg.vn\/zh\/gioi-thieu-cong-ty\/\" \/>\n<meta property=\"og:site_name\" content=\"C\u00f4ng ty TNHH ASG\" \/>\n<meta property=\"article:publisher\" content=\"https:\/\/www.facebook.com\/congtyasgvietnam\" \/>\n<meta property=\"article:modified_time\" content=\"2024-12-12T10:33:39+00:00\" \/>\n<meta property=\"og:image\" content=\"https:\/\/asg.vn\/wp-content\/uploads\/2023\/03\/cong-ty-ASG-chuyen-san-xuat-xi-lanh-truc-vit.jpg\" \/>\n\t<meta property=\"og:image:width\" content=\"1920\" \/>\n\t<meta property=\"og:image:height\" content=\"1280\" \/>\n\t<meta property=\"og:image:type\" content=\"image\/jpeg\" \/>\n<meta name=\"twitter:card\" content=\"summary_large_image\" \/>\n<meta name=\"twitter:label1\" content=\"Est. reading time\" \/>\n\t<meta name=\"twitter:data1\" content=\"8 \u5206\" \/>\n<script type=\"application\/ld+json\" class=\"yoast-schema-graph\">{\"@context\":\"https:\/\/schema.org\",\"@graph\":[{\"@type\":\"WebPage\",\"@id\":\"https:\/\/asg.vn\/vi\/gioi-thieu-cong-ty\/\",\"url\":\"https:\/\/asg.vn\/vi\/gioi-thieu-cong-ty\/\",\"name\":\"GI\u1edaI THI\u1ec6U C\u00d4NG TY - C\u00f4ng ty TNHH ASG\",\"isPartOf\":{\"@id\":\"https:\/\/asg.vn\/ja\/#website\"},\"primaryImageOfPage\":{\"@id\":\"https:\/\/asg.vn\/vi\/gioi-thieu-cong-ty\/#primaryimage\"},\"image\":{\"@id\":\"https:\/\/asg.vn\/vi\/gioi-thieu-cong-ty\/#primaryimage\"},\"thumbnailUrl\":\"https:\/\/asg.vn\/wp-content\/uploads\/2023\/03\/cong-ty-ASG-chuyen-san-xuat-xi-lanh-truc-vit.jpg\",\"datePublished\":\"2020-01-23T18:21:52+00:00\",\"dateModified\":\"2024-12-12T10:33:39+00:00\",\"description\":\"C\u00f4ng ty TNHH K\u1ef9 Thu\u1eadt ASG - chuy\u00ean cung c\u1ea5p xi lanh tr\u1ee5c v\u00edt , khay nh\u1ef1a \u0111\u1ecbnh h\u00ecnh, linh ki\u1ec7n, m\u00e1y m\u00f3c nh\u00e0 m\u00e1y \u0111\u00fac nh\u1ef1a.\",\"breadcrumb\":{\"@id\":\"https:\/\/asg.vn\/vi\/gioi-thieu-cong-ty\/#breadcrumb\"},\"inLanguage\":\"zh-Hans\",\"potentialAction\":[{\"@type\":\"ReadAction\",\"target\":[\"https:\/\/asg.vn\/vi\/gioi-thieu-cong-ty\/\"]}]},{\"@type\":\"ImageObject\",\"inLanguage\":\"zh-Hans\",\"@id\":\"https:\/\/asg.vn\/vi\/gioi-thieu-cong-ty\/#primaryimage\",\"url\":\"https:\/\/asg.vn\/wp-content\/uploads\/2023\/03\/cong-ty-ASG-chuyen-san-xuat-xi-lanh-truc-vit.jpg\",\"contentUrl\":\"https:\/\/asg.vn\/wp-content\/uploads\/2023\/03\/cong-ty-ASG-chuyen-san-xuat-xi-lanh-truc-vit.jpg\",\"width\":1920,\"height\":1280,\"caption\":\"cong ty ASG chuyen san xuat xi lanh truc vit\"},{\"@type\":\"BreadcrumbList\",\"@id\":\"https:\/\/asg.vn\/vi\/gioi-thieu-cong-ty\/#breadcrumb\",\"itemListElement\":[{\"@type\":\"ListItem\",\"position\":1,\"name\":\"Home\",\"item\":\"https:\/\/asg.vn\/ja\/\"},{\"@type\":\"ListItem\",\"position\":2,\"name\":\"GI\u1edaI THI\u1ec6U C\u00d4NG TY\"}]},{\"@type\":\"WebSite\",\"@id\":\"https:\/\/asg.vn\/ja\/#website\",\"url\":\"https:\/\/asg.vn\/ja\/\",\"name\":\"C\u00f4ng ty TNHH ASG\",\"description\":\"Th\u00e0nh c\u00f4ng b\u1eb1ng s\u1ef1 t\u1eed t\u1ebf\",\"publisher\":{\"@id\":\"https:\/\/asg.vn\/ja\/#organization\"},\"potentialAction\":[{\"@type\":\"SearchAction\",\"target\":{\"@type\":\"EntryPoint\",\"urlTemplate\":\"https:\/\/asg.vn\/ja\/?s={search_term_string}\"},\"query-input\":\"required name=search_term_string\"}],\"inLanguage\":\"zh-Hans\"},{\"@type\":\"Organization\",\"@id\":\"https:\/\/asg.vn\/ja\/#organization\",\"name\":\"C\u00f4ng ty TNHH ASG\",\"url\":\"https:\/\/asg.vn\/ja\/\",\"logo\":{\"@type\":\"ImageObject\",\"inLanguage\":\"zh-Hans\",\"@id\":\"https:\/\/asg.vn\/ja\/#\/schema\/logo\/image\/\",\"url\":\"https:\/\/asg.vn\/wp-content\/uploads\/2023\/03\/z4110917483185_83f9ec26924715fb77663fd2b8bef540.jpg\",\"contentUrl\":\"https:\/\/asg.vn\/wp-content\/uploads\/2023\/03\/z4110917483185_83f9ec26924715fb77663fd2b8bef540.jpg\",\"width\":1038,\"height\":324,\"caption\":\"C\u00f4ng ty TNHH ASG\"},\"image\":{\"@id\":\"https:\/\/asg.vn\/ja\/#\/schema\/logo\/image\/\"},\"sameAs\":[\"https:\/\/www.facebook.com\/congtyasgvietnam\"]}]}<\/script>\n<!-- \/ Yoast SEO plugin. -->","yoast_head_json":{"title":"GI\u1edaI THI\u1ec6U C\u00d4NG TY - C\u00f4ng ty TNHH ASG","description":"C\u00f4ng ty TNHH K\u1ef9 Thu\u1eadt ASG - chuy\u00ean cung c\u1ea5p xi lanh tr\u1ee5c v\u00edt , khay nh\u1ef1a \u0111\u1ecbnh h\u00ecnh, linh ki\u1ec7n, m\u00e1y m\u00f3c nh\u00e0 m\u00e1y \u0111\u00fac nh\u1ef1a.","robots":{"index":"index","follow":"follow","max-snippet":"max-snippet:-1","max-image-preview":"max-image-preview:large","max-video-preview":"max-video-preview:-1"},"canonical":"https:\/\/asg.vn\/zh\/gioi-thieu-cong-ty\/","og_locale":"zh_CN","og_type":"article","og_title":"GI\u1edaI THI\u1ec6U C\u00d4NG TY - C\u00f4ng ty TNHH ASG","og_description":"C\u00f4ng ty TNHH K\u1ef9 Thu\u1eadt ASG - chuy\u00ean cung c\u1ea5p xi lanh tr\u1ee5c v\u00edt , khay nh\u1ef1a \u0111\u1ecbnh h\u00ecnh, linh ki\u1ec7n, m\u00e1y m\u00f3c nh\u00e0 m\u00e1y \u0111\u00fac nh\u1ef1a.","og_url":"https:\/\/asg.vn\/zh\/gioi-thieu-cong-ty\/","og_site_name":"C\u00f4ng ty TNHH ASG","article_publisher":"https:\/\/www.facebook.com\/congtyasgvietnam","article_modified_time":"2024-12-12T10:33:39+00:00","og_image":[{"width":1920,"height":1280,"url":"https:\/\/asg.vn\/wp-content\/uploads\/2023\/03\/cong-ty-ASG-chuyen-san-xuat-xi-lanh-truc-vit.jpg","type":"image\/jpeg"}],"twitter_card":"summary_large_image","twitter_misc":{"Est. reading time":"8 \u5206"},"schema":{"@context":"https:\/\/schema.org","@graph":[{"@type":"WebPage","@id":"https:\/\/asg.vn\/vi\/gioi-thieu-cong-ty\/","url":"https:\/\/asg.vn\/vi\/gioi-thieu-cong-ty\/","name":"GI\u1edaI THI\u1ec6U C\u00d4NG TY - C\u00f4ng ty TNHH ASG","isPartOf":{"@id":"https:\/\/asg.vn\/ja\/#website"},"primaryImageOfPage":{"@id":"https:\/\/asg.vn\/vi\/gioi-thieu-cong-ty\/#primaryimage"},"image":{"@id":"https:\/\/asg.vn\/vi\/gioi-thieu-cong-ty\/#primaryimage"},"thumbnailUrl":"https:\/\/asg.vn\/wp-content\/uploads\/2023\/03\/cong-ty-ASG-chuyen-san-xuat-xi-lanh-truc-vit.jpg","datePublished":"2020-01-23T18:21:52+00:00","dateModified":"2024-12-12T10:33:39+00:00","description":"C\u00f4ng ty TNHH K\u1ef9 Thu\u1eadt ASG - chuy\u00ean cung c\u1ea5p xi lanh tr\u1ee5c v\u00edt , khay nh\u1ef1a \u0111\u1ecbnh h\u00ecnh, linh ki\u1ec7n, m\u00e1y m\u00f3c nh\u00e0 m\u00e1y \u0111\u00fac nh\u1ef1a.","breadcrumb":{"@id":"https:\/\/asg.vn\/vi\/gioi-thieu-cong-ty\/#breadcrumb"},"inLanguage":"zh-Hans","potentialAction":[{"@type":"ReadAction","target":["https:\/\/asg.vn\/vi\/gioi-thieu-cong-ty\/"]}]},{"@type":"ImageObject","inLanguage":"zh-Hans","@id":"https:\/\/asg.vn\/vi\/gioi-thieu-cong-ty\/#primaryimage","url":"https:\/\/asg.vn\/wp-content\/uploads\/2023\/03\/cong-ty-ASG-chuyen-san-xuat-xi-lanh-truc-vit.jpg","contentUrl":"https:\/\/asg.vn\/wp-content\/uploads\/2023\/03\/cong-ty-ASG-chuyen-san-xuat-xi-lanh-truc-vit.jpg","width":1920,"height":1280,"caption":"cong ty ASG chuyen san xuat xi lanh truc vit"},{"@type":"BreadcrumbList","@id":"https:\/\/asg.vn\/vi\/gioi-thieu-cong-ty\/#breadcrumb","itemListElement":[{"@type":"ListItem","position":1,"name":"Home","item":"https:\/\/asg.vn\/ja\/"},{"@type":"ListItem","position":2,"name":"GI\u1edaI THI\u1ec6U C\u00d4NG TY"}]},{"@type":"WebSite","@id":"https:\/\/asg.vn\/ja\/#website","url":"https:\/\/asg.vn\/ja\/","name":"C\u00f4ng ty TNHH ASG","description":"Th\u00e0nh c\u00f4ng b\u1eb1ng s\u1ef1 t\u1eed t\u1ebf","publisher":{"@id":"https:\/\/asg.vn\/ja\/#organization"},"potentialAction":[{"@type":"SearchAction","target":{"@type":"EntryPoint","urlTemplate":"https:\/\/asg.vn\/ja\/?s={search_term_string}"},"query-input":"required name=search_term_string"}],"inLanguage":"zh-Hans"},{"@type":"Organization","@id":"https:\/\/asg.vn\/ja\/#organization","name":"C\u00f4ng ty TNHH ASG","url":"https:\/\/asg.vn\/ja\/","logo":{"@type":"ImageObject","inLanguage":"zh-Hans","@id":"https:\/\/asg.vn\/ja\/#\/schema\/logo\/image\/","url":"https:\/\/asg.vn\/wp-content\/uploads\/2023\/03\/z4110917483185_83f9ec26924715fb77663fd2b8bef540.jpg","contentUrl":"https:\/\/asg.vn\/wp-content\/uploads\/2023\/03\/z4110917483185_83f9ec26924715fb77663fd2b8bef540.jpg","width":1038,"height":324,"caption":"C\u00f4ng ty TNHH ASG"},"image":{"@id":"https:\/\/asg.vn\/ja\/#\/schema\/logo\/image\/"},"sameAs":["https:\/\/www.facebook.com\/congtyasgvietnam"]}]}},"_links":{"self":[{"href":"https:\/\/asg.vn\/zh\/wp-json\/wp\/v2\/pages\/61"}],"collection":[{"href":"https:\/\/asg.vn\/zh\/wp-json\/wp\/v2\/pages"}],"about":[{"href":"https:\/\/asg.vn\/zh\/wp-json\/wp\/v2\/types\/page"}],"author":[{"embeddable":true,"href":"https:\/\/asg.vn\/zh\/wp-json\/wp\/v2\/users\/24"}],"replies":[{"embeddable":true,"href":"https:\/\/asg.vn\/zh\/wp-json\/wp\/v2\/comments?post=61"}],"version-history":[{"count":151,"href":"https:\/\/asg.vn\/zh\/wp-json\/wp\/v2\/pages\/61\/revisions"}],"predecessor-version":[{"id":4817,"href":"https:\/\/asg.vn\/zh\/wp-json\/wp\/v2\/pages\/61\/revisions\/4817"}],"wp:featuredmedia":[{"embeddable":true,"href":"https:\/\/asg.vn\/zh\/wp-json\/wp\/v2\/media\/1019"}],"wp:attachment":[{"href":"https:\/\/asg.vn\/zh\/wp-json\/wp\/v2\/media?parent=61"}],"curies":[{"name":"wp","href":"https:\/\/api.w.org\/{rel}","templated":true}]}}