{"id":4544,"date":"2024-05-02T15:57:21","date_gmt":"2024-05-02T08:57:21","guid":{"rendered":"https:\/\/asg.vn\/?page_id=4544"},"modified":"2024-05-14T14:42:35","modified_gmt":"2024-05-14T07:42:35","slug":"dau-phun","status":"publish","type":"page","link":"https:\/\/asg.vn\/zh\/dau-phun\/","title":{"rendered":"\u5674\u5634"},"content":{"rendered":"<h2>I. GI\u1edaI THI\u1ec6U NOZZLE M\u00c1Y \u00c9P NH\u1ef0A<\/h2>\n<h2>1. Nozzle m\u00e1y \u00e9p nh\u1ef1a l\u00e0 g\u00ec?<\/h2>\n<p>\u5851\u81a0\u5c04\u51fa\u6a5f\u5674\u5634\uff08Nozzle\uff09\u4ea6\u7a31\u70ba\u5c04\u51fa\u6a5f\u5674\u5634\u3002\u5674\u5634\u8207\u6c23\u7f38\u7d44\u88dd\u6642\u6709\u5169\u7a2e\u5f62\u5f0f\uff0c\u53d6\u6c7a\u65bc\u5404\u6c23\u7f38\u7684\u7d50\u69cb\u8a2d\u8a08\u3002<\/p>\n<p>+ \u76f4\u63a5\u4ee5\u87ba\u6813\u9023\u63a5\u6216\u87ba\u7d0b\u9023\u63a5\u5b89\u88dd\u3002<br \/>\n+ \u9593\u63a5\u5b89\u88dd\u65bc\u63a5\u982d\uff08Nozzle Adapter\uff09\uff0c\u5373\u5674\u5634\u5148\u5b89\u88dd\u65bc Adapter\uff0c\u518d\u7531 Adapter \u5b89\u88dd\u65bc\u6c23\u7f38\u3002<\/p>\n<p>Tham kh\u1ea3o th\u00eam b\u00e0i vi\u1ebft v\u1ec1 <a href=\"https:\/\/asg.vn\/zh\/adapter-cho-may-ep-nhua\/\">Nozzle Adapter<\/a> v\u00e0 <a href=\"https:\/\/asg.vn\/zh\/xi-lanh-may-ep-nhua\/\">Xi lanh m\u00e1y \u00e9p nh\u1ef1a.<\/a><\/p>\n<p><img loading=\"lazy\" decoding=\"async\" class=\"aligncenter\" src=\"https:\/\/asg.vn\/wp-content\/uploads\/2023\/04\/seihin1-26-1.jpg\" sizes=\"(max-width: 1024px) 100vw, 1024px\" srcset=\"https:\/\/asg.vn\/wp-content\/uploads\/2023\/04\/seihin1-26-1.jpg 1024w, https:\/\/asg.vn\/wp-content\/uploads\/2023\/04\/seihin1-26-1-300x243.jpg 300w, https:\/\/asg.vn\/wp-content\/uploads\/2023\/04\/seihin1-26-1-768x622.jpg 768w\" alt=\"nozzle m\u00e1y \u00e9p nh\u1ef1a\" width=\"1024\" height=\"829\" \/><\/p>\n<figure><img decoding=\"async\" class=\"aligncenter\" title=\"nozzle m\u00e1y \u00e9p nh\u1ef1a\" src=\"https:\/\/asg.vn\/wp-content\/uploads\/elementor\/thumbs\/nozzle-123-q4lgpwtewd2zh9mko1x05nz7rxi39lrcsuhrf7yiok.jpg\" alt=\"nozzle m\u00e1y \u00e9p nh\u1ef1a\" \/><figcaption>Nozzle d\u1ea1ng l\u1eafp tr\u1ef1c ti\u1ebfp<\/figcaption><\/figure>\n<figure><img decoding=\"async\" class=\"aligncenter\" title=\"nozzle m\u00e1y \u00e9p nh\u1ef1a\" src=\"https:\/\/asg.vn\/wp-content\/uploads\/elementor\/thumbs\/123456-q4lgqo2qrpr26drt9qcsqo0375hyol4xk351ks0rys.jpg\" alt=\"nozzle m\u00e1y \u00e9p nh\u1ef1a\" \/><figcaption>Nozzle d\u1ea1ng l\u1eafp gi\u00e1n ti\u1ebfp qua Adapter<\/figcaption><\/figure>\n<p>T\u00e1c d\u1ee5ng ch\u00ednh c\u1ee7a Nozzle (\u0111\u1ea7u phun) l\u00e0 d\u1eabn d\u00f2ng nh\u1ef1a n\u00f3ng ch\u1ea3y \u0111i v\u00e0o khu\u00f4n. Nozzle ti\u1ebfp x\u00fac tr\u1ef1c ti\u1ebfp v\u1edbi ph\u1ea7n b\u1eaft \u0111\u1ea7u c\u1ee7a khu\u00f4n.Ngo\u00e0i ra t\u00f9y theo tr\u01b0\u1eddng h\u1ee3p c\u1ee5 th\u1ec3 m\u00e0 c\u00f2n c\u00f3 c\u00e1c th\u00eam t\u00e1c d\u1ee5ng kh\u00e1c nh\u01b0:<\/p>\n<ul style=\"list-style-type: circle;\">\n<li><strong>\u6df7\u6599\u5674\u5634 (Mixing nozzle) <\/strong>\u7576\u88fd\u54c1\u5177\u6709\u984f\u8272\uff08\u975e\u9ed1\u8272\u3001\u767d\u8272\u6216\u900f\u660e\uff09\u6642\uff0c\u5982\u679c\u8272\u6bcd\u7c92\u672a\u8207\u5851\u81a0\u5747\u52fb\u6df7\u5408\uff0c\u6703\u5c0e\u81f4\u7522\u54c1\u984f\u8272\u4e0d\u7a69\u5b9a\u3002\u6df7\u6599\u5674\u5634\u7684\u529f\u80fd\u5373\u70ba\u5c0d\u5851\u81a0\u9032\u884c\u5747\u52fb\u6df7\u5408\u3002 <strong>\u6df7\u6599\u5674\u5634<\/strong> \u6df7\u6599\u5674\u5634\u6703\u4f7f\u5851\u81a0\u7194\u6d41\u5448\u87ba\u65cb\u72c0\u6d41\u52d5\uff0c\u4f7f\u5f69\u8272\u5851\u81a0\u5747\u52fb\u6df7\u5408\uff0c\u63d0\u9ad8\u7522\u54c1\u984f\u8272\u7684\u7a69\u5b9a\u6027\u3002\u70ba\u89e3\u6c7a\u5f69\u8272\u5851\u81a0\u6df7\u5408\u4e0d\u5747\u3001\u984f\u8272\u6591\u99c1\u7684\u554f\u984c\uff0cASG \u63d0\u4f9b\u4e86\u4f7f\u7528\u6df7\u6599\u5674\u5634\u7684\u89e3\u6c7a\u65b9\u6848\u3002\u6df7\u6599\u5674\u5634\u901a\u5e38\u53ef\u5728\u4e0d\u62c6\u5378\u7684\u60c5\u6cc1\u4e0b\u6e05\u6f54\uff0c\u6e05\u6f54\u65b9\u6cd5\u662f\u7528\u65b0\u7684\u805a\u5408\u7269\u6c96\u6d17\u3002\u7531\u65bc\u5674\u5634\u5f62\u72c0\u7d93\u904e\u512a\u5316\uff0c\u6c92\u6709\u6b98\u7559\u6216\u6b7b\u89d2\uff0c\u56e0\u6b64\u50c5\u9700\u5e7e\u500b\u5c04\u51fa\u5faa\u74b0\u5373\u53ef\u5b8c\u5168\u6df7\u5408\u5851\u81a0\u548c\u984f\u8272\u3002\u6b64\u8a2d\u8a08\u6709\u6548\u9632\u6b62\u4e0d\u5fc5\u8981\u7684\u6750\u6599\u6d6a\u8cbb\u53ca\u7e2e\u77ed\u6a5f\u53f0\u6e05\u6f54\u6642\u9593\u3002<\/li>\n<\/ul>\n<p><img loading=\"lazy\" decoding=\"async\" class=\"aligncenter\" src=\"https:\/\/asg.vn\/wp-content\/uploads\/2023\/04\/mixing-nozzle-asg.vn_-300x208.jpg\" alt=\"mixing nozzle asg.vn\" width=\"768\" height=\"533\" \/><\/p>\n<ul style=\"list-style-type: circle;\">\n<li><strong>\u622a\u6b62\u5674\u5634 (Shut-off nozzle)<\/strong>\u622a\u6b62\u5674\u5634\u8207\u666e\u901a\u5674\u5634\u4e0d\u540c\uff0c\u56e0\u70ba\u5b83\u53ef\u4ee5\u5728\u975e\u5c04\u51fa\u6642\u963b\u65b7\u7194\u81a0\u6d41\u52d5\u3002\u5b83\u9069\u7528\u65bc\u4f4e\u9ecf\u5ea6\u3001\u6613\u5f9e\u5674\u5634\u6ef2\u6f0f\u7684\u5851\u81a0\u3002\u6191\u85c9\u591a\u5e74\u8a2d\u8a08\u7d93\u9a57\uff0cASG \u5c07\u70ba\u5ba2\u6236\u63d0\u4f9b\u5efa\u8b70\uff0c\u4e26\u91dd\u5c0d\u6bcf\u7a2e\u5c04\u51fa\u6a5f\u63d0\u51fa\u6700\u512a\u8a2d\u8a08\u3002\u622a\u6b62\u5674\u5634\u5206\u70ba\u5169\u7a2e\u985e\u578b\uff1a\u81ea\u52d5\u8abf\u7bc0\u578b\u548c\u5916\u529b\u8abf\u7bc0\u578b\u3002<br \/>\n1. <em><strong>\u81ea\u52d5\u8abf\u7bc0\u5674\u5634<\/strong><\/em>\u5674\u5634\u91dd\u5728\u5f48\u7c27\u58d3\u529b\u4e0b\u4fdd\u6301\u5674\u5b54\u9589\u5408\u3002\u7576\u5c04\u51fa\u58d3\u529b\u5347\u9ad8\u6642\uff0c\u7194\u81a0\u6703\u53cd\u63a8\u5674\u5634\u91dd\uff0c\u6253\u958b\u5674\u5634\u3002\u7576\u5674\u5634\u5167\u7684\u7194\u81a0\u9054\u5230\u4e00\u5b9a\u58d3\u529b\u6642\uff0c\u5373\u53ef\u6210\u529f\u5c07\u5674\u5634\u91dd\u63a8\u56de\u3002\u56e0\u6b64\uff0c\u8a72\u8a2d\u8a08\u5177\u6709\u4e00\u500b\u6700\u5c0f\u555f\u52d5\u58d3\u529b\uff0c\u4ee5\u514b\u670d\u5f48\u7c27\u7684\u4f5c\u7528\u529b\u3002\u5674\u5634\u6253\u958b\u5f8c\uff0c\u58d3\u529b\u6703\u4e0b\u964d\uff0c\u4e26\u7531\u5f48\u7c27\u4f5c\u7528\u7684\u5674\u5634\u91dd\u91cd\u65b0\u9589\u5408\u5674\u5b54\u3002<br \/>\n2. <strong><em>\u5916\u529b\u8abf\u7bc0\u5674\u5634<\/em><\/strong>\u6b64\u985e\u5674\u5634\u7531\u5916\u529b\u6253\u958b\uff0c\u4e0d\u4f9d\u8cf4\u7194\u81a0\u6d41\u52d5\u58d3\u529b\u3002\u5674\u5634\u7684\u958b\u9589\u7531\u6db2\u58d3\u6216\u6c23\u58d3\u63a7\u5236\u3002\u9019\u985e\u5674\u5634\u6709\u591a\u7a2e\u65b9\u5f0f\u4f86\u95dc\u9589\u7194\u81a0\u6d41\u52d5\u3002\u7531\u65bc\u5176\u904b\u4f5c\u4e0d\u53d7\u7194\u81a0\u58d3\u529b\u5f71\u97ff\uff0c\u56e0\u6b64\u53ef\u7528\u65bc\u591a\u7a2e\u61c9\u7528\uff0c\u5982\u7194\u9ad4\u9810\u58d3\u3001\u7269\u7406\u8207\u5316\u5b78\u767c\u6ce1\uff0c\u4ee5\u53ca\u9ad8\u901f\u5c04\u51fa\u6210\u578b\u3002<\/li>\n<\/ul>\n<p>.<\/p>\n<figure id=\"attachment_4561\" aria-describedby=\"caption-attachment-4561\" style=\"width: 940px\" class=\"wp-caption aligncenter\"><img loading=\"lazy\" decoding=\"async\" class=\"wp-image-4561 size-full\" src=\"https:\/\/asg.vn\/wp-content\/uploads\/2024\/05\/Shutoff-Nozzle.jpg\" alt=\"\" width=\"940\" height=\"572\" srcset=\"https:\/\/asg.vn\/wp-content\/uploads\/2024\/05\/Shutoff-Nozzle.jpg 940w, https:\/\/asg.vn\/wp-content\/uploads\/2024\/05\/Shutoff-Nozzle-768x467.jpg 768w, https:\/\/asg.vn\/wp-content\/uploads\/2024\/05\/Shutoff-Nozzle-18x12.jpg 18w\" sizes=\"(max-width: 940px) 100vw, 940px\" \/><figcaption id=\"caption-attachment-4561\" class=\"wp-caption-text\">C\u00e1c d\u1ea1ng Nozzle kh\u00e1c nhau theo m\u1ee5c \u0111\u00edch<\/figcaption><\/figure>\n<h2>2. C\u1ea5u t\u1ea1o Nozzle m\u00e1y \u00e9p nh\u1ef1a<\/h2>\n<p>T\u00f9y theo h\u00e3ng m\u00e1y v\u00e0 nhu c\u1ea7u s\u1eed d\u1ee5ng m\u00e0 \u0111\u1ea7u phun m\u00e1y \u00e9p nh\u1ef1a l\u1ea1i c\u00f3 c\u00e1c thi\u1ebft k\u1ebf kh\u00e1c nhau, d\u1ea1ng c\u1ea5u t\u1ea1o hay g\u1eb7p s\u1ebd c\u00f3:<\/p>\n<p>\u2022 M\u1ed9t \u0111\u1ea7u ren \u0111\u1ec3 v\u1eb7n v\u00e0o Adapter ho\u1eb7c Xilanh.<br \/>\n\u2022 M\u1ed9t \u0111\u1ea7u c\u00f4n tr\u00f2n \u0111\u1ec3 \u00e1p s\u00e1t v\u00e0o ph\u1ea7n khu\u00f4n.<br \/>\n\u2022 L\u1ed7 d\u1eabn nh\u1ef1a.<br \/>\n\u2022 V\u1ecb tr\u00ed l\u1eafp c\u1ea3m bi\u1ebfn.<br \/>\n\u2022 L\u1ee5c gi\u00e1c \u0111\u1ec3 c\u00f3 th\u1ec3 k\u1eb9p c\u1edd l\u00ea, m\u1ecf l\u1ebft v\u00e0o \u0111\u1ec3 v\u1eb7n.<\/p>\n<p><img loading=\"lazy\" decoding=\"async\" class=\"aligncenter\" src=\"https:\/\/asg.vn\/wp-content\/uploads\/2023\/04\/cau-tao-nozzle-may-ep-nhua.gif\" alt=\"c\u1ea5u t\u1ea1o nozzle m\u00e1y \u00e9p nh\u1ef1a\" width=\"500\" height=\"325\" \/><\/p>\n<h2>3. Ph\u01b0\u01a1ng ph\u00e1p l\u1ef1a ch\u1ecdn v\u1eadt li\u1ec7u ch\u1ebf t\u1ea1o Nozzle<\/h2>\n<p>T\u00f9y thu\u1ed9c v\u00e0o t\u00ecnh tr\u1ea1ng NG m\u00e0 s\u1ea3n ph\u1ea9m \u0111ang g\u1eb7p ph\u1ea3i ho\u1eb7c lo\u1ea1i nh\u1ef1a s\u1eed d\u1ee5ng m\u00e0 l\u1ef1a ch\u1ecdn ph\u01b0\u01a1ng ph\u00e1p ch\u1ebf t\u1ea1o c\u0169ng nh\u01b0 v\u1eadt li\u1ec7u ch\u1ebf t\u1ea1o Nozzle cho m\u00e1y \u00e9p m\u1ed9t c\u00e1ch ph\u00f9 h\u1ee3p.<\/p>\n<p>Th\u00f4ng th\u01b0\u1eddng v\u1eadt li\u1ec7u s\u1ebd \u0111\u01b0\u1ee3c s\u1eed d\u1ee5ng l\u00e0 SKD61, SAMC645, tuy nhi\u00ean v\u1edbi c\u00e1c nh\u1ef1a c\u00f3 c\u1ea5p \u0111\u1ed9 ch\u1ed1ng ch\u00e1y cao (nh\u00f3m free halogen) th\u00ec c\u1ea7n ph\u1ea3i l\u1ef1a ch\u1ecdn c\u00e1c lo\u1ea1i h\u1ee3p kim t\u0103ng c\u01b0\u1eddng th\u00e0nh ph\u1ea7n Crom \u0111\u1ec3 t\u0103ng kh\u1ea3 n\u0103ng ch\u1ed1ng \u0103n m\u00f2n kim lo\u1ea1i.<\/p>\n<p><img loading=\"lazy\" decoding=\"async\" class=\"aligncenter\" src=\"https:\/\/asg.vn\/wp-content\/uploads\/2023\/04\/Plastic-Injection-Molding-Machine-Spring-Shut-off-Nozzle.jpg\" sizes=\"(max-width: 994px) 100vw, 994px\" srcset=\"https:\/\/asg.vn\/wp-content\/uploads\/2023\/04\/Plastic-Injection-Molding-Machine-Spring-Shut-off-Nozzle.jpg 994w, https:\/\/asg.vn\/wp-content\/uploads\/2023\/04\/Plastic-Injection-Molding-Machine-Spring-Shut-off-Nozzle-300x159.jpg 300w, https:\/\/asg.vn\/wp-content\/uploads\/2023\/04\/Plastic-Injection-Molding-Machine-Spring-Shut-off-Nozzle-768x406.jpg 768w\" alt=\"Plastic-Injection-Molding-Machine-Spring-Shut-off-Nozzle\" width=\"994\" height=\"526\" \/><\/p>\n<h2>II. NOZZLE M\u00c1Y \u00c9P NH\u1ef0A C\u00d4NG TY ASG<\/h2>\n<h2>1. Gi\u1edbi thi\u1ec7u<\/h2>\n<ul>\n<li>\u6211\u5011\u53ef\u4f9d\u9700\u6c42\u751f\u7522\u5404\u7a2e\u578b\u865f\u7684\u5851\u81a0\u5c04\u51fa\u6a5f\u5674\u5634\u3002<\/li>\n<li>S\u1ea3n xu\u1ea5t theo y\u00eau c\u1ea7u s\u1eed d\u1ee5ng nh\u01b0: \u0110\u1ea7u phun c\u00f3 ch\u1ee9c n\u0103ng tr\u1ed9n \u2013 Mixing nozzle, \u0110\u1ea7u phun \u0111\u00f3ng ng\u1eaft \u2013 shutter nozzle,&#8230;<\/li>\n<li>K\u00edch th\u01b0\u1edbc<br \/>\n\u76f4\u5f91\u7bc4\u570d\u5f9e <strong>D14mm &#8211;\u00a0 D150mm<\/strong><br \/>\nChi\u1ec1u d\u00e0i t\u1ed1i \u0111a <strong>600mm<\/strong><\/li>\n<li><\/li>\n<\/ul>\n<h2>5. \u7522\u54c1\u4f9b\u61c9\u6d41\u7a0b<\/h2>\n<p><strong>\u6b65\u9a5f\u4e00\uff1a<\/strong> \u8acb\u63d0\u4f9b\u4ee5\u4e0b\u5831\u50f9\u9700\u6c42\u8cc7\u8a0a\uff1a<\/p>\n<ul>\n<li>\u8a2d\u5099\u5b8c\u6574\u578b\u865f\u6216\u9298\u677f\u7167\u7247<\/li>\n<li>\u96f6\u4ef6\u7684\u76f4\u5f91\u8207\u9577\u5ea6\u53c3\u6578\u3002<\/li>\n<li>\u4f7f\u7528\u4e4b\u5851\u81a0\u578b\u865f\u6216\u5851\u81a0\u5305\u88dd\u7167\u7247\uff0c\u7528\u65bc\u9078\u64c7\u5408\u9069\u7684\u6750\u6599\u53ca\u96f6\u4ef6\u88fd\u9020\u88fd\u7a0b\u3002<\/li>\n<\/ul>\n<p><strong>\u6b65\u9a5f\u4e8c\uff1a<\/strong> ASG \u8d8a\u5357\u8aa0\u646f\u70ba\u60a8\u63d0\u4f9b\u6700\u5c08\u696d\u7684\u5831\u50f9\u65b9\u6848\u3002<\/p>\n<p><strong>\u6b65\u9a5f\u4e09\uff1a<\/strong>\u00a0\u5ba2\u6236\u767c\u9001\u6b63\u5f0f\u63a1\u8cfc\u55ae (PO)<\/p>\n<p><strong>\u6b65\u9a5f\u56db\uff1a<\/strong> \u591a\u6578\u60c5\u6cc1\u4e0b\uff0c\u6211\u5011\u5df2\u6709\u73fe\u6210\u7684\u88fd\u9020\u5716\u7d19\uff1b\u82e5\u9047\u7121\u5716\u7d19\u4e4b\u7279\u6b8a\u60c5\u6cc1\uff0c\u6211\u5011\u5c07\u6d3e\u9063\u6280\u8853\u4eba\u54e1\u89aa\u8d74\u8cb4\u53f8\u5de5\u5ee0\u9032\u884c\u5be6\u5730\u6e2c\u91cf\u4e26\u7e6a\u88fd\u5de5\u7a0b\u5716\u3002<\/p>\n<p><strong>\u6b65\u9a5f\u4e94\uff1a<\/strong> \u7522\u54c1\u751f\u7522\u53ca\u54c1\u8cea\u6aa2\u9a57\u4f9d\u64da ISO 9001:2005 \u6a19\u6e96\u9032\u884c\u3002<\/p>\n<p><strong>\u6b65\u9a5f\u516d\uff1a<\/strong> Giao h\u00e0ng v\u00e0 l\u1eafp \u0111\u1eb7t mi\u1ec5n ph\u00ed cho Qu\u00fd kh\u00e1ch h\u00e0ng.<\/p>\n<p><strong>\u6b65\u9a5f\u4e03\uff1a<\/strong> \u6839\u64da\u5408\u7d04\u7d04\u5b9a\u4e4b\u689d\u6b3e\u9032\u884c\u8a02\u55ae\u6b3e\u9805\u652f\u4ed8\u3002<\/p>\n<h2>6. \u4fdd\u56fa\u689d\u6b3e<\/h2>\n<ul>\n<li>T\u1ea5t c\u1ea3 s\u1ea3n ph\u1ea9m c\u1ee7a c\u00f4ng ty ASG Vi\u1ec7t Nam \u0111\u1ec1u b\u1ea3o h\u00e0nh 1 \u0111\u1ed5i 1 trong 12 th\u00e1ng v\u1edbi l\u1ed7i do nh\u00e0 s\u1ea3n xu\u1ea5t.<\/li>\n<li>Ch\u00fang t\u00f4i t\u01b0 v\u1ea5n mi\u1ec5n ph\u00ed 24\/7 c\u00e1c v\u1ea5n \u0111\u1ec1 v\u1ec1 xi lanh tr\u1ee5c v\u00edt m\u00e1y \u00e9p nh\u1ef1a. T\u1ed5 t\u01b0 v\u1ea5n c\u1ee7a ch\u00fang t\u00f4i l\u00e0 c\u00e1c k\u1ef9 s\u01b0 gi\u00e0u kinh nghi\u1ec7m k\u1ebft h\u1ee3p v\u1edbi c\u00e1c tr\u01b0\u1edfng ph\u00f2ng k\u1ef9 thu\u1eadt c\u1ee7a c\u00e1c nh\u00e0 m\u00e1y \u0111\u00fac l\u1edbn.<\/li>\n<li>\u0110o ki\u1ec3m \u0111\u1ecbnh k\u1ef3 cho Qu\u00fd kh\u00e1ch s\u1eed d\u1ee5ng linh ki\u1ec7n c\u1ee7a ASG Vi\u1ec7t Nam.<\/li>\n<\/ul>\n<p><strong>ASG \u87ba\u687f\u6c23\u7f38 <\/strong><strong>\u54c1\u8cea\uff0c\u5efa\u7acb\u4fe1\u4efb<\/strong><\/p>","protected":false},"excerpt":{"rendered":"<p>I. GI\u1edaI THI\u1ec6U NOZZLE M\u00c1Y \u00c9P NH\u1ef0A 1. Nozzle m\u00e1y \u00e9p nh\u1ef1a l\u00e0 g\u00ec? Nozzle cho m\u00e1y \u00e9p nh\u1ef1a hay c\u00f2n c\u00f3 t\u00ean g\u1ecdi l\u00e0 \u0111\u1ea7u phun m\u00e1y \u00e9p nh\u1ef1a.\u0110\u1ea7u l\u1eafp gh\u00e9p v\u1edbi xi lanh c\u00f3 2 d\u1ea1ng t\u00f9y thu\u1ed9c v\u00e0o c\u1ea5u t\u1ea1o t\u1eebng xi lanh. + L\u1eafp tr\u1ef1c ti\u1ebfp b\u1eb1ng m\u1ed1i gh\u00e9p bulong ho\u1eb7c&#8230;<\/p>","protected":false},"author":23,"featured_media":0,"parent":0,"menu_order":0,"comment_status":"closed","ping_status":"closed","template":"","meta":{"inline_featured_image":false,"footnotes":""},"yoast_head":"<!-- This site is optimized with the Yoast SEO plugin v22.5 - https:\/\/yoast.com\/wordpress\/plugins\/seo\/ -->\n<title>\u0110\u1ea7u phun - C\u00f4ng ty TNHH ASG<\/title>\n<meta name=\"robots\" content=\"index, follow, max-snippet:-1, max-image-preview:large, max-video-preview:-1\" \/>\n<link rel=\"canonical\" href=\"https:\/\/asg.vn\/zh\/dau-phun\/\" \/>\n<meta property=\"og:locale\" content=\"zh_CN\" \/>\n<meta property=\"og:type\" content=\"article\" \/>\n<meta property=\"og:title\" content=\"\u0110\u1ea7u phun - C\u00f4ng ty TNHH ASG\" \/>\n<meta property=\"og:description\" content=\"I. GI\u1edaI THI\u1ec6U NOZZLE M\u00c1Y \u00c9P NH\u1ef0A 1. Nozzle m\u00e1y \u00e9p nh\u1ef1a l\u00e0 g\u00ec? Nozzle cho m\u00e1y \u00e9p nh\u1ef1a hay c\u00f2n c\u00f3 t\u00ean g\u1ecdi l\u00e0 \u0111\u1ea7u phun m\u00e1y \u00e9p nh\u1ef1a.\u0110\u1ea7u l\u1eafp gh\u00e9p v\u1edbi xi lanh c\u00f3 2 d\u1ea1ng t\u00f9y thu\u1ed9c v\u00e0o c\u1ea5u t\u1ea1o t\u1eebng xi lanh. + L\u1eafp tr\u1ef1c ti\u1ebfp b\u1eb1ng m\u1ed1i gh\u00e9p bulong ho\u1eb7c...\" \/>\n<meta property=\"og:url\" content=\"https:\/\/asg.vn\/zh\/dau-phun\/\" \/>\n<meta property=\"og:site_name\" content=\"C\u00f4ng ty TNHH ASG\" \/>\n<meta property=\"article:publisher\" content=\"https:\/\/www.facebook.com\/congtyasgvietnam\" \/>\n<meta property=\"article:modified_time\" content=\"2024-05-14T07:42:35+00:00\" \/>\n<meta property=\"og:image\" content=\"https:\/\/asg.vn\/wp-content\/uploads\/2023\/04\/seihin1-26-1.jpg\" \/>\n<meta name=\"twitter:card\" content=\"summary_large_image\" \/>\n<meta name=\"twitter:label1\" content=\"Est. reading time\" \/>\n\t<meta name=\"twitter:data1\" content=\"8 \u5206\" \/>\n<script type=\"application\/ld+json\" class=\"yoast-schema-graph\">{\"@context\":\"https:\/\/schema.org\",\"@graph\":[{\"@type\":\"WebPage\",\"@id\":\"https:\/\/asg.vn\/vi\/dau-phun\/\",\"url\":\"https:\/\/asg.vn\/vi\/dau-phun\/\",\"name\":\"\u0110\u1ea7u phun - C\u00f4ng ty TNHH ASG\",\"isPartOf\":{\"@id\":\"https:\/\/asg.vn\/ja\/#website\"},\"primaryImageOfPage\":{\"@id\":\"https:\/\/asg.vn\/vi\/dau-phun\/#primaryimage\"},\"image\":{\"@id\":\"https:\/\/asg.vn\/vi\/dau-phun\/#primaryimage\"},\"thumbnailUrl\":\"https:\/\/asg.vn\/wp-content\/uploads\/2023\/04\/seihin1-26-1.jpg\",\"datePublished\":\"2024-05-02T08:57:21+00:00\",\"dateModified\":\"2024-05-14T07:42:35+00:00\",\"breadcrumb\":{\"@id\":\"https:\/\/asg.vn\/vi\/dau-phun\/#breadcrumb\"},\"inLanguage\":\"zh-Hans\",\"potentialAction\":[{\"@type\":\"ReadAction\",\"target\":[\"https:\/\/asg.vn\/vi\/dau-phun\/\"]}]},{\"@type\":\"ImageObject\",\"inLanguage\":\"zh-Hans\",\"@id\":\"https:\/\/asg.vn\/vi\/dau-phun\/#primaryimage\",\"url\":\"https:\/\/asg.vn\/wp-content\/uploads\/2023\/04\/seihin1-26-1.jpg\",\"contentUrl\":\"https:\/\/asg.vn\/wp-content\/uploads\/2023\/04\/seihin1-26-1.jpg\"},{\"@type\":\"BreadcrumbList\",\"@id\":\"https:\/\/asg.vn\/vi\/dau-phun\/#breadcrumb\",\"itemListElement\":[{\"@type\":\"ListItem\",\"position\":1,\"name\":\"Home\",\"item\":\"https:\/\/asg.vn\/ja\/\"},{\"@type\":\"ListItem\",\"position\":2,\"name\":\"\u0110\u1ea7u phun\"}]},{\"@type\":\"WebSite\",\"@id\":\"https:\/\/asg.vn\/ja\/#website\",\"url\":\"https:\/\/asg.vn\/ja\/\",\"name\":\"C\u00f4ng ty TNHH ASG\",\"description\":\"Th\u00e0nh c\u00f4ng b\u1eb1ng s\u1ef1 t\u1eed t\u1ebf\",\"publisher\":{\"@id\":\"https:\/\/asg.vn\/ja\/#organization\"},\"potentialAction\":[{\"@type\":\"SearchAction\",\"target\":{\"@type\":\"EntryPoint\",\"urlTemplate\":\"https:\/\/asg.vn\/ja\/?s={search_term_string}\"},\"query-input\":\"required name=search_term_string\"}],\"inLanguage\":\"zh-Hans\"},{\"@type\":\"Organization\",\"@id\":\"https:\/\/asg.vn\/ja\/#organization\",\"name\":\"C\u00f4ng ty TNHH ASG\",\"url\":\"https:\/\/asg.vn\/ja\/\",\"logo\":{\"@type\":\"ImageObject\",\"inLanguage\":\"zh-Hans\",\"@id\":\"https:\/\/asg.vn\/ja\/#\/schema\/logo\/image\/\",\"url\":\"https:\/\/asg.vn\/wp-content\/uploads\/2023\/03\/z4110917483185_83f9ec26924715fb77663fd2b8bef540.jpg\",\"contentUrl\":\"https:\/\/asg.vn\/wp-content\/uploads\/2023\/03\/z4110917483185_83f9ec26924715fb77663fd2b8bef540.jpg\",\"width\":1038,\"height\":324,\"caption\":\"C\u00f4ng ty TNHH ASG\"},\"image\":{\"@id\":\"https:\/\/asg.vn\/ja\/#\/schema\/logo\/image\/\"},\"sameAs\":[\"https:\/\/www.facebook.com\/congtyasgvietnam\"]}]}<\/script>\n<!-- \/ Yoast SEO plugin. -->","yoast_head_json":{"title":"\u0110\u1ea7u phun - C\u00f4ng ty TNHH ASG","robots":{"index":"index","follow":"follow","max-snippet":"max-snippet:-1","max-image-preview":"max-image-preview:large","max-video-preview":"max-video-preview:-1"},"canonical":"https:\/\/asg.vn\/zh\/dau-phun\/","og_locale":"zh_CN","og_type":"article","og_title":"\u0110\u1ea7u phun - C\u00f4ng ty TNHH ASG","og_description":"I. GI\u1edaI THI\u1ec6U NOZZLE M\u00c1Y \u00c9P NH\u1ef0A 1. Nozzle m\u00e1y \u00e9p nh\u1ef1a l\u00e0 g\u00ec? Nozzle cho m\u00e1y \u00e9p nh\u1ef1a hay c\u00f2n c\u00f3 t\u00ean g\u1ecdi l\u00e0 \u0111\u1ea7u phun m\u00e1y \u00e9p nh\u1ef1a.\u0110\u1ea7u l\u1eafp gh\u00e9p v\u1edbi xi lanh c\u00f3 2 d\u1ea1ng t\u00f9y thu\u1ed9c v\u00e0o c\u1ea5u t\u1ea1o t\u1eebng xi lanh. + L\u1eafp tr\u1ef1c ti\u1ebfp b\u1eb1ng m\u1ed1i gh\u00e9p bulong ho\u1eb7c...","og_url":"https:\/\/asg.vn\/zh\/dau-phun\/","og_site_name":"C\u00f4ng ty TNHH ASG","article_publisher":"https:\/\/www.facebook.com\/congtyasgvietnam","article_modified_time":"2024-05-14T07:42:35+00:00","og_image":[{"url":"https:\/\/asg.vn\/wp-content\/uploads\/2023\/04\/seihin1-26-1.jpg"}],"twitter_card":"summary_large_image","twitter_misc":{"Est. reading time":"8 \u5206"},"schema":{"@context":"https:\/\/schema.org","@graph":[{"@type":"WebPage","@id":"https:\/\/asg.vn\/vi\/dau-phun\/","url":"https:\/\/asg.vn\/vi\/dau-phun\/","name":"\u0110\u1ea7u phun - C\u00f4ng ty TNHH ASG","isPartOf":{"@id":"https:\/\/asg.vn\/ja\/#website"},"primaryImageOfPage":{"@id":"https:\/\/asg.vn\/vi\/dau-phun\/#primaryimage"},"image":{"@id":"https:\/\/asg.vn\/vi\/dau-phun\/#primaryimage"},"thumbnailUrl":"https:\/\/asg.vn\/wp-content\/uploads\/2023\/04\/seihin1-26-1.jpg","datePublished":"2024-05-02T08:57:21+00:00","dateModified":"2024-05-14T07:42:35+00:00","breadcrumb":{"@id":"https:\/\/asg.vn\/vi\/dau-phun\/#breadcrumb"},"inLanguage":"zh-Hans","potentialAction":[{"@type":"ReadAction","target":["https:\/\/asg.vn\/vi\/dau-phun\/"]}]},{"@type":"ImageObject","inLanguage":"zh-Hans","@id":"https:\/\/asg.vn\/vi\/dau-phun\/#primaryimage","url":"https:\/\/asg.vn\/wp-content\/uploads\/2023\/04\/seihin1-26-1.jpg","contentUrl":"https:\/\/asg.vn\/wp-content\/uploads\/2023\/04\/seihin1-26-1.jpg"},{"@type":"BreadcrumbList","@id":"https:\/\/asg.vn\/vi\/dau-phun\/#breadcrumb","itemListElement":[{"@type":"ListItem","position":1,"name":"Home","item":"https:\/\/asg.vn\/ja\/"},{"@type":"ListItem","position":2,"name":"\u0110\u1ea7u phun"}]},{"@type":"WebSite","@id":"https:\/\/asg.vn\/ja\/#website","url":"https:\/\/asg.vn\/ja\/","name":"C\u00f4ng ty TNHH ASG","description":"Th\u00e0nh c\u00f4ng b\u1eb1ng s\u1ef1 t\u1eed t\u1ebf","publisher":{"@id":"https:\/\/asg.vn\/ja\/#organization"},"potentialAction":[{"@type":"SearchAction","target":{"@type":"EntryPoint","urlTemplate":"https:\/\/asg.vn\/ja\/?s={search_term_string}"},"query-input":"required name=search_term_string"}],"inLanguage":"zh-Hans"},{"@type":"Organization","@id":"https:\/\/asg.vn\/ja\/#organization","name":"C\u00f4ng ty TNHH ASG","url":"https:\/\/asg.vn\/ja\/","logo":{"@type":"ImageObject","inLanguage":"zh-Hans","@id":"https:\/\/asg.vn\/ja\/#\/schema\/logo\/image\/","url":"https:\/\/asg.vn\/wp-content\/uploads\/2023\/03\/z4110917483185_83f9ec26924715fb77663fd2b8bef540.jpg","contentUrl":"https:\/\/asg.vn\/wp-content\/uploads\/2023\/03\/z4110917483185_83f9ec26924715fb77663fd2b8bef540.jpg","width":1038,"height":324,"caption":"C\u00f4ng ty TNHH ASG"},"image":{"@id":"https:\/\/asg.vn\/ja\/#\/schema\/logo\/image\/"},"sameAs":["https:\/\/www.facebook.com\/congtyasgvietnam"]}]}},"_links":{"self":[{"href":"https:\/\/asg.vn\/zh\/wp-json\/wp\/v2\/pages\/4544"}],"collection":[{"href":"https:\/\/asg.vn\/zh\/wp-json\/wp\/v2\/pages"}],"about":[{"href":"https:\/\/asg.vn\/zh\/wp-json\/wp\/v2\/types\/page"}],"author":[{"embeddable":true,"href":"https:\/\/asg.vn\/zh\/wp-json\/wp\/v2\/users\/23"}],"replies":[{"embeddable":true,"href":"https:\/\/asg.vn\/zh\/wp-json\/wp\/v2\/comments?post=4544"}],"version-history":[{"count":6,"href":"https:\/\/asg.vn\/zh\/wp-json\/wp\/v2\/pages\/4544\/revisions"}],"predecessor-version":[{"id":4578,"href":"https:\/\/asg.vn\/zh\/wp-json\/wp\/v2\/pages\/4544\/revisions\/4578"}],"wp:attachment":[{"href":"https:\/\/asg.vn\/zh\/wp-json\/wp\/v2\/media?parent=4544"}],"curies":[{"name":"wp","href":"https:\/\/api.w.org\/{rel}","templated":true}]}}