{"id":4397,"date":"2024-03-29T16:46:24","date_gmt":"2024-03-29T09:46:24","guid":{"rendered":"https:\/\/asg.vn\/?page_id=4397"},"modified":"2024-05-27T14:00:07","modified_gmt":"2024-05-27T07:00:07","slug":"mang-luoi-khach-hang","status":"publish","type":"page","link":"https:\/\/asg.vn\/zh\/gioi-thieu-cong-ty\/mang-luoi-khach-hang\/","title":{"rendered":"\u5ba2\u6236\u7db2\u7d61"},"content":{"rendered":"<section class=\"section\" id=\"section_1135730130\">\n\t\t<div class=\"bg section-bg fill bg-fill bg-loaded bg-loaded\" >\n\n\t\t\t\n\t\t\t<div class=\"section-bg-overlay absolute fill\"><\/div>\n\t\t\t\n\n\t\t<\/div>\n\n\t\t\n\n\t\t<div class=\"section-content relative\">\n\t\t\t\n<div class=\"row\"  id=\"row-470174171\">\n\n\t<div id=\"col-1903247640\" class=\"col cot34 medium-3 small-12 large-3\"  >\n\t\t<div class=\"is-sticky-column\"><div class=\"is-sticky-column__inner\">\t\t<div class=\"col-inner box-shadow-1\" style=\"background-color:rgb(255, 255, 255);\" >\n\t\t\t\n\t\t\t\n\t<div id=\"text-1204869320\" class=\"text\">\n\t\t\n<ul id=\"menu-cnav-comapny\" class=\"cnavList\">\n<li id=\"menu-item-27601\" class=\"menu-item menu-item-type-post_type menu-item-object-page current-menu-item page_item page-item-238 current_page_item menu-item-27601\"><a href=\"https:\/\/asg.vn\/zh\/gioi-thieu-cong-ty\/\">\u95dc\u65bc\u6211\u5011<\/a><\/li>\n<li id=\"menu-item-31203\" class=\"menu-item menu-item-type-post_type menu-item-object-page menu-item-31203\"><a href=\"https:\/\/asg.vn\/zh\/gioi-thieu-cong-ty\/loi-cua-chu-tich\/\">\u8463\u4e8b\u9577\u7684\u8a71<\/a><\/li>\n<li id=\"menu-item-20630\" class=\"menu-item menu-item-type-post_type menu-item-object-page menu-item-20630\"><a href=\"https:\/\/asg.vn\/zh\/gioi-thieu-cong-ty\/ho-so-cong-ty\/\">\u516c\u53f8\u6982\u6cc1<\/a><\/li>\n<li><a href=\"https:\/\/asg.vn\/zh\/gioi-thieu-cong-ty\/mang-luoi-khach-hang\/\"><b>\u5ba2\u6236\u7db2\u7d61<\/b><\/a><\/li>\n<li id=\"menu-item-20631\" class=\"menu-item menu-item-type-post_type menu-item-object-page menu-item-20631\"><a href=\"https:\/\/asg.vn\/zh\/gioi-thieu-cong-ty\/lich-su-phat-trien\/\">\u767c\u5c55\u6b77\u7a0b<\/a><\/li>\n<li id=\"menu-item-20629\" class=\"menu-item menu-item-type-post_type menu-item-object-page menu-item-20629\"><a href=\"https:\/\/asg.vn\/zh\/gioi-thieu-cong-ty\/tieu-chi-quan-ly\/\">\u7ba1\u7406\u6e96\u5247<\/a><\/li>\n<li id=\"menu-item-30939\" class=\"menu-item menu-item-type-post_type menu-item-object-page menu-item-30939\"><a href=\"https:\/\/asg.vn\/zh\/gioi-thieu-cong-ty\/bai-hat-cong-ty\/\">\u516c\u53f8\u6b4c\u66f2<\/a><\/li>\n<li id=\"menu-item-20632\" class=\"menu-item menu-item-type-post_type menu-item-object-page menu-item-20632\"><a href=\"https:\/\/asg.vn\/zh\/gioi-thieu-cong-ty\/chung-nhan\/\">\u8a8d\u8b49<\/a><\/li>\n<li id=\"menu-item-20634\" class=\"menu-item menu-item-type-post_type menu-item-object-page menu-item-20634\"><a href=\"https:\/\/asg.vn\/zh\/gioi-thieu-cong-ty\/bao-mat-thong-tin\/\">\u8cc7\u8a0a\u5b89\u5168<\/a><\/li>\n<li id=\"menu-item-33098\" class=\"menu-item menu-item-type-post_type menu-item-object-page menu-item-33098\"><a href=\"https:\/\/asg.vn\/zh\/gioi-thieu-cong-ty\/mang-luoi-toan-cau\/\">\u516c\u53f8\u5168\u7403\u7db2\u7d61<\/a><\/li>\n<li id=\"menu-item-33099\" class=\"menu-item menu-item-type-post_type menu-item-object-page menu-item-33099\"><a href=\"https:\/\/asg.vn\/zh\/gioi-thieu-cong-ty\/hoat-dong-moi-truong\/\">\u74b0\u5883\u4fdd\u8b77\u6d3b\u52d5<\/a><\/li>\n<\/ul>\n\t\t\n<style>\n#text-1204869320 {\n  line-height: 2.45;\n}\n<\/style>\n\t<\/div>\n\t\n\t\t<\/div>\n\t\t<\/div><\/div>\t\t\n<style>\n#col-1903247640 > .is-sticky-column > .is-sticky-column__inner > .col-inner {\n  padding: 20px 20px 20px 20px;\n}\n<\/style>\n\t<\/div>\n\n\t\n\n\t<div id=\"col-879403824\" class=\"col medium-9 small-12 large-9\"  >\n\t\t\t\t<div class=\"col-inner\" style=\"background-color:rgb(255, 255, 255);\" >\n\t\t\t\n\t\t\t\n<div class=\"container section-title-container\" ><h2 class=\"section-title section-title-center\"><b><\/b><span class=\"section-title-main\" >\u5ba2\u6236\u7db2\u7d61<\/span><b><\/b><\/h2><\/div>\n<p><em><strong>\u904d\u5e036\u500b\u570b\u5bb6\uff0c\u64c1\u6709\u8d85\u904e150,000\u5bb6\u5ba2\u6236\u3002<\/strong><\/em><\/p>\n<p>\u6211\u5011\u5728\u5168\u74036\u500b\u570b\u5bb6\u9032\u884c\u71df\u904b\u3001\u767c\u5c55\u8207\u5408\u4f5c\uff0c\u4e26\u8207\u591a\u5bb6\u5927\u578b\u4f01\u696d\u5efa\u7acb\u5925\u4f34\u95dc\u4fc2\uff0c\u6db5\u84cb\u65e5\u672c\u3001\u5370\u5c3c\u3001\u6cf0\u570b\u3001\u83f2\u5f8b\u8cd3\u3001\u5bee\u570b\u53ca\u58a8\u897f\u54e5\u3002<\/p>\n\t<div class=\"img has-hover anhtron x md-x lg-x y md-y lg-y\" id=\"image_688403267\">\n\t\t\t\t\t\t\t\t<div class=\"img-inner dark\" >\n\t\t\t<img loading=\"lazy\" decoding=\"async\" width=\"2560\" height=\"2399\" src=\"https:\/\/asg.vn\/wp-content\/uploads\/2024\/05\/Kazuo-V6-Eng-01-scaled.jpg\" class=\"attachment-original size-original\" alt=\"\" srcset=\"https:\/\/asg.vn\/wp-content\/uploads\/2024\/05\/Kazuo-V6-Eng-01-scaled.jpg 2560w, https:\/\/asg.vn\/wp-content\/uploads\/2024\/05\/Kazuo-V6-Eng-01-768x720.jpg 768w, https:\/\/asg.vn\/wp-content\/uploads\/2024\/05\/Kazuo-V6-Eng-01-1536x1439.jpg 1536w, https:\/\/asg.vn\/wp-content\/uploads\/2024\/05\/Kazuo-V6-Eng-01-2048x1919.jpg 2048w, https:\/\/asg.vn\/wp-content\/uploads\/2024\/05\/Kazuo-V6-Eng-01-13x12.jpg 13w\" sizes=\"(max-width: 2560px) 100vw, 2560px\" \/>\t\t\t\t\t\t\n\t\t\t\t\t<\/div>\n\t\t\t\t\t\t\t\t\n<style>\n#image_688403267 {\n  width: 100%;\n}\n<\/style>\n\t<\/div>\n\t\n\t\t<\/div>\n\t\t\t\t\n<style>\n#col-879403824 > .col-inner {\n  padding: 30px 30px 30px 30px;\n  border-radius: 20px;\n}\n<\/style>\n\t<\/div>\n\n\t\n<\/div>\n\t\t<\/div>\n\n\t\t\n<style>\n#section_1135730130 {\n  padding-top: 30px;\n  padding-bottom: 30px;\n}\n#section_1135730130 .section-bg-overlay {\n  background-color: rgba(32, 56, 98, 0.047);\n}\n<\/style>\n\t<\/section>","protected":false},"excerpt":{"rendered":"","protected":false},"author":24,"featured_media":0,"parent":61,"menu_order":0,"comment_status":"closed","ping_status":"closed","template":"page-blank.php","meta":{"inline_featured_image":false,"footnotes":""},"yoast_head":"<!-- This site is optimized with the Yoast SEO plugin v22.5 - https:\/\/yoast.com\/wordpress\/plugins\/seo\/ -->\n<title>M\u1ea1ng l\u01b0\u1edbi kh\u00e1ch h\u00e0ng - C\u00f4ng ty TNHH ASG<\/title>\n<meta name=\"robots\" content=\"index, follow, max-snippet:-1, max-image-preview:large, max-video-preview:-1\" \/>\n<link rel=\"canonical\" href=\"https:\/\/asg.vn\/zh\/gioi-thieu-cong-ty\/mang-luoi-khach-hang\/\" \/>\n<meta property=\"og:locale\" content=\"zh_CN\" \/>\n<meta property=\"og:type\" content=\"article\" \/>\n<meta property=\"og:title\" content=\"M\u1ea1ng l\u01b0\u1edbi kh\u00e1ch h\u00e0ng - C\u00f4ng ty TNHH ASG\" \/>\n<meta property=\"og:url\" content=\"https:\/\/asg.vn\/zh\/gioi-thieu-cong-ty\/mang-luoi-khach-hang\/\" \/>\n<meta property=\"og:site_name\" content=\"C\u00f4ng ty TNHH ASG\" \/>\n<meta property=\"article:publisher\" content=\"https:\/\/www.facebook.com\/congtyasgvietnam\" \/>\n<meta property=\"article:modified_time\" content=\"2024-05-27T07:00:07+00:00\" \/>\n<meta name=\"twitter:card\" content=\"summary_large_image\" \/>\n<meta name=\"twitter:label1\" content=\"Est. reading time\" \/>\n\t<meta name=\"twitter:data1\" content=\"1 \u5206\" \/>\n<script type=\"application\/ld+json\" class=\"yoast-schema-graph\">{\"@context\":\"https:\/\/schema.org\",\"@graph\":[{\"@type\":\"WebPage\",\"@id\":\"https:\/\/asg.vn\/vi\/gioi-thieu-cong-ty\/mang-luoi-khach-hang\/\",\"url\":\"https:\/\/asg.vn\/vi\/gioi-thieu-cong-ty\/mang-luoi-khach-hang\/\",\"name\":\"M\u1ea1ng l\u01b0\u1edbi kh\u00e1ch h\u00e0ng - C\u00f4ng ty TNHH ASG\",\"isPartOf\":{\"@id\":\"https:\/\/asg.vn\/ja\/#website\"},\"datePublished\":\"2024-03-29T09:46:24+00:00\",\"dateModified\":\"2024-05-27T07:00:07+00:00\",\"breadcrumb\":{\"@id\":\"https:\/\/asg.vn\/vi\/gioi-thieu-cong-ty\/mang-luoi-khach-hang\/#breadcrumb\"},\"inLanguage\":\"zh-Hans\",\"potentialAction\":[{\"@type\":\"ReadAction\",\"target\":[\"https:\/\/asg.vn\/vi\/gioi-thieu-cong-ty\/mang-luoi-khach-hang\/\"]}]},{\"@type\":\"BreadcrumbList\",\"@id\":\"https:\/\/asg.vn\/vi\/gioi-thieu-cong-ty\/mang-luoi-khach-hang\/#breadcrumb\",\"itemListElement\":[{\"@type\":\"ListItem\",\"position\":1,\"name\":\"Home\",\"item\":\"https:\/\/asg.vn\/ja\/\"},{\"@type\":\"ListItem\",\"position\":2,\"name\":\"GI\u1edaI THI\u1ec6U C\u00d4NG TY\",\"item\":\"https:\/\/asg.vn\/vi\/gioi-thieu-cong-ty\/\"},{\"@type\":\"ListItem\",\"position\":3,\"name\":\"M\u1ea1ng l\u01b0\u1edbi kh\u00e1ch h\u00e0ng\"}]},{\"@type\":\"WebSite\",\"@id\":\"https:\/\/asg.vn\/ja\/#website\",\"url\":\"https:\/\/asg.vn\/ja\/\",\"name\":\"C\u00f4ng ty TNHH ASG\",\"description\":\"Th\u00e0nh c\u00f4ng b\u1eb1ng s\u1ef1 t\u1eed t\u1ebf\",\"publisher\":{\"@id\":\"https:\/\/asg.vn\/ja\/#organization\"},\"potentialAction\":[{\"@type\":\"SearchAction\",\"target\":{\"@type\":\"EntryPoint\",\"urlTemplate\":\"https:\/\/asg.vn\/ja\/?s={search_term_string}\"},\"query-input\":\"required name=search_term_string\"}],\"inLanguage\":\"zh-Hans\"},{\"@type\":\"Organization\",\"@id\":\"https:\/\/asg.vn\/ja\/#organization\",\"name\":\"C\u00f4ng ty TNHH ASG\",\"url\":\"https:\/\/asg.vn\/ja\/\",\"logo\":{\"@type\":\"ImageObject\",\"inLanguage\":\"zh-Hans\",\"@id\":\"https:\/\/asg.vn\/ja\/#\/schema\/logo\/image\/\",\"url\":\"https:\/\/asg.vn\/wp-content\/uploads\/2023\/03\/z4110917483185_83f9ec26924715fb77663fd2b8bef540.jpg\",\"contentUrl\":\"https:\/\/asg.vn\/wp-content\/uploads\/2023\/03\/z4110917483185_83f9ec26924715fb77663fd2b8bef540.jpg\",\"width\":1038,\"height\":324,\"caption\":\"C\u00f4ng ty TNHH ASG\"},\"image\":{\"@id\":\"https:\/\/asg.vn\/ja\/#\/schema\/logo\/image\/\"},\"sameAs\":[\"https:\/\/www.facebook.com\/congtyasgvietnam\"]}]}<\/script>\n<!-- \/ Yoast SEO plugin. -->","yoast_head_json":{"title":"M\u1ea1ng l\u01b0\u1edbi kh\u00e1ch h\u00e0ng - C\u00f4ng ty TNHH ASG","robots":{"index":"index","follow":"follow","max-snippet":"max-snippet:-1","max-image-preview":"max-image-preview:large","max-video-preview":"max-video-preview:-1"},"canonical":"https:\/\/asg.vn\/zh\/gioi-thieu-cong-ty\/mang-luoi-khach-hang\/","og_locale":"zh_CN","og_type":"article","og_title":"M\u1ea1ng l\u01b0\u1edbi kh\u00e1ch h\u00e0ng - C\u00f4ng ty TNHH ASG","og_url":"https:\/\/asg.vn\/zh\/gioi-thieu-cong-ty\/mang-luoi-khach-hang\/","og_site_name":"C\u00f4ng ty TNHH ASG","article_publisher":"https:\/\/www.facebook.com\/congtyasgvietnam","article_modified_time":"2024-05-27T07:00:07+00:00","twitter_card":"summary_large_image","twitter_misc":{"Est. reading time":"1 \u5206"},"schema":{"@context":"https:\/\/schema.org","@graph":[{"@type":"WebPage","@id":"https:\/\/asg.vn\/vi\/gioi-thieu-cong-ty\/mang-luoi-khach-hang\/","url":"https:\/\/asg.vn\/vi\/gioi-thieu-cong-ty\/mang-luoi-khach-hang\/","name":"M\u1ea1ng l\u01b0\u1edbi kh\u00e1ch h\u00e0ng - C\u00f4ng ty TNHH ASG","isPartOf":{"@id":"https:\/\/asg.vn\/ja\/#website"},"datePublished":"2024-03-29T09:46:24+00:00","dateModified":"2024-05-27T07:00:07+00:00","breadcrumb":{"@id":"https:\/\/asg.vn\/vi\/gioi-thieu-cong-ty\/mang-luoi-khach-hang\/#breadcrumb"},"inLanguage":"zh-Hans","potentialAction":[{"@type":"ReadAction","target":["https:\/\/asg.vn\/vi\/gioi-thieu-cong-ty\/mang-luoi-khach-hang\/"]}]},{"@type":"BreadcrumbList","@id":"https:\/\/asg.vn\/vi\/gioi-thieu-cong-ty\/mang-luoi-khach-hang\/#breadcrumb","itemListElement":[{"@type":"ListItem","position":1,"name":"Home","item":"https:\/\/asg.vn\/ja\/"},{"@type":"ListItem","position":2,"name":"GI\u1edaI THI\u1ec6U C\u00d4NG TY","item":"https:\/\/asg.vn\/vi\/gioi-thieu-cong-ty\/"},{"@type":"ListItem","position":3,"name":"M\u1ea1ng l\u01b0\u1edbi kh\u00e1ch h\u00e0ng"}]},{"@type":"WebSite","@id":"https:\/\/asg.vn\/ja\/#website","url":"https:\/\/asg.vn\/ja\/","name":"C\u00f4ng ty TNHH ASG","description":"Th\u00e0nh c\u00f4ng b\u1eb1ng s\u1ef1 t\u1eed t\u1ebf","publisher":{"@id":"https:\/\/asg.vn\/ja\/#organization"},"potentialAction":[{"@type":"SearchAction","target":{"@type":"EntryPoint","urlTemplate":"https:\/\/asg.vn\/ja\/?s={search_term_string}"},"query-input":"required name=search_term_string"}],"inLanguage":"zh-Hans"},{"@type":"Organization","@id":"https:\/\/asg.vn\/ja\/#organization","name":"C\u00f4ng ty TNHH ASG","url":"https:\/\/asg.vn\/ja\/","logo":{"@type":"ImageObject","inLanguage":"zh-Hans","@id":"https:\/\/asg.vn\/ja\/#\/schema\/logo\/image\/","url":"https:\/\/asg.vn\/wp-content\/uploads\/2023\/03\/z4110917483185_83f9ec26924715fb77663fd2b8bef540.jpg","contentUrl":"https:\/\/asg.vn\/wp-content\/uploads\/2023\/03\/z4110917483185_83f9ec26924715fb77663fd2b8bef540.jpg","width":1038,"height":324,"caption":"C\u00f4ng ty TNHH ASG"},"image":{"@id":"https:\/\/asg.vn\/ja\/#\/schema\/logo\/image\/"},"sameAs":["https:\/\/www.facebook.com\/congtyasgvietnam"]}]}},"_links":{"self":[{"href":"https:\/\/asg.vn\/zh\/wp-json\/wp\/v2\/pages\/4397"}],"collection":[{"href":"https:\/\/asg.vn\/zh\/wp-json\/wp\/v2\/pages"}],"about":[{"href":"https:\/\/asg.vn\/zh\/wp-json\/wp\/v2\/types\/page"}],"author":[{"embeddable":true,"href":"https:\/\/asg.vn\/zh\/wp-json\/wp\/v2\/users\/24"}],"replies":[{"embeddable":true,"href":"https:\/\/asg.vn\/zh\/wp-json\/wp\/v2\/comments?post=4397"}],"version-history":[{"count":10,"href":"https:\/\/asg.vn\/zh\/wp-json\/wp\/v2\/pages\/4397\/revisions"}],"predecessor-version":[{"id":4679,"href":"https:\/\/asg.vn\/zh\/wp-json\/wp\/v2\/pages\/4397\/revisions\/4679"}],"up":[{"embeddable":true,"href":"https:\/\/asg.vn\/zh\/wp-json\/wp\/v2\/pages\/61"}],"wp:attachment":[{"href":"https:\/\/asg.vn\/zh\/wp-json\/wp\/v2\/media?parent=4397"}],"curies":[{"name":"wp","href":"https:\/\/api.w.org\/{rel}","templated":true}]}}