{"id":4080,"date":"2024-03-09T13:16:10","date_gmt":"2024-03-09T06:16:10","guid":{"rendered":"https:\/\/asg.vn\/?page_id=4080"},"modified":"2024-03-29T17:00:17","modified_gmt":"2024-03-29T10:00:17","slug":"hoat-dong-moi-truong","status":"publish","type":"page","link":"https:\/\/asg.vn\/zh\/gioi-thieu-cong-ty\/hoat-dong-moi-truong\/","title":{"rendered":"\u74b0\u5883\u4fdd\u8b77\u6d3b\u52d5"},"content":{"rendered":"<section class=\"section\" id=\"section_1340587483\">\n\t\t<div class=\"bg section-bg fill bg-fill bg-loaded bg-loaded\" >\n\n\t\t\t\n\t\t\t<div class=\"section-bg-overlay absolute fill\"><\/div>\n\t\t\t\n\n\t\t<\/div>\n\n\t\t\n\n\t\t<div class=\"section-content relative\">\n\t\t\t\n<div class=\"row\"  id=\"row-1487422491\">\n\n\t<div id=\"col-2054846955\" class=\"col cot34 medium-3 small-12 large-3\"  >\n\t\t<div class=\"is-sticky-column\"><div class=\"is-sticky-column__inner\">\t\t<div class=\"col-inner box-shadow-1\" style=\"background-color:rgb(255, 255, 255);\" >\n\t\t\t\n\t\t\t\n\t<div id=\"text-124286216\" class=\"text\">\n\t\t\n<ul id=\"menu-cnav-comapny\" class=\"cnavList\">\n<li id=\"menu-item-27601\" class=\"menu-item menu-item-type-post_type menu-item-object-page current-menu-item page_item page-item-238 current_page_item menu-item-27601\"><a href=\"https:\/\/asg.vn\/zh\/gioi-thieu-cong-ty\/\">\u95dc\u65bc\u6211\u5011<\/a><\/li>\n<li id=\"menu-item-31203\" class=\"menu-item menu-item-type-post_type menu-item-object-page menu-item-31203\"><a href=\"https:\/\/asg.vn\/zh\/gioi-thieu-cong-ty\/loi-cua-chu-tich\/\">\u8463\u4e8b\u9577\u7684\u8a71<\/a><\/li>\n<li id=\"menu-item-20630\" class=\"menu-item menu-item-type-post_type menu-item-object-page menu-item-20630\"><a href=\"https:\/\/asg.vn\/zh\/gioi-thieu-cong-ty\/ho-so-cong-ty\/\">\u516c\u53f8\u6982\u6cc1<\/a><\/li>\n<li><a href=\"https:\/\/asg.vn\/zh\/gioi-thieu-cong-ty\/mang-luoi-khach-hang\/\">\u5ba2\u6236\u7db2\u7d61<\/a><\/li>\n<li id=\"menu-item-20631\" class=\"menu-item menu-item-type-post_type menu-item-object-page menu-item-20631\"><a href=\"https:\/\/asg.vn\/zh\/gioi-thieu-cong-ty\/lich-su-phat-trien\/\">\u767c\u5c55\u6b77\u7a0b<\/a><\/li>\n<li id=\"menu-item-20629\" class=\"menu-item menu-item-type-post_type menu-item-object-page menu-item-20629\"><a href=\"https:\/\/asg.vn\/zh\/gioi-thieu-cong-ty\/tieu-chi-quan-ly\/\">\u7ba1\u7406\u6e96\u5247<\/a><\/li>\n<li id=\"menu-item-30939\" class=\"menu-item menu-item-type-post_type menu-item-object-page menu-item-30939\"><a href=\"https:\/\/asg.vn\/zh\/gioi-thieu-cong-ty\/bai-hat-cong-ty\/\">\u516c\u53f8\u6b4c\u66f2<\/a><\/li>\n<li id=\"menu-item-20632\" class=\"menu-item menu-item-type-post_type menu-item-object-page menu-item-20632\"><a href=\"https:\/\/asg.vn\/zh\/gioi-thieu-cong-ty\/chung-nhan\/\">\u8a8d\u8b49<\/a><\/li>\n<li id=\"menu-item-20634\" class=\"menu-item menu-item-type-post_type menu-item-object-page menu-item-20634\"><a href=\"https:\/\/asg.vn\/zh\/gioi-thieu-cong-ty\/bao-mat-thong-tin\/\">\u8cc7\u8a0a\u5b89\u5168<\/a><\/li>\n<li id=\"menu-item-33098\" class=\"menu-item menu-item-type-post_type menu-item-object-page menu-item-33098\"><a href=\"https:\/\/asg.vn\/zh\/gioi-thieu-cong-ty\/mang-luoi-toan-cau\/\">\u516c\u53f8\u5168\u7403\u7db2\u7d61<\/a><\/li>\n<li id=\"menu-item-33099\" class=\"menu-item menu-item-type-post_type menu-item-object-page menu-item-33099\"><strong><a href=\"https:\/\/asg.vn\/zh\/gioi-thieu-cong-ty\/hoat-dong-moi-truong\/\">\u74b0\u5883\u4fdd\u8b77\u6d3b\u52d5<\/a><\/strong><\/li>\n<\/ul>\n\t\t\n<style>\n#text-124286216 {\n  line-height: 2.45;\n}\n<\/style>\n\t<\/div>\n\t\n\t\t<\/div>\n\t\t<\/div><\/div>\t\t\n<style>\n#col-2054846955 > .is-sticky-column > .is-sticky-column__inner > .col-inner {\n  padding: 20px 20px 20px 20px;\n}\n<\/style>\n\t<\/div>\n\n\t\n\n\t<div id=\"col-409217024\" class=\"col medium-9 small-12 large-9\"  >\n\t\t\t\t<div class=\"col-inner\" style=\"background-color:rgb(255, 255, 255);\" >\n\t\t\t\n\t\t\t\n<div class=\"container section-title-container\" ><h2 class=\"section-title section-title-center\"><b><\/b><span class=\"section-title-main\" >\u74b0\u5883\u4fdd\u8b77\u6d3b\u52d5<\/span><b><\/b><\/h2><\/div>\n<header class=\"c-section-header\">\n<div lang=\"ja\">\n<h2 class=\"c-section-article__head\">Tri\u1ebft l\u00fd c\u01a1 b\u1ea3n<\/h2>\n<\/div>\n<\/header>\n<div class=\"c-section-contents\">\n<article class=\"c-section-article\">\n<div class=\"c-section-article__body\">\n<p>C\u00f4ng ty ASG t\u1ef1 \u00fd th\u1ee9c m\u00ecnh l\u00e0 m\u1ed9t trong nh\u1eefng c\u00f4ng ty \u0111\u00f3ng vai tr\u00f2 quan tr\u1ecdng trong x\u00e3 h\u1ed9i n\u00ean vi\u1ec7c s\u1ea3n xu\u1ea5t lu\u00f4n ph\u1ea3i \u0111i \u0111\u00f4i v\u1edbi b\u1ea3o v\u1ec7 m\u00f4i tr\u01b0\u1eddng, ch\u00fang t\u00f4i lu\u00f4n duy tr\u00ec ho\u1ea1t \u0111\u1ed9ng kinh doanh s\u1ea3n xu\u1ea5t v\u1edbi ti\u00eau ch\u00ed th\u00e2n thi\u1ec7n v\u1edbi m\u00f4i tr\u01b0\u1eddng \u0111\u1ec3 ch\u00fang ta c\u00f3 \u0111\u01b0\u1ee3c m\u00f4i tr\u01b0\u1eddng kh\u00f4ng kh\u00ed t\u1ed1t nh\u1ea5t.<\/p>\n<\/div>\n<\/article>\n<article class=\"c-section-article\">\n<h2 class=\"c-section-article__head\">Ch\u00ednh s\u00e1ch m\u00f4i tr\u01b0\u1eddng<\/h2>\n<div class=\"c-section-article__body\">\n<p>C\u00f4ng ty x\u00e2y d\u1ef1ng, duy tr\u00ec v\u00e0 li\u00ean t\u1ee5c c\u1ea3i thi\u1ec7n h\u1ec7 th\u1ed1ng qu\u1ea3n l\u00fd m\u00f4i tr\u01b0\u1eddng trong ho\u1ea1t \u0111\u1ed9ng s\u1ea3n xu\u1ea5t c\u1ee7a m\u00ecnh v\u00e0 ng\u0103n ng\u1eeba \u00f4 nhi\u1ec5m m\u00f4i tr\u01b0\u1eddng.<\/p>\n<ol class=\"c-ordered-list\">\n<li class=\"c-ordered-list__item\">\n<p>Th\u00fac \u0111\u1ea9y ho\u1ea1t \u0111\u1ed9ng t\u00e1i ch\u1ebf: Th\u00fac \u0111\u1ea9y l\u01b0u th\u00f4ng tu\u1ea7n ho\u00e0n c\u00e1c v\u1eadt li\u1ec7u s\u1eed d\u1ee5ng cho s\u1ea3n xu\u1ea5t, gi\u1ea3m g\u00e1nh n\u1eb7ng \u00f4 nhi\u1ec5m m\u00f4i tr\u01b0\u1eddng.<\/p>\n<\/li>\n<li class=\"c-ordered-list__item\">\n<p>Gi\u1ea3m thi\u1ec3u vi\u1ec7c x\u1ea3 th\u1ea3i ch\u1ea5t th\u1ea3i nguy h\u1ea1i: Ch\u00fang t\u00f4i s\u1ea3n xu\u1ea5t s\u1ea3n ph\u1ea9m v\u1edbi n\u0103ng su\u1ea5t cao, \u00edt ch\u1ea5t th\u1ea3i v\u00e0 s\u1ea3n ph\u1ea9m ph\u1ee5 kh\u00f4ng c\u1ea7n thi\u1ebft.<\/p>\n<\/li>\n<li class=\"c-ordered-list__item\">\n<p>Ti\u1ebft ki\u1ec7m t\u00e0i nguy\u00ean: Gi\u1ea3m t\u1ed1i \u0111a t\u00e0i nguy\u00ean \u0111\u1ea7u v\u00e0o, th\u1ef1c hi\u1ec7n vi\u1ec7c t\u00e1i ch\u1ebf c\u00e0ng nhi\u1ec1u c\u00e0ng t\u1ed1t ngay c\u1ea3 trong c\u00e1c ho\u1ea1t \u0111\u1ed9ng kinh doanh c\u1ee7a m\u00ecnh.<\/p>\n<\/li>\n<li class=\"c-ordered-list__item\">\n<p>Ti\u1ebft ki\u1ec7m n\u0103ng l\u01b0\u1ee3ng: Ch\u00fang t\u00f4i ph\u1ea5n \u0111\u1ea5u lo\u1ea1i b\u1ecf ti\u00eau th\u1ee5 \u0111i\u1ec7n, gas v\u00e0 n\u01b0\u1edbc tr\u00ean m\u1ee9c c\u1ea7n thi\u1ebft.<\/p>\n<\/li>\n<li class=\"c-ordered-list__item\">\n<p>Mua h\u00e0ng xanh: V\u1ec1 trang thi\u1ebft b\u1ecb, nguy\u00ean v\u1eadt li\u1ec7u d\u00f9ng trong ho\u1ea1t \u0111\u1ed9ng kinh doanh, ch\u00fang t\u00f4i n\u1ed7 l\u1ef1c mua c\u00e1c s\u1ea3n ph\u1ea9m \u00edt g\u00e2y \u00f4 nhi\u1ec5m m\u00f4i tr\u01b0\u1eddng, v\u00ed d\u1ee5 nh\u01b0 c\u00e1c s\u1ea3n ph\u1ea9m t\u00e1i ch\u1ebf.<\/p>\n<\/li>\n<li class=\"c-ordered-list__item\">\n<p>Tu\u00e2n th\u1ee7 lu\u1eadt ph\u00e1p li\u00ean quan \u0111\u1ebfn m\u00f4i tr\u01b0\u1eddng: Ch\u00fang t\u00f4i tu\u00e2n th\u1ee7 c\u00e1c quy \u0111\u1ecbnh lu\u1eadt ph\u00e1p\/ c\u00e1c ngh\u1ecb \u0111\u1ecbnh\/ c\u00e1c \u0111i\u1ec1u kho\u1ea3n y\u00eau c\u1ea7u kh\u00e1c c\u1ee7a nh\u00e0 n\u01b0\u1edbc v\u00e0 ch\u00ednh quy\u1ec1n \u0111\u1ecba ph\u01b0\u01a1ng li\u00ean quan \u0111\u1ebfn m\u00f4i tr\u01b0\u1eddng, n\u1ed7 l\u1ef1c ng\u0103n ch\u1eb7n \u00f4 nhi\u1ec5m m\u00f4i tr\u01b0\u1eddng.<\/p>\n<\/li>\n<\/ol>\n<\/div>\n<\/article>\n<\/div>\n\t\t<\/div>\n\t\t\t\t\n<style>\n#col-409217024 > .col-inner {\n  padding: 30px 30px 30px 30px;\n  border-radius: 20px;\n}\n<\/style>\n\t<\/div>\n\n\t\n<\/div>\n\t\t<\/div>\n\n\t\t\n<style>\n#section_1340587483 {\n  padding-top: 30px;\n  padding-bottom: 30px;\n}\n#section_1340587483 .section-bg-overlay {\n  background-color: rgba(32, 56, 98, 0.047);\n}\n<\/style>\n\t<\/section>","protected":false},"excerpt":{"rendered":"","protected":false},"author":24,"featured_media":0,"parent":61,"menu_order":0,"comment_status":"closed","ping_status":"closed","template":"page-blank.php","meta":{"inline_featured_image":false,"footnotes":""},"yoast_head":"<!-- This site is optimized with the Yoast SEO plugin v22.5 - https:\/\/yoast.com\/wordpress\/plugins\/seo\/ -->\n<title>Ho\u1ea1t \u0111\u1ed9ng m\u00f4i tr\u01b0\u1eddng - C\u00f4ng ty TNHH ASG<\/title>\n<meta name=\"robots\" content=\"index, follow, max-snippet:-1, max-image-preview:large, max-video-preview:-1\" \/>\n<link rel=\"canonical\" href=\"https:\/\/asg.vn\/zh\/gioi-thieu-cong-ty\/hoat-dong-moi-truong\/\" \/>\n<meta property=\"og:locale\" content=\"zh_CN\" \/>\n<meta property=\"og:type\" content=\"article\" \/>\n<meta property=\"og:title\" content=\"Ho\u1ea1t \u0111\u1ed9ng m\u00f4i tr\u01b0\u1eddng - C\u00f4ng ty TNHH ASG\" \/>\n<meta property=\"og:url\" content=\"https:\/\/asg.vn\/zh\/gioi-thieu-cong-ty\/hoat-dong-moi-truong\/\" \/>\n<meta property=\"og:site_name\" content=\"C\u00f4ng ty TNHH ASG\" \/>\n<meta property=\"article:publisher\" content=\"https:\/\/www.facebook.com\/congtyasgvietnam\" \/>\n<meta property=\"article:modified_time\" content=\"2024-03-29T10:00:17+00:00\" \/>\n<meta name=\"twitter:card\" content=\"summary_large_image\" \/>\n<script type=\"application\/ld+json\" class=\"yoast-schema-graph\">{\"@context\":\"https:\/\/schema.org\",\"@graph\":[{\"@type\":\"WebPage\",\"@id\":\"https:\/\/asg.vn\/vi\/gioi-thieu-cong-ty\/hoat-dong-moi-truong\/\",\"url\":\"https:\/\/asg.vn\/vi\/gioi-thieu-cong-ty\/hoat-dong-moi-truong\/\",\"name\":\"Ho\u1ea1t \u0111\u1ed9ng m\u00f4i tr\u01b0\u1eddng - C\u00f4ng ty TNHH ASG\",\"isPartOf\":{\"@id\":\"https:\/\/asg.vn\/ja\/#website\"},\"datePublished\":\"2024-03-09T06:16:10+00:00\",\"dateModified\":\"2024-03-29T10:00:17+00:00\",\"breadcrumb\":{\"@id\":\"https:\/\/asg.vn\/vi\/gioi-thieu-cong-ty\/hoat-dong-moi-truong\/#breadcrumb\"},\"inLanguage\":\"zh-Hans\",\"potentialAction\":[{\"@type\":\"ReadAction\",\"target\":[\"https:\/\/asg.vn\/vi\/gioi-thieu-cong-ty\/hoat-dong-moi-truong\/\"]}]},{\"@type\":\"BreadcrumbList\",\"@id\":\"https:\/\/asg.vn\/vi\/gioi-thieu-cong-ty\/hoat-dong-moi-truong\/#breadcrumb\",\"itemListElement\":[{\"@type\":\"ListItem\",\"position\":1,\"name\":\"Home\",\"item\":\"https:\/\/asg.vn\/ja\/\"},{\"@type\":\"ListItem\",\"position\":2,\"name\":\"GI\u1edaI THI\u1ec6U C\u00d4NG TY\",\"item\":\"https:\/\/asg.vn\/vi\/gioi-thieu-cong-ty\/\"},{\"@type\":\"ListItem\",\"position\":3,\"name\":\"Ho\u1ea1t \u0111\u1ed9ng m\u00f4i tr\u01b0\u1eddng\"}]},{\"@type\":\"WebSite\",\"@id\":\"https:\/\/asg.vn\/ja\/#website\",\"url\":\"https:\/\/asg.vn\/ja\/\",\"name\":\"C\u00f4ng ty TNHH ASG\",\"description\":\"Th\u00e0nh c\u00f4ng b\u1eb1ng s\u1ef1 t\u1eed t\u1ebf\",\"publisher\":{\"@id\":\"https:\/\/asg.vn\/ja\/#organization\"},\"potentialAction\":[{\"@type\":\"SearchAction\",\"target\":{\"@type\":\"EntryPoint\",\"urlTemplate\":\"https:\/\/asg.vn\/ja\/?s={search_term_string}\"},\"query-input\":\"required name=search_term_string\"}],\"inLanguage\":\"zh-Hans\"},{\"@type\":\"Organization\",\"@id\":\"https:\/\/asg.vn\/ja\/#organization\",\"name\":\"C\u00f4ng ty TNHH ASG\",\"url\":\"https:\/\/asg.vn\/ja\/\",\"logo\":{\"@type\":\"ImageObject\",\"inLanguage\":\"zh-Hans\",\"@id\":\"https:\/\/asg.vn\/ja\/#\/schema\/logo\/image\/\",\"url\":\"https:\/\/asg.vn\/wp-content\/uploads\/2023\/03\/z4110917483185_83f9ec26924715fb77663fd2b8bef540.jpg\",\"contentUrl\":\"https:\/\/asg.vn\/wp-content\/uploads\/2023\/03\/z4110917483185_83f9ec26924715fb77663fd2b8bef540.jpg\",\"width\":1038,\"height\":324,\"caption\":\"C\u00f4ng ty TNHH ASG\"},\"image\":{\"@id\":\"https:\/\/asg.vn\/ja\/#\/schema\/logo\/image\/\"},\"sameAs\":[\"https:\/\/www.facebook.com\/congtyasgvietnam\"]}]}<\/script>\n<!-- \/ Yoast SEO plugin. -->","yoast_head_json":{"title":"Ho\u1ea1t \u0111\u1ed9ng m\u00f4i tr\u01b0\u1eddng - C\u00f4ng ty TNHH ASG","robots":{"index":"index","follow":"follow","max-snippet":"max-snippet:-1","max-image-preview":"max-image-preview:large","max-video-preview":"max-video-preview:-1"},"canonical":"https:\/\/asg.vn\/zh\/gioi-thieu-cong-ty\/hoat-dong-moi-truong\/","og_locale":"zh_CN","og_type":"article","og_title":"Ho\u1ea1t \u0111\u1ed9ng m\u00f4i tr\u01b0\u1eddng - C\u00f4ng ty TNHH ASG","og_url":"https:\/\/asg.vn\/zh\/gioi-thieu-cong-ty\/hoat-dong-moi-truong\/","og_site_name":"C\u00f4ng ty TNHH ASG","article_publisher":"https:\/\/www.facebook.com\/congtyasgvietnam","article_modified_time":"2024-03-29T10:00:17+00:00","twitter_card":"summary_large_image","schema":{"@context":"https:\/\/schema.org","@graph":[{"@type":"WebPage","@id":"https:\/\/asg.vn\/vi\/gioi-thieu-cong-ty\/hoat-dong-moi-truong\/","url":"https:\/\/asg.vn\/vi\/gioi-thieu-cong-ty\/hoat-dong-moi-truong\/","name":"Ho\u1ea1t \u0111\u1ed9ng m\u00f4i tr\u01b0\u1eddng - C\u00f4ng ty TNHH ASG","isPartOf":{"@id":"https:\/\/asg.vn\/ja\/#website"},"datePublished":"2024-03-09T06:16:10+00:00","dateModified":"2024-03-29T10:00:17+00:00","breadcrumb":{"@id":"https:\/\/asg.vn\/vi\/gioi-thieu-cong-ty\/hoat-dong-moi-truong\/#breadcrumb"},"inLanguage":"zh-Hans","potentialAction":[{"@type":"ReadAction","target":["https:\/\/asg.vn\/vi\/gioi-thieu-cong-ty\/hoat-dong-moi-truong\/"]}]},{"@type":"BreadcrumbList","@id":"https:\/\/asg.vn\/vi\/gioi-thieu-cong-ty\/hoat-dong-moi-truong\/#breadcrumb","itemListElement":[{"@type":"ListItem","position":1,"name":"Home","item":"https:\/\/asg.vn\/ja\/"},{"@type":"ListItem","position":2,"name":"GI\u1edaI THI\u1ec6U C\u00d4NG TY","item":"https:\/\/asg.vn\/vi\/gioi-thieu-cong-ty\/"},{"@type":"ListItem","position":3,"name":"Ho\u1ea1t \u0111\u1ed9ng m\u00f4i tr\u01b0\u1eddng"}]},{"@type":"WebSite","@id":"https:\/\/asg.vn\/ja\/#website","url":"https:\/\/asg.vn\/ja\/","name":"C\u00f4ng ty TNHH ASG","description":"Th\u00e0nh c\u00f4ng b\u1eb1ng s\u1ef1 t\u1eed t\u1ebf","publisher":{"@id":"https:\/\/asg.vn\/ja\/#organization"},"potentialAction":[{"@type":"SearchAction","target":{"@type":"EntryPoint","urlTemplate":"https:\/\/asg.vn\/ja\/?s={search_term_string}"},"query-input":"required name=search_term_string"}],"inLanguage":"zh-Hans"},{"@type":"Organization","@id":"https:\/\/asg.vn\/ja\/#organization","name":"C\u00f4ng ty TNHH ASG","url":"https:\/\/asg.vn\/ja\/","logo":{"@type":"ImageObject","inLanguage":"zh-Hans","@id":"https:\/\/asg.vn\/ja\/#\/schema\/logo\/image\/","url":"https:\/\/asg.vn\/wp-content\/uploads\/2023\/03\/z4110917483185_83f9ec26924715fb77663fd2b8bef540.jpg","contentUrl":"https:\/\/asg.vn\/wp-content\/uploads\/2023\/03\/z4110917483185_83f9ec26924715fb77663fd2b8bef540.jpg","width":1038,"height":324,"caption":"C\u00f4ng ty TNHH ASG"},"image":{"@id":"https:\/\/asg.vn\/ja\/#\/schema\/logo\/image\/"},"sameAs":["https:\/\/www.facebook.com\/congtyasgvietnam"]}]}},"_links":{"self":[{"href":"https:\/\/asg.vn\/zh\/wp-json\/wp\/v2\/pages\/4080"}],"collection":[{"href":"https:\/\/asg.vn\/zh\/wp-json\/wp\/v2\/pages"}],"about":[{"href":"https:\/\/asg.vn\/zh\/wp-json\/wp\/v2\/types\/page"}],"author":[{"embeddable":true,"href":"https:\/\/asg.vn\/zh\/wp-json\/wp\/v2\/users\/24"}],"replies":[{"embeddable":true,"href":"https:\/\/asg.vn\/zh\/wp-json\/wp\/v2\/comments?post=4080"}],"version-history":[{"count":7,"href":"https:\/\/asg.vn\/zh\/wp-json\/wp\/v2\/pages\/4080\/revisions"}],"predecessor-version":[{"id":4411,"href":"https:\/\/asg.vn\/zh\/wp-json\/wp\/v2\/pages\/4080\/revisions\/4411"}],"up":[{"embeddable":true,"href":"https:\/\/asg.vn\/zh\/wp-json\/wp\/v2\/pages\/61"}],"wp:attachment":[{"href":"https:\/\/asg.vn\/zh\/wp-json\/wp\/v2\/media?parent=4080"}],"curies":[{"name":"wp","href":"https:\/\/api.w.org\/{rel}","templated":true}]}}