{"id":3746,"date":"2020-01-13T11:17:52","date_gmt":"2020-01-13T11:17:52","guid":{"rendered":"https:\/\/asg.vn\/?page_id=3746"},"modified":"2024-01-25T13:49:07","modified_gmt":"2024-01-25T06:49:07","slug":"trang-chu-tay-ban-nha","status":"publish","type":"page","link":"https:\/\/asg.vn\/zh\/trang-chu-tay-ban-nha\/","title":{"rendered":"TRANG CH\u1ee6 T\u00c2Y BAN NHA"},"content":{"rendered":"<p><img loading=\"lazy\" decoding=\"async\" src=\"https:\/\/asg.vn\/wp-content\/uploads\/2023\/03\/asg-banner-min.png\" sizes=\"(max-width: 1920px) 100vw, 1920px\" srcset=\"https:\/\/asg.vn\/wp-content\/uploads\/2023\/03\/asg-banner-min.png 1920w, https:\/\/asg.vn\/wp-content\/uploads\/2023\/03\/asg-banner-min-300x150.png 300w, https:\/\/asg.vn\/wp-content\/uploads\/2023\/03\/asg-banner-min-1024x512.png 1024w, https:\/\/asg.vn\/wp-content\/uploads\/2023\/03\/asg-banner-min-768x384.png 768w, https:\/\/asg.vn\/wp-content\/uploads\/2023\/03\/asg-banner-min-1536x768.png 1536w\" alt=\"Xi lanh tr\u1ee5c v\u00edt ASG\" width=\"1920\" height=\"960\" \/><\/p>\n<p style=\"text-align: center;\">ASG<\/p>\n<p>C\u00f4ng ty TNHH K\u1ef9 thu\u1eadt ASG Vi\u1ec7t Nam l\u00e0<br \/>\n\u0111\u01a1n v\u1ecb ti\u00ean phong trong l\u0129nh v\u1ef1c ch\u1ebf t\u1ea1o xi lanh tr\u1ee5c v\u00edt d\u00e0nh cho m\u00e1y \u00e9p nh\u1ef1a t\u1ea1i Vi\u1ec7t Nam<\/p>\n<h2>DANH<br \/>\nS\u00c1CH<br \/>\nS\u1ea2N<br \/>\nPH\u1ea8M<\/h2>\n<figure><a href=\"https:\/\/asg.vn\/zh\/xi-lanh-truc-vit\/\"><img decoding=\"async\" title=\"\u87ba\u687f\u6cb9\u7f38\u7d44\u4ef6\" src=\"https:\/\/asg.vn\/wp-content\/uploads\/elementor\/thumbs\/xi-lanh-truc-vit-3-q2wthmypd9l4k4qdipta1x0mzqryrnac4r97awhybk.png\" alt=\"B\u1ed9 xi lanh tr\u1ee5c v\u00edt\" \/><\/a><\/figure>\n<p style=\"text-align: center;\">\u87ba\u687f\u6cb9\u7f38\u7d44\u4ef6<\/p>\n<p>&nbsp;<\/p>\n<p style=\"text-indent: 40px; padding-left: 20px; padding-right: 20px;\">Xi lanh tr\u1ee5c v\u00edt ch\u1ea5t l\u01b0\u1ee3ng cao, c\u00f3 th\u1ec3 s\u1eed d\u1ee5ng cho to\u00e0n b\u1ed9 m\u00e1y \u00e9p nh\u1ef1a \u0111\u1ebfn t\u1eeb c\u00e1c th\u01b0\u01a1ng hi\u1ec7u h\u00e0ng \u0111\u1ea7u th\u1ebf gi\u1edbi nh\u01b0 Sumitomo, Nissei, Fanuc, JSW, Toshiba,&#8230;<\/p>\n<p>&nbsp;<\/p>\n<figure><a href=\"https:\/\/asg.vn\/zh\/khay-nhua-dinh-hinh\/\"><img decoding=\"async\" title=\"\u5851\u81a0\u6210\u578b\u6258\u76e4\" src=\"https:\/\/asg.vn\/wp-content\/uploads\/elementor\/thumbs\/khay-nhua-q2ww6ckwjlz73s94sirelifzay3iqj843fnovt3q4g.png\" alt=\"Khay nh\u1ef1a \u0111\u1ecbnh h\u00ecnh\" \/><\/a><\/figure>\n<h3><\/h3>\n<p style=\"text-align: center;\">\u5851\u81a0\u6210\u578b\u6258\u76e4<\/p>\n<p style=\"text-indent: 40px; padding-left: 20px; padding-right: 20px;\">Khay nh\u1ef1a ti\u1ec7n d\u1ee5ng, v\u1eadt li\u1ec7u phong ph\u00fa nh\u01b0 PET, PS, PP, PVC c\u00f9ng nhi\u1ec1u t\u00f9y ch\u1ecdn \u0111a d\u1ea1ng v\u1ec1 \u0111\u1ed9 d\u00e0y, ch\u1ed1ng t\u0129nh \u0111i\u1ec7n,&#8230; \u0111\u1ea3m b\u1ea3o \u0111\u00e1p \u1ee9ng m\u1ecdi y\u00eau c\u1ea7u t\u1eeb qu\u00fd kh\u00e1ch.<\/p>\n<p>&nbsp;<\/p>\n<figure><a href=\"https:\/\/asg.vn\/zh\/may-tach-kim-loai\/\"><img decoding=\"async\" title=\"m\u00e1y t\u00e1ch kim lo\u1ea1i c\u00f4ng ty ASG\" src=\"https:\/\/asg.vn\/wp-content\/uploads\/elementor\/thumbs\/may-tach-kim-loai-cong-ty-ASG-q8dovcdduotmufcxsuoaisc01u2hpi1wqr03e5f11c.jpg\" alt=\"m\u00e1y t\u00e1ch kim lo\u1ea1i c\u00f4ng ty ASG\" \/><\/a><\/figure>\n<h3><\/h3>\n<p style=\"text-align: center;\">\u91d1\u5c6c\u5206\u96e2\u6a5f<\/p>\n<p style=\"text-indent: 40px; padding-left: 20px; padding-right: 20px;\">Ph\u00e1t hi\u1ec7n v\u00e0 lo\u1ea1i b\u1ecf kim lo\u1ea1i nh\u01b0 s\u1eaft, th\u00e9p, inox, \u0111\u1ed3ng, nh\u00f4m,&#8230; ra kh\u1ecfi nguy\u00ean li\u1ec7u nh\u1ef1a nh\u1eb1m \u0111\u1ea3m b\u1ea3o s\u1ef1 ho\u1ea1t \u0111\u1ed9ng c\u1ee7a xi lanh, tr\u1ee5c v\u00edt c\u0169ng nh\u01b0 ch\u1ea5t l\u01b0\u1ee3ng s\u1ea3n ph\u1ea9m.<\/p>\n<p>&nbsp;<\/p>\n<figure><a href=\"https:\/\/asg.vn\/zh\/camera-giam-sat-khuon\/\"><img decoding=\"async\" title=\"camera giam sat\" src=\"https:\/\/asg.vn\/wp-content\/uploads\/2023\/03\/camera-giam-sat-150x150.png\" alt=\"camera giam sat\" \/><\/a><\/figure>\n<h3><\/h3>\n<p style=\"text-align: center;\">\u6a21\u5177\u76e3\u63a7\u651d\u50cf\u982d<\/p>\n<p style=\"text-indent: 40px; padding-left: 20px; padding-right: 20px;\">Gi\u00e1m s\u00e1t v\u00e0 ph\u00e1t hi\u1ec7n k\u1ecbp th\u1eddi c\u00e1c b\u1ea5t th\u01b0\u1eddng h\u00ecnh \u1ea3nh trong qu\u00e1 tr\u00ecnh s\u1ea3n xu\u1ea5t v\u00f4 c\u00f9ng d\u1ec5 d\u00e0ng v\u00e0 ch\u00ednh x\u00e1c gi\u00fap t\u0103ng cao hi\u1ec7u qu\u1ea3 s\u1ea3n xu\u1ea5t.<\/p>\n<p>&nbsp;<\/p>\n<figure><a href=\"https:\/\/asg.vn\/zh\/phu-kien-nganh-ep-nhua\/\"><img decoding=\"async\" title=\"thi\u1ebft b\u1ecb, ph\u1ee5 ki\u1ec7n ng\u00e0nh \u00e9p nh\u1ef1a, \u0111\u00fac nh\u1ef1a\" src=\"https:\/\/asg.vn\/wp-content\/uploads\/2023\/03\/chi-tiet-khac-e1677814861659-150x150.png\" alt=\"thi\u1ebft b\u1ecb, ph\u1ee5 ki\u1ec7n ng\u00e0nh \u00e9p nh\u1ef1a, \u0111\u00fac nh\u1ef1a\" \/><\/a><\/figure>\n<h3><\/h3>\n<p style=\"text-align: center;\">\u5176\u4ed6\u914d\u4ef6<\/p>\n<p style=\"text-indent: 40px; padding-left: 20px; padding-right: 20px;\">Cung c\u1ea5p thi\u1ebft b\u1ecb, ph\u1ee5 ki\u1ec7n ng\u00e0nh \u00e9p nh\u1ef1a nh\u01b0 n\u00fam h\u00fat, ch\u00e2n h\u00fat, c\u1ea3m bi\u1ebfn nhi\u1ec7t, b\u1ea3o \u00f4n v\u00e0 nhi\u1ec1u s\u1ea3n ph\u1ea9m kh\u00e1c v\u1edbi ch\u1ea5t l\u01b0\u1ee3ng h\u00e0ng \u0111\u1ea7u v\u00e0 d\u1ecbch v\u1ee5 t\u1eadn t\u00ecnh.<\/p>\n<p>&nbsp;<\/p>\n<h2>GI\u1edaI<br \/>\nTHI\u1ec6U<br \/>\nC\u00d4NG<br \/>\nTY<\/h2>\n<p><a href=\"https:\/\/asg.vn\/zh\/gioi-thieu-cong-ty\/\"><br \/>\nGI\u1edaI THI\u1ec6U C\u00d4NG TY<br \/>\n<\/a><br \/>\n<a href=\"https:\/\/asg.vn\/zh\/dia-chi-lien-he\/\"><br \/>\n\u0110\u1ecaA CH\u1ec8 &#8211; LI\u00caN H\u1ec6<br \/>\n<\/a><br \/>\n<a href=\"https:\/\/asg.vn\/zh\/category\/asg-viet-nam\/\"><br \/>\nHO\u1ea0T \u0110\u1ed8NG DOANH NGHI\u1ec6P<br \/>\n<\/a><br \/>\n<img loading=\"lazy\" decoding=\"async\" src=\"https:\/\/asg.vn\/wp-content\/uploads\/2023\/04\/Cong-ty-tnhh-ky-thuat-ASG.jpg\" sizes=\"(max-width: 2543px) 100vw, 2543px\" srcset=\"https:\/\/asg.vn\/wp-content\/uploads\/2023\/04\/Cong-ty-tnhh-ky-thuat-ASG.jpg 2543w, https:\/\/asg.vn\/wp-content\/uploads\/2023\/04\/Cong-ty-tnhh-ky-thuat-ASG-300x225.jpg 300w, https:\/\/asg.vn\/wp-content\/uploads\/2023\/04\/Cong-ty-tnhh-ky-thuat-ASG-1024x767.jpg 1024w, https:\/\/asg.vn\/wp-content\/uploads\/2023\/04\/Cong-ty-tnhh-ky-thuat-ASG-768x575.jpg 768w, https:\/\/asg.vn\/wp-content\/uploads\/2023\/04\/Cong-ty-tnhh-ky-thuat-ASG-1536x1150.jpg 1536w, https:\/\/asg.vn\/wp-content\/uploads\/2023\/04\/Cong-ty-tnhh-ky-thuat-ASG-2048x1533.jpg 2048w\" alt=\"C\u00f4ng ty tnhh k\u1ef9 thu\u1eadt ASG\" width=\"2543\" height=\"1904\" \/><\/p>\n<h2>\u6700\u65b0\u6d88\u606f<\/h2>\n<p><a href=\"https:\/\/asg.vn\/zh\/tin-tuc\/\"><br \/>\nXEM TO\u00c0N B\u1ed8<br \/>\n<\/a><br \/>\n<a href=\"https:\/\/www.youtube.com\/watch?v=Cf8O0TXFH80&amp;t=130s\"><br \/>\n<\/a><br \/>\n<a href=\"https:\/\/youtu.be\/-b384goftNk\"><br \/>\n<\/a><br \/>\n<a href=\"https:\/\/youtu.be\/wwRpuYgSzx4\"><br \/>\n<\/a><br \/>\n<a href=\"https:\/\/youtu.be\/6AEWR03UjFg\"><br \/>\n<\/a><br \/>\n<a href=\"https:\/\/www.youtube.com\/watch?v=aaXhhjcdBOE\"><br \/>\n<\/a><br \/>\nPrevious<br \/>\nNext<\/p>","protected":false},"excerpt":{"rendered":"<p>ASG C\u00f4ng ty TNHH K\u1ef9 thu\u1eadt ASG Vi\u1ec7t Nam l\u00e0 \u0111\u01a1n v\u1ecb ti\u00ean phong trong l\u0129nh v\u1ef1c ch\u1ebf t\u1ea1o xi lanh tr\u1ee5c v\u00edt d\u00e0nh cho m\u00e1y \u00e9p nh\u1ef1a t\u1ea1i Vi\u1ec7t Nam DANH S\u00c1CH S\u1ea2N PH\u1ea8M B\u1ed8 XI LANH TR\u1ee4C V\u00cdT &nbsp; Xi lanh tr\u1ee5c v\u00edt ch\u1ea5t l\u01b0\u1ee3ng cao, c\u00f3 th\u1ec3 s\u1eed d\u1ee5ng cho to\u00e0n b\u1ed9&#8230;<\/p>","protected":false},"author":24,"featured_media":3268,"parent":0,"menu_order":0,"comment_status":"closed","ping_status":"closed","template":"","meta":{"inline_featured_image":false,"footnotes":""},"yoast_head":"<!-- This site is optimized with the Yoast SEO plugin v22.5 - https:\/\/yoast.com\/wordpress\/plugins\/seo\/ -->\n<title>C\u00d4NG TY TNHH K\u1ef8 THU\u1eacT ASG VI\u1ec6T NAM<\/title>\n<meta name=\"description\" content=\"C\u00f4ng ty TNHH ASG chuy\u00ean s\u1ea3n xu\u1ea5t xi lanh, tr\u1ee5c v\u00edt, khay nh\u1ef1a \u0111\u1ecbnh h\u00ecnh ch\u1ea5t l\u01b0\u1ee3ng cao, \u0111\u1ea3m b\u1ea3o \u0111\u00e1p \u1ee9ng m\u1ecdi y\u00eau c\u1ea7u t\u1eeb ph\u00eda kh\u00e1ch h\u00e0ng.\" \/>\n<meta name=\"robots\" content=\"index, follow, max-snippet:-1, max-image-preview:large, max-video-preview:-1\" \/>\n<link rel=\"canonical\" href=\"https:\/\/asg.vn\/zh\/trang-chu-tay-ban-nha\/\" \/>\n<meta property=\"og:locale\" content=\"zh_CN\" \/>\n<meta property=\"og:type\" content=\"article\" \/>\n<meta property=\"og:title\" content=\"C\u00f4ng ty TNHH k\u1ef9 thu\u1eadt ASG Vi\u1ec7t Nam - TRANG CH\u1ee6 T\u00c2Y BAN NHA\" \/>\n<meta property=\"og:description\" content=\"C\u00f4ng ty TNHH ASG chuy\u00ean s\u1ea3n xu\u1ea5t xi lanh, tr\u1ee5c v\u00edt, khay nh\u1ef1a \u0111\u1ecbnh h\u00ecnh ch\u1ea5t l\u01b0\u1ee3ng cao, \u0111\u1ea3m b\u1ea3o \u0111\u00e1p \u1ee9ng m\u1ecdi y\u00eau c\u1ea7u t\u1eeb ph\u00eda kh\u00e1ch h\u00e0ng.\" \/>\n<meta property=\"og:url\" content=\"https:\/\/asg.vn\/zh\/trang-chu-tay-ban-nha\/\" \/>\n<meta property=\"og:site_name\" content=\"C\u00f4ng ty TNHH ASG\" \/>\n<meta property=\"article:publisher\" content=\"https:\/\/www.facebook.com\/congtyasgvietnam\" \/>\n<meta property=\"article:modified_time\" content=\"2024-01-25T06:49:07+00:00\" \/>\n<meta property=\"og:image\" content=\"https:\/\/asg.vn\/wp-content\/uploads\/2023\/04\/Cong-ty-tnhh-ky-thuat-ASG.jpg\" \/>\n\t<meta property=\"og:image:width\" content=\"2543\" \/>\n\t<meta property=\"og:image:height\" content=\"1904\" \/>\n\t<meta property=\"og:image:type\" content=\"image\/jpeg\" \/>\n<meta name=\"twitter:card\" content=\"summary_large_image\" \/>\n<meta name=\"twitter:title\" content=\"C\u00f4ng ty TNHH k\u1ef9 thu\u1eadt ASG Vi\u1ec7t Nam - TRANG CH\u1ee6 T\u00c2Y BAN NHA\" \/>\n<meta name=\"twitter:description\" content=\"C\u00f4ng ty TNHH ASG chuy\u00ean s\u1ea3n xu\u1ea5t xi lanh, tr\u1ee5c v\u00edt, khay nh\u1ef1a \u0111\u1ecbnh h\u00ecnh ch\u1ea5t l\u01b0\u1ee3ng cao, \u0111\u1ea3m b\u1ea3o \u0111\u00e1p \u1ee9ng m\u1ecdi y\u00eau c\u1ea7u t\u1eeb ph\u00eda kh\u00e1ch h\u00e0ng.\" \/>\n<meta name=\"twitter:label1\" content=\"Est. reading time\" \/>\n\t<meta name=\"twitter:data1\" content=\"3 \u5206\" \/>\n<script type=\"application\/ld+json\" class=\"yoast-schema-graph\">{\"@context\":\"https:\/\/schema.org\",\"@graph\":[{\"@type\":\"WebPage\",\"@id\":\"https:\/\/asg.vn\/ja\/trang-chu-tay-ban-nha\/\",\"url\":\"https:\/\/asg.vn\/ja\/trang-chu-tay-ban-nha\/\",\"name\":\"C\u00d4NG TY TNHH K\u1ef8 THU\u1eacT ASG VI\u1ec6T NAM\",\"isPartOf\":{\"@id\":\"https:\/\/asg.vn\/ja\/#website\"},\"primaryImageOfPage\":{\"@id\":\"https:\/\/asg.vn\/ja\/trang-chu-tay-ban-nha\/#primaryimage\"},\"image\":{\"@id\":\"https:\/\/asg.vn\/ja\/trang-chu-tay-ban-nha\/#primaryimage\"},\"thumbnailUrl\":\"https:\/\/asg.vn\/wp-content\/uploads\/2023\/04\/Cong-ty-tnhh-ky-thuat-ASG.jpg\",\"datePublished\":\"2020-01-13T11:17:52+00:00\",\"dateModified\":\"2024-01-25T06:49:07+00:00\",\"description\":\"C\u00f4ng ty TNHH ASG chuy\u00ean s\u1ea3n xu\u1ea5t xi lanh, tr\u1ee5c v\u00edt, khay nh\u1ef1a \u0111\u1ecbnh h\u00ecnh ch\u1ea5t l\u01b0\u1ee3ng cao, \u0111\u1ea3m b\u1ea3o \u0111\u00e1p \u1ee9ng m\u1ecdi y\u00eau c\u1ea7u t\u1eeb ph\u00eda kh\u00e1ch h\u00e0ng.\",\"breadcrumb\":{\"@id\":\"https:\/\/asg.vn\/ja\/trang-chu-tay-ban-nha\/#breadcrumb\"},\"inLanguage\":\"zh-Hans\",\"potentialAction\":[{\"@type\":\"ReadAction\",\"target\":[\"https:\/\/asg.vn\/ja\/trang-chu-tay-ban-nha\/\"]}]},{\"@type\":\"ImageObject\",\"inLanguage\":\"zh-Hans\",\"@id\":\"https:\/\/asg.vn\/ja\/trang-chu-tay-ban-nha\/#primaryimage\",\"url\":\"https:\/\/asg.vn\/wp-content\/uploads\/2023\/04\/Cong-ty-tnhh-ky-thuat-ASG.jpg\",\"contentUrl\":\"https:\/\/asg.vn\/wp-content\/uploads\/2023\/04\/Cong-ty-tnhh-ky-thuat-ASG.jpg\",\"width\":2543,\"height\":1904,\"caption\":\"C\u00f4ng ty tnhh k\u1ef9 thu\u1eadt ASG\"},{\"@type\":\"BreadcrumbList\",\"@id\":\"https:\/\/asg.vn\/ja\/trang-chu-tay-ban-nha\/#breadcrumb\",\"itemListElement\":[{\"@type\":\"ListItem\",\"position\":1,\"name\":\"Home\",\"item\":\"https:\/\/asg.vn\/ja\/\"},{\"@type\":\"ListItem\",\"position\":2,\"name\":\"TRANG CH\u1ee6 T\u00c2Y BAN NHA\"}]},{\"@type\":\"WebSite\",\"@id\":\"https:\/\/asg.vn\/ja\/#website\",\"url\":\"https:\/\/asg.vn\/ja\/\",\"name\":\"C\u00f4ng ty TNHH ASG\",\"description\":\"Th\u00e0nh c\u00f4ng b\u1eb1ng s\u1ef1 t\u1eed t\u1ebf\",\"publisher\":{\"@id\":\"https:\/\/asg.vn\/ja\/#organization\"},\"potentialAction\":[{\"@type\":\"SearchAction\",\"target\":{\"@type\":\"EntryPoint\",\"urlTemplate\":\"https:\/\/asg.vn\/ja\/?s={search_term_string}\"},\"query-input\":\"required name=search_term_string\"}],\"inLanguage\":\"zh-Hans\"},{\"@type\":\"Organization\",\"@id\":\"https:\/\/asg.vn\/ja\/#organization\",\"name\":\"C\u00f4ng ty TNHH ASG\",\"url\":\"https:\/\/asg.vn\/ja\/\",\"logo\":{\"@type\":\"ImageObject\",\"inLanguage\":\"zh-Hans\",\"@id\":\"https:\/\/asg.vn\/ja\/#\/schema\/logo\/image\/\",\"url\":\"https:\/\/asg.vn\/wp-content\/uploads\/2023\/03\/z4110917483185_83f9ec26924715fb77663fd2b8bef540.jpg\",\"contentUrl\":\"https:\/\/asg.vn\/wp-content\/uploads\/2023\/03\/z4110917483185_83f9ec26924715fb77663fd2b8bef540.jpg\",\"width\":1038,\"height\":324,\"caption\":\"C\u00f4ng ty TNHH ASG\"},\"image\":{\"@id\":\"https:\/\/asg.vn\/ja\/#\/schema\/logo\/image\/\"},\"sameAs\":[\"https:\/\/www.facebook.com\/congtyasgvietnam\"]}]}<\/script>\n<!-- \/ Yoast SEO plugin. -->","yoast_head_json":{"title":"C\u00d4NG TY TNHH K\u1ef8 THU\u1eacT ASG VI\u1ec6T NAM","description":"C\u00f4ng ty TNHH ASG chuy\u00ean s\u1ea3n xu\u1ea5t xi lanh, tr\u1ee5c v\u00edt, khay nh\u1ef1a \u0111\u1ecbnh h\u00ecnh ch\u1ea5t l\u01b0\u1ee3ng cao, \u0111\u1ea3m b\u1ea3o \u0111\u00e1p \u1ee9ng m\u1ecdi y\u00eau c\u1ea7u t\u1eeb ph\u00eda kh\u00e1ch h\u00e0ng.","robots":{"index":"index","follow":"follow","max-snippet":"max-snippet:-1","max-image-preview":"max-image-preview:large","max-video-preview":"max-video-preview:-1"},"canonical":"https:\/\/asg.vn\/zh\/trang-chu-tay-ban-nha\/","og_locale":"zh_CN","og_type":"article","og_title":"C\u00f4ng ty TNHH k\u1ef9 thu\u1eadt ASG Vi\u1ec7t Nam - TRANG CH\u1ee6 T\u00c2Y BAN NHA","og_description":"C\u00f4ng ty TNHH ASG chuy\u00ean s\u1ea3n xu\u1ea5t xi lanh, tr\u1ee5c v\u00edt, khay nh\u1ef1a \u0111\u1ecbnh h\u00ecnh ch\u1ea5t l\u01b0\u1ee3ng cao, \u0111\u1ea3m b\u1ea3o \u0111\u00e1p \u1ee9ng m\u1ecdi y\u00eau c\u1ea7u t\u1eeb ph\u00eda kh\u00e1ch h\u00e0ng.","og_url":"https:\/\/asg.vn\/zh\/trang-chu-tay-ban-nha\/","og_site_name":"C\u00f4ng ty TNHH ASG","article_publisher":"https:\/\/www.facebook.com\/congtyasgvietnam","article_modified_time":"2024-01-25T06:49:07+00:00","og_image":[{"width":2543,"height":1904,"url":"https:\/\/asg.vn\/wp-content\/uploads\/2023\/04\/Cong-ty-tnhh-ky-thuat-ASG.jpg","type":"image\/jpeg"}],"twitter_card":"summary_large_image","twitter_title":"C\u00f4ng ty TNHH k\u1ef9 thu\u1eadt ASG Vi\u1ec7t Nam - TRANG CH\u1ee6 T\u00c2Y BAN NHA","twitter_description":"C\u00f4ng ty TNHH ASG chuy\u00ean s\u1ea3n xu\u1ea5t xi lanh, tr\u1ee5c v\u00edt, khay nh\u1ef1a \u0111\u1ecbnh h\u00ecnh ch\u1ea5t l\u01b0\u1ee3ng cao, \u0111\u1ea3m b\u1ea3o \u0111\u00e1p \u1ee9ng m\u1ecdi y\u00eau c\u1ea7u t\u1eeb ph\u00eda kh\u00e1ch h\u00e0ng.","twitter_misc":{"Est. reading time":"3 \u5206"},"schema":{"@context":"https:\/\/schema.org","@graph":[{"@type":"WebPage","@id":"https:\/\/asg.vn\/ja\/trang-chu-tay-ban-nha\/","url":"https:\/\/asg.vn\/ja\/trang-chu-tay-ban-nha\/","name":"C\u00d4NG TY TNHH K\u1ef8 THU\u1eacT ASG VI\u1ec6T NAM","isPartOf":{"@id":"https:\/\/asg.vn\/ja\/#website"},"primaryImageOfPage":{"@id":"https:\/\/asg.vn\/ja\/trang-chu-tay-ban-nha\/#primaryimage"},"image":{"@id":"https:\/\/asg.vn\/ja\/trang-chu-tay-ban-nha\/#primaryimage"},"thumbnailUrl":"https:\/\/asg.vn\/wp-content\/uploads\/2023\/04\/Cong-ty-tnhh-ky-thuat-ASG.jpg","datePublished":"2020-01-13T11:17:52+00:00","dateModified":"2024-01-25T06:49:07+00:00","description":"C\u00f4ng ty TNHH ASG chuy\u00ean s\u1ea3n xu\u1ea5t xi lanh, tr\u1ee5c v\u00edt, khay nh\u1ef1a \u0111\u1ecbnh h\u00ecnh ch\u1ea5t l\u01b0\u1ee3ng cao, \u0111\u1ea3m b\u1ea3o \u0111\u00e1p \u1ee9ng m\u1ecdi y\u00eau c\u1ea7u t\u1eeb ph\u00eda kh\u00e1ch h\u00e0ng.","breadcrumb":{"@id":"https:\/\/asg.vn\/ja\/trang-chu-tay-ban-nha\/#breadcrumb"},"inLanguage":"zh-Hans","potentialAction":[{"@type":"ReadAction","target":["https:\/\/asg.vn\/ja\/trang-chu-tay-ban-nha\/"]}]},{"@type":"ImageObject","inLanguage":"zh-Hans","@id":"https:\/\/asg.vn\/ja\/trang-chu-tay-ban-nha\/#primaryimage","url":"https:\/\/asg.vn\/wp-content\/uploads\/2023\/04\/Cong-ty-tnhh-ky-thuat-ASG.jpg","contentUrl":"https:\/\/asg.vn\/wp-content\/uploads\/2023\/04\/Cong-ty-tnhh-ky-thuat-ASG.jpg","width":2543,"height":1904,"caption":"C\u00f4ng ty tnhh k\u1ef9 thu\u1eadt ASG"},{"@type":"BreadcrumbList","@id":"https:\/\/asg.vn\/ja\/trang-chu-tay-ban-nha\/#breadcrumb","itemListElement":[{"@type":"ListItem","position":1,"name":"Home","item":"https:\/\/asg.vn\/ja\/"},{"@type":"ListItem","position":2,"name":"TRANG CH\u1ee6 T\u00c2Y BAN NHA"}]},{"@type":"WebSite","@id":"https:\/\/asg.vn\/ja\/#website","url":"https:\/\/asg.vn\/ja\/","name":"C\u00f4ng ty TNHH ASG","description":"Th\u00e0nh c\u00f4ng b\u1eb1ng s\u1ef1 t\u1eed t\u1ebf","publisher":{"@id":"https:\/\/asg.vn\/ja\/#organization"},"potentialAction":[{"@type":"SearchAction","target":{"@type":"EntryPoint","urlTemplate":"https:\/\/asg.vn\/ja\/?s={search_term_string}"},"query-input":"required name=search_term_string"}],"inLanguage":"zh-Hans"},{"@type":"Organization","@id":"https:\/\/asg.vn\/ja\/#organization","name":"C\u00f4ng ty TNHH ASG","url":"https:\/\/asg.vn\/ja\/","logo":{"@type":"ImageObject","inLanguage":"zh-Hans","@id":"https:\/\/asg.vn\/ja\/#\/schema\/logo\/image\/","url":"https:\/\/asg.vn\/wp-content\/uploads\/2023\/03\/z4110917483185_83f9ec26924715fb77663fd2b8bef540.jpg","contentUrl":"https:\/\/asg.vn\/wp-content\/uploads\/2023\/03\/z4110917483185_83f9ec26924715fb77663fd2b8bef540.jpg","width":1038,"height":324,"caption":"C\u00f4ng ty TNHH ASG"},"image":{"@id":"https:\/\/asg.vn\/ja\/#\/schema\/logo\/image\/"},"sameAs":["https:\/\/www.facebook.com\/congtyasgvietnam"]}]}},"_links":{"self":[{"href":"https:\/\/asg.vn\/zh\/wp-json\/wp\/v2\/pages\/3746"}],"collection":[{"href":"https:\/\/asg.vn\/zh\/wp-json\/wp\/v2\/pages"}],"about":[{"href":"https:\/\/asg.vn\/zh\/wp-json\/wp\/v2\/types\/page"}],"author":[{"embeddable":true,"href":"https:\/\/asg.vn\/zh\/wp-json\/wp\/v2\/users\/24"}],"replies":[{"embeddable":true,"href":"https:\/\/asg.vn\/zh\/wp-json\/wp\/v2\/comments?post=3746"}],"version-history":[{"count":1,"href":"https:\/\/asg.vn\/zh\/wp-json\/wp\/v2\/pages\/3746\/revisions"}],"predecessor-version":[{"id":3747,"href":"https:\/\/asg.vn\/zh\/wp-json\/wp\/v2\/pages\/3746\/revisions\/3747"}],"wp:featuredmedia":[{"embeddable":true,"href":"https:\/\/asg.vn\/zh\/wp-json\/wp\/v2\/media\/3268"}],"wp:attachment":[{"href":"https:\/\/asg.vn\/zh\/wp-json\/wp\/v2\/media?parent=3746"}],"curies":[{"name":"wp","href":"https:\/\/api.w.org\/{rel}","templated":true}]}}