{"id":2863,"date":"2023-03-29T13:49:02","date_gmt":"2023-03-29T06:49:02","guid":{"rendered":"https:\/\/asg.vn\/?page_id=2863"},"modified":"2023-03-29T14:33:28","modified_gmt":"2023-03-29T07:33:28","slug":"xi-lanh-truc-vit-may-ep-nhua-haitian","status":"publish","type":"page","link":"https:\/\/asg.vn\/zh\/xi-lanh-truc-vit-may-ep-nhua-haitian\/","title":{"rendered":"B\u1ed9 xi lanh tr\u1ee5c v\u00edt m\u00e1y \u00e9p nh\u1ef1a Haitian"},"content":{"rendered":"<p>B\u1ed9 xi lanh tr\u1ee5c v\u00edt cho m\u00e1y \u00e9p nh\u1ef1a Haitian<br \/>\n\t\t\t\t\t\t\t\t\t\t\t\t\t\t\t<img decoding=\"async\" width=\"800\" height=\"320\" src=\"https:\/\/asg.vn\/wp-content\/uploads\/2023\/03\/may-ep-nhua-sumitomo.jpg\" alt=\"M\u00e1y \u00e9p nh\u1ef1a Sumitomo\" loading=\"lazy\" srcset=\"https:\/\/asg.vn\/wp-content\/uploads\/2023\/03\/may-ep-nhua-sumitomo.jpg 800w, https:\/\/asg.vn\/wp-content\/uploads\/2023\/03\/may-ep-nhua-sumitomo-300x120.jpg 300w, https:\/\/asg.vn\/wp-content\/uploads\/2023\/03\/may-ep-nhua-sumitomo-768x307.jpg 768w\" sizes=\"(max-width: 800px) 100vw, 800px\" \/>\t\t\t\t\t\t\t\t\t\t\t\t\t\t\t<\/p>\n<blockquote>\n<p>\n\t\t\t\tC\u00f4ng ty Haitian \u0111\u01b0\u1ee3c th\u00e0nh l\u1eadp v\u00e0o n\u0103m 1966 t\u1ea1i Th\u00e2m Quy\u1ebfn, Trung Qu\u1ed1c v\u00e0 \u0111\u00e3 ph\u00e1t tri\u1ec3n th\u00e0nh m\u1ed9t t\u1eadp \u0111o\u00e0n qu\u1ed1c t\u1ebf v\u1edbi h\u01a1n 25 chi nh\u00e1nh v\u00e0 \u0111\u1ea1i di\u1ec7n tr\u00ean kh\u1eafp th\u1ebf gi\u1edbi.V\u1edbi ph\u01b0\u01a1ng ch\u00e2m &#8220;S\u00e1ng t\u1ea1o, hi\u1ec7u qu\u1ea3 v\u00e0 b\u1ec1n v\u1eefng&#8221;, m\u00e1y \u00e9p nh\u1ef1a c\u1ee7a Haitian \u0111\u01b0\u1ee3c s\u1eed d\u1ee5ng r\u1ed9ng r\u00e3i trong c\u00e1c ng\u00e0nh c\u00f4ng nghi\u1ec7p s\u1ea3n xu\u1ea5t, bao g\u1ed3m \u00f4 t\u00f4, \u0111i\u1ec7n t\u1eed, \u0111\u1ed3 gia d\u1ee5ng, y t\u1ebf v\u00e0 \u0111\u00f3ng g\u00f3i.\t\t\t<\/p>\n<\/blockquote>\n<h2>B\u1ed9 xilanh tr\u1ee5c v\u00edt cho m\u00e1y \u00e9p nh\u1ef1a Haitian do ch\u00fang t\u00f4i s\u1ea3n xu\u1ea5t c\u00f3 \u0111\u1ea7y \u0111\u1ee7 model c\u1ee7a h\u00e3ng.<\/h2>\n<ul>\n<li>\u00a0 \u00a0 \u00a0<strong>Series HTF:<\/strong> HTF58X, HTF86X, HTF120X, HTF160X, HTF200X, HTF250X, HTF300X, HTF360X, HTF450X, HTF530X, HTF650X, HTF780X, HTF1000X, HTF1250X, HTF1400X, HTF1600X, HTF1800X, HTF2000X.\n<p><a href=\"https:\/\/asg.vn\/wp-content\/uploads\/2023\/03\/haitian-1.jpg\"><img loading=\"lazy\" decoding=\"async\" src=\"https:\/\/asg.vn\/wp-content\/uploads\/2023\/03\/haitian-1.jpg\" alt=\"B\u1ed9 xilanh tr\u1ee5c v\u00edt cho m\u00e1y \u00e9p nh\u1ef1a Haitian\" width=\"821\" height=\"361\" \/><\/a><\/p>\n<\/li>\n<\/ul>\n<ul>\n<li>\u00a0 \u00a0 \u00a0<strong>Series MA:<\/strong> MA600\/100, MA600\/150, MA900\/260, MA1200\/370, MA1600\/540, MA2000\/700, MA2500\/1000, MA2800\/1350, MA3200\/1700, MA3800\/2250, MA4700\/2950, MA5300\/4000, MA6000\/4000U, MA7000\/5000U, MA8000\/6800U, MA9000\/6800U, MA10000\/8400U, MA12000\/8400U, MA13000\/10500U, MA14000\/10500U, MA16000\/13700U, MA18500\/13700U, MA21000\/15800U, MA24000.\n<p><a href=\"https:\/\/asg.vn\/wp-content\/uploads\/2023\/03\/haitian-2.jpg\"><img loading=\"lazy\" decoding=\"async\" src=\"https:\/\/asg.vn\/wp-content\/uploads\/2023\/03\/haitian-2.jpg\" alt=\"B\u1ed9 xilanh tr\u1ee5c v\u00edt cho m\u00e1y \u00e9p nh\u1ef1a Haitian\" width=\"823\" height=\"457\" \/><\/a><\/p>\n<\/li>\n<\/ul>\n<ul>\n<li>\u00a0 \u00a0 \u00a0<strong>Series SA:<\/strong> SA600, SA900, SA1200, SA1600, SA2000, SA2500, SA2800, SA3200, SA3800, SA4700, SA5300, SA6000, SA7000, SA8000, SA9000, SA10000.\n<p><a href=\"https:\/\/asg.vn\/wp-content\/uploads\/2023\/03\/haitian-3.jpg\"><img loading=\"lazy\" decoding=\"async\" src=\"https:\/\/asg.vn\/wp-content\/uploads\/2023\/03\/haitian-3.jpg\" alt=\"B\u1ed9 xilanh tr\u1ee5c v\u00edt cho m\u00e1y \u00e9p nh\u1ef1a Haitian\" width=\"817\" height=\"273\" \/><\/a><\/p>\n<\/li>\n<\/ul>\n<ul>\n<li><strong>\u00a0 \u00a0 \u00a0Series HTL:<\/strong> HTL68, HTL90, HTL110, HTL140, HTL160, HTL200, HTL250, HTL280, HTL320, HTL380, HTL500, HTL600, HTL730, HTL1000, HTL1200, HTL1400, HTL1660, HTL2000.\n<p><a href=\"https:\/\/asg.vn\/wp-content\/uploads\/2023\/03\/haitian-4.jpg\"><img loading=\"lazy\" decoding=\"async\" src=\"https:\/\/asg.vn\/wp-content\/uploads\/2023\/03\/haitian-4.jpg\" alt=\"B\u1ed9 xilanh tr\u1ee5c v\u00edt cho m\u00e1y \u00e9p nh\u1ef1a Haitian\" width=\"793\" height=\"360\" \/><\/a><\/p>\n<\/li>\n<\/ul>\n<p>\t\t\t\t\t\t\t<a href=\"https:\/\/asg.vn\/wp-content\/uploads\/2023\/03\/haitian-MA-10000.1.jpg\" data-elementor-open-lightbox=\"yes\" data-elementor-lightbox-slideshow=\"165cdc8a\" data-elementor-lightbox-title=\"haitian MA 10000.1\" data-e-action-hash=\"#elementor-action%3Aaction%3Dlightbox%26settings%3DeyJpZCI6Mjg3OCwidXJsIjoiaHR0cDpcL1wvYXNnLnZuXC93cC1jb250ZW50XC91cGxvYWRzXC8yMDIzXC8wM1wvaGFpdGlhbi1NQS0xMDAwMC4xLmpwZyIsInNsaWRlc2hvdyI6IjE2NWNkYzhhIn0%3D\"><br \/>\n\t\t<\/a><br \/>\n\t\t\t\t\t\t\t<a href=\"https:\/\/asg.vn\/wp-content\/uploads\/2023\/03\/haitian-MA-10000.jpg\" data-elementor-open-lightbox=\"yes\" data-elementor-lightbox-slideshow=\"165cdc8a\" data-elementor-lightbox-title=\"haitian MA 10000\" data-e-action-hash=\"#elementor-action%3Aaction%3Dlightbox%26settings%3DeyJpZCI6Mjg3OSwidXJsIjoiaHR0cDpcL1wvYXNnLnZuXC93cC1jb250ZW50XC91cGxvYWRzXC8yMDIzXC8wM1wvaGFpdGlhbi1NQS0xMDAwMC5qcGciLCJzbGlkZXNob3ciOiIxNjVjZGM4YSJ9\"><br \/>\n\t\t<\/a><br \/>\n\t\t\t\t\t\t\t<a href=\"https:\/\/asg.vn\/wp-content\/uploads\/2023\/03\/haitian-6500.jpg\" data-elementor-open-lightbox=\"yes\" data-elementor-lightbox-slideshow=\"165cdc8a\" data-elementor-lightbox-title=\"B\u1ed9 xilanh tr\u1ee5c v\u00edt cho m\u00e1y \u00e9p nh\u1ef1a Haitian\" data-elementor-lightbox-description=\"B\u1ed9 xilanh tr\u1ee5c v\u00edt cho m\u00e1y \u00e9p nh\u1ef1a Haitian\" data-e-action-hash=\"#elementor-action%3Aaction%3Dlightbox%26settings%3DeyJpZCI6Mjg4MCwidXJsIjoiaHR0cDpcL1wvYXNnLnZuXC93cC1jb250ZW50XC91cGxvYWRzXC8yMDIzXC8wM1wvaGFpdGlhbi02NTAwLmpwZyIsInNsaWRlc2hvdyI6IjE2NWNkYzhhIn0%3D\"><br \/>\n\t\t<\/a><br \/>\n\t\t\t\t\t\t\t<a href=\"https:\/\/asg.vn\/wp-content\/uploads\/2023\/03\/haitian-2000.jpg\" data-elementor-open-lightbox=\"yes\" data-elementor-lightbox-slideshow=\"165cdc8a\" data-elementor-lightbox-title=\"haitian 2000\" data-elementor-lightbox-description=\"B\u1ed9 xilanh tr\u1ee5c v\u00edt cho m\u00e1y \u00e9p nh\u1ef1a Haitian\" data-e-action-hash=\"#elementor-action%3Aaction%3Dlightbox%26settings%3DeyJpZCI6Mjg4MiwidXJsIjoiaHR0cDpcL1wvYXNnLnZuXC93cC1jb250ZW50XC91cGxvYWRzXC8yMDIzXC8wM1wvaGFpdGlhbi0yMDAwLmpwZyIsInNsaWRlc2hvdyI6IjE2NWNkYzhhIn0%3D\"><br \/>\n\t\t<\/a>\t\t\t\t\t\t<\/p>\n<p>M\u1ed9t s\u1ed1 h\u00ecnh \u1ea3nh c\u1ee7a m\u00e1y \u00e9p nh\u1ef1a Haitian<\/p>\n<h2>Xi lanh tr\u1ee5c v\u00edt cho m\u00e1y \u00e9p nh\u1ef1a Haitian c\u1ee7a ASG<\/h2>\n<h3 style=\"color: #6ec1e4;\">C\u00f4ng ngh\u1ec7 ch\u1ebf t\u1ea1o<\/h3>\n<ul>\n<li style=\"list-style-type: none;\">\n<ul>\n<li>Xilanh: Ph\u1ee7 h\u1ee3p kim ly t\u00e2m, Nitrider, Th\u00e9p h\u1ee3p kim \u0111\u1eb7c bi\u1ec7t.<\/li>\n<li>Adapter, Nozzle: Th\u00e9p h\u1ee3p kim \u0111\u1eb7c bi\u1ec7t, Nitrider<\/li>\n<li>Tr\u1ee5c v\u00edt, B\u1ed9 \u0111\u1ea7u tr\u1ee5c v\u00edt: B\u1ed9 \u0111\u1ea7u tr\u1ee5c v\u00edt:Ph\u1ee7\u00a0HVOF,\u00a0PVD Coating, Th\u00e9p h\u1ee3p kim \u0111\u1eb7c bi\u1ec7t, H\u00e0n PTA, Nitrider&#8230;<\/li>\n<\/ul>\n<\/li>\n<\/ul>\n<figure>\n\t\t\t\t\t\t\t\t\t\t<img decoding=\"async\" src=\"https:\/\/asg.vn\/wp-content\/uploads\/elementor\/thumbs\/gfgdfgdfgdf-q44hyey32zndvdfw2uta0utc5p2w7j4w2x9oz3j3rw.png\" title=\"B\u1ed9 xilanh tr\u1ee5c v\u00edt cho m\u00e1y \u00e9p nh\u1ef1a Haitian\" alt=\"B\u1ed9 xilanh tr\u1ee5c v\u00edt cho m\u00e1y \u00e9p nh\u1ef1a Haitian\" loading=\"lazy\" \/><figcaption>B\u1ed9 xi lanh tr\u1ee5c v\u00edt m\u00e1y \u00e9p nh\u1ef1a Haitian<\/figcaption><\/figure>\n<h3 style=\"color: #6ec1e4;\">Quy c\u00e1ch k\u1ef9 thu\u1eadt<\/h3>\n<ul>\n<li style=\"list-style-type: none;\">\n<ul>\n<li>\u0110\u01b0\u1eddng k\u00ednh: T\u1eeb\u00a0<b style=\"color: black;\">D12mm \u2013 D120mm<\/b><\/li>\n<li>Chi\u1ec1u d\u00e0i t\u1ed1i \u0111a:\u00a0<strong style=\"color: black;\">3000mm<\/strong><\/li>\n<\/ul>\n<\/li>\n<\/ul>\n<h3 style=\"color: #6ec1e4;\">B\u1ed9 xilanh tr\u1ee5c v\u00edt cho m\u00e1y \u00e9p nh\u1ef1a Sumitomo ph\u00f9 h\u1ee3p s\u1eed d\u1ee5ng v\u1edbi c\u00e1c lo\u1ea1i nh\u1ef1a<\/h3>\n<ul>\n<li>ABS, HI-PS, PP, HDPE, POM\u2026t\u1ec9 l\u1ec7 th\u1ee7y tinh t\u1edbi 60%<\/li>\n<li>PET\u2026t\u1ec9 l\u1ec7 th\u1ee7y tinh t\u1edbi 60%<\/li>\n<li>PC trong, PC m\u00e0u\u2026t\u1ec9 l\u1ec7 th\u1ee7y tinh t\u1edbi 60%<\/li>\n<li>PA6, PA66, PA9T, PPS, LCP, PEEK\u2026.t\u1ec9 l\u1ec7 th\u1ee7y tinh t\u1edbi 60%<\/li>\n<li>PVC, Bakelite\u2026t\u1ec9 l\u1ec7 th\u1ee7y tinh t\u1edbi 60%<\/li>\n<\/ul>\n<p>\t\t\t\tS\u1ea3n ph\u1ea9m <b>t\u01b0\u01a1ng t\u1ef1<\/b>\t\t\t\t<\/p>\n<figure><a href=\"https:\/\/asg.vn\/zh\/xi-lanh-truc-vit-may-ep-nhua-sumitomo\/\"><img decoding=\"async\" width=\"300\" height=\"298\" src=\"https:\/\/asg.vn\/wp-content\/uploads\/2023\/03\/sumitomo-1-300x298.jpg\" alt=\"B\u1ed9 xi lanh tr\u1ee5c v\u00edt Sumitomo\" loading=\"lazy\" \/><\/a><\/figure>\n<h3><a href=\"https:\/\/asg.vn\/zh\/xi-lanh-truc-vit-may-ep-nhua-sumitomo\/\">B\u1ed9 xi lanh tr\u1ee5c v\u00edt m\u00e1y \u00e9p nh\u1ef1a Sumitomo<\/a><\/h3>\n<figure><a href=\"https:\/\/asg.vn\/zh\/xi-lanh-truc-vit-may-ep-nhua-toshiba\/\"><img decoding=\"async\" width=\"300\" height=\"300\" src=\"https:\/\/asg.vn\/wp-content\/uploads\/2023\/03\/Toshiba-1-300x300.jpg\" alt=\"B\u1ed9 xi lanh tr\u1ee5c v\u00edt Toshiba\" loading=\"lazy\" \/><\/a><\/figure>\n<h3><a href=\"https:\/\/asg.vn\/zh\/xi-lanh-truc-vit-may-ep-nhua-toshiba\/\">B\u1ed9 xi lanh tr\u1ee5c v\u00edt m\u00e1y \u00e9p nh\u1ef1a Toshiba<\/a><\/h3>\n<figure><a href=\"https:\/\/asg.vn\/zh\/xi-lanh-truc-vit-may-ep-nhua-jsw\/\"><img decoding=\"async\" width=\"300\" height=\"297\" src=\"https:\/\/asg.vn\/wp-content\/uploads\/2023\/03\/JSW-1-300x297.jpg\" alt=\"B\u1ed9 xi lanh tr\u1ee5c v\u00edt m\u00e1y \u00e9p nh\u1ef1a JSW\" loading=\"lazy\" \/><\/a><\/figure>\n<h3><a href=\"https:\/\/asg.vn\/zh\/xi-lanh-truc-vit-may-ep-nhua-jsw\/\">B\u1ed9 xi lanh tr\u1ee5c v\u00edt m\u00e1y \u00e9p nh\u1ef1a JSW<\/a><\/h3>\n<figure><a href=\"https:\/\/asg.vn\/zh\/xi-lanh-truc-vit-may-ep-nhua-arburg\/\"><img decoding=\"async\" width=\"300\" height=\"298\" src=\"https:\/\/asg.vn\/wp-content\/uploads\/2023\/03\/cxcxc-300x298.png\" alt=\"B\u1ed9 xilanh tr\u1ee5c v\u00edt cho m\u00e1y \u00e9p nh\u1ef1a Arburg\" loading=\"lazy\" \/><\/a><\/figure>\n<h3><a href=\"https:\/\/asg.vn\/zh\/xi-lanh-truc-vit-may-ep-nhua-arburg\/\">B\u1ed9 xi lanh tr\u1ee5c v\u00edt m\u00e1y \u00e9p nh\u1ef1a Arburg<\/a><\/h3>\n<figure><a href=\"https:\/\/asg.vn\/zh\/xi-lanh-truc-vit-may-ep-nhua-nissei\/\"><img decoding=\"async\" width=\"300\" height=\"300\" src=\"https:\/\/asg.vn\/wp-content\/uploads\/2023\/03\/Untitled-2-300x300.png\" alt=\"B\u1ed9 xi lanh tr\u1ee5c v\u00edt m\u00e1y \u00e9p nh\u1ef1a Nissei\" loading=\"lazy\" \/><\/a><\/figure>\n<h3><a href=\"https:\/\/asg.vn\/zh\/xi-lanh-truc-vit-may-ep-nhua-nissei\/\">B\u1ed9 xi lanh tr\u1ee5c v\u00edt m\u00e1y \u00e9p nh\u1ef1a Nissei<\/a><\/h3>\n<figure><a href=\"https:\/\/asg.vn\/zh\/xi-lanh-truc-vit-may-ep-nhua-fanuc\/\"><img decoding=\"async\" width=\"296\" height=\"300\" src=\"https:\/\/asg.vn\/wp-content\/uploads\/2023\/03\/Single-Injection-High-Wear-Resistant-Screw-Barrel-Assembly-for-Fanuc-Imm-296x300.jpg\" alt=\"B\u1ed9 xi lanh tr\u1ee5c v\u00edt m\u00e1y \u00e9p nh\u1ef1a Fanuc\" loading=\"lazy\" \/><\/a><\/figure>\n<h3><a href=\"https:\/\/asg.vn\/zh\/xi-lanh-truc-vit-may-ep-nhua-fanuc\/\">B\u1ed9 xi lanh tr\u1ee5c v\u00edt m\u00e1y \u00e9p nh\u1ef1a Fanuc<\/a><\/h3>\n<figure><a href=\"https:\/\/asg.vn\/zh\/xi-lanh-truc-vit-may-ep-nhua-niigata\/\"><img decoding=\"async\" width=\"300\" height=\"300\" src=\"https:\/\/asg.vn\/wp-content\/uploads\/2023\/03\/Niigata-Injection-Molding-Machine-Screw-Barrel-2-1-300x300.jpg\" alt=\"Xi lanh tr\u1ee5c v\u00edt m\u00e1y \u00e9p nh\u1ef1a Niigata\" loading=\"lazy\" \/><\/a><\/figure>\n<h3><a href=\"https:\/\/asg.vn\/zh\/xi-lanh-truc-vit-may-ep-nhua-niigata\/\">B\u1ed9 xi lanh tr\u1ee5c v\u00edt m\u00e1y \u00e9p nh\u1ef1a Niigata<\/a><\/h3>\n<figure><a href=\"https:\/\/asg.vn\/zh\/xi-lanh-truc-vit-may-ep-nhua-toyo\/\"><img decoding=\"async\" width=\"300\" height=\"298\" src=\"https:\/\/asg.vn\/wp-content\/uploads\/2023\/03\/ghjhj-300x298.png\" alt=\"B\u1ed9 xi lanh tr\u1ee5c v\u00edt m\u00e1y \u00e9p nh\u1ef1a Toyo\" loading=\"lazy\" \/><\/a><\/figure>\n<h3><a href=\"https:\/\/asg.vn\/zh\/xi-lanh-truc-vit-may-ep-nhua-toyo\/\">B\u1ed9 xi lanh tr\u1ee5c v\u00edt m\u00e1y \u00e9p nh\u1ef1a Toyo<\/a><\/h3>","protected":false},"excerpt":{"rendered":"<p>B\u1ed9 xi lanh tr\u1ee5c v\u00edt cho m\u00e1y \u00e9p nh\u1ef1a Haitian C\u00f4ng ty Haitian \u0111\u01b0\u1ee3c th\u00e0nh l\u1eadp v\u00e0o n\u0103m 1966 t\u1ea1i Th\u00e2m Quy\u1ebfn, Trung Qu\u1ed1c v\u00e0 \u0111\u00e3 ph\u00e1t tri\u1ec3n th\u00e0nh m\u1ed9t t\u1eadp \u0111o\u00e0n qu\u1ed1c t\u1ebf v\u1edbi h\u01a1n 25 chi nh\u00e1nh v\u00e0 \u0111\u1ea1i di\u1ec7n tr\u00ean kh\u1eafp th\u1ebf gi\u1edbi.V\u1edbi ph\u01b0\u01a1ng ch\u00e2m &#8220;S\u00e1ng t\u1ea1o, hi\u1ec7u qu\u1ea3 v\u00e0 b\u1ec1n v\u1eefng&#8221;,&#8230;<\/p>","protected":false},"author":24,"featured_media":2864,"parent":0,"menu_order":0,"comment_status":"closed","ping_status":"closed","template":"elementor_header_footer","meta":{"inline_featured_image":false,"footnotes":""},"yoast_head":"<!-- This site is optimized with the Yoast SEO plugin v22.5 - https:\/\/yoast.com\/wordpress\/plugins\/seo\/ -->\n<title>B\u1ed9 xi lanh tr\u1ee5c v\u00edt m\u00e1y \u00e9p nh\u1ef1a Haitian - C\u00f4ng ty TNHH ASG<\/title>\n<meta name=\"description\" content=\"B\u1ed9 xi lanh tr\u1ee5c v\u00edt m\u00e1y \u00e9p nh\u1ef1a Haitian, \u0111\u1ea7y \u0111\u1ee7 k\u00edch th\u01b0\u1edbc. \u0110\u01b0\u1eddng k\u00ednh: T\u1eeb D12mm \u2013 D120mm. Chi\u1ec1u d\u00e0i t\u1ed1i \u0111a: 3000mm. Ch\u1ea5t l\u01b0\u1ee3ng \u0111\u1ea3m b\u1ea3o.\" \/>\n<meta name=\"robots\" content=\"index, follow, max-snippet:-1, max-image-preview:large, max-video-preview:-1\" \/>\n<link rel=\"canonical\" href=\"https:\/\/asg.vn\/zh\/xi-lanh-truc-vit-may-ep-nhua-haitian\/\" \/>\n<meta property=\"og:locale\" content=\"zh_CN\" \/>\n<meta property=\"og:type\" content=\"article\" \/>\n<meta property=\"og:title\" content=\"B\u1ed9 xi lanh tr\u1ee5c v\u00edt m\u00e1y \u00e9p nh\u1ef1a Haitian - C\u00f4ng ty TNHH ASG\" \/>\n<meta property=\"og:description\" content=\"B\u1ed9 xi lanh tr\u1ee5c v\u00edt m\u00e1y \u00e9p nh\u1ef1a Haitian, \u0111\u1ea7y \u0111\u1ee7 k\u00edch th\u01b0\u1edbc. \u0110\u01b0\u1eddng k\u00ednh: T\u1eeb D12mm \u2013 D120mm. Chi\u1ec1u d\u00e0i t\u1ed1i \u0111a: 3000mm. Ch\u1ea5t l\u01b0\u1ee3ng \u0111\u1ea3m b\u1ea3o.\" \/>\n<meta property=\"og:url\" content=\"https:\/\/asg.vn\/zh\/xi-lanh-truc-vit-may-ep-nhua-haitian\/\" \/>\n<meta property=\"og:site_name\" content=\"C\u00f4ng ty TNHH ASG\" \/>\n<meta property=\"article:publisher\" content=\"https:\/\/www.facebook.com\/congtyasgvietnam\" \/>\n<meta property=\"article:modified_time\" content=\"2023-03-29T07:33:28+00:00\" \/>\n<meta property=\"og:image\" content=\"https:\/\/asg.vn\/wp-content\/uploads\/2023\/03\/haitian-IA-2500.jpg\" \/>\n\t<meta property=\"og:image:width\" content=\"2000\" \/>\n\t<meta property=\"og:image:height\" content=\"758\" \/>\n\t<meta property=\"og:image:type\" content=\"image\/jpeg\" \/>\n<meta name=\"twitter:card\" content=\"summary_large_image\" \/>\n<meta name=\"twitter:label1\" content=\"Est. reading time\" \/>\n\t<meta name=\"twitter:data1\" content=\"6 \u5206\" \/>\n<script type=\"application\/ld+json\" class=\"yoast-schema-graph\">{\"@context\":\"https:\/\/schema.org\",\"@graph\":[{\"@type\":\"WebPage\",\"@id\":\"https:\/\/asg.vn\/vi\/xi-lanh-truc-vit-may-ep-nhua-haitian\/\",\"url\":\"https:\/\/asg.vn\/vi\/xi-lanh-truc-vit-may-ep-nhua-haitian\/\",\"name\":\"B\u1ed9 xi lanh tr\u1ee5c v\u00edt m\u00e1y \u00e9p nh\u1ef1a Haitian - C\u00f4ng ty TNHH ASG\",\"isPartOf\":{\"@id\":\"https:\/\/asg.vn\/ja\/#website\"},\"primaryImageOfPage\":{\"@id\":\"https:\/\/asg.vn\/vi\/xi-lanh-truc-vit-may-ep-nhua-haitian\/#primaryimage\"},\"image\":{\"@id\":\"https:\/\/asg.vn\/vi\/xi-lanh-truc-vit-may-ep-nhua-haitian\/#primaryimage\"},\"thumbnailUrl\":\"https:\/\/asg.vn\/wp-content\/uploads\/2023\/03\/haitian-IA-2500.jpg\",\"datePublished\":\"2023-03-29T06:49:02+00:00\",\"dateModified\":\"2023-03-29T07:33:28+00:00\",\"description\":\"B\u1ed9 xi lanh tr\u1ee5c v\u00edt m\u00e1y \u00e9p nh\u1ef1a Haitian, \u0111\u1ea7y \u0111\u1ee7 k\u00edch th\u01b0\u1edbc. \u0110\u01b0\u1eddng k\u00ednh: T\u1eeb D12mm \u2013 D120mm. Chi\u1ec1u d\u00e0i t\u1ed1i \u0111a: 3000mm. Ch\u1ea5t l\u01b0\u1ee3ng \u0111\u1ea3m b\u1ea3o.\",\"breadcrumb\":{\"@id\":\"https:\/\/asg.vn\/vi\/xi-lanh-truc-vit-may-ep-nhua-haitian\/#breadcrumb\"},\"inLanguage\":\"zh-Hans\",\"potentialAction\":[{\"@type\":\"ReadAction\",\"target\":[\"https:\/\/asg.vn\/vi\/xi-lanh-truc-vit-may-ep-nhua-haitian\/\"]}]},{\"@type\":\"ImageObject\",\"inLanguage\":\"zh-Hans\",\"@id\":\"https:\/\/asg.vn\/vi\/xi-lanh-truc-vit-may-ep-nhua-haitian\/#primaryimage\",\"url\":\"https:\/\/asg.vn\/wp-content\/uploads\/2023\/03\/haitian-IA-2500.jpg\",\"contentUrl\":\"https:\/\/asg.vn\/wp-content\/uploads\/2023\/03\/haitian-IA-2500.jpg\",\"width\":2000,\"height\":758,\"caption\":\"Xi lanh tr\u1ee5c v\u00edt m\u00e1y \u00e9p nh\u1ef1a Haitian\"},{\"@type\":\"BreadcrumbList\",\"@id\":\"https:\/\/asg.vn\/vi\/xi-lanh-truc-vit-may-ep-nhua-haitian\/#breadcrumb\",\"itemListElement\":[{\"@type\":\"ListItem\",\"position\":1,\"name\":\"Home\",\"item\":\"https:\/\/asg.vn\/ja\/\"},{\"@type\":\"ListItem\",\"position\":2,\"name\":\"B\u1ed9 xi lanh tr\u1ee5c v\u00edt m\u00e1y \u00e9p nh\u1ef1a Haitian\"}]},{\"@type\":\"WebSite\",\"@id\":\"https:\/\/asg.vn\/ja\/#website\",\"url\":\"https:\/\/asg.vn\/ja\/\",\"name\":\"C\u00f4ng ty TNHH ASG\",\"description\":\"Th\u00e0nh c\u00f4ng b\u1eb1ng s\u1ef1 t\u1eed t\u1ebf\",\"publisher\":{\"@id\":\"https:\/\/asg.vn\/ja\/#organization\"},\"potentialAction\":[{\"@type\":\"SearchAction\",\"target\":{\"@type\":\"EntryPoint\",\"urlTemplate\":\"https:\/\/asg.vn\/ja\/?s={search_term_string}\"},\"query-input\":\"required name=search_term_string\"}],\"inLanguage\":\"zh-Hans\"},{\"@type\":\"Organization\",\"@id\":\"https:\/\/asg.vn\/ja\/#organization\",\"name\":\"C\u00f4ng ty TNHH ASG\",\"url\":\"https:\/\/asg.vn\/ja\/\",\"logo\":{\"@type\":\"ImageObject\",\"inLanguage\":\"zh-Hans\",\"@id\":\"https:\/\/asg.vn\/ja\/#\/schema\/logo\/image\/\",\"url\":\"https:\/\/asg.vn\/wp-content\/uploads\/2023\/03\/z4110917483185_83f9ec26924715fb77663fd2b8bef540.jpg\",\"contentUrl\":\"https:\/\/asg.vn\/wp-content\/uploads\/2023\/03\/z4110917483185_83f9ec26924715fb77663fd2b8bef540.jpg\",\"width\":1038,\"height\":324,\"caption\":\"C\u00f4ng ty TNHH ASG\"},\"image\":{\"@id\":\"https:\/\/asg.vn\/ja\/#\/schema\/logo\/image\/\"},\"sameAs\":[\"https:\/\/www.facebook.com\/congtyasgvietnam\"]}]}<\/script>\n<!-- \/ Yoast SEO plugin. -->","yoast_head_json":{"title":"B\u1ed9 xi lanh tr\u1ee5c v\u00edt m\u00e1y \u00e9p nh\u1ef1a Haitian - C\u00f4ng ty TNHH ASG","description":"B\u1ed9 xi lanh tr\u1ee5c v\u00edt m\u00e1y \u00e9p nh\u1ef1a Haitian, \u0111\u1ea7y \u0111\u1ee7 k\u00edch th\u01b0\u1edbc. \u0110\u01b0\u1eddng k\u00ednh: T\u1eeb D12mm \u2013 D120mm. Chi\u1ec1u d\u00e0i t\u1ed1i \u0111a: 3000mm. Ch\u1ea5t l\u01b0\u1ee3ng \u0111\u1ea3m b\u1ea3o.","robots":{"index":"index","follow":"follow","max-snippet":"max-snippet:-1","max-image-preview":"max-image-preview:large","max-video-preview":"max-video-preview:-1"},"canonical":"https:\/\/asg.vn\/zh\/xi-lanh-truc-vit-may-ep-nhua-haitian\/","og_locale":"zh_CN","og_type":"article","og_title":"B\u1ed9 xi lanh tr\u1ee5c v\u00edt m\u00e1y \u00e9p nh\u1ef1a Haitian - C\u00f4ng ty TNHH ASG","og_description":"B\u1ed9 xi lanh tr\u1ee5c v\u00edt m\u00e1y \u00e9p nh\u1ef1a Haitian, \u0111\u1ea7y \u0111\u1ee7 k\u00edch th\u01b0\u1edbc. \u0110\u01b0\u1eddng k\u00ednh: T\u1eeb D12mm \u2013 D120mm. Chi\u1ec1u d\u00e0i t\u1ed1i \u0111a: 3000mm. Ch\u1ea5t l\u01b0\u1ee3ng \u0111\u1ea3m b\u1ea3o.","og_url":"https:\/\/asg.vn\/zh\/xi-lanh-truc-vit-may-ep-nhua-haitian\/","og_site_name":"C\u00f4ng ty TNHH ASG","article_publisher":"https:\/\/www.facebook.com\/congtyasgvietnam","article_modified_time":"2023-03-29T07:33:28+00:00","og_image":[{"width":2000,"height":758,"url":"https:\/\/asg.vn\/wp-content\/uploads\/2023\/03\/haitian-IA-2500.jpg","type":"image\/jpeg"}],"twitter_card":"summary_large_image","twitter_misc":{"Est. reading time":"6 \u5206"},"schema":{"@context":"https:\/\/schema.org","@graph":[{"@type":"WebPage","@id":"https:\/\/asg.vn\/vi\/xi-lanh-truc-vit-may-ep-nhua-haitian\/","url":"https:\/\/asg.vn\/vi\/xi-lanh-truc-vit-may-ep-nhua-haitian\/","name":"B\u1ed9 xi lanh tr\u1ee5c v\u00edt m\u00e1y \u00e9p nh\u1ef1a Haitian - C\u00f4ng ty TNHH ASG","isPartOf":{"@id":"https:\/\/asg.vn\/ja\/#website"},"primaryImageOfPage":{"@id":"https:\/\/asg.vn\/vi\/xi-lanh-truc-vit-may-ep-nhua-haitian\/#primaryimage"},"image":{"@id":"https:\/\/asg.vn\/vi\/xi-lanh-truc-vit-may-ep-nhua-haitian\/#primaryimage"},"thumbnailUrl":"https:\/\/asg.vn\/wp-content\/uploads\/2023\/03\/haitian-IA-2500.jpg","datePublished":"2023-03-29T06:49:02+00:00","dateModified":"2023-03-29T07:33:28+00:00","description":"B\u1ed9 xi lanh tr\u1ee5c v\u00edt m\u00e1y \u00e9p nh\u1ef1a Haitian, \u0111\u1ea7y \u0111\u1ee7 k\u00edch th\u01b0\u1edbc. \u0110\u01b0\u1eddng k\u00ednh: T\u1eeb D12mm \u2013 D120mm. Chi\u1ec1u d\u00e0i t\u1ed1i \u0111a: 3000mm. Ch\u1ea5t l\u01b0\u1ee3ng \u0111\u1ea3m b\u1ea3o.","breadcrumb":{"@id":"https:\/\/asg.vn\/vi\/xi-lanh-truc-vit-may-ep-nhua-haitian\/#breadcrumb"},"inLanguage":"zh-Hans","potentialAction":[{"@type":"ReadAction","target":["https:\/\/asg.vn\/vi\/xi-lanh-truc-vit-may-ep-nhua-haitian\/"]}]},{"@type":"ImageObject","inLanguage":"zh-Hans","@id":"https:\/\/asg.vn\/vi\/xi-lanh-truc-vit-may-ep-nhua-haitian\/#primaryimage","url":"https:\/\/asg.vn\/wp-content\/uploads\/2023\/03\/haitian-IA-2500.jpg","contentUrl":"https:\/\/asg.vn\/wp-content\/uploads\/2023\/03\/haitian-IA-2500.jpg","width":2000,"height":758,"caption":"Xi lanh tr\u1ee5c v\u00edt m\u00e1y \u00e9p nh\u1ef1a Haitian"},{"@type":"BreadcrumbList","@id":"https:\/\/asg.vn\/vi\/xi-lanh-truc-vit-may-ep-nhua-haitian\/#breadcrumb","itemListElement":[{"@type":"ListItem","position":1,"name":"Home","item":"https:\/\/asg.vn\/ja\/"},{"@type":"ListItem","position":2,"name":"B\u1ed9 xi lanh tr\u1ee5c v\u00edt m\u00e1y \u00e9p nh\u1ef1a Haitian"}]},{"@type":"WebSite","@id":"https:\/\/asg.vn\/ja\/#website","url":"https:\/\/asg.vn\/ja\/","name":"C\u00f4ng ty TNHH ASG","description":"Th\u00e0nh c\u00f4ng b\u1eb1ng s\u1ef1 t\u1eed t\u1ebf","publisher":{"@id":"https:\/\/asg.vn\/ja\/#organization"},"potentialAction":[{"@type":"SearchAction","target":{"@type":"EntryPoint","urlTemplate":"https:\/\/asg.vn\/ja\/?s={search_term_string}"},"query-input":"required name=search_term_string"}],"inLanguage":"zh-Hans"},{"@type":"Organization","@id":"https:\/\/asg.vn\/ja\/#organization","name":"C\u00f4ng ty TNHH ASG","url":"https:\/\/asg.vn\/ja\/","logo":{"@type":"ImageObject","inLanguage":"zh-Hans","@id":"https:\/\/asg.vn\/ja\/#\/schema\/logo\/image\/","url":"https:\/\/asg.vn\/wp-content\/uploads\/2023\/03\/z4110917483185_83f9ec26924715fb77663fd2b8bef540.jpg","contentUrl":"https:\/\/asg.vn\/wp-content\/uploads\/2023\/03\/z4110917483185_83f9ec26924715fb77663fd2b8bef540.jpg","width":1038,"height":324,"caption":"C\u00f4ng ty TNHH ASG"},"image":{"@id":"https:\/\/asg.vn\/ja\/#\/schema\/logo\/image\/"},"sameAs":["https:\/\/www.facebook.com\/congtyasgvietnam"]}]}},"_links":{"self":[{"href":"https:\/\/asg.vn\/zh\/wp-json\/wp\/v2\/pages\/2863"}],"collection":[{"href":"https:\/\/asg.vn\/zh\/wp-json\/wp\/v2\/pages"}],"about":[{"href":"https:\/\/asg.vn\/zh\/wp-json\/wp\/v2\/types\/page"}],"author":[{"embeddable":true,"href":"https:\/\/asg.vn\/zh\/wp-json\/wp\/v2\/users\/24"}],"replies":[{"embeddable":true,"href":"https:\/\/asg.vn\/zh\/wp-json\/wp\/v2\/comments?post=2863"}],"version-history":[{"count":13,"href":"https:\/\/asg.vn\/zh\/wp-json\/wp\/v2\/pages\/2863\/revisions"}],"predecessor-version":[{"id":2889,"href":"https:\/\/asg.vn\/zh\/wp-json\/wp\/v2\/pages\/2863\/revisions\/2889"}],"wp:featuredmedia":[{"embeddable":true,"href":"https:\/\/asg.vn\/zh\/wp-json\/wp\/v2\/media\/2864"}],"wp:attachment":[{"href":"https:\/\/asg.vn\/zh\/wp-json\/wp\/v2\/media?parent=2863"}],"curies":[{"name":"wp","href":"https:\/\/api.w.org\/{rel}","templated":true}]}}