{"id":2352,"date":"2023-03-28T02:55:50","date_gmt":"2023-03-27T19:55:50","guid":{"rendered":"https:\/\/asg.vn\/?page_id=2352"},"modified":"2023-03-29T11:35:07","modified_gmt":"2023-03-29T04:35:07","slug":"xi-lanh-truc-vit-may-ep-nhua-jsw","status":"publish","type":"page","link":"https:\/\/asg.vn\/zh\/xi-lanh-truc-vit-may-ep-nhua-jsw\/","title":{"rendered":"B\u1ed9 xi lanh tr\u1ee5c v\u00edt m\u00e1y \u00e9p nh\u1ef1a JSW"},"content":{"rendered":"<p>B\u1ed9 xi lanh tr\u1ee5c v\u00edt cho m\u00e1y \u00e9p nh\u1ef1a JSW<br \/>\n\t\t\t\t\t\t\t\t\t\t\t\t\t\t\t<img decoding=\"async\" width=\"1000\" height=\"401\" src=\"https:\/\/asg.vn\/wp-content\/uploads\/2023\/03\/may-ep-nhua-JSW-ASG.jpg\" alt=\"m\u00e1y \u00e9p nh\u1ef1a JSW ASG\" loading=\"lazy\" srcset=\"https:\/\/asg.vn\/wp-content\/uploads\/2023\/03\/may-ep-nhua-JSW-ASG.jpg 1000w, https:\/\/asg.vn\/wp-content\/uploads\/2023\/03\/may-ep-nhua-JSW-ASG-300x120.jpg 300w, https:\/\/asg.vn\/wp-content\/uploads\/2023\/03\/may-ep-nhua-JSW-ASG-768x308.jpg 768w\" sizes=\"(max-width: 1000px) 100vw, 1000px\" \/>\t\t\t\t\t\t\t\t\t\t\t\t\t\t\t<\/p>\n<blockquote>\n<p>\n\t\t\t\t\u0110\u01b0\u1ee3c th\u00e0nh l\u1eadp v\u00e0o n\u0103m 1949 t\u1ea1i Nh\u1eadt B\u1ea3n, JSW \u0111\u00e3 c\u00f3 h\u01a1n 70 n\u0103m kinh nghi\u1ec7m trong vi\u1ec7c s\u1ea3n xu\u1ea5t c\u00e1c s\u1ea3n ph\u1ea9m ch\u1ea5t l\u01b0\u1ee3ng cao v\u00e0 \u0111\u00e1p \u1ee9ng \u0111\u01b0\u1ee3c c\u00e1c y\u00eau c\u1ea7u kh\u1eaft khe c\u1ee7a th\u1ecb tr\u01b0\u1eddng.\u0110\u1eb7c bi\u1ec7t, m\u00e1y \u00e9p nh\u1ef1a JSW \u0111\u01b0\u1ee3c \u0111\u00e1nh gi\u00e1 cao v\u1ec1 t\u00ednh n\u0103ng an to\u00e0n v\u00e0 b\u1ea3o v\u1ec7 m\u00f4i tr\u01b0\u1eddng, v\u1edbi c\u00e1c c\u00f4ng ngh\u1ec7 ti\u00ean ti\u1ebfn gi\u00fap gi\u1ea3m thi\u1ec3u l\u01b0\u1ee3ng ch\u1ea5t th\u1ea3i v\u00e0 ti\u1ebft ki\u1ec7m n\u0103ng l\u01b0\u1ee3ng trong qu\u00e1 tr\u00ecnh s\u1ea3n xu\u1ea5t.\t\t\t<\/p>\n<\/blockquote>\n<h2>B\u1ed9 xilanh tr\u1ee5c v\u00edt cho m\u00e1y \u00e9p nh\u1ef1a JSW do ch\u00fang t\u00f4i s\u1ea3n xu\u1ea5t c\u00f3 \u0111\u1ea7y \u0111\u1ee7 model c\u1ee7a h\u00e3ng.<\/h2>\n<ul>\n<li>D\u00f2ng JADS: J30ADS, J50ADS, J80ADS, J100ADS, J130ADS, J180ADS, J220ADS, J280ADS, J350ADS, J450ADS, J550ADS, J650ADS, J850ADS, J850ADSW, J1000AD, J1300AD, J1800AD<\/li>\n<li>D\u00f2ng JTADS: JT20RADS, JT40RADS, JT70RADS, JT100RADS, JT150RADS, JT22RADS<br \/>Model: JT40ADS, JT70ADS ,&#8230;<\/li>\n<li>D\u00f2ng M-ADS-TS \/ RJ \/ BMC<\/li>\n<li>C\u00e1c d\u00f2ng m\u00e1y kh\u00e1c c\u1ee7a h\u00e3ng JSW<\/li>\n<\/ul>\n<p>\t\t\t\t\t\t\t<a href=\"https:\/\/asg.vn\/wp-content\/uploads\/2023\/03\/may-ep-nhua-JSW-ASG-j40-min.jpg\" data-elementor-open-lightbox=\"yes\" data-elementor-lightbox-slideshow=\"6302334e\" data-elementor-lightbox-title=\"m\u00e1y \u00e9p nh\u1ef1a JSW ASG\" data-elementor-lightbox-description=\"m\u00e1y \u00e9p nh\u1ef1a JSW ASG\" data-e-action-hash=\"#elementor-action%3Aaction%3Dlightbox%26settings%3DeyJpZCI6MjM5MCwidXJsIjoiaHR0cDpcL1wvYXNnLnZuXC93cC1jb250ZW50XC91cGxvYWRzXC8yMDIzXC8wM1wvbWF5LWVwLW5odWEtSlNXLUFTRy1qNDAtbWluLmpwZyIsInNsaWRlc2hvdyI6IjYzMDIzMzRlIn0%3D\"><br \/>\n\t\t<\/a><br \/>\n\t\t\t\t\t\t\t<a href=\"https:\/\/asg.vn\/wp-content\/uploads\/2023\/03\/may-ep-nhua-JSW-ASG-J850E.webp\" data-elementor-open-lightbox=\"yes\" data-elementor-lightbox-slideshow=\"6302334e\" data-elementor-lightbox-title=\"m\u00e1y \u00e9p nh\u1ef1a JSW ASG J850E\" data-elementor-lightbox-description=\"m\u00e1y \u00e9p nh\u1ef1a JSW ASG\" data-e-action-hash=\"#elementor-action%3Aaction%3Dlightbox%26settings%3DeyJpZCI6MjM4OCwidXJsIjoiaHR0cDpcL1wvYXNnLnZuXC93cC1jb250ZW50XC91cGxvYWRzXC8yMDIzXC8wM1wvbWF5LWVwLW5odWEtSlNXLUFTRy1KODUwRS53ZWJwIiwic2xpZGVzaG93IjoiNjMwMjMzNGUifQ%3D%3D\"><br \/>\n\t\t<\/a><br \/>\n\t\t\t\t\t\t\t<a href=\"https:\/\/asg.vn\/wp-content\/uploads\/2023\/03\/may-ep-nhua-JSW-ASG-J550E.webp\" data-elementor-open-lightbox=\"yes\" data-elementor-lightbox-slideshow=\"6302334e\" data-elementor-lightbox-title=\"m\u00e1y \u00e9p nh\u1ef1a JSW ASG J550E\" data-elementor-lightbox-description=\"m\u00e1y \u00e9p nh\u1ef1a JSW ASG\" data-e-action-hash=\"#elementor-action%3Aaction%3Dlightbox%26settings%3DeyJpZCI6MjM4NywidXJsIjoiaHR0cDpcL1wvYXNnLnZuXC93cC1jb250ZW50XC91cGxvYWRzXC8yMDIzXC8wM1wvbWF5LWVwLW5odWEtSlNXLUFTRy1KNTUwRS53ZWJwIiwic2xpZGVzaG93IjoiNjMwMjMzNGUifQ%3D%3D\"><br \/>\n\t\t<\/a><br \/>\n\t\t\t\t\t\t\t<a href=\"https:\/\/asg.vn\/wp-content\/uploads\/2023\/03\/may-ep-nhua-JSW-ASG-j450E.png\" data-elementor-open-lightbox=\"yes\" data-elementor-lightbox-slideshow=\"6302334e\" data-elementor-lightbox-title=\"m\u00e1y \u00e9p nh\u1ef1a JSW ASG j450E\" data-elementor-lightbox-description=\"m\u00e1y \u00e9p nh\u1ef1a JSW ASG\" data-e-action-hash=\"#elementor-action%3Aaction%3Dlightbox%26settings%3DeyJpZCI6MjM4NiwidXJsIjoiaHR0cDpcL1wvYXNnLnZuXC93cC1jb250ZW50XC91cGxvYWRzXC8yMDIzXC8wM1wvbWF5LWVwLW5odWEtSlNXLUFTRy1qNDUwRS5wbmciLCJzbGlkZXNob3ciOiI2MzAyMzM0ZSJ9\"><br \/>\n\t\t<\/a><br \/>\n\t\t\t\t\t\t\t<a href=\"https:\/\/asg.vn\/wp-content\/uploads\/2023\/03\/may-ep-nhua-JSW-ASG-j450e2-min-scaled.jpg\" data-elementor-open-lightbox=\"yes\" data-elementor-lightbox-slideshow=\"6302334e\" data-elementor-lightbox-title=\"m\u00e1y \u00e9p nh\u1ef1a JSW ASG j450e2-min\" data-elementor-lightbox-description=\"m\u00e1y \u00e9p nh\u1ef1a JSW ASG\" data-e-action-hash=\"#elementor-action%3Aaction%3Dlightbox%26settings%3DeyJpZCI6MjM4NSwidXJsIjoiaHR0cDpcL1wvYXNnLnZuXC93cC1jb250ZW50XC91cGxvYWRzXC8yMDIzXC8wM1wvbWF5LWVwLW5odWEtSlNXLUFTRy1qNDUwZTItbWluLXNjYWxlZC5qcGciLCJzbGlkZXNob3ciOiI2MzAyMzM0ZSJ9\"><br \/>\n\t\t<\/a>\t\t\t\t\t\t<\/p>\n<p>M\u1ed9t s\u1ed1 h\u00ecnh \u1ea3nh c\u1ee7a m\u00e1y \u00e9p nh\u1ef1a JSW<\/p>\n<h2>Xi lanh tr\u1ee5c v\u00edt cho m\u00e1y \u00e9p nh\u1ef1a JSW c\u1ee7a ASG<\/h2>\n<h3 style=\"color: #6ec1e4;\">C\u00f4ng ngh\u1ec7 ch\u1ebf t\u1ea1o<\/h3>\n<ul>\n<li style=\"list-style-type: none;\">\n<ul>\n<li>Xilanh: Ph\u1ee7 h\u1ee3p kim ly t\u00e2m, Nitrider, Th\u00e9p h\u1ee3p kim \u0111\u1eb7c bi\u1ec7t.<\/li>\n<li>Adapter, Nozzle: Th\u00e9p h\u1ee3p kim \u0111\u1eb7c bi\u1ec7t, Nitrider<\/li>\n<li>Tr\u1ee5c v\u00edt, B\u1ed9 \u0111\u1ea7u tr\u1ee5c v\u00edt: B\u1ed9 \u0111\u1ea7u tr\u1ee5c v\u00edt:Ph\u1ee7\u00a0HVOF,\u00a0PVD Coating, Th\u00e9p h\u1ee3p kim \u0111\u1eb7c bi\u1ec7t, H\u00e0n PTA, Nitrider&#8230;<\/li>\n<\/ul>\n<\/li>\n<\/ul>\n<figure>\n\t\t\t\t\t\t\t\t\t\t\t<a href=\"https:\/\/asg.vn\/wp-content\/uploads\/2023\/03\/JSW.jpg\" data-elementor-open-lightbox=\"yes\" data-elementor-lightbox-title=\"B\u1ed9 xilanh tr\u1ee5c v\u00edt cho m\u00e1y \u00e9p nh\u1ef1a JSW\" data-e-action-hash=\"#elementor-action%3Aaction%3Dlightbox%26settings%3DeyJpZCI6MjE1NywidXJsIjoiaHR0cDpcL1wvYXNnLnZuXC93cC1jb250ZW50XC91cGxvYWRzXC8yMDIzXC8wM1wvSlNXLmpwZyJ9\"><br \/>\n\t\t\t\t\t\t\t<img decoding=\"async\" width=\"704\" height=\"282\" src=\"https:\/\/asg.vn\/wp-content\/uploads\/2023\/03\/JSW.jpg\" alt=\"B\u1ed9 xilanh tr\u1ee5c v\u00edt cho m\u00e1y \u00e9p nh\u1ef1a JSW\" loading=\"lazy\" srcset=\"https:\/\/asg.vn\/wp-content\/uploads\/2023\/03\/JSW.jpg 704w, https:\/\/asg.vn\/wp-content\/uploads\/2023\/03\/JSW-300x120.jpg 300w\" sizes=\"(max-width: 704px) 100vw, 704px\" \/>\t\t\t\t\t\t\t\t<\/a><figcaption>B\u1ed9 xi lanh tr\u1ee5c v\u00edt m\u00e1y \u00e9p nh\u1ef1a JSW<\/figcaption><\/figure>\n<h3 style=\"color: #6ec1e4;\">Quy c\u00e1ch k\u1ef9 thu\u1eadt<\/h3>\n<ul>\n<li style=\"list-style-type: none;\">\n<ul>\n<li>\u0110\u01b0\u1eddng k\u00ednh: T\u1eeb\u00a0<b style=\"color: black;\">D12mm \u2013 D120mm<\/b><\/li>\n<li>Chi\u1ec1u d\u00e0i t\u1ed1i \u0111a:\u00a0<strong style=\"color: black;\">3000mm<\/strong><\/li>\n<\/ul>\n<\/li>\n<\/ul>\n<h3 style=\"color: #6ec1e4;\">B\u1ed9 xilanh tr\u1ee5c v\u00edt cho m\u00e1y \u00e9p nh\u1ef1a JSW ph\u00f9 h\u1ee3p s\u1eed d\u1ee5ng v\u1edbi c\u00e1c lo\u1ea1i nh\u1ef1a<\/h3>\n<ul>\n<li>ABS, HI-PS, PP, HDPE, POM\u2026t\u1ec9 l\u1ec7 th\u1ee7y tinh t\u1edbi 60%<\/li>\n<li>PET\u2026t\u1ec9 l\u1ec7 th\u1ee7y tinh t\u1edbi 60%<\/li>\n<li>PC trong, PC m\u00e0u\u2026t\u1ec9 l\u1ec7 th\u1ee7y tinh t\u1edbi 60%<\/li>\n<li>PA6, PA66, PA9T, PPS, LCP, PEEK\u2026.t\u1ec9 l\u1ec7 th\u1ee7y tinh t\u1edbi 60%<\/li>\n<li>PVC, Bakelite\u2026t\u1ec9 l\u1ec7 th\u1ee7y tinh t\u1edbi 60%<\/li>\n<\/ul>\n<p>\t\t\t\tS\u1ea3n ph\u1ea9m <b>t\u01b0\u01a1ng t\u1ef1<\/b>\t\t\t\t<\/p>\n<figure><a href=\"https:\/\/asg.vn\/zh\/xi-lanh-truc-vit-may-ep-nhua-sumitomo\/\"><img decoding=\"async\" width=\"300\" height=\"298\" src=\"https:\/\/asg.vn\/wp-content\/uploads\/2023\/03\/sumitomo-1-300x298.jpg\" alt=\"B\u1ed9 xi lanh tr\u1ee5c v\u00edt Sumitomo\" loading=\"lazy\" \/><\/a><\/figure>\n<h3><a href=\"https:\/\/asg.vn\/zh\/xi-lanh-truc-vit-may-ep-nhua-sumitomo\/\">B\u1ed9 xi lanh tr\u1ee5c v\u00edt m\u00e1y \u00e9p nh\u1ef1a Sumitomo<\/a><\/h3>\n<figure><a href=\"https:\/\/asg.vn\/zh\/xi-lanh-truc-vit-may-ep-nhua-toshiba\/\"><img decoding=\"async\" width=\"300\" height=\"300\" src=\"https:\/\/asg.vn\/wp-content\/uploads\/2023\/03\/Toshiba-1-300x300.jpg\" alt=\"B\u1ed9 xi lanh tr\u1ee5c v\u00edt Toshiba\" loading=\"lazy\" \/><\/a><\/figure>\n<h3><a href=\"https:\/\/asg.vn\/zh\/xi-lanh-truc-vit-may-ep-nhua-toshiba\/\">B\u1ed9 xi lanh tr\u1ee5c v\u00edt m\u00e1y \u00e9p nh\u1ef1a Toshiba<\/a><\/h3>\n<figure><a href=\"https:\/\/asg.vn\/zh\/xi-lanh-truc-vit-may-ep-nhua-arburg\/\"><img decoding=\"async\" width=\"300\" height=\"298\" src=\"https:\/\/asg.vn\/wp-content\/uploads\/2023\/03\/cxcxc-300x298.png\" alt=\"B\u1ed9 xilanh tr\u1ee5c v\u00edt cho m\u00e1y \u00e9p nh\u1ef1a Arburg\" loading=\"lazy\" \/><\/a><\/figure>\n<h3><a href=\"https:\/\/asg.vn\/zh\/xi-lanh-truc-vit-may-ep-nhua-arburg\/\">B\u1ed9 xi lanh tr\u1ee5c v\u00edt m\u00e1y \u00e9p nh\u1ef1a Arburg<\/a><\/h3>\n<figure><a href=\"https:\/\/asg.vn\/zh\/xi-lanh-truc-vit-may-ep-nhua-nissei\/\"><img decoding=\"async\" width=\"300\" height=\"297\" src=\"https:\/\/asg.vn\/wp-content\/uploads\/2023\/03\/gfdgdf-300x297.png\" alt=\"B\u1ed9 xilanh tr\u1ee5c v\u00edt cho m\u00e1y \u00e9p nh\u1ef1a Nissei\" loading=\"lazy\" \/><\/a><\/figure>\n<h3><a href=\"https:\/\/asg.vn\/zh\/xi-lanh-truc-vit-may-ep-nhua-nissei\/\">B\u1ed9 xi lanh tr\u1ee5c v\u00edt m\u00e1y \u00e9p nh\u1ef1a Nissei<\/a><\/h3>\n<figure><a href=\"https:\/\/asg.vn\/zh\/xi-lanh-truc-vit-may-ep-nhua-haitian\/\"><img decoding=\"async\" width=\"300\" height=\"297\" src=\"https:\/\/asg.vn\/wp-content\/uploads\/2023\/03\/gfgdfgdfgdf-300x297.png\" alt=\"B\u1ed9 xilanh tr\u1ee5c v\u00edt cho m\u00e1y \u00e9p nh\u1ef1a Haitian\" loading=\"lazy\" \/><\/a><\/figure>\n<h3><a href=\"https:\/\/asg.vn\/zh\/xi-lanh-truc-vit-may-ep-nhua-haitian\/\">B\u1ed9 xi lanh tr\u1ee5c v\u00edt m\u00e1y \u00e9p nh\u1ef1a Haitian<\/a><\/h3>\n<figure><a href=\"https:\/\/asg.vn\/zh\/xi-lanh-truc-vit-may-ep-nhua-fanuc\/\"><img decoding=\"async\" width=\"296\" height=\"300\" src=\"https:\/\/asg.vn\/wp-content\/uploads\/2023\/03\/Single-Injection-High-Wear-Resistant-Screw-Barrel-Assembly-for-Fanuc-Imm-296x300.jpg\" alt=\"B\u1ed9 xi lanh tr\u1ee5c v\u00edt m\u00e1y \u00e9p nh\u1ef1a Fanuc\" loading=\"lazy\" \/><\/a><\/figure>\n<h3><a href=\"https:\/\/asg.vn\/zh\/xi-lanh-truc-vit-may-ep-nhua-fanuc\/\">B\u1ed9 xi lanh tr\u1ee5c v\u00edt m\u00e1y \u00e9p nh\u1ef1a Fanuc<\/a><\/h3>\n<figure><a href=\"https:\/\/asg.vn\/zh\/xi-lanh-truc-vit-may-ep-nhua-niigata\/\"><img decoding=\"async\" width=\"300\" height=\"300\" src=\"https:\/\/asg.vn\/wp-content\/uploads\/2023\/03\/Niigata-Injection-Molding-Machine-Screw-Barrel-2-1-300x300.jpg\" alt=\"Xi lanh tr\u1ee5c v\u00edt m\u00e1y \u00e9p nh\u1ef1a Niigata\" loading=\"lazy\" \/><\/a><\/figure>\n<h3><a href=\"https:\/\/asg.vn\/zh\/xi-lanh-truc-vit-may-ep-nhua-niigata\/\">B\u1ed9 xi lanh tr\u1ee5c v\u00edt m\u00e1y \u00e9p nh\u1ef1a Niigata<\/a><\/h3>\n<figure><a href=\"https:\/\/asg.vn\/zh\/xi-lanh-truc-vit-may-ep-nhua-toyo\/\"><img decoding=\"async\" width=\"300\" height=\"298\" src=\"https:\/\/asg.vn\/wp-content\/uploads\/2023\/03\/ghjhj-300x298.png\" alt=\"B\u1ed9 xi lanh tr\u1ee5c v\u00edt m\u00e1y \u00e9p nh\u1ef1a Toyo\" loading=\"lazy\" \/><\/a><\/figure>\n<h3><a href=\"https:\/\/asg.vn\/zh\/xi-lanh-truc-vit-may-ep-nhua-toyo\/\">B\u1ed9 xi lanh tr\u1ee5c v\u00edt m\u00e1y \u00e9p nh\u1ef1a Toyo<\/a><\/h3>","protected":false},"excerpt":{"rendered":"<p>B\u1ed9 xi lanh tr\u1ee5c v\u00edt cho m\u00e1y \u00e9p nh\u1ef1a JSW \u0110\u01b0\u1ee3c th\u00e0nh l\u1eadp v\u00e0o n\u0103m 1949 t\u1ea1i Nh\u1eadt B\u1ea3n, JSW \u0111\u00e3 c\u00f3 h\u01a1n 70 n\u0103m kinh nghi\u1ec7m trong vi\u1ec7c s\u1ea3n xu\u1ea5t c\u00e1c s\u1ea3n ph\u1ea9m ch\u1ea5t l\u01b0\u1ee3ng cao v\u00e0 \u0111\u00e1p \u1ee9ng \u0111\u01b0\u1ee3c c\u00e1c y\u00eau c\u1ea7u kh\u1eaft khe c\u1ee7a th\u1ecb tr\u01b0\u1eddng.\u0110\u1eb7c bi\u1ec7t, m\u00e1y \u00e9p nh\u1ef1a JSW \u0111\u01b0\u1ee3c&#8230;<\/p>","protected":false},"author":24,"featured_media":2157,"parent":0,"menu_order":0,"comment_status":"closed","ping_status":"closed","template":"elementor_header_footer","meta":{"inline_featured_image":false,"footnotes":""},"yoast_head":"<!-- This site is optimized with the Yoast SEO plugin v22.5 - https:\/\/yoast.com\/wordpress\/plugins\/seo\/ -->\n<title>B\u1ed9 xi lanh tr\u1ee5c v\u00edt m\u00e1y \u00e9p nh\u1ef1a JSW - C\u00f4ng ty TNHH ASG<\/title>\n<meta name=\"description\" content=\"B\u1ed9 xi lanh tr\u1ee5c v\u00edt m\u00e1y \u00e9p nh\u1ef1a JSW , \u0111\u1ea7y \u0111\u1ee7 k\u00edch th\u01b0\u1edbc. \u0110\u01b0\u1eddng k\u00ednh: T\u1eeb D12mm \u2013 D120mm. Chi\u1ec1u d\u00e0i t\u1ed1i \u0111a: 3000mm. Ch\u1ea5t l\u01b0\u1ee3ng \u0111\u1ea3m b\u1ea3o.\" \/>\n<meta name=\"robots\" content=\"index, follow, max-snippet:-1, max-image-preview:large, max-video-preview:-1\" \/>\n<link rel=\"canonical\" href=\"https:\/\/asg.vn\/zh\/xi-lanh-truc-vit-may-ep-nhua-jsw\/\" \/>\n<meta property=\"og:locale\" content=\"zh_CN\" \/>\n<meta property=\"og:type\" content=\"article\" \/>\n<meta property=\"og:title\" content=\"B\u1ed9 xi lanh tr\u1ee5c v\u00edt m\u00e1y \u00e9p nh\u1ef1a JSW - C\u00f4ng ty TNHH ASG\" \/>\n<meta property=\"og:description\" content=\"B\u1ed9 xi lanh tr\u1ee5c v\u00edt m\u00e1y \u00e9p nh\u1ef1a JSW , \u0111\u1ea7y \u0111\u1ee7 k\u00edch th\u01b0\u1edbc. \u0110\u01b0\u1eddng k\u00ednh: T\u1eeb D12mm \u2013 D120mm. Chi\u1ec1u d\u00e0i t\u1ed1i \u0111a: 3000mm. Ch\u1ea5t l\u01b0\u1ee3ng \u0111\u1ea3m b\u1ea3o.\" \/>\n<meta property=\"og:url\" content=\"https:\/\/asg.vn\/zh\/xi-lanh-truc-vit-may-ep-nhua-jsw\/\" \/>\n<meta property=\"og:site_name\" content=\"C\u00f4ng ty TNHH ASG\" \/>\n<meta property=\"article:publisher\" content=\"https:\/\/www.facebook.com\/congtyasgvietnam\" \/>\n<meta property=\"article:modified_time\" content=\"2023-03-29T04:35:07+00:00\" \/>\n<meta property=\"og:image\" content=\"https:\/\/asg.vn\/wp-content\/uploads\/2023\/03\/JSW.jpg\" \/>\n\t<meta property=\"og:image:width\" content=\"704\" \/>\n\t<meta property=\"og:image:height\" content=\"282\" \/>\n\t<meta property=\"og:image:type\" content=\"image\/jpeg\" \/>\n<meta name=\"twitter:card\" content=\"summary_large_image\" \/>\n<meta name=\"twitter:label1\" content=\"Est. reading time\" \/>\n\t<meta name=\"twitter:data1\" content=\"5 \u5206\" \/>\n<script type=\"application\/ld+json\" class=\"yoast-schema-graph\">{\"@context\":\"https:\/\/schema.org\",\"@graph\":[{\"@type\":\"WebPage\",\"@id\":\"https:\/\/asg.vn\/ja\/xi-lanh-truc-vit-may-ep-nhua-jsw\/\",\"url\":\"https:\/\/asg.vn\/ja\/xi-lanh-truc-vit-may-ep-nhua-jsw\/\",\"name\":\"B\u1ed9 xi lanh tr\u1ee5c v\u00edt m\u00e1y \u00e9p nh\u1ef1a JSW - C\u00f4ng ty TNHH ASG\",\"isPartOf\":{\"@id\":\"https:\/\/asg.vn\/ja\/#website\"},\"primaryImageOfPage\":{\"@id\":\"https:\/\/asg.vn\/ja\/xi-lanh-truc-vit-may-ep-nhua-jsw\/#primaryimage\"},\"image\":{\"@id\":\"https:\/\/asg.vn\/ja\/xi-lanh-truc-vit-may-ep-nhua-jsw\/#primaryimage\"},\"thumbnailUrl\":\"https:\/\/asg.vn\/wp-content\/uploads\/2023\/03\/JSW.jpg\",\"datePublished\":\"2023-03-27T19:55:50+00:00\",\"dateModified\":\"2023-03-29T04:35:07+00:00\",\"description\":\"B\u1ed9 xi lanh tr\u1ee5c v\u00edt m\u00e1y \u00e9p nh\u1ef1a JSW , \u0111\u1ea7y \u0111\u1ee7 k\u00edch th\u01b0\u1edbc. \u0110\u01b0\u1eddng k\u00ednh: T\u1eeb D12mm \u2013 D120mm. Chi\u1ec1u d\u00e0i t\u1ed1i \u0111a: 3000mm. Ch\u1ea5t l\u01b0\u1ee3ng \u0111\u1ea3m b\u1ea3o.\",\"breadcrumb\":{\"@id\":\"https:\/\/asg.vn\/ja\/xi-lanh-truc-vit-may-ep-nhua-jsw\/#breadcrumb\"},\"inLanguage\":\"zh-Hans\",\"potentialAction\":[{\"@type\":\"ReadAction\",\"target\":[\"https:\/\/asg.vn\/ja\/xi-lanh-truc-vit-may-ep-nhua-jsw\/\"]}]},{\"@type\":\"ImageObject\",\"inLanguage\":\"zh-Hans\",\"@id\":\"https:\/\/asg.vn\/ja\/xi-lanh-truc-vit-may-ep-nhua-jsw\/#primaryimage\",\"url\":\"https:\/\/asg.vn\/wp-content\/uploads\/2023\/03\/JSW.jpg\",\"contentUrl\":\"https:\/\/asg.vn\/wp-content\/uploads\/2023\/03\/JSW.jpg\",\"width\":704,\"height\":282,\"caption\":\"B\u1ed9 xilanh tr\u1ee5c v\u00edt cho m\u00e1y \u00e9p nh\u1ef1a JSW\"},{\"@type\":\"BreadcrumbList\",\"@id\":\"https:\/\/asg.vn\/ja\/xi-lanh-truc-vit-may-ep-nhua-jsw\/#breadcrumb\",\"itemListElement\":[{\"@type\":\"ListItem\",\"position\":1,\"name\":\"Home\",\"item\":\"https:\/\/asg.vn\/ja\/\"},{\"@type\":\"ListItem\",\"position\":2,\"name\":\"B\u1ed9 xi lanh tr\u1ee5c v\u00edt m\u00e1y \u00e9p nh\u1ef1a JSW\"}]},{\"@type\":\"WebSite\",\"@id\":\"https:\/\/asg.vn\/ja\/#website\",\"url\":\"https:\/\/asg.vn\/ja\/\",\"name\":\"C\u00f4ng ty TNHH ASG\",\"description\":\"Th\u00e0nh c\u00f4ng b\u1eb1ng s\u1ef1 t\u1eed t\u1ebf\",\"publisher\":{\"@id\":\"https:\/\/asg.vn\/ja\/#organization\"},\"potentialAction\":[{\"@type\":\"SearchAction\",\"target\":{\"@type\":\"EntryPoint\",\"urlTemplate\":\"https:\/\/asg.vn\/ja\/?s={search_term_string}\"},\"query-input\":\"required name=search_term_string\"}],\"inLanguage\":\"zh-Hans\"},{\"@type\":\"Organization\",\"@id\":\"https:\/\/asg.vn\/ja\/#organization\",\"name\":\"C\u00f4ng ty TNHH ASG\",\"url\":\"https:\/\/asg.vn\/ja\/\",\"logo\":{\"@type\":\"ImageObject\",\"inLanguage\":\"zh-Hans\",\"@id\":\"https:\/\/asg.vn\/ja\/#\/schema\/logo\/image\/\",\"url\":\"https:\/\/asg.vn\/wp-content\/uploads\/2023\/03\/z4110917483185_83f9ec26924715fb77663fd2b8bef540.jpg\",\"contentUrl\":\"https:\/\/asg.vn\/wp-content\/uploads\/2023\/03\/z4110917483185_83f9ec26924715fb77663fd2b8bef540.jpg\",\"width\":1038,\"height\":324,\"caption\":\"C\u00f4ng ty TNHH ASG\"},\"image\":{\"@id\":\"https:\/\/asg.vn\/ja\/#\/schema\/logo\/image\/\"},\"sameAs\":[\"https:\/\/www.facebook.com\/congtyasgvietnam\"]}]}<\/script>\n<!-- \/ Yoast SEO plugin. -->","yoast_head_json":{"title":"B\u1ed9 xi lanh tr\u1ee5c v\u00edt m\u00e1y \u00e9p nh\u1ef1a JSW - C\u00f4ng ty TNHH ASG","description":"B\u1ed9 xi lanh tr\u1ee5c v\u00edt m\u00e1y \u00e9p nh\u1ef1a JSW , \u0111\u1ea7y \u0111\u1ee7 k\u00edch th\u01b0\u1edbc. \u0110\u01b0\u1eddng k\u00ednh: T\u1eeb D12mm \u2013 D120mm. Chi\u1ec1u d\u00e0i t\u1ed1i \u0111a: 3000mm. Ch\u1ea5t l\u01b0\u1ee3ng \u0111\u1ea3m b\u1ea3o.","robots":{"index":"index","follow":"follow","max-snippet":"max-snippet:-1","max-image-preview":"max-image-preview:large","max-video-preview":"max-video-preview:-1"},"canonical":"https:\/\/asg.vn\/zh\/xi-lanh-truc-vit-may-ep-nhua-jsw\/","og_locale":"zh_CN","og_type":"article","og_title":"B\u1ed9 xi lanh tr\u1ee5c v\u00edt m\u00e1y \u00e9p nh\u1ef1a JSW - C\u00f4ng ty TNHH ASG","og_description":"B\u1ed9 xi lanh tr\u1ee5c v\u00edt m\u00e1y \u00e9p nh\u1ef1a JSW , \u0111\u1ea7y \u0111\u1ee7 k\u00edch th\u01b0\u1edbc. \u0110\u01b0\u1eddng k\u00ednh: T\u1eeb D12mm \u2013 D120mm. Chi\u1ec1u d\u00e0i t\u1ed1i \u0111a: 3000mm. Ch\u1ea5t l\u01b0\u1ee3ng \u0111\u1ea3m b\u1ea3o.","og_url":"https:\/\/asg.vn\/zh\/xi-lanh-truc-vit-may-ep-nhua-jsw\/","og_site_name":"C\u00f4ng ty TNHH ASG","article_publisher":"https:\/\/www.facebook.com\/congtyasgvietnam","article_modified_time":"2023-03-29T04:35:07+00:00","og_image":[{"width":704,"height":282,"url":"https:\/\/asg.vn\/wp-content\/uploads\/2023\/03\/JSW.jpg","type":"image\/jpeg"}],"twitter_card":"summary_large_image","twitter_misc":{"Est. reading time":"5 \u5206"},"schema":{"@context":"https:\/\/schema.org","@graph":[{"@type":"WebPage","@id":"https:\/\/asg.vn\/ja\/xi-lanh-truc-vit-may-ep-nhua-jsw\/","url":"https:\/\/asg.vn\/ja\/xi-lanh-truc-vit-may-ep-nhua-jsw\/","name":"B\u1ed9 xi lanh tr\u1ee5c v\u00edt m\u00e1y \u00e9p nh\u1ef1a JSW - C\u00f4ng ty TNHH ASG","isPartOf":{"@id":"https:\/\/asg.vn\/ja\/#website"},"primaryImageOfPage":{"@id":"https:\/\/asg.vn\/ja\/xi-lanh-truc-vit-may-ep-nhua-jsw\/#primaryimage"},"image":{"@id":"https:\/\/asg.vn\/ja\/xi-lanh-truc-vit-may-ep-nhua-jsw\/#primaryimage"},"thumbnailUrl":"https:\/\/asg.vn\/wp-content\/uploads\/2023\/03\/JSW.jpg","datePublished":"2023-03-27T19:55:50+00:00","dateModified":"2023-03-29T04:35:07+00:00","description":"B\u1ed9 xi lanh tr\u1ee5c v\u00edt m\u00e1y \u00e9p nh\u1ef1a JSW , \u0111\u1ea7y \u0111\u1ee7 k\u00edch th\u01b0\u1edbc. \u0110\u01b0\u1eddng k\u00ednh: T\u1eeb D12mm \u2013 D120mm. Chi\u1ec1u d\u00e0i t\u1ed1i \u0111a: 3000mm. Ch\u1ea5t l\u01b0\u1ee3ng \u0111\u1ea3m b\u1ea3o.","breadcrumb":{"@id":"https:\/\/asg.vn\/ja\/xi-lanh-truc-vit-may-ep-nhua-jsw\/#breadcrumb"},"inLanguage":"zh-Hans","potentialAction":[{"@type":"ReadAction","target":["https:\/\/asg.vn\/ja\/xi-lanh-truc-vit-may-ep-nhua-jsw\/"]}]},{"@type":"ImageObject","inLanguage":"zh-Hans","@id":"https:\/\/asg.vn\/ja\/xi-lanh-truc-vit-may-ep-nhua-jsw\/#primaryimage","url":"https:\/\/asg.vn\/wp-content\/uploads\/2023\/03\/JSW.jpg","contentUrl":"https:\/\/asg.vn\/wp-content\/uploads\/2023\/03\/JSW.jpg","width":704,"height":282,"caption":"B\u1ed9 xilanh tr\u1ee5c v\u00edt cho m\u00e1y \u00e9p nh\u1ef1a JSW"},{"@type":"BreadcrumbList","@id":"https:\/\/asg.vn\/ja\/xi-lanh-truc-vit-may-ep-nhua-jsw\/#breadcrumb","itemListElement":[{"@type":"ListItem","position":1,"name":"Home","item":"https:\/\/asg.vn\/ja\/"},{"@type":"ListItem","position":2,"name":"B\u1ed9 xi lanh tr\u1ee5c v\u00edt m\u00e1y \u00e9p nh\u1ef1a JSW"}]},{"@type":"WebSite","@id":"https:\/\/asg.vn\/ja\/#website","url":"https:\/\/asg.vn\/ja\/","name":"C\u00f4ng ty TNHH ASG","description":"Th\u00e0nh c\u00f4ng b\u1eb1ng s\u1ef1 t\u1eed t\u1ebf","publisher":{"@id":"https:\/\/asg.vn\/ja\/#organization"},"potentialAction":[{"@type":"SearchAction","target":{"@type":"EntryPoint","urlTemplate":"https:\/\/asg.vn\/ja\/?s={search_term_string}"},"query-input":"required name=search_term_string"}],"inLanguage":"zh-Hans"},{"@type":"Organization","@id":"https:\/\/asg.vn\/ja\/#organization","name":"C\u00f4ng ty TNHH ASG","url":"https:\/\/asg.vn\/ja\/","logo":{"@type":"ImageObject","inLanguage":"zh-Hans","@id":"https:\/\/asg.vn\/ja\/#\/schema\/logo\/image\/","url":"https:\/\/asg.vn\/wp-content\/uploads\/2023\/03\/z4110917483185_83f9ec26924715fb77663fd2b8bef540.jpg","contentUrl":"https:\/\/asg.vn\/wp-content\/uploads\/2023\/03\/z4110917483185_83f9ec26924715fb77663fd2b8bef540.jpg","width":1038,"height":324,"caption":"C\u00f4ng ty TNHH ASG"},"image":{"@id":"https:\/\/asg.vn\/ja\/#\/schema\/logo\/image\/"},"sameAs":["https:\/\/www.facebook.com\/congtyasgvietnam"]}]}},"_links":{"self":[{"href":"https:\/\/asg.vn\/zh\/wp-json\/wp\/v2\/pages\/2352"}],"collection":[{"href":"https:\/\/asg.vn\/zh\/wp-json\/wp\/v2\/pages"}],"about":[{"href":"https:\/\/asg.vn\/zh\/wp-json\/wp\/v2\/types\/page"}],"author":[{"embeddable":true,"href":"https:\/\/asg.vn\/zh\/wp-json\/wp\/v2\/users\/24"}],"replies":[{"embeddable":true,"href":"https:\/\/asg.vn\/zh\/wp-json\/wp\/v2\/comments?post=2352"}],"version-history":[{"count":58,"href":"https:\/\/asg.vn\/zh\/wp-json\/wp\/v2\/pages\/2352\/revisions"}],"predecessor-version":[{"id":2830,"href":"https:\/\/asg.vn\/zh\/wp-json\/wp\/v2\/pages\/2352\/revisions\/2830"}],"wp:featuredmedia":[{"embeddable":true,"href":"https:\/\/asg.vn\/zh\/wp-json\/wp\/v2\/media\/2157"}],"wp:attachment":[{"href":"https:\/\/asg.vn\/zh\/wp-json\/wp\/v2\/media?parent=2352"}],"curies":[{"name":"wp","href":"https:\/\/api.w.org\/{rel}","templated":true}]}}