{"id":2119,"date":"2023-03-27T16:13:45","date_gmt":"2023-03-27T09:13:45","guid":{"rendered":"https:\/\/asg.vn\/?page_id=2119"},"modified":"2023-03-30T14:49:55","modified_gmt":"2023-03-30T07:49:55","slug":"bo-xi-lanh-truc-vit-may-ep-nhua","status":"publish","type":"page","link":"https:\/\/asg.vn\/zh\/bo-xi-lanh-truc-vit-may-ep-nhua\/","title":{"rendered":"B\u1ed9 xi lanh tr\u1ee5c v\u00edt cho m\u00e1y \u00e9p nh\u1ef1a"},"content":{"rendered":"<p>B\u1ed9 xi lanh tr\u1ee5c v\u00edt m\u00e1y \u00e9p nh\u1ef1a<br \/>\n\t\t\t\t\t\t\t\t\t\t\t\t\t\t\t<img decoding=\"async\" width=\"1181\" height=\"700\" src=\"https:\/\/asg.vn\/wp-content\/uploads\/2023\/03\/xi-lanh-truc-vit-3.png\" alt=\"B\u1ed9 xi lanh tr\u1ee5c v\u00edt\" loading=\"lazy\" srcset=\"https:\/\/asg.vn\/wp-content\/uploads\/2023\/03\/xi-lanh-truc-vit-3.png 1181w, https:\/\/asg.vn\/wp-content\/uploads\/2023\/03\/xi-lanh-truc-vit-3-300x178.png 300w, https:\/\/asg.vn\/wp-content\/uploads\/2023\/03\/xi-lanh-truc-vit-3-1024x607.png 1024w, https:\/\/asg.vn\/wp-content\/uploads\/2023\/03\/xi-lanh-truc-vit-3-768x455.png 768w\" sizes=\"(max-width: 1181px) 100vw, 1181px\" \/>\t\t\t\t\t\t\t\t\t\t\t\t\t\t\t<\/p>\n<h2>Xi lanh tr\u1ee5c v\u00edt c\u00f4ng ty ASG VI\u1ec6T NAM<\/h2>\n<h2>1. C\u00f4ng ngh\u1ec7 ch\u1ebf t\u1ea1o<\/h2>\n<ul>\n<li>Xilanh: Ph\u1ee7 h\u1ee3p kim ly t\u00e2m, Nitrider, Th\u00e9p h\u1ee3p kim \u0111\u1eb7c bi\u1ec7t.<\/li>\n<li>Adapter, Nozzle: Th\u00e9p h\u1ee3p kim \u0111\u1eb7c bi\u1ec7t, Nitrider.<\/li>\n<li>Tr\u1ee5c v\u00edt, B\u1ed9 \u0111\u1ea7u tr\u1ee5c v\u00edt: Ph\u1ee7\u00a0HVOF,\u00a0PVD Coating,\u00a0Th\u00e9p h\u1ee3p kim \u0111\u1eb7c bi\u1ec7t, H\u00e0n PTA, Nitrider.<\/li>\n<\/ul>\n<h2>2. Quy c\u00e1ch k\u1ef9 thu\u1eadt<\/h2>\n<ul>\n<li>\u0110\u01b0\u1eddng k\u00ednh: T\u1eeb <b style=\"color: black;\">D12mm \u2013 D120mm<\/b><\/li>\n<li>Chi\u1ec1u d\u00e0i t\u1ed1i \u0111a: <b style=\"color: black;\">3000mm<\/b><\/li>\n<li>C\u00f3 \u0111\u1ea7y \u0111\u1ee7 c\u00e1c h\u00e3ng m\u00e1y \u00e9p nh\u1ef1a:\u00a0<a href=\"https:\/\/asg.vn\/zh\/xi-lanh-truc-vit-may-ep-nhua-sumitomo\/\" target=\"_blank\" rel=\"noopener\">Sumitomo<\/a>,\u00a0<a href=\"https:\/\/asg.vn\/zh\/xi-lanh-truc-vit-may-ep-nhua-nissei\/\">Nissei<\/a>,\u00a0<a href=\"https:\/\/asg.vn\/zh\/xi-lanh-truc-vit-may-ep-nhua-jsw\/\">JSW<\/a>,\u00a0<a href=\"https:\/\/asg.vn\/zh\/xi-lanh-truc-vit-may-ep-nhua-niigata\/\">Niigata<\/a>,\u00a0<a href=\"https:\/\/asg.vn\/zh\/xi-lanh-truc-vit-may-ep-nhua-toshiba\/\">Toshiba<\/a>, <a href=\"https:\/\/asg.vn\/zh\/xi-lanh-truc-vit-may-ep-nhua-fanuc\/\">Fanuc<\/a>, <a href=\"https:\/\/asg.vn\/zh\/xi-lanh-truc-vit-may-ep-nhua-toyo\/\">Toyo<\/a>,\u00a0<a href=\"https:\/\/asg.vn\/zh\/xi-lanh-truc-vit-may-ep-nhua-haitian\/\">Haitian<\/a>, FCS, Victor Taichung, ChengSong, LS, Mitsubishi, Woojin, Sodick, Yizumi, Engel,\u00a0<a href=\"https:\/\/asg.vn\/zh\/xi-lanh-truc-vit-may-ep-nhua-arburg\/\" target=\"_blank\" rel=\"noopener\">Arburg<\/a>, Huyndai, Bona, Fomtec, Pu mao,\u2026<\/li>\n<\/ul>\n<h2>3. Lo\u1ea1i nh\u1ef1a s\u1eed d\u1ee5ng<\/h2>\n<ul>\n<li>ABS, HI-PS, PP, HDPE, POM\u2026t\u1ec9 l\u1ec7 th\u1ee7y tinh t\u1edbi 60%<\/li>\n<li>PET\u2026t\u1ec9 l\u1ec7 th\u1ee7y tinh t\u1edbi 60%<\/li>\n<li>PC trong, PC m\u00e0u\u2026t\u1ec9 l\u1ec7 th\u1ee7y tinh t\u1edbi 60%<\/li>\n<li>PA6, PA66, PA9T, PPS, LCP, PEEK\u2026.t\u1ec9 l\u1ec7 th\u1ee7y tinh t\u1edbi 60%<\/li>\n<li>PVC, Bakelite\u2026t\u1ec9 l\u1ec7 th\u1ee7y tinh t\u1edbi 60%<\/li>\n<\/ul>\n<p>\t\t\t\t\t\t\t\t\t\t\t\t\t\t\t<img decoding=\"async\" width=\"480\" height=\"320\" src=\"https:\/\/asg.vn\/wp-content\/uploads\/2023\/03\/cac-san-pham-ep-nhua.jpg\" alt=\"c\u00e1c s\u1ea3n ph\u1ea9m \u00e9p nh\u1ef1a\" loading=\"lazy\" srcset=\"https:\/\/asg.vn\/wp-content\/uploads\/2023\/03\/cac-san-pham-ep-nhua.jpg 480w, https:\/\/asg.vn\/wp-content\/uploads\/2023\/03\/cac-san-pham-ep-nhua-300x200.jpg 300w\" sizes=\"(max-width: 480px) 100vw, 480px\" \/>\t\t\t\t\t\t\t\t\t\t\t\t\t\t\t<\/p>\n<h2>4. Quy tr\u00ecnh cung c\u1ea5p s\u1ea3n ph\u1ea9m<\/h2>\n<p><strong>\u6b65\u9a5f\u4e00\uff1a<\/strong> \u8acb\u63d0\u4f9b\u4ee5\u4e0b\u5831\u50f9\u9700\u6c42\u8cc7\u8a0a\uff1a<\/p>\n<ul>\n<li>T\u00ean \u0111\u1ea7y \u0111\u1ee7 model m\u00e1y ho\u1eb7c \u1ea3nh model m\u00e1y (v\u00ed d\u1ee5 Sumitomo SE75DU)<\/li>\n<li>\u96f6\u4ef6\u7684\u76f4\u5f91\u8207\u9577\u5ea6\u53c3\u6578\u3002<\/li>\n<li>\u4f7f\u7528\u4e4b\u5851\u81a0\u578b\u865f\u6216\u5851\u81a0\u5305\u88dd\u7167\u7247\uff0c\u7528\u65bc\u9078\u64c7\u5408\u9069\u7684\u6750\u6599\u53ca\u96f6\u4ef6\u88fd\u9020\u88fd\u7a0b\u3002<\/li>\n<\/ul>\n<p><strong>\u6b65\u9a5f\u4e8c\uff1a<\/strong> ASG \u8d8a\u5357\u8aa0\u646f\u70ba\u60a8\u63d0\u4f9b\u6700\u5c08\u696d\u7684\u5831\u50f9\u65b9\u6848\u3002<\/p>\n<p><strong>\u6b65\u9a5f\u4e09\uff1a<\/strong>\u00a0\u5ba2\u6236\u767c\u9001\u6b63\u5f0f\u63a1\u8cfc\u55ae (PO)<\/p>\n<p><strong>\u6b65\u9a5f\u56db\uff1a<\/strong> \u591a\u6578\u60c5\u6cc1\u4e0b\uff0c\u6211\u5011\u5df2\u6709\u73fe\u6210\u7684\u88fd\u9020\u5716\u7d19\uff1b\u82e5\u9047\u7121\u5716\u7d19\u4e4b\u7279\u6b8a\u60c5\u6cc1\uff0c\u6211\u5011\u5c07\u6d3e\u9063\u6280\u8853\u4eba\u54e1\u89aa\u8d74\u8cb4\u53f8\u5de5\u5ee0\u9032\u884c\u5be6\u5730\u6e2c\u91cf\u4e26\u7e6a\u88fd\u5de5\u7a0b\u5716\u3002<\/p>\n<p><strong>\u6b65\u9a5f\u4e94\uff1a<\/strong> \u751f\u7522\u8207\u54c1\u8cea\u63a7\u7ba1\u56b4\u683c\u9075\u5faa ISO 9001:2005 \u570b\u969b\u8cea\u91cf\u7ba1\u7406\u9ad4\u7cfb\u6a19\u6e96\u3002<\/p>\n<p><strong>\u6b65\u9a5f\u516d\uff1a<\/strong> Giao h\u00e0ng v\u00e0 l\u1eafp \u0111\u1eb7t mi\u1ec5n ph\u00ed cho Qu\u00fd kh\u00e1ch h\u00e0ng.<\/p>\n<p><strong>\u6b65\u9a5f\u4e03\uff1a<\/strong> \u6839\u64da\u5408\u7d04\u7d04\u5b9a\u4e4b\u689d\u6b3e\u9032\u884c\u8a02\u55ae\u6b3e\u9805\u652f\u4ed8\u3002<\/p>\n<p>\u00a0 \u00a0 \u00a0 \u00a0 \u0110\u1ec3 vi\u1ec7c cung c\u1ea5p linh ki\u1ec7n t\u1ed1t h\u01a1n, m\u1eddi Qu\u00fd kh\u00e1ch tham kh\u1ea3o: <a href=\"https:\/\/asg.vn\/zh\/nhung-luu-y-quan-trong-khi-thay-bo-dau-truc-vit\/\" target=\"_blank\" rel=\"noopener\">Nh\u1eefng l\u01b0u \u00fd quan tr\u1ecdng khi thay th\u1ebf linh ki\u1ec7n.<\/a><\/p>\n<h2>5. Ch\u1ebf \u0111\u1ed9 b\u1ea3o h\u00e0nh<\/h2>\n<ul>\n<li>T\u1ea5t c\u1ea3 s\u1ea3n ph\u1ea9m c\u1ee7a c\u00f4ng ty ASG Vi\u1ec7t Nam \u0111\u1ec1u b\u1ea3o h\u00e0nh 1 \u0111\u1ed5i 1 trong 12 th\u00e1ng v\u1edbi l\u1ed7i do nh\u00e0 s\u1ea3n xu\u1ea5t.<\/li>\n<li>Ch\u00fang t\u00f4i t\u01b0 v\u1ea5n mi\u1ec5n ph\u00ed 24\/7 c\u00e1c v\u1ea5n \u0111\u1ec1 v\u1ec1 xilanh tr\u1ee5c v\u00edt m\u00e1y \u00e9p nh\u1ef1a. T\u1ed5 t\u01b0 v\u1ea5n c\u1ee7a ch\u00fang t\u00f4i l\u00e0 c\u00e1c k\u1ef9 s\u01b0 gi\u00e0u kinh nghi\u1ec7m k\u1ebft h\u1ee3p v\u1edbi c\u00e1c tr\u01b0\u1edfng ph\u00f2ng k\u1ef9 thu\u1eadt c\u1ee7a c\u00e1c nh\u00e0 m\u00e1y \u0111\u00fac l\u1edbn.<\/li>\n<li>\u0110o ki\u1ec3m \u0111\u1ecbnh k\u1ef3 cho Qu\u00fd kh\u00e1ch s\u1eed d\u1ee5ng linh ki\u1ec7n c\u1ee7a ASG Vi\u1ec7t Nam.<\/li>\n<\/ul>\n<p><strong>ASG \u87ba\u687f\u6c23\u7f38 <\/strong><strong>\u54c1\u8cea\uff0c\u5efa\u7acb\u4fe1\u4efb<\/strong><\/p>\n<p>\t\t\t\t\t\t\t\t\t\t\t\t\t\t\t<img decoding=\"async\" width=\"1024\" height=\"800\" src=\"https:\/\/asg.vn\/wp-content\/uploads\/2023\/03\/tam-tin-tri-trung-inamori-kazuo-asg-xi-lanh-truc-vit-1024x800.png\" alt=\"Tri\u1ebft l\u00fd kinh doanh ASG chuy\u00ean cung c\u1ea5p xi lanh tr\u1ee5c v\u00edt\" loading=\"lazy\" srcset=\"https:\/\/asg.vn\/wp-content\/uploads\/2023\/03\/tam-tin-tri-trung-inamori-kazuo-asg-xi-lanh-truc-vit-1024x800.png 1024w, https:\/\/asg.vn\/wp-content\/uploads\/2023\/03\/tam-tin-tri-trung-inamori-kazuo-asg-xi-lanh-truc-vit-300x234.png 300w, https:\/\/asg.vn\/wp-content\/uploads\/2023\/03\/tam-tin-tri-trung-inamori-kazuo-asg-xi-lanh-truc-vit-768x600.png 768w, https:\/\/asg.vn\/wp-content\/uploads\/2023\/03\/tam-tin-tri-trung-inamori-kazuo-asg-xi-lanh-truc-vit-1536x1200.png 1536w, https:\/\/asg.vn\/wp-content\/uploads\/2023\/03\/tam-tin-tri-trung-inamori-kazuo-asg-xi-lanh-truc-vit-2048x1600.png 2048w\" sizes=\"(max-width: 1024px) 100vw, 1024px\" \/>\t\t\t\t\t\t\t\t\t\t\t\t\t\t\t<\/p>\n<h2>Chi ti\u1ebft tham kh\u1ea3o<\/h2>\n<figure><a href=\"https:\/\/asg.vn\/zh\/xi-lanh-truc-vit-may-ep-nhua-sumitomo\/\"><img decoding=\"async\" src=\"https:\/\/asg.vn\/wp-content\/uploads\/elementor\/thumbs\/sumitomo-1-q47l5qig24iubcbqsgvhrr2mv2sdwnehruu9w8bfpg.jpg\" title=\"B\u1ed9 xi lanh tr\u1ee5c v\u00edt Sumitomo\" alt=\"B\u1ed9 xi lanh tr\u1ee5c v\u00edt Sumitomo\" loading=\"lazy\" \/><\/a><\/figure>\n<h4><a href=\"https:\/\/asg.vn\/zh\/xi-lanh-truc-vit-may-ep-nhua-sumitomo\/\">B\u1ed9 xi lanh tr\u1ee5c v\u00edt m\u00e1y \u00e9p nh\u1ef1a Sumitomo<\/a><\/h4>\n<figure><a href=\"https:\/\/asg.vn\/zh\/xi-lanh-truc-vit-may-ep-nhua-toshiba\/\"><img decoding=\"async\" src=\"https:\/\/asg.vn\/wp-content\/uploads\/elementor\/thumbs\/Toshiba-1-q47l6s3znhyb7qt4ox4kjhl2mhn2gjjr90xp3arosk.jpg\" title=\"B\u1ed9 xi lanh tr\u1ee5c v\u00edt Toshiba\" alt=\"B\u1ed9 xi lanh tr\u1ee5c v\u00edt Toshiba\" loading=\"lazy\" \/><\/a><\/figure>\n<h3><a href=\"https:\/\/asg.vn\/zh\/xi-lanh-truc-vit-may-ep-nhua-toshiba\/\">B\u1ed9 xi lanh tr\u1ee5c v\u00edt m\u00e1y \u00e9p nh\u1ef1a Toshiba<\/a><\/h3>\n<figure><a href=\"https:\/\/asg.vn\/zh\/xi-lanh-truc-vit-may-ep-nhua-jsw\/\"><img decoding=\"async\" src=\"https:\/\/asg.vn\/wp-content\/uploads\/elementor\/thumbs\/JSW-1-q47l8oq7iek8ra1gk8sc3i9pzm8v2g45ugk54hxy6c.jpg\" title=\"B\u1ed9 xi lanh tr\u1ee5c v\u00edt m\u00e1y \u00e9p nh\u1ef1a   JSW\" alt=\"B\u1ed9 xi lanh tr\u1ee5c v\u00edt m\u00e1y \u00e9p nh\u1ef1a JSW\" loading=\"lazy\" \/><\/a><\/figure>\n<h4><a href=\"https:\/\/asg.vn\/zh\/xi-lanh-truc-vit-may-ep-nhua-jsw\/\">B\u1ed9 xi lanh tr\u1ee5c v\u00edt m\u00e1y \u00e9p nh\u1ef1a &#038;nbsp JSW<\/a><\/h4>\n<figure><a href=\"https:\/\/asg.vn\/zh\/xi-lanh-truc-vit-may-ep-nhua-arburg\/\"><img decoding=\"async\" src=\"https:\/\/asg.vn\/wp-content\/uploads\/elementor\/thumbs\/cxcxc-q44hti8es7k44ki51e0iqpqijcudle09oykkptcytg.png\" title=\"B\u1ed9 xilanh tr\u1ee5c v\u00edt cho m\u00e1y \u00e9p nh\u1ef1a Arburg\" alt=\"B\u1ed9 xilanh tr\u1ee5c v\u00edt cho m\u00e1y \u00e9p nh\u1ef1a Arburg\" loading=\"lazy\" \/><\/a><\/figure>\n<h4><a href=\"https:\/\/asg.vn\/zh\/xi-lanh-truc-vit-may-ep-nhua-arburg\/\">B\u1ed9 xi lanh tr\u1ee5c v\u00edt m\u00e1y \u00e9p nh\u1ef1a Arburg<\/a><\/h4>\n<figure><a href=\"https:\/\/asg.vn\/zh\/xi-lanh-truc-vit-may-ep-nhua-nissei\/\"><img decoding=\"async\" src=\"https:\/\/asg.vn\/wp-content\/uploads\/elementor\/thumbs\/Untitled-2-q44hm55x8xh96j7617fq7kmj0p4vaqryoilnds9zk4.png\" title=\"B\u1ed9 xi lanh tr\u1ee5c v\u00edt m\u00e1y \u00e9p nh\u1ef1a Nissei\" alt=\"B\u1ed9 xi lanh tr\u1ee5c v\u00edt m\u00e1y \u00e9p nh\u1ef1a Nissei\" loading=\"lazy\" \/><\/a><\/figure>\n<h3><a href=\"https:\/\/asg.vn\/zh\/xi-lanh-truc-vit-may-ep-nhua-nissei\/\">B\u1ed9 xi lanh tr\u1ee5c v\u00edt m\u00e1y \u00e9p nh\u1ef1a Nissei<\/a><\/h3>\n<figure><a href=\"https:\/\/asg.vn\/zh\/xi-lanh-truc-vit-may-ep-nhua-haitian\/\"><img decoding=\"async\" src=\"https:\/\/asg.vn\/wp-content\/uploads\/elementor\/thumbs\/gfgdfgdfgdf-q44hyey2h2a0r9dgdiedrh567sndshht197uxu2ybo.png\" title=\"B\u1ed9 xilanh tr\u1ee5c v\u00edt cho m\u00e1y \u00e9p nh\u1ef1a Haitian\" alt=\"B\u1ed9 xilanh tr\u1ee5c v\u00edt cho m\u00e1y \u00e9p nh\u1ef1a Haitian\" loading=\"lazy\" \/><\/a><\/figure>\n<h3><a href=\"https:\/\/asg.vn\/zh\/xi-lanh-truc-vit-may-ep-nhua-haitian\/\">B\u1ed9 xi lanh tr\u1ee5c v\u00edt m\u00e1y \u00e9p nh\u1ef1a Haitian<\/a><\/h3>\n<figure><a href=\"https:\/\/asg.vn\/zh\/xi-lanh-truc-vit-may-ep-nhua-fanuc\/\"><img decoding=\"async\" src=\"https:\/\/asg.vn\/wp-content\/uploads\/elementor\/thumbs\/Single-Injection-High-Wear-Resistant-Screw-Barrel-Assembly-for-Fanuc-Imm-q44hnnok9bjvvwzz6v0386v9h1o5p6se80ft7u15j8.jpg\" title=\"B\u1ed9 xi lanh tr\u1ee5c v\u00edt m\u00e1y \u00e9p nh\u1ef1a Fanuc\" alt=\"B\u1ed9 xi lanh tr\u1ee5c v\u00edt m\u00e1y \u00e9p nh\u1ef1a Fanuc\" loading=\"lazy\" \/><\/a><\/figure>\n<h3><a href=\"https:\/\/asg.vn\/zh\/xi-lanh-truc-vit-may-ep-nhua-fanuc\/\">B\u1ed9 xi lanh tr\u1ee5c v\u00edt m\u00e1y \u00e9p nh\u1ef1a Fanuc<\/a><\/h3>\n<figure><a href=\"https:\/\/asg.vn\/zh\/xi-lanh-truc-vit-may-ep-nhua-niigata\/\"><img decoding=\"async\" src=\"https:\/\/asg.vn\/wp-content\/uploads\/elementor\/thumbs\/Niigata-Injection-Molding-Machine-Screw-Barrel-2-q44i411dafyo3f7wlfr65k59xmzares3h1h94brb5w.jpg\" title=\"Niigata-Injection-Molding-Machine-Screw-Barrel (2)\" alt=\"B\u1ed9 xilanh tr\u1ee5c v\u00edt cho m\u00e1y \u00e9p nh\u1ef1a Niigata\" loading=\"lazy\" \/><\/a><\/figure>\n<h3><a href=\"https:\/\/asg.vn\/zh\/xi-lanh-truc-vit-may-ep-nhua-niigata\/\">B\u1ed9 xi lanh tr\u1ee5c v\u00edt m\u00e1y \u00e9p nh\u1ef1a Niigata<\/a><\/h3>\n<figure><a href=\"https:\/\/asg.vn\/zh\/xi-lanh-truc-vit-may-ep-nhua-toyo\/\"><img decoding=\"async\" src=\"https:\/\/asg.vn\/wp-content\/uploads\/elementor\/thumbs\/ghjhj-q47n2bsgrwf3iyoz9m8f7xyjeapmlipcvcmtm4m7no.png\" title=\"B\u1ed9 xi lanh tr\u1ee5c v\u00edt m\u00e1y \u00e9p nh\u1ef1a Toyo\" alt=\"B\u1ed9 xi lanh tr\u1ee5c v\u00edt m\u00e1y \u00e9p nh\u1ef1a Toyo\" loading=\"lazy\" \/><\/a><\/figure>\n<h3><a href=\"https:\/\/asg.vn\/zh\/xi-lanh-truc-vit-may-ep-nhua-toyo\/\">B\u1ed9 xi lanh tr\u1ee5c v\u00edt m\u00e1y \u00e9p nh\u1ef1a &#038;nbsp Toyo<\/a><\/h3>\n<h2>H\u1ed7 tr\u1ee3 <\/h2>\n<h2>Li\u00ean h\u1ec7 \u0111\u1ec3 \u0111\u01b0\u1ee3c t\u01b0 v\u1ea5n v\u1ec1 s\u1ea3n ph\u1ea9m<\/h2>\n<p>\t\t\t<a href=\"https:\/\/asg.vn\/zh\/lien-he\/\" role=\"button\"><br \/>\n\t\t\t\t\t\tLI\u00caN H\u1ec6<br \/>\n\t\t\t\t\t<\/a><\/p>","protected":false},"excerpt":{"rendered":"<p>B\u1ed9 xi lanh tr\u1ee5c v\u00edt m\u00e1y \u00e9p nh\u1ef1a Xi lanh tr\u1ee5c v\u00edt c\u00f4ng ty ASG VI\u1ec6T NAM 1. C\u00f4ng ngh\u1ec7 ch\u1ebf t\u1ea1o Xilanh: Ph\u1ee7 h\u1ee3p kim ly t\u00e2m, Nitrider, Th\u00e9p h\u1ee3p kim \u0111\u1eb7c bi\u1ec7t. Adapter, Nozzle: Th\u00e9p h\u1ee3p kim \u0111\u1eb7c bi\u1ec7t, Nitrider. Tr\u1ee5c v\u00edt, B\u1ed9 \u0111\u1ea7u tr\u1ee5c v\u00edt: Ph\u1ee7\u00a0HVOF,\u00a0PVD Coating,\u00a0Th\u00e9p h\u1ee3p kim \u0111\u1eb7c bi\u1ec7t, H\u00e0n&#8230;<\/p>","protected":false},"author":24,"featured_media":1286,"parent":0,"menu_order":0,"comment_status":"closed","ping_status":"closed","template":"elementor_header_footer","meta":{"inline_featured_image":false,"footnotes":""},"yoast_head":"<!-- This site is optimized with the Yoast SEO plugin v22.5 - https:\/\/yoast.com\/wordpress\/plugins\/seo\/ -->\n<title>B\u1ed9 xi lanh tr\u1ee5c v\u00edt cho m\u00e1y \u00e9p nh\u1ef1a - C\u00f4ng ty TNHH ASG<\/title>\n<meta name=\"description\" content=\"B\u1ed9 xi lanh tr\u1ee5c v\u00edt cho m\u00e1y \u00e9p nh\u1ef1a \u0111\u01b0\u1ee3c s\u1ea3n xu\u1ea5t theo ti\u00eau chu\u1ea9n Nh\u1eadt B\u1ea3n \u0111\u1ed1i \u1ee9ng t\u1ed1t v\u1edbi c\u00e1c lo\u1ea1i nh\u1ef1a nh\u01b0 PA, PPS, LCP, PC, PET\u2026.\" \/>\n<meta name=\"robots\" content=\"index, follow, max-snippet:-1, max-image-preview:large, max-video-preview:-1\" \/>\n<link rel=\"canonical\" href=\"https:\/\/asg.vn\/zh\/bo-xi-lanh-truc-vit-may-ep-nhua\/\" \/>\n<meta property=\"og:locale\" content=\"zh_CN\" \/>\n<meta property=\"og:type\" content=\"article\" \/>\n<meta property=\"og:title\" content=\"B\u1ed9 xi lanh tr\u1ee5c v\u00edt cho m\u00e1y \u00e9p nh\u1ef1a - C\u00f4ng ty TNHH ASG\" \/>\n<meta property=\"og:description\" content=\"B\u1ed9 xi lanh tr\u1ee5c v\u00edt cho m\u00e1y \u00e9p nh\u1ef1a \u0111\u01b0\u1ee3c s\u1ea3n xu\u1ea5t theo ti\u00eau chu\u1ea9n Nh\u1eadt B\u1ea3n \u0111\u1ed1i \u1ee9ng t\u1ed1t v\u1edbi c\u00e1c lo\u1ea1i nh\u1ef1a nh\u01b0 PA, PPS, LCP, PC, PET\u2026.\" \/>\n<meta property=\"og:url\" content=\"https:\/\/asg.vn\/zh\/bo-xi-lanh-truc-vit-may-ep-nhua\/\" \/>\n<meta property=\"og:site_name\" content=\"C\u00f4ng ty TNHH ASG\" \/>\n<meta property=\"article:publisher\" content=\"https:\/\/www.facebook.com\/congtyasgvietnam\" \/>\n<meta property=\"article:modified_time\" content=\"2023-03-30T07:49:55+00:00\" \/>\n<meta property=\"og:image\" content=\"https:\/\/asg.vn\/wp-content\/uploads\/2023\/03\/xi-lanh-truc-vit-vuong.png\" \/>\n\t<meta property=\"og:image:width\" content=\"701\" \/>\n\t<meta property=\"og:image:height\" content=\"701\" \/>\n\t<meta property=\"og:image:type\" content=\"image\/png\" \/>\n<meta name=\"twitter:card\" content=\"summary_large_image\" \/>\n<meta name=\"twitter:label1\" content=\"Est. reading time\" \/>\n\t<meta name=\"twitter:data1\" content=\"6 \u5206\" \/>\n<script type=\"application\/ld+json\" class=\"yoast-schema-graph\">{\"@context\":\"https:\/\/schema.org\",\"@graph\":[{\"@type\":\"WebPage\",\"@id\":\"https:\/\/asg.vn\/vi\/bo-xi-lanh-truc-vit-may-ep-nhua\/\",\"url\":\"https:\/\/asg.vn\/vi\/bo-xi-lanh-truc-vit-may-ep-nhua\/\",\"name\":\"B\u1ed9 xi lanh tr\u1ee5c v\u00edt cho m\u00e1y \u00e9p nh\u1ef1a - C\u00f4ng ty TNHH ASG\",\"isPartOf\":{\"@id\":\"https:\/\/asg.vn\/ja\/#website\"},\"primaryImageOfPage\":{\"@id\":\"https:\/\/asg.vn\/vi\/bo-xi-lanh-truc-vit-may-ep-nhua\/#primaryimage\"},\"image\":{\"@id\":\"https:\/\/asg.vn\/vi\/bo-xi-lanh-truc-vit-may-ep-nhua\/#primaryimage\"},\"thumbnailUrl\":\"https:\/\/asg.vn\/wp-content\/uploads\/2023\/03\/xi-lanh-truc-vit-vuong.png\",\"datePublished\":\"2023-03-27T09:13:45+00:00\",\"dateModified\":\"2023-03-30T07:49:55+00:00\",\"description\":\"B\u1ed9 xi lanh tr\u1ee5c v\u00edt cho m\u00e1y \u00e9p nh\u1ef1a \u0111\u01b0\u1ee3c s\u1ea3n xu\u1ea5t theo ti\u00eau chu\u1ea9n Nh\u1eadt B\u1ea3n \u0111\u1ed1i \u1ee9ng t\u1ed1t v\u1edbi c\u00e1c lo\u1ea1i nh\u1ef1a nh\u01b0 PA, PPS, LCP, PC, PET\u2026.\",\"breadcrumb\":{\"@id\":\"https:\/\/asg.vn\/vi\/bo-xi-lanh-truc-vit-may-ep-nhua\/#breadcrumb\"},\"inLanguage\":\"zh-Hans\",\"potentialAction\":[{\"@type\":\"ReadAction\",\"target\":[\"https:\/\/asg.vn\/vi\/bo-xi-lanh-truc-vit-may-ep-nhua\/\"]}]},{\"@type\":\"ImageObject\",\"inLanguage\":\"zh-Hans\",\"@id\":\"https:\/\/asg.vn\/vi\/bo-xi-lanh-truc-vit-may-ep-nhua\/#primaryimage\",\"url\":\"https:\/\/asg.vn\/wp-content\/uploads\/2023\/03\/xi-lanh-truc-vit-vuong.png\",\"contentUrl\":\"https:\/\/asg.vn\/wp-content\/uploads\/2023\/03\/xi-lanh-truc-vit-vuong.png\",\"width\":701,\"height\":701,\"caption\":\"xi lanh truc vit\"},{\"@type\":\"BreadcrumbList\",\"@id\":\"https:\/\/asg.vn\/vi\/bo-xi-lanh-truc-vit-may-ep-nhua\/#breadcrumb\",\"itemListElement\":[{\"@type\":\"ListItem\",\"position\":1,\"name\":\"Home\",\"item\":\"https:\/\/asg.vn\/ja\/\"},{\"@type\":\"ListItem\",\"position\":2,\"name\":\"B\u1ed9 xi lanh tr\u1ee5c v\u00edt cho m\u00e1y \u00e9p nh\u1ef1a\"}]},{\"@type\":\"WebSite\",\"@id\":\"https:\/\/asg.vn\/ja\/#website\",\"url\":\"https:\/\/asg.vn\/ja\/\",\"name\":\"C\u00f4ng ty TNHH ASG\",\"description\":\"Th\u00e0nh c\u00f4ng b\u1eb1ng s\u1ef1 t\u1eed t\u1ebf\",\"publisher\":{\"@id\":\"https:\/\/asg.vn\/ja\/#organization\"},\"potentialAction\":[{\"@type\":\"SearchAction\",\"target\":{\"@type\":\"EntryPoint\",\"urlTemplate\":\"https:\/\/asg.vn\/ja\/?s={search_term_string}\"},\"query-input\":\"required name=search_term_string\"}],\"inLanguage\":\"zh-Hans\"},{\"@type\":\"Organization\",\"@id\":\"https:\/\/asg.vn\/ja\/#organization\",\"name\":\"C\u00f4ng ty TNHH ASG\",\"url\":\"https:\/\/asg.vn\/ja\/\",\"logo\":{\"@type\":\"ImageObject\",\"inLanguage\":\"zh-Hans\",\"@id\":\"https:\/\/asg.vn\/ja\/#\/schema\/logo\/image\/\",\"url\":\"https:\/\/asg.vn\/wp-content\/uploads\/2023\/03\/z4110917483185_83f9ec26924715fb77663fd2b8bef540.jpg\",\"contentUrl\":\"https:\/\/asg.vn\/wp-content\/uploads\/2023\/03\/z4110917483185_83f9ec26924715fb77663fd2b8bef540.jpg\",\"width\":1038,\"height\":324,\"caption\":\"C\u00f4ng ty TNHH ASG\"},\"image\":{\"@id\":\"https:\/\/asg.vn\/ja\/#\/schema\/logo\/image\/\"},\"sameAs\":[\"https:\/\/www.facebook.com\/congtyasgvietnam\"]}]}<\/script>\n<!-- \/ Yoast SEO plugin. -->","yoast_head_json":{"title":"B\u1ed9 xi lanh tr\u1ee5c v\u00edt cho m\u00e1y \u00e9p nh\u1ef1a - C\u00f4ng ty TNHH ASG","description":"B\u1ed9 xi lanh tr\u1ee5c v\u00edt cho m\u00e1y \u00e9p nh\u1ef1a \u0111\u01b0\u1ee3c s\u1ea3n xu\u1ea5t theo ti\u00eau chu\u1ea9n Nh\u1eadt B\u1ea3n \u0111\u1ed1i \u1ee9ng t\u1ed1t v\u1edbi c\u00e1c lo\u1ea1i nh\u1ef1a nh\u01b0 PA, PPS, LCP, PC, PET\u2026.","robots":{"index":"index","follow":"follow","max-snippet":"max-snippet:-1","max-image-preview":"max-image-preview:large","max-video-preview":"max-video-preview:-1"},"canonical":"https:\/\/asg.vn\/zh\/bo-xi-lanh-truc-vit-may-ep-nhua\/","og_locale":"zh_CN","og_type":"article","og_title":"B\u1ed9 xi lanh tr\u1ee5c v\u00edt cho m\u00e1y \u00e9p nh\u1ef1a - C\u00f4ng ty TNHH ASG","og_description":"B\u1ed9 xi lanh tr\u1ee5c v\u00edt cho m\u00e1y \u00e9p nh\u1ef1a \u0111\u01b0\u1ee3c s\u1ea3n xu\u1ea5t theo ti\u00eau chu\u1ea9n Nh\u1eadt B\u1ea3n \u0111\u1ed1i \u1ee9ng t\u1ed1t v\u1edbi c\u00e1c lo\u1ea1i nh\u1ef1a nh\u01b0 PA, PPS, LCP, PC, PET\u2026.","og_url":"https:\/\/asg.vn\/zh\/bo-xi-lanh-truc-vit-may-ep-nhua\/","og_site_name":"C\u00f4ng ty TNHH ASG","article_publisher":"https:\/\/www.facebook.com\/congtyasgvietnam","article_modified_time":"2023-03-30T07:49:55+00:00","og_image":[{"width":701,"height":701,"url":"https:\/\/asg.vn\/wp-content\/uploads\/2023\/03\/xi-lanh-truc-vit-vuong.png","type":"image\/png"}],"twitter_card":"summary_large_image","twitter_misc":{"Est. reading time":"6 \u5206"},"schema":{"@context":"https:\/\/schema.org","@graph":[{"@type":"WebPage","@id":"https:\/\/asg.vn\/vi\/bo-xi-lanh-truc-vit-may-ep-nhua\/","url":"https:\/\/asg.vn\/vi\/bo-xi-lanh-truc-vit-may-ep-nhua\/","name":"B\u1ed9 xi lanh tr\u1ee5c v\u00edt cho m\u00e1y \u00e9p nh\u1ef1a - C\u00f4ng ty TNHH ASG","isPartOf":{"@id":"https:\/\/asg.vn\/ja\/#website"},"primaryImageOfPage":{"@id":"https:\/\/asg.vn\/vi\/bo-xi-lanh-truc-vit-may-ep-nhua\/#primaryimage"},"image":{"@id":"https:\/\/asg.vn\/vi\/bo-xi-lanh-truc-vit-may-ep-nhua\/#primaryimage"},"thumbnailUrl":"https:\/\/asg.vn\/wp-content\/uploads\/2023\/03\/xi-lanh-truc-vit-vuong.png","datePublished":"2023-03-27T09:13:45+00:00","dateModified":"2023-03-30T07:49:55+00:00","description":"B\u1ed9 xi lanh tr\u1ee5c v\u00edt cho m\u00e1y \u00e9p nh\u1ef1a \u0111\u01b0\u1ee3c s\u1ea3n xu\u1ea5t theo ti\u00eau chu\u1ea9n Nh\u1eadt B\u1ea3n \u0111\u1ed1i \u1ee9ng t\u1ed1t v\u1edbi c\u00e1c lo\u1ea1i nh\u1ef1a nh\u01b0 PA, PPS, LCP, PC, PET\u2026.","breadcrumb":{"@id":"https:\/\/asg.vn\/vi\/bo-xi-lanh-truc-vit-may-ep-nhua\/#breadcrumb"},"inLanguage":"zh-Hans","potentialAction":[{"@type":"ReadAction","target":["https:\/\/asg.vn\/vi\/bo-xi-lanh-truc-vit-may-ep-nhua\/"]}]},{"@type":"ImageObject","inLanguage":"zh-Hans","@id":"https:\/\/asg.vn\/vi\/bo-xi-lanh-truc-vit-may-ep-nhua\/#primaryimage","url":"https:\/\/asg.vn\/wp-content\/uploads\/2023\/03\/xi-lanh-truc-vit-vuong.png","contentUrl":"https:\/\/asg.vn\/wp-content\/uploads\/2023\/03\/xi-lanh-truc-vit-vuong.png","width":701,"height":701,"caption":"xi lanh truc vit"},{"@type":"BreadcrumbList","@id":"https:\/\/asg.vn\/vi\/bo-xi-lanh-truc-vit-may-ep-nhua\/#breadcrumb","itemListElement":[{"@type":"ListItem","position":1,"name":"Home","item":"https:\/\/asg.vn\/ja\/"},{"@type":"ListItem","position":2,"name":"B\u1ed9 xi lanh tr\u1ee5c v\u00edt cho m\u00e1y \u00e9p nh\u1ef1a"}]},{"@type":"WebSite","@id":"https:\/\/asg.vn\/ja\/#website","url":"https:\/\/asg.vn\/ja\/","name":"C\u00f4ng ty TNHH ASG","description":"Th\u00e0nh c\u00f4ng b\u1eb1ng s\u1ef1 t\u1eed t\u1ebf","publisher":{"@id":"https:\/\/asg.vn\/ja\/#organization"},"potentialAction":[{"@type":"SearchAction","target":{"@type":"EntryPoint","urlTemplate":"https:\/\/asg.vn\/ja\/?s={search_term_string}"},"query-input":"required name=search_term_string"}],"inLanguage":"zh-Hans"},{"@type":"Organization","@id":"https:\/\/asg.vn\/ja\/#organization","name":"C\u00f4ng ty TNHH ASG","url":"https:\/\/asg.vn\/ja\/","logo":{"@type":"ImageObject","inLanguage":"zh-Hans","@id":"https:\/\/asg.vn\/ja\/#\/schema\/logo\/image\/","url":"https:\/\/asg.vn\/wp-content\/uploads\/2023\/03\/z4110917483185_83f9ec26924715fb77663fd2b8bef540.jpg","contentUrl":"https:\/\/asg.vn\/wp-content\/uploads\/2023\/03\/z4110917483185_83f9ec26924715fb77663fd2b8bef540.jpg","width":1038,"height":324,"caption":"C\u00f4ng ty TNHH ASG"},"image":{"@id":"https:\/\/asg.vn\/ja\/#\/schema\/logo\/image\/"},"sameAs":["https:\/\/www.facebook.com\/congtyasgvietnam"]}]}},"_links":{"self":[{"href":"https:\/\/asg.vn\/zh\/wp-json\/wp\/v2\/pages\/2119"}],"collection":[{"href":"https:\/\/asg.vn\/zh\/wp-json\/wp\/v2\/pages"}],"about":[{"href":"https:\/\/asg.vn\/zh\/wp-json\/wp\/v2\/types\/page"}],"author":[{"embeddable":true,"href":"https:\/\/asg.vn\/zh\/wp-json\/wp\/v2\/users\/24"}],"replies":[{"embeddable":true,"href":"https:\/\/asg.vn\/zh\/wp-json\/wp\/v2\/comments?post=2119"}],"version-history":[{"count":133,"href":"https:\/\/asg.vn\/zh\/wp-json\/wp\/v2\/pages\/2119\/revisions"}],"predecessor-version":[{"id":3091,"href":"https:\/\/asg.vn\/zh\/wp-json\/wp\/v2\/pages\/2119\/revisions\/3091"}],"wp:featuredmedia":[{"embeddable":true,"href":"https:\/\/asg.vn\/zh\/wp-json\/wp\/v2\/media\/1286"}],"wp:attachment":[{"href":"https:\/\/asg.vn\/zh\/wp-json\/wp\/v2\/media?parent=2119"}],"curies":[{"name":"wp","href":"https:\/\/api.w.org\/{rel}","templated":true}]}}