{"id":4080,"date":"2024-03-09T13:16:10","date_gmt":"2024-03-09T06:16:10","guid":{"rendered":"https:\/\/asg.vn\/?page_id=4080"},"modified":"2024-03-29T17:00:17","modified_gmt":"2024-03-29T10:00:17","slug":"hoat-dong-moi-truong","status":"publish","type":"page","link":"https:\/\/asg.vn\/ja\/gioi-thieu-cong-ty\/hoat-dong-moi-truong\/","title":{"rendered":"\u74b0\u5883\u4fdd\u8b77"},"content":{"rendered":"<section class=\"section\" id=\"section_1170774689\">\n\t\t<div class=\"bg section-bg fill bg-fill bg-loaded bg-loaded\" >\n\n\t\t\t\n\t\t\t<div class=\"section-bg-overlay absolute fill\"><\/div>\n\t\t\t\n\n\t\t<\/div>\n\n\t\t\n\n\t\t<div class=\"section-content relative\">\n\t\t\t\n<div class=\"row\"  id=\"row-1957432747\">\n\n\t<div id=\"col-1465307950\" class=\"col cot34 medium-3 small-12 large-3\"  >\n\t\t<div class=\"is-sticky-column\"><div class=\"is-sticky-column__inner\">\t\t<div class=\"col-inner box-shadow-1\" style=\"background-color:rgb(255, 255, 255);\" >\n\t\t\t\n\t\t\t\n\t<div id=\"text-1989056544\" class=\"text\">\n\t\t\n<ul id=\"menu-cnav-comapny\" class=\"cnavList\">\n<li id=\"menu-item-27601\" class=\"menu-item menu-item-type-post_type menu-item-object-page current-menu-item page_item page-item-238 current_page_item menu-item-27601\"><a href=\"https:\/\/asg.vn\/ja\/gioi-thieu-cong-ty\/\">\u5f53\u793e\u306b\u3064\u3044\u3066<\/a><\/li>\n<li id=\"menu-item-31203\" class=\"menu-item menu-item-type-post_type menu-item-object-page menu-item-31203\"><a href=\"https:\/\/asg.vn\/ja\/gioi-thieu-cong-ty\/loi-cua-chu-tich\/\">\u793e\u9577\u306e\u8a00\u8449<\/a><\/li>\n<li id=\"menu-item-20630\" class=\"menu-item menu-item-type-post_type menu-item-object-page menu-item-20630\"><a href=\"https:\/\/asg.vn\/ja\/gioi-thieu-cong-ty\/ho-so-cong-ty\/\">\u4f1a\u793e\u6982\u8981<\/a><\/li>\n<li><a href=\"https:\/\/asg.vn\/ja\/gioi-thieu-cong-ty\/mang-luoi-khach-hang\/\">\u9867\u5ba2<\/a><\/li>\n<li id=\"menu-item-20631\" class=\"menu-item menu-item-type-post_type menu-item-object-page menu-item-20631\"><a href=\"https:\/\/asg.vn\/ja\/gioi-thieu-cong-ty\/lich-su-phat-trien\/\">\u6cbf\u9769<\/a><\/li>\n<li id=\"menu-item-20629\" class=\"menu-item menu-item-type-post_type menu-item-object-page menu-item-20629\"><a href=\"https:\/\/asg.vn\/ja\/gioi-thieu-cong-ty\/tieu-chi-quan-ly\/\">\u7ba1\u7406\u57fa\u6e96<\/a><\/li>\n<li id=\"menu-item-30939\" class=\"menu-item menu-item-type-post_type menu-item-object-page menu-item-30939\"><a href=\"https:\/\/asg.vn\/ja\/gioi-thieu-cong-ty\/bai-hat-cong-ty\/\">\u793e\u6b4c<\/a><\/li>\n<li id=\"menu-item-20632\" class=\"menu-item menu-item-type-post_type menu-item-object-page menu-item-20632\"><a href=\"https:\/\/asg.vn\/ja\/gioi-thieu-cong-ty\/chung-nhan\/\">\u8a8d\u8a3c<\/a><\/li>\n<li id=\"menu-item-20634\" class=\"menu-item menu-item-type-post_type menu-item-object-page menu-item-20634\"><a href=\"https:\/\/asg.vn\/ja\/gioi-thieu-cong-ty\/bao-mat-thong-tin\/\">\u60c5\u5831\u30bb\u30ad\u30e5\u30ea\u30c6\u30a3<\/a><\/li>\n<li id=\"menu-item-33098\" class=\"menu-item menu-item-type-post_type menu-item-object-page menu-item-33098\"><a href=\"https:\/\/asg.vn\/ja\/gioi-thieu-cong-ty\/mang-luoi-toan-cau\/\">\u4e8b\u696d\u62e0\u70b9<\/a><\/li>\n<li id=\"menu-item-33099\" class=\"menu-item menu-item-type-post_type menu-item-object-page menu-item-33099\"><strong><a href=\"https:\/\/asg.vn\/ja\/gioi-thieu-cong-ty\/hoat-dong-moi-truong\/\">\u74b0\u5883\u4fdd\u8b77<\/a><\/strong><\/li>\n<\/ul>\n\t\t\n<style>\n#text-1989056544 {\n  line-height: 2.45;\n}\n<\/style>\n\t<\/div>\n\t\n\t\t<\/div>\n\t\t<\/div><\/div>\t\t\n<style>\n#col-1465307950 > .is-sticky-column > .is-sticky-column__inner > .col-inner {\n  padding: 20px 20px 20px 20px;\n}\n<\/style>\n\t<\/div>\n\n\t\n\n\t<div id=\"col-140212232\" class=\"col medium-9 small-12 large-9\"  >\n\t\t\t\t<div class=\"col-inner\" style=\"background-color:rgb(255, 255, 255);\" >\n\t\t\t\n\t\t\t\n<div class=\"container section-title-container\" ><h2 class=\"section-title section-title-center\"><b><\/b><span class=\"section-title-main\" >\u74b0\u5883\u4fdd\u8b77<\/span><b><\/b><\/h2><\/div>\n<header class=\"c-section-header\">\n<div lang=\"ja\">\n<h2 class=\"c-section-article__head\">\u57fa\u672c\u7406\u5ff5<\/h2>\n<\/div>\n<\/header>\n<div class=\"c-section-contents\">\n<article class=\"c-section-article\">\n<div class=\"c-section-article__body\">\n<p>\u5f53\u793e\u306f\u3001\u793e\u4f1a\u306b\u304a\u3044\u3066\u91cd\u8981\u306a\u5f79\u5272\u3092\u679c\u305f\u3059\u4f01\u696d\u306e\u4e00\u3064\u3068\u3057\u3066\u306e\u81ea\u899a\u3092\u6301\u3061\u3001\u88fd\u9020\u3068\u74b0\u5883\u4fdd\u8b77\u306e\u4e21\u7acb\u3092\u5e38\u306b\u5fc3\u639b\u3051\u3066\u3044\u307e\u3059\u3002\u5f53\u793e\u306f\u74b0\u5883\u306b\u512a\u3057\u3044\u57fa\u6e96\u3092\u5fb9\u5e95\u3057\u3001\u4e8b\u696d\u6d3b\u52d5\u3092\u901a\u3058\u3066\u6700\u826f\u306e\u74b0\u5883\u3092\u63d0\u4f9b\u3059\u308b\u3053\u3068\u3092\u76ee\u6307\u3057\u3066\u3044\u307e\u3059\u3002<\/p>\n<\/div>\n<\/article>\n<article class=\"c-section-article\">\n<h2 class=\"c-section-article__head\">\u74b0\u5883\u65b9\u91dd<\/h2>\n<div class=\"c-section-article__body\">\n<p>\u5f53\u793e\u306f\u3001\u81ea\u793e\u306e\u88fd\u9020\u6d3b\u52d5\u306b\u304a\u3051\u308b\u74b0\u5883\u7ba1\u7406\u30b7\u30b9\u30c6\u30e0\u3092\u69cb\u7bc9\u3001\u7dad\u6301\u3057\u3001\u7d99\u7d9a\u7684\u306b\u6539\u5584\u3059\u308b\u3053\u3068\u3067\u3001\u74b0\u5883\u6c5a\u67d3\u306e\u9632\u6b62\u306b\u52aa\u3081\u307e\u3059\u3002<\/p>\n<ol class=\"c-ordered-list\">\n<li class=\"c-ordered-list__item\">\n<p>\"\u30ea\u30b5\u30a4\u30af\u30eb\u6d3b\u52d5\u306e\u63a8\u9032\n\u88fd\u9020\u306b\u4f7f\u7528\u3059\u308b\u6750\u6599\u306e\u5faa\u74b0\u5229\u7528\u3092\u63a8\u9032\u3057\u3001\u74b0\u5883\u8ca0\u8377\u3092\u8efd\u6e1b\u3057\u307e\u3059\u3002\"<\/p>\n<\/li>\n<li class=\"c-ordered-list__item\">\n<p>\"\u6709\u5bb3\u5ec3\u68c4\u7269\u306e\u6392\u51fa\u524a\u6e1b\n\u9ad8\u3044\u751f\u7523\u6027\u3092\u7dad\u6301\u3057\u306a\u304c\u3089\u3001\u5ec3\u68c4\u7269\u3084\u4e0d\u5fc5\u8981\u306a\u526f\u7523\u7269\u306e\u6392\u51fa\u3092\u6700\u5c0f\u9650\u306b\u6291\u3048\u305f\u88fd\u54c1\u3092\u88fd\u9020\u3057\u307e\u3059\u3002\"<\/p>\n<\/li>\n<li class=\"c-ordered-list__item\">\n<p>\"\u8cc7\u6e90\u306e\u7bc0\u7d04\n\u6295\u5165\u8cc7\u6e90\u306e\u524a\u6e1b\u306b\u52aa\u3081\u3001\u81ea\u793e\u306e\u4e8b\u696d\u6d3b\u52d5\u306b\u304a\u3044\u3066\u3082\u53ef\u80fd\u306a\u9650\u308a\u30ea\u30b5\u30a4\u30af\u30eb\u3092\u5b9f\u65bd\u3057\u307e\u3059\u3002\"<\/p>\n<\/li>\n<li class=\"c-ordered-list__item\">\n<p>\"\n\u30a8\u30cd\u30eb\u30ae\u30fc\u306e\u7bc0\u7d04\n\u96fb\u529b\u3001\u30ac\u30b9\u3001\u6c34\u306e\u6d88\u8cbb\u3092\u5fc5\u8981\u4ee5\u4e0a\u306b\u884c\u308f\u306a\u3044\u3088\u3046\u52aa\u3081\u307e\u3059\u3002\"<\/p>\n<\/li>\n<li class=\"c-ordered-list__item\">\n<p>\"\u30b0\u30ea\u30fc\u30f3\u8cfc\u5165\n\u4e8b\u696d\u6d3b\u52d5\u306b\u4f7f\u7528\u3059\u308b\u8a2d\u5099\u3084\u539f\u6750\u6599\u306b\u3064\u3044\u3066\u3001\u74b0\u5883\u306b\u512a\u3057\u3044\u88fd\u54c1\u3001\u4f8b\u3048\u3070\u30ea\u30b5\u30a4\u30af\u30eb\u88fd\u54c1\u306e\u8cfc\u5165\u306b\u52aa\u3081\u307e\u3059\u3002\"<\/p>\n<\/li>\n<li class=\"c-ordered-list__item\">\n<p>\"\u74b0\u5883\u95a2\u9023\u6cd5\u898f\u306e\u9075\u5b88\n\u74b0\u5883\u306b\u95a2\u3059\u308b\u56fd\u5bb6\u304a\u3088\u3073\u5730\u65b9\u81ea\u6cbb\u4f53\u306e\u898f\u5b9a\u3001\u6cd5\u4ee4\u3001\u305d\u306e\u4ed6\u306e\u8981\u6c42\u4e8b\u9805\u3092\u9075\u5b88\u3057\u3001\u74b0\u5883\u6c5a\u67d3\u306e\u9632\u6b62\u306b\u52aa\u3081\u307e\u3059\u3002\"<\/p>\n<\/li>\n<\/ol>\n<\/div>\n<\/article>\n<\/div>\n\t\t<\/div>\n\t\t\t\t\n<style>\n#col-140212232 > .col-inner {\n  padding: 30px 30px 30px 30px;\n  border-radius: 20px;\n}\n<\/style>\n\t<\/div>\n\n\t\n<\/div>\n\t\t<\/div>\n\n\t\t\n<style>\n#section_1170774689 {\n  padding-top: 30px;\n  padding-bottom: 30px;\n}\n#section_1170774689 .section-bg-overlay {\n  background-color: rgba(32, 56, 98, 0.047);\n}\n<\/style>\n\t<\/section>","protected":false},"excerpt":{"rendered":"","protected":false},"author":24,"featured_media":0,"parent":61,"menu_order":0,"comment_status":"closed","ping_status":"closed","template":"page-blank.php","meta":{"inline_featured_image":false,"footnotes":""},"yoast_head":"<!-- This site is optimized with the Yoast SEO plugin v22.5 - https:\/\/yoast.com\/wordpress\/plugins\/seo\/ -->\n<title>Ho\u1ea1t \u0111\u1ed9ng m\u00f4i tr\u01b0\u1eddng - C\u00f4ng ty TNHH ASG<\/title>\n<meta name=\"robots\" content=\"index, follow, max-snippet:-1, max-image-preview:large, max-video-preview:-1\" \/>\n<link rel=\"canonical\" href=\"https:\/\/asg.vn\/ja\/gioi-thieu-cong-ty\/hoat-dong-moi-truong\/\" \/>\n<meta property=\"og:locale\" content=\"ja_JP\" \/>\n<meta property=\"og:type\" content=\"article\" \/>\n<meta property=\"og:title\" content=\"Ho\u1ea1t \u0111\u1ed9ng m\u00f4i tr\u01b0\u1eddng - C\u00f4ng ty TNHH ASG\" \/>\n<meta property=\"og:url\" content=\"https:\/\/asg.vn\/ja\/gioi-thieu-cong-ty\/hoat-dong-moi-truong\/\" \/>\n<meta property=\"og:site_name\" content=\"C\u00f4ng ty TNHH ASG\" \/>\n<meta property=\"article:publisher\" content=\"https:\/\/www.facebook.com\/congtyasgvietnam\" \/>\n<meta property=\"article:modified_time\" content=\"2024-03-29T10:00:17+00:00\" \/>\n<meta name=\"twitter:card\" content=\"summary_large_image\" \/>\n<script type=\"application\/ld+json\" class=\"yoast-schema-graph\">{\"@context\":\"https:\/\/schema.org\",\"@graph\":[{\"@type\":\"WebPage\",\"@id\":\"https:\/\/asg.vn\/vi\/gioi-thieu-cong-ty\/hoat-dong-moi-truong\/\",\"url\":\"https:\/\/asg.vn\/vi\/gioi-thieu-cong-ty\/hoat-dong-moi-truong\/\",\"name\":\"Ho\u1ea1t \u0111\u1ed9ng m\u00f4i tr\u01b0\u1eddng - C\u00f4ng ty TNHH ASG\",\"isPartOf\":{\"@id\":\"https:\/\/asg.vn\/ja\/#website\"},\"datePublished\":\"2024-03-09T06:16:10+00:00\",\"dateModified\":\"2024-03-29T10:00:17+00:00\",\"breadcrumb\":{\"@id\":\"https:\/\/asg.vn\/vi\/gioi-thieu-cong-ty\/hoat-dong-moi-truong\/#breadcrumb\"},\"inLanguage\":\"ja\",\"potentialAction\":[{\"@type\":\"ReadAction\",\"target\":[\"https:\/\/asg.vn\/vi\/gioi-thieu-cong-ty\/hoat-dong-moi-truong\/\"]}]},{\"@type\":\"BreadcrumbList\",\"@id\":\"https:\/\/asg.vn\/vi\/gioi-thieu-cong-ty\/hoat-dong-moi-truong\/#breadcrumb\",\"itemListElement\":[{\"@type\":\"ListItem\",\"position\":1,\"name\":\"Home\",\"item\":\"https:\/\/asg.vn\/ja\/\"},{\"@type\":\"ListItem\",\"position\":2,\"name\":\"GI\u1edaI THI\u1ec6U C\u00d4NG TY\",\"item\":\"https:\/\/asg.vn\/vi\/gioi-thieu-cong-ty\/\"},{\"@type\":\"ListItem\",\"position\":3,\"name\":\"Ho\u1ea1t \u0111\u1ed9ng m\u00f4i tr\u01b0\u1eddng\"}]},{\"@type\":\"WebSite\",\"@id\":\"https:\/\/asg.vn\/ja\/#website\",\"url\":\"https:\/\/asg.vn\/ja\/\",\"name\":\"C\u00f4ng ty TNHH ASG\",\"description\":\"Th\u00e0nh c\u00f4ng b\u1eb1ng s\u1ef1 t\u1eed t\u1ebf\",\"publisher\":{\"@id\":\"https:\/\/asg.vn\/ja\/#organization\"},\"potentialAction\":[{\"@type\":\"SearchAction\",\"target\":{\"@type\":\"EntryPoint\",\"urlTemplate\":\"https:\/\/asg.vn\/ja\/?s={search_term_string}\"},\"query-input\":\"required name=search_term_string\"}],\"inLanguage\":\"ja\"},{\"@type\":\"Organization\",\"@id\":\"https:\/\/asg.vn\/ja\/#organization\",\"name\":\"C\u00f4ng ty TNHH ASG\",\"url\":\"https:\/\/asg.vn\/ja\/\",\"logo\":{\"@type\":\"ImageObject\",\"inLanguage\":\"ja\",\"@id\":\"https:\/\/asg.vn\/ja\/#\/schema\/logo\/image\/\",\"url\":\"https:\/\/asg.vn\/wp-content\/uploads\/2023\/03\/z4110917483185_83f9ec26924715fb77663fd2b8bef540.jpg\",\"contentUrl\":\"https:\/\/asg.vn\/wp-content\/uploads\/2023\/03\/z4110917483185_83f9ec26924715fb77663fd2b8bef540.jpg\",\"width\":1038,\"height\":324,\"caption\":\"C\u00f4ng ty TNHH ASG\"},\"image\":{\"@id\":\"https:\/\/asg.vn\/ja\/#\/schema\/logo\/image\/\"},\"sameAs\":[\"https:\/\/www.facebook.com\/congtyasgvietnam\"]}]}<\/script>\n<!-- \/ Yoast SEO plugin. -->","yoast_head_json":{"title":"Ho\u1ea1t \u0111\u1ed9ng m\u00f4i tr\u01b0\u1eddng - C\u00f4ng ty TNHH ASG","robots":{"index":"index","follow":"follow","max-snippet":"max-snippet:-1","max-image-preview":"max-image-preview:large","max-video-preview":"max-video-preview:-1"},"canonical":"https:\/\/asg.vn\/ja\/gioi-thieu-cong-ty\/hoat-dong-moi-truong\/","og_locale":"ja_JP","og_type":"article","og_title":"Ho\u1ea1t \u0111\u1ed9ng m\u00f4i tr\u01b0\u1eddng - C\u00f4ng ty TNHH ASG","og_url":"https:\/\/asg.vn\/ja\/gioi-thieu-cong-ty\/hoat-dong-moi-truong\/","og_site_name":"C\u00f4ng ty TNHH ASG","article_publisher":"https:\/\/www.facebook.com\/congtyasgvietnam","article_modified_time":"2024-03-29T10:00:17+00:00","twitter_card":"summary_large_image","schema":{"@context":"https:\/\/schema.org","@graph":[{"@type":"WebPage","@id":"https:\/\/asg.vn\/vi\/gioi-thieu-cong-ty\/hoat-dong-moi-truong\/","url":"https:\/\/asg.vn\/vi\/gioi-thieu-cong-ty\/hoat-dong-moi-truong\/","name":"Ho\u1ea1t \u0111\u1ed9ng m\u00f4i tr\u01b0\u1eddng - C\u00f4ng ty TNHH ASG","isPartOf":{"@id":"https:\/\/asg.vn\/ja\/#website"},"datePublished":"2024-03-09T06:16:10+00:00","dateModified":"2024-03-29T10:00:17+00:00","breadcrumb":{"@id":"https:\/\/asg.vn\/vi\/gioi-thieu-cong-ty\/hoat-dong-moi-truong\/#breadcrumb"},"inLanguage":"ja","potentialAction":[{"@type":"ReadAction","target":["https:\/\/asg.vn\/vi\/gioi-thieu-cong-ty\/hoat-dong-moi-truong\/"]}]},{"@type":"BreadcrumbList","@id":"https:\/\/asg.vn\/vi\/gioi-thieu-cong-ty\/hoat-dong-moi-truong\/#breadcrumb","itemListElement":[{"@type":"ListItem","position":1,"name":"Home","item":"https:\/\/asg.vn\/ja\/"},{"@type":"ListItem","position":2,"name":"GI\u1edaI THI\u1ec6U C\u00d4NG TY","item":"https:\/\/asg.vn\/vi\/gioi-thieu-cong-ty\/"},{"@type":"ListItem","position":3,"name":"Ho\u1ea1t \u0111\u1ed9ng m\u00f4i tr\u01b0\u1eddng"}]},{"@type":"WebSite","@id":"https:\/\/asg.vn\/ja\/#website","url":"https:\/\/asg.vn\/ja\/","name":"C\u00f4ng ty TNHH ASG","description":"Th\u00e0nh c\u00f4ng b\u1eb1ng s\u1ef1 t\u1eed t\u1ebf","publisher":{"@id":"https:\/\/asg.vn\/ja\/#organization"},"potentialAction":[{"@type":"SearchAction","target":{"@type":"EntryPoint","urlTemplate":"https:\/\/asg.vn\/ja\/?s={search_term_string}"},"query-input":"required name=search_term_string"}],"inLanguage":"ja"},{"@type":"Organization","@id":"https:\/\/asg.vn\/ja\/#organization","name":"C\u00f4ng ty TNHH ASG","url":"https:\/\/asg.vn\/ja\/","logo":{"@type":"ImageObject","inLanguage":"ja","@id":"https:\/\/asg.vn\/ja\/#\/schema\/logo\/image\/","url":"https:\/\/asg.vn\/wp-content\/uploads\/2023\/03\/z4110917483185_83f9ec26924715fb77663fd2b8bef540.jpg","contentUrl":"https:\/\/asg.vn\/wp-content\/uploads\/2023\/03\/z4110917483185_83f9ec26924715fb77663fd2b8bef540.jpg","width":1038,"height":324,"caption":"C\u00f4ng ty TNHH ASG"},"image":{"@id":"https:\/\/asg.vn\/ja\/#\/schema\/logo\/image\/"},"sameAs":["https:\/\/www.facebook.com\/congtyasgvietnam"]}]}},"_links":{"self":[{"href":"https:\/\/asg.vn\/ja\/wp-json\/wp\/v2\/pages\/4080"}],"collection":[{"href":"https:\/\/asg.vn\/ja\/wp-json\/wp\/v2\/pages"}],"about":[{"href":"https:\/\/asg.vn\/ja\/wp-json\/wp\/v2\/types\/page"}],"author":[{"embeddable":true,"href":"https:\/\/asg.vn\/ja\/wp-json\/wp\/v2\/users\/24"}],"replies":[{"embeddable":true,"href":"https:\/\/asg.vn\/ja\/wp-json\/wp\/v2\/comments?post=4080"}],"version-history":[{"count":7,"href":"https:\/\/asg.vn\/ja\/wp-json\/wp\/v2\/pages\/4080\/revisions"}],"predecessor-version":[{"id":4411,"href":"https:\/\/asg.vn\/ja\/wp-json\/wp\/v2\/pages\/4080\/revisions\/4411"}],"up":[{"embeddable":true,"href":"https:\/\/asg.vn\/ja\/wp-json\/wp\/v2\/pages\/61"}],"wp:attachment":[{"href":"https:\/\/asg.vn\/ja\/wp-json\/wp\/v2\/media?parent=4080"}],"curies":[{"name":"wp","href":"https:\/\/api.w.org\/{rel}","templated":true}]}}