{"id":4070,"date":"2024-03-09T13:14:21","date_gmt":"2024-03-09T06:14:21","guid":{"rendered":"https:\/\/asg.vn\/?page_id=4070"},"modified":"2024-05-27T14:17:02","modified_gmt":"2024-05-27T07:17:02","slug":"tieu-chi-quan-ly","status":"publish","type":"page","link":"https:\/\/asg.vn\/ja\/gioi-thieu-cong-ty\/tieu-chi-quan-ly\/","title":{"rendered":"\u7ba1\u7406\u57fa\u6e96"},"content":{"rendered":"<section class=\"section\" id=\"section_62738742\">\n\t\t<div class=\"bg section-bg fill bg-fill bg-loaded bg-loaded\" >\n\n\t\t\t\n\t\t\t<div class=\"section-bg-overlay absolute fill\"><\/div>\n\t\t\t\n\n\t\t<\/div>\n\n\t\t\n\n\t\t<div class=\"section-content relative\">\n\t\t\t\n<div class=\"row\"  id=\"row-1493201987\">\n\n\t<div id=\"col-478875069\" class=\"col cot34 medium-3 small-12 large-3\"  >\n\t\t<div class=\"is-sticky-column\"><div class=\"is-sticky-column__inner\">\t\t<div class=\"col-inner box-shadow-1\" style=\"background-color:rgb(255, 255, 255);\" >\n\t\t\t\n\t\t\t\n\t<div id=\"text-3961183370\" class=\"text\">\n\t\t\n<ul id=\"menu-cnav-comapny\" class=\"cnavList\">\n<li id=\"menu-item-27601\" class=\"menu-item menu-item-type-post_type menu-item-object-page current-menu-item page_item page-item-238 current_page_item menu-item-27601\"><a href=\"https:\/\/asg.vn\/ja\/gioi-thieu-cong-ty\/\">\u5f53\u793e\u306b\u3064\u3044\u3066<\/a><\/li>\n<li id=\"menu-item-31203\" class=\"menu-item menu-item-type-post_type menu-item-object-page menu-item-31203\"><a href=\"https:\/\/asg.vn\/ja\/gioi-thieu-cong-ty\/loi-cua-chu-tich\/\">\u793e\u9577\u306e\u8a00\u8449<\/a><\/li>\n<li id=\"menu-item-20630\" class=\"menu-item menu-item-type-post_type menu-item-object-page menu-item-20630\"><a href=\"https:\/\/asg.vn\/ja\/gioi-thieu-cong-ty\/ho-so-cong-ty\/\">\u4f1a\u793e\u6982\u8981<\/a><\/li>\n<li><a href=\"https:\/\/asg.vn\/ja\/gioi-thieu-cong-ty\/mang-luoi-khach-hang\/\">\u9867\u5ba2<\/a><\/li>\n<li id=\"menu-item-20631\" class=\"menu-item menu-item-type-post_type menu-item-object-page menu-item-20631\"><a href=\"https:\/\/asg.vn\/ja\/gioi-thieu-cong-ty\/lich-su-phat-trien\/\">\u6cbf\u9769<\/a><\/li>\n<li id=\"menu-item-20629\" class=\"menu-item menu-item-type-post_type menu-item-object-page menu-item-20629\"><strong><a href=\"https:\/\/asg.vn\/ja\/gioi-thieu-cong-ty\/tieu-chi-quan-ly\/\">\u7ba1\u7406\u57fa\u6e96<\/a><\/strong><\/li>\n<li id=\"menu-item-30939\" class=\"menu-item menu-item-type-post_type menu-item-object-page menu-item-30939\"><a href=\"https:\/\/asg.vn\/ja\/gioi-thieu-cong-ty\/bai-hat-cong-ty\/\">\u793e\u6b4c<\/a><\/li>\n<li id=\"menu-item-20632\" class=\"menu-item menu-item-type-post_type menu-item-object-page menu-item-20632\"><a href=\"https:\/\/asg.vn\/ja\/gioi-thieu-cong-ty\/chung-nhan\/\">\u8a8d\u8a3c<\/a><\/li>\n<li id=\"menu-item-20634\" class=\"menu-item menu-item-type-post_type menu-item-object-page menu-item-20634\"><a href=\"https:\/\/asg.vn\/ja\/gioi-thieu-cong-ty\/bao-mat-thong-tin\/\">\u60c5\u5831\u30bb\u30ad\u30e5\u30ea\u30c6\u30a3<\/a><\/li>\n<li id=\"menu-item-33098\" class=\"menu-item menu-item-type-post_type menu-item-object-page menu-item-33098\"><a href=\"https:\/\/asg.vn\/ja\/gioi-thieu-cong-ty\/mang-luoi-toan-cau\/\">\u4e8b\u696d\u62e0\u70b9<\/a><\/li>\n<li id=\"menu-item-33099\" class=\"menu-item menu-item-type-post_type menu-item-object-page menu-item-33099\"><a href=\"https:\/\/asg.vn\/ja\/gioi-thieu-cong-ty\/hoat-dong-moi-truong\/\">\u74b0\u5883\u4fdd\u8b77<\/a><\/li>\n<\/ul>\n\t\t\n<style>\n#text-3961183370 {\n  line-height: 2.45;\n}\n<\/style>\n\t<\/div>\n\t\n\t\t<\/div>\n\t\t<\/div><\/div>\t\t\n<style>\n#col-478875069 > .is-sticky-column > .is-sticky-column__inner > .col-inner {\n  padding: 20px 20px 20px 20px;\n}\n<\/style>\n\t<\/div>\n\n\t\n\n\t<div id=\"col-1756097928\" class=\"col coquanly medium-9 small-12 large-9\"  >\n\t\t\t\t<div class=\"col-inner\" style=\"background-color:rgb(255, 255, 255);\" >\n\t\t\t\n\t\t\t\n<div class=\"container section-title-container\" ><h2 class=\"section-title section-title-normal\"><b><\/b><span class=\"section-title-main\" >\u7ba1\u7406\u57fa\u6e96<\/span><b><\/b><\/h2><\/div>\n<h3 id=\"\u7d4c\u55b6\u7406\u5ff5\" class=\"wp-block-heading\">\u76ee\u6307<\/h3>\n<div class=\"is-divider divider clearfix\" style=\"max-width:25px;height:6px;background-color:#263860;\"><\/div>\n<p class=\"has-text-align-center has-medium-font-size\" style=\"text-align: center;\"><strong>\u54c1\u8cea - \u901f\u3055 - \u4fa1\u683c - \u30a2\u30a4\u30c7\u30a2<\/strong><\/p>\n<h3 id=\"\u793e\u662f\" class=\"wp-block-heading\">\u30b9\u30ed\u30fc\u30ac\u30f3<\/h3>\n<div class=\"is-divider divider clearfix\" style=\"max-width:25px;height:6px;background-color:#263860;\"><\/div>\n<p class=\"has-text-align-center has-medium-font-size\" style=\"text-align: center;\"><strong>\u304a\u5ba2\u69d8\u306f\u3059\u3079\u3066\u306e\u5275\u9020\u306e\u6838\u5fc3\u3067\u3059<\/strong><\/p>\n<h3 id=\"\u793e\u662f\" class=\"wp-block-heading\">\u65b9\u91dd<\/h3>\n<div class=\"is-divider divider clearfix\" style=\"max-width:25px;height:6px;background-color:#263860;\"><\/div>\n<p class=\"has-text-align-center has-medium-font-size\" style=\"text-align: center;\"><strong>\u4eba\u3005\u3092\u5927\u5207\u306b\u3057\u3001\u56e3\u7d50\u3092\u91cd\u3093\u3058\u3001\u6280\u8853\u3092\u9032\u5316\u3055\u305b\u308b<\/strong><\/p>\n<h3 id=\"\u4f7f\u547d\" class=\"wp-block-heading\">\u76ee\u6a19<\/h3>\n<div class=\"is-divider divider clearfix\" style=\"max-width:25px;height:6px;background-color:#263860;\"><\/div>\n<p class=\"has-text-align-center has-medium-font-size\" style=\"text-align: left;\"><strong>\u00a0 \u00a0 \u00a0 \u00a0\u88dc\u52a9\u90e8\u54c1\u88fd\u9020\u696d\u754c\u306e\u30c8\u30c3\u30d7\u4f01\u696d\u306b\u306a\u308b<\/strong><\/p>\n\t\t<\/div>\n\t\t\t\t\n<style>\n#col-1756097928 > .col-inner {\n  padding: 30px 30px 30px 30px;\n  border-radius: 20px;\n}\n<\/style>\n\t<\/div>\n\n\t\n<\/div>\n\t\t<\/div>\n\n\t\t\n<style>\n#section_62738742 {\n  padding-top: 30px;\n  padding-bottom: 30px;\n}\n#section_62738742 .section-bg-overlay {\n  background-color: rgba(32, 56, 98, 0.047);\n}\n<\/style>\n\t<\/section>","protected":false},"excerpt":{"rendered":"","protected":false},"author":24,"featured_media":0,"parent":61,"menu_order":0,"comment_status":"closed","ping_status":"closed","template":"page-blank.php","meta":{"inline_featured_image":false,"footnotes":""},"yoast_head":"<!-- This site is optimized with the Yoast SEO plugin v22.5 - https:\/\/yoast.com\/wordpress\/plugins\/seo\/ -->\n<title>Ti\u00eau ch\u00ed qu\u1ea3n l\u00fd - C\u00f4ng ty TNHH ASG<\/title>\n<meta name=\"robots\" content=\"index, follow, max-snippet:-1, max-image-preview:large, max-video-preview:-1\" \/>\n<link rel=\"canonical\" href=\"https:\/\/asg.vn\/ja\/gioi-thieu-cong-ty\/tieu-chi-quan-ly\/\" \/>\n<meta property=\"og:locale\" content=\"ja_JP\" \/>\n<meta property=\"og:type\" content=\"article\" \/>\n<meta property=\"og:title\" content=\"Ti\u00eau ch\u00ed qu\u1ea3n l\u00fd - C\u00f4ng ty TNHH ASG\" \/>\n<meta property=\"og:url\" content=\"https:\/\/asg.vn\/ja\/gioi-thieu-cong-ty\/tieu-chi-quan-ly\/\" \/>\n<meta property=\"og:site_name\" content=\"C\u00f4ng ty TNHH ASG\" \/>\n<meta property=\"article:publisher\" content=\"https:\/\/www.facebook.com\/congtyasgvietnam\" \/>\n<meta property=\"article:modified_time\" content=\"2024-05-27T07:17:02+00:00\" \/>\n<meta name=\"twitter:card\" content=\"summary_large_image\" \/>\n<meta name=\"twitter:label1\" content=\"\u63a8\u5b9a\u8aad\u307f\u53d6\u308a\u6642\u9593\" \/>\n\t<meta name=\"twitter:data1\" content=\"1\u5206\" \/>\n<script type=\"application\/ld+json\" class=\"yoast-schema-graph\">{\"@context\":\"https:\/\/schema.org\",\"@graph\":[{\"@type\":\"WebPage\",\"@id\":\"https:\/\/asg.vn\/vi\/gioi-thieu-cong-ty\/tieu-chi-quan-ly\/\",\"url\":\"https:\/\/asg.vn\/vi\/gioi-thieu-cong-ty\/tieu-chi-quan-ly\/\",\"name\":\"Ti\u00eau ch\u00ed qu\u1ea3n l\u00fd - C\u00f4ng ty TNHH ASG\",\"isPartOf\":{\"@id\":\"https:\/\/asg.vn\/ja\/#website\"},\"datePublished\":\"2024-03-09T06:14:21+00:00\",\"dateModified\":\"2024-05-27T07:17:02+00:00\",\"breadcrumb\":{\"@id\":\"https:\/\/asg.vn\/vi\/gioi-thieu-cong-ty\/tieu-chi-quan-ly\/#breadcrumb\"},\"inLanguage\":\"ja\",\"potentialAction\":[{\"@type\":\"ReadAction\",\"target\":[\"https:\/\/asg.vn\/vi\/gioi-thieu-cong-ty\/tieu-chi-quan-ly\/\"]}]},{\"@type\":\"BreadcrumbList\",\"@id\":\"https:\/\/asg.vn\/vi\/gioi-thieu-cong-ty\/tieu-chi-quan-ly\/#breadcrumb\",\"itemListElement\":[{\"@type\":\"ListItem\",\"position\":1,\"name\":\"Home\",\"item\":\"https:\/\/asg.vn\/ja\/\"},{\"@type\":\"ListItem\",\"position\":2,\"name\":\"GI\u1edaI THI\u1ec6U C\u00d4NG TY\",\"item\":\"https:\/\/asg.vn\/vi\/gioi-thieu-cong-ty\/\"},{\"@type\":\"ListItem\",\"position\":3,\"name\":\"Ti\u00eau ch\u00ed qu\u1ea3n l\u00fd\"}]},{\"@type\":\"WebSite\",\"@id\":\"https:\/\/asg.vn\/ja\/#website\",\"url\":\"https:\/\/asg.vn\/ja\/\",\"name\":\"C\u00f4ng ty TNHH ASG\",\"description\":\"Th\u00e0nh c\u00f4ng b\u1eb1ng s\u1ef1 t\u1eed t\u1ebf\",\"publisher\":{\"@id\":\"https:\/\/asg.vn\/ja\/#organization\"},\"potentialAction\":[{\"@type\":\"SearchAction\",\"target\":{\"@type\":\"EntryPoint\",\"urlTemplate\":\"https:\/\/asg.vn\/ja\/?s={search_term_string}\"},\"query-input\":\"required name=search_term_string\"}],\"inLanguage\":\"ja\"},{\"@type\":\"Organization\",\"@id\":\"https:\/\/asg.vn\/ja\/#organization\",\"name\":\"C\u00f4ng ty TNHH ASG\",\"url\":\"https:\/\/asg.vn\/ja\/\",\"logo\":{\"@type\":\"ImageObject\",\"inLanguage\":\"ja\",\"@id\":\"https:\/\/asg.vn\/ja\/#\/schema\/logo\/image\/\",\"url\":\"https:\/\/asg.vn\/wp-content\/uploads\/2023\/03\/z4110917483185_83f9ec26924715fb77663fd2b8bef540.jpg\",\"contentUrl\":\"https:\/\/asg.vn\/wp-content\/uploads\/2023\/03\/z4110917483185_83f9ec26924715fb77663fd2b8bef540.jpg\",\"width\":1038,\"height\":324,\"caption\":\"C\u00f4ng ty TNHH ASG\"},\"image\":{\"@id\":\"https:\/\/asg.vn\/ja\/#\/schema\/logo\/image\/\"},\"sameAs\":[\"https:\/\/www.facebook.com\/congtyasgvietnam\"]}]}<\/script>\n<!-- \/ Yoast SEO plugin. -->","yoast_head_json":{"title":"Ti\u00eau ch\u00ed qu\u1ea3n l\u00fd - C\u00f4ng ty TNHH ASG","robots":{"index":"index","follow":"follow","max-snippet":"max-snippet:-1","max-image-preview":"max-image-preview:large","max-video-preview":"max-video-preview:-1"},"canonical":"https:\/\/asg.vn\/ja\/gioi-thieu-cong-ty\/tieu-chi-quan-ly\/","og_locale":"ja_JP","og_type":"article","og_title":"Ti\u00eau ch\u00ed qu\u1ea3n l\u00fd - C\u00f4ng ty TNHH ASG","og_url":"https:\/\/asg.vn\/ja\/gioi-thieu-cong-ty\/tieu-chi-quan-ly\/","og_site_name":"C\u00f4ng ty TNHH ASG","article_publisher":"https:\/\/www.facebook.com\/congtyasgvietnam","article_modified_time":"2024-05-27T07:17:02+00:00","twitter_card":"summary_large_image","twitter_misc":{"\u63a8\u5b9a\u8aad\u307f\u53d6\u308a\u6642\u9593":"1\u5206"},"schema":{"@context":"https:\/\/schema.org","@graph":[{"@type":"WebPage","@id":"https:\/\/asg.vn\/vi\/gioi-thieu-cong-ty\/tieu-chi-quan-ly\/","url":"https:\/\/asg.vn\/vi\/gioi-thieu-cong-ty\/tieu-chi-quan-ly\/","name":"Ti\u00eau ch\u00ed qu\u1ea3n l\u00fd - C\u00f4ng ty TNHH ASG","isPartOf":{"@id":"https:\/\/asg.vn\/ja\/#website"},"datePublished":"2024-03-09T06:14:21+00:00","dateModified":"2024-05-27T07:17:02+00:00","breadcrumb":{"@id":"https:\/\/asg.vn\/vi\/gioi-thieu-cong-ty\/tieu-chi-quan-ly\/#breadcrumb"},"inLanguage":"ja","potentialAction":[{"@type":"ReadAction","target":["https:\/\/asg.vn\/vi\/gioi-thieu-cong-ty\/tieu-chi-quan-ly\/"]}]},{"@type":"BreadcrumbList","@id":"https:\/\/asg.vn\/vi\/gioi-thieu-cong-ty\/tieu-chi-quan-ly\/#breadcrumb","itemListElement":[{"@type":"ListItem","position":1,"name":"Home","item":"https:\/\/asg.vn\/ja\/"},{"@type":"ListItem","position":2,"name":"GI\u1edaI THI\u1ec6U C\u00d4NG TY","item":"https:\/\/asg.vn\/vi\/gioi-thieu-cong-ty\/"},{"@type":"ListItem","position":3,"name":"Ti\u00eau ch\u00ed qu\u1ea3n l\u00fd"}]},{"@type":"WebSite","@id":"https:\/\/asg.vn\/ja\/#website","url":"https:\/\/asg.vn\/ja\/","name":"C\u00f4ng ty TNHH ASG","description":"Th\u00e0nh c\u00f4ng b\u1eb1ng s\u1ef1 t\u1eed t\u1ebf","publisher":{"@id":"https:\/\/asg.vn\/ja\/#organization"},"potentialAction":[{"@type":"SearchAction","target":{"@type":"EntryPoint","urlTemplate":"https:\/\/asg.vn\/ja\/?s={search_term_string}"},"query-input":"required name=search_term_string"}],"inLanguage":"ja"},{"@type":"Organization","@id":"https:\/\/asg.vn\/ja\/#organization","name":"C\u00f4ng ty TNHH ASG","url":"https:\/\/asg.vn\/ja\/","logo":{"@type":"ImageObject","inLanguage":"ja","@id":"https:\/\/asg.vn\/ja\/#\/schema\/logo\/image\/","url":"https:\/\/asg.vn\/wp-content\/uploads\/2023\/03\/z4110917483185_83f9ec26924715fb77663fd2b8bef540.jpg","contentUrl":"https:\/\/asg.vn\/wp-content\/uploads\/2023\/03\/z4110917483185_83f9ec26924715fb77663fd2b8bef540.jpg","width":1038,"height":324,"caption":"C\u00f4ng ty TNHH ASG"},"image":{"@id":"https:\/\/asg.vn\/ja\/#\/schema\/logo\/image\/"},"sameAs":["https:\/\/www.facebook.com\/congtyasgvietnam"]}]}},"_links":{"self":[{"href":"https:\/\/asg.vn\/ja\/wp-json\/wp\/v2\/pages\/4070"}],"collection":[{"href":"https:\/\/asg.vn\/ja\/wp-json\/wp\/v2\/pages"}],"about":[{"href":"https:\/\/asg.vn\/ja\/wp-json\/wp\/v2\/types\/page"}],"author":[{"embeddable":true,"href":"https:\/\/asg.vn\/ja\/wp-json\/wp\/v2\/users\/24"}],"replies":[{"embeddable":true,"href":"https:\/\/asg.vn\/ja\/wp-json\/wp\/v2\/comments?post=4070"}],"version-history":[{"count":13,"href":"https:\/\/asg.vn\/ja\/wp-json\/wp\/v2\/pages\/4070\/revisions"}],"predecessor-version":[{"id":4683,"href":"https:\/\/asg.vn\/ja\/wp-json\/wp\/v2\/pages\/4070\/revisions\/4683"}],"up":[{"embeddable":true,"href":"https:\/\/asg.vn\/ja\/wp-json\/wp\/v2\/pages\/61"}],"wp:attachment":[{"href":"https:\/\/asg.vn\/ja\/wp-json\/wp\/v2\/media?parent=4070"}],"curies":[{"name":"wp","href":"https:\/\/api.w.org\/{rel}","templated":true}]}}