{"id":4066,"date":"2024-03-09T13:09:44","date_gmt":"2024-03-09T06:09:44","guid":{"rendered":"https:\/\/asg.vn\/?page_id=4066"},"modified":"2024-03-29T16:56:45","modified_gmt":"2024-03-29T09:56:45","slug":"lich-su-phat-trien","status":"publish","type":"page","link":"https:\/\/asg.vn\/ja\/gioi-thieu-cong-ty\/lich-su-phat-trien\/","title":{"rendered":"\u6cbf\u9769"},"content":{"rendered":"<section class=\"section\" id=\"section_1624508001\">\n\t\t<div class=\"bg section-bg fill bg-fill bg-loaded bg-loaded\" >\n\n\t\t\t\n\t\t\t<div class=\"section-bg-overlay absolute fill\"><\/div>\n\t\t\t\n\n\t\t<\/div>\n\n\t\t\n\n\t\t<div class=\"section-content relative\">\n\t\t\t\n<div class=\"row\"  id=\"row-497818249\">\n\n\t<div id=\"col-1515515879\" class=\"col cot34 hide-for-small medium-3 small-12 large-3\"  >\n\t\t<div class=\"is-sticky-column\"><div class=\"is-sticky-column__inner\">\t\t<div class=\"col-inner box-shadow-1\" style=\"background-color:rgb(255, 255, 255);\" >\n\t\t\t\n\t\t\t\n\t<div id=\"text-2947032934\" class=\"text\">\n\t\t\n<ul id=\"menu-cnav-comapny\" class=\"cnavList\">\n<li id=\"menu-item-27601\" class=\"menu-item menu-item-type-post_type menu-item-object-page current-menu-item page_item page-item-238 current_page_item menu-item-27601\"><a href=\"https:\/\/asg.vn\/ja\/gioi-thieu-cong-ty\/\">\u5f53\u793e\u306b\u3064\u3044\u3066<\/a><\/li>\n<li id=\"menu-item-31203\" class=\"menu-item menu-item-type-post_type menu-item-object-page menu-item-31203\"><a href=\"https:\/\/asg.vn\/ja\/gioi-thieu-cong-ty\/loi-cua-chu-tich\/\">\u793e\u9577\u306e\u8a00\u8449<\/a><\/li>\n<li id=\"menu-item-20630\" class=\"menu-item menu-item-type-post_type menu-item-object-page menu-item-20630\"><a href=\"https:\/\/asg.vn\/ja\/gioi-thieu-cong-ty\/ho-so-cong-ty\/\">\u4f1a\u793e\u6982\u8981<\/a><\/li>\n<li><a href=\"https:\/\/asg.vn\/ja\/gioi-thieu-cong-ty\/mang-luoi-khach-hang\/\">\u9867\u5ba2<\/a><\/li>\n<li id=\"menu-item-20631\" class=\"menu-item menu-item-type-post_type menu-item-object-page menu-item-20631\"><strong><a href=\"https:\/\/asg.vn\/ja\/gioi-thieu-cong-ty\/lich-su-phat-trien\/\">\u6cbf\u9769<\/a><\/strong><\/li>\n<li id=\"menu-item-20629\" class=\"menu-item menu-item-type-post_type menu-item-object-page menu-item-20629\"><a href=\"https:\/\/asg.vn\/ja\/gioi-thieu-cong-ty\/tieu-chi-quan-ly\/\">\u7ba1\u7406\u57fa\u6e96<\/a><\/li>\n<li id=\"menu-item-30939\" class=\"menu-item menu-item-type-post_type menu-item-object-page menu-item-30939\"><a href=\"https:\/\/asg.vn\/ja\/gioi-thieu-cong-ty\/bai-hat-cong-ty\/\">\u793e\u6b4c<\/a><\/li>\n<li id=\"menu-item-20632\" class=\"menu-item menu-item-type-post_type menu-item-object-page menu-item-20632\"><a href=\"https:\/\/asg.vn\/ja\/gioi-thieu-cong-ty\/chung-nhan\/\">\u8a8d\u8a3c<\/a><\/li>\n<li id=\"menu-item-20634\" class=\"menu-item menu-item-type-post_type menu-item-object-page menu-item-20634\"><a href=\"https:\/\/asg.vn\/ja\/gioi-thieu-cong-ty\/bao-mat-thong-tin\/\">\u60c5\u5831\u30bb\u30ad\u30e5\u30ea\u30c6\u30a3<\/a><\/li>\n<li id=\"menu-item-33098\" class=\"menu-item menu-item-type-post_type menu-item-object-page menu-item-33098\"><a href=\"https:\/\/asg.vn\/ja\/gioi-thieu-cong-ty\/mang-luoi-toan-cau\/\">\u4e8b\u696d\u62e0\u70b9<\/a><\/li>\n<li id=\"menu-item-33099\" class=\"menu-item menu-item-type-post_type menu-item-object-page menu-item-33099\"><a href=\"https:\/\/asg.vn\/ja\/gioi-thieu-cong-ty\/hoat-dong-moi-truong\/\">\u74b0\u5883\u4fdd\u8b77<\/a><\/li>\n<\/ul>\n\t\t\n<style>\n#text-2947032934 {\n  line-height: 2.45;\n}\n<\/style>\n\t<\/div>\n\t\n\t\t<\/div>\n\t\t<\/div><\/div>\t\t\n<style>\n#col-1515515879 > .is-sticky-column > .is-sticky-column__inner > .col-inner {\n  padding: 20px 20px 20px 20px;\n}\n<\/style>\n\t<\/div>\n\n\t\n\n\t<div id=\"col-1181502481\" class=\"col cotcongty medium-9 small-12 large-9\"  >\n\t\t\t\t<div class=\"col-inner\" style=\"background-color:rgb(255, 255, 255);\" >\n\t\t\t\n\t\t\t\n<div class=\"container section-title-container\" ><h1 class=\"section-title section-title-center\"><b><\/b><span class=\"section-title-main\" >\u6cbf\u9769<\/span><b><\/b><\/h1><\/div>\n<div class=\"row row-collapse\"  id=\"row-925108997\">\n\n\t<div id=\"col-588064784\" class=\"col small-12 large-12\"  >\n\t\t\t\t<div class=\"col-inner box-shadow-1\" style=\"background-color:rgb(227, 237, 255);\" >\n\t\t\t\n\t\t\t\n<table width=\"616\">\n<tbody>\n<tr>\n<td style=\"text-align: left;\" width=\"135\"><span style=\"color: #ffffff; font-size: 140%;\"><strong>\u30de\u30a4\u30eb\u30b9\u30c8\u30fc\u30f3<\/strong><\/span><\/td>\n<td style=\"text-align: center;\" width=\"481\"><span style=\"color: #ed1c24; font-size: 140%;\"><strong>\u30a4\u30d9\u30f3\u30c8<\/strong><\/span><\/td>\n<\/tr>\n<tr>\n<td>2005\u5e745\u6708<\/td>\n<td width=\"481\">Nguyen Xuan Ngoc\u793e\u9577\u304c\u53f0\u6e7e\u3067\u6d3b\u52d5\u3057\u3001\u4e09\u83f1\u30b0\u30eb\u30fc\u30d7\u306e\u4e0b\u8acb\u3051\u4f01\u696d\u3067\u3001\u4e09\u83f1\u306e\u30a8\u30f3\u30b8\u30cb\u30a2\u306b\u3088\u308b\u6307\u5c0e\u306e\u3082\u3068\u306b\u50cd\u304f\u3002<\/td>\n<\/tr>\n<tr>\n<td>2008\u5e741\u6708<\/td>\n<td width=\"481\">Nguyen Xuan Ngoc\u793e\u9577\u304c\u30d7\u30e9\u30b9\u30c1\u30c3\u30af\u6210\u5f62\u696d\u754c\u306e\u4f01\u696d\u3067\u3001\u65e5\u672c\u306e\u8457\u540d\u306a\u6a5f\u5668\u30e1\u30fc\u30ab\u30fc\u306e\u8ca9\u58f2\u4ee3\u7406\u5e97\u3068\u3057\u3066\u50cd\u304f\u3002<\/td>\n<\/tr>\n<tr>\n<td>2012\u5e7410\u6708<\/td>\n<td width=\"481\">\u30cf\u30ce\u30a4\u306b\u8a2d\u7acb\u3055\u308c\u3001\u6a5f\u68b0\u90e8\u54c1\u3068\u30d7\u30e9\u30b9\u30c1\u30c3\u30af\u7523\u696d\u306e\u30bd\u30ea\u30e5\u30fc\u30b7\u30e7\u30f3\u3092\u63d0\u4f9b\u3059\u308b\u3002<\/td>\n<\/tr>\n<tr>\n<td>2013\u5e742\u6708\u00a0<\/td>\n<td width=\"481\">\u30b7\u30ea\u30f3\u30c0\u30fc\u30fb\u30b9\u30af\u30ea\u30e5\u30fc\u306e\u88fd\u9020\u6280\u8853\u306b\u95a2\u3059\u308b\u7814\u7a76\u3001\u6750\u6599\u6280\u8853\u3001\u52a0\u5de5\u6280\u8853\u3001\u71b1\u51e6\u7406\u6280\u8853\u3001\u3081\u3063\u304d\u6280\u8853\u306e\u8abf\u67fb\u3002\u00a0<\/td>\n<\/tr>\n<tr>\n<td>2014\u5e742\u6708<\/td>\n<td width=\"481\">\u30d9\u30c8\u30ca\u30e0\u3067\u65e5\u672c\u306e\u9867\u5ba2\u5411\u3051\u306eOEM\u3092\u53f0\u6e7e\u306b\u3042\u308b50\u5e74\u306e\u6b74\u53f2\u3092\u6301\u3064\u30b7\u30ea\u30f3\u30c0\u30fc\u30fb\u30b9\u30af\u30ea\u30e5\u30fc\u30e1\u30fc\u30ab\u30fc\u304b\u3089\u767a\u6ce8\u3002<\/td>\n<\/tr>\n<tr>\n<td>2016\u5e745\u6708<\/td>\n<td width=\"481\">\u9867\u5ba2\u306e\u6ce8\u6587\u306b\u5fdc\u3058\u3066CNC\u52a0\u5de5\u5de5\u5834\u3092\u8a2d\u7acb\u3057\u3001\u30b7\u30ea\u30f3\u30c0\u30fc\u30fb\u30b9\u30af\u30ea\u30e5\u30fc\u306e\u88fd\u9020\u306b\u95a2\u3059\u308b\u6df1\u3044\u7814\u7a76\u306e\u305f\u3081\u306e\u57fa\u76e4\u3092\u69cb\u7bc9\u3002<\/td>\n<\/tr>\n<tr>\n<td>2018\u5e743\u6708<\/td>\n<td width=\"481\">\u30d7\u30e9\u30b9\u30c1\u30c3\u30af\u88fd\u54c1\u306e\u88fd\u9020\u5de5\u5834\u3092\u8a2d\u7acb<\/td>\n<\/tr>\n<tr>\n<td>2018\u5e743\u6708<\/td>\n<td width=\"481\">\u6750\u6599\u5de5\u5b66\u306e\u535a\u58eb\uff08\u30cf\u30ce\u30a4\u5de5\u79d1\u5927\u5b66\uff09\u3092\u62db\u8058\u3057\u3001\u30b7\u30ea\u30f3\u30c0\u30fc\u30fb\u30b9\u30af\u30ea\u30e5\u30fc\u306e\u88fd\u9020\u6280\u8853\u30d7\u30ed\u30bb\u30b9\u3092\u7814\u7a76\u3057\u3001\u6587\u66f8\u5316\u3059\u308b\u3002\u00a0<\/td>\n<\/tr>\n<tr>\n<td>2018\u5e744\u6708<\/td>\n<td width=\"481\">\u30b9\u30af\u30ea\u30e5\u30fc\u30d8\u30c3\u30c9\u306e\u306d\u3058\u5c71\u306e\u786c\u5ea6\u3092\u4f4e\u6e1b\u3057\u3001\u66f2\u3052\u8010\u6027\u3092\u5411\u4e0a\u3055\u305b\u308b\u6280\u8853\u3092\u5b8c\u6210\u3055\u305b\u308b\u3002\n2018\u5e745\u6708\uff1a\u786c\u8cea\u5408\u91d1\u3092\u4f7f\u7528\u3057\u305f\u30b7\u30ea\u30f3\u30c0\u30fc\u30fb\u30b9\u30af\u30ea\u30e5\u30fc\u306e\u88fd\u9020\u6280\u8853\u3092\u5b8c\u6210\u3055\u305b\u308b\u3002<\/td>\n<\/tr>\n<tr>\n<td>2018\u5e745\u6708<\/td>\n<td width=\"481\">\u786c\u8cea\u5408\u91d1\u3092\u4f7f\u7528\u3057\u305f\u30b7\u30ea\u30f3\u30c0\u30fc\u30fb\u30b9\u30af\u30ea\u30e5\u30fc\u306e\u88fd\u9020\u6280\u8853\u3092\u5b8c\u6210\u3055\u305b\u308b\u3002\u00a0<\/td>\n<\/tr>\n<tr>\n<td>2018\u5e746\u6708<\/td>\n<td width=\"481\">\u30db\u30fc\u30c1\u30df\u30f3\u5e02\u306b\u7b2c2\u62e0\u70b9\u3092\u8a2d\u7acb<\/td>\n<\/tr>\n<tr>\n<td>2018\u5e748\u6708<\/td>\n<td width=\"481\">ISO 14001 LLC\u306e\u8a8d\u8a3c\u3092\u53d6\u5f97\u3002<\/td>\n<\/tr>\n<tr>\n<td>2018\u5e7410\u6708<\/td>\n<td width=\"481\">HVOF\u6eb6\u5c04\u6280\u8853\u306e\u6539\u5584\u3068\u30b5\u30d7\u30e9\u30a4\u30e4\u30fc\u3067\u306e\u88fd\u9020\u3092\u5b8c\u4e86\u3002<\/td>\n<\/tr>\n<tr>\n<td>2019\u5e744\u6708<\/td>\n<td width=\"481\">ISO 9001:2015 SGS\u8a8d\u8a3c\u3092\u53d6\u5f97\u3002<\/td>\n<\/tr>\n<tr>\n<td>2019\u5e744\u6708<\/td>\n<td width=\"481\">\u30b7\u30ea\u30f3\u30c0\u30fc\u30fb\u30b9\u30af\u30ea\u30e5\u30fc\u306e\u88fd\u9020\u6280\u8853\u306e\u958b\u767a\u3092\u884c\u3046\u7814\u7a76\u5ba4\u3092\u8a2d\u7acb\u3002<\/td>\n<\/tr>\n<tr>\n<td>2019\u5e746\u6708<\/td>\n<td width=\"481\">\u30ec\u30fc\u30b6\u30fc\u6eb6\u63a5\u6280\u8853\u3092\u4f7f\u7528\u3057\u3066\u30b9\u30af\u30ea\u30e5\u30fc\u306e\u6b6f\u306e\u6eb6\u63a5\u6280\u8853\u3092\u5b8c\u6210\u3055\u305b\u308b\u3002<\/td>\n<\/tr>\n<tr>\n<td>2020\u5e742\u6708<\/td>\n<td width=\"481\">\u8010\u8150\u98df\u6027\u7d20\u6750\u306b\u4f7f\u7528\u3055\u308c\u308b\u30cb\u30c3\u30b1\u30eb\u542b\u6709\u738765\uff05\u306e\u5408\u91d1\u306e\u6a5f\u68b0\u7684\u8981\u4ef6\u3092\u5b8c\u6210\u3055\u305b\u3001\u88fd\u9020\u3092\u958b\u59cb\u3002<\/td>\n<\/tr>\n<tr>\n<td>2020\u5e7410\u6708<\/td>\n<td width=\"481\">\u9ad8\u5ea6\u306a\u6280\u8853\u57fa\u6e96\u306b\u5f93\u3063\u305f\u30b7\u30ea\u30f3\u30c0\u30fc\u30fb\u30b9\u30af\u30ea\u30e5\u30fc\u88fd\u9020\u5de5\u5834\u3092\u7a3c\u50cd\u958b\u59cb\u3002<\/td>\n<\/tr>\n<tr>\n<td>2021\u5e741\u6708<\/td>\n<td width=\"481\">\u65e5\u672c\u306e\u5927\u624b\u30b9\u30af\u30ea\u30e5\u30fc\u30e1\u30fc\u30ab\u30fc\u306e\u4ee3\u7406\u5e97\u306b\u306a\u308b\u3002<\/td>\n<\/tr>\n<tr>\n<td>2022\u5e748\u6708<\/td>\n<td width=\"481\">\u65b0\u5de5\u5834\u306e\u5efa\u8a2d\u3092\u958b\u59cb\u3002<\/td>\n<\/tr>\n<tr>\n<td>2022\u5e7411\u6708<\/td>\n<td width=\"481\">\u30bf\u30a4\u306e\u30d0\u30f3\u30b3\u30af\u306b\u9023\u7d61\u30aa\u30d5\u30a3\u30b9\u3092\u8a2d\u7acb\u3002<\/td>\n<\/tr>\n<tr>\n<td>2023\u5e741\u6708<\/td>\n<td width=\"481\">\u5de5\u5834\u3092\u65b0\u3057\u3044\u5834\u6240\u306b\u79fb\u8ee2\u3002\u00a0<\/td>\n<\/tr>\n<tr>\n<td>2023\u5e744\u6708<\/td>\n<td width=\"481\">SAA\uff08\u8d85\u64a5\u6c34\u6027\uff09\u30b9\u30af\u30ea\u30e5\u30fc\u306e\u8868\u9762\u51e6\u7406\u6280\u8853\u3092\u5b8c\u6210\u3055\u305b\u308b\u3002<\/td>\n<\/tr>\n<tr>\n<td>2023\u5e7410\u6708<\/td>\n<td width=\"481\">\u65e5\u672c\u306e\u5927\u962a\u306b\u30aa\u30d5\u30a3\u30b9\u3092\u8a2d\u7acb\u3002\u00a0<\/td>\n<\/tr>\n<tr>\n<td>2023\u5e7412\u6708<\/td>\n<td width=\"481\">\u30a4\u30f3\u30c9\u30cd\u30b7\u30a2\u306b\u30aa\u30d5\u30a3\u30b9\u3092\u8a2d\u7acb\u3002<\/td>\n<\/tr>\n<tr>\n<td>2024\u5e741\u6708<\/td>\n<td width=\"481\">\u9ad8\u5408\u91d1\u7c89\u672b\u3092\u7528\u3044\u305f3D\u5370\u5237\u6280\u8853\u306b\u3088\u308b\u30b9\u30af\u30ea\u30e5\u30fc\u88fd\u9020\u6280\u8853\u3092\u5b8c\u6210\u3055\u305b\u308b\u3002\u00a0<\/td>\n<\/tr>\n<\/tbody>\n<\/table>\n\t\t<\/div>\n\t\t\t\t\n<style>\n#col-588064784 > .col-inner {\n  padding: 10px 10px 10px 10px;\n  border-radius: 10px;\n}\n<\/style>\n\t<\/div>\n\n\t\n<\/div>\n\t\t<\/div>\n\t\t\t\t\n<style>\n#col-1181502481 > .col-inner {\n  padding: 0px 0px 0px 0px;\n  border-radius: 20px;\n}\n@media (min-width:550px) {\n  #col-1181502481 > .col-inner {\n    padding: 30px 30px 30px 30px;\n  }\n}\n<\/style>\n\t<\/div>\n\n\t\n<\/div>\n\t\t<\/div>\n\n\t\t\n<style>\n#section_1624508001 {\n  padding-top: 30px;\n  padding-bottom: 30px;\n}\n#section_1624508001 .section-bg-overlay {\n  background-color: rgba(32, 56, 98, 0.047);\n}\n<\/style>\n\t<\/section>","protected":false},"excerpt":{"rendered":"","protected":false},"author":24,"featured_media":0,"parent":61,"menu_order":0,"comment_status":"closed","ping_status":"closed","template":"page-blank.php","meta":{"inline_featured_image":false,"footnotes":""},"yoast_head":"<!-- This site is optimized with the Yoast SEO plugin v22.5 - https:\/\/yoast.com\/wordpress\/plugins\/seo\/ -->\n<title>L\u1ecbch s\u1eed ph\u00e1t tri\u1ec3n - C\u00f4ng ty TNHH ASG<\/title>\n<meta name=\"robots\" content=\"index, follow, max-snippet:-1, max-image-preview:large, max-video-preview:-1\" \/>\n<link rel=\"canonical\" href=\"https:\/\/asg.vn\/ja\/gioi-thieu-cong-ty\/lich-su-phat-trien\/\" \/>\n<meta property=\"og:locale\" content=\"ja_JP\" \/>\n<meta property=\"og:type\" content=\"article\" \/>\n<meta property=\"og:title\" content=\"L\u1ecbch s\u1eed ph\u00e1t tri\u1ec3n - C\u00f4ng ty TNHH ASG\" \/>\n<meta property=\"og:url\" content=\"https:\/\/asg.vn\/ja\/gioi-thieu-cong-ty\/lich-su-phat-trien\/\" \/>\n<meta property=\"og:site_name\" content=\"C\u00f4ng ty TNHH ASG\" \/>\n<meta property=\"article:publisher\" content=\"https:\/\/www.facebook.com\/congtyasgvietnam\" \/>\n<meta property=\"article:modified_time\" content=\"2024-03-29T09:56:45+00:00\" \/>\n<meta name=\"twitter:card\" content=\"summary_large_image\" \/>\n<meta name=\"twitter:label1\" content=\"\u63a8\u5b9a\u8aad\u307f\u53d6\u308a\u6642\u9593\" \/>\n\t<meta name=\"twitter:data1\" content=\"4\u5206\" \/>\n<script type=\"application\/ld+json\" class=\"yoast-schema-graph\">{\"@context\":\"https:\/\/schema.org\",\"@graph\":[{\"@type\":\"WebPage\",\"@id\":\"https:\/\/asg.vn\/vi\/gioi-thieu-cong-ty\/lich-su-phat-trien\/\",\"url\":\"https:\/\/asg.vn\/vi\/gioi-thieu-cong-ty\/lich-su-phat-trien\/\",\"name\":\"L\u1ecbch s\u1eed ph\u00e1t tri\u1ec3n - C\u00f4ng ty TNHH ASG\",\"isPartOf\":{\"@id\":\"https:\/\/asg.vn\/ja\/#website\"},\"datePublished\":\"2024-03-09T06:09:44+00:00\",\"dateModified\":\"2024-03-29T09:56:45+00:00\",\"breadcrumb\":{\"@id\":\"https:\/\/asg.vn\/vi\/gioi-thieu-cong-ty\/lich-su-phat-trien\/#breadcrumb\"},\"inLanguage\":\"ja\",\"potentialAction\":[{\"@type\":\"ReadAction\",\"target\":[\"https:\/\/asg.vn\/vi\/gioi-thieu-cong-ty\/lich-su-phat-trien\/\"]}]},{\"@type\":\"BreadcrumbList\",\"@id\":\"https:\/\/asg.vn\/vi\/gioi-thieu-cong-ty\/lich-su-phat-trien\/#breadcrumb\",\"itemListElement\":[{\"@type\":\"ListItem\",\"position\":1,\"name\":\"Home\",\"item\":\"https:\/\/asg.vn\/ja\/\"},{\"@type\":\"ListItem\",\"position\":2,\"name\":\"GI\u1edaI THI\u1ec6U C\u00d4NG TY\",\"item\":\"https:\/\/asg.vn\/vi\/gioi-thieu-cong-ty\/\"},{\"@type\":\"ListItem\",\"position\":3,\"name\":\"L\u1ecbch s\u1eed ph\u00e1t tri\u1ec3n\"}]},{\"@type\":\"WebSite\",\"@id\":\"https:\/\/asg.vn\/ja\/#website\",\"url\":\"https:\/\/asg.vn\/ja\/\",\"name\":\"C\u00f4ng ty TNHH ASG\",\"description\":\"Th\u00e0nh c\u00f4ng b\u1eb1ng s\u1ef1 t\u1eed t\u1ebf\",\"publisher\":{\"@id\":\"https:\/\/asg.vn\/ja\/#organization\"},\"potentialAction\":[{\"@type\":\"SearchAction\",\"target\":{\"@type\":\"EntryPoint\",\"urlTemplate\":\"https:\/\/asg.vn\/ja\/?s={search_term_string}\"},\"query-input\":\"required name=search_term_string\"}],\"inLanguage\":\"ja\"},{\"@type\":\"Organization\",\"@id\":\"https:\/\/asg.vn\/ja\/#organization\",\"name\":\"C\u00f4ng ty TNHH ASG\",\"url\":\"https:\/\/asg.vn\/ja\/\",\"logo\":{\"@type\":\"ImageObject\",\"inLanguage\":\"ja\",\"@id\":\"https:\/\/asg.vn\/ja\/#\/schema\/logo\/image\/\",\"url\":\"https:\/\/asg.vn\/wp-content\/uploads\/2023\/03\/z4110917483185_83f9ec26924715fb77663fd2b8bef540.jpg\",\"contentUrl\":\"https:\/\/asg.vn\/wp-content\/uploads\/2023\/03\/z4110917483185_83f9ec26924715fb77663fd2b8bef540.jpg\",\"width\":1038,\"height\":324,\"caption\":\"C\u00f4ng ty TNHH ASG\"},\"image\":{\"@id\":\"https:\/\/asg.vn\/ja\/#\/schema\/logo\/image\/\"},\"sameAs\":[\"https:\/\/www.facebook.com\/congtyasgvietnam\"]}]}<\/script>\n<!-- \/ Yoast SEO plugin. -->","yoast_head_json":{"title":"L\u1ecbch s\u1eed ph\u00e1t tri\u1ec3n - C\u00f4ng ty TNHH ASG","robots":{"index":"index","follow":"follow","max-snippet":"max-snippet:-1","max-image-preview":"max-image-preview:large","max-video-preview":"max-video-preview:-1"},"canonical":"https:\/\/asg.vn\/ja\/gioi-thieu-cong-ty\/lich-su-phat-trien\/","og_locale":"ja_JP","og_type":"article","og_title":"L\u1ecbch s\u1eed ph\u00e1t tri\u1ec3n - C\u00f4ng ty TNHH ASG","og_url":"https:\/\/asg.vn\/ja\/gioi-thieu-cong-ty\/lich-su-phat-trien\/","og_site_name":"C\u00f4ng ty TNHH ASG","article_publisher":"https:\/\/www.facebook.com\/congtyasgvietnam","article_modified_time":"2024-03-29T09:56:45+00:00","twitter_card":"summary_large_image","twitter_misc":{"\u63a8\u5b9a\u8aad\u307f\u53d6\u308a\u6642\u9593":"4\u5206"},"schema":{"@context":"https:\/\/schema.org","@graph":[{"@type":"WebPage","@id":"https:\/\/asg.vn\/vi\/gioi-thieu-cong-ty\/lich-su-phat-trien\/","url":"https:\/\/asg.vn\/vi\/gioi-thieu-cong-ty\/lich-su-phat-trien\/","name":"L\u1ecbch s\u1eed ph\u00e1t tri\u1ec3n - C\u00f4ng ty TNHH ASG","isPartOf":{"@id":"https:\/\/asg.vn\/ja\/#website"},"datePublished":"2024-03-09T06:09:44+00:00","dateModified":"2024-03-29T09:56:45+00:00","breadcrumb":{"@id":"https:\/\/asg.vn\/vi\/gioi-thieu-cong-ty\/lich-su-phat-trien\/#breadcrumb"},"inLanguage":"ja","potentialAction":[{"@type":"ReadAction","target":["https:\/\/asg.vn\/vi\/gioi-thieu-cong-ty\/lich-su-phat-trien\/"]}]},{"@type":"BreadcrumbList","@id":"https:\/\/asg.vn\/vi\/gioi-thieu-cong-ty\/lich-su-phat-trien\/#breadcrumb","itemListElement":[{"@type":"ListItem","position":1,"name":"Home","item":"https:\/\/asg.vn\/ja\/"},{"@type":"ListItem","position":2,"name":"GI\u1edaI THI\u1ec6U C\u00d4NG TY","item":"https:\/\/asg.vn\/vi\/gioi-thieu-cong-ty\/"},{"@type":"ListItem","position":3,"name":"L\u1ecbch s\u1eed ph\u00e1t tri\u1ec3n"}]},{"@type":"WebSite","@id":"https:\/\/asg.vn\/ja\/#website","url":"https:\/\/asg.vn\/ja\/","name":"C\u00f4ng ty TNHH ASG","description":"Th\u00e0nh c\u00f4ng b\u1eb1ng s\u1ef1 t\u1eed t\u1ebf","publisher":{"@id":"https:\/\/asg.vn\/ja\/#organization"},"potentialAction":[{"@type":"SearchAction","target":{"@type":"EntryPoint","urlTemplate":"https:\/\/asg.vn\/ja\/?s={search_term_string}"},"query-input":"required name=search_term_string"}],"inLanguage":"ja"},{"@type":"Organization","@id":"https:\/\/asg.vn\/ja\/#organization","name":"C\u00f4ng ty TNHH ASG","url":"https:\/\/asg.vn\/ja\/","logo":{"@type":"ImageObject","inLanguage":"ja","@id":"https:\/\/asg.vn\/ja\/#\/schema\/logo\/image\/","url":"https:\/\/asg.vn\/wp-content\/uploads\/2023\/03\/z4110917483185_83f9ec26924715fb77663fd2b8bef540.jpg","contentUrl":"https:\/\/asg.vn\/wp-content\/uploads\/2023\/03\/z4110917483185_83f9ec26924715fb77663fd2b8bef540.jpg","width":1038,"height":324,"caption":"C\u00f4ng ty TNHH ASG"},"image":{"@id":"https:\/\/asg.vn\/ja\/#\/schema\/logo\/image\/"},"sameAs":["https:\/\/www.facebook.com\/congtyasgvietnam"]}]}},"_links":{"self":[{"href":"https:\/\/asg.vn\/ja\/wp-json\/wp\/v2\/pages\/4066"}],"collection":[{"href":"https:\/\/asg.vn\/ja\/wp-json\/wp\/v2\/pages"}],"about":[{"href":"https:\/\/asg.vn\/ja\/wp-json\/wp\/v2\/types\/page"}],"author":[{"embeddable":true,"href":"https:\/\/asg.vn\/ja\/wp-json\/wp\/v2\/users\/24"}],"replies":[{"embeddable":true,"href":"https:\/\/asg.vn\/ja\/wp-json\/wp\/v2\/comments?post=4066"}],"version-history":[{"count":7,"href":"https:\/\/asg.vn\/ja\/wp-json\/wp\/v2\/pages\/4066\/revisions"}],"predecessor-version":[{"id":4405,"href":"https:\/\/asg.vn\/ja\/wp-json\/wp\/v2\/pages\/4066\/revisions\/4405"}],"up":[{"embeddable":true,"href":"https:\/\/asg.vn\/ja\/wp-json\/wp\/v2\/pages\/61"}],"wp:attachment":[{"href":"https:\/\/asg.vn\/ja\/wp-json\/wp\/v2\/media?parent=4066"}],"curies":[{"name":"wp","href":"https:\/\/api.w.org\/{rel}","templated":true}]}}