{"id":4045,"date":"2024-03-09T12:36:36","date_gmt":"2024-03-09T05:36:36","guid":{"rendered":"https:\/\/asg.vn\/?page_id=4045"},"modified":"2024-05-27T13:57:50","modified_gmt":"2024-05-27T06:57:50","slug":"ho-so-cong-ty","status":"publish","type":"page","link":"https:\/\/asg.vn\/ja\/gioi-thieu-cong-ty\/ho-so-cong-ty\/","title":{"rendered":"\u4f1a\u793e\u6982\u8981"},"content":{"rendered":"<section class=\"section\" id=\"section_1936959599\">\n\t\t<div class=\"bg section-bg fill bg-fill bg-loaded bg-loaded\" >\n\n\t\t\t\n\t\t\t<div class=\"section-bg-overlay absolute fill\"><\/div>\n\t\t\t\n\n\t\t<\/div>\n\n\t\t\n\n\t\t<div class=\"section-content relative\">\n\t\t\t\n<div class=\"row\"  id=\"row-813762825\">\n\n\t<div id=\"col-2121254482\" class=\"col cot34 medium-3 small-12 large-3\"  >\n\t\t<div class=\"is-sticky-column\"><div class=\"is-sticky-column__inner\">\t\t<div class=\"col-inner box-shadow-1\" style=\"background-color:rgb(255, 255, 255);\" >\n\t\t\t\n\t\t\t\n\t<div id=\"text-728393417\" class=\"text\">\n\t\t\n<ul id=\"menu-cnav-comapny\" class=\"cnavList\">\n<li id=\"menu-item-27601\" class=\"menu-item menu-item-type-post_type menu-item-object-page current-menu-item page_item page-item-238 current_page_item menu-item-27601\"><a href=\"https:\/\/asg.vn\/ja\/gioi-thieu-cong-ty\/\">\u5f53\u793e\u306b\u3064\u3044\u3066<\/a><\/li>\n<li id=\"menu-item-31203\" class=\"menu-item menu-item-type-post_type menu-item-object-page menu-item-31203\"><a href=\"https:\/\/asg.vn\/ja\/gioi-thieu-cong-ty\/loi-cua-chu-tich\/\">\u793e\u9577\u306e\u8a00\u8449<\/a><\/li>\n<li id=\"menu-item-20630\" class=\"menu-item menu-item-type-post_type menu-item-object-page menu-item-20630\"><strong><a href=\"https:\/\/asg.vn\/ja\/gioi-thieu-cong-ty\/ho-so-cong-ty\/\">\u4f1a\u793e\u6982\u8981<\/a><\/strong><\/li>\n<li><a class=\"uppercase\" href=\"https:\/\/asg.vn\/ja\/gioi-thieu-cong-ty\/mang-luoi-khach-hang\/\">\u9867\u5ba2<\/a><\/li>\n<li id=\"menu-item-20631\" class=\"menu-item menu-item-type-post_type menu-item-object-page menu-item-20631\"><a href=\"https:\/\/asg.vn\/ja\/gioi-thieu-cong-ty\/lich-su-phat-trien\/\">\u6cbf\u9769<\/a><\/li>\n<li id=\"menu-item-20629\" class=\"menu-item menu-item-type-post_type menu-item-object-page menu-item-20629\"><a href=\"https:\/\/asg.vn\/ja\/gioi-thieu-cong-ty\/tieu-chi-quan-ly\/\">\u7ba1\u7406\u57fa\u6e96<\/a><\/li>\n<li id=\"menu-item-30939\" class=\"menu-item menu-item-type-post_type menu-item-object-page menu-item-30939\"><a href=\"https:\/\/asg.vn\/ja\/gioi-thieu-cong-ty\/bai-hat-cong-ty\/\">\u793e\u6b4c<\/a><\/li>\n<li id=\"menu-item-20632\" class=\"menu-item menu-item-type-post_type menu-item-object-page menu-item-20632\"><a href=\"https:\/\/asg.vn\/ja\/gioi-thieu-cong-ty\/chung-nhan\/\">\u8a8d\u8a3c<\/a><\/li>\n<li id=\"menu-item-20634\" class=\"menu-item menu-item-type-post_type menu-item-object-page menu-item-20634\"><a href=\"https:\/\/asg.vn\/ja\/gioi-thieu-cong-ty\/bao-mat-thong-tin\/\">\u60c5\u5831\u30bb\u30ad\u30e5\u30ea\u30c6\u30a3<\/a><\/li>\n<li id=\"menu-item-33098\" class=\"menu-item menu-item-type-post_type menu-item-object-page menu-item-33098\"><a href=\"https:\/\/asg.vn\/ja\/gioi-thieu-cong-ty\/mang-luoi-toan-cau\/\">\u4e8b\u696d\u62e0\u70b9<\/a><\/li>\n<li id=\"menu-item-33099\" class=\"menu-item menu-item-type-post_type menu-item-object-page menu-item-33099\"><a href=\"https:\/\/asg.vn\/ja\/gioi-thieu-cong-ty\/hoat-dong-moi-truong\/\">\u74b0\u5883\u4fdd\u8b77<\/a><\/li>\n<\/ul>\n\t\t\n<style>\n#text-728393417 {\n  line-height: 2.45;\n}\n<\/style>\n\t<\/div>\n\t\n\t\t<\/div>\n\t\t<\/div><\/div>\t\t\n<style>\n#col-2121254482 > .is-sticky-column > .is-sticky-column__inner > .col-inner {\n  padding: 20px 20px 20px 20px;\n}\n<\/style>\n\t<\/div>\n\n\t\n\n\t<div id=\"col-714492972\" class=\"col cotcongty medium-9 small-12 large-9\"  >\n\t\t\t\t<div class=\"col-inner\" style=\"background-color:rgb(255, 255, 255);\" >\n\t\t\t\n\t\t\t\n<div class=\"row row-collapse\"  id=\"row-1148902067\">\n\n\t<div id=\"col-1852506044\" class=\"col small-12 large-12\"  >\n\t\t\t\t<div class=\"col-inner box-shadow-1\" style=\"background-color:rgb(227, 237, 255);\" >\n\t\t\t\n\t\t\t\n<table>\n<tbody>\n<tr>\n<td>\u4f1a\u793e\u540d<\/td>\n<td>ASG\u30d9\u30c8\u30ca\u30e0\u6709\u9650\u8cac\u4efb\u4f1a\u793e<\/td>\n<\/tr>\n<tr>\n<td>\u793e\u9577<\/td>\n<td>Pham Thi Khanh An<\/td>\n<\/tr>\n<tr>\n<td>\u5275\u696d\u5e74<\/td>\n<td>\u6708 12\/2012<\/td>\n<\/tr>\n<tr>\n<td>\u30af\u30e9\u30a4\u30a2\u30f3\u30c8<\/td>\n<td>\u56fd\u5185\u5916\u5408\u308f\u305b\u30661500\u793e\u4ee5\u4e0a\u306e\u9867\u5ba2\u304c\u3044\u308b<\/td>\n<\/tr>\n<tr>\n<td>\u63d0\u4f9b\u88fd\u54c1<\/td>\n<td>\u2022 \u6210\u5f62\u3055\u308c\u305f\u30d7\u30e9\u30b9\u30c1\u30c3\u30af\u30c8\u30ec\u30a4\u3002<br \/>\u2022 \u5bc6\u6a5f\u68b0\u52a0\u5de5<br \/>\u30fb\u30b9\u30af\u30ea\u30e5\u30fc\u30b7\u30ea\u30f3\u30c0\u30fc\u3001\u30d7\u30e9\u30b9\u30c1\u30c3\u30af\u6210\u5f62\u5de5\u5834\u7528\u6a5f\u68b0\u90e8\u54c1<\/td>\n<\/tr>\n<tr>\n<td>\u672c\u793e<\/td>\n<td>\n<p><strong>\u672c\u793e:<\/strong> \u30cf\u30ce\u30a4\u5e02\u30d5\u30a1\u30a4\u30c7\u30e5\u30c3\u30af\u770c\u30c0\u30c3\u30af\u30bd\u30fc\u753a\u30c0\u30c3\u30af\u30bd\u30fc\u5de5\u696d\u56e3\u5730<br \/><strong>\u30db\u30fc\u30c1\u30df\u30f3\u5e02\u652f\u5e97<\/strong> T18\/17, T18 street, Vinhome Grand Park, District 9, Ho Chi Minh City<br \/><strong>\u65e5\u672c\u652f\u5e97:<\/strong> \u3012550-0002\u3000\u5927\u962a\u5e9c\u5927\u962a\u5e02\u897f\u533a\u6c5f\u6238\u58001-23-26\u3000\u897f\u516b\u5343\u4ee3\u30d3\u30eb\u30009F-D<\/p>\n<\/td>\n<\/tr>\n<tr>\n<td>Website<\/td>\n<td>https:\/\/asg.vn<\/td>\n<\/tr>\n<\/tbody>\n<\/table>\n\t\t<\/div>\n\t\t\t\t\n<style>\n#col-1852506044 > .col-inner {\n  padding: 10px 10px 10px 10px;\n  border-radius: 10px;\n}\n<\/style>\n\t<\/div>\n\n\t\n<\/div>\n\t\t<\/div>\n\t\t\t\t\n<style>\n#col-714492972 > .col-inner {\n  padding: 30px 30px 30px 30px;\n  border-radius: 20px;\n}\n<\/style>\n\t<\/div>\n\n\t\n<\/div>\n\t\t<\/div>\n\n\t\t\n<style>\n#section_1936959599 {\n  padding-top: 30px;\n  padding-bottom: 30px;\n}\n#section_1936959599 .section-bg-overlay {\n  background-color: rgba(32, 56, 98, 0.047);\n}\n<\/style>\n\t<\/section>","protected":false},"excerpt":{"rendered":"","protected":false},"author":24,"featured_media":0,"parent":61,"menu_order":0,"comment_status":"closed","ping_status":"closed","template":"page-blank.php","meta":{"inline_featured_image":false,"footnotes":""},"yoast_head":"<!-- This site is optimized with the Yoast SEO plugin v22.5 - https:\/\/yoast.com\/wordpress\/plugins\/seo\/ -->\n<title>H\u1ed3 s\u01a1 c\u00f4ng ty - C\u00f4ng ty TNHH ASG<\/title>\n<meta name=\"robots\" content=\"index, follow, max-snippet:-1, max-image-preview:large, max-video-preview:-1\" \/>\n<link rel=\"canonical\" href=\"https:\/\/asg.vn\/ja\/gioi-thieu-cong-ty\/ho-so-cong-ty\/\" \/>\n<meta property=\"og:locale\" content=\"ja_JP\" \/>\n<meta property=\"og:type\" content=\"article\" \/>\n<meta property=\"og:title\" content=\"H\u1ed3 s\u01a1 c\u00f4ng ty - C\u00f4ng ty TNHH ASG\" \/>\n<meta property=\"og:url\" content=\"https:\/\/asg.vn\/ja\/gioi-thieu-cong-ty\/ho-so-cong-ty\/\" \/>\n<meta property=\"og:site_name\" content=\"C\u00f4ng ty TNHH ASG\" \/>\n<meta property=\"article:publisher\" content=\"https:\/\/www.facebook.com\/congtyasgvietnam\" \/>\n<meta property=\"article:modified_time\" content=\"2024-05-27T06:57:50+00:00\" \/>\n<meta name=\"twitter:card\" content=\"summary_large_image\" \/>\n<meta name=\"twitter:label1\" content=\"\u63a8\u5b9a\u8aad\u307f\u53d6\u308a\u6642\u9593\" \/>\n\t<meta name=\"twitter:data1\" content=\"2\u5206\" \/>\n<script type=\"application\/ld+json\" class=\"yoast-schema-graph\">{\"@context\":\"https:\/\/schema.org\",\"@graph\":[{\"@type\":\"WebPage\",\"@id\":\"https:\/\/asg.vn\/vi\/gioi-thieu-cong-ty\/ho-so-cong-ty\/\",\"url\":\"https:\/\/asg.vn\/vi\/gioi-thieu-cong-ty\/ho-so-cong-ty\/\",\"name\":\"H\u1ed3 s\u01a1 c\u00f4ng ty - C\u00f4ng ty TNHH ASG\",\"isPartOf\":{\"@id\":\"https:\/\/asg.vn\/ja\/#website\"},\"datePublished\":\"2024-03-09T05:36:36+00:00\",\"dateModified\":\"2024-05-27T06:57:50+00:00\",\"breadcrumb\":{\"@id\":\"https:\/\/asg.vn\/vi\/gioi-thieu-cong-ty\/ho-so-cong-ty\/#breadcrumb\"},\"inLanguage\":\"ja\",\"potentialAction\":[{\"@type\":\"ReadAction\",\"target\":[\"https:\/\/asg.vn\/vi\/gioi-thieu-cong-ty\/ho-so-cong-ty\/\"]}]},{\"@type\":\"BreadcrumbList\",\"@id\":\"https:\/\/asg.vn\/vi\/gioi-thieu-cong-ty\/ho-so-cong-ty\/#breadcrumb\",\"itemListElement\":[{\"@type\":\"ListItem\",\"position\":1,\"name\":\"Home\",\"item\":\"https:\/\/asg.vn\/ja\/\"},{\"@type\":\"ListItem\",\"position\":2,\"name\":\"GI\u1edaI THI\u1ec6U C\u00d4NG TY\",\"item\":\"https:\/\/asg.vn\/vi\/gioi-thieu-cong-ty\/\"},{\"@type\":\"ListItem\",\"position\":3,\"name\":\"H\u1ed3 s\u01a1 c\u00f4ng ty\"}]},{\"@type\":\"WebSite\",\"@id\":\"https:\/\/asg.vn\/ja\/#website\",\"url\":\"https:\/\/asg.vn\/ja\/\",\"name\":\"C\u00f4ng ty TNHH ASG\",\"description\":\"Th\u00e0nh c\u00f4ng b\u1eb1ng s\u1ef1 t\u1eed t\u1ebf\",\"publisher\":{\"@id\":\"https:\/\/asg.vn\/ja\/#organization\"},\"potentialAction\":[{\"@type\":\"SearchAction\",\"target\":{\"@type\":\"EntryPoint\",\"urlTemplate\":\"https:\/\/asg.vn\/ja\/?s={search_term_string}\"},\"query-input\":\"required name=search_term_string\"}],\"inLanguage\":\"ja\"},{\"@type\":\"Organization\",\"@id\":\"https:\/\/asg.vn\/ja\/#organization\",\"name\":\"C\u00f4ng ty TNHH ASG\",\"url\":\"https:\/\/asg.vn\/ja\/\",\"logo\":{\"@type\":\"ImageObject\",\"inLanguage\":\"ja\",\"@id\":\"https:\/\/asg.vn\/ja\/#\/schema\/logo\/image\/\",\"url\":\"https:\/\/asg.vn\/wp-content\/uploads\/2023\/03\/z4110917483185_83f9ec26924715fb77663fd2b8bef540.jpg\",\"contentUrl\":\"https:\/\/asg.vn\/wp-content\/uploads\/2023\/03\/z4110917483185_83f9ec26924715fb77663fd2b8bef540.jpg\",\"width\":1038,\"height\":324,\"caption\":\"C\u00f4ng ty TNHH ASG\"},\"image\":{\"@id\":\"https:\/\/asg.vn\/ja\/#\/schema\/logo\/image\/\"},\"sameAs\":[\"https:\/\/www.facebook.com\/congtyasgvietnam\"]}]}<\/script>\n<!-- \/ Yoast SEO plugin. -->","yoast_head_json":{"title":"H\u1ed3 s\u01a1 c\u00f4ng ty - C\u00f4ng ty TNHH ASG","robots":{"index":"index","follow":"follow","max-snippet":"max-snippet:-1","max-image-preview":"max-image-preview:large","max-video-preview":"max-video-preview:-1"},"canonical":"https:\/\/asg.vn\/ja\/gioi-thieu-cong-ty\/ho-so-cong-ty\/","og_locale":"ja_JP","og_type":"article","og_title":"H\u1ed3 s\u01a1 c\u00f4ng ty - C\u00f4ng ty TNHH ASG","og_url":"https:\/\/asg.vn\/ja\/gioi-thieu-cong-ty\/ho-so-cong-ty\/","og_site_name":"C\u00f4ng ty TNHH ASG","article_publisher":"https:\/\/www.facebook.com\/congtyasgvietnam","article_modified_time":"2024-05-27T06:57:50+00:00","twitter_card":"summary_large_image","twitter_misc":{"\u63a8\u5b9a\u8aad\u307f\u53d6\u308a\u6642\u9593":"2\u5206"},"schema":{"@context":"https:\/\/schema.org","@graph":[{"@type":"WebPage","@id":"https:\/\/asg.vn\/vi\/gioi-thieu-cong-ty\/ho-so-cong-ty\/","url":"https:\/\/asg.vn\/vi\/gioi-thieu-cong-ty\/ho-so-cong-ty\/","name":"H\u1ed3 s\u01a1 c\u00f4ng ty - C\u00f4ng ty TNHH ASG","isPartOf":{"@id":"https:\/\/asg.vn\/ja\/#website"},"datePublished":"2024-03-09T05:36:36+00:00","dateModified":"2024-05-27T06:57:50+00:00","breadcrumb":{"@id":"https:\/\/asg.vn\/vi\/gioi-thieu-cong-ty\/ho-so-cong-ty\/#breadcrumb"},"inLanguage":"ja","potentialAction":[{"@type":"ReadAction","target":["https:\/\/asg.vn\/vi\/gioi-thieu-cong-ty\/ho-so-cong-ty\/"]}]},{"@type":"BreadcrumbList","@id":"https:\/\/asg.vn\/vi\/gioi-thieu-cong-ty\/ho-so-cong-ty\/#breadcrumb","itemListElement":[{"@type":"ListItem","position":1,"name":"Home","item":"https:\/\/asg.vn\/ja\/"},{"@type":"ListItem","position":2,"name":"GI\u1edaI THI\u1ec6U C\u00d4NG TY","item":"https:\/\/asg.vn\/vi\/gioi-thieu-cong-ty\/"},{"@type":"ListItem","position":3,"name":"H\u1ed3 s\u01a1 c\u00f4ng ty"}]},{"@type":"WebSite","@id":"https:\/\/asg.vn\/ja\/#website","url":"https:\/\/asg.vn\/ja\/","name":"C\u00f4ng ty TNHH ASG","description":"Th\u00e0nh c\u00f4ng b\u1eb1ng s\u1ef1 t\u1eed t\u1ebf","publisher":{"@id":"https:\/\/asg.vn\/ja\/#organization"},"potentialAction":[{"@type":"SearchAction","target":{"@type":"EntryPoint","urlTemplate":"https:\/\/asg.vn\/ja\/?s={search_term_string}"},"query-input":"required name=search_term_string"}],"inLanguage":"ja"},{"@type":"Organization","@id":"https:\/\/asg.vn\/ja\/#organization","name":"C\u00f4ng ty TNHH ASG","url":"https:\/\/asg.vn\/ja\/","logo":{"@type":"ImageObject","inLanguage":"ja","@id":"https:\/\/asg.vn\/ja\/#\/schema\/logo\/image\/","url":"https:\/\/asg.vn\/wp-content\/uploads\/2023\/03\/z4110917483185_83f9ec26924715fb77663fd2b8bef540.jpg","contentUrl":"https:\/\/asg.vn\/wp-content\/uploads\/2023\/03\/z4110917483185_83f9ec26924715fb77663fd2b8bef540.jpg","width":1038,"height":324,"caption":"C\u00f4ng ty TNHH ASG"},"image":{"@id":"https:\/\/asg.vn\/ja\/#\/schema\/logo\/image\/"},"sameAs":["https:\/\/www.facebook.com\/congtyasgvietnam"]}]}},"_links":{"self":[{"href":"https:\/\/asg.vn\/ja\/wp-json\/wp\/v2\/pages\/4045"}],"collection":[{"href":"https:\/\/asg.vn\/ja\/wp-json\/wp\/v2\/pages"}],"about":[{"href":"https:\/\/asg.vn\/ja\/wp-json\/wp\/v2\/types\/page"}],"author":[{"embeddable":true,"href":"https:\/\/asg.vn\/ja\/wp-json\/wp\/v2\/users\/24"}],"replies":[{"embeddable":true,"href":"https:\/\/asg.vn\/ja\/wp-json\/wp\/v2\/comments?post=4045"}],"version-history":[{"count":26,"href":"https:\/\/asg.vn\/ja\/wp-json\/wp\/v2\/pages\/4045\/revisions"}],"predecessor-version":[{"id":4677,"href":"https:\/\/asg.vn\/ja\/wp-json\/wp\/v2\/pages\/4045\/revisions\/4677"}],"up":[{"embeddable":true,"href":"https:\/\/asg.vn\/ja\/wp-json\/wp\/v2\/pages\/61"}],"wp:attachment":[{"href":"https:\/\/asg.vn\/ja\/wp-json\/wp\/v2\/media?parent=4045"}],"curies":[{"name":"wp","href":"https:\/\/api.w.org\/{rel}","templated":true}]}}