{"id":4042,"date":"2024-03-09T12:35:10","date_gmt":"2024-03-09T05:35:10","guid":{"rendered":"https:\/\/asg.vn\/?page_id=4042"},"modified":"2024-03-29T16:49:46","modified_gmt":"2024-03-29T09:49:46","slug":"loi-cua-chu-tich","status":"publish","type":"page","link":"https:\/\/asg.vn\/ja\/gioi-thieu-cong-ty\/loi-cua-chu-tich\/","title":{"rendered":"\u793e\u9577\u306e\u8a00\u8449"},"content":{"rendered":"<section class=\"section\" id=\"section_339579247\">\n\t\t<div class=\"bg section-bg fill bg-fill bg-loaded bg-loaded\" >\n\n\t\t\t\n\t\t\t<div class=\"section-bg-overlay absolute fill\"><\/div>\n\t\t\t\n\n\t\t<\/div>\n\n\t\t\n\n\t\t<div class=\"section-content relative\">\n\t\t\t\n<div class=\"row\"  id=\"row-109705631\">\n\n\t<div id=\"col-1790680748\" class=\"col cot34 medium-3 small-12 large-3\"  >\n\t\t<div class=\"is-sticky-column\"><div class=\"is-sticky-column__inner\">\t\t<div class=\"col-inner box-shadow-1\" style=\"background-color:rgb(255, 255, 255);\" >\n\t\t\t\n\t\t\t\n\t<div id=\"text-1782764330\" class=\"text\">\n\t\t\n<ul id=\"menu-cnav-comapny\" class=\"cnavList\">\n<li id=\"menu-item-27601\" class=\"menu-item menu-item-type-post_type menu-item-object-page current-menu-item page_item page-item-238 current_page_item menu-item-27601\"><a href=\"https:\/\/asg.vn\/ja\/gioi-thieu-cong-ty\/\">\u5f53\u793e\u306b\u3064\u3044\u3066<\/a><\/li>\n<li id=\"menu-item-31203\" class=\"menu-item menu-item-type-post_type menu-item-object-page menu-item-31203\"><strong><a href=\"https:\/\/asg.vn\/ja\/gioi-thieu-cong-ty\/loi-cua-chu-tich\/\">\u793e\u9577\u306e\u8a00\u8449<\/a><\/strong><\/li>\n<li id=\"menu-item-20630\" class=\"menu-item menu-item-type-post_type menu-item-object-page menu-item-20630\"><a href=\"https:\/\/asg.vn\/ja\/gioi-thieu-cong-ty\/ho-so-cong-ty\/\">\u4f1a\u793e\u6982\u8981<\/a><\/li>\n<li><a class=\"uppercase\" href=\"https:\/\/asg.vn\/ja\/gioi-thieu-cong-ty\/mang-luoi-khach-hang\/\">\u9867\u5ba2<\/a><\/li>\n<li id=\"menu-item-20631\" class=\"menu-item menu-item-type-post_type menu-item-object-page menu-item-20631\"><a href=\"https:\/\/asg.vn\/ja\/gioi-thieu-cong-ty\/lich-su-phat-trien\/\">\u6cbf\u9769<\/a><\/li>\n<li id=\"menu-item-20629\" class=\"menu-item menu-item-type-post_type menu-item-object-page menu-item-20629\"><a href=\"https:\/\/asg.vn\/ja\/gioi-thieu-cong-ty\/tieu-chi-quan-ly\/\">\u7ba1\u7406\u57fa\u6e96<\/a><\/li>\n<li id=\"menu-item-30939\" class=\"menu-item menu-item-type-post_type menu-item-object-page menu-item-30939\"><a href=\"https:\/\/asg.vn\/ja\/gioi-thieu-cong-ty\/bai-hat-cong-ty\/\">\u793e\u6b4c<\/a><\/li>\n<li id=\"menu-item-20632\" class=\"menu-item menu-item-type-post_type menu-item-object-page menu-item-20632\"><a href=\"https:\/\/asg.vn\/ja\/gioi-thieu-cong-ty\/chung-nhan\/\">\u8a8d\u8a3c<\/a><\/li>\n<li id=\"menu-item-20634\" class=\"menu-item menu-item-type-post_type menu-item-object-page menu-item-20634\"><a href=\"https:\/\/asg.vn\/ja\/gioi-thieu-cong-ty\/bao-mat-thong-tin\/\">\u60c5\u5831\u30bb\u30ad\u30e5\u30ea\u30c6\u30a3<\/a><\/li>\n<li id=\"menu-item-33098\" class=\"menu-item menu-item-type-post_type menu-item-object-page menu-item-33098\"><a href=\"https:\/\/asg.vn\/ja\/gioi-thieu-cong-ty\/mang-luoi-toan-cau\/\">\u4e8b\u696d\u62e0\u70b9<\/a><\/li>\n<li id=\"menu-item-33099\" class=\"menu-item menu-item-type-post_type menu-item-object-page menu-item-33099\"><a href=\"https:\/\/asg.vn\/ja\/gioi-thieu-cong-ty\/hoat-dong-moi-truong\/\">\u74b0\u5883\u4fdd\u8b77<\/a><\/li>\n<\/ul>\n\t\t\n<style>\n#text-1782764330 {\n  line-height: 2.45;\n}\n<\/style>\n\t<\/div>\n\t\n\t\t<\/div>\n\t\t<\/div><\/div>\t\t\n<style>\n#col-1790680748 > .is-sticky-column > .is-sticky-column__inner > .col-inner {\n  padding: 20px 20px 20px 20px;\n}\n<\/style>\n\t<\/div>\n\n\t\n\n\t<div id=\"col-409330397\" class=\"col medium-9 small-12 large-9\"  >\n\t\t\t\t<div class=\"col-inner\" style=\"background-color:rgb(255, 255, 255);\" >\n\t\t\t\n\t\t\t\n\t<div class=\"img has-hover anhtron x md-x lg-x y md-y lg-y\" id=\"image_653102830\">\n\t\t\t\t\t\t\t\t<div class=\"img-inner dark\" >\n\t\t\t<img loading=\"lazy\" decoding=\"async\" width=\"1695\" height=\"998\" src=\"https:\/\/asg.vn\/wp-content\/uploads\/2024\/03\/Untitled.png\" class=\"attachment-original size-original\" alt=\"\" srcset=\"https:\/\/asg.vn\/wp-content\/uploads\/2024\/03\/Untitled.png 1695w, https:\/\/asg.vn\/wp-content\/uploads\/2024\/03\/Untitled-768x452.png 768w, https:\/\/asg.vn\/wp-content\/uploads\/2024\/03\/Untitled-1536x904.png 1536w, https:\/\/asg.vn\/wp-content\/uploads\/2024\/03\/Untitled-600x353.png 600w\" sizes=\"(max-width: 1695px) 100vw, 1695px\" \/>\t\t\t\t\t\t\n\t\t\t\t\t<\/div>\n\t\t\t\t\t\t\t\t\n<style>\n#image_653102830 {\n  width: 100%;\n}\n<\/style>\n\t<\/div>\n\t\n<div class=\"container section-title-container\" ><h2 class=\"section-title section-title-normal\"><b><\/b><span class=\"section-title-main\" >\u793e\u9577\u306e\u8a00\u8449<\/span><b><\/b><\/h2><\/div>\n<p>\"2012\u5e74\u306b\u3001\u79c1\u306fASG\u30d9\u30c8\u30ca\u30e0\u6280\u8853\u6709\u9650\u4f1a\u793e\u3092\u8a2d\u7acb\u3044\u305f\u3057\u307e\u3057\u305f\u3002\n\u5f0a\u793e\u306f\u3001\u30d9\u30c8\u30ca\u30e0\u56fd\u5185\u3067\u30c8\u30c3\u30d7\u306e\u5730\u4f4d\u3092\u78ba\u7acb\u3057\u3001\u4e16\u754c\u306b\u7fbd\u3070\u305f\u304f\u88fd\u54c1\u3092\u63d0\u4f9b\u3059\u308b\u4f01\u696d\u3092\u76ee\u6307\u3057\u3066\u307e\u3044\u308a\u307e\u3057\u305f\u3002\n\u8a2d\u7acb\u5f53\u521d\u306e\u8cc7\u7523\u306f\u3001\u30d7\u30e9\u30b9\u30c1\u30c3\u30af\u5c04\u51fa\u6210\u5f62\u696d\u754c\u3067\u306e\u8c4a\u5bcc\u306a\u7d4c\u9a13\u3068\u3001\u5927\u624b\u4f01\u696d\u3067\u57f9\u3063\u305f\u57fa\u790e\u77e5\u8b58\u306e\u307f\u3067\u3057\u305f\u3002<\/p>\n<p>\u8a2d\u7acb\u4ee5\u6765\u3001\u30d7\u30e9\u30b9\u30c1\u30c3\u30af\u5c04\u51fa\u6210\u5f62\u6a5f\u7528\u30b7\u30ea\u30f3\u30c0\u30fc\u30fb\u30b9\u30af\u30ea\u30e5\u30fc\u306e\u88fd\u9020\u6280\u8853\u306e\u7814\u7a76\u306b\u6ce8\u529b\u3057\u3066\u307e\u3044\u308a\u307e\u3057\u305f\u3002\n\u65e5\u672c\u3084\u53f0\u6e7e\u306e\u30e1\u30fc\u30ab\u30fc\u304b\u3089\u306eOEM\u751f\u7523\u3092\u901a\u3058\u3066\u3001\u5f90\u3005\u306b\u30d9\u30c8\u30ca\u30e0\u6700\u5927\u306e\u65e5\u672c\u4f01\u696d\u3092\u306f\u3058\u3081\u3068\u3059\u308b\u304a\u5ba2\u69d8\u304b\u3089\u306e\u4fe1\u983c\u3092\u5f97\u308b\u3053\u3068\u304c\u3067\u304d\u3001\n\u3064\u3044\u306b\u306f\u30d9\u30c8\u30ca\u30e0\u306b\u88fd\u9020\u5de5\u5834\u3092\u8a2d\u7acb\u3044\u305f\u3057\u307e\u3057\u305f\u3002\u00a0<\/p>\n<p>\u65b0\u7d20\u6750\u306b\u95a2\u3059\u308b\u5148\u9032\u6280\u8853\u3092\u5c0e\u5165\u3057\u3001\u73fe\u5728\u3067\u306f\u30d9\u30c8\u30ca\u30e0\u3067\u30c8\u30c3\u30d7\u306e\u30b7\u30ea\u30f3\u30c0\u30fc\u30fb\u30b9\u30af\u30ea\u30e5\u30fc\u90e8\u54c1\u30e1\u30fc\u30ab\u30fc\u3068\u306a\u308a\u3001\u4e16\u754c\u3078\u8f38\u51fa\u3057\u3066\u3044\u307e\u3059\u3002<\/p>\n<p>\u3055\u3089\u306b\u3001\u79c1\u305f\u3061\u306f\u5305\u88c5\u304a\u3088\u3073\u30d1\u30c3\u30b1\u30fc\u30b8\u30f3\u30b0\u306e\u30bd\u30ea\u30e5\u30fc\u30b7\u30e7\u30f3\u3082\u5c55\u958b\u3057\u3001\u304a\u5ba2\u69d8\u3068\u5171\u306b\u30b0\u30ea\u30fc\u30f3\u3067\u30af\u30ea\u30fc\u30f3\u306a\u88fd\u54c1\u3092\u958b\u767a\u3057\u3001\u5730\u7403\u306e\u74b0\u5883\u4fdd\u5168\u306b\u8ca2\u732e\u3057\u3066\u3044\u307e\u3059\u3002<\/p>\n<p><strong>\u656c\u611b\u3059\u308b\u304a\u5ba2\u69d8<\/strong><\/p>\n<p>\u89aa\u611b\u306a\u308b\u5f93\u696d\u54e1\u3068\u305d\u306e\u3054\u5bb6\u65cf<\/p>\n<p>ASG\u3092\u5e38\u306b\u652f\u63f4\u3057\u3066\u304f\u3060\u3055\u308b\u53cb\u4eba\u306e\u7686\u69d8<\/p>\n<p>\u79c1\u305f\u3061\u306f\u5e38\u306b\u4ee5\u4e0b\u306e\u56db\u3064\u306e\u8a00\u8449\u3092\u884c\u52d5\u306e\u76ee\u6a19\u3068\u3057\u3066\u3044\u307e\u3059<\/p>\n<p><strong>\u5fc3 - \u4fe1\u4ef0 - \u77e5\u6075 - \u4e2d\u5eb8<\/strong><\/p>\n<p>\u00a0 \u00a0 \u00a0\u5fc3\uff1a\u4eba\u306b\u5bfe\u3059\u308b\u5fc3\u3001\u4ed5\u4e8b\u306b\u5bfe\u3059\u308b\u5fc3\u3001\u4eba\u751f\u306b\u5bfe\u3059\u308b\u5fc3\u3002\u5584\u610f\u3092\u6301\u3066\u3070\u3001\u3059\u3079\u3066\u304c\u9806\u8abf\u306b\u9032\u307f\u307e\u3059\u3002<\/p>\n<p>\u00a0 \u00a0 \u00a0\u4fe1\u7fa9\u3092\u9867\u5ba2\u306b\u5bfe\u3057\u3066\u3001\u4fe1\u7fa9\u3092\u30d1\u30fc\u30c8\u30ca\u30fc\u306b\u5bfe\u3057\u3066\u3001\u4fe1\u7fa9\u3092\u5f93\u696d\u54e1\u306b\u5bfe\u3057\u3066\u3001\u4fe1\u7fa9\u3092\u30b3\u30df\u30e5\u30cb\u30c6\u30a3\u306b\u5bfe\u3057\u3066\u3002\u4fe1\u7fa9\u3092\u5b88\u308a\u3001\u6210\u529f\u306b\u5411\u304b\u3063\u3066\u9032\u3080\u3002<\/p>\n<p>\u00a0 \u00a0 \u00a0\u77e5\u6075\u306e\u5275\u9020\u6027\u3001\u77e5\u6075\u306e\u9769\u65b0\u3001\u77e5\u6075\u306e\u5f37\u3055\u3001\u77e5\u6075\u306e\u5c06\u6765\u3078\u306e\u5c55\u671b\u3002<\/p>\n<p>\u00a0 \u00a0 \u00a0\u5c02\u5ff5\u306b\u5fe0\u5b9f\u3067\u3042\u308a\u3001\u54c1\u8cea\u306b\u5fe0\u5b9f\u3067\u3042\u308a\u3001\u88fd\u54c1\u306b\u8aa0\u5b9f\u3067\u3042\u308a\u3001\u30b3\u30df\u30e5\u30cb\u30c6\u30a3\u306b\u5bfe\u3057\u3066\u4e01\u5be7\u3067\u3042\u308b\u3002<\/p>\n<p>\u4eca\u5f8c\u3068\u3082\u5b89\u5b9a\u3057\u305f\u767a\u5c55\u3092\u7d9a\u3051\u308b\u305f\u3081\u3001\u5909\u308f\u3089\u306c\u3054\u652f\u63f4\u3068\u3054\u5354\u529b\u3092\u8cdc\u308a\u307e\u3059\u3088\u3046\u304a\u9858\u3044\u7533\u3057\u4e0a\u3052\u307e\u3059\u3002<\/p>\n<p>\u8aa0\u306b\u3042\u308a\u304c\u3068\u3046\u3054\u3056\u3044\u307e\u3059\u3002<\/p>\n\t\t<\/div>\n\t\t\t\t\n<style>\n#col-409330397 > .col-inner {\n  padding: 30px 30px 30px 30px;\n  border-radius: 20px;\n}\n<\/style>\n\t<\/div>\n\n\t\n<\/div>\n\t\t<\/div>\n\n\t\t\n<style>\n#section_339579247 {\n  padding-top: 30px;\n  padding-bottom: 30px;\n}\n#section_339579247 .section-bg-overlay {\n  background-color: rgba(32, 56, 98, 0.047);\n}\n<\/style>\n\t<\/section>","protected":false},"excerpt":{"rendered":"","protected":false},"author":24,"featured_media":0,"parent":61,"menu_order":0,"comment_status":"closed","ping_status":"closed","template":"page-blank.php","meta":{"inline_featured_image":false,"footnotes":""},"yoast_head":"<!-- This site is optimized with the Yoast SEO plugin v22.5 - https:\/\/yoast.com\/wordpress\/plugins\/seo\/ -->\n<title>L\u1eddi c\u1ee7a ch\u1ee7 t\u1ecbch - C\u00f4ng ty TNHH ASG<\/title>\n<meta name=\"robots\" content=\"index, follow, max-snippet:-1, max-image-preview:large, max-video-preview:-1\" \/>\n<link rel=\"canonical\" href=\"https:\/\/asg.vn\/ja\/gioi-thieu-cong-ty\/loi-cua-chu-tich\/\" \/>\n<meta property=\"og:locale\" content=\"ja_JP\" \/>\n<meta property=\"og:type\" content=\"article\" \/>\n<meta property=\"og:title\" content=\"L\u1eddi c\u1ee7a ch\u1ee7 t\u1ecbch - C\u00f4ng ty TNHH ASG\" \/>\n<meta property=\"og:url\" content=\"https:\/\/asg.vn\/ja\/gioi-thieu-cong-ty\/loi-cua-chu-tich\/\" \/>\n<meta property=\"og:site_name\" content=\"C\u00f4ng ty TNHH ASG\" \/>\n<meta property=\"article:publisher\" content=\"https:\/\/www.facebook.com\/congtyasgvietnam\" \/>\n<meta property=\"article:modified_time\" content=\"2024-03-29T09:49:46+00:00\" \/>\n<meta name=\"twitter:card\" content=\"summary_large_image\" \/>\n<meta name=\"twitter:label1\" content=\"\u63a8\u5b9a\u8aad\u307f\u53d6\u308a\u6642\u9593\" \/>\n\t<meta name=\"twitter:data1\" content=\"3\u5206\" \/>\n<script type=\"application\/ld+json\" class=\"yoast-schema-graph\">{\"@context\":\"https:\/\/schema.org\",\"@graph\":[{\"@type\":\"WebPage\",\"@id\":\"https:\/\/asg.vn\/vi\/gioi-thieu-cong-ty\/loi-cua-chu-tich\/\",\"url\":\"https:\/\/asg.vn\/vi\/gioi-thieu-cong-ty\/loi-cua-chu-tich\/\",\"name\":\"L\u1eddi c\u1ee7a ch\u1ee7 t\u1ecbch - C\u00f4ng ty TNHH ASG\",\"isPartOf\":{\"@id\":\"https:\/\/asg.vn\/ja\/#website\"},\"datePublished\":\"2024-03-09T05:35:10+00:00\",\"dateModified\":\"2024-03-29T09:49:46+00:00\",\"breadcrumb\":{\"@id\":\"https:\/\/asg.vn\/vi\/gioi-thieu-cong-ty\/loi-cua-chu-tich\/#breadcrumb\"},\"inLanguage\":\"ja\",\"potentialAction\":[{\"@type\":\"ReadAction\",\"target\":[\"https:\/\/asg.vn\/vi\/gioi-thieu-cong-ty\/loi-cua-chu-tich\/\"]}]},{\"@type\":\"BreadcrumbList\",\"@id\":\"https:\/\/asg.vn\/vi\/gioi-thieu-cong-ty\/loi-cua-chu-tich\/#breadcrumb\",\"itemListElement\":[{\"@type\":\"ListItem\",\"position\":1,\"name\":\"Home\",\"item\":\"https:\/\/asg.vn\/ja\/\"},{\"@type\":\"ListItem\",\"position\":2,\"name\":\"GI\u1edaI THI\u1ec6U C\u00d4NG TY\",\"item\":\"https:\/\/asg.vn\/vi\/gioi-thieu-cong-ty\/\"},{\"@type\":\"ListItem\",\"position\":3,\"name\":\"L\u1eddi c\u1ee7a ch\u1ee7 t\u1ecbch\"}]},{\"@type\":\"WebSite\",\"@id\":\"https:\/\/asg.vn\/ja\/#website\",\"url\":\"https:\/\/asg.vn\/ja\/\",\"name\":\"C\u00f4ng ty TNHH ASG\",\"description\":\"Th\u00e0nh c\u00f4ng b\u1eb1ng s\u1ef1 t\u1eed t\u1ebf\",\"publisher\":{\"@id\":\"https:\/\/asg.vn\/ja\/#organization\"},\"potentialAction\":[{\"@type\":\"SearchAction\",\"target\":{\"@type\":\"EntryPoint\",\"urlTemplate\":\"https:\/\/asg.vn\/ja\/?s={search_term_string}\"},\"query-input\":\"required name=search_term_string\"}],\"inLanguage\":\"ja\"},{\"@type\":\"Organization\",\"@id\":\"https:\/\/asg.vn\/ja\/#organization\",\"name\":\"C\u00f4ng ty TNHH ASG\",\"url\":\"https:\/\/asg.vn\/ja\/\",\"logo\":{\"@type\":\"ImageObject\",\"inLanguage\":\"ja\",\"@id\":\"https:\/\/asg.vn\/ja\/#\/schema\/logo\/image\/\",\"url\":\"https:\/\/asg.vn\/wp-content\/uploads\/2023\/03\/z4110917483185_83f9ec26924715fb77663fd2b8bef540.jpg\",\"contentUrl\":\"https:\/\/asg.vn\/wp-content\/uploads\/2023\/03\/z4110917483185_83f9ec26924715fb77663fd2b8bef540.jpg\",\"width\":1038,\"height\":324,\"caption\":\"C\u00f4ng ty TNHH ASG\"},\"image\":{\"@id\":\"https:\/\/asg.vn\/ja\/#\/schema\/logo\/image\/\"},\"sameAs\":[\"https:\/\/www.facebook.com\/congtyasgvietnam\"]}]}<\/script>\n<!-- \/ Yoast SEO plugin. -->","yoast_head_json":{"title":"L\u1eddi c\u1ee7a ch\u1ee7 t\u1ecbch - C\u00f4ng ty TNHH ASG","robots":{"index":"index","follow":"follow","max-snippet":"max-snippet:-1","max-image-preview":"max-image-preview:large","max-video-preview":"max-video-preview:-1"},"canonical":"https:\/\/asg.vn\/ja\/gioi-thieu-cong-ty\/loi-cua-chu-tich\/","og_locale":"ja_JP","og_type":"article","og_title":"L\u1eddi c\u1ee7a ch\u1ee7 t\u1ecbch - C\u00f4ng ty TNHH ASG","og_url":"https:\/\/asg.vn\/ja\/gioi-thieu-cong-ty\/loi-cua-chu-tich\/","og_site_name":"C\u00f4ng ty TNHH ASG","article_publisher":"https:\/\/www.facebook.com\/congtyasgvietnam","article_modified_time":"2024-03-29T09:49:46+00:00","twitter_card":"summary_large_image","twitter_misc":{"\u63a8\u5b9a\u8aad\u307f\u53d6\u308a\u6642\u9593":"3\u5206"},"schema":{"@context":"https:\/\/schema.org","@graph":[{"@type":"WebPage","@id":"https:\/\/asg.vn\/vi\/gioi-thieu-cong-ty\/loi-cua-chu-tich\/","url":"https:\/\/asg.vn\/vi\/gioi-thieu-cong-ty\/loi-cua-chu-tich\/","name":"L\u1eddi c\u1ee7a ch\u1ee7 t\u1ecbch - C\u00f4ng ty TNHH ASG","isPartOf":{"@id":"https:\/\/asg.vn\/ja\/#website"},"datePublished":"2024-03-09T05:35:10+00:00","dateModified":"2024-03-29T09:49:46+00:00","breadcrumb":{"@id":"https:\/\/asg.vn\/vi\/gioi-thieu-cong-ty\/loi-cua-chu-tich\/#breadcrumb"},"inLanguage":"ja","potentialAction":[{"@type":"ReadAction","target":["https:\/\/asg.vn\/vi\/gioi-thieu-cong-ty\/loi-cua-chu-tich\/"]}]},{"@type":"BreadcrumbList","@id":"https:\/\/asg.vn\/vi\/gioi-thieu-cong-ty\/loi-cua-chu-tich\/#breadcrumb","itemListElement":[{"@type":"ListItem","position":1,"name":"Home","item":"https:\/\/asg.vn\/ja\/"},{"@type":"ListItem","position":2,"name":"GI\u1edaI THI\u1ec6U C\u00d4NG TY","item":"https:\/\/asg.vn\/vi\/gioi-thieu-cong-ty\/"},{"@type":"ListItem","position":3,"name":"L\u1eddi c\u1ee7a ch\u1ee7 t\u1ecbch"}]},{"@type":"WebSite","@id":"https:\/\/asg.vn\/ja\/#website","url":"https:\/\/asg.vn\/ja\/","name":"C\u00f4ng ty TNHH ASG","description":"Th\u00e0nh c\u00f4ng b\u1eb1ng s\u1ef1 t\u1eed t\u1ebf","publisher":{"@id":"https:\/\/asg.vn\/ja\/#organization"},"potentialAction":[{"@type":"SearchAction","target":{"@type":"EntryPoint","urlTemplate":"https:\/\/asg.vn\/ja\/?s={search_term_string}"},"query-input":"required name=search_term_string"}],"inLanguage":"ja"},{"@type":"Organization","@id":"https:\/\/asg.vn\/ja\/#organization","name":"C\u00f4ng ty TNHH ASG","url":"https:\/\/asg.vn\/ja\/","logo":{"@type":"ImageObject","inLanguage":"ja","@id":"https:\/\/asg.vn\/ja\/#\/schema\/logo\/image\/","url":"https:\/\/asg.vn\/wp-content\/uploads\/2023\/03\/z4110917483185_83f9ec26924715fb77663fd2b8bef540.jpg","contentUrl":"https:\/\/asg.vn\/wp-content\/uploads\/2023\/03\/z4110917483185_83f9ec26924715fb77663fd2b8bef540.jpg","width":1038,"height":324,"caption":"C\u00f4ng ty TNHH ASG"},"image":{"@id":"https:\/\/asg.vn\/ja\/#\/schema\/logo\/image\/"},"sameAs":["https:\/\/www.facebook.com\/congtyasgvietnam"]}]}},"_links":{"self":[{"href":"https:\/\/asg.vn\/ja\/wp-json\/wp\/v2\/pages\/4042"}],"collection":[{"href":"https:\/\/asg.vn\/ja\/wp-json\/wp\/v2\/pages"}],"about":[{"href":"https:\/\/asg.vn\/ja\/wp-json\/wp\/v2\/types\/page"}],"author":[{"embeddable":true,"href":"https:\/\/asg.vn\/ja\/wp-json\/wp\/v2\/users\/24"}],"replies":[{"embeddable":true,"href":"https:\/\/asg.vn\/ja\/wp-json\/wp\/v2\/comments?post=4042"}],"version-history":[{"count":9,"href":"https:\/\/asg.vn\/ja\/wp-json\/wp\/v2\/pages\/4042\/revisions"}],"predecessor-version":[{"id":4400,"href":"https:\/\/asg.vn\/ja\/wp-json\/wp\/v2\/pages\/4042\/revisions\/4400"}],"up":[{"embeddable":true,"href":"https:\/\/asg.vn\/ja\/wp-json\/wp\/v2\/pages\/61"}],"wp:attachment":[{"href":"https:\/\/asg.vn\/ja\/wp-json\/wp\/v2\/media?parent=4042"}],"curies":[{"name":"wp","href":"https:\/\/api.w.org\/{rel}","templated":true}]}}