{"id":3174,"date":"2023-04-05T16:40:48","date_gmt":"2023-04-05T09:40:48","guid":{"rendered":"https:\/\/asg.vn\/?page_id=3174"},"modified":"2024-05-30T16:15:01","modified_gmt":"2024-05-30T09:15:01","slug":"adapter-cho-may-ep-nhua","status":"publish","type":"page","link":"https:\/\/asg.vn\/ja\/adapter-cho-may-ep-nhua\/","title":{"rendered":"Adapter cho m\u00e1y \u00e9p nh\u1ef1a"},"content":{"rendered":"<section class=\"section\" id=\"section_1443794921\">\n\t\t<div class=\"bg section-bg fill bg-fill bg-loaded bg-loaded\" >\n\n\t\t\t\n\t\t\t<div class=\"section-bg-overlay absolute fill\"><\/div>\n\t\t\t\n\n\t\t<\/div>\n\n\t\t\n\n\t\t<div class=\"section-content relative\">\n\t\t\t\n<div class=\"row\"  id=\"row-1606726684\">\n\n\t<div id=\"col-2010782429\" class=\"col small-12 large-12\"  >\n\t\t\t\t<div class=\"col-inner\" style=\"background-color:rgb(255,255,255);\" >\n\t\t\t\n\t\t\t\n<div class=\"row\"  id=\"row-758244494\">\n\n\t<div id=\"col-681251353\" class=\"col medium-6 small-12 large-6\"  >\n\t\t\t\t<div class=\"col-inner\"  >\n\t\t\t\n\t\t\t\n<a class=\"button secondary is-outline is-smaller\"  style=\"border-radius:99px;\">\n    <span>\u30a2\u30c0\u30d7\u30bf\u30fc<\/span>\n  <\/a>\n\n<h2>\u5c04\u51fa\u6210\u5f62\u6a5f\u7528\u30a2\u30c0\u30d7\u30bf\u30fc<\/h2>\n<p><strong>\u00a0 \u00a0\u79c1\u305f\u3061<\/strong>\u00a0\u751f\u7523 <strong>ADAPTER<\/strong> \u5f53\u793e\u306f\u6700\u5148\u7aef\u306e\u6280\u8853\u3092\u7528\u3044\u3066\u30b9\u30af\u30ea\u30e5\u30fc\u3092\u88fd\u9020\u3057\u3001\u304a\u5ba2\u69d8\u306e\u751f\u7523\u30d7\u30ed\u30bb\u30b9\u5168\u4f53\u3067\u90e8\u54c1\u306e\u9069\u5408\u6027\u3092\u78ba\u4fdd\u3057\u307e\u3059\u3002\u822a\u7a7a\u3001\u533b\u7642\u3001\u81ea\u52d5\u8eca\u3001\u30aa\u30fc\u30c8\u30d0\u30a4\u3001\u96fb\u5b50\u3001\u4e00\u822c\u6d88\u8cbb\u8ca1\u306a\u3069\u3001\u3055\u307e\u3056\u307e\u306a\u90e8\u54c1\u3084\u88c5\u7f6e\u3067\u30d7\u30e9\u30b9\u30c1\u30c3\u30af\u88fd\u54c1\u3084\u90e8\u54c1\u3092\u88fd\u9020\u3057\u3066\u3044\u307e\u3059\u3002<\/p>\n<div class=\"row\"  id=\"row-2081427073\">\n\n\t<div id=\"col-1524638174\" class=\"col medium-6 small-12 large-6\"  >\n\t\t\t\t<div class=\"col-inner\"  >\n\t\t\t\n\t\t\t\n\t<div id=\"text-2644350086\" class=\"text\">\n\t\t\n<p><i class=\"fa-solid fa-file-pdf\"><\/i> <a href=\"https:\/\/asg.vn\/wp-content\/uploads\/2024\/05\/18.11.Kazuo_.pdf\"><strong>\u30ab\u30bf\u30ed\u30b0\u30c0\u30a6\u30f3\u30ed\u30fc\u30c9<\/strong><\/a><br \/>\n\t\t\n<style>\n#text-2644350086 {\n  color: rgb(204, 51, 4);\n}\n#text-2644350086 > * {\n  color: rgb(204, 51, 4);\n}\n<\/style>\n\t<\/div>\n\t\n\t\t<\/div>\n\t\t\t\t\t<\/div>\n\n\t\n\n\t<div id=\"col-1405268893\" class=\"col medium-6 small-12 large-6\"  >\n\t\t\t\t<div class=\"col-inner\"  >\n\t\t\t\n\t\t\t\n\t<div id=\"text-83130573\" class=\"text\">\n\t\t\n<p><i class=\"fa-brands fa-youtube\"><\/i> <a href=\"https:\/\/youtu.be\/_J9TvG4kdr8\"><strong>\u88fd\u54c1\u306e\u30d3\u30c7\u30aa<\/strong><\/a><br \/>\n\t\t\n<style>\n#text-83130573 {\n  color: rgb(204, 51, 4);\n}\n#text-83130573 > * {\n  color: rgb(204, 51, 4);\n}\n<\/style>\n\t<\/div>\n\t\n\t\t<\/div>\n\t\t\t\t\t<\/div>\n\n\t\n<\/div>\n\t\t<\/div>\n\t\t\t\t\n<style>\n#col-681251353 > .col-inner {\n  padding: 30px 30px 30px 30px;\n}\n<\/style>\n\t<\/div>\n\n\t\n\n\t<div id=\"col-43708383\" class=\"col medium-6 small-12 large-6\"  >\n\t\t\t\t<div class=\"col-inner\"  >\n\t\t\t\n\t\t\t\n\t<div class=\"img has-hover x md-x lg-x y md-y lg-y\" id=\"image_422627830\">\n\t\t\t\t\t\t\t\t<div class=\"img-inner dark\" >\n\t\t\t<img loading=\"lazy\" decoding=\"async\" width=\"1024\" height=\"829\" src=\"https:\/\/asg.vn\/wp-content\/uploads\/2023\/04\/seihin7-25-1.jpg\" class=\"attachment-original size-original\" alt=\"Adapter cho m\u00e1y \u00e9p nh\u1ef1a\" srcset=\"https:\/\/asg.vn\/wp-content\/uploads\/2023\/04\/seihin7-25-1.jpg 1024w, https:\/\/asg.vn\/wp-content\/uploads\/2023\/04\/seihin7-25-1-600x486.jpg 600w, https:\/\/asg.vn\/wp-content\/uploads\/2023\/04\/seihin7-25-1-768x622.jpg 768w, https:\/\/asg.vn\/wp-content\/uploads\/2023\/04\/seihin7-25-1-300x243.jpg 300w\" sizes=\"(max-width: 1024px) 100vw, 1024px\" \/>\t\t\t\t\t\t\n\t\t\t\t\t<\/div>\n\t\t\t\t\t\t\t\t\n<style>\n#image_422627830 {\n  width: 100%;\n}\n<\/style>\n\t<\/div>\n\t\n\t\t<\/div>\n\t\t\t\t\n<style>\n#col-43708383 > .col-inner {\n  padding: 10px 10px 10px 10px;\n}\n<\/style>\n\t<\/div>\n\n\t\n<\/div>\n\t\t<\/div>\n\t\t\t\t\t<\/div>\n\n\t\n<\/div>\n\t\t<\/div>\n\n\t\t\n<style>\n#section_1443794921 {\n  padding-top: 30px;\n  padding-bottom: 30px;\n}\n#section_1443794921 .section-bg-overlay {\n  background-color: rgba(32, 56, 98, 0.041);\n}\n<\/style>\n\t<\/section>\n\t\n\t<section class=\"section\" id=\"section_158861890\">\n\t\t<div class=\"bg section-bg fill bg-fill bg-loaded bg-loaded\" >\n\n\t\t\t\n\t\t\t\n\t\t\t\n\n\t\t<\/div>\n\n\t\t\n\n\t\t<div class=\"section-content relative\">\n\t\t\t\n\t\t<\/div>\n\n\t\t\n<style>\n#section_158861890 {\n  padding-top: 30px;\n  padding-bottom: 30px;\n}\n<\/style>\n\t<\/section>\n\t\n<div class=\"row row-collapse align-middle\"  id=\"row-2042874572\">\n<\/div>\n\n\t<div id=\"col-1875026077\" class=\"col small-12 large-12\"  >\n\t\t\t\t<div class=\"col-inner\" style=\"background-color:rgb(255, 255, 255);\" >\n\t\t\t\n\t\t\t\n\t\t<\/div>\n\t\t\t\t\n<style>\n#col-1875026077 > .col-inner {\n  border-radius: 10px;\n}\n<\/style>\n\t<\/div>\n\n\t\n<p>&nbsp;<\/p>\n<h2>1. \u5c04\u51fa\u6210\u5f62\u6a5f\u7528\u30a2\u30c0\u30d7\u30bf\u30fc\u306e\u69cb\u9020<\/h2>\n<p>\u30a2\u30c0\u30d7\u30bf\u30fc\u306f\u3001\u5c04\u51fa\u6210\u5f62\u6a5f\u306b\u304a\u3044\u3066\u30b7\u30ea\u30f3\u30c0\u30fc\u3068\u30ce\u30ba\u30eb\u306e\u9593\u306b\u4f4d\u7f6e\u3059\u308b\u4e2d\u9593\u90e8\u54c1\u3067\u3059\u3002\u3053\u3053\u3067\u306f\u3001\u30b7\u30ea\u30f3\u30c0\u30fc\u306e\u6a39\u8102\u6d41\u8def\u306e\u5f84\u3092\u30ce\u30ba\u30eb\u306e\u5f84\u3078\u3068\u5909\u63db\u3057\u3001\u6a39\u8102\u306e\u6d41\u8def\u65ad\u9762\u7a4d\u3092\u6e1b\u5c11\u3055\u305b\u308b\u3053\u3068\u3067\u3001\u5c04\u51fa\u5727\u529b\u3092\u9ad8\u3081\u308b\u5f79\u5272\u3092\u679c\u305f\u3057\u307e\u3059\u3002<\/p>\n<p>(*) \u5c0f\u578b\u6a5f\u3067\u306f\u901a\u5e38\u30a2\u30c0\u30d7\u30bf\u30fc\u304c\u88c5\u5099\u3055\u308c\u3066\u304a\u3089\u305a\u3001\u30ce\u30ba\u30eb\u304c\u30b7\u30ea\u30f3\u30c0\u30fc\u306b\u76f4\u63a5\u53d6\u308a\u4ed8\u3051\u3089\u308c\u307e\u3059<\/p>\n<p><img loading=\"lazy\" decoding=\"async\" class=\"aligncenter\" src=\"https:\/\/asg.vn\/wp-content\/uploads\/2023\/04\/images-1.jpg\" alt=\"Adapter cho m\u00e1y \u00e9p nh\u1ef1a\" width=\"209\" height=\"241\" \/><\/p>\n<figure><img loading=\"lazy\" decoding=\"async\" class=\"aligncenter\" src=\"https:\/\/asg.vn\/wp-content\/uploads\/2023\/04\/cau-tao-bo-xi-lanh-truc-vit-tieu-chuan-1024x421.jpg\" sizes=\"(max-width: 1024px) 100vw, 1024px\" srcset=\"https:\/\/asg.vn\/wp-content\/uploads\/2023\/04\/cau-tao-bo-xi-lanh-truc-vit-tieu-chuan-1024x421.jpg 1024w, https:\/\/asg.vn\/wp-content\/uploads\/2023\/04\/cau-tao-bo-xi-lanh-truc-vit-tieu-chuan-300x123.jpg 300w, https:\/\/asg.vn\/wp-content\/uploads\/2023\/04\/cau-tao-bo-xi-lanh-truc-vit-tieu-chuan-768x316.jpg 768w, https:\/\/asg.vn\/wp-content\/uploads\/2023\/04\/cau-tao-bo-xi-lanh-truc-vit-tieu-chuan.jpg 1439w\" alt=\"Adapter cho m\u00e1y \u00e9p nh\u1ef1a\" width=\"1024\" height=\"421\" \/><figcaption>\u30b9\u30af\u30ea\u30e5\u30fc\u30b7\u30ea\u30f3\u30c0\u30fc\u30bb\u30c3\u30c8\u306e\u6a19\u6e96\u7d44\u7acb\u56f3<\/figcaption><\/figure>\n<h2><\/h2>\n<h2>2. \u88fd\u9020\u7bc4\u56f2<\/h2>\n<ul>\n<li>\u76f4\u5f84\uff1a <strong>D12mm \u2013 D160mm<\/strong><\/li>\n<\/ul>\n<h2><\/h2>\n<h2>3. \u5fdc\u7528<\/h2>\n<ul>\n<li>\u30ac\u30e9\u30b9\u7e4a\u7dad\u6bd4\u7387: 0%GF \u304b\u3089 65%GF \u307e\u3067\u3002<\/li>\n<li>\u304a\u5ba2\u69d8\u304c\u4f7f\u7528\u3059\u308b\u6a39\u8102\u306e\u7a2e\u985e<\/li>\n<li>\u8010\u8755\u6027\u30d7\u30e9\u30b9\u30c1\u30c3\u30af\uff1aPET, PP, PC, ABS\u2026<\/li>\n<li>\u8010\u8755\u6027\u306e\u4f4e\u3044\u30d7\u30e9\u30b9\u30c1\u30c3\u30af\uff1aPA, PA6, PA9T, PPS, LCP\u2026<\/li>\n<li>\u9ad8\u5bc6\u5ea6\u30d7\u30e9\u30b9\u30c1\u30c3\u30af\uff1a\u900f\u660ePC\u3001\u7740\u8272PC<\/li>\n<li>\u9ad8\u786c\u5ea6\u30d7\u30e9\u30b9\u30c1\u30c3\u30af\uff1a\u30d0\u30b1\u30e9\u30a4\u30c8<\/li>\n<\/ul>\n<h2><\/h2>\n<h2>4. \u88fd\u9020\u65b9\u6cd5<\/h2>\n<p>\u9ad8\u5f37\u5ea6\u5408\u91d1\u3092\u4f7f\u7528\u3057\u3001\u771f\u7a7a\u74b0\u5883\u3067\u71b1\u51e6\u7406\u3055\u308c\u305f\u9ad8\u5f37\u5ea6\u5408\u91d1\u3092\u9078\u5b9a\u3057\u3066\u88fd\u9020\u3055\u308c\u305f\u30b9\u30af\u30ea\u30e5\u30fc\u306f\u3001\u88fd\u54c1\u306e\u6700\u9ad8\u306e\u7269\u6027\u3092\u63d0\u4f9b\u3057\u307e\u3059\u3002\u90e8\u54c1\u306e\u91cd\u8981\u306a\u90e8\u5206\u306f\u7279\u5225\u306a\u5408\u91d1\u3067\u5f37\u5316\u3055\u308c\u3001\u90e8\u54c1\u5bff\u547d\u3092\u5ef6\u3070\u3057\u307e\u3059\u3002<\/p>\n<p>\u9ad8\u6e29\u30fb\u9ad8\u5727\u30fb\u6469\u8017\u30fb\u8150\u98df\u3068\u3044\u3063\u305f\u904e\u9177\u306a\u6761\u4ef6\u4e0b\u3067\u306e\u8010\u4e45\u6027\u3092\u78ba\u4fdd\u3059\u308b\u305f\u3081\u3001\u91cd\u8981\u90e8\u4f4d\u306b\u306f\u6a5f\u68b0\u7684\u7279\u6027\u3092\u5f37\u5316\u3059\u308b\u6280\u8853\u304c\u65bd\u3055\u308c\u3066\u3044\u307e\u3059\u3002<\/p>\n<h2><\/h2>\n<h2>5. \u88fd\u54c1\u4f9b\u7d66\u30d7\u30ed\u30bb\u30b9<\/h2>\n<p><strong>\u30b9\u30c6\u30c3\u30d71\uff1a<\/strong> \u304a\u5ba2\u69d8\u306f\u4ee5\u4e0b\u306e\u60c5\u5831\u3092\u542b\u3080\u898b\u7a4d\u3082\u308a\u30ea\u30af\u30a8\u30b9\u30c8\u3092\u9001\u3063\u3066\u304f\u3060\u3055\u3044\uff1a<\/p>\n<ul>\n<li>\u6a5f\u68b0\u306e\u6b63\u5f0f\u540d\u79f0\u307e\u305f\u306f\u6a5f\u7a2e\u306e\u5199\u771f<\/li>\n<li>\u90e8\u54c1\u306e\u76f4\u5f84\u3068\u9577\u3055\u306e\u4ed5\u69d8<\/li>\n<li>\u4f7f\u7528\u3059\u308b\u30d7\u30e9\u30b9\u30c1\u30c3\u30af\u306e\u6a5f\u7a2e\u307e\u305f\u306f\u5305\u88c5\u306e\u5199\u771f\u3001\u90e8\u54c1\u306e\u6750\u6599\u3068\u9069\u5207\u306a\u88fd\u9020\u6280\u8853\u3092\u9078\u629e\u3059\u308b\u305f\u3081<\/li>\n<\/ul>\n<p><strong>\u30b9\u30c6\u30c3\u30d72\uff1a<\/strong> ASG\u30d9\u30c8\u30ca\u30e0\u306f\u898b\u7a4d\u3082\u308a\u3092\u304a\u5ba2\u69d8\u306b\u9001\u4fe1\u3057\u307e\u3059\u3002<\/p>\n<p><strong>\u30b9\u30c6\u30c3\u30d73\uff1a<\/strong>\u00a0\u304a\u5ba2\u69d8\u306f\u6ce8\u6587\u66f8\u3092\u9001\u4fe1\u3057\u307e\u3059\u3002<\/p>\n<p><strong>\u30b9\u30c6\u30c3\u30d74\uff1a<\/strong> \u307b\u3068\u3093\u3069\u306e\u5834\u5408\u3001\u5f53\u793e\u306b\u306f\u88fd\u9020\u56f3\u9762\u304c\u3042\u308a\u307e\u3059\u304c\u3001\u4e00\u90e8\u306e\u5834\u5408\u306b\u306f\u307e\u3060\u56f3\u9762\u304c\u306a\u3044\u305f\u3081\u3001\u304a\u5ba2\u69d8\u306e\u5de5\u5834\u306b\u51fa\u5411\u3044\u3066\u5bf8\u6cd5\u3092\u6e2c\u5b9a\u3057\u56f3\u9762\u3092\u4f5c\u6210\u3057\u307e\u3059\u3002<\/p>\n<p><strong>\u30b9\u30c6\u30c3\u30d75\uff1a<\/strong> ISO 9001:2005\u306e\u54c1\u8cea\u57fa\u6e96\u306b\u57fa\u3065\u3044\u3066\u88fd\u54c1\u306e\u88fd\u9020\u3068\u54c1\u8cea\u7ba1\u7406\u3092\u884c\u3044\u307e\u3059\u3002<\/p>\n<p><strong>\u30b9\u30c6\u30c3\u30d76\uff1a<\/strong> \u88fd\u54c1\u306e\u914d\u9001<\/p>\n<p><strong>\u30b9\u30c6\u30c3\u30d77\uff1a<\/strong> \u6ce8\u6587\u306e\u652f\u6255\u3044<\/p>\n<h2><\/h2>\n<h2>6.\u5168\u90e8\u54c1\u306b\u3064\u3044\u3066<\/h2>\n<p>1\u5e74\u9593\u306e\u4fdd\u8a3c\u304c\u3042\u308a\u307e\u3059<\/p>\n<p><strong>ASG\u88fd\u30b9\u30af\u30ea\u30e5\u30fc\u30b7\u30ea\u30f3\u30c0\u30fc <\/strong><strong>\u4fe1\u983c\u3092\u7bc9\u304f\u54c1\u8cea<\/strong><\/p>","protected":false},"excerpt":{"rendered":"<p>&nbsp; 1. C\u1ea5u t\u1ea1o Adapter m\u00e1y \u00e9p nh\u1ef1a Adapter l\u00e0 b\u1ed9 ph\u1eadn trung gian gi\u1eefa xilanh v\u00e0 \u0111\u1ea7u phun nh\u1ef1a trong m\u00e1y \u00e9p. T\u1ea1i \u0111\u00e2y s\u1ebd thay \u0111\u1ed5i \u0111\u01b0\u1eddng k\u00ednh d\u1eabn nh\u1ef1a t\u1eeb \u0111\u01b0\u1eddng k\u00ednh c\u1ee7a xilanh xu\u1ed1ng \u0111\u01b0\u1eddng k\u00ednh c\u1ee7a \u0111\u1ea7u phun nh\u1eb1m gi\u1ea3m ti\u1ebft di\u1ec7n d\u1eabn nh\u1ef1a, t\u0103ng \u00e1p l\u1ef1c phun nh\u1ef1a. (*) C\u00e1c d\u00f2ng m\u00e1y nh\u1ecf th\u01b0\u1eddng s\u1ebd kh\u00f4ng c\u00f3 Adapter, \u0111\u1ea7u phun s\u1ebd g\u1eafn tr\u1ef1c ti\u1ebfp v\u00e0o xi lanh. B\u1ea3n v\u1ebd l\u1eafp r\u00e1p ti\u00eau chu\u1ea9n c\u1ee7a b\u1ed9 xi lanh tr\u1ee5c v\u00edt 2. Ph\u1ea1m vi ch\u1ebf t\u1ea1o \u0110\u01b0\u1eddng k\u00ednh t\u1eeb: D12mm \u2013\u00a0 D160mm 3. \u1ee8ng d\u1ee5ng T\u1ec9 l\u1ec7 s\u1ee3i th\u1ee7y tinh c\u00f3 trong nh\u1ef1a 0%GF t\u1edbi 65%GF&#8230;.<\/p>","protected":false},"author":24,"featured_media":3175,"parent":0,"menu_order":0,"comment_status":"closed","ping_status":"closed","template":"","meta":{"inline_featured_image":false,"footnotes":""},"yoast_head":"<!-- This site is optimized with the Yoast SEO plugin v22.5 - https:\/\/yoast.com\/wordpress\/plugins\/seo\/ -->\n<title>Adapter cho m\u00e1y \u00e9p nh\u1ef1a - C\u00f4ng ty TNHH ASG<\/title>\n<meta name=\"description\" content=\"Adapter cho m\u00e1y \u00e9p nh\u1ef1a \u0111\u1ea7y \u0111\u1ee7 c\u00e1c h\u00e3ng theo y\u00eau c\u1ea7u nh\u01b0 Sumitomo, Nissei, Fanuc, JSW, Toshiba, Niigata, Sodick, Huyndai, Haitian,...\" \/>\n<meta name=\"robots\" content=\"index, follow, max-snippet:-1, max-image-preview:large, max-video-preview:-1\" \/>\n<link rel=\"canonical\" href=\"https:\/\/asg.vn\/ja\/adapter-cho-may-ep-nhua\/\" \/>\n<meta property=\"og:locale\" content=\"ja_JP\" \/>\n<meta property=\"og:type\" content=\"article\" \/>\n<meta property=\"og:title\" content=\"Adapter cho m\u00e1y \u00e9p nh\u1ef1a - C\u00f4ng ty TNHH ASG\" \/>\n<meta property=\"og:description\" content=\"Adapter cho m\u00e1y \u00e9p nh\u1ef1a \u0111\u1ea7y \u0111\u1ee7 c\u00e1c h\u00e3ng theo y\u00eau c\u1ea7u nh\u01b0 Sumitomo, Nissei, Fanuc, JSW, Toshiba, Niigata, Sodick, Huyndai, Haitian,...\" \/>\n<meta property=\"og:url\" content=\"https:\/\/asg.vn\/ja\/adapter-cho-may-ep-nhua\/\" \/>\n<meta property=\"og:site_name\" content=\"C\u00f4ng ty TNHH ASG\" \/>\n<meta property=\"article:publisher\" content=\"https:\/\/www.facebook.com\/congtyasgvietnam\" \/>\n<meta property=\"article:modified_time\" content=\"2024-05-30T09:15:01+00:00\" \/>\n<meta property=\"og:image\" content=\"https:\/\/asg.vn\/wp-content\/uploads\/2023\/04\/images.jpg\" \/>\n\t<meta property=\"og:image:width\" content=\"275\" \/>\n\t<meta property=\"og:image:height\" content=\"277\" \/>\n\t<meta property=\"og:image:type\" content=\"image\/jpeg\" \/>\n<meta name=\"twitter:card\" content=\"summary_large_image\" \/>\n<meta name=\"twitter:label1\" content=\"\u63a8\u5b9a\u8aad\u307f\u53d6\u308a\u6642\u9593\" \/>\n\t<meta name=\"twitter:data1\" content=\"4\u5206\" \/>\n<script type=\"application\/ld+json\" class=\"yoast-schema-graph\">{\"@context\":\"https:\/\/schema.org\",\"@graph\":[{\"@type\":\"WebPage\",\"@id\":\"https:\/\/asg.vn\/ja\/adapter-cho-may-ep-nhua\/\",\"url\":\"https:\/\/asg.vn\/ja\/adapter-cho-may-ep-nhua\/\",\"name\":\"Adapter cho m\u00e1y \u00e9p nh\u1ef1a - C\u00f4ng ty TNHH ASG\",\"isPartOf\":{\"@id\":\"https:\/\/asg.vn\/ja\/#website\"},\"primaryImageOfPage\":{\"@id\":\"https:\/\/asg.vn\/ja\/adapter-cho-may-ep-nhua\/#primaryimage\"},\"image\":{\"@id\":\"https:\/\/asg.vn\/ja\/adapter-cho-may-ep-nhua\/#primaryimage\"},\"thumbnailUrl\":\"https:\/\/asg.vn\/wp-content\/uploads\/2023\/04\/images.jpg\",\"datePublished\":\"2023-04-05T09:40:48+00:00\",\"dateModified\":\"2024-05-30T09:15:01+00:00\",\"description\":\"Adapter cho m\u00e1y \u00e9p nh\u1ef1a \u0111\u1ea7y \u0111\u1ee7 c\u00e1c h\u00e3ng theo y\u00eau c\u1ea7u nh\u01b0 Sumitomo, Nissei, Fanuc, JSW, Toshiba, Niigata, Sodick, Huyndai, Haitian,...\",\"breadcrumb\":{\"@id\":\"https:\/\/asg.vn\/ja\/adapter-cho-may-ep-nhua\/#breadcrumb\"},\"inLanguage\":\"ja\",\"potentialAction\":[{\"@type\":\"ReadAction\",\"target\":[\"https:\/\/asg.vn\/ja\/adapter-cho-may-ep-nhua\/\"]}]},{\"@type\":\"ImageObject\",\"inLanguage\":\"ja\",\"@id\":\"https:\/\/asg.vn\/ja\/adapter-cho-may-ep-nhua\/#primaryimage\",\"url\":\"https:\/\/asg.vn\/wp-content\/uploads\/2023\/04\/images.jpg\",\"contentUrl\":\"https:\/\/asg.vn\/wp-content\/uploads\/2023\/04\/images.jpg\",\"width\":275,\"height\":277,\"caption\":\"Adapter cho m\u00e1y \u00e9p nh\u1ef1a\"},{\"@type\":\"BreadcrumbList\",\"@id\":\"https:\/\/asg.vn\/ja\/adapter-cho-may-ep-nhua\/#breadcrumb\",\"itemListElement\":[{\"@type\":\"ListItem\",\"position\":1,\"name\":\"Home\",\"item\":\"https:\/\/asg.vn\/ja\/\"},{\"@type\":\"ListItem\",\"position\":2,\"name\":\"Adapter cho m\u00e1y \u00e9p nh\u1ef1a\"}]},{\"@type\":\"WebSite\",\"@id\":\"https:\/\/asg.vn\/ja\/#website\",\"url\":\"https:\/\/asg.vn\/ja\/\",\"name\":\"C\u00f4ng ty TNHH ASG\",\"description\":\"Th\u00e0nh c\u00f4ng b\u1eb1ng s\u1ef1 t\u1eed t\u1ebf\",\"publisher\":{\"@id\":\"https:\/\/asg.vn\/ja\/#organization\"},\"potentialAction\":[{\"@type\":\"SearchAction\",\"target\":{\"@type\":\"EntryPoint\",\"urlTemplate\":\"https:\/\/asg.vn\/ja\/?s={search_term_string}\"},\"query-input\":\"required name=search_term_string\"}],\"inLanguage\":\"ja\"},{\"@type\":\"Organization\",\"@id\":\"https:\/\/asg.vn\/ja\/#organization\",\"name\":\"C\u00f4ng ty TNHH ASG\",\"url\":\"https:\/\/asg.vn\/ja\/\",\"logo\":{\"@type\":\"ImageObject\",\"inLanguage\":\"ja\",\"@id\":\"https:\/\/asg.vn\/ja\/#\/schema\/logo\/image\/\",\"url\":\"https:\/\/asg.vn\/wp-content\/uploads\/2023\/03\/z4110917483185_83f9ec26924715fb77663fd2b8bef540.jpg\",\"contentUrl\":\"https:\/\/asg.vn\/wp-content\/uploads\/2023\/03\/z4110917483185_83f9ec26924715fb77663fd2b8bef540.jpg\",\"width\":1038,\"height\":324,\"caption\":\"C\u00f4ng ty TNHH ASG\"},\"image\":{\"@id\":\"https:\/\/asg.vn\/ja\/#\/schema\/logo\/image\/\"},\"sameAs\":[\"https:\/\/www.facebook.com\/congtyasgvietnam\"]}]}<\/script>\n<!-- \/ Yoast SEO plugin. -->","yoast_head_json":{"title":"Adapter cho m\u00e1y \u00e9p nh\u1ef1a - C\u00f4ng ty TNHH ASG","description":"Adapter cho m\u00e1y \u00e9p nh\u1ef1a \u0111\u1ea7y \u0111\u1ee7 c\u00e1c h\u00e3ng theo y\u00eau c\u1ea7u nh\u01b0 Sumitomo, Nissei, Fanuc, JSW, Toshiba, Niigata, Sodick, Huyndai, Haitian,...","robots":{"index":"index","follow":"follow","max-snippet":"max-snippet:-1","max-image-preview":"max-image-preview:large","max-video-preview":"max-video-preview:-1"},"canonical":"https:\/\/asg.vn\/ja\/adapter-cho-may-ep-nhua\/","og_locale":"ja_JP","og_type":"article","og_title":"Adapter cho m\u00e1y \u00e9p nh\u1ef1a - C\u00f4ng ty TNHH ASG","og_description":"Adapter cho m\u00e1y \u00e9p nh\u1ef1a \u0111\u1ea7y \u0111\u1ee7 c\u00e1c h\u00e3ng theo y\u00eau c\u1ea7u nh\u01b0 Sumitomo, Nissei, Fanuc, JSW, Toshiba, Niigata, Sodick, Huyndai, Haitian,...","og_url":"https:\/\/asg.vn\/ja\/adapter-cho-may-ep-nhua\/","og_site_name":"C\u00f4ng ty TNHH ASG","article_publisher":"https:\/\/www.facebook.com\/congtyasgvietnam","article_modified_time":"2024-05-30T09:15:01+00:00","og_image":[{"width":275,"height":277,"url":"https:\/\/asg.vn\/wp-content\/uploads\/2023\/04\/images.jpg","type":"image\/jpeg"}],"twitter_card":"summary_large_image","twitter_misc":{"\u63a8\u5b9a\u8aad\u307f\u53d6\u308a\u6642\u9593":"4\u5206"},"schema":{"@context":"https:\/\/schema.org","@graph":[{"@type":"WebPage","@id":"https:\/\/asg.vn\/ja\/adapter-cho-may-ep-nhua\/","url":"https:\/\/asg.vn\/ja\/adapter-cho-may-ep-nhua\/","name":"Adapter cho m\u00e1y \u00e9p nh\u1ef1a - C\u00f4ng ty TNHH ASG","isPartOf":{"@id":"https:\/\/asg.vn\/ja\/#website"},"primaryImageOfPage":{"@id":"https:\/\/asg.vn\/ja\/adapter-cho-may-ep-nhua\/#primaryimage"},"image":{"@id":"https:\/\/asg.vn\/ja\/adapter-cho-may-ep-nhua\/#primaryimage"},"thumbnailUrl":"https:\/\/asg.vn\/wp-content\/uploads\/2023\/04\/images.jpg","datePublished":"2023-04-05T09:40:48+00:00","dateModified":"2024-05-30T09:15:01+00:00","description":"Adapter cho m\u00e1y \u00e9p nh\u1ef1a \u0111\u1ea7y \u0111\u1ee7 c\u00e1c h\u00e3ng theo y\u00eau c\u1ea7u nh\u01b0 Sumitomo, Nissei, Fanuc, JSW, Toshiba, Niigata, Sodick, Huyndai, Haitian,...","breadcrumb":{"@id":"https:\/\/asg.vn\/ja\/adapter-cho-may-ep-nhua\/#breadcrumb"},"inLanguage":"ja","potentialAction":[{"@type":"ReadAction","target":["https:\/\/asg.vn\/ja\/adapter-cho-may-ep-nhua\/"]}]},{"@type":"ImageObject","inLanguage":"ja","@id":"https:\/\/asg.vn\/ja\/adapter-cho-may-ep-nhua\/#primaryimage","url":"https:\/\/asg.vn\/wp-content\/uploads\/2023\/04\/images.jpg","contentUrl":"https:\/\/asg.vn\/wp-content\/uploads\/2023\/04\/images.jpg","width":275,"height":277,"caption":"Adapter cho m\u00e1y \u00e9p nh\u1ef1a"},{"@type":"BreadcrumbList","@id":"https:\/\/asg.vn\/ja\/adapter-cho-may-ep-nhua\/#breadcrumb","itemListElement":[{"@type":"ListItem","position":1,"name":"Home","item":"https:\/\/asg.vn\/ja\/"},{"@type":"ListItem","position":2,"name":"Adapter cho m\u00e1y \u00e9p nh\u1ef1a"}]},{"@type":"WebSite","@id":"https:\/\/asg.vn\/ja\/#website","url":"https:\/\/asg.vn\/ja\/","name":"C\u00f4ng ty TNHH ASG","description":"Th\u00e0nh c\u00f4ng b\u1eb1ng s\u1ef1 t\u1eed t\u1ebf","publisher":{"@id":"https:\/\/asg.vn\/ja\/#organization"},"potentialAction":[{"@type":"SearchAction","target":{"@type":"EntryPoint","urlTemplate":"https:\/\/asg.vn\/ja\/?s={search_term_string}"},"query-input":"required name=search_term_string"}],"inLanguage":"ja"},{"@type":"Organization","@id":"https:\/\/asg.vn\/ja\/#organization","name":"C\u00f4ng ty TNHH ASG","url":"https:\/\/asg.vn\/ja\/","logo":{"@type":"ImageObject","inLanguage":"ja","@id":"https:\/\/asg.vn\/ja\/#\/schema\/logo\/image\/","url":"https:\/\/asg.vn\/wp-content\/uploads\/2023\/03\/z4110917483185_83f9ec26924715fb77663fd2b8bef540.jpg","contentUrl":"https:\/\/asg.vn\/wp-content\/uploads\/2023\/03\/z4110917483185_83f9ec26924715fb77663fd2b8bef540.jpg","width":1038,"height":324,"caption":"C\u00f4ng ty TNHH ASG"},"image":{"@id":"https:\/\/asg.vn\/ja\/#\/schema\/logo\/image\/"},"sameAs":["https:\/\/www.facebook.com\/congtyasgvietnam"]}]}},"_links":{"self":[{"href":"https:\/\/asg.vn\/ja\/wp-json\/wp\/v2\/pages\/3174"}],"collection":[{"href":"https:\/\/asg.vn\/ja\/wp-json\/wp\/v2\/pages"}],"about":[{"href":"https:\/\/asg.vn\/ja\/wp-json\/wp\/v2\/types\/page"}],"author":[{"embeddable":true,"href":"https:\/\/asg.vn\/ja\/wp-json\/wp\/v2\/users\/24"}],"replies":[{"embeddable":true,"href":"https:\/\/asg.vn\/ja\/wp-json\/wp\/v2\/comments?post=3174"}],"version-history":[{"count":26,"href":"https:\/\/asg.vn\/ja\/wp-json\/wp\/v2\/pages\/3174\/revisions"}],"predecessor-version":[{"id":4770,"href":"https:\/\/asg.vn\/ja\/wp-json\/wp\/v2\/pages\/3174\/revisions\/4770"}],"wp:featuredmedia":[{"embeddable":true,"href":"https:\/\/asg.vn\/ja\/wp-json\/wp\/v2\/media\/3175"}],"wp:attachment":[{"href":"https:\/\/asg.vn\/ja\/wp-json\/wp\/v2\/media?parent=3174"}],"curies":[{"name":"wp","href":"https:\/\/api.w.org\/{rel}","templated":true}]}}