{"id":1293,"date":"2023-03-13T16:19:25","date_gmt":"2023-03-13T09:19:25","guid":{"rendered":"https:\/\/asg.vn\/?page_id=1293"},"modified":"2025-04-09T14:36:18","modified_gmt":"2025-04-09T07:36:18","slug":"lien-he","status":"publish","type":"page","link":"https:\/\/asg.vn\/ja\/lien-he\/","title":{"rendered":"LI\u00caN H\u1ec6"},"content":{"rendered":"<section class=\"section\" id=\"section_1149543969\">\n\t\t<div class=\"bg section-bg fill bg-fill bg-loaded bg-loaded\" >\n\n\t\t\t\n\t\t\t\n\t\t\t\n\n\t\t<\/div>\n\n\t\t\n\n\t\t<div class=\"section-content relative\">\n\t\t\t\n<div class=\"row\"  id=\"row-1542769586\">\n\n\t<div id=\"col-2010882984\" class=\"col medium-12 small-12 large-6\"  >\n\t\t\t\t<div class=\"col-inner\"  >\n\t\t\t\n\t\t\t\n<h1><span style=\"font-size: 120%;\">ASG Vietnam Engineering Company Limited<\/span><\/h1>\n<h3>\u3084\u3055\u3057\u3055\u3067\u6210\u529f\u3059\u308b<\/h3>\n<p>\u304a\u5ba2\u69d8\u306e\u3054\u6e80\u8db3\u304c\u79c1\u305f\u3061\u306e\u6700\u512a\u5148\u4e8b\u9805\u3067\u3059\u3002\u3054\u4e0d\u660e\u306a\u70b9\u3084\u3054\u8cea\u554f\u304c\u3054\u3056\u3044\u307e\u3057\u305f\u3089\u3001\u3069\u3046\u305e\u304a\u6c17\u8efd\u306b\u304a\u554f\u3044\u5408\u308f\u305b\u304f\u3060\u3055\u3044\u3002\u7686\u69d8\u304b\u3089\u306e\u3054\u610f\u898b\u30fb\u3054\u611f\u60f3\u3092\u5fc3\u3088\u308a\u304a\u5f85\u3061\u3057\u3066\u304a\u308a\u307e\u3059\u3002<\/p>\n<p><strong>Tr\u1ee5 s\u1edf ch\u00ednh:<\/strong>\u00a0\u30cf\u30ce\u30a4\u5e02\u30d5\u30a1\u30a4\u30c7\u30e5\u30c3\u30af\u770c\u30c0\u30c3\u30af\u30bd\u30fc\u753a\u30c0\u30c3\u30af\u30bd\u30fc\u5de5\u696d\u56e3\u5730<br \/>\n<strong>\u30db\u30fc\u30c1\u30df\u30f3\u5e02\u652f\u5e97<\/strong> T18 &#8211; T17 Vinhome Grand Park, Tp. Th\u1ee7 \u0110\u1ee9c, HCM.<br \/>\n<strong>\u65e5\u672c\u652f\u5e97:<\/strong>\u00a01-16-8-503 Gokenya Tondabayashi, th\u00e0nh ph\u1ed1 Osaka, Nh\u1eadt B\u1ea3n.<\/p>\n<h3>\u79c1\u305f\u3061\u306f\u3044\u3064\u3067\u3082\u7686\u69d8\u306e\u58f0\u306b\u8033\u3092\u50be\u3051\u308b\u6e96\u5099\u304c\u3067\u304d\u3066\u3044\u307e\u3059\u3002<\/h3>\n<ul>\n<li>Tel: 1800 2200<\/li>\n<li>Email: info@asg.vn<\/li>\n<\/ul>\n<p><img loading=\"lazy\" decoding=\"async\" class=\"alignnone size-full wp-image-4840\" src=\"https:\/\/asg.vn\/wp-content\/uploads\/2025\/04\/z6487783781057_8137576203f042b49aa54e789ec35ee6.jpg\" alt=\"\" width=\"2543\" height=\"1904\" srcset=\"https:\/\/asg.vn\/wp-content\/uploads\/2025\/04\/z6487783781057_8137576203f042b49aa54e789ec35ee6.jpg 2543w, https:\/\/asg.vn\/wp-content\/uploads\/2025\/04\/z6487783781057_8137576203f042b49aa54e789ec35ee6-768x575.jpg 768w, https:\/\/asg.vn\/wp-content\/uploads\/2025\/04\/z6487783781057_8137576203f042b49aa54e789ec35ee6-1536x1150.jpg 1536w, https:\/\/asg.vn\/wp-content\/uploads\/2025\/04\/z6487783781057_8137576203f042b49aa54e789ec35ee6-2048x1533.jpg 2048w, https:\/\/asg.vn\/wp-content\/uploads\/2025\/04\/z6487783781057_8137576203f042b49aa54e789ec35ee6-16x12.jpg 16w\" sizes=\"(max-width: 2543px) 100vw, 2543px\" \/><\/p>\n\t\t<\/div>\n\t\t\t\t\t<\/div>\n\n\t\n\n\t<div id=\"col-48546334\" class=\"col form-col medium-12 small-12 large-6\"  >\n\t\t\t\t<div class=\"col-inner\"  >\n\t\t\t\n\t\t\t\n<h2>General question about ASG<\/h2>\n<p>We are happy to help you with your request<\/p>\n\n<div class=\"wpcf7 no-js\" id=\"wpcf7-f4824-o1\" lang=\"vi\" dir=\"ltr\">\n<div class=\"screen-reader-response\"><p role=\"status\" aria-live=\"polite\" aria-atomic=\"true\"><\/p> <ul><\/ul><\/div>\n<form action=\"\/ja\/wp-json\/wp\/v2\/pages\/1293#wpcf7-f4824-o1\" method=\"post\" class=\"wpcf7-form init\" aria-label=\"Form li\u00ean h\u1ec7\" novalidate=\"novalidate\" data-status=\"init\" data-trp-original-action=\"\/ja\/wp-json\/wp\/v2\/pages\/1293#wpcf7-f4824-o1\">\n<div style=\"display: none;\">\n<input type=\"hidden\" name=\"_wpcf7\" value=\"4824\" \/>\n<input type=\"hidden\" name=\"_wpcf7_version\" value=\"5.9.3\" \/>\n<input type=\"hidden\" name=\"_wpcf7_locale\" value=\"vi\" \/>\n<input type=\"hidden\" name=\"_wpcf7_unit_tag\" value=\"wpcf7-f4824-o1\" \/>\n<input type=\"hidden\" name=\"_wpcf7_container_post\" value=\"0\" \/>\n<input type=\"hidden\" name=\"_wpcf7_posted_data_hash\" value=\"\" \/>\n<input type=\"hidden\" name=\"_wpcf7_recaptcha_response\" value=\"\" \/>\n<\/div>\n<p><span class=\"wpcf7-form-control-wrap\" data-name=\"customer-name\"><input size=\"40\" class=\"wpcf7-form-control wpcf7-text wpcf7-validates-as-required\" aria-required=\"true\" aria-invalid=\"false\" placeholder=\"Full Name*\" value=\"\" type=\"text\" name=\"customer-name\" \/><\/span><br \/>\n<span class=\"wpcf7-form-control-wrap\" data-name=\"customer-company\"><input size=\"40\" class=\"wpcf7-form-control wpcf7-text wpcf7-validates-as-required\" aria-required=\"true\" aria-invalid=\"false\" placeholder=\"Company*\" value=\"\" type=\"text\" name=\"customer-company\" \/><\/span><br \/>\n<span class=\"wpcf7-form-control-wrap\" data-name=\"customer-country\"><input size=\"40\" class=\"wpcf7-form-control wpcf7-text wpcf7-validates-as-required\" aria-required=\"true\" aria-invalid=\"false\" placeholder=\"Country*\" value=\"\" type=\"text\" name=\"customer-country\" \/><\/span><br \/>\n<span class=\"wpcf7-form-control-wrap\" data-name=\"customer-email\"><input size=\"40\" class=\"wpcf7-form-control wpcf7-email wpcf7-validates-as-required wpcf7-text wpcf7-validates-as-email\" aria-required=\"true\" aria-invalid=\"false\" placeholder=\"Email*\" value=\"\" type=\"email\" name=\"customer-email\" \/><\/span><br \/>\n<span class=\"wpcf7-form-control-wrap\" data-name=\"customer-phone\"><input size=\"40\" class=\"wpcf7-form-control wpcf7-tel wpcf7-validates-as-required wpcf7-text wpcf7-validates-as-tel\" aria-required=\"true\" aria-invalid=\"false\" placeholder=\"Phone*\" value=\"\" type=\"tel\" name=\"customer-phone\" \/><\/span><br \/>\n<span class=\"wpcf7-form-control-wrap\" data-name=\"customer-messanger\"><textarea cols=\"40\" rows=\"10\" class=\"wpcf7-form-control wpcf7-textarea wpcf7-validates-as-required\" aria-required=\"true\" aria-invalid=\"false\" placeholder=\"Message*\" name=\"customer-messanger\"><\/textarea><\/span><br \/>\n<span class=\"wpcf7-form-control-wrap\" data-name=\"acceptance-118\"><span class=\"wpcf7-form-control wpcf7-acceptance\"><span class=\"wpcf7-list-item\"><label><input type=\"checkbox\" name=\"acceptance-118\" value=\"1\" aria-invalid=\"false\" \/><span class=\"wpcf7-list-item-label\">I have taken note of the data protection notice.<\/span><\/label><\/span><\/span><\/span><br \/>\n<input class=\"wpcf7-form-control wpcf7-submit has-spinner\" type=\"submit\" value=\"G\u1eedi\" \/>\n<\/p><div class=\"wpcf7-response-output\" aria-hidden=\"true\"><\/div>\n<input type=\"hidden\" name=\"trp-form-language\" value=\"ja\"\/><\/form>\n<\/div>\n\n\t\t<\/div>\n\t\t\t\t\t<\/div>\n\n\t\n<\/div>\n\t\t<\/div>\n\n\t\t\n<style>\n#section_1149543969 {\n  padding-top: 30px;\n  padding-bottom: 30px;\n}\n<\/style>\n\t<\/section>","protected":false},"excerpt":{"rendered":"","protected":false},"author":24,"featured_media":968,"parent":0,"menu_order":0,"comment_status":"closed","ping_status":"closed","template":"","meta":{"inline_featured_image":false,"footnotes":""},"yoast_head":"<!-- This site is optimized with the Yoast SEO plugin v22.5 - https:\/\/yoast.com\/wordpress\/plugins\/seo\/ -->\n<title>LI\u00caN H\u1ec6 - C\u00f4ng ty TNHH ASG<\/title>\n<meta name=\"description\" content=\"Cung c\u1ea5p m\u1ed9t c\u00e1ch ti\u1ebfp c\u1eadn d\u1ec5 d\u00e0ng \u0111\u1ec3 li\u00ean h\u1ec7 v\u1edbi ch\u00fang t\u00f4i v\u1ec1 c\u00e1c y\u00eau c\u1ea7u, c\u00e2u h\u1ecfi ho\u1eb7c ph\u1ea3n h\u1ed3i c\u1ee7a b\u1ea1n. Ch\u00fang t\u00f4i r\u1ea5t mong ch\u1edd b\u1ea1n.\" \/>\n<meta name=\"robots\" content=\"index, follow, max-snippet:-1, max-image-preview:large, max-video-preview:-1\" \/>\n<link rel=\"canonical\" href=\"https:\/\/asg.vn\/ja\/lien-he\/\" \/>\n<meta property=\"og:locale\" content=\"ja_JP\" \/>\n<meta property=\"og:type\" content=\"article\" \/>\n<meta property=\"og:title\" content=\"LI\u00caN H\u1ec6 - C\u00f4ng ty TNHH ASG\" \/>\n<meta property=\"og:description\" content=\"Cung c\u1ea5p m\u1ed9t c\u00e1ch ti\u1ebfp c\u1eadn d\u1ec5 d\u00e0ng \u0111\u1ec3 li\u00ean h\u1ec7 v\u1edbi ch\u00fang t\u00f4i v\u1ec1 c\u00e1c y\u00eau c\u1ea7u, c\u00e2u h\u1ecfi ho\u1eb7c ph\u1ea3n h\u1ed3i c\u1ee7a b\u1ea1n. Ch\u00fang t\u00f4i r\u1ea5t mong ch\u1edd b\u1ea1n.\" \/>\n<meta property=\"og:url\" content=\"https:\/\/asg.vn\/ja\/lien-he\/\" \/>\n<meta property=\"og:site_name\" content=\"C\u00f4ng ty TNHH ASG\" \/>\n<meta property=\"article:publisher\" content=\"https:\/\/www.facebook.com\/congtyasgvietnam\" \/>\n<meta property=\"article:modified_time\" content=\"2025-04-09T07:36:18+00:00\" \/>\n<meta property=\"og:image\" content=\"https:\/\/asg.vn\/wp-content\/uploads\/2023\/03\/Cong-ty-TNHH-ASG.jpg\" \/>\n\t<meta property=\"og:image:width\" content=\"2543\" \/>\n\t<meta property=\"og:image:height\" content=\"1904\" \/>\n\t<meta property=\"og:image:type\" content=\"image\/jpeg\" \/>\n<meta name=\"twitter:card\" content=\"summary_large_image\" \/>\n<meta name=\"twitter:label1\" content=\"\u63a8\u5b9a\u8aad\u307f\u53d6\u308a\u6642\u9593\" \/>\n\t<meta name=\"twitter:data1\" content=\"2\u5206\" \/>\n<script type=\"application\/ld+json\" class=\"yoast-schema-graph\">{\"@context\":\"https:\/\/schema.org\",\"@graph\":[{\"@type\":\"WebPage\",\"@id\":\"https:\/\/asg.vn\/lien-he\/\",\"url\":\"https:\/\/asg.vn\/lien-he\/\",\"name\":\"LI\u00caN H\u1ec6 - C\u00f4ng ty TNHH ASG\",\"isPartOf\":{\"@id\":\"https:\/\/asg.vn\/ja\/#website\"},\"primaryImageOfPage\":{\"@id\":\"https:\/\/asg.vn\/lien-he\/#primaryimage\"},\"image\":{\"@id\":\"https:\/\/asg.vn\/lien-he\/#primaryimage\"},\"thumbnailUrl\":\"https:\/\/asg.vn\/wp-content\/uploads\/2023\/03\/Cong-ty-TNHH-ASG.jpg\",\"datePublished\":\"2023-03-13T09:19:25+00:00\",\"dateModified\":\"2025-04-09T07:36:18+00:00\",\"description\":\"Cung c\u1ea5p m\u1ed9t c\u00e1ch ti\u1ebfp c\u1eadn d\u1ec5 d\u00e0ng \u0111\u1ec3 li\u00ean h\u1ec7 v\u1edbi ch\u00fang t\u00f4i v\u1ec1 c\u00e1c y\u00eau c\u1ea7u, c\u00e2u h\u1ecfi ho\u1eb7c ph\u1ea3n h\u1ed3i c\u1ee7a b\u1ea1n. Ch\u00fang t\u00f4i r\u1ea5t mong ch\u1edd b\u1ea1n.\",\"breadcrumb\":{\"@id\":\"https:\/\/asg.vn\/lien-he\/#breadcrumb\"},\"inLanguage\":\"ja\",\"potentialAction\":[{\"@type\":\"ReadAction\",\"target\":[\"https:\/\/asg.vn\/lien-he\/\"]}]},{\"@type\":\"ImageObject\",\"inLanguage\":\"ja\",\"@id\":\"https:\/\/asg.vn\/lien-he\/#primaryimage\",\"url\":\"https:\/\/asg.vn\/wp-content\/uploads\/2023\/03\/Cong-ty-TNHH-ASG.jpg\",\"contentUrl\":\"https:\/\/asg.vn\/wp-content\/uploads\/2023\/03\/Cong-ty-TNHH-ASG.jpg\",\"width\":2543,\"height\":1904,\"caption\":\"C\u00f4ng ty TNHH ASG Vi\u1ec7t Nam\"},{\"@type\":\"BreadcrumbList\",\"@id\":\"https:\/\/asg.vn\/lien-he\/#breadcrumb\",\"itemListElement\":[{\"@type\":\"ListItem\",\"position\":1,\"name\":\"Home\",\"item\":\"https:\/\/asg.vn\/ja\/\"},{\"@type\":\"ListItem\",\"position\":2,\"name\":\"LI\u00caN H\u1ec6\"}]},{\"@type\":\"WebSite\",\"@id\":\"https:\/\/asg.vn\/ja\/#website\",\"url\":\"https:\/\/asg.vn\/ja\/\",\"name\":\"C\u00f4ng ty TNHH ASG\",\"description\":\"Th\u00e0nh c\u00f4ng b\u1eb1ng s\u1ef1 t\u1eed t\u1ebf\",\"publisher\":{\"@id\":\"https:\/\/asg.vn\/ja\/#organization\"},\"potentialAction\":[{\"@type\":\"SearchAction\",\"target\":{\"@type\":\"EntryPoint\",\"urlTemplate\":\"https:\/\/asg.vn\/ja\/?s={search_term_string}\"},\"query-input\":\"required name=search_term_string\"}],\"inLanguage\":\"ja\"},{\"@type\":\"Organization\",\"@id\":\"https:\/\/asg.vn\/ja\/#organization\",\"name\":\"C\u00f4ng ty TNHH ASG\",\"url\":\"https:\/\/asg.vn\/ja\/\",\"logo\":{\"@type\":\"ImageObject\",\"inLanguage\":\"ja\",\"@id\":\"https:\/\/asg.vn\/ja\/#\/schema\/logo\/image\/\",\"url\":\"https:\/\/asg.vn\/wp-content\/uploads\/2023\/03\/z4110917483185_83f9ec26924715fb77663fd2b8bef540.jpg\",\"contentUrl\":\"https:\/\/asg.vn\/wp-content\/uploads\/2023\/03\/z4110917483185_83f9ec26924715fb77663fd2b8bef540.jpg\",\"width\":1038,\"height\":324,\"caption\":\"C\u00f4ng ty TNHH ASG\"},\"image\":{\"@id\":\"https:\/\/asg.vn\/ja\/#\/schema\/logo\/image\/\"},\"sameAs\":[\"https:\/\/www.facebook.com\/congtyasgvietnam\"]}]}<\/script>\n<!-- \/ Yoast SEO plugin. -->","yoast_head_json":{"title":"LI\u00caN H\u1ec6 - C\u00f4ng ty TNHH ASG","description":"Cung c\u1ea5p m\u1ed9t c\u00e1ch ti\u1ebfp c\u1eadn d\u1ec5 d\u00e0ng \u0111\u1ec3 li\u00ean h\u1ec7 v\u1edbi ch\u00fang t\u00f4i v\u1ec1 c\u00e1c y\u00eau c\u1ea7u, c\u00e2u h\u1ecfi ho\u1eb7c ph\u1ea3n h\u1ed3i c\u1ee7a b\u1ea1n. Ch\u00fang t\u00f4i r\u1ea5t mong ch\u1edd b\u1ea1n.","robots":{"index":"index","follow":"follow","max-snippet":"max-snippet:-1","max-image-preview":"max-image-preview:large","max-video-preview":"max-video-preview:-1"},"canonical":"https:\/\/asg.vn\/ja\/lien-he\/","og_locale":"ja_JP","og_type":"article","og_title":"LI\u00caN H\u1ec6 - C\u00f4ng ty TNHH ASG","og_description":"Cung c\u1ea5p m\u1ed9t c\u00e1ch ti\u1ebfp c\u1eadn d\u1ec5 d\u00e0ng \u0111\u1ec3 li\u00ean h\u1ec7 v\u1edbi ch\u00fang t\u00f4i v\u1ec1 c\u00e1c y\u00eau c\u1ea7u, c\u00e2u h\u1ecfi ho\u1eb7c ph\u1ea3n h\u1ed3i c\u1ee7a b\u1ea1n. Ch\u00fang t\u00f4i r\u1ea5t mong ch\u1edd b\u1ea1n.","og_url":"https:\/\/asg.vn\/ja\/lien-he\/","og_site_name":"C\u00f4ng ty TNHH ASG","article_publisher":"https:\/\/www.facebook.com\/congtyasgvietnam","article_modified_time":"2025-04-09T07:36:18+00:00","og_image":[{"width":2543,"height":1904,"url":"https:\/\/asg.vn\/wp-content\/uploads\/2023\/03\/Cong-ty-TNHH-ASG.jpg","type":"image\/jpeg"}],"twitter_card":"summary_large_image","twitter_misc":{"\u63a8\u5b9a\u8aad\u307f\u53d6\u308a\u6642\u9593":"2\u5206"},"schema":{"@context":"https:\/\/schema.org","@graph":[{"@type":"WebPage","@id":"https:\/\/asg.vn\/lien-he\/","url":"https:\/\/asg.vn\/lien-he\/","name":"LI\u00caN H\u1ec6 - C\u00f4ng ty TNHH ASG","isPartOf":{"@id":"https:\/\/asg.vn\/ja\/#website"},"primaryImageOfPage":{"@id":"https:\/\/asg.vn\/lien-he\/#primaryimage"},"image":{"@id":"https:\/\/asg.vn\/lien-he\/#primaryimage"},"thumbnailUrl":"https:\/\/asg.vn\/wp-content\/uploads\/2023\/03\/Cong-ty-TNHH-ASG.jpg","datePublished":"2023-03-13T09:19:25+00:00","dateModified":"2025-04-09T07:36:18+00:00","description":"Cung c\u1ea5p m\u1ed9t c\u00e1ch ti\u1ebfp c\u1eadn d\u1ec5 d\u00e0ng \u0111\u1ec3 li\u00ean h\u1ec7 v\u1edbi ch\u00fang t\u00f4i v\u1ec1 c\u00e1c y\u00eau c\u1ea7u, c\u00e2u h\u1ecfi ho\u1eb7c ph\u1ea3n h\u1ed3i c\u1ee7a b\u1ea1n. Ch\u00fang t\u00f4i r\u1ea5t mong ch\u1edd b\u1ea1n.","breadcrumb":{"@id":"https:\/\/asg.vn\/lien-he\/#breadcrumb"},"inLanguage":"ja","potentialAction":[{"@type":"ReadAction","target":["https:\/\/asg.vn\/lien-he\/"]}]},{"@type":"ImageObject","inLanguage":"ja","@id":"https:\/\/asg.vn\/lien-he\/#primaryimage","url":"https:\/\/asg.vn\/wp-content\/uploads\/2023\/03\/Cong-ty-TNHH-ASG.jpg","contentUrl":"https:\/\/asg.vn\/wp-content\/uploads\/2023\/03\/Cong-ty-TNHH-ASG.jpg","width":2543,"height":1904,"caption":"C\u00f4ng ty TNHH ASG Vi\u1ec7t Nam"},{"@type":"BreadcrumbList","@id":"https:\/\/asg.vn\/lien-he\/#breadcrumb","itemListElement":[{"@type":"ListItem","position":1,"name":"Home","item":"https:\/\/asg.vn\/ja\/"},{"@type":"ListItem","position":2,"name":"LI\u00caN H\u1ec6"}]},{"@type":"WebSite","@id":"https:\/\/asg.vn\/ja\/#website","url":"https:\/\/asg.vn\/ja\/","name":"C\u00f4ng ty TNHH ASG","description":"Th\u00e0nh c\u00f4ng b\u1eb1ng s\u1ef1 t\u1eed t\u1ebf","publisher":{"@id":"https:\/\/asg.vn\/ja\/#organization"},"potentialAction":[{"@type":"SearchAction","target":{"@type":"EntryPoint","urlTemplate":"https:\/\/asg.vn\/ja\/?s={search_term_string}"},"query-input":"required name=search_term_string"}],"inLanguage":"ja"},{"@type":"Organization","@id":"https:\/\/asg.vn\/ja\/#organization","name":"C\u00f4ng ty TNHH ASG","url":"https:\/\/asg.vn\/ja\/","logo":{"@type":"ImageObject","inLanguage":"ja","@id":"https:\/\/asg.vn\/ja\/#\/schema\/logo\/image\/","url":"https:\/\/asg.vn\/wp-content\/uploads\/2023\/03\/z4110917483185_83f9ec26924715fb77663fd2b8bef540.jpg","contentUrl":"https:\/\/asg.vn\/wp-content\/uploads\/2023\/03\/z4110917483185_83f9ec26924715fb77663fd2b8bef540.jpg","width":1038,"height":324,"caption":"C\u00f4ng ty TNHH ASG"},"image":{"@id":"https:\/\/asg.vn\/ja\/#\/schema\/logo\/image\/"},"sameAs":["https:\/\/www.facebook.com\/congtyasgvietnam"]}]}},"_links":{"self":[{"href":"https:\/\/asg.vn\/ja\/wp-json\/wp\/v2\/pages\/1293"}],"collection":[{"href":"https:\/\/asg.vn\/ja\/wp-json\/wp\/v2\/pages"}],"about":[{"href":"https:\/\/asg.vn\/ja\/wp-json\/wp\/v2\/types\/page"}],"author":[{"embeddable":true,"href":"https:\/\/asg.vn\/ja\/wp-json\/wp\/v2\/users\/24"}],"replies":[{"embeddable":true,"href":"https:\/\/asg.vn\/ja\/wp-json\/wp\/v2\/comments?post=1293"}],"version-history":[{"count":101,"href":"https:\/\/asg.vn\/ja\/wp-json\/wp\/v2\/pages\/1293\/revisions"}],"predecessor-version":[{"id":4846,"href":"https:\/\/asg.vn\/ja\/wp-json\/wp\/v2\/pages\/1293\/revisions\/4846"}],"wp:featuredmedia":[{"embeddable":true,"href":"https:\/\/asg.vn\/ja\/wp-json\/wp\/v2\/media\/968"}],"wp:attachment":[{"href":"https:\/\/asg.vn\/ja\/wp-json\/wp\/v2\/media?parent=1293"}],"curies":[{"name":"wp","href":"https:\/\/api.w.org\/{rel}","templated":true}]}}