{"id":75,"date":"2020-01-27T08:29:32","date_gmt":"2020-01-27T01:29:32","guid":{"rendered":"https:\/\/demosites.io\/web-agency-gb\/?page_id=75"},"modified":"2024-05-28T14:29:51","modified_gmt":"2024-05-28T07:29:51","slug":"dia-chi-lien-he","status":"publish","type":"page","link":"https:\/\/asg.vn\/id\/dia-chi-lien-he\/","title":{"rendered":"\u0110\u1ecaA CH\u1ec8 &#8211; LI\u00caN H\u1ec6"},"content":{"rendered":"<p><a href=\"#\">\u00a0<\/a><\/p>\n<h2>Tr\u1ee5 s\u1edf ch\u00ednh<\/h2>\n<p><img loading=\"lazy\" decoding=\"async\" src=\"https:\/\/asg.vn\/wp-content\/uploads\/2023\/03\/xi-lanh-truc-vit-ASG-cong-ty-1024x683.jpg\" sizes=\"(max-width: 1024px) 100vw, 1024px\" srcset=\"https:\/\/asg.vn\/wp-content\/uploads\/2023\/03\/xi-lanh-truc-vit-ASG-cong-ty-1024x683.jpg 1024w, https:\/\/asg.vn\/wp-content\/uploads\/2023\/03\/xi-lanh-truc-vit-ASG-cong-ty-300x200.jpg 300w, https:\/\/asg.vn\/wp-content\/uploads\/2023\/03\/xi-lanh-truc-vit-ASG-cong-ty-768x512.jpg 768w, https:\/\/asg.vn\/wp-content\/uploads\/2023\/03\/xi-lanh-truc-vit-ASG-cong-ty-1536x1024.jpg 1536w, https:\/\/asg.vn\/wp-content\/uploads\/2023\/03\/xi-lanh-truc-vit-ASG-cong-ty-930x620.jpg 930w, https:\/\/asg.vn\/wp-content\/uploads\/2023\/03\/xi-lanh-truc-vit-ASG-cong-ty.jpg 1920w\" alt=\"xi lanh truc vit ASG\" width=\"1024\" height=\"683\" \/><\/p>\n<p><strong>ALAMAT:<\/strong><\/p>\n<p>Kawasan Industri Dac So,  Komune Dac So, Distrik Hoai Duc, Ibu kota Hanoi, Vietnam.<\/p>\n<p><strong>TELEPON:<\/strong><\/p>\n<p>024 &#8211; 3351 9980<\/p>\n<p><strong>ARAHAN:<\/strong><\/p>\n<p>\u2022 Mengikuti Jalan Tol Thang Long, arah ke Hoa Lac. Belok kanan di tanggul Song Phuong, ikuti Jalan Nguyen Viet Thu, belok kiri ke kawasan industri Dac So.<\/p>\n<p>\u2022 Gunakan Google Maps, ketik kata kunci ASG TECHNOLOGY VIETNAM COMPANY LIMITED (atau ASG TECHNOLOGY) dan ikuti petunjuk.<\/p>\n<p><iframe title=\"ASG technology\" src=\"https:\/\/maps.google.com\/maps?q=ASG%20technology&amp;t=m&amp;z=16&amp;output=embed&amp;iwloc=near\" aria-label=\"ASG technology\"><\/iframe><br \/><a href=\"#\"><br \/><\/a><\/p>\n<h2>Chi nh\u00e1nh H\u1ed3 Ch\u00ed Minh<\/h2>\n<p>\u00a0<\/p>\n<p><strong>ALAMAT:<\/strong><\/p>\n<p>S\u1ed1 101 \u0110\u01b0\u1eddng D2, Ph\u01b0\u1eddng T\u0103ng Nh\u01a1n Ph\u00fa A, TP Th\u1ee7 \u0110\u1ee9c, H\u1ed3 Ch\u00ed Minh.<\/p>\n<p><strong>TELEPON:<\/strong><\/p>\n<p>0944 21 88 11<\/p>\n<p><strong>ARAHAN:<\/strong><\/p>\n<ul style=\"margin-top: 4px; margin-bottom: 4px; padding-inline-start: 36px; color: #1f1f1f; font-family: 'Google Sans', 'Helvetica Neue', sans-serif; font-size: 16px;\" data-sourcepos=\"7:1-11:0\">\n<li style=\"margin-bottom: 10px;\" data-sourcepos=\"7:1-7:84\">Dari pusat Kota Ho Chi Minh, ikuti jalan Mai Chi Tho ke arah Distrik 9.<\/li>\n<li style=\"margin-bottom: 10px;\" data-sourcepos=\"8:1-8:87\">Setelah melewati jembatan Phu My, teruslah di jalan Mai Chi Tho sampai ke bundaran Phu Huu.<\/li>\n<li style=\"margin-bottom: 10px;\" data-sourcepos=\"9:1-9:50\">Di bundaran Phu Huu, belok kiri ke jalan D2.<\/li>\n<li style=\"margin-bottom: 10px;\" data-sourcepos=\"10:1-11:0\">Lanjutkan lurus di jalan D2 sekitar 1,5km, Anda akan melihat alamat 101 \u0110. D2 di sebelah kiri.<\/li>\n<\/ul>\n<p><iframe title=\"S\u1ed1 101 \u0111\u01b0\u1eddng D2, ph\u01b0\u1eddng T\u0103ng Nh\u01a1n Ph\u00fa A, Tp Th\u1ee7 \u0110\u1ee9c, Hcm\" src=\"https:\/\/maps.google.com\/maps?q=S%E1%BB%91%20101%20%C4%91%C6%B0%E1%BB%9Dng%20D2%2C%20ph%C6%B0%E1%BB%9Dng%20T%C4%83ng%20Nh%C6%A1n%20Ph%C3%BA%20A%2C%20Tp%20Th%E1%BB%A7%20%C4%90%E1%BB%A9c%2C%20Hcm&amp;t=m&amp;z=16&amp;output=embed&amp;iwloc=near\" aria-label=\"S\u1ed1 101 \u0111\u01b0\u1eddng D2, ph\u01b0\u1eddng T\u0103ng Nh\u01a1n Ph\u00fa A, Tp Th\u1ee7 \u0110\u1ee9c, Hcm\"><\/iframe><br \/><a href=\"#\"><br \/><\/a><\/p>\n<h2>KANTOR CABANG JEPANG<\/h2>\n<p><strong>ALAMAT:<\/strong><\/p>\n<p>1-ch\u014dme-16-8 Gokenya, Tondabayashi, Kota Osaka, Jepang.<\/p>\n<p><strong>TELEPON:<\/strong><\/p>\n<p>+81-90-6050-0903<\/p>\n<p><strong>ARAHAN:<\/strong><\/p>\n<p>\u2022 Berjarak 1km berjalan kaki dari Danau Otori.<\/p>\n<p>\u2022 Berjarak 13km dari Balai Kota Sakai.<\/p>\n<p><iframe title=\"1-ch\u014dme-16-8 Gokenya, Tondabayashi, Osaka 584-0079, Nh\u1eadt B\u1ea3n\" src=\"https:\/\/maps.google.com\/maps?q=1-ch%C5%8Dme-16-8%20Gokenya%2C%20Tondabayashi%2C%20Osaka%20584-0079%2C%20Nh%E1%BA%ADt%20B%E1%BA%A3n&amp;t=m&amp;z=16&amp;output=embed&amp;iwloc=near\" aria-label=\"1-ch\u014dme-16-8 Gokenya, Tondabayashi, Osaka 584-0079, Nh\u1eadt B\u1ea3n\"><\/iframe><\/p>","protected":false},"excerpt":{"rendered":"<p>\u00a0 Tr\u1ee5 s\u1edf ch\u00ednh \u0110\u1ecaA CH\u1ec8: C\u1ee5m c\u00f4ng nghi\u1ec7p \u0110\u1eafc S\u1edf, x\u00e3 \u0110\u1eafc S\u1edf, huy\u1ec7n Ho\u00e0i \u0110\u1ee9c, H\u00e0 N\u1ed9i. \u0110I\u1ec6N THO\u1ea0I: 024 &#8211; 3351 9980 \u0110\u01af\u1edcNG \u0110I: \u2022\u00a0 \u0110i d\u1ecdc theo \u0111\u1ea1i l\u1ed9 th\u0103ng long, h\u01b0\u1edbng v\u1ec1 ph\u00eda H\u00f2a L\u1ea1c. R\u1ebd ph\u1ea3i \u1edf \u0111\u00ea Song Ph\u01b0\u01a1ng, \u0111i d\u1ecdc theo \u0111\u01b0\u1eddng Nguy\u1ec5n Vi\u1ebft Th\u1ee9, r\u1ebd tr\u00e1i&#8230;<\/p>","protected":false},"author":24,"featured_media":1152,"parent":0,"menu_order":0,"comment_status":"closed","ping_status":"closed","template":"","meta":{"inline_featured_image":false,"footnotes":""},"yoast_head":"<!-- This site is optimized with the Yoast SEO plugin v22.5 - https:\/\/yoast.com\/wordpress\/plugins\/seo\/ -->\n<title>\u0110\u1ecaA CH\u1ec8 - LI\u00caN H\u1ec6 - C\u00f4ng ty TNHH ASG<\/title>\n<meta name=\"description\" content=\"Gi\u1edbi thi\u1ec7u th\u00f4ng tin v\u1ec1 tr\u1ee5 s\u1edf ch\u00ednh, c\u00e1c chi nh\u00e1nh \u1edf H\u1ed3 Ch\u00ed Minh, Nh\u1eadt B\u1ea3n c\u1ee7a c\u00f4ng ty TNHH K\u1ef9 Thu\u1eadt ASG Vi\u1ec7t Nam.\" \/>\n<meta name=\"robots\" content=\"index, follow, max-snippet:-1, max-image-preview:large, max-video-preview:-1\" \/>\n<link rel=\"canonical\" href=\"https:\/\/asg.vn\/id\/dia-chi-lien-he\/\" \/>\n<meta property=\"og:locale\" content=\"id_ID\" \/>\n<meta property=\"og:type\" content=\"article\" \/>\n<meta property=\"og:title\" content=\"\u0110\u1ecaA CH\u1ec8 - LI\u00caN H\u1ec6 - C\u00f4ng ty TNHH ASG\" \/>\n<meta property=\"og:description\" content=\"Gi\u1edbi thi\u1ec7u th\u00f4ng tin v\u1ec1 tr\u1ee5 s\u1edf ch\u00ednh, c\u00e1c chi nh\u00e1nh \u1edf H\u1ed3 Ch\u00ed Minh, Nh\u1eadt B\u1ea3n c\u1ee7a c\u00f4ng ty TNHH K\u1ef9 Thu\u1eadt ASG Vi\u1ec7t Nam.\" \/>\n<meta property=\"og:url\" content=\"https:\/\/asg.vn\/id\/dia-chi-lien-he\/\" \/>\n<meta property=\"og:site_name\" content=\"C\u00f4ng ty TNHH ASG\" \/>\n<meta property=\"article:publisher\" content=\"https:\/\/www.facebook.com\/congtyasgvietnam\" \/>\n<meta property=\"article:modified_time\" content=\"2024-05-28T07:29:51+00:00\" \/>\n<meta property=\"og:image\" content=\"https:\/\/asg.vn\/wp-content\/uploads\/2023\/03\/xi-lanh-truc-vit-ASG-cong-ty.jpg\" \/>\n\t<meta property=\"og:image:width\" content=\"1920\" \/>\n\t<meta property=\"og:image:height\" content=\"1280\" \/>\n\t<meta property=\"og:image:type\" content=\"image\/jpeg\" \/>\n<meta name=\"twitter:card\" content=\"summary_large_image\" \/>\n<meta name=\"twitter:label1\" content=\"Estimasi waktu membaca\" \/>\n\t<meta name=\"twitter:data1\" content=\"2 menit\" \/>\n<script type=\"application\/ld+json\" class=\"yoast-schema-graph\">{\"@context\":\"https:\/\/schema.org\",\"@graph\":[{\"@type\":\"WebPage\",\"@id\":\"https:\/\/asg.vn\/vi\/dia-chi-lien-he\/\",\"url\":\"https:\/\/asg.vn\/vi\/dia-chi-lien-he\/\",\"name\":\"\u0110\u1ecaA CH\u1ec8 - LI\u00caN H\u1ec6 - C\u00f4ng ty TNHH ASG\",\"isPartOf\":{\"@id\":\"https:\/\/asg.vn\/ja\/#website\"},\"primaryImageOfPage\":{\"@id\":\"https:\/\/asg.vn\/vi\/dia-chi-lien-he\/#primaryimage\"},\"image\":{\"@id\":\"https:\/\/asg.vn\/vi\/dia-chi-lien-he\/#primaryimage\"},\"thumbnailUrl\":\"https:\/\/asg.vn\/wp-content\/uploads\/2023\/03\/xi-lanh-truc-vit-ASG-cong-ty.jpg\",\"datePublished\":\"2020-01-27T01:29:32+00:00\",\"dateModified\":\"2024-05-28T07:29:51+00:00\",\"description\":\"Gi\u1edbi thi\u1ec7u th\u00f4ng tin v\u1ec1 tr\u1ee5 s\u1edf ch\u00ednh, c\u00e1c chi nh\u00e1nh \u1edf H\u1ed3 Ch\u00ed Minh, Nh\u1eadt B\u1ea3n c\u1ee7a c\u00f4ng ty TNHH K\u1ef9 Thu\u1eadt ASG Vi\u1ec7t Nam.\",\"breadcrumb\":{\"@id\":\"https:\/\/asg.vn\/vi\/dia-chi-lien-he\/#breadcrumb\"},\"inLanguage\":\"id\",\"potentialAction\":[{\"@type\":\"ReadAction\",\"target\":[\"https:\/\/asg.vn\/vi\/dia-chi-lien-he\/\"]}]},{\"@type\":\"ImageObject\",\"inLanguage\":\"id\",\"@id\":\"https:\/\/asg.vn\/vi\/dia-chi-lien-he\/#primaryimage\",\"url\":\"https:\/\/asg.vn\/wp-content\/uploads\/2023\/03\/xi-lanh-truc-vit-ASG-cong-ty.jpg\",\"contentUrl\":\"https:\/\/asg.vn\/wp-content\/uploads\/2023\/03\/xi-lanh-truc-vit-ASG-cong-ty.jpg\",\"width\":1920,\"height\":1280,\"caption\":\"xi lanh truc vit ASG\"},{\"@type\":\"BreadcrumbList\",\"@id\":\"https:\/\/asg.vn\/vi\/dia-chi-lien-he\/#breadcrumb\",\"itemListElement\":[{\"@type\":\"ListItem\",\"position\":1,\"name\":\"Home\",\"item\":\"https:\/\/asg.vn\/ja\/\"},{\"@type\":\"ListItem\",\"position\":2,\"name\":\"\u0110\u1ecaA CH\u1ec8 &#8211; LI\u00caN H\u1ec6\"}]},{\"@type\":\"WebSite\",\"@id\":\"https:\/\/asg.vn\/ja\/#website\",\"url\":\"https:\/\/asg.vn\/ja\/\",\"name\":\"C\u00f4ng ty TNHH ASG\",\"description\":\"Th\u00e0nh c\u00f4ng b\u1eb1ng s\u1ef1 t\u1eed t\u1ebf\",\"publisher\":{\"@id\":\"https:\/\/asg.vn\/ja\/#organization\"},\"potentialAction\":[{\"@type\":\"SearchAction\",\"target\":{\"@type\":\"EntryPoint\",\"urlTemplate\":\"https:\/\/asg.vn\/ja\/?s={search_term_string}\"},\"query-input\":\"required name=search_term_string\"}],\"inLanguage\":\"id\"},{\"@type\":\"Organization\",\"@id\":\"https:\/\/asg.vn\/ja\/#organization\",\"name\":\"C\u00f4ng ty TNHH ASG\",\"url\":\"https:\/\/asg.vn\/ja\/\",\"logo\":{\"@type\":\"ImageObject\",\"inLanguage\":\"id\",\"@id\":\"https:\/\/asg.vn\/ja\/#\/schema\/logo\/image\/\",\"url\":\"https:\/\/asg.vn\/wp-content\/uploads\/2023\/03\/z4110917483185_83f9ec26924715fb77663fd2b8bef540.jpg\",\"contentUrl\":\"https:\/\/asg.vn\/wp-content\/uploads\/2023\/03\/z4110917483185_83f9ec26924715fb77663fd2b8bef540.jpg\",\"width\":1038,\"height\":324,\"caption\":\"C\u00f4ng ty TNHH ASG\"},\"image\":{\"@id\":\"https:\/\/asg.vn\/ja\/#\/schema\/logo\/image\/\"},\"sameAs\":[\"https:\/\/www.facebook.com\/congtyasgvietnam\"]}]}<\/script>\n<!-- \/ Yoast SEO plugin. -->","yoast_head_json":{"title":"\u0110\u1ecaA CH\u1ec8 - LI\u00caN H\u1ec6 - C\u00f4ng ty TNHH ASG","description":"Gi\u1edbi thi\u1ec7u th\u00f4ng tin v\u1ec1 tr\u1ee5 s\u1edf ch\u00ednh, c\u00e1c chi nh\u00e1nh \u1edf H\u1ed3 Ch\u00ed Minh, Nh\u1eadt B\u1ea3n c\u1ee7a c\u00f4ng ty TNHH K\u1ef9 Thu\u1eadt ASG Vi\u1ec7t Nam.","robots":{"index":"index","follow":"follow","max-snippet":"max-snippet:-1","max-image-preview":"max-image-preview:large","max-video-preview":"max-video-preview:-1"},"canonical":"https:\/\/asg.vn\/id\/dia-chi-lien-he\/","og_locale":"id_ID","og_type":"article","og_title":"\u0110\u1ecaA CH\u1ec8 - LI\u00caN H\u1ec6 - C\u00f4ng ty TNHH ASG","og_description":"Gi\u1edbi thi\u1ec7u th\u00f4ng tin v\u1ec1 tr\u1ee5 s\u1edf ch\u00ednh, c\u00e1c chi nh\u00e1nh \u1edf H\u1ed3 Ch\u00ed Minh, Nh\u1eadt B\u1ea3n c\u1ee7a c\u00f4ng ty TNHH K\u1ef9 Thu\u1eadt ASG Vi\u1ec7t Nam.","og_url":"https:\/\/asg.vn\/id\/dia-chi-lien-he\/","og_site_name":"C\u00f4ng ty TNHH ASG","article_publisher":"https:\/\/www.facebook.com\/congtyasgvietnam","article_modified_time":"2024-05-28T07:29:51+00:00","og_image":[{"width":1920,"height":1280,"url":"https:\/\/asg.vn\/wp-content\/uploads\/2023\/03\/xi-lanh-truc-vit-ASG-cong-ty.jpg","type":"image\/jpeg"}],"twitter_card":"summary_large_image","twitter_misc":{"Estimasi waktu membaca":"2 menit"},"schema":{"@context":"https:\/\/schema.org","@graph":[{"@type":"WebPage","@id":"https:\/\/asg.vn\/vi\/dia-chi-lien-he\/","url":"https:\/\/asg.vn\/vi\/dia-chi-lien-he\/","name":"\u0110\u1ecaA CH\u1ec8 - LI\u00caN H\u1ec6 - C\u00f4ng ty TNHH ASG","isPartOf":{"@id":"https:\/\/asg.vn\/ja\/#website"},"primaryImageOfPage":{"@id":"https:\/\/asg.vn\/vi\/dia-chi-lien-he\/#primaryimage"},"image":{"@id":"https:\/\/asg.vn\/vi\/dia-chi-lien-he\/#primaryimage"},"thumbnailUrl":"https:\/\/asg.vn\/wp-content\/uploads\/2023\/03\/xi-lanh-truc-vit-ASG-cong-ty.jpg","datePublished":"2020-01-27T01:29:32+00:00","dateModified":"2024-05-28T07:29:51+00:00","description":"Gi\u1edbi thi\u1ec7u th\u00f4ng tin v\u1ec1 tr\u1ee5 s\u1edf ch\u00ednh, c\u00e1c chi nh\u00e1nh \u1edf H\u1ed3 Ch\u00ed Minh, Nh\u1eadt B\u1ea3n c\u1ee7a c\u00f4ng ty TNHH K\u1ef9 Thu\u1eadt ASG Vi\u1ec7t Nam.","breadcrumb":{"@id":"https:\/\/asg.vn\/vi\/dia-chi-lien-he\/#breadcrumb"},"inLanguage":"id","potentialAction":[{"@type":"ReadAction","target":["https:\/\/asg.vn\/vi\/dia-chi-lien-he\/"]}]},{"@type":"ImageObject","inLanguage":"id","@id":"https:\/\/asg.vn\/vi\/dia-chi-lien-he\/#primaryimage","url":"https:\/\/asg.vn\/wp-content\/uploads\/2023\/03\/xi-lanh-truc-vit-ASG-cong-ty.jpg","contentUrl":"https:\/\/asg.vn\/wp-content\/uploads\/2023\/03\/xi-lanh-truc-vit-ASG-cong-ty.jpg","width":1920,"height":1280,"caption":"xi lanh truc vit ASG"},{"@type":"BreadcrumbList","@id":"https:\/\/asg.vn\/vi\/dia-chi-lien-he\/#breadcrumb","itemListElement":[{"@type":"ListItem","position":1,"name":"Home","item":"https:\/\/asg.vn\/ja\/"},{"@type":"ListItem","position":2,"name":"\u0110\u1ecaA CH\u1ec8 &#8211; LI\u00caN H\u1ec6"}]},{"@type":"WebSite","@id":"https:\/\/asg.vn\/ja\/#website","url":"https:\/\/asg.vn\/ja\/","name":"C\u00f4ng ty TNHH ASG","description":"Th\u00e0nh c\u00f4ng b\u1eb1ng s\u1ef1 t\u1eed t\u1ebf","publisher":{"@id":"https:\/\/asg.vn\/ja\/#organization"},"potentialAction":[{"@type":"SearchAction","target":{"@type":"EntryPoint","urlTemplate":"https:\/\/asg.vn\/ja\/?s={search_term_string}"},"query-input":"required name=search_term_string"}],"inLanguage":"id"},{"@type":"Organization","@id":"https:\/\/asg.vn\/ja\/#organization","name":"C\u00f4ng ty TNHH ASG","url":"https:\/\/asg.vn\/ja\/","logo":{"@type":"ImageObject","inLanguage":"id","@id":"https:\/\/asg.vn\/ja\/#\/schema\/logo\/image\/","url":"https:\/\/asg.vn\/wp-content\/uploads\/2023\/03\/z4110917483185_83f9ec26924715fb77663fd2b8bef540.jpg","contentUrl":"https:\/\/asg.vn\/wp-content\/uploads\/2023\/03\/z4110917483185_83f9ec26924715fb77663fd2b8bef540.jpg","width":1038,"height":324,"caption":"C\u00f4ng ty TNHH ASG"},"image":{"@id":"https:\/\/asg.vn\/ja\/#\/schema\/logo\/image\/"},"sameAs":["https:\/\/www.facebook.com\/congtyasgvietnam"]}]}},"_links":{"self":[{"href":"https:\/\/asg.vn\/id\/wp-json\/wp\/v2\/pages\/75"}],"collection":[{"href":"https:\/\/asg.vn\/id\/wp-json\/wp\/v2\/pages"}],"about":[{"href":"https:\/\/asg.vn\/id\/wp-json\/wp\/v2\/types\/page"}],"author":[{"embeddable":true,"href":"https:\/\/asg.vn\/id\/wp-json\/wp\/v2\/users\/24"}],"replies":[{"embeddable":true,"href":"https:\/\/asg.vn\/id\/wp-json\/wp\/v2\/comments?post=75"}],"version-history":[{"count":35,"href":"https:\/\/asg.vn\/id\/wp-json\/wp\/v2\/pages\/75\/revisions"}],"predecessor-version":[{"id":4714,"href":"https:\/\/asg.vn\/id\/wp-json\/wp\/v2\/pages\/75\/revisions\/4714"}],"wp:featuredmedia":[{"embeddable":true,"href":"https:\/\/asg.vn\/id\/wp-json\/wp\/v2\/media\/1152"}],"wp:attachment":[{"href":"https:\/\/asg.vn\/id\/wp-json\/wp\/v2\/media?parent=75"}],"curies":[{"name":"wp","href":"https:\/\/api.w.org\/{rel}","templated":true}]}}