{"id":4076,"date":"2024-03-09T13:15:25","date_gmt":"2024-03-09T06:15:25","guid":{"rendered":"https:\/\/asg.vn\/?page_id=4076"},"modified":"2024-05-27T14:21:32","modified_gmt":"2024-05-27T07:21:32","slug":"chung-nhan","status":"publish","type":"page","link":"https:\/\/asg.vn\/id\/gioi-thieu-cong-ty\/chung-nhan\/","title":{"rendered":"SERTIFIKAT"},"content":{"rendered":"<section class=\"section\" id=\"section_2089205952\">\n\t\t<div class=\"bg section-bg fill bg-fill bg-loaded bg-loaded\" >\n\n\t\t\t\n\t\t\t<div class=\"section-bg-overlay absolute fill\"><\/div>\n\t\t\t\n\n\t\t<\/div>\n\n\t\t\n\n\t\t<div class=\"section-content relative\">\n\t\t\t\n<div class=\"row\"  id=\"row-21505087\">\n\n\t<div id=\"col-195365157\" class=\"col cot34 medium-3 small-12 large-3\"  >\n\t\t<div class=\"is-sticky-column\"><div class=\"is-sticky-column__inner\">\t\t<div class=\"col-inner box-shadow-1\" style=\"background-color:rgb(255, 255, 255);\" >\n\t\t\t\n\t\t\t\n\t<div id=\"text-2548588460\" class=\"text\">\n\t\t\n<ul id=\"menu-cnav-comapny\" class=\"cnavList\">\n<li id=\"menu-item-27601\" class=\"menu-item menu-item-type-post_type menu-item-object-page current-menu-item page_item page-item-238 current_page_item menu-item-27601\"><a href=\"https:\/\/asg.vn\/id\/gioi-thieu-cong-ty\/\">TENTANG KAMI<\/a><\/li>\n<li id=\"menu-item-31203\" class=\"menu-item menu-item-type-post_type menu-item-object-page menu-item-31203\"><a href=\"https:\/\/asg.vn\/id\/gioi-thieu-cong-ty\/loi-cua-chu-tich\/\">PESAN PEMIMPIN PERUSAHAAN<\/a><\/li>\n<li id=\"menu-item-20630\" class=\"menu-item menu-item-type-post_type menu-item-object-page menu-item-20630\"><a href=\"https:\/\/asg.vn\/id\/gioi-thieu-cong-ty\/ho-so-cong-ty\/\">PROFIL PERUSAHAAN<\/a><\/li>\n<li><a href=\"https:\/\/asg.vn\/id\/gioi-thieu-cong-ty\/mang-luoi-khach-hang\/\">JARINGAN PELANGGAN<\/a><\/li>\n<li id=\"menu-item-20631\" class=\"menu-item menu-item-type-post_type menu-item-object-page menu-item-20631\"><a href=\"https:\/\/asg.vn\/id\/gioi-thieu-cong-ty\/lich-su-phat-trien\/\">SEJARAH PERKEMBANGAN<\/a><\/li>\n<li id=\"menu-item-20629\" class=\"menu-item menu-item-type-post_type menu-item-object-page menu-item-20629\"><a href=\"https:\/\/asg.vn\/id\/gioi-thieu-cong-ty\/tieu-chi-quan-ly\/\">KRITERIA MANAJEMEN<\/a><\/li>\n<li id=\"menu-item-30939\" class=\"menu-item menu-item-type-post_type menu-item-object-page menu-item-30939\"><a href=\"https:\/\/asg.vn\/id\/gioi-thieu-cong-ty\/bai-hat-cong-ty\/\">LAGU PERUSAHAAN<\/a><\/li>\n<li id=\"menu-item-20632\" class=\"menu-item menu-item-type-post_type menu-item-object-page menu-item-20632\"><strong><a href=\"https:\/\/asg.vn\/id\/gioi-thieu-cong-ty\/chung-nhan\/\">SERTIFIKAT<\/a><\/strong><\/li>\n<li id=\"menu-item-20634\" class=\"menu-item menu-item-type-post_type menu-item-object-page menu-item-20634\"><a href=\"https:\/\/asg.vn\/id\/gioi-thieu-cong-ty\/bao-mat-thong-tin\/\">KEAMANAN INFORMASI<\/a><\/li>\n<li id=\"menu-item-33098\" class=\"menu-item menu-item-type-post_type menu-item-object-page menu-item-33098\"><a href=\"https:\/\/asg.vn\/id\/gioi-thieu-cong-ty\/mang-luoi-toan-cau\/\">JARINGAN GLOBAL<\/a><\/li>\n<li id=\"menu-item-33099\" class=\"menu-item menu-item-type-post_type menu-item-object-page menu-item-33099\"><a href=\"https:\/\/asg.vn\/id\/gioi-thieu-cong-ty\/hoat-dong-moi-truong\/\">KEGIATAN LINGKUNGAN<\/a><\/li>\n<\/ul>\n\t\t\n<style>\n#text-2548588460 {\n  line-height: 2.45;\n}\n<\/style>\n\t<\/div>\n\t\n\t\t<\/div>\n\t\t<\/div><\/div>\t\t\n<style>\n#col-195365157 > .is-sticky-column > .is-sticky-column__inner > .col-inner {\n  padding: 20px 20px 20px 20px;\n}\n<\/style>\n\t<\/div>\n\n\t\n\n\t<div id=\"col-1059470564\" class=\"col coquanly medium-9 small-12 large-9\"  >\n\t\t\t\t<div class=\"col-inner\" style=\"background-color:rgb(255, 255, 255);\" >\n\t\t\t\n\t\t\t\n<div class=\"container section-title-container\" ><h2 class=\"section-title section-title-center\"><b><\/b><span class=\"section-title-main\" >SERTIFIKAT<\/span><b><\/b><\/h2><\/div>\n<div class=\"row align-middle\"  id=\"row-1688046125\">\n\n\t<div id=\"col-1676206442\" class=\"col medium-7 small-12 large-7\"  >\n\t\t\t\t<div class=\"col-inner\"  >\n\t\t\t\n\t\t\t\n<h2 id=\"\u5065\u5eb7\u7d4c\u55b6\u512a\u826f\u6cd5\u4eba2021\u306b\u8a8d\u5b9a\u3055\u308c\u307e\u3057\u305f\" class=\"wp-block-heading\">ISO 9001-2015<\/h2>\n<div class=\"is-divider divider clearfix\" style=\"height:6px;background-color:rgb(38, 56, 96);\"><\/div>\n<p><strong>ISO 9001<\/strong>\u00a0(singkatan dari ISO 9001:2015 - versi terbaru dari standar ISO 9001) adalah standar tentang Sistem Manajemen Mutu yang dikembangkan dan diterbitkan oleh Organisasi Internasional untuk Standardisasi pada tanggal 24 September 2015. Standar ini memiliki nama lengkap ISO 9001:2015 - Sistem Manajemen Mutu - Persyaratan. ISO 9001 menetapkan persyaratan yang digunakan sebagai kerangka untuk Sistem Manajemen Mutu. Standar ini juga digunakan untuk menilai kepatuhan sertifikasi terhadap Sistem Manajemen Mutu suatu organisasi.<\/p>\n\t\t<\/div>\n\t\t\t\t\t<\/div>\n\n\t\n\n\t<div id=\"col-1779932951\" class=\"col medium-5 small-12 large-5\"  >\n\t\t\t\t<div class=\"col-inner text-center\"  >\n\t\t\t\n\t\t\t\n\t<div class=\"img has-hover x md-x lg-x y md-y lg-y\" id=\"image_637089785\">\n\t\t\t\t\t\t\t\t<div class=\"img-inner dark\" >\n\t\t\t<img loading=\"lazy\" decoding=\"async\" width=\"1973\" height=\"2560\" src=\"https:\/\/asg.vn\/wp-content\/uploads\/2024\/03\/Cert_ASG_Issue-2_QMS_QVN1150-scaled.jpg\" class=\"attachment-original size-original\" alt=\"\" srcset=\"https:\/\/asg.vn\/wp-content\/uploads\/2024\/03\/Cert_ASG_Issue-2_QMS_QVN1150-scaled.jpg 1973w, https:\/\/asg.vn\/wp-content\/uploads\/2024\/03\/Cert_ASG_Issue-2_QMS_QVN1150-768x997.jpg 768w, https:\/\/asg.vn\/wp-content\/uploads\/2024\/03\/Cert_ASG_Issue-2_QMS_QVN1150-1184x1536.jpg 1184w, https:\/\/asg.vn\/wp-content\/uploads\/2024\/03\/Cert_ASG_Issue-2_QMS_QVN1150-1578x2048.jpg 1578w\" sizes=\"(max-width: 1973px) 100vw, 1973px\" \/>\t\t\t\t\t\t\n\t\t\t\t\t<\/div>\n\t\t\t\t\t\t\t\t\n<style>\n#image_637089785 {\n  width: 100%;\n}\n@media (min-width:550px) {\n  #image_637089785 {\n    width: 71%;\n  }\n}\n<\/style>\n\t<\/div>\n\t\n\t\t<\/div>\n\t\t\t\t\t<\/div>\n\n\t\n<\/div>\n<div class=\"row align-middle\"  id=\"row-2044462486\">\n\n\t<div id=\"col-466354755\" class=\"col medium-7 small-12 large-7\"  >\n\t\t\t\t<div class=\"col-inner\"  >\n\t\t\t\n\t\t\t\n<h2 id=\"\u5065\u5eb7\u7d4c\u55b6\u512a\u826f\u6cd5\u4eba2021\u306b\u8a8d\u5b9a\u3055\u308c\u307e\u3057\u305f\" class=\"wp-block-heading\">ISO 14001 &#8211; 2015<\/h2>\n<div class=\"is-divider divider clearfix\" style=\"height:6px;background-color:rgb(38, 56, 96);\"><\/div>\n<p>ISO 14001 adalah standar internasional tentang Sistem Manajemen Lingkungan yang diterbitkan oleh Organisasi Internasional untuk Standardisasi ISO, diakui, dan memiliki keabsahan secara global.\u00a0<\/p>\n<p>ISO 14001 dibangun untuk menciptakan sistem manajemen yang membantu organisasi mengurangi dampak negatifnya terhadap lingkungan. Standar ini memberikan kerangka standar bagi organisasi untuk membuktikan komitmennya terhadap masalah lingkungan:<\/p>\n<ul>\n<li>Mengurangi dampak negatif terhadap lingkungan.<\/li>\n<li>Menyediakan bukti-bukti tentang perbaikan berkelanjutan dalam manajemen lingkungan.<\/li>\n<\/ul>\n\t\t<\/div>\n\t\t\t\t\t<\/div>\n\n\t\n\n\t<div id=\"col-348481363\" class=\"col medium-5 small-12 large-5\"  >\n\t\t\t\t<div class=\"col-inner text-center\"  >\n\t\t\t\n\t\t\t\n\t<div class=\"img has-hover x md-x lg-x y md-y lg-y\" id=\"image_716858987\">\n\t\t\t\t\t\t\t\t<div class=\"img-inner dark\" >\n\t\t\t<img loading=\"lazy\" decoding=\"async\" width=\"1860\" height=\"2560\" src=\"https:\/\/asg.vn\/wp-content\/uploads\/2024\/05\/LLC-ISO-9001-VN-asg-scaled.jpg\" class=\"attachment-original size-original\" alt=\"\" srcset=\"https:\/\/asg.vn\/wp-content\/uploads\/2024\/05\/LLC-ISO-9001-VN-asg-scaled.jpg 1860w, https:\/\/asg.vn\/wp-content\/uploads\/2024\/05\/LLC-ISO-9001-VN-asg-768x1057.jpg 768w, https:\/\/asg.vn\/wp-content\/uploads\/2024\/05\/LLC-ISO-9001-VN-asg-1116x1536.jpg 1116w, https:\/\/asg.vn\/wp-content\/uploads\/2024\/05\/LLC-ISO-9001-VN-asg-1488x2048.jpg 1488w, https:\/\/asg.vn\/wp-content\/uploads\/2024\/05\/LLC-ISO-9001-VN-asg-9x12.jpg 9w\" sizes=\"(max-width: 1860px) 100vw, 1860px\" \/>\t\t\t\t\t\t\n\t\t\t\t\t<\/div>\n\t\t\t\t\t\t\t\t\n<style>\n#image_716858987 {\n  width: 100%;\n}\n@media (min-width:550px) {\n  #image_716858987 {\n    width: 74%;\n  }\n}\n<\/style>\n\t<\/div>\n\t\n\t\t<\/div>\n\t\t\t\t\n<style>\n#col-348481363 > .col-inner {\n  padding: 30px 0px 0px 0px;\n}\n<\/style>\n\t<\/div>\n\n\t\n<\/div>\n\t\t<\/div>\n\t\t\t\t\n<style>\n#col-1059470564 > .col-inner {\n  padding: 30px 30px 30px 30px;\n  border-radius: 20px;\n}\n<\/style>\n\t<\/div>\n\n\t\n<\/div>\n\t\t<\/div>\n\n\t\t\n<style>\n#section_2089205952 {\n  padding-top: 30px;\n  padding-bottom: 30px;\n}\n#section_2089205952 .section-bg-overlay {\n  background-color: rgba(32, 56, 98, 0.047);\n}\n<\/style>\n\t<\/section>","protected":false},"excerpt":{"rendered":"","protected":false},"author":24,"featured_media":0,"parent":61,"menu_order":0,"comment_status":"closed","ping_status":"closed","template":"page-blank.php","meta":{"inline_featured_image":false,"footnotes":""},"yoast_head":"<!-- This site is optimized with the Yoast SEO plugin v22.5 - https:\/\/yoast.com\/wordpress\/plugins\/seo\/ -->\n<title>Ch\u1ee9ng nh\u1eadn - C\u00f4ng ty TNHH ASG<\/title>\n<meta name=\"robots\" content=\"index, follow, max-snippet:-1, max-image-preview:large, max-video-preview:-1\" \/>\n<link rel=\"canonical\" href=\"https:\/\/asg.vn\/id\/gioi-thieu-cong-ty\/chung-nhan\/\" \/>\n<meta property=\"og:locale\" content=\"id_ID\" \/>\n<meta property=\"og:type\" content=\"article\" \/>\n<meta property=\"og:title\" content=\"Ch\u1ee9ng nh\u1eadn - C\u00f4ng ty TNHH ASG\" \/>\n<meta property=\"og:url\" content=\"https:\/\/asg.vn\/id\/gioi-thieu-cong-ty\/chung-nhan\/\" \/>\n<meta property=\"og:site_name\" content=\"C\u00f4ng ty TNHH ASG\" \/>\n<meta property=\"article:publisher\" content=\"https:\/\/www.facebook.com\/congtyasgvietnam\" \/>\n<meta property=\"article:modified_time\" content=\"2024-05-27T07:21:32+00:00\" \/>\n<meta name=\"twitter:card\" content=\"summary_large_image\" \/>\n<meta name=\"twitter:label1\" content=\"Estimasi waktu membaca\" \/>\n\t<meta name=\"twitter:data1\" content=\"3 menit\" \/>\n<script type=\"application\/ld+json\" class=\"yoast-schema-graph\">{\"@context\":\"https:\/\/schema.org\",\"@graph\":[{\"@type\":\"WebPage\",\"@id\":\"https:\/\/asg.vn\/vi\/gioi-thieu-cong-ty\/chung-nhan\/\",\"url\":\"https:\/\/asg.vn\/vi\/gioi-thieu-cong-ty\/chung-nhan\/\",\"name\":\"Ch\u1ee9ng nh\u1eadn - C\u00f4ng ty TNHH ASG\",\"isPartOf\":{\"@id\":\"https:\/\/asg.vn\/ja\/#website\"},\"datePublished\":\"2024-03-09T06:15:25+00:00\",\"dateModified\":\"2024-05-27T07:21:32+00:00\",\"breadcrumb\":{\"@id\":\"https:\/\/asg.vn\/vi\/gioi-thieu-cong-ty\/chung-nhan\/#breadcrumb\"},\"inLanguage\":\"id\",\"potentialAction\":[{\"@type\":\"ReadAction\",\"target\":[\"https:\/\/asg.vn\/vi\/gioi-thieu-cong-ty\/chung-nhan\/\"]}]},{\"@type\":\"BreadcrumbList\",\"@id\":\"https:\/\/asg.vn\/vi\/gioi-thieu-cong-ty\/chung-nhan\/#breadcrumb\",\"itemListElement\":[{\"@type\":\"ListItem\",\"position\":1,\"name\":\"Home\",\"item\":\"https:\/\/asg.vn\/ja\/\"},{\"@type\":\"ListItem\",\"position\":2,\"name\":\"GI\u1edaI THI\u1ec6U C\u00d4NG TY\",\"item\":\"https:\/\/asg.vn\/vi\/gioi-thieu-cong-ty\/\"},{\"@type\":\"ListItem\",\"position\":3,\"name\":\"Ch\u1ee9ng nh\u1eadn\"}]},{\"@type\":\"WebSite\",\"@id\":\"https:\/\/asg.vn\/ja\/#website\",\"url\":\"https:\/\/asg.vn\/ja\/\",\"name\":\"C\u00f4ng ty TNHH ASG\",\"description\":\"Th\u00e0nh c\u00f4ng b\u1eb1ng s\u1ef1 t\u1eed t\u1ebf\",\"publisher\":{\"@id\":\"https:\/\/asg.vn\/ja\/#organization\"},\"potentialAction\":[{\"@type\":\"SearchAction\",\"target\":{\"@type\":\"EntryPoint\",\"urlTemplate\":\"https:\/\/asg.vn\/ja\/?s={search_term_string}\"},\"query-input\":\"required name=search_term_string\"}],\"inLanguage\":\"id\"},{\"@type\":\"Organization\",\"@id\":\"https:\/\/asg.vn\/ja\/#organization\",\"name\":\"C\u00f4ng ty TNHH ASG\",\"url\":\"https:\/\/asg.vn\/ja\/\",\"logo\":{\"@type\":\"ImageObject\",\"inLanguage\":\"id\",\"@id\":\"https:\/\/asg.vn\/ja\/#\/schema\/logo\/image\/\",\"url\":\"https:\/\/asg.vn\/wp-content\/uploads\/2023\/03\/z4110917483185_83f9ec26924715fb77663fd2b8bef540.jpg\",\"contentUrl\":\"https:\/\/asg.vn\/wp-content\/uploads\/2023\/03\/z4110917483185_83f9ec26924715fb77663fd2b8bef540.jpg\",\"width\":1038,\"height\":324,\"caption\":\"C\u00f4ng ty TNHH ASG\"},\"image\":{\"@id\":\"https:\/\/asg.vn\/ja\/#\/schema\/logo\/image\/\"},\"sameAs\":[\"https:\/\/www.facebook.com\/congtyasgvietnam\"]}]}<\/script>\n<!-- \/ Yoast SEO plugin. -->","yoast_head_json":{"title":"Ch\u1ee9ng nh\u1eadn - C\u00f4ng ty TNHH ASG","robots":{"index":"index","follow":"follow","max-snippet":"max-snippet:-1","max-image-preview":"max-image-preview:large","max-video-preview":"max-video-preview:-1"},"canonical":"https:\/\/asg.vn\/id\/gioi-thieu-cong-ty\/chung-nhan\/","og_locale":"id_ID","og_type":"article","og_title":"Ch\u1ee9ng nh\u1eadn - C\u00f4ng ty TNHH ASG","og_url":"https:\/\/asg.vn\/id\/gioi-thieu-cong-ty\/chung-nhan\/","og_site_name":"C\u00f4ng ty TNHH ASG","article_publisher":"https:\/\/www.facebook.com\/congtyasgvietnam","article_modified_time":"2024-05-27T07:21:32+00:00","twitter_card":"summary_large_image","twitter_misc":{"Estimasi waktu membaca":"3 menit"},"schema":{"@context":"https:\/\/schema.org","@graph":[{"@type":"WebPage","@id":"https:\/\/asg.vn\/vi\/gioi-thieu-cong-ty\/chung-nhan\/","url":"https:\/\/asg.vn\/vi\/gioi-thieu-cong-ty\/chung-nhan\/","name":"Ch\u1ee9ng nh\u1eadn - C\u00f4ng ty TNHH ASG","isPartOf":{"@id":"https:\/\/asg.vn\/ja\/#website"},"datePublished":"2024-03-09T06:15:25+00:00","dateModified":"2024-05-27T07:21:32+00:00","breadcrumb":{"@id":"https:\/\/asg.vn\/vi\/gioi-thieu-cong-ty\/chung-nhan\/#breadcrumb"},"inLanguage":"id","potentialAction":[{"@type":"ReadAction","target":["https:\/\/asg.vn\/vi\/gioi-thieu-cong-ty\/chung-nhan\/"]}]},{"@type":"BreadcrumbList","@id":"https:\/\/asg.vn\/vi\/gioi-thieu-cong-ty\/chung-nhan\/#breadcrumb","itemListElement":[{"@type":"ListItem","position":1,"name":"Home","item":"https:\/\/asg.vn\/ja\/"},{"@type":"ListItem","position":2,"name":"GI\u1edaI THI\u1ec6U C\u00d4NG TY","item":"https:\/\/asg.vn\/vi\/gioi-thieu-cong-ty\/"},{"@type":"ListItem","position":3,"name":"Ch\u1ee9ng nh\u1eadn"}]},{"@type":"WebSite","@id":"https:\/\/asg.vn\/ja\/#website","url":"https:\/\/asg.vn\/ja\/","name":"C\u00f4ng ty TNHH ASG","description":"Th\u00e0nh c\u00f4ng b\u1eb1ng s\u1ef1 t\u1eed t\u1ebf","publisher":{"@id":"https:\/\/asg.vn\/ja\/#organization"},"potentialAction":[{"@type":"SearchAction","target":{"@type":"EntryPoint","urlTemplate":"https:\/\/asg.vn\/ja\/?s={search_term_string}"},"query-input":"required name=search_term_string"}],"inLanguage":"id"},{"@type":"Organization","@id":"https:\/\/asg.vn\/ja\/#organization","name":"C\u00f4ng ty TNHH ASG","url":"https:\/\/asg.vn\/ja\/","logo":{"@type":"ImageObject","inLanguage":"id","@id":"https:\/\/asg.vn\/ja\/#\/schema\/logo\/image\/","url":"https:\/\/asg.vn\/wp-content\/uploads\/2023\/03\/z4110917483185_83f9ec26924715fb77663fd2b8bef540.jpg","contentUrl":"https:\/\/asg.vn\/wp-content\/uploads\/2023\/03\/z4110917483185_83f9ec26924715fb77663fd2b8bef540.jpg","width":1038,"height":324,"caption":"C\u00f4ng ty TNHH ASG"},"image":{"@id":"https:\/\/asg.vn\/ja\/#\/schema\/logo\/image\/"},"sameAs":["https:\/\/www.facebook.com\/congtyasgvietnam"]}]}},"_links":{"self":[{"href":"https:\/\/asg.vn\/id\/wp-json\/wp\/v2\/pages\/4076"}],"collection":[{"href":"https:\/\/asg.vn\/id\/wp-json\/wp\/v2\/pages"}],"about":[{"href":"https:\/\/asg.vn\/id\/wp-json\/wp\/v2\/types\/page"}],"author":[{"embeddable":true,"href":"https:\/\/asg.vn\/id\/wp-json\/wp\/v2\/users\/24"}],"replies":[{"embeddable":true,"href":"https:\/\/asg.vn\/id\/wp-json\/wp\/v2\/comments?post=4076"}],"version-history":[{"count":15,"href":"https:\/\/asg.vn\/id\/wp-json\/wp\/v2\/pages\/4076\/revisions"}],"predecessor-version":[{"id":4686,"href":"https:\/\/asg.vn\/id\/wp-json\/wp\/v2\/pages\/4076\/revisions\/4686"}],"up":[{"embeddable":true,"href":"https:\/\/asg.vn\/id\/wp-json\/wp\/v2\/pages\/61"}],"wp:attachment":[{"href":"https:\/\/asg.vn\/id\/wp-json\/wp\/v2\/media?parent=4076"}],"curies":[{"name":"wp","href":"https:\/\/api.w.org\/{rel}","templated":true}]}}