{"id":4070,"date":"2024-03-09T13:14:21","date_gmt":"2024-03-09T06:14:21","guid":{"rendered":"https:\/\/asg.vn\/?page_id=4070"},"modified":"2024-05-27T14:17:02","modified_gmt":"2024-05-27T07:17:02","slug":"tieu-chi-quan-ly","status":"publish","type":"page","link":"https:\/\/asg.vn\/id\/gioi-thieu-cong-ty\/tieu-chi-quan-ly\/","title":{"rendered":"KRITERIA MANAJEMEN"},"content":{"rendered":"<section class=\"section\" id=\"section_1568711094\">\n\t\t<div class=\"bg section-bg fill bg-fill bg-loaded bg-loaded\" >\n\n\t\t\t\n\t\t\t<div class=\"section-bg-overlay absolute fill\"><\/div>\n\t\t\t\n\n\t\t<\/div>\n\n\t\t\n\n\t\t<div class=\"section-content relative\">\n\t\t\t\n<div class=\"row\"  id=\"row-1835644636\">\n\n\t<div id=\"col-1689810052\" class=\"col cot34 medium-3 small-12 large-3\"  >\n\t\t<div class=\"is-sticky-column\"><div class=\"is-sticky-column__inner\">\t\t<div class=\"col-inner box-shadow-1\" style=\"background-color:rgb(255, 255, 255);\" >\n\t\t\t\n\t\t\t\n\t<div id=\"text-2809763599\" class=\"text\">\n\t\t\n<ul id=\"menu-cnav-comapny\" class=\"cnavList\">\n<li id=\"menu-item-27601\" class=\"menu-item menu-item-type-post_type menu-item-object-page current-menu-item page_item page-item-238 current_page_item menu-item-27601\"><a href=\"https:\/\/asg.vn\/id\/gioi-thieu-cong-ty\/\">TENTANG KAMI<\/a><\/li>\n<li id=\"menu-item-31203\" class=\"menu-item menu-item-type-post_type menu-item-object-page menu-item-31203\"><a href=\"https:\/\/asg.vn\/id\/gioi-thieu-cong-ty\/loi-cua-chu-tich\/\">PESAN PEMIMPIN PERUSAHAAN<\/a><\/li>\n<li id=\"menu-item-20630\" class=\"menu-item menu-item-type-post_type menu-item-object-page menu-item-20630\"><a href=\"https:\/\/asg.vn\/id\/gioi-thieu-cong-ty\/ho-so-cong-ty\/\">PROFIL PERUSAHAAN<\/a><\/li>\n<li><a href=\"https:\/\/asg.vn\/id\/gioi-thieu-cong-ty\/mang-luoi-khach-hang\/\">JARINGAN PELANGGAN<\/a><\/li>\n<li id=\"menu-item-20631\" class=\"menu-item menu-item-type-post_type menu-item-object-page menu-item-20631\"><a href=\"https:\/\/asg.vn\/id\/gioi-thieu-cong-ty\/lich-su-phat-trien\/\">SEJARAH PERKEMBANGAN<\/a><\/li>\n<li id=\"menu-item-20629\" class=\"menu-item menu-item-type-post_type menu-item-object-page menu-item-20629\"><strong><a href=\"https:\/\/asg.vn\/id\/gioi-thieu-cong-ty\/tieu-chi-quan-ly\/\">KRITERIA MANAJEMEN<\/a><\/strong><\/li>\n<li id=\"menu-item-30939\" class=\"menu-item menu-item-type-post_type menu-item-object-page menu-item-30939\"><a href=\"https:\/\/asg.vn\/id\/gioi-thieu-cong-ty\/bai-hat-cong-ty\/\">LAGU PERUSAHAAN<\/a><\/li>\n<li id=\"menu-item-20632\" class=\"menu-item menu-item-type-post_type menu-item-object-page menu-item-20632\"><a href=\"https:\/\/asg.vn\/id\/gioi-thieu-cong-ty\/chung-nhan\/\">SERTIFIKAT<\/a><\/li>\n<li id=\"menu-item-20634\" class=\"menu-item menu-item-type-post_type menu-item-object-page menu-item-20634\"><a href=\"https:\/\/asg.vn\/id\/gioi-thieu-cong-ty\/bao-mat-thong-tin\/\">KEAMANAN INFORMASI<\/a><\/li>\n<li id=\"menu-item-33098\" class=\"menu-item menu-item-type-post_type menu-item-object-page menu-item-33098\"><a href=\"https:\/\/asg.vn\/id\/gioi-thieu-cong-ty\/mang-luoi-toan-cau\/\">JARINGAN GLOBAL<\/a><\/li>\n<li id=\"menu-item-33099\" class=\"menu-item menu-item-type-post_type menu-item-object-page menu-item-33099\"><a href=\"https:\/\/asg.vn\/id\/gioi-thieu-cong-ty\/hoat-dong-moi-truong\/\">KEGIATAN LINGKUNGAN<\/a><\/li>\n<\/ul>\n\t\t\n<style>\n#text-2809763599 {\n  line-height: 2.45;\n}\n<\/style>\n\t<\/div>\n\t\n\t\t<\/div>\n\t\t<\/div><\/div>\t\t\n<style>\n#col-1689810052 > .is-sticky-column > .is-sticky-column__inner > .col-inner {\n  padding: 20px 20px 20px 20px;\n}\n<\/style>\n\t<\/div>\n\n\t\n\n\t<div id=\"col-1700815834\" class=\"col coquanly medium-9 small-12 large-9\"  >\n\t\t\t\t<div class=\"col-inner\" style=\"background-color:rgb(255, 255, 255);\" >\n\t\t\t\n\t\t\t\n<div class=\"container section-title-container\" ><h2 class=\"section-title section-title-normal\"><b><\/b><span class=\"section-title-main\" >KRITERIA MANAJEMEN<\/span><b><\/b><\/h2><\/div>\n<h3 id=\"\u7d4c\u55b6\u7406\u5ff5\" class=\"wp-block-heading\">Tujuan<\/h3>\n<div class=\"is-divider divider clearfix\" style=\"max-width:25px;height:6px;background-color:#263860;\"><\/div>\n<p class=\"has-text-align-center has-medium-font-size\" style=\"text-align: center;\"><strong>Kualitas \u2013 Kecepatan \u2013 Harga \u2013 Kreativitas<\/strong><\/p>\n<h3 id=\"\u793e\u662f\" class=\"wp-block-heading\">Slogan<\/h3>\n<div class=\"is-divider divider clearfix\" style=\"max-width:25px;height:6px;background-color:#263860;\"><\/div>\n<p class=\"has-text-align-center has-medium-font-size\" style=\"text-align: center;\"><strong>Pelanggan adalah pusat dari setiap kreasi<\/strong><\/p>\n<h3 id=\"\u793e\u662f\" class=\"wp-block-heading\">Filosofi<\/h3>\n<div class=\"is-divider divider clearfix\" style=\"max-width:25px;height:6px;background-color:#263860;\"><\/div>\n<p class=\"has-text-align-center has-medium-font-size\" style=\"text-align: center;\"><strong>Manusia adalah inti \u2013 Persatuan adalah prinsip \u2013 Teknologi adalah perkembangan<\/strong><\/p>\n<h3 id=\"\u4f7f\u547d\" class=\"wp-block-heading\">Orientasi<\/h3>\n<div class=\"is-divider divider clearfix\" style=\"max-width:25px;height:6px;background-color:#263860;\"><\/div>\n<p class=\"has-text-align-center has-medium-font-size\" style=\"text-align: left;\"><strong>\u00a0 \u00a0 \u00a0 \u00a0Menjadi grup terkemuka dalam industri produksi komponen pendukung<\/strong><\/p>\n\t\t<\/div>\n\t\t\t\t\n<style>\n#col-1700815834 > .col-inner {\n  padding: 30px 30px 30px 30px;\n  border-radius: 20px;\n}\n<\/style>\n\t<\/div>\n\n\t\n<\/div>\n\t\t<\/div>\n\n\t\t\n<style>\n#section_1568711094 {\n  padding-top: 30px;\n  padding-bottom: 30px;\n}\n#section_1568711094 .section-bg-overlay {\n  background-color: rgba(32, 56, 98, 0.047);\n}\n<\/style>\n\t<\/section>","protected":false},"excerpt":{"rendered":"","protected":false},"author":24,"featured_media":0,"parent":61,"menu_order":0,"comment_status":"closed","ping_status":"closed","template":"page-blank.php","meta":{"inline_featured_image":false,"footnotes":""},"yoast_head":"<!-- This site is optimized with the Yoast SEO plugin v22.5 - https:\/\/yoast.com\/wordpress\/plugins\/seo\/ -->\n<title>Ti\u00eau ch\u00ed qu\u1ea3n l\u00fd - C\u00f4ng ty TNHH ASG<\/title>\n<meta name=\"robots\" content=\"index, follow, max-snippet:-1, max-image-preview:large, max-video-preview:-1\" \/>\n<link rel=\"canonical\" href=\"https:\/\/asg.vn\/id\/gioi-thieu-cong-ty\/tieu-chi-quan-ly\/\" \/>\n<meta property=\"og:locale\" content=\"id_ID\" \/>\n<meta property=\"og:type\" content=\"article\" \/>\n<meta property=\"og:title\" content=\"Ti\u00eau ch\u00ed qu\u1ea3n l\u00fd - C\u00f4ng ty TNHH ASG\" \/>\n<meta property=\"og:url\" content=\"https:\/\/asg.vn\/id\/gioi-thieu-cong-ty\/tieu-chi-quan-ly\/\" \/>\n<meta property=\"og:site_name\" content=\"C\u00f4ng ty TNHH ASG\" \/>\n<meta property=\"article:publisher\" content=\"https:\/\/www.facebook.com\/congtyasgvietnam\" \/>\n<meta property=\"article:modified_time\" content=\"2024-05-27T07:17:02+00:00\" \/>\n<meta name=\"twitter:card\" content=\"summary_large_image\" \/>\n<meta name=\"twitter:label1\" content=\"Estimasi waktu membaca\" \/>\n\t<meta name=\"twitter:data1\" content=\"1 menit\" \/>\n<script type=\"application\/ld+json\" class=\"yoast-schema-graph\">{\"@context\":\"https:\/\/schema.org\",\"@graph\":[{\"@type\":\"WebPage\",\"@id\":\"https:\/\/asg.vn\/vi\/gioi-thieu-cong-ty\/tieu-chi-quan-ly\/\",\"url\":\"https:\/\/asg.vn\/vi\/gioi-thieu-cong-ty\/tieu-chi-quan-ly\/\",\"name\":\"Ti\u00eau ch\u00ed qu\u1ea3n l\u00fd - C\u00f4ng ty TNHH ASG\",\"isPartOf\":{\"@id\":\"https:\/\/asg.vn\/ja\/#website\"},\"datePublished\":\"2024-03-09T06:14:21+00:00\",\"dateModified\":\"2024-05-27T07:17:02+00:00\",\"breadcrumb\":{\"@id\":\"https:\/\/asg.vn\/vi\/gioi-thieu-cong-ty\/tieu-chi-quan-ly\/#breadcrumb\"},\"inLanguage\":\"id\",\"potentialAction\":[{\"@type\":\"ReadAction\",\"target\":[\"https:\/\/asg.vn\/vi\/gioi-thieu-cong-ty\/tieu-chi-quan-ly\/\"]}]},{\"@type\":\"BreadcrumbList\",\"@id\":\"https:\/\/asg.vn\/vi\/gioi-thieu-cong-ty\/tieu-chi-quan-ly\/#breadcrumb\",\"itemListElement\":[{\"@type\":\"ListItem\",\"position\":1,\"name\":\"Home\",\"item\":\"https:\/\/asg.vn\/ja\/\"},{\"@type\":\"ListItem\",\"position\":2,\"name\":\"GI\u1edaI THI\u1ec6U C\u00d4NG TY\",\"item\":\"https:\/\/asg.vn\/vi\/gioi-thieu-cong-ty\/\"},{\"@type\":\"ListItem\",\"position\":3,\"name\":\"Ti\u00eau ch\u00ed qu\u1ea3n l\u00fd\"}]},{\"@type\":\"WebSite\",\"@id\":\"https:\/\/asg.vn\/ja\/#website\",\"url\":\"https:\/\/asg.vn\/ja\/\",\"name\":\"C\u00f4ng ty TNHH ASG\",\"description\":\"Th\u00e0nh c\u00f4ng b\u1eb1ng s\u1ef1 t\u1eed t\u1ebf\",\"publisher\":{\"@id\":\"https:\/\/asg.vn\/ja\/#organization\"},\"potentialAction\":[{\"@type\":\"SearchAction\",\"target\":{\"@type\":\"EntryPoint\",\"urlTemplate\":\"https:\/\/asg.vn\/ja\/?s={search_term_string}\"},\"query-input\":\"required name=search_term_string\"}],\"inLanguage\":\"id\"},{\"@type\":\"Organization\",\"@id\":\"https:\/\/asg.vn\/ja\/#organization\",\"name\":\"C\u00f4ng ty TNHH ASG\",\"url\":\"https:\/\/asg.vn\/ja\/\",\"logo\":{\"@type\":\"ImageObject\",\"inLanguage\":\"id\",\"@id\":\"https:\/\/asg.vn\/ja\/#\/schema\/logo\/image\/\",\"url\":\"https:\/\/asg.vn\/wp-content\/uploads\/2023\/03\/z4110917483185_83f9ec26924715fb77663fd2b8bef540.jpg\",\"contentUrl\":\"https:\/\/asg.vn\/wp-content\/uploads\/2023\/03\/z4110917483185_83f9ec26924715fb77663fd2b8bef540.jpg\",\"width\":1038,\"height\":324,\"caption\":\"C\u00f4ng ty TNHH ASG\"},\"image\":{\"@id\":\"https:\/\/asg.vn\/ja\/#\/schema\/logo\/image\/\"},\"sameAs\":[\"https:\/\/www.facebook.com\/congtyasgvietnam\"]}]}<\/script>\n<!-- \/ Yoast SEO plugin. -->","yoast_head_json":{"title":"Ti\u00eau ch\u00ed qu\u1ea3n l\u00fd - C\u00f4ng ty TNHH ASG","robots":{"index":"index","follow":"follow","max-snippet":"max-snippet:-1","max-image-preview":"max-image-preview:large","max-video-preview":"max-video-preview:-1"},"canonical":"https:\/\/asg.vn\/id\/gioi-thieu-cong-ty\/tieu-chi-quan-ly\/","og_locale":"id_ID","og_type":"article","og_title":"Ti\u00eau ch\u00ed qu\u1ea3n l\u00fd - C\u00f4ng ty TNHH ASG","og_url":"https:\/\/asg.vn\/id\/gioi-thieu-cong-ty\/tieu-chi-quan-ly\/","og_site_name":"C\u00f4ng ty TNHH ASG","article_publisher":"https:\/\/www.facebook.com\/congtyasgvietnam","article_modified_time":"2024-05-27T07:17:02+00:00","twitter_card":"summary_large_image","twitter_misc":{"Estimasi waktu membaca":"1 menit"},"schema":{"@context":"https:\/\/schema.org","@graph":[{"@type":"WebPage","@id":"https:\/\/asg.vn\/vi\/gioi-thieu-cong-ty\/tieu-chi-quan-ly\/","url":"https:\/\/asg.vn\/vi\/gioi-thieu-cong-ty\/tieu-chi-quan-ly\/","name":"Ti\u00eau ch\u00ed qu\u1ea3n l\u00fd - C\u00f4ng ty TNHH ASG","isPartOf":{"@id":"https:\/\/asg.vn\/ja\/#website"},"datePublished":"2024-03-09T06:14:21+00:00","dateModified":"2024-05-27T07:17:02+00:00","breadcrumb":{"@id":"https:\/\/asg.vn\/vi\/gioi-thieu-cong-ty\/tieu-chi-quan-ly\/#breadcrumb"},"inLanguage":"id","potentialAction":[{"@type":"ReadAction","target":["https:\/\/asg.vn\/vi\/gioi-thieu-cong-ty\/tieu-chi-quan-ly\/"]}]},{"@type":"BreadcrumbList","@id":"https:\/\/asg.vn\/vi\/gioi-thieu-cong-ty\/tieu-chi-quan-ly\/#breadcrumb","itemListElement":[{"@type":"ListItem","position":1,"name":"Home","item":"https:\/\/asg.vn\/ja\/"},{"@type":"ListItem","position":2,"name":"GI\u1edaI THI\u1ec6U C\u00d4NG TY","item":"https:\/\/asg.vn\/vi\/gioi-thieu-cong-ty\/"},{"@type":"ListItem","position":3,"name":"Ti\u00eau ch\u00ed qu\u1ea3n l\u00fd"}]},{"@type":"WebSite","@id":"https:\/\/asg.vn\/ja\/#website","url":"https:\/\/asg.vn\/ja\/","name":"C\u00f4ng ty TNHH ASG","description":"Th\u00e0nh c\u00f4ng b\u1eb1ng s\u1ef1 t\u1eed t\u1ebf","publisher":{"@id":"https:\/\/asg.vn\/ja\/#organization"},"potentialAction":[{"@type":"SearchAction","target":{"@type":"EntryPoint","urlTemplate":"https:\/\/asg.vn\/ja\/?s={search_term_string}"},"query-input":"required name=search_term_string"}],"inLanguage":"id"},{"@type":"Organization","@id":"https:\/\/asg.vn\/ja\/#organization","name":"C\u00f4ng ty TNHH ASG","url":"https:\/\/asg.vn\/ja\/","logo":{"@type":"ImageObject","inLanguage":"id","@id":"https:\/\/asg.vn\/ja\/#\/schema\/logo\/image\/","url":"https:\/\/asg.vn\/wp-content\/uploads\/2023\/03\/z4110917483185_83f9ec26924715fb77663fd2b8bef540.jpg","contentUrl":"https:\/\/asg.vn\/wp-content\/uploads\/2023\/03\/z4110917483185_83f9ec26924715fb77663fd2b8bef540.jpg","width":1038,"height":324,"caption":"C\u00f4ng ty TNHH ASG"},"image":{"@id":"https:\/\/asg.vn\/ja\/#\/schema\/logo\/image\/"},"sameAs":["https:\/\/www.facebook.com\/congtyasgvietnam"]}]}},"_links":{"self":[{"href":"https:\/\/asg.vn\/id\/wp-json\/wp\/v2\/pages\/4070"}],"collection":[{"href":"https:\/\/asg.vn\/id\/wp-json\/wp\/v2\/pages"}],"about":[{"href":"https:\/\/asg.vn\/id\/wp-json\/wp\/v2\/types\/page"}],"author":[{"embeddable":true,"href":"https:\/\/asg.vn\/id\/wp-json\/wp\/v2\/users\/24"}],"replies":[{"embeddable":true,"href":"https:\/\/asg.vn\/id\/wp-json\/wp\/v2\/comments?post=4070"}],"version-history":[{"count":13,"href":"https:\/\/asg.vn\/id\/wp-json\/wp\/v2\/pages\/4070\/revisions"}],"predecessor-version":[{"id":4683,"href":"https:\/\/asg.vn\/id\/wp-json\/wp\/v2\/pages\/4070\/revisions\/4683"}],"up":[{"embeddable":true,"href":"https:\/\/asg.vn\/id\/wp-json\/wp\/v2\/pages\/61"}],"wp:attachment":[{"href":"https:\/\/asg.vn\/id\/wp-json\/wp\/v2\/media?parent=4070"}],"curies":[{"name":"wp","href":"https:\/\/api.w.org\/{rel}","templated":true}]}}