{"id":4042,"date":"2024-03-09T12:35:10","date_gmt":"2024-03-09T05:35:10","guid":{"rendered":"https:\/\/asg.vn\/?page_id=4042"},"modified":"2024-03-29T16:49:46","modified_gmt":"2024-03-29T09:49:46","slug":"loi-cua-chu-tich","status":"publish","type":"page","link":"https:\/\/asg.vn\/id\/gioi-thieu-cong-ty\/loi-cua-chu-tich\/","title":{"rendered":"PESAN PEMIMPIN PERUSAHAAN"},"content":{"rendered":"<section class=\"section\" id=\"section_8015239\">\n\t\t<div class=\"bg section-bg fill bg-fill bg-loaded bg-loaded\" >\n\n\t\t\t\n\t\t\t<div class=\"section-bg-overlay absolute fill\"><\/div>\n\t\t\t\n\n\t\t<\/div>\n\n\t\t\n\n\t\t<div class=\"section-content relative\">\n\t\t\t\n<div class=\"row\"  id=\"row-1971676528\">\n\n\t<div id=\"col-925441160\" class=\"col cot34 medium-3 small-12 large-3\"  >\n\t\t<div class=\"is-sticky-column\"><div class=\"is-sticky-column__inner\">\t\t<div class=\"col-inner box-shadow-1\" style=\"background-color:rgb(255, 255, 255);\" >\n\t\t\t\n\t\t\t\n\t<div id=\"text-988941317\" class=\"text\">\n\t\t\n<ul id=\"menu-cnav-comapny\" class=\"cnavList\">\n<li id=\"menu-item-27601\" class=\"menu-item menu-item-type-post_type menu-item-object-page current-menu-item page_item page-item-238 current_page_item menu-item-27601\"><a href=\"https:\/\/asg.vn\/id\/gioi-thieu-cong-ty\/\">TENTANG KAMI<\/a><\/li>\n<li id=\"menu-item-31203\" class=\"menu-item menu-item-type-post_type menu-item-object-page menu-item-31203\"><strong><a href=\"https:\/\/asg.vn\/id\/gioi-thieu-cong-ty\/loi-cua-chu-tich\/\">PESAN PEMIMPIN PERUSAHAAN<\/a><\/strong><\/li>\n<li id=\"menu-item-20630\" class=\"menu-item menu-item-type-post_type menu-item-object-page menu-item-20630\"><a href=\"https:\/\/asg.vn\/id\/gioi-thieu-cong-ty\/ho-so-cong-ty\/\">PROFIL PERUSAHAAN<\/a><\/li>\n<li><a class=\"uppercase\" href=\"https:\/\/asg.vn\/id\/gioi-thieu-cong-ty\/mang-luoi-khach-hang\/\">JARINGAN PELANGGAN<\/a><\/li>\n<li id=\"menu-item-20631\" class=\"menu-item menu-item-type-post_type menu-item-object-page menu-item-20631\"><a href=\"https:\/\/asg.vn\/id\/gioi-thieu-cong-ty\/lich-su-phat-trien\/\">SEJARAH PERKEMBANGAN<\/a><\/li>\n<li id=\"menu-item-20629\" class=\"menu-item menu-item-type-post_type menu-item-object-page menu-item-20629\"><a href=\"https:\/\/asg.vn\/id\/gioi-thieu-cong-ty\/tieu-chi-quan-ly\/\">KRITERIA MANAJEMEN<\/a><\/li>\n<li id=\"menu-item-30939\" class=\"menu-item menu-item-type-post_type menu-item-object-page menu-item-30939\"><a href=\"https:\/\/asg.vn\/id\/gioi-thieu-cong-ty\/bai-hat-cong-ty\/\">LAGU PERUSAHAAN<\/a><\/li>\n<li id=\"menu-item-20632\" class=\"menu-item menu-item-type-post_type menu-item-object-page menu-item-20632\"><a href=\"https:\/\/asg.vn\/id\/gioi-thieu-cong-ty\/chung-nhan\/\">SERTIFIKAT<\/a><\/li>\n<li id=\"menu-item-20634\" class=\"menu-item menu-item-type-post_type menu-item-object-page menu-item-20634\"><a href=\"https:\/\/asg.vn\/id\/gioi-thieu-cong-ty\/bao-mat-thong-tin\/\">KEAMANAN INFORMASI<\/a><\/li>\n<li id=\"menu-item-33098\" class=\"menu-item menu-item-type-post_type menu-item-object-page menu-item-33098\"><a href=\"https:\/\/asg.vn\/id\/gioi-thieu-cong-ty\/mang-luoi-toan-cau\/\">JARINGAN GLOBAL<\/a><\/li>\n<li id=\"menu-item-33099\" class=\"menu-item menu-item-type-post_type menu-item-object-page menu-item-33099\"><a href=\"https:\/\/asg.vn\/id\/gioi-thieu-cong-ty\/hoat-dong-moi-truong\/\">KEGIATAN LINGKUNGAN<\/a><\/li>\n<\/ul>\n\t\t\n<style>\n#text-988941317 {\n  line-height: 2.45;\n}\n<\/style>\n\t<\/div>\n\t\n\t\t<\/div>\n\t\t<\/div><\/div>\t\t\n<style>\n#col-925441160 > .is-sticky-column > .is-sticky-column__inner > .col-inner {\n  padding: 20px 20px 20px 20px;\n}\n<\/style>\n\t<\/div>\n\n\t\n\n\t<div id=\"col-274733713\" class=\"col medium-9 small-12 large-9\"  >\n\t\t\t\t<div class=\"col-inner\" style=\"background-color:rgb(255, 255, 255);\" >\n\t\t\t\n\t\t\t\n\t<div class=\"img has-hover anhtron x md-x lg-x y md-y lg-y\" id=\"image_823506452\">\n\t\t\t\t\t\t\t\t<div class=\"img-inner dark\" >\n\t\t\t<img loading=\"lazy\" decoding=\"async\" width=\"1695\" height=\"998\" src=\"https:\/\/asg.vn\/wp-content\/uploads\/2024\/03\/Untitled.png\" class=\"attachment-original size-original\" alt=\"\" srcset=\"https:\/\/asg.vn\/wp-content\/uploads\/2024\/03\/Untitled.png 1695w, https:\/\/asg.vn\/wp-content\/uploads\/2024\/03\/Untitled-768x452.png 768w, https:\/\/asg.vn\/wp-content\/uploads\/2024\/03\/Untitled-1536x904.png 1536w, https:\/\/asg.vn\/wp-content\/uploads\/2024\/03\/Untitled-600x353.png 600w\" sizes=\"(max-width: 1695px) 100vw, 1695px\" \/>\t\t\t\t\t\t\n\t\t\t\t\t<\/div>\n\t\t\t\t\t\t\t\t\n<style>\n#image_823506452 {\n  width: 100%;\n}\n<\/style>\n\t<\/div>\n\t\n<div class=\"container section-title-container\" ><h2 class=\"section-title section-title-normal\"><b><\/b><span class=\"section-title-main\" >L\u1eddi c\u1ee7a Ch\u1ee7 t\u1ecbch<\/span><b><\/b><\/h2><\/div>\n<p>Kembali ke tahun 2012, saya mendirikan PT ASG Teknik Vietnam. Dengan hati yang berkobar-kobar, saya berharap menjadi perusahaan dengan produk terdepan di Vietnam dan merambah ke pasar global. Dengan modal awal hanya pengalaman mendalam dalam industri pencetakan plastik dan pengetahuan dasar yang saya peroleh dari beberapa konglomerat besar.<\/p>\n<p>Kami menetapkan tujuan untuk meneliti teknologi pembuatan sekrup silinder untuk mesin pencetak plastik sejak awal pendirian. Melalui serangkaian produk sekrup silinder untuk mesin pencetak plastik yang diproduksi OEM oleh beberapa produsen dari Jepang, Taiwan. Kami mulai mendapatkan kepercayaan dari pelanggan kami, yang merupakan perusahaan-perusahaan Jepang terbesar di Vietnam yang secara teratur menggunakan produk kami. Dan kami mendirikan pabrik produksi di Vietnam. Dengan menerapkan teknologi canggih tentang bahan baru, kami telah menjadi produsen komponen sekrup silinder terkemuka di Vietnam dan mengekspornya ke seluruh dunia.\u00a0<\/p>\n<p>Selain itu, kami mengembangkan solusi kemasan dengan semangat bersama pelanggan untuk mengembangkan produk yang ramah lingkungan, memberikan kontribusi pada kelestarian bumi.<\/p>\n<p>Pertumbuhan kami yang kuat selama ini semata-mata berkat kepercayaan dan dukungan dari pelanggan yang telah menemani kami sejak awal pendirian.<\/p>\n<p><strong>Kepada Pelanggan terkasih kami,<\/strong><\/p>\n<p>Kepada Karyawan yang kami sayangi dan juga Keluarga mereka.<\/p>\n<p>Bersama teman-teman yang selalu mendukung ASG<\/p>\n<p>Kami selalu menjaga empat kata tersebut sebagai tujuan tindakan kami.<\/p>\n<p><strong>HATI \u2013 KEPERCAYAAN \u2013 AKAL \u2013 KESETIAAN<\/strong><\/p>\n<p>\u00a0 \u00a0 \u00a0Hati untuk orang, hati untuk pekerjaan, hati untuk hidup. Hati yang mengarah pada kebaikan akan membawa keberhasilan pada segala hal.<\/p>\n<p>\u00a0 \u00a0 \u00a0Kepercayaan kepada pelanggan, kepercayaan kepada mitra, kepercayaan kepada karyawan, kepercayaan kepada masyarakat. Menjaga kesetiaan selamanya menuju kesuksesan.<\/p>\n<p>\u00a0 \u00a0 \u00a0Akal untuk kreativitas, akal untuk inovasi, akal untuk ketekunan, akal untuk mencapai masa depan.<\/p>\n<p>\u00a0 \u00a0 \u00a0Kesetiaan terhadap komitmen, kesetiaan terhadap kualitas, kejujuran terhadap produk, kemurahan hati terhadap masyarakat.<\/p>\n<p>Kami menantikan dukungan dan bantuan Anda sepanjang waktu untuk melanjutkan pembangunan yang stabil di masa depan.<\/p>\n<p>Terima kasih banyak!<\/p>\n\t\t<\/div>\n\t\t\t\t\n<style>\n#col-274733713 > .col-inner {\n  padding: 30px 30px 30px 30px;\n  border-radius: 20px;\n}\n<\/style>\n\t<\/div>\n\n\t\n<\/div>\n\t\t<\/div>\n\n\t\t\n<style>\n#section_8015239 {\n  padding-top: 30px;\n  padding-bottom: 30px;\n}\n#section_8015239 .section-bg-overlay {\n  background-color: rgba(32, 56, 98, 0.047);\n}\n<\/style>\n\t<\/section>","protected":false},"excerpt":{"rendered":"","protected":false},"author":24,"featured_media":0,"parent":61,"menu_order":0,"comment_status":"closed","ping_status":"closed","template":"page-blank.php","meta":{"inline_featured_image":false,"footnotes":""},"yoast_head":"<!-- This site is optimized with the Yoast SEO plugin v22.5 - https:\/\/yoast.com\/wordpress\/plugins\/seo\/ -->\n<title>L\u1eddi c\u1ee7a ch\u1ee7 t\u1ecbch - C\u00f4ng ty TNHH ASG<\/title>\n<meta name=\"robots\" content=\"index, follow, max-snippet:-1, max-image-preview:large, max-video-preview:-1\" \/>\n<link rel=\"canonical\" href=\"https:\/\/asg.vn\/id\/gioi-thieu-cong-ty\/loi-cua-chu-tich\/\" \/>\n<meta property=\"og:locale\" content=\"id_ID\" \/>\n<meta property=\"og:type\" content=\"article\" \/>\n<meta property=\"og:title\" content=\"L\u1eddi c\u1ee7a ch\u1ee7 t\u1ecbch - C\u00f4ng ty TNHH ASG\" \/>\n<meta property=\"og:url\" content=\"https:\/\/asg.vn\/id\/gioi-thieu-cong-ty\/loi-cua-chu-tich\/\" \/>\n<meta property=\"og:site_name\" content=\"C\u00f4ng ty TNHH ASG\" \/>\n<meta property=\"article:publisher\" content=\"https:\/\/www.facebook.com\/congtyasgvietnam\" \/>\n<meta property=\"article:modified_time\" content=\"2024-03-29T09:49:46+00:00\" \/>\n<meta name=\"twitter:card\" content=\"summary_large_image\" \/>\n<meta name=\"twitter:label1\" content=\"Estimasi waktu membaca\" \/>\n\t<meta name=\"twitter:data1\" content=\"3 menit\" \/>\n<script type=\"application\/ld+json\" class=\"yoast-schema-graph\">{\"@context\":\"https:\/\/schema.org\",\"@graph\":[{\"@type\":\"WebPage\",\"@id\":\"https:\/\/asg.vn\/vi\/gioi-thieu-cong-ty\/loi-cua-chu-tich\/\",\"url\":\"https:\/\/asg.vn\/vi\/gioi-thieu-cong-ty\/loi-cua-chu-tich\/\",\"name\":\"L\u1eddi c\u1ee7a ch\u1ee7 t\u1ecbch - C\u00f4ng ty TNHH ASG\",\"isPartOf\":{\"@id\":\"https:\/\/asg.vn\/ja\/#website\"},\"datePublished\":\"2024-03-09T05:35:10+00:00\",\"dateModified\":\"2024-03-29T09:49:46+00:00\",\"breadcrumb\":{\"@id\":\"https:\/\/asg.vn\/vi\/gioi-thieu-cong-ty\/loi-cua-chu-tich\/#breadcrumb\"},\"inLanguage\":\"id\",\"potentialAction\":[{\"@type\":\"ReadAction\",\"target\":[\"https:\/\/asg.vn\/vi\/gioi-thieu-cong-ty\/loi-cua-chu-tich\/\"]}]},{\"@type\":\"BreadcrumbList\",\"@id\":\"https:\/\/asg.vn\/vi\/gioi-thieu-cong-ty\/loi-cua-chu-tich\/#breadcrumb\",\"itemListElement\":[{\"@type\":\"ListItem\",\"position\":1,\"name\":\"Home\",\"item\":\"https:\/\/asg.vn\/ja\/\"},{\"@type\":\"ListItem\",\"position\":2,\"name\":\"GI\u1edaI THI\u1ec6U C\u00d4NG TY\",\"item\":\"https:\/\/asg.vn\/vi\/gioi-thieu-cong-ty\/\"},{\"@type\":\"ListItem\",\"position\":3,\"name\":\"L\u1eddi c\u1ee7a ch\u1ee7 t\u1ecbch\"}]},{\"@type\":\"WebSite\",\"@id\":\"https:\/\/asg.vn\/ja\/#website\",\"url\":\"https:\/\/asg.vn\/ja\/\",\"name\":\"C\u00f4ng ty TNHH ASG\",\"description\":\"Th\u00e0nh c\u00f4ng b\u1eb1ng s\u1ef1 t\u1eed t\u1ebf\",\"publisher\":{\"@id\":\"https:\/\/asg.vn\/ja\/#organization\"},\"potentialAction\":[{\"@type\":\"SearchAction\",\"target\":{\"@type\":\"EntryPoint\",\"urlTemplate\":\"https:\/\/asg.vn\/ja\/?s={search_term_string}\"},\"query-input\":\"required name=search_term_string\"}],\"inLanguage\":\"id\"},{\"@type\":\"Organization\",\"@id\":\"https:\/\/asg.vn\/ja\/#organization\",\"name\":\"C\u00f4ng ty TNHH ASG\",\"url\":\"https:\/\/asg.vn\/ja\/\",\"logo\":{\"@type\":\"ImageObject\",\"inLanguage\":\"id\",\"@id\":\"https:\/\/asg.vn\/ja\/#\/schema\/logo\/image\/\",\"url\":\"https:\/\/asg.vn\/wp-content\/uploads\/2023\/03\/z4110917483185_83f9ec26924715fb77663fd2b8bef540.jpg\",\"contentUrl\":\"https:\/\/asg.vn\/wp-content\/uploads\/2023\/03\/z4110917483185_83f9ec26924715fb77663fd2b8bef540.jpg\",\"width\":1038,\"height\":324,\"caption\":\"C\u00f4ng ty TNHH ASG\"},\"image\":{\"@id\":\"https:\/\/asg.vn\/ja\/#\/schema\/logo\/image\/\"},\"sameAs\":[\"https:\/\/www.facebook.com\/congtyasgvietnam\"]}]}<\/script>\n<!-- \/ Yoast SEO plugin. -->","yoast_head_json":{"title":"L\u1eddi c\u1ee7a ch\u1ee7 t\u1ecbch - C\u00f4ng ty TNHH ASG","robots":{"index":"index","follow":"follow","max-snippet":"max-snippet:-1","max-image-preview":"max-image-preview:large","max-video-preview":"max-video-preview:-1"},"canonical":"https:\/\/asg.vn\/id\/gioi-thieu-cong-ty\/loi-cua-chu-tich\/","og_locale":"id_ID","og_type":"article","og_title":"L\u1eddi c\u1ee7a ch\u1ee7 t\u1ecbch - C\u00f4ng ty TNHH ASG","og_url":"https:\/\/asg.vn\/id\/gioi-thieu-cong-ty\/loi-cua-chu-tich\/","og_site_name":"C\u00f4ng ty TNHH ASG","article_publisher":"https:\/\/www.facebook.com\/congtyasgvietnam","article_modified_time":"2024-03-29T09:49:46+00:00","twitter_card":"summary_large_image","twitter_misc":{"Estimasi waktu membaca":"3 menit"},"schema":{"@context":"https:\/\/schema.org","@graph":[{"@type":"WebPage","@id":"https:\/\/asg.vn\/vi\/gioi-thieu-cong-ty\/loi-cua-chu-tich\/","url":"https:\/\/asg.vn\/vi\/gioi-thieu-cong-ty\/loi-cua-chu-tich\/","name":"L\u1eddi c\u1ee7a ch\u1ee7 t\u1ecbch - C\u00f4ng ty TNHH ASG","isPartOf":{"@id":"https:\/\/asg.vn\/ja\/#website"},"datePublished":"2024-03-09T05:35:10+00:00","dateModified":"2024-03-29T09:49:46+00:00","breadcrumb":{"@id":"https:\/\/asg.vn\/vi\/gioi-thieu-cong-ty\/loi-cua-chu-tich\/#breadcrumb"},"inLanguage":"id","potentialAction":[{"@type":"ReadAction","target":["https:\/\/asg.vn\/vi\/gioi-thieu-cong-ty\/loi-cua-chu-tich\/"]}]},{"@type":"BreadcrumbList","@id":"https:\/\/asg.vn\/vi\/gioi-thieu-cong-ty\/loi-cua-chu-tich\/#breadcrumb","itemListElement":[{"@type":"ListItem","position":1,"name":"Home","item":"https:\/\/asg.vn\/ja\/"},{"@type":"ListItem","position":2,"name":"GI\u1edaI THI\u1ec6U C\u00d4NG TY","item":"https:\/\/asg.vn\/vi\/gioi-thieu-cong-ty\/"},{"@type":"ListItem","position":3,"name":"L\u1eddi c\u1ee7a ch\u1ee7 t\u1ecbch"}]},{"@type":"WebSite","@id":"https:\/\/asg.vn\/ja\/#website","url":"https:\/\/asg.vn\/ja\/","name":"C\u00f4ng ty TNHH ASG","description":"Th\u00e0nh c\u00f4ng b\u1eb1ng s\u1ef1 t\u1eed t\u1ebf","publisher":{"@id":"https:\/\/asg.vn\/ja\/#organization"},"potentialAction":[{"@type":"SearchAction","target":{"@type":"EntryPoint","urlTemplate":"https:\/\/asg.vn\/ja\/?s={search_term_string}"},"query-input":"required name=search_term_string"}],"inLanguage":"id"},{"@type":"Organization","@id":"https:\/\/asg.vn\/ja\/#organization","name":"C\u00f4ng ty TNHH ASG","url":"https:\/\/asg.vn\/ja\/","logo":{"@type":"ImageObject","inLanguage":"id","@id":"https:\/\/asg.vn\/ja\/#\/schema\/logo\/image\/","url":"https:\/\/asg.vn\/wp-content\/uploads\/2023\/03\/z4110917483185_83f9ec26924715fb77663fd2b8bef540.jpg","contentUrl":"https:\/\/asg.vn\/wp-content\/uploads\/2023\/03\/z4110917483185_83f9ec26924715fb77663fd2b8bef540.jpg","width":1038,"height":324,"caption":"C\u00f4ng ty TNHH ASG"},"image":{"@id":"https:\/\/asg.vn\/ja\/#\/schema\/logo\/image\/"},"sameAs":["https:\/\/www.facebook.com\/congtyasgvietnam"]}]}},"_links":{"self":[{"href":"https:\/\/asg.vn\/id\/wp-json\/wp\/v2\/pages\/4042"}],"collection":[{"href":"https:\/\/asg.vn\/id\/wp-json\/wp\/v2\/pages"}],"about":[{"href":"https:\/\/asg.vn\/id\/wp-json\/wp\/v2\/types\/page"}],"author":[{"embeddable":true,"href":"https:\/\/asg.vn\/id\/wp-json\/wp\/v2\/users\/24"}],"replies":[{"embeddable":true,"href":"https:\/\/asg.vn\/id\/wp-json\/wp\/v2\/comments?post=4042"}],"version-history":[{"count":9,"href":"https:\/\/asg.vn\/id\/wp-json\/wp\/v2\/pages\/4042\/revisions"}],"predecessor-version":[{"id":4400,"href":"https:\/\/asg.vn\/id\/wp-json\/wp\/v2\/pages\/4042\/revisions\/4400"}],"up":[{"embeddable":true,"href":"https:\/\/asg.vn\/id\/wp-json\/wp\/v2\/pages\/61"}],"wp:attachment":[{"href":"https:\/\/asg.vn\/id\/wp-json\/wp\/v2\/media?parent=4042"}],"curies":[{"name":"wp","href":"https:\/\/api.w.org\/{rel}","templated":true}]}}