{"id":3193,"date":"2023-04-06T08:50:26","date_gmt":"2023-04-06T01:50:26","guid":{"rendered":"https:\/\/asg.vn\/?page_id=3193"},"modified":"2024-05-30T16:14:32","modified_gmt":"2024-05-30T09:14:32","slug":"nozzle-cho-may-ep-nhua","status":"publish","type":"page","link":"https:\/\/asg.vn\/id\/nozzle-cho-may-ep-nhua\/","title":{"rendered":"Nozzle cho m\u00e1y \u00e9p nh\u1ef1a"},"content":{"rendered":"<section class=\"section\" id=\"section_1491676660\">\n\t\t<div class=\"bg section-bg fill bg-fill bg-loaded bg-loaded\" >\n\n\t\t\t\n\t\t\t<div class=\"section-bg-overlay absolute fill\"><\/div>\n\t\t\t\n\n\t\t<\/div>\n\n\t\t\n\n\t\t<div class=\"section-content relative\">\n\t\t\t\n<div class=\"row\"  id=\"row-1835592973\">\n\n\t<div id=\"col-1657201199\" class=\"col small-12 large-12\"  >\n\t\t\t\t<div class=\"col-inner\" style=\"background-color:rgb(255,255,255);\" >\n\t\t\t\n\t\t\t\n<div class=\"row\"  id=\"row-2051086248\">\n\n\t<div id=\"col-798390722\" class=\"col medium-6 small-12 large-6\"  >\n\t\t\t\t<div class=\"col-inner\"  >\n\t\t\t\n\t\t\t\n<a class=\"button secondary is-outline is-smaller\"  style=\"border-radius:99px;\">\n    <span>Set Ujung Sekrup<\/span>\n  <\/a>\n\n<h2>Nozzle<\/h2>\n<p><strong>Kami<\/strong>\u00a0memproduksi <strong>Nozzle<\/strong> menggunakan teknologi paling canggih untuk memastikan kesesuaian komponen dalam proses produksi yang berkelanjutan bagi pelanggan kami. Menciptakan produk-produk plastik dan komponen-komponen plastik untuk berbagai jenis peralatan dan perangkat seperti penerbangan, kesehatan, otomotif, sepeda motor, elektronik, dan peralatan rumah tangga.<\/p>\n<div class=\"row\"  id=\"row-1030883352\">\n\n\t<div id=\"col-312884456\" class=\"col medium-6 small-12 large-6\"  >\n\t\t\t\t<div class=\"col-inner\"  >\n\t\t\t\n\t\t\t\n\t<div id=\"text-992290108\" class=\"text\">\n\t\t\n<p><i class=\"fa-solid fa-file-pdf\"><\/i> <a href=\"https:\/\/asg.vn\/wp-content\/uploads\/2024\/05\/18.11.Kazuo_.pdf\"><strong>Unduh Katalog<\/strong><\/a><br \/>\n\t\t\n<style>\n#text-992290108 {\n  font-size: 1.1rem;\n  color: rgb(204, 51, 4);\n}\n#text-992290108 > * {\n  color: rgb(204, 51, 4);\n}\n<\/style>\n\t<\/div>\n\t\n\t\t<\/div>\n\t\t\t\t\t<\/div>\n\n\t\n\n\t<div id=\"col-1921313947\" class=\"col medium-6 small-12 large-6\"  >\n\t\t\t\t<div class=\"col-inner\"  >\n\t\t\t\n\t\t\t\n\t<div id=\"text-3141361540\" class=\"text\">\n\t\t\n<p><i class=\"fa-brands fa-youtube\"><\/i> <a href=\"https:\/\/youtu.be\/_J9TvG4kdr8\"><strong>Video Produk<\/strong><\/a><\/p>\n\t\t\n<style>\n#text-3141361540 {\n  font-size: 1.1rem;\n  color: rgb(204, 51, 4);\n}\n#text-3141361540 > * {\n  color: rgb(204, 51, 4);\n}\n<\/style>\n\t<\/div>\n\t\n\t\t<\/div>\n\t\t\t\t\t<\/div>\n\n\t\n<\/div>\n\t\t<\/div>\n\t\t\t\t\n<style>\n#col-798390722 > .col-inner {\n  padding: 30px 30px 30px 30px;\n  margin: 0px 0px 0px 0px;\n}\n<\/style>\n\t<\/div>\n\n\t\n\n\t<div id=\"col-1120054049\" class=\"col medium-6 small-12 large-6\"  >\n\t\t\t\t<div class=\"col-inner\"  >\n\t\t\t\n\t\t\t\n\t<div class=\"img has-hover x md-x lg-x y md-y lg-y\" id=\"image_1878314676\">\n\t\t\t\t\t\t\t\t<div class=\"img-inner dark\" >\n\t\t\t<img loading=\"lazy\" decoding=\"async\" width=\"1000\" height=\"1000\" src=\"https:\/\/asg.vn\/wp-content\/uploads\/2024\/03\/z5227389780273_658a6f0da42953bf93f256c7bd1c8f87.png\" class=\"attachment-original size-original\" alt=\"\" srcset=\"https:\/\/asg.vn\/wp-content\/uploads\/2024\/03\/z5227389780273_658a6f0da42953bf93f256c7bd1c8f87.png 1000w, https:\/\/asg.vn\/wp-content\/uploads\/2024\/03\/z5227389780273_658a6f0da42953bf93f256c7bd1c8f87-768x768.png 768w\" sizes=\"(max-width: 1000px) 100vw, 1000px\" \/>\t\t\t\t\t\t\n\t\t\t\t\t<\/div>\n\t\t\t\t\t\t\t\t\n<style>\n#image_1878314676 {\n  width: 100%;\n}\n<\/style>\n\t<\/div>\n\t\n\t\t<\/div>\n\t\t\t\t\n<style>\n#col-1120054049 > .col-inner {\n  padding: 30px 30px 30px 30px;\n}\n<\/style>\n\t<\/div>\n\n\t\n<\/div>\n\t\t<\/div>\n\t\t\t\t\t<\/div>\n\n\t\n<\/div>\n\t\t<\/div>\n\n\t\t\n<style>\n#section_1491676660 {\n  padding-top: 30px;\n  padding-bottom: 30px;\n}\n#section_1491676660 .section-bg-overlay {\n  background-color: rgba(32, 56, 98, 0.041);\n}\n<\/style>\n\t<\/section>\n\t\n\t<section class=\"section\" id=\"section_2009833142\">\n\t\t<div class=\"bg section-bg fill bg-fill bg-loaded bg-loaded\" >\n\n\t\t\t\n\t\t\t\n\t\t\t\n\n\t\t<\/div>\n\n\t\t\n\n\t\t<div class=\"section-content relative\">\n\t\t\t\n<div class=\"row\"  id=\"row-1665389241\">\n\n\t<div id=\"col-1928990506\" class=\"col small-12 large-12\"  >\n\t\t\t\t<div class=\"col-inner\"  >\n\t\t\t\n\t\t\t\n<h2>1. Struktur Nozzle Mesin Injeksi Molding<\/h2>\n<p>Nozzle untuk mesin injeksi molding, atau yang sering disebut sebagai kepala semprot mesin injeksi molding. Kepala ini dipasang pada silinder dalam dua bentuk tergantung pada struktur masing-masing silinder.<\/p>\n<p>Dipasang langsung dengan pengencang baut atau pengencang ulir.<br \/>\nDipasang secara tidak langsung melalui adaptor (Nozzle Adapter), artinya kepala Nozzle dipasang pada Adapter dan Adapter dipasang pada Silinder.<\/p>\n<figure style=\"width: 542px\" class=\"wp-caption aligncenter\"><img loading=\"lazy\" decoding=\"async\" class=\"\" src=\"https:\/\/asg.vn\/wp-content\/uploads\/2023\/04\/seihin1-26-1.jpg\" sizes=\"(max-width: 1024px) 100vw, 1024px\" srcset=\"https:\/\/asg.vn\/wp-content\/uploads\/2023\/04\/seihin1-26-1.jpg 1024w, https:\/\/asg.vn\/wp-content\/uploads\/2023\/04\/seihin1-26-1-300x243.jpg 300w, https:\/\/asg.vn\/wp-content\/uploads\/2023\/04\/seihin1-26-1-768x622.jpg 768w\" alt=\"nozzle m\u00e1y \u00e9p nh\u1ef1a\" width=\"542\" height=\"439\" \/><figcaption class=\"wp-caption-text\">C\u1ea5u t\u1ea1o nozzle m\u00e1y \u00e9p nh\u1ef1a<\/figcaption><\/figure>\n<figure><figcaption><\/figcaption><\/figure>\n<p>Fungsi utama Nozzle (kepala semprot) adalah untuk mengarahkan aliran plastik cair ke dalam cetakan. Nozzle berkontak langsung dengan bagian awal cetakan. Selain itu, tergantung pada kasus spesifik, ada juga fungsi tambahan lainnya.<\/p>\n<h3>Jenis Umum<\/h3>\n<figure style=\"width: 500px\" class=\"wp-caption aligncenter\"><img loading=\"lazy\" decoding=\"async\" src=\"https:\/\/asg.vn\/wp-content\/uploads\/2023\/04\/cau-tao-nozzle-may-ep-nhua.gif\" alt=\"c\u1ea5u t\u1ea1o nozzle m\u00e1y \u00e9p nh\u1ef1a\" width=\"500\" height=\"325\" \/><figcaption class=\"wp-caption-text\">Berbagai jenis kepala semprot umum<\/figcaption><\/figure>\n<h3>Jenis-jenis nozzle khusus:<\/h3>\n<ul style=\"list-style-type: circle;\">\n<li><strong>Tr\u1ed9n nh\u1ef1a (Mixing nozzle): <\/strong>Mixing nozzle: Ketika produk yang diproduksi memiliki warna (bukan hitam, putih, atau transparan), ketidakmerataan pencampuran butiran warna dengan plastik menghasilkan ketidakstabilan warna produk. Nozzle pencampur plastik memiliki fungsi untuk mencampur aliran plastik sehingga aliran plastik berwarna dicampur secara merata, meningkatkan stabilitas warna produk. Untuk mengatasi masalah ketidakmerataan pencampuran warna plastik, ASG menawarkan solusi menggunakan nozzle pencampur. Nozzle pencampur biasanya dibersihkan tanpa perlu dibongkar, proses pembersihan dilakukan dengan polimer pelarut baru. Berkat bentuk nozzle yang optimal, tidak ada sisa atau daerah mati, sehingga pencampuran plastik dan warna berjalan sempurna hanya dalam beberapa siklus injeksi. Hal ini secara efektif mencegah kehilangan material yang tidak perlu dan waktu pembersihan plastik dalam mesin. <strong>Mixing nozzle<\/strong> Untuk mengatasi masalah ketidakmerataan pencampuran warna plastik, ASG menawarkan solusi menggunakan nozzle pencampur. Nozzle pencampur biasanya dibersihkan tanpa perlu dibongkar, proses pembersihan dilakukan dengan polimer pelarut baru. Berkat bentuk nozzle yang optimal, tidak ada sisa atau daerah mati, sehingga pencampuran plastik dan warna berjalan sempurna hanya dalam beberapa siklus injeksi. Hal ini secara efektif mencegah kehilangan material yang tidak perlu dan waktu pembersihan plastik dalam mesin.\n<figure id=\"attachment_4696\" aria-describedby=\"caption-attachment-4696\" style=\"width: 361px\" class=\"wp-caption aligncenter\"><img loading=\"lazy\" decoding=\"async\" class=\"wp-image-4696 size-full\" src=\"https:\/\/asg.vn\/wp-content\/uploads\/2024\/05\/Capture.jpg\" alt=\"\" width=\"361\" height=\"183\" srcset=\"https:\/\/asg.vn\/wp-content\/uploads\/2024\/05\/Capture.jpg 361w, https:\/\/asg.vn\/wp-content\/uploads\/2024\/05\/Capture-18x9.jpg 18w\" sizes=\"(max-width: 361px) 100vw, 361px\" \/><figcaption id=\"caption-attachment-4696\" class=\"wp-caption-text\">M\u1ed9t d\u1ea1ng \u0111\u1ea7u phun nh\u1ef1a d\u1ea1ng tr\u1ed9n<\/figcaption><\/figure><\/li>\n<li><strong>Shut-off nozzle<\/strong>Shut-off nozzle berbeda dari nozzle biasa karena dapat menghentikan aliran saat tidak melakukan penyemprotan. Cocok digunakan untuk jenis plastik dengan viskositas rendah, rentan bocor dari ujung nozzle. Dengan pengalaman desain yang lama, ASG akan memberikan saran dan desain optimal sesuai dengan jenis mesin cetak injeksi plastik. Ada dua jenis shut-off nozzle: otomatis dan manual.<br \/>\n1. <em><strong>1. Nozzle otomatis:<\/strong><\/em>Jarum penyemprot menutup lubang nozzle dengan tekanan pegas. Ketika tekanan semprotan meningkat, plastik akan mendorong jarum mundur dan membuka nozzle. Ketika tekanan dalam nozzle mencapai titik tertentu, itu berhasil mendorong jarum mundur lagi. Oleh karena itu, akan ada tekanan minimum yang dibutuhkan agar proses pembukaan mengatasi gaya pegas. Ketika nozzle terbuka, tekanan akan kembali turun dan jarum yang dioperasikan pegas akan menutup lubang nozzle.<\/p>\n<figure style=\"width: 639px\" class=\"wp-caption aligncenter\"><img loading=\"lazy\" decoding=\"async\" src=\"https:\/\/asg.vn\/wp-content\/uploads\/2023\/04\/Plastic-Injection-Molding-Machine-Spring-Shut-off-Nozzle.jpg\" sizes=\"(max-width: 994px) 100vw, 994px\" srcset=\"https:\/\/asg.vn\/wp-content\/uploads\/2023\/04\/Plastic-Injection-Molding-Machine-Spring-Shut-off-Nozzle.jpg 994w, https:\/\/asg.vn\/wp-content\/uploads\/2023\/04\/Plastic-Injection-Molding-Machine-Spring-Shut-off-Nozzle-300x159.jpg 300w, https:\/\/asg.vn\/wp-content\/uploads\/2023\/04\/Plastic-Injection-Molding-Machine-Spring-Shut-off-Nozzle-768x406.jpg 768w\" alt=\"Plastic-Injection-Molding-Machine-Spring-Shut-off-Nozzle\" width=\"639\" height=\"338\" \/><figcaption class=\"wp-caption-text\">1. Nozzle otomatis:<\/figcaption><\/figure>\n<p>2. <strong><em>2. Nozzle manual:<\/em><\/strong>Nozzle dibuka dengan gaya eksternal, tidak tergantung pada tekanan aliran plastik. Operasi penyemprotan shut-off nozzle dikendalikan oleh hidrolik atau udara terkompresi. Nozzle jenis ini memiliki berbagai cara untuk menutup aliran. Karena mereka beroperasi secara independen dari tekanan aliran plastik, mereka dapat digunakan untuk berbagai aplikasi seperti pra-pemampatan panas, pembentukan busa fisik dan kimia, dan penyemprotan kecepatan tinggi.<\/li>\n<\/ul>\n<figure id=\"attachment_4697\" aria-describedby=\"caption-attachment-4697\" style=\"width: 535px\" class=\"wp-caption aligncenter\"><img loading=\"lazy\" decoding=\"async\" class=\"wp-image-4697\" src=\"https:\/\/asg.vn\/wp-content\/uploads\/2024\/05\/Capture-1.jpg\" alt=\"\" width=\"535\" height=\"403\" srcset=\"https:\/\/asg.vn\/wp-content\/uploads\/2024\/05\/Capture-1.jpg 739w, https:\/\/asg.vn\/wp-content\/uploads\/2024\/05\/Capture-1-16x12.jpg 16w\" sizes=\"(max-width: 535px) 100vw, 535px\" \/><figcaption id=\"caption-attachment-4697\" class=\"wp-caption-text\">V\u00f2i phun \u0111i\u1ec1u ch\u1ec9nh b\u1eb1ng ngo\u1ea1i l\u1ef1c (kh\u00ed n\u00e9n \/ th\u1ee7y l\u1ef1c)<\/figcaption><\/figure>\n<p>.<\/p>\n<h2>2. Ruang Lingkup Pembuatan<\/h2>\n<ul>\n<li>Kami memproduksi semua jenis Nozzle untuk mesin injeksi molding sesuai permintaan.\n<ul>\n<li>\u00a0Diameter mulai dari <strong>D12mm &#8211;\u00a0 D200mm<\/strong><\/li>\n<\/ul>\n<\/li>\n<\/ul>\n<h2>3. Aplikasi<\/h2>\n<ul>\n<li>Persentase serat kaca dalam plastik dari 0%GF hingga 65%GF.<\/li>\n<li>Jenis plastik yang digunakan oleh pelanggan:<\/li>\n<li>Plastik tidak korosif: PET, PP, PC, ABS...<\/li>\n<li>Plastik korosif: PA, PA6, PA9T, PPS, LCP...<\/li>\n<li>Plastik bening dengan viskositas tinggi: PC bening, PC berwarna.<\/li>\n<li>Plastik dengan kekerasan tinggi: Bakelite.<\/li>\n<\/ul>\n<h2>4. Metode Pembuatan<\/h2>\n<p>Menggunakan berbagai jenis paduan logam dengan kekuatan tinggi, dipanaskan dalam lingkungan hampa udara, menghasilkan produk dengan sifat mekanis tertinggi dari berbagai jenis baja yang dipilih secara hati-hati untuk pembuatan. Posisi penting dari komponen diperkuat dengan paduan logam khusus untuk meningkatkan umur pakai komponen.<\/p>\n<h2>5. Proses Penyediaan Produk<\/h2>\n<p><strong>Langkah 1:<\/strong> Anda mengirimkan permintaan penawaran kepada kami yang mencakup informasi berikut:<\/p>\n<ul>\n<li>Nama lengkap model mesin atau foto model mesin<\/li>\n<li>Spesifikasi diameter dan panjang komponen<\/li>\n<li>Model plastik yang digunakan atau foto kemasan plastik untuk memilih bahan dan teknologi pembuatan komponen yang sesuai<\/li>\n<\/ul>\n<p><strong>Langkah 2:<\/strong> ASG Vietnam mengirimkan penawaran harga kepada Anda.<\/p>\n<p><strong>Langkah 3:<\/strong>\u00a0Anda mengirimkan pesanan.<\/p>\n<p><strong>Langkah 4:<\/strong> Dalam sebagian besar kasus, kami sudah memiliki gambar pembuatan. Dalam beberapa kasus di mana kami belum memiliki gambar, kami akan datang ke pabrik Anda untuk mengukur dan membuat gambar.<\/p>\n<p><strong>Langkah 5:<\/strong> Produksi dan pengendalian kualitas produk sesuai standar ISO 9001:2005.<\/p>\n<p><strong>Langkah 6:<\/strong> Pengiriman.<\/p>\n<p><strong>Langkah 7:<\/strong> Pembayaran nilai pesanan.<\/p>\n<h2>4. Ch\u1ebf \u0111\u1ed9 b\u1ea3o h\u00e0nh<\/h2>\n<p>Garansi 1 tahun untuk semua komponen.<\/p>\n<p><strong>Silinder sekrup ASG \u2013 <\/strong><strong>\u2013 kualitas menciptakan kepercayaan<\/strong><\/p>\n\t\t<\/div>\n\t\t\t\t\t<\/div>\n\n\t\n<\/div>\n\t\t<\/div>\n\n\t\t\n<style>\n#section_2009833142 {\n  padding-top: 30px;\n  padding-bottom: 30px;\n}\n<\/style>\n\t<\/section>","protected":false},"excerpt":{"rendered":"","protected":false},"author":24,"featured_media":3189,"parent":0,"menu_order":0,"comment_status":"closed","ping_status":"closed","template":"page-blank.php","meta":{"inline_featured_image":false,"footnotes":""},"yoast_head":"<!-- This site is optimized with the Yoast SEO plugin v22.5 - https:\/\/yoast.com\/wordpress\/plugins\/seo\/ -->\n<title>Nozzle cho m\u00e1y \u00e9p nh\u1ef1a - C\u00f4ng ty TNHH ASG<\/title>\n<meta name=\"description\" content=\"C\u00f4ng ty ASG l\u00e0 \u0111\u01a1n v\u1ecb ti\u00ean phong s\u1ea3n xu\u1ea5t Nozzle cho m\u00e1y \u00e9p nh\u1ef1a \u0111\u1ea1t ti\u00eau chu\u1ea9n s\u1eed d\u1ee5ng cho ng\u00e0nh \u00e9p nh\u1ef1a k\u1ef9 thu\u1eadt cao.\" \/>\n<meta name=\"robots\" content=\"index, follow, max-snippet:-1, max-image-preview:large, max-video-preview:-1\" \/>\n<link rel=\"canonical\" href=\"https:\/\/asg.vn\/id\/nozzle-cho-may-ep-nhua\/\" \/>\n<meta property=\"og:locale\" content=\"id_ID\" \/>\n<meta property=\"og:type\" content=\"article\" \/>\n<meta property=\"og:title\" content=\"Nozzle cho m\u00e1y \u00e9p nh\u1ef1a - C\u00f4ng ty TNHH ASG\" \/>\n<meta property=\"og:description\" content=\"C\u00f4ng ty ASG l\u00e0 \u0111\u01a1n v\u1ecb ti\u00ean phong s\u1ea3n xu\u1ea5t Nozzle cho m\u00e1y \u00e9p nh\u1ef1a \u0111\u1ea1t ti\u00eau chu\u1ea9n s\u1eed d\u1ee5ng cho ng\u00e0nh \u00e9p nh\u1ef1a k\u1ef9 thu\u1eadt cao.\" \/>\n<meta property=\"og:url\" content=\"https:\/\/asg.vn\/id\/nozzle-cho-may-ep-nhua\/\" \/>\n<meta property=\"og:site_name\" content=\"C\u00f4ng ty TNHH ASG\" \/>\n<meta property=\"article:publisher\" content=\"https:\/\/www.facebook.com\/congtyasgvietnam\" \/>\n<meta property=\"article:modified_time\" content=\"2024-05-30T09:14:32+00:00\" \/>\n<meta property=\"og:image\" content=\"https:\/\/asg.vn\/wp-content\/uploads\/2023\/04\/Nozzle-2.png\" \/>\n\t<meta property=\"og:image:width\" content=\"700\" \/>\n\t<meta property=\"og:image:height\" content=\"517\" \/>\n\t<meta property=\"og:image:type\" content=\"image\/png\" \/>\n<meta name=\"twitter:card\" content=\"summary_large_image\" \/>\n<meta name=\"twitter:label1\" content=\"Estimasi waktu membaca\" \/>\n\t<meta name=\"twitter:data1\" content=\"8 menit\" \/>\n<script type=\"application\/ld+json\" class=\"yoast-schema-graph\">{\"@context\":\"https:\/\/schema.org\",\"@graph\":[{\"@type\":\"WebPage\",\"@id\":\"https:\/\/asg.vn\/vi\/nozzle-cho-may-ep-nhua\/\",\"url\":\"https:\/\/asg.vn\/vi\/nozzle-cho-may-ep-nhua\/\",\"name\":\"Nozzle cho m\u00e1y \u00e9p nh\u1ef1a - C\u00f4ng ty TNHH ASG\",\"isPartOf\":{\"@id\":\"https:\/\/asg.vn\/ja\/#website\"},\"primaryImageOfPage\":{\"@id\":\"https:\/\/asg.vn\/vi\/nozzle-cho-may-ep-nhua\/#primaryimage\"},\"image\":{\"@id\":\"https:\/\/asg.vn\/vi\/nozzle-cho-may-ep-nhua\/#primaryimage\"},\"thumbnailUrl\":\"https:\/\/asg.vn\/wp-content\/uploads\/2023\/04\/Nozzle-2.png\",\"datePublished\":\"2023-04-06T01:50:26+00:00\",\"dateModified\":\"2024-05-30T09:14:32+00:00\",\"description\":\"C\u00f4ng ty ASG l\u00e0 \u0111\u01a1n v\u1ecb ti\u00ean phong s\u1ea3n xu\u1ea5t Nozzle cho m\u00e1y \u00e9p nh\u1ef1a \u0111\u1ea1t ti\u00eau chu\u1ea9n s\u1eed d\u1ee5ng cho ng\u00e0nh \u00e9p nh\u1ef1a k\u1ef9 thu\u1eadt cao.\",\"breadcrumb\":{\"@id\":\"https:\/\/asg.vn\/vi\/nozzle-cho-may-ep-nhua\/#breadcrumb\"},\"inLanguage\":\"id\",\"potentialAction\":[{\"@type\":\"ReadAction\",\"target\":[\"https:\/\/asg.vn\/vi\/nozzle-cho-may-ep-nhua\/\"]}]},{\"@type\":\"ImageObject\",\"inLanguage\":\"id\",\"@id\":\"https:\/\/asg.vn\/vi\/nozzle-cho-may-ep-nhua\/#primaryimage\",\"url\":\"https:\/\/asg.vn\/wp-content\/uploads\/2023\/04\/Nozzle-2.png\",\"contentUrl\":\"https:\/\/asg.vn\/wp-content\/uploads\/2023\/04\/Nozzle-2.png\",\"width\":700,\"height\":517,\"caption\":\"Adapter cho m\u00e1y \u00e9p nh\u1ef1a\"},{\"@type\":\"BreadcrumbList\",\"@id\":\"https:\/\/asg.vn\/vi\/nozzle-cho-may-ep-nhua\/#breadcrumb\",\"itemListElement\":[{\"@type\":\"ListItem\",\"position\":1,\"name\":\"Home\",\"item\":\"https:\/\/asg.vn\/ja\/\"},{\"@type\":\"ListItem\",\"position\":2,\"name\":\"Nozzle cho m\u00e1y \u00e9p nh\u1ef1a\"}]},{\"@type\":\"WebSite\",\"@id\":\"https:\/\/asg.vn\/ja\/#website\",\"url\":\"https:\/\/asg.vn\/ja\/\",\"name\":\"C\u00f4ng ty TNHH ASG\",\"description\":\"Th\u00e0nh c\u00f4ng b\u1eb1ng s\u1ef1 t\u1eed t\u1ebf\",\"publisher\":{\"@id\":\"https:\/\/asg.vn\/ja\/#organization\"},\"potentialAction\":[{\"@type\":\"SearchAction\",\"target\":{\"@type\":\"EntryPoint\",\"urlTemplate\":\"https:\/\/asg.vn\/ja\/?s={search_term_string}\"},\"query-input\":\"required name=search_term_string\"}],\"inLanguage\":\"id\"},{\"@type\":\"Organization\",\"@id\":\"https:\/\/asg.vn\/ja\/#organization\",\"name\":\"C\u00f4ng ty TNHH ASG\",\"url\":\"https:\/\/asg.vn\/ja\/\",\"logo\":{\"@type\":\"ImageObject\",\"inLanguage\":\"id\",\"@id\":\"https:\/\/asg.vn\/ja\/#\/schema\/logo\/image\/\",\"url\":\"https:\/\/asg.vn\/wp-content\/uploads\/2023\/03\/z4110917483185_83f9ec26924715fb77663fd2b8bef540.jpg\",\"contentUrl\":\"https:\/\/asg.vn\/wp-content\/uploads\/2023\/03\/z4110917483185_83f9ec26924715fb77663fd2b8bef540.jpg\",\"width\":1038,\"height\":324,\"caption\":\"C\u00f4ng ty TNHH ASG\"},\"image\":{\"@id\":\"https:\/\/asg.vn\/ja\/#\/schema\/logo\/image\/\"},\"sameAs\":[\"https:\/\/www.facebook.com\/congtyasgvietnam\"]}]}<\/script>\n<!-- \/ Yoast SEO plugin. -->","yoast_head_json":{"title":"Nozzle cho m\u00e1y \u00e9p nh\u1ef1a - C\u00f4ng ty TNHH ASG","description":"C\u00f4ng ty ASG l\u00e0 \u0111\u01a1n v\u1ecb ti\u00ean phong s\u1ea3n xu\u1ea5t Nozzle cho m\u00e1y \u00e9p nh\u1ef1a \u0111\u1ea1t ti\u00eau chu\u1ea9n s\u1eed d\u1ee5ng cho ng\u00e0nh \u00e9p nh\u1ef1a k\u1ef9 thu\u1eadt cao.","robots":{"index":"index","follow":"follow","max-snippet":"max-snippet:-1","max-image-preview":"max-image-preview:large","max-video-preview":"max-video-preview:-1"},"canonical":"https:\/\/asg.vn\/id\/nozzle-cho-may-ep-nhua\/","og_locale":"id_ID","og_type":"article","og_title":"Nozzle cho m\u00e1y \u00e9p nh\u1ef1a - C\u00f4ng ty TNHH ASG","og_description":"C\u00f4ng ty ASG l\u00e0 \u0111\u01a1n v\u1ecb ti\u00ean phong s\u1ea3n xu\u1ea5t Nozzle cho m\u00e1y \u00e9p nh\u1ef1a \u0111\u1ea1t ti\u00eau chu\u1ea9n s\u1eed d\u1ee5ng cho ng\u00e0nh \u00e9p nh\u1ef1a k\u1ef9 thu\u1eadt cao.","og_url":"https:\/\/asg.vn\/id\/nozzle-cho-may-ep-nhua\/","og_site_name":"C\u00f4ng ty TNHH ASG","article_publisher":"https:\/\/www.facebook.com\/congtyasgvietnam","article_modified_time":"2024-05-30T09:14:32+00:00","og_image":[{"width":700,"height":517,"url":"https:\/\/asg.vn\/wp-content\/uploads\/2023\/04\/Nozzle-2.png","type":"image\/png"}],"twitter_card":"summary_large_image","twitter_misc":{"Estimasi waktu membaca":"8 menit"},"schema":{"@context":"https:\/\/schema.org","@graph":[{"@type":"WebPage","@id":"https:\/\/asg.vn\/vi\/nozzle-cho-may-ep-nhua\/","url":"https:\/\/asg.vn\/vi\/nozzle-cho-may-ep-nhua\/","name":"Nozzle cho m\u00e1y \u00e9p nh\u1ef1a - C\u00f4ng ty TNHH ASG","isPartOf":{"@id":"https:\/\/asg.vn\/ja\/#website"},"primaryImageOfPage":{"@id":"https:\/\/asg.vn\/vi\/nozzle-cho-may-ep-nhua\/#primaryimage"},"image":{"@id":"https:\/\/asg.vn\/vi\/nozzle-cho-may-ep-nhua\/#primaryimage"},"thumbnailUrl":"https:\/\/asg.vn\/wp-content\/uploads\/2023\/04\/Nozzle-2.png","datePublished":"2023-04-06T01:50:26+00:00","dateModified":"2024-05-30T09:14:32+00:00","description":"C\u00f4ng ty ASG l\u00e0 \u0111\u01a1n v\u1ecb ti\u00ean phong s\u1ea3n xu\u1ea5t Nozzle cho m\u00e1y \u00e9p nh\u1ef1a \u0111\u1ea1t ti\u00eau chu\u1ea9n s\u1eed d\u1ee5ng cho ng\u00e0nh \u00e9p nh\u1ef1a k\u1ef9 thu\u1eadt cao.","breadcrumb":{"@id":"https:\/\/asg.vn\/vi\/nozzle-cho-may-ep-nhua\/#breadcrumb"},"inLanguage":"id","potentialAction":[{"@type":"ReadAction","target":["https:\/\/asg.vn\/vi\/nozzle-cho-may-ep-nhua\/"]}]},{"@type":"ImageObject","inLanguage":"id","@id":"https:\/\/asg.vn\/vi\/nozzle-cho-may-ep-nhua\/#primaryimage","url":"https:\/\/asg.vn\/wp-content\/uploads\/2023\/04\/Nozzle-2.png","contentUrl":"https:\/\/asg.vn\/wp-content\/uploads\/2023\/04\/Nozzle-2.png","width":700,"height":517,"caption":"Adapter cho m\u00e1y \u00e9p nh\u1ef1a"},{"@type":"BreadcrumbList","@id":"https:\/\/asg.vn\/vi\/nozzle-cho-may-ep-nhua\/#breadcrumb","itemListElement":[{"@type":"ListItem","position":1,"name":"Home","item":"https:\/\/asg.vn\/ja\/"},{"@type":"ListItem","position":2,"name":"Nozzle cho m\u00e1y \u00e9p nh\u1ef1a"}]},{"@type":"WebSite","@id":"https:\/\/asg.vn\/ja\/#website","url":"https:\/\/asg.vn\/ja\/","name":"C\u00f4ng ty TNHH ASG","description":"Th\u00e0nh c\u00f4ng b\u1eb1ng s\u1ef1 t\u1eed t\u1ebf","publisher":{"@id":"https:\/\/asg.vn\/ja\/#organization"},"potentialAction":[{"@type":"SearchAction","target":{"@type":"EntryPoint","urlTemplate":"https:\/\/asg.vn\/ja\/?s={search_term_string}"},"query-input":"required name=search_term_string"}],"inLanguage":"id"},{"@type":"Organization","@id":"https:\/\/asg.vn\/ja\/#organization","name":"C\u00f4ng ty TNHH ASG","url":"https:\/\/asg.vn\/ja\/","logo":{"@type":"ImageObject","inLanguage":"id","@id":"https:\/\/asg.vn\/ja\/#\/schema\/logo\/image\/","url":"https:\/\/asg.vn\/wp-content\/uploads\/2023\/03\/z4110917483185_83f9ec26924715fb77663fd2b8bef540.jpg","contentUrl":"https:\/\/asg.vn\/wp-content\/uploads\/2023\/03\/z4110917483185_83f9ec26924715fb77663fd2b8bef540.jpg","width":1038,"height":324,"caption":"C\u00f4ng ty TNHH ASG"},"image":{"@id":"https:\/\/asg.vn\/ja\/#\/schema\/logo\/image\/"},"sameAs":["https:\/\/www.facebook.com\/congtyasgvietnam"]}]}},"_links":{"self":[{"href":"https:\/\/asg.vn\/id\/wp-json\/wp\/v2\/pages\/3193"}],"collection":[{"href":"https:\/\/asg.vn\/id\/wp-json\/wp\/v2\/pages"}],"about":[{"href":"https:\/\/asg.vn\/id\/wp-json\/wp\/v2\/types\/page"}],"author":[{"embeddable":true,"href":"https:\/\/asg.vn\/id\/wp-json\/wp\/v2\/users\/24"}],"replies":[{"embeddable":true,"href":"https:\/\/asg.vn\/id\/wp-json\/wp\/v2\/comments?post=3193"}],"version-history":[{"count":52,"href":"https:\/\/asg.vn\/id\/wp-json\/wp\/v2\/pages\/3193\/revisions"}],"predecessor-version":[{"id":4769,"href":"https:\/\/asg.vn\/id\/wp-json\/wp\/v2\/pages\/3193\/revisions\/4769"}],"wp:featuredmedia":[{"embeddable":true,"href":"https:\/\/asg.vn\/id\/wp-json\/wp\/v2\/media\/3189"}],"wp:attachment":[{"href":"https:\/\/asg.vn\/id\/wp-json\/wp\/v2\/media?parent=3193"}],"curies":[{"name":"wp","href":"https:\/\/api.w.org\/{rel}","templated":true}]}}