{"id":3174,"date":"2023-04-05T16:40:48","date_gmt":"2023-04-05T09:40:48","guid":{"rendered":"https:\/\/asg.vn\/?page_id=3174"},"modified":"2024-05-30T16:15:01","modified_gmt":"2024-05-30T09:15:01","slug":"adapter-cho-may-ep-nhua","status":"publish","type":"page","link":"https:\/\/asg.vn\/id\/adapter-cho-may-ep-nhua\/","title":{"rendered":"Adapter cho m\u00e1y \u00e9p nh\u1ef1a"},"content":{"rendered":"<section class=\"section\" id=\"section_1570450279\">\n\t\t<div class=\"bg section-bg fill bg-fill bg-loaded bg-loaded\" >\n\n\t\t\t\n\t\t\t<div class=\"section-bg-overlay absolute fill\"><\/div>\n\t\t\t\n\n\t\t<\/div>\n\n\t\t\n\n\t\t<div class=\"section-content relative\">\n\t\t\t\n<div class=\"row\"  id=\"row-1356620139\">\n\n\t<div id=\"col-777443054\" class=\"col small-12 large-12\"  >\n\t\t\t\t<div class=\"col-inner\" style=\"background-color:rgb(255,255,255);\" >\n\t\t\t\n\t\t\t\n<div class=\"row\"  id=\"row-1251473783\">\n\n\t<div id=\"col-837360166\" class=\"col medium-6 small-12 large-6\"  >\n\t\t\t\t<div class=\"col-inner\"  >\n\t\t\t\n\t\t\t\n<a class=\"button secondary is-outline is-smaller\"  style=\"border-radius:99px;\">\n    <span>Adapter<\/span>\n  <\/a>\n\n<h2>ADAPTER UNTUK MESIN INJEKSI MOLDING<\/h2>\n<p><strong>\u00a0 \u00a0Kami<\/strong>\u00a0memproduksi <strong>ADAPTER<\/strong> menggunakan teknologi paling canggih untuk memastikan kesesuaian komponen dalam proses produksi yang berkelanjutan bagi pelanggan kami. Menciptakan produk-produk plastik dan komponen-komponen plastik untuk berbagai jenis peralatan dan perangkat seperti penerbangan, kesehatan, otomotif, sepeda motor, elektronik, dan peralatan rumah tangga.<\/p>\n<div class=\"row\"  id=\"row-693663536\">\n\n\t<div id=\"col-1871869603\" class=\"col medium-6 small-12 large-6\"  >\n\t\t\t\t<div class=\"col-inner\"  >\n\t\t\t\n\t\t\t\n\t<div id=\"text-2845586527\" class=\"text\">\n\t\t\n<p><i class=\"fa-solid fa-file-pdf\"><\/i> <a href=\"https:\/\/asg.vn\/wp-content\/uploads\/2024\/05\/18.11.Kazuo_.pdf\"><strong>Unduh Katalog<\/strong><\/a><br \/>\n\t\t\n<style>\n#text-2845586527 {\n  color: rgb(204, 51, 4);\n}\n#text-2845586527 > * {\n  color: rgb(204, 51, 4);\n}\n<\/style>\n\t<\/div>\n\t\n\t\t<\/div>\n\t\t\t\t\t<\/div>\n\n\t\n\n\t<div id=\"col-1772211832\" class=\"col medium-6 small-12 large-6\"  >\n\t\t\t\t<div class=\"col-inner\"  >\n\t\t\t\n\t\t\t\n\t<div id=\"text-1772273021\" class=\"text\">\n\t\t\n<p><i class=\"fa-brands fa-youtube\"><\/i> <a href=\"https:\/\/youtu.be\/_J9TvG4kdr8\"><strong>Video Produk<\/strong><\/a><br \/>\n\t\t\n<style>\n#text-1772273021 {\n  color: rgb(204, 51, 4);\n}\n#text-1772273021 > * {\n  color: rgb(204, 51, 4);\n}\n<\/style>\n\t<\/div>\n\t\n\t\t<\/div>\n\t\t\t\t\t<\/div>\n\n\t\n<\/div>\n\t\t<\/div>\n\t\t\t\t\n<style>\n#col-837360166 > .col-inner {\n  padding: 30px 30px 30px 30px;\n}\n<\/style>\n\t<\/div>\n\n\t\n\n\t<div id=\"col-689262067\" class=\"col medium-6 small-12 large-6\"  >\n\t\t\t\t<div class=\"col-inner\"  >\n\t\t\t\n\t\t\t\n\t<div class=\"img has-hover x md-x lg-x y md-y lg-y\" id=\"image_1033531613\">\n\t\t\t\t\t\t\t\t<div class=\"img-inner dark\" >\n\t\t\t<img loading=\"lazy\" decoding=\"async\" width=\"1024\" height=\"829\" src=\"https:\/\/asg.vn\/wp-content\/uploads\/2023\/04\/seihin7-25-1.jpg\" class=\"attachment-original size-original\" alt=\"Adapter cho m\u00e1y \u00e9p nh\u1ef1a\" srcset=\"https:\/\/asg.vn\/wp-content\/uploads\/2023\/04\/seihin7-25-1.jpg 1024w, https:\/\/asg.vn\/wp-content\/uploads\/2023\/04\/seihin7-25-1-600x486.jpg 600w, https:\/\/asg.vn\/wp-content\/uploads\/2023\/04\/seihin7-25-1-768x622.jpg 768w, https:\/\/asg.vn\/wp-content\/uploads\/2023\/04\/seihin7-25-1-300x243.jpg 300w\" sizes=\"(max-width: 1024px) 100vw, 1024px\" \/>\t\t\t\t\t\t\n\t\t\t\t\t<\/div>\n\t\t\t\t\t\t\t\t\n<style>\n#image_1033531613 {\n  width: 100%;\n}\n<\/style>\n\t<\/div>\n\t\n\t\t<\/div>\n\t\t\t\t\n<style>\n#col-689262067 > .col-inner {\n  padding: 10px 10px 10px 10px;\n}\n<\/style>\n\t<\/div>\n\n\t\n<\/div>\n\t\t<\/div>\n\t\t\t\t\t<\/div>\n\n\t\n<\/div>\n\t\t<\/div>\n\n\t\t\n<style>\n#section_1570450279 {\n  padding-top: 30px;\n  padding-bottom: 30px;\n}\n#section_1570450279 .section-bg-overlay {\n  background-color: rgba(32, 56, 98, 0.041);\n}\n<\/style>\n\t<\/section>\n\t\n\t<section class=\"section\" id=\"section_162740825\">\n\t\t<div class=\"bg section-bg fill bg-fill bg-loaded bg-loaded\" >\n\n\t\t\t\n\t\t\t\n\t\t\t\n\n\t\t<\/div>\n\n\t\t\n\n\t\t<div class=\"section-content relative\">\n\t\t\t\n\t\t<\/div>\n\n\t\t\n<style>\n#section_162740825 {\n  padding-top: 30px;\n  padding-bottom: 30px;\n}\n<\/style>\n\t<\/section>\n\t\n<div class=\"row row-collapse align-middle\"  id=\"row-1157067877\">\n<\/div>\n\n\t<div id=\"col-1889829301\" class=\"col small-12 large-12\"  >\n\t\t\t\t<div class=\"col-inner\" style=\"background-color:rgb(255, 255, 255);\" >\n\t\t\t\n\t\t\t\n\t\t<\/div>\n\t\t\t\t\n<style>\n#col-1889829301 > .col-inner {\n  border-radius: 10px;\n}\n<\/style>\n\t<\/div>\n\n\t\n<p>&nbsp;<\/p>\n<h2>1. Struktur Adapter mesin injection molding<\/h2>\n<p>Adapter adalah komponen penghubung antara silinder dan nozzle pada mesin injeksi plastik. Di sini, diameter saluran plastik akan diubah dari diameter silinder ke diameter nozzle untuk mengurangi area saluran plastik dan meningkatkan tekanan penyemprotan plastik.<\/p>\n<p>(*) Mesin-mesin kecil biasanya tidak dilengkapi dengan Adapter, nozzle akan dipasang langsung ke silinder.<\/p>\n<p><img loading=\"lazy\" decoding=\"async\" class=\"aligncenter\" src=\"https:\/\/asg.vn\/wp-content\/uploads\/2023\/04\/images-1.jpg\" alt=\"Adapter cho m\u00e1y \u00e9p nh\u1ef1a\" width=\"209\" height=\"241\" \/><\/p>\n<figure><img loading=\"lazy\" decoding=\"async\" class=\"aligncenter\" src=\"https:\/\/asg.vn\/wp-content\/uploads\/2023\/04\/cau-tao-bo-xi-lanh-truc-vit-tieu-chuan-1024x421.jpg\" sizes=\"(max-width: 1024px) 100vw, 1024px\" srcset=\"https:\/\/asg.vn\/wp-content\/uploads\/2023\/04\/cau-tao-bo-xi-lanh-truc-vit-tieu-chuan-1024x421.jpg 1024w, https:\/\/asg.vn\/wp-content\/uploads\/2023\/04\/cau-tao-bo-xi-lanh-truc-vit-tieu-chuan-300x123.jpg 300w, https:\/\/asg.vn\/wp-content\/uploads\/2023\/04\/cau-tao-bo-xi-lanh-truc-vit-tieu-chuan-768x316.jpg 768w, https:\/\/asg.vn\/wp-content\/uploads\/2023\/04\/cau-tao-bo-xi-lanh-truc-vit-tieu-chuan.jpg 1439w\" alt=\"Adapter cho m\u00e1y \u00e9p nh\u1ef1a\" width=\"1024\" height=\"421\" \/><figcaption>Gambar rakitan standar dari silinder sekrup.<\/figcaption><\/figure>\n<h2><\/h2>\n<h2>2. Ruang Lingkup Pembuatan<\/h2>\n<ul>\n<li>Diameter dari: <strong>D12mm \u2013\u00a0 D160mm<\/strong><\/li>\n<\/ul>\n<h2><\/h2>\n<h2>3. Aplikasi<\/h2>\n<ul>\n<li>Persentase serat kaca dalam plastik dari 0%GF hingga 65%GF.<\/li>\n<li>Jenis plastik yang digunakan oleh pelanggan.<\/li>\n<li>Plastik tidak korosif: PET, PP, PC, ABS...<\/li>\n<li>Plastik korosif: PA, PA6, PA9T, PPS, LCP...<\/li>\n<li>Plastik bening dengan viskositas tinggi: PC bening, PC berwarna.<\/li>\n<li>Plastik dengan kekerasan tinggi: Bakelite.<\/li>\n<\/ul>\n<h2><\/h2>\n<h2>4. Metode Pembuatan<\/h2>\n<p>Menggunakan berbagai jenis paduan logam dengan kekuatan tinggi, dipanaskan dalam lingkungan hampa udara, menghasilkan produk dengan sifat mekanis tertinggi dari berbagai jenis baja yang dipilih secara hati-hati untuk pembuatan. Posisi penting dari komponen diperkuat dengan paduan logam khusus untuk meningkatkan umur pakai komponen.<\/p>\n<p>Posisi-posisi kritis diperkuat dengan teknologi peningkatan sifat mekanik untuk memastikan umur operasional dalam kondisi suhu tinggi, tekanan tinggi, keausan, dan korosi.<\/p>\n<h2><\/h2>\n<h2>5. Proses Penyediaan Produk<\/h2>\n<p><strong>Langkah 1:<\/strong> Anda mengirimkan permintaan penawaran kepada kami yang mencakup informasi berikut:<\/p>\n<ul>\n<li>Nama lengkap model mesin atau foto model mesin<\/li>\n<li>Spesifikasi diameter dan panjang komponen<\/li>\n<li>Model plastik yang digunakan atau foto kemasan plastik untuk memilih bahan dan teknologi pembuatan komponen yang sesuai<\/li>\n<\/ul>\n<p><strong>Langkah 2:<\/strong> ASG Vietnam mengirimkan penawaran harga kepada Anda.<\/p>\n<p><strong>Langkah 3:<\/strong>\u00a0Anda mengirimkan pesanan.<\/p>\n<p><strong>Langkah 4:<\/strong> Dalam sebagian besar kasus, kami sudah memiliki gambar pembuatan. Dalam beberapa kasus di mana kami belum memiliki gambar, kami akan datang ke pabrik Anda untuk mengukur dan membuat gambar.<\/p>\n<p><strong>Langkah 5:<\/strong> Produksi dan pengendalian kualitas produk sesuai standar ISO 9001:2005.<\/p>\n<p><strong>Langkah 6:<\/strong> Pengiriman.<\/p>\n<p><strong>Langkah 7:<\/strong> Pembayaran nilai pesanan.<\/p>\n<h2><\/h2>\n<h2>6. Garansi Produk<\/h2>\n<p>Garansi 1 tahun untuk semua komponen.<\/p>\n<p><strong>Silinder sekrup ASG \u2013 <\/strong><strong>\u2013 kualitas menciptakan kepercayaan<\/strong><\/p>","protected":false},"excerpt":{"rendered":"<p>&nbsp; 1. C\u1ea5u t\u1ea1o Adapter m\u00e1y \u00e9p nh\u1ef1a Adapter l\u00e0 b\u1ed9 ph\u1eadn trung gian gi\u1eefa xilanh v\u00e0 \u0111\u1ea7u phun nh\u1ef1a trong m\u00e1y \u00e9p. T\u1ea1i \u0111\u00e2y s\u1ebd thay \u0111\u1ed5i \u0111\u01b0\u1eddng k\u00ednh d\u1eabn nh\u1ef1a t\u1eeb \u0111\u01b0\u1eddng k\u00ednh c\u1ee7a xilanh xu\u1ed1ng \u0111\u01b0\u1eddng k\u00ednh c\u1ee7a \u0111\u1ea7u phun nh\u1eb1m gi\u1ea3m ti\u1ebft di\u1ec7n d\u1eabn nh\u1ef1a, t\u0103ng \u00e1p l\u1ef1c phun nh\u1ef1a. (*)&#8230;<\/p>","protected":false},"author":24,"featured_media":3175,"parent":0,"menu_order":0,"comment_status":"closed","ping_status":"closed","template":"","meta":{"inline_featured_image":false,"footnotes":""},"yoast_head":"<!-- This site is optimized with the Yoast SEO plugin v22.5 - https:\/\/yoast.com\/wordpress\/plugins\/seo\/ -->\n<title>Adapter cho m\u00e1y \u00e9p nh\u1ef1a - C\u00f4ng ty TNHH ASG<\/title>\n<meta name=\"description\" content=\"Adapter cho m\u00e1y \u00e9p nh\u1ef1a \u0111\u1ea7y \u0111\u1ee7 c\u00e1c h\u00e3ng theo y\u00eau c\u1ea7u nh\u01b0 Sumitomo, Nissei, Fanuc, JSW, Toshiba, Niigata, Sodick, Huyndai, Haitian,...\" \/>\n<meta name=\"robots\" content=\"index, follow, max-snippet:-1, max-image-preview:large, max-video-preview:-1\" \/>\n<link rel=\"canonical\" href=\"https:\/\/asg.vn\/id\/adapter-cho-may-ep-nhua\/\" \/>\n<meta property=\"og:locale\" content=\"id_ID\" \/>\n<meta property=\"og:type\" content=\"article\" \/>\n<meta property=\"og:title\" content=\"Adapter cho m\u00e1y \u00e9p nh\u1ef1a - C\u00f4ng ty TNHH ASG\" \/>\n<meta property=\"og:description\" content=\"Adapter cho m\u00e1y \u00e9p nh\u1ef1a \u0111\u1ea7y \u0111\u1ee7 c\u00e1c h\u00e3ng theo y\u00eau c\u1ea7u nh\u01b0 Sumitomo, Nissei, Fanuc, JSW, Toshiba, Niigata, Sodick, Huyndai, Haitian,...\" \/>\n<meta property=\"og:url\" content=\"https:\/\/asg.vn\/id\/adapter-cho-may-ep-nhua\/\" \/>\n<meta property=\"og:site_name\" content=\"C\u00f4ng ty TNHH ASG\" \/>\n<meta property=\"article:publisher\" content=\"https:\/\/www.facebook.com\/congtyasgvietnam\" \/>\n<meta property=\"article:modified_time\" content=\"2024-05-30T09:15:01+00:00\" \/>\n<meta property=\"og:image\" content=\"https:\/\/asg.vn\/wp-content\/uploads\/2023\/04\/images.jpg\" \/>\n\t<meta property=\"og:image:width\" content=\"275\" \/>\n\t<meta property=\"og:image:height\" content=\"277\" \/>\n\t<meta property=\"og:image:type\" content=\"image\/jpeg\" \/>\n<meta name=\"twitter:card\" content=\"summary_large_image\" \/>\n<meta name=\"twitter:label1\" content=\"Estimasi waktu membaca\" \/>\n\t<meta name=\"twitter:data1\" content=\"4 menit\" \/>\n<script type=\"application\/ld+json\" class=\"yoast-schema-graph\">{\"@context\":\"https:\/\/schema.org\",\"@graph\":[{\"@type\":\"WebPage\",\"@id\":\"https:\/\/asg.vn\/ja\/adapter-cho-may-ep-nhua\/\",\"url\":\"https:\/\/asg.vn\/ja\/adapter-cho-may-ep-nhua\/\",\"name\":\"Adapter cho m\u00e1y \u00e9p nh\u1ef1a - C\u00f4ng ty TNHH ASG\",\"isPartOf\":{\"@id\":\"https:\/\/asg.vn\/ja\/#website\"},\"primaryImageOfPage\":{\"@id\":\"https:\/\/asg.vn\/ja\/adapter-cho-may-ep-nhua\/#primaryimage\"},\"image\":{\"@id\":\"https:\/\/asg.vn\/ja\/adapter-cho-may-ep-nhua\/#primaryimage\"},\"thumbnailUrl\":\"https:\/\/asg.vn\/wp-content\/uploads\/2023\/04\/images.jpg\",\"datePublished\":\"2023-04-05T09:40:48+00:00\",\"dateModified\":\"2024-05-30T09:15:01+00:00\",\"description\":\"Adapter cho m\u00e1y \u00e9p nh\u1ef1a \u0111\u1ea7y \u0111\u1ee7 c\u00e1c h\u00e3ng theo y\u00eau c\u1ea7u nh\u01b0 Sumitomo, Nissei, Fanuc, JSW, Toshiba, Niigata, Sodick, Huyndai, Haitian,...\",\"breadcrumb\":{\"@id\":\"https:\/\/asg.vn\/ja\/adapter-cho-may-ep-nhua\/#breadcrumb\"},\"inLanguage\":\"id\",\"potentialAction\":[{\"@type\":\"ReadAction\",\"target\":[\"https:\/\/asg.vn\/ja\/adapter-cho-may-ep-nhua\/\"]}]},{\"@type\":\"ImageObject\",\"inLanguage\":\"id\",\"@id\":\"https:\/\/asg.vn\/ja\/adapter-cho-may-ep-nhua\/#primaryimage\",\"url\":\"https:\/\/asg.vn\/wp-content\/uploads\/2023\/04\/images.jpg\",\"contentUrl\":\"https:\/\/asg.vn\/wp-content\/uploads\/2023\/04\/images.jpg\",\"width\":275,\"height\":277,\"caption\":\"Adapter cho m\u00e1y \u00e9p nh\u1ef1a\"},{\"@type\":\"BreadcrumbList\",\"@id\":\"https:\/\/asg.vn\/ja\/adapter-cho-may-ep-nhua\/#breadcrumb\",\"itemListElement\":[{\"@type\":\"ListItem\",\"position\":1,\"name\":\"Home\",\"item\":\"https:\/\/asg.vn\/ja\/\"},{\"@type\":\"ListItem\",\"position\":2,\"name\":\"Adapter cho m\u00e1y \u00e9p nh\u1ef1a\"}]},{\"@type\":\"WebSite\",\"@id\":\"https:\/\/asg.vn\/ja\/#website\",\"url\":\"https:\/\/asg.vn\/ja\/\",\"name\":\"C\u00f4ng ty TNHH ASG\",\"description\":\"Th\u00e0nh c\u00f4ng b\u1eb1ng s\u1ef1 t\u1eed t\u1ebf\",\"publisher\":{\"@id\":\"https:\/\/asg.vn\/ja\/#organization\"},\"potentialAction\":[{\"@type\":\"SearchAction\",\"target\":{\"@type\":\"EntryPoint\",\"urlTemplate\":\"https:\/\/asg.vn\/ja\/?s={search_term_string}\"},\"query-input\":\"required name=search_term_string\"}],\"inLanguage\":\"id\"},{\"@type\":\"Organization\",\"@id\":\"https:\/\/asg.vn\/ja\/#organization\",\"name\":\"C\u00f4ng ty TNHH ASG\",\"url\":\"https:\/\/asg.vn\/ja\/\",\"logo\":{\"@type\":\"ImageObject\",\"inLanguage\":\"id\",\"@id\":\"https:\/\/asg.vn\/ja\/#\/schema\/logo\/image\/\",\"url\":\"https:\/\/asg.vn\/wp-content\/uploads\/2023\/03\/z4110917483185_83f9ec26924715fb77663fd2b8bef540.jpg\",\"contentUrl\":\"https:\/\/asg.vn\/wp-content\/uploads\/2023\/03\/z4110917483185_83f9ec26924715fb77663fd2b8bef540.jpg\",\"width\":1038,\"height\":324,\"caption\":\"C\u00f4ng ty TNHH ASG\"},\"image\":{\"@id\":\"https:\/\/asg.vn\/ja\/#\/schema\/logo\/image\/\"},\"sameAs\":[\"https:\/\/www.facebook.com\/congtyasgvietnam\"]}]}<\/script>\n<!-- \/ Yoast SEO plugin. -->","yoast_head_json":{"title":"Adapter cho m\u00e1y \u00e9p nh\u1ef1a - C\u00f4ng ty TNHH ASG","description":"Adapter cho m\u00e1y \u00e9p nh\u1ef1a \u0111\u1ea7y \u0111\u1ee7 c\u00e1c h\u00e3ng theo y\u00eau c\u1ea7u nh\u01b0 Sumitomo, Nissei, Fanuc, JSW, Toshiba, Niigata, Sodick, Huyndai, Haitian,...","robots":{"index":"index","follow":"follow","max-snippet":"max-snippet:-1","max-image-preview":"max-image-preview:large","max-video-preview":"max-video-preview:-1"},"canonical":"https:\/\/asg.vn\/id\/adapter-cho-may-ep-nhua\/","og_locale":"id_ID","og_type":"article","og_title":"Adapter cho m\u00e1y \u00e9p nh\u1ef1a - C\u00f4ng ty TNHH ASG","og_description":"Adapter cho m\u00e1y \u00e9p nh\u1ef1a \u0111\u1ea7y \u0111\u1ee7 c\u00e1c h\u00e3ng theo y\u00eau c\u1ea7u nh\u01b0 Sumitomo, Nissei, Fanuc, JSW, Toshiba, Niigata, Sodick, Huyndai, Haitian,...","og_url":"https:\/\/asg.vn\/id\/adapter-cho-may-ep-nhua\/","og_site_name":"C\u00f4ng ty TNHH ASG","article_publisher":"https:\/\/www.facebook.com\/congtyasgvietnam","article_modified_time":"2024-05-30T09:15:01+00:00","og_image":[{"width":275,"height":277,"url":"https:\/\/asg.vn\/wp-content\/uploads\/2023\/04\/images.jpg","type":"image\/jpeg"}],"twitter_card":"summary_large_image","twitter_misc":{"Estimasi waktu membaca":"4 menit"},"schema":{"@context":"https:\/\/schema.org","@graph":[{"@type":"WebPage","@id":"https:\/\/asg.vn\/ja\/adapter-cho-may-ep-nhua\/","url":"https:\/\/asg.vn\/ja\/adapter-cho-may-ep-nhua\/","name":"Adapter cho m\u00e1y \u00e9p nh\u1ef1a - C\u00f4ng ty TNHH ASG","isPartOf":{"@id":"https:\/\/asg.vn\/ja\/#website"},"primaryImageOfPage":{"@id":"https:\/\/asg.vn\/ja\/adapter-cho-may-ep-nhua\/#primaryimage"},"image":{"@id":"https:\/\/asg.vn\/ja\/adapter-cho-may-ep-nhua\/#primaryimage"},"thumbnailUrl":"https:\/\/asg.vn\/wp-content\/uploads\/2023\/04\/images.jpg","datePublished":"2023-04-05T09:40:48+00:00","dateModified":"2024-05-30T09:15:01+00:00","description":"Adapter cho m\u00e1y \u00e9p nh\u1ef1a \u0111\u1ea7y \u0111\u1ee7 c\u00e1c h\u00e3ng theo y\u00eau c\u1ea7u nh\u01b0 Sumitomo, Nissei, Fanuc, JSW, Toshiba, Niigata, Sodick, Huyndai, Haitian,...","breadcrumb":{"@id":"https:\/\/asg.vn\/ja\/adapter-cho-may-ep-nhua\/#breadcrumb"},"inLanguage":"id","potentialAction":[{"@type":"ReadAction","target":["https:\/\/asg.vn\/ja\/adapter-cho-may-ep-nhua\/"]}]},{"@type":"ImageObject","inLanguage":"id","@id":"https:\/\/asg.vn\/ja\/adapter-cho-may-ep-nhua\/#primaryimage","url":"https:\/\/asg.vn\/wp-content\/uploads\/2023\/04\/images.jpg","contentUrl":"https:\/\/asg.vn\/wp-content\/uploads\/2023\/04\/images.jpg","width":275,"height":277,"caption":"Adapter cho m\u00e1y \u00e9p nh\u1ef1a"},{"@type":"BreadcrumbList","@id":"https:\/\/asg.vn\/ja\/adapter-cho-may-ep-nhua\/#breadcrumb","itemListElement":[{"@type":"ListItem","position":1,"name":"Home","item":"https:\/\/asg.vn\/ja\/"},{"@type":"ListItem","position":2,"name":"Adapter cho m\u00e1y \u00e9p nh\u1ef1a"}]},{"@type":"WebSite","@id":"https:\/\/asg.vn\/ja\/#website","url":"https:\/\/asg.vn\/ja\/","name":"C\u00f4ng ty TNHH ASG","description":"Th\u00e0nh c\u00f4ng b\u1eb1ng s\u1ef1 t\u1eed t\u1ebf","publisher":{"@id":"https:\/\/asg.vn\/ja\/#organization"},"potentialAction":[{"@type":"SearchAction","target":{"@type":"EntryPoint","urlTemplate":"https:\/\/asg.vn\/ja\/?s={search_term_string}"},"query-input":"required name=search_term_string"}],"inLanguage":"id"},{"@type":"Organization","@id":"https:\/\/asg.vn\/ja\/#organization","name":"C\u00f4ng ty TNHH ASG","url":"https:\/\/asg.vn\/ja\/","logo":{"@type":"ImageObject","inLanguage":"id","@id":"https:\/\/asg.vn\/ja\/#\/schema\/logo\/image\/","url":"https:\/\/asg.vn\/wp-content\/uploads\/2023\/03\/z4110917483185_83f9ec26924715fb77663fd2b8bef540.jpg","contentUrl":"https:\/\/asg.vn\/wp-content\/uploads\/2023\/03\/z4110917483185_83f9ec26924715fb77663fd2b8bef540.jpg","width":1038,"height":324,"caption":"C\u00f4ng ty TNHH ASG"},"image":{"@id":"https:\/\/asg.vn\/ja\/#\/schema\/logo\/image\/"},"sameAs":["https:\/\/www.facebook.com\/congtyasgvietnam"]}]}},"_links":{"self":[{"href":"https:\/\/asg.vn\/id\/wp-json\/wp\/v2\/pages\/3174"}],"collection":[{"href":"https:\/\/asg.vn\/id\/wp-json\/wp\/v2\/pages"}],"about":[{"href":"https:\/\/asg.vn\/id\/wp-json\/wp\/v2\/types\/page"}],"author":[{"embeddable":true,"href":"https:\/\/asg.vn\/id\/wp-json\/wp\/v2\/users\/24"}],"replies":[{"embeddable":true,"href":"https:\/\/asg.vn\/id\/wp-json\/wp\/v2\/comments?post=3174"}],"version-history":[{"count":26,"href":"https:\/\/asg.vn\/id\/wp-json\/wp\/v2\/pages\/3174\/revisions"}],"predecessor-version":[{"id":4770,"href":"https:\/\/asg.vn\/id\/wp-json\/wp\/v2\/pages\/3174\/revisions\/4770"}],"wp:featuredmedia":[{"embeddable":true,"href":"https:\/\/asg.vn\/id\/wp-json\/wp\/v2\/media\/3175"}],"wp:attachment":[{"href":"https:\/\/asg.vn\/id\/wp-json\/wp\/v2\/media?parent=3174"}],"curies":[{"name":"wp","href":"https:\/\/api.w.org\/{rel}","templated":true}]}}