{"id":1512,"date":"2023-03-15T11:49:33","date_gmt":"2023-03-15T04:49:33","guid":{"rendered":"https:\/\/asg.vn\/?page_id=1512"},"modified":"2023-05-06T13:54:13","modified_gmt":"2023-05-06T06:54:13","slug":"phu-kien-nganh-ep-nhua","status":"publish","type":"page","link":"https:\/\/asg.vn\/id\/phu-kien-nganh-ep-nhua\/","title":{"rendered":"Ph\u1ee5 ki\u1ec7n ng\u00e0nh \u00e9p nh\u1ef1a"},"content":{"rendered":"<p><img decoding=\"async\" width=\"1980\" height=\"368\" src=\"https:\/\/asg.vn\/wp-content\/uploads\/2023\/04\/phu-kien-nganh-ep-nhua.jpg\" alt=\"ph\u1ee5 ki\u1ec7n ng\u00e0nh \u00e9p nh\u1ef1a\" loading=\"lazy\" srcset=\"https:\/\/asg.vn\/wp-content\/uploads\/2023\/04\/phu-kien-nganh-ep-nhua.jpg 1980w, https:\/\/asg.vn\/wp-content\/uploads\/2023\/04\/phu-kien-nganh-ep-nhua-300x56.jpg 300w, https:\/\/asg.vn\/wp-content\/uploads\/2023\/04\/phu-kien-nganh-ep-nhua-1024x190.jpg 1024w, https:\/\/asg.vn\/wp-content\/uploads\/2023\/04\/phu-kien-nganh-ep-nhua-768x143.jpg 768w, https:\/\/asg.vn\/wp-content\/uploads\/2023\/04\/phu-kien-nganh-ep-nhua-1536x285.jpg 1536w\" sizes=\"(max-width: 1980px) 100vw, 1980px\"><br \/>\n<img decoding=\"async\" width=\"795\" height=\"254\" src=\"https:\/\/asg.vn\/wp-content\/uploads\/2023\/04\/380x120.-dien-tro-dot-nhiet.jpg\" alt=\"\u0111i\u1ec7n tr\u1edf \u0111\u1ed1t nhi\u1ec7t heater ASG\" loading=\"lazy\" srcset=\"https:\/\/asg.vn\/wp-content\/uploads\/2023\/04\/380x120.-dien-tro-dot-nhiet.jpg 795w, https:\/\/asg.vn\/wp-content\/uploads\/2023\/04\/380x120.-dien-tro-dot-nhiet-300x96.jpg 300w, https:\/\/asg.vn\/wp-content\/uploads\/2023\/04\/380x120.-dien-tro-dot-nhiet-768x245.jpg 768w\" sizes=\"(max-width: 795px) 100vw, 795px\"><br \/>\n<img decoding=\"async\" width=\"792\" height=\"250\" src=\"https:\/\/asg.vn\/wp-content\/uploads\/2023\/04\/380x120.-cam-bien-nhiet.jpg\" alt=\"C\u1ea3m bi\u1ebfn nhi\u1ec7t m\u00e1y \u00e9p nh\u1ef1a\" loading=\"lazy\" srcset=\"https:\/\/asg.vn\/wp-content\/uploads\/2023\/04\/380x120.-cam-bien-nhiet.jpg 792w, https:\/\/asg.vn\/wp-content\/uploads\/2023\/04\/380x120.-cam-bien-nhiet-300x95.jpg 300w, https:\/\/asg.vn\/wp-content\/uploads\/2023\/04\/380x120.-cam-bien-nhiet-768x242.jpg 768w\" sizes=\"(max-width: 792px) 100vw, 792px\"><br \/>\n<img decoding=\"async\" width=\"792\" height=\"250\" src=\"https:\/\/asg.vn\/wp-content\/uploads\/2023\/04\/380x120.-bao-on-cach-nhiet.jpg\" alt=\"B\u1ea3o \u00f4n c\u00e1ch nhi\u1ec7t m\u00e1y \u00e9p nh\u1ef1a\" loading=\"lazy\" srcset=\"https:\/\/asg.vn\/wp-content\/uploads\/2023\/04\/380x120.-bao-on-cach-nhiet.jpg 792w, https:\/\/asg.vn\/wp-content\/uploads\/2023\/04\/380x120.-bao-on-cach-nhiet-300x95.jpg 300w, https:\/\/asg.vn\/wp-content\/uploads\/2023\/04\/380x120.-bao-on-cach-nhiet-768x242.jpg 768w\" sizes=\"(max-width: 792px) 100vw, 792px\"><br \/>\n<img decoding=\"async\" width=\"792\" height=\"250\" src=\"https:\/\/asg.vn\/wp-content\/uploads\/2023\/04\/380x120.-chan-hut.jpg\" alt=\"Ch\u00e2n h\u00fat c\u00e1nh tay robot\" loading=\"lazy\" srcset=\"https:\/\/asg.vn\/wp-content\/uploads\/2023\/04\/380x120.-chan-hut.jpg 792w, https:\/\/asg.vn\/wp-content\/uploads\/2023\/04\/380x120.-chan-hut-300x95.jpg 300w, https:\/\/asg.vn\/wp-content\/uploads\/2023\/04\/380x120.-chan-hut-768x242.jpg 768w\" sizes=\"(max-width: 792px) 100vw, 792px\"><br \/>\n<img decoding=\"async\" width=\"792\" height=\"251\" src=\"https:\/\/asg.vn\/wp-content\/uploads\/2023\/04\/380x120.-num-hut.jpg\" alt=\"N\u00fam h\u00fat c\u00e1nh tay robot\" loading=\"lazy\" srcset=\"https:\/\/asg.vn\/wp-content\/uploads\/2023\/04\/380x120.-num-hut.jpg 792w, https:\/\/asg.vn\/wp-content\/uploads\/2023\/04\/380x120.-num-hut-300x95.jpg 300w, https:\/\/asg.vn\/wp-content\/uploads\/2023\/04\/380x120.-num-hut-768x243.jpg 768w\" sizes=\"(max-width: 792px) 100vw, 792px\"><br \/>\n<img decoding=\"async\" width=\"792\" height=\"250\" src=\"https:\/\/asg.vn\/wp-content\/uploads\/2023\/04\/380x120.-Mo-boi-tron.jpg\" alt=\"M\u1ee1 b\u00f4i tr\u01a1n m\u00e1y \u00e9p nh\u1ef1a\" loading=\"lazy\" srcset=\"https:\/\/asg.vn\/wp-content\/uploads\/2023\/04\/380x120.-Mo-boi-tron.jpg 792w, https:\/\/asg.vn\/wp-content\/uploads\/2023\/04\/380x120.-Mo-boi-tron-300x95.jpg 300w, https:\/\/asg.vn\/wp-content\/uploads\/2023\/04\/380x120.-Mo-boi-tron-768x242.jpg 768w\" sizes=\"(max-width: 792px) 100vw, 792px\"><br \/>\n<img decoding=\"async\" width=\"1024\" height=\"215\" src=\"https:\/\/asg.vn\/wp-content\/uploads\/2023\/04\/may-moc-nganh-ep-nhua-1024x215.jpg\" alt=\"m\u00e1y m\u00f3c ng\u00e0nh \u00e9p nh\u1ef1a\" loading=\"lazy\" srcset=\"https:\/\/asg.vn\/wp-content\/uploads\/2023\/04\/may-moc-nganh-ep-nhua-1024x215.jpg 1024w, https:\/\/asg.vn\/wp-content\/uploads\/2023\/04\/may-moc-nganh-ep-nhua-300x63.jpg 300w, https:\/\/asg.vn\/wp-content\/uploads\/2023\/04\/may-moc-nganh-ep-nhua-768x162.jpg 768w, https:\/\/asg.vn\/wp-content\/uploads\/2023\/04\/may-moc-nganh-ep-nhua.jpg 1188w\" sizes=\"(max-width: 1024px) 100vw, 1024px\"><br \/>\n<img decoding=\"async\" width=\"1168\" height=\"242\" src=\"https:\/\/asg.vn\/wp-content\/uploads\/2023\/05\/thiet-bi-tieu-hao-khac-2.jpg\" alt=\"thi\u1ebft b\u1ecb ti\u00eau hao m\u00e1y \u00e9p nh\u1ef1a\" loading=\"lazy\" srcset=\"https:\/\/asg.vn\/wp-content\/uploads\/2023\/05\/thiet-bi-tieu-hao-khac-2.jpg 1168w, https:\/\/asg.vn\/wp-content\/uploads\/2023\/05\/thiet-bi-tieu-hao-khac-2-300x62.jpg 300w, https:\/\/asg.vn\/wp-content\/uploads\/2023\/05\/thiet-bi-tieu-hao-khac-2-1024x212.jpg 1024w, https:\/\/asg.vn\/wp-content\/uploads\/2023\/05\/thiet-bi-tieu-hao-khac-2-768x159.jpg 768w\" sizes=\"(max-width: 1168px) 100vw, 1168px\"><\/p>","protected":false},"excerpt":{"rendered":"","protected":false},"author":24,"featured_media":651,"parent":0,"menu_order":0,"comment_status":"closed","ping_status":"closed","template":"elementor_header_footer","meta":{"inline_featured_image":false,"footnotes":""},"yoast_head":"<!-- This site is optimized with the Yoast SEO plugin v22.5 - https:\/\/yoast.com\/wordpress\/plugins\/seo\/ -->\n<title>Ph\u1ee5 ki\u1ec7n ng\u00e0nh \u00e9p nh\u1ef1a - C\u00f4ng ty TNHH ASG<\/title>\n<meta name=\"description\" content=\"C\u00f4ng ty TNHH ASG - \u0111\u1ecba ch\u1ec9 tin c\u1eady \u0111\u1ec3 t\u00ecm ki\u1ebfm c\u00e1c s\u1ea3n ph\u1ea9m ph\u1ee5 ki\u1ec7n ng\u00e0nh \u00e9p nh\u1ef1a ch\u1ea5t l\u01b0\u1ee3ng cao nh\u01b0 v\u00f2ng nhi\u1ec7t, c\u1ea3m bi\u1ebfn nhi\u1ec7t, n\u00fam h\u00fat,...\" \/>\n<meta name=\"robots\" content=\"index, follow, max-snippet:-1, max-image-preview:large, max-video-preview:-1\" \/>\n<link rel=\"canonical\" href=\"https:\/\/asg.vn\/id\/phu-kien-nganh-ep-nhua\/\" \/>\n<meta property=\"og:locale\" content=\"id_ID\" \/>\n<meta property=\"og:type\" content=\"article\" \/>\n<meta property=\"og:title\" content=\"Ph\u1ee5 ki\u1ec7n ng\u00e0nh \u00e9p nh\u1ef1a - C\u00f4ng ty TNHH ASG\" \/>\n<meta property=\"og:description\" content=\"C\u00f4ng ty TNHH ASG - \u0111\u1ecba ch\u1ec9 tin c\u1eady \u0111\u1ec3 t\u00ecm ki\u1ebfm c\u00e1c s\u1ea3n ph\u1ea9m ph\u1ee5 ki\u1ec7n ng\u00e0nh \u00e9p nh\u1ef1a ch\u1ea5t l\u01b0\u1ee3ng cao nh\u01b0 v\u00f2ng nhi\u1ec7t, c\u1ea3m bi\u1ebfn nhi\u1ec7t, n\u00fam h\u00fat,...\" \/>\n<meta property=\"og:url\" content=\"https:\/\/asg.vn\/id\/phu-kien-nganh-ep-nhua\/\" \/>\n<meta property=\"og:site_name\" content=\"C\u00f4ng ty TNHH ASG\" \/>\n<meta property=\"article:publisher\" content=\"https:\/\/www.facebook.com\/congtyasgvietnam\" \/>\n<meta property=\"article:modified_time\" content=\"2023-05-06T06:54:13+00:00\" \/>\n<meta property=\"og:image\" content=\"https:\/\/asg.vn\/wp-content\/uploads\/2023\/03\/chi-tiet-khac-e1677814861659.png\" \/>\n\t<meta property=\"og:image:width\" content=\"1181\" \/>\n\t<meta property=\"og:image:height\" content=\"699\" \/>\n\t<meta property=\"og:image:type\" content=\"image\/png\" \/>\n<meta name=\"twitter:card\" content=\"summary_large_image\" \/>\n<meta name=\"twitter:label1\" content=\"Estimasi waktu membaca\" \/>\n\t<meta name=\"twitter:data1\" content=\"2 menit\" \/>\n<script type=\"application\/ld+json\" class=\"yoast-schema-graph\">{\"@context\":\"https:\/\/schema.org\",\"@graph\":[{\"@type\":\"WebPage\",\"@id\":\"https:\/\/asg.vn\/vi\/phu-kien-nganh-ep-nhua\/\",\"url\":\"https:\/\/asg.vn\/vi\/phu-kien-nganh-ep-nhua\/\",\"name\":\"Ph\u1ee5 ki\u1ec7n ng\u00e0nh \u00e9p nh\u1ef1a - C\u00f4ng ty TNHH ASG\",\"isPartOf\":{\"@id\":\"https:\/\/asg.vn\/ja\/#website\"},\"primaryImageOfPage\":{\"@id\":\"https:\/\/asg.vn\/vi\/phu-kien-nganh-ep-nhua\/#primaryimage\"},\"image\":{\"@id\":\"https:\/\/asg.vn\/vi\/phu-kien-nganh-ep-nhua\/#primaryimage\"},\"thumbnailUrl\":\"https:\/\/asg.vn\/wp-content\/uploads\/2023\/03\/chi-tiet-khac-e1677814861659.png\",\"datePublished\":\"2023-03-15T04:49:33+00:00\",\"dateModified\":\"2023-05-06T06:54:13+00:00\",\"description\":\"C\u00f4ng ty TNHH ASG - \u0111\u1ecba ch\u1ec9 tin c\u1eady \u0111\u1ec3 t\u00ecm ki\u1ebfm c\u00e1c s\u1ea3n ph\u1ea9m ph\u1ee5 ki\u1ec7n ng\u00e0nh \u00e9p nh\u1ef1a ch\u1ea5t l\u01b0\u1ee3ng cao nh\u01b0 v\u00f2ng nhi\u1ec7t, c\u1ea3m bi\u1ebfn nhi\u1ec7t, n\u00fam h\u00fat,...\",\"breadcrumb\":{\"@id\":\"https:\/\/asg.vn\/vi\/phu-kien-nganh-ep-nhua\/#breadcrumb\"},\"inLanguage\":\"id\",\"potentialAction\":[{\"@type\":\"ReadAction\",\"target\":[\"https:\/\/asg.vn\/vi\/phu-kien-nganh-ep-nhua\/\"]}]},{\"@type\":\"ImageObject\",\"inLanguage\":\"id\",\"@id\":\"https:\/\/asg.vn\/vi\/phu-kien-nganh-ep-nhua\/#primaryimage\",\"url\":\"https:\/\/asg.vn\/wp-content\/uploads\/2023\/03\/chi-tiet-khac-e1677814861659.png\",\"contentUrl\":\"https:\/\/asg.vn\/wp-content\/uploads\/2023\/03\/chi-tiet-khac-e1677814861659.png\",\"width\":1181,\"height\":699,\"caption\":\"thi\u1ebft b\u1ecb, ph\u1ee5 ki\u1ec7n ng\u00e0nh \u00e9p nh\u1ef1a, \u0111\u00fac nh\u1ef1a\"},{\"@type\":\"BreadcrumbList\",\"@id\":\"https:\/\/asg.vn\/vi\/phu-kien-nganh-ep-nhua\/#breadcrumb\",\"itemListElement\":[{\"@type\":\"ListItem\",\"position\":1,\"name\":\"Home\",\"item\":\"https:\/\/asg.vn\/ja\/\"},{\"@type\":\"ListItem\",\"position\":2,\"name\":\"Ph\u1ee5 ki\u1ec7n ng\u00e0nh \u00e9p nh\u1ef1a\"}]},{\"@type\":\"WebSite\",\"@id\":\"https:\/\/asg.vn\/ja\/#website\",\"url\":\"https:\/\/asg.vn\/ja\/\",\"name\":\"C\u00f4ng ty TNHH ASG\",\"description\":\"Th\u00e0nh c\u00f4ng b\u1eb1ng s\u1ef1 t\u1eed t\u1ebf\",\"publisher\":{\"@id\":\"https:\/\/asg.vn\/ja\/#organization\"},\"potentialAction\":[{\"@type\":\"SearchAction\",\"target\":{\"@type\":\"EntryPoint\",\"urlTemplate\":\"https:\/\/asg.vn\/ja\/?s={search_term_string}\"},\"query-input\":\"required name=search_term_string\"}],\"inLanguage\":\"id\"},{\"@type\":\"Organization\",\"@id\":\"https:\/\/asg.vn\/ja\/#organization\",\"name\":\"C\u00f4ng ty TNHH ASG\",\"url\":\"https:\/\/asg.vn\/ja\/\",\"logo\":{\"@type\":\"ImageObject\",\"inLanguage\":\"id\",\"@id\":\"https:\/\/asg.vn\/ja\/#\/schema\/logo\/image\/\",\"url\":\"https:\/\/asg.vn\/wp-content\/uploads\/2023\/03\/z4110917483185_83f9ec26924715fb77663fd2b8bef540.jpg\",\"contentUrl\":\"https:\/\/asg.vn\/wp-content\/uploads\/2023\/03\/z4110917483185_83f9ec26924715fb77663fd2b8bef540.jpg\",\"width\":1038,\"height\":324,\"caption\":\"C\u00f4ng ty TNHH ASG\"},\"image\":{\"@id\":\"https:\/\/asg.vn\/ja\/#\/schema\/logo\/image\/\"},\"sameAs\":[\"https:\/\/www.facebook.com\/congtyasgvietnam\"]}]}<\/script>\n<!-- \/ Yoast SEO plugin. -->","yoast_head_json":{"title":"Ph\u1ee5 ki\u1ec7n ng\u00e0nh \u00e9p nh\u1ef1a - C\u00f4ng ty TNHH ASG","description":"C\u00f4ng ty TNHH ASG - \u0111\u1ecba ch\u1ec9 tin c\u1eady \u0111\u1ec3 t\u00ecm ki\u1ebfm c\u00e1c s\u1ea3n ph\u1ea9m ph\u1ee5 ki\u1ec7n ng\u00e0nh \u00e9p nh\u1ef1a ch\u1ea5t l\u01b0\u1ee3ng cao nh\u01b0 v\u00f2ng nhi\u1ec7t, c\u1ea3m bi\u1ebfn nhi\u1ec7t, n\u00fam h\u00fat,...","robots":{"index":"index","follow":"follow","max-snippet":"max-snippet:-1","max-image-preview":"max-image-preview:large","max-video-preview":"max-video-preview:-1"},"canonical":"https:\/\/asg.vn\/id\/phu-kien-nganh-ep-nhua\/","og_locale":"id_ID","og_type":"article","og_title":"Ph\u1ee5 ki\u1ec7n ng\u00e0nh \u00e9p nh\u1ef1a - C\u00f4ng ty TNHH ASG","og_description":"C\u00f4ng ty TNHH ASG - \u0111\u1ecba ch\u1ec9 tin c\u1eady \u0111\u1ec3 t\u00ecm ki\u1ebfm c\u00e1c s\u1ea3n ph\u1ea9m ph\u1ee5 ki\u1ec7n ng\u00e0nh \u00e9p nh\u1ef1a ch\u1ea5t l\u01b0\u1ee3ng cao nh\u01b0 v\u00f2ng nhi\u1ec7t, c\u1ea3m bi\u1ebfn nhi\u1ec7t, n\u00fam h\u00fat,...","og_url":"https:\/\/asg.vn\/id\/phu-kien-nganh-ep-nhua\/","og_site_name":"C\u00f4ng ty TNHH ASG","article_publisher":"https:\/\/www.facebook.com\/congtyasgvietnam","article_modified_time":"2023-05-06T06:54:13+00:00","og_image":[{"width":1181,"height":699,"url":"https:\/\/asg.vn\/wp-content\/uploads\/2023\/03\/chi-tiet-khac-e1677814861659.png","type":"image\/png"}],"twitter_card":"summary_large_image","twitter_misc":{"Estimasi waktu membaca":"2 menit"},"schema":{"@context":"https:\/\/schema.org","@graph":[{"@type":"WebPage","@id":"https:\/\/asg.vn\/vi\/phu-kien-nganh-ep-nhua\/","url":"https:\/\/asg.vn\/vi\/phu-kien-nganh-ep-nhua\/","name":"Ph\u1ee5 ki\u1ec7n ng\u00e0nh \u00e9p nh\u1ef1a - C\u00f4ng ty TNHH ASG","isPartOf":{"@id":"https:\/\/asg.vn\/ja\/#website"},"primaryImageOfPage":{"@id":"https:\/\/asg.vn\/vi\/phu-kien-nganh-ep-nhua\/#primaryimage"},"image":{"@id":"https:\/\/asg.vn\/vi\/phu-kien-nganh-ep-nhua\/#primaryimage"},"thumbnailUrl":"https:\/\/asg.vn\/wp-content\/uploads\/2023\/03\/chi-tiet-khac-e1677814861659.png","datePublished":"2023-03-15T04:49:33+00:00","dateModified":"2023-05-06T06:54:13+00:00","description":"C\u00f4ng ty TNHH ASG - \u0111\u1ecba ch\u1ec9 tin c\u1eady \u0111\u1ec3 t\u00ecm ki\u1ebfm c\u00e1c s\u1ea3n ph\u1ea9m ph\u1ee5 ki\u1ec7n ng\u00e0nh \u00e9p nh\u1ef1a ch\u1ea5t l\u01b0\u1ee3ng cao nh\u01b0 v\u00f2ng nhi\u1ec7t, c\u1ea3m bi\u1ebfn nhi\u1ec7t, n\u00fam h\u00fat,...","breadcrumb":{"@id":"https:\/\/asg.vn\/vi\/phu-kien-nganh-ep-nhua\/#breadcrumb"},"inLanguage":"id","potentialAction":[{"@type":"ReadAction","target":["https:\/\/asg.vn\/vi\/phu-kien-nganh-ep-nhua\/"]}]},{"@type":"ImageObject","inLanguage":"id","@id":"https:\/\/asg.vn\/vi\/phu-kien-nganh-ep-nhua\/#primaryimage","url":"https:\/\/asg.vn\/wp-content\/uploads\/2023\/03\/chi-tiet-khac-e1677814861659.png","contentUrl":"https:\/\/asg.vn\/wp-content\/uploads\/2023\/03\/chi-tiet-khac-e1677814861659.png","width":1181,"height":699,"caption":"thi\u1ebft b\u1ecb, ph\u1ee5 ki\u1ec7n ng\u00e0nh \u00e9p nh\u1ef1a, \u0111\u00fac nh\u1ef1a"},{"@type":"BreadcrumbList","@id":"https:\/\/asg.vn\/vi\/phu-kien-nganh-ep-nhua\/#breadcrumb","itemListElement":[{"@type":"ListItem","position":1,"name":"Home","item":"https:\/\/asg.vn\/ja\/"},{"@type":"ListItem","position":2,"name":"Ph\u1ee5 ki\u1ec7n ng\u00e0nh \u00e9p nh\u1ef1a"}]},{"@type":"WebSite","@id":"https:\/\/asg.vn\/ja\/#website","url":"https:\/\/asg.vn\/ja\/","name":"C\u00f4ng ty TNHH ASG","description":"Th\u00e0nh c\u00f4ng b\u1eb1ng s\u1ef1 t\u1eed t\u1ebf","publisher":{"@id":"https:\/\/asg.vn\/ja\/#organization"},"potentialAction":[{"@type":"SearchAction","target":{"@type":"EntryPoint","urlTemplate":"https:\/\/asg.vn\/ja\/?s={search_term_string}"},"query-input":"required name=search_term_string"}],"inLanguage":"id"},{"@type":"Organization","@id":"https:\/\/asg.vn\/ja\/#organization","name":"C\u00f4ng ty TNHH ASG","url":"https:\/\/asg.vn\/ja\/","logo":{"@type":"ImageObject","inLanguage":"id","@id":"https:\/\/asg.vn\/ja\/#\/schema\/logo\/image\/","url":"https:\/\/asg.vn\/wp-content\/uploads\/2023\/03\/z4110917483185_83f9ec26924715fb77663fd2b8bef540.jpg","contentUrl":"https:\/\/asg.vn\/wp-content\/uploads\/2023\/03\/z4110917483185_83f9ec26924715fb77663fd2b8bef540.jpg","width":1038,"height":324,"caption":"C\u00f4ng ty TNHH ASG"},"image":{"@id":"https:\/\/asg.vn\/ja\/#\/schema\/logo\/image\/"},"sameAs":["https:\/\/www.facebook.com\/congtyasgvietnam"]}]}},"_links":{"self":[{"href":"https:\/\/asg.vn\/id\/wp-json\/wp\/v2\/pages\/1512"}],"collection":[{"href":"https:\/\/asg.vn\/id\/wp-json\/wp\/v2\/pages"}],"about":[{"href":"https:\/\/asg.vn\/id\/wp-json\/wp\/v2\/types\/page"}],"author":[{"embeddable":true,"href":"https:\/\/asg.vn\/id\/wp-json\/wp\/v2\/users\/24"}],"replies":[{"embeddable":true,"href":"https:\/\/asg.vn\/id\/wp-json\/wp\/v2\/comments?post=1512"}],"version-history":[{"count":138,"href":"https:\/\/asg.vn\/id\/wp-json\/wp\/v2\/pages\/1512\/revisions"}],"predecessor-version":[{"id":3423,"href":"https:\/\/asg.vn\/id\/wp-json\/wp\/v2\/pages\/1512\/revisions\/3423"}],"wp:featuredmedia":[{"embeddable":true,"href":"https:\/\/asg.vn\/id\/wp-json\/wp\/v2\/media\/651"}],"wp:attachment":[{"href":"https:\/\/asg.vn\/id\/wp-json\/wp\/v2\/media?parent=1512"}],"curies":[{"name":"wp","href":"https:\/\/api.w.org\/{rel}","templated":true}]}}