{"id":4544,"date":"2024-05-02T15:57:21","date_gmt":"2024-05-02T08:57:21","guid":{"rendered":"https:\/\/asg.vn\/?page_id=4544"},"modified":"2024-05-14T14:42:35","modified_gmt":"2024-05-14T07:42:35","slug":"dau-phun","status":"publish","type":"page","link":"https:\/\/asg.vn\/es\/dau-phun\/","title":{"rendered":"BOQUILLA DE INYECCI\u00d3N"},"content":{"rendered":"<h2>I. GI\u1edaI THI\u1ec6U NOZZLE M\u00c1Y \u00c9P NH\u1ef0A<\/h2>\n<h2>1. Nozzle m\u00e1y \u00e9p nh\u1ef1a l\u00e0 g\u00ec?<\/h2>\n<p>La unidad de boquilla de tornillo para m\u00e1quina de inyecci\u00f3n de pl\u00e1stico, com\u00fanmente conocida como \"boquilla de m\u00e1quina de inyecci\u00f3n de pl\u00e1stico\", se conecta al cilindro de la m\u00e1quina de dos maneras, dependiendo del dise\u00f1o espec\u00edfico del cilindro:<\/p>\n<p>+ Conexi\u00f3n directa: Se utiliza una rosca o un tornillo para fijar la boquilla directamente al cilindro.<br \/>\n+ Conexi\u00f3n indirecta: Se emplea un adaptador entre la boquilla y el cilindro. La boquilla se conecta al adaptador, y este a su vez se conecta al cilindro.<\/p>\n<p>Tham kh\u1ea3o th\u00eam b\u00e0i vi\u1ebft v\u1ec1 <a href=\"https:\/\/asg.vn\/es\/adapter-cho-may-ep-nhua\/\">Nozzle Adapter<\/a> v\u00e0 <a href=\"https:\/\/asg.vn\/es\/xi-lanh-may-ep-nhua\/\">Xi lanh m\u00e1y \u00e9p nh\u1ef1a.<\/a><\/p>\n<p><img loading=\"lazy\" decoding=\"async\" class=\"aligncenter\" src=\"https:\/\/asg.vn\/wp-content\/uploads\/2023\/04\/seihin1-26-1.jpg\" sizes=\"(max-width: 1024px) 100vw, 1024px\" srcset=\"https:\/\/asg.vn\/wp-content\/uploads\/2023\/04\/seihin1-26-1.jpg 1024w, https:\/\/asg.vn\/wp-content\/uploads\/2023\/04\/seihin1-26-1-300x243.jpg 300w, https:\/\/asg.vn\/wp-content\/uploads\/2023\/04\/seihin1-26-1-768x622.jpg 768w\" alt=\"nozzle m\u00e1y \u00e9p nh\u1ef1a\" width=\"1024\" height=\"829\" \/><\/p>\n<figure><img decoding=\"async\" class=\"aligncenter\" title=\"nozzle m\u00e1y \u00e9p nh\u1ef1a\" src=\"https:\/\/asg.vn\/wp-content\/uploads\/elementor\/thumbs\/nozzle-123-q4lgpwtewd2zh9mko1x05nz7rxi39lrcsuhrf7yiok.jpg\" alt=\"nozzle m\u00e1y \u00e9p nh\u1ef1a\" \/><figcaption>Nozzle d\u1ea1ng l\u1eafp tr\u1ef1c ti\u1ebfp<\/figcaption><\/figure>\n<figure><img decoding=\"async\" class=\"aligncenter\" title=\"nozzle m\u00e1y \u00e9p nh\u1ef1a\" src=\"https:\/\/asg.vn\/wp-content\/uploads\/elementor\/thumbs\/123456-q4lgqo2qrpr26drt9qcsqo0375hyol4xk351ks0rys.jpg\" alt=\"nozzle m\u00e1y \u00e9p nh\u1ef1a\" \/><figcaption>Nozzle d\u1ea1ng l\u1eafp gi\u00e1n ti\u1ebfp qua Adapter<\/figcaption><\/figure>\n<p>T\u00e1c d\u1ee5ng ch\u00ednh c\u1ee7a Nozzle (\u0111\u1ea7u phun) l\u00e0 d\u1eabn d\u00f2ng nh\u1ef1a n\u00f3ng ch\u1ea3y \u0111i v\u00e0o khu\u00f4n. Nozzle ti\u1ebfp x\u00fac tr\u1ef1c ti\u1ebfp v\u1edbi ph\u1ea7n b\u1eaft \u0111\u1ea7u c\u1ee7a khu\u00f4n.Ngo\u00e0i ra t\u00f9y theo tr\u01b0\u1eddng h\u1ee3p c\u1ee5 th\u1ec3 m\u00e0 c\u00f2n c\u00f3 c\u00e1c th\u00eam t\u00e1c d\u1ee5ng kh\u00e1c nh\u01b0:<\/p>\n<ul style=\"list-style-type: circle;\">\n<li><strong>Boquilla mezcladora (Mixing nozzle): <\/strong>Cuando el producto producido tiene color (no negro, blanco o transparente), las part\u00edculas de color no se mezclan uniformemente con el pl\u00e1stico, lo que provoca un color inestable del producto. La boquilla pulverizadora tiene la funci\u00f3n de boquilla mezcladora. <strong>Mixing nozzle<\/strong> Boquilla mezcladora (Mixing nozzle): Cuando se fabrican productos de colores (que no sean negro, blanco o transparente), la mezcla desigual de las part\u00edculas de color con el pl\u00e1stico puede afectar la estabilidad del color del producto final. La boquilla mezcladora (Mixing nozzle) induce un flujo de remolino en el pl\u00e1stico fundido, lo que garantiza una mezcla m\u00e1s uniforme de los colores, mejorando la estabilidad del color del producto. Para abordar el problema de la mezcla desigual de colores y las manchas, ASG ofrece boquillas mezcladoras como soluci\u00f3n. Las boquillas mezcladoras generalmente se pueden limpiar sin desmontarlas, utilizando un nuevo pol\u00edmero para la limpieza. Gracias a la forma optimizada de la boquilla, sin residuos ni zonas muertas, la mezcla completa del pl\u00e1stico y los colores se logra en solo unos pocos ciclos de inyecci\u00f3n. Esto evita de manera efectiva la p\u00e9rdida innecesaria de material y el tiempo de limpieza del pl\u00e1stico en la m\u00e1quina.<\/li>\n<\/ul>\n<p><img loading=\"lazy\" decoding=\"async\" class=\"aligncenter\" src=\"https:\/\/asg.vn\/wp-content\/uploads\/2023\/04\/mixing-nozzle-asg.vn_-300x208.jpg\" alt=\"mixing nozzle asg.vn\" width=\"768\" height=\"533\" \/><\/p>\n<ul style=\"list-style-type: circle;\">\n<li><strong>Boquilla de cierre<\/strong>(Shut-off nozzle): La boquilla de cierre se diferencia de las boquillas comunes en que puede interrumpir el flujo cuando no se realiza la inyecci\u00f3n. Es adecuada para pl\u00e1sticos de baja viscosidad que tienden a gotear desde la boquilla. Con a\u00f1os de experiencia en dise\u00f1o, ASG brindar\u00e1 asesoramiento a los clientes y ofrecer\u00e1 el dise\u00f1o \u00f3ptimo para cada tipo de m\u00e1quina de inyecci\u00f3n de pl\u00e1stico. Existen dos tipos de boquillas de cierre: autoajustables y ajustadas por fuerza externa.<br \/>\n1. <em><strong>Boquilla autoajustable para m\u00e1quina de inyecci\u00f3n de pl\u00e1stico<\/strong><\/em>: La aguja mantiene el orificio de la boquilla cerrado mediante la presi\u00f3n de un resorte. Cuando aumenta la presi\u00f3n de inyecci\u00f3n, el pl\u00e1stico empuja la aguja hacia atr\u00e1s y abre la boquilla. Cuando el pl\u00e1stico dentro de la boquilla alcanza una cierta presi\u00f3n, logra empujar la aguja hacia atr\u00e1s. Por lo tanto, existe una presi\u00f3n m\u00ednima requerida para que el proceso de apertura supere la fuerza del resorte. Una vez abierta la boquilla, la presi\u00f3n disminuye y la aguja, accionada por el resorte, cierra el orificio de la boquilla.<br \/>\n2. <strong><em>Boquilla ajustada por fuerza externa<\/em><\/strong>: La boquilla se abre mediante una fuerza externa, no por la presi\u00f3n del flujo de pl\u00e1stico. El funcionamiento de la boquilla de cierre se controla mediante sistemas hidr\u00e1ulicos o neum\u00e1ticos. Estas boquillas ofrecen diversos m\u00e9todos para interrumpir el flujo. Debido a que operan independientemente de la presi\u00f3n del flujo de pl\u00e1stico, se pueden utilizar en diversas aplicaciones, como precompactaci\u00f3n por fusi\u00f3n, espumado f\u00edsico y qu\u00edmico e inyecci\u00f3n a alta velocidad.<\/li>\n<\/ul>\n<p>.<\/p>\n<figure id=\"attachment_4561\" aria-describedby=\"caption-attachment-4561\" style=\"width: 940px\" class=\"wp-caption aligncenter\"><img loading=\"lazy\" decoding=\"async\" class=\"wp-image-4561 size-full\" src=\"https:\/\/asg.vn\/wp-content\/uploads\/2024\/05\/Shutoff-Nozzle.jpg\" alt=\"\" width=\"940\" height=\"572\" srcset=\"https:\/\/asg.vn\/wp-content\/uploads\/2024\/05\/Shutoff-Nozzle.jpg 940w, https:\/\/asg.vn\/wp-content\/uploads\/2024\/05\/Shutoff-Nozzle-768x467.jpg 768w, https:\/\/asg.vn\/wp-content\/uploads\/2024\/05\/Shutoff-Nozzle-18x12.jpg 18w\" sizes=\"(max-width: 940px) 100vw, 940px\" \/><figcaption id=\"caption-attachment-4561\" class=\"wp-caption-text\">C\u00e1c d\u1ea1ng Nozzle kh\u00e1c nhau theo m\u1ee5c \u0111\u00edch<\/figcaption><\/figure>\n<h2>2. C\u1ea5u t\u1ea1o Nozzle m\u00e1y \u00e9p nh\u1ef1a<\/h2>\n<p>T\u00f9y theo h\u00e3ng m\u00e1y v\u00e0 nhu c\u1ea7u s\u1eed d\u1ee5ng m\u00e0 \u0111\u1ea7u phun m\u00e1y \u00e9p nh\u1ef1a l\u1ea1i c\u00f3 c\u00e1c thi\u1ebft k\u1ebf kh\u00e1c nhau, d\u1ea1ng c\u1ea5u t\u1ea1o hay g\u1eb7p s\u1ebd c\u00f3:<\/p>\n<p>\u2022 M\u1ed9t \u0111\u1ea7u ren \u0111\u1ec3 v\u1eb7n v\u00e0o Adapter ho\u1eb7c Xilanh.<br \/>\n\u2022 M\u1ed9t \u0111\u1ea7u c\u00f4n tr\u00f2n \u0111\u1ec3 \u00e1p s\u00e1t v\u00e0o ph\u1ea7n khu\u00f4n.<br \/>\n\u2022 L\u1ed7 d\u1eabn nh\u1ef1a.<br \/>\n\u2022 V\u1ecb tr\u00ed l\u1eafp c\u1ea3m bi\u1ebfn.<br \/>\n\u2022 L\u1ee5c gi\u00e1c \u0111\u1ec3 c\u00f3 th\u1ec3 k\u1eb9p c\u1edd l\u00ea, m\u1ecf l\u1ebft v\u00e0o \u0111\u1ec3 v\u1eb7n.<\/p>\n<p><img loading=\"lazy\" decoding=\"async\" class=\"aligncenter\" src=\"https:\/\/asg.vn\/wp-content\/uploads\/2023\/04\/cau-tao-nozzle-may-ep-nhua.gif\" alt=\"c\u1ea5u t\u1ea1o nozzle m\u00e1y \u00e9p nh\u1ef1a\" width=\"500\" height=\"325\" \/><\/p>\n<h2>3. Ph\u01b0\u01a1ng ph\u00e1p l\u1ef1a ch\u1ecdn v\u1eadt li\u1ec7u ch\u1ebf t\u1ea1o Nozzle<\/h2>\n<p>T\u00f9y thu\u1ed9c v\u00e0o t\u00ecnh tr\u1ea1ng NG m\u00e0 s\u1ea3n ph\u1ea9m \u0111ang g\u1eb7p ph\u1ea3i ho\u1eb7c lo\u1ea1i nh\u1ef1a s\u1eed d\u1ee5ng m\u00e0 l\u1ef1a ch\u1ecdn ph\u01b0\u01a1ng ph\u00e1p ch\u1ebf t\u1ea1o c\u0169ng nh\u01b0 v\u1eadt li\u1ec7u ch\u1ebf t\u1ea1o Nozzle cho m\u00e1y \u00e9p m\u1ed9t c\u00e1ch ph\u00f9 h\u1ee3p.<\/p>\n<p>Th\u00f4ng th\u01b0\u1eddng v\u1eadt li\u1ec7u s\u1ebd \u0111\u01b0\u1ee3c s\u1eed d\u1ee5ng l\u00e0 SKD61, SAMC645, tuy nhi\u00ean v\u1edbi c\u00e1c nh\u1ef1a c\u00f3 c\u1ea5p \u0111\u1ed9 ch\u1ed1ng ch\u00e1y cao (nh\u00f3m free halogen) th\u00ec c\u1ea7n ph\u1ea3i l\u1ef1a ch\u1ecdn c\u00e1c lo\u1ea1i h\u1ee3p kim t\u0103ng c\u01b0\u1eddng th\u00e0nh ph\u1ea7n Crom \u0111\u1ec3 t\u0103ng kh\u1ea3 n\u0103ng ch\u1ed1ng \u0103n m\u00f2n kim lo\u1ea1i.<\/p>\n<p><img loading=\"lazy\" decoding=\"async\" class=\"aligncenter\" src=\"https:\/\/asg.vn\/wp-content\/uploads\/2023\/04\/Plastic-Injection-Molding-Machine-Spring-Shut-off-Nozzle.jpg\" sizes=\"(max-width: 994px) 100vw, 994px\" srcset=\"https:\/\/asg.vn\/wp-content\/uploads\/2023\/04\/Plastic-Injection-Molding-Machine-Spring-Shut-off-Nozzle.jpg 994w, https:\/\/asg.vn\/wp-content\/uploads\/2023\/04\/Plastic-Injection-Molding-Machine-Spring-Shut-off-Nozzle-300x159.jpg 300w, https:\/\/asg.vn\/wp-content\/uploads\/2023\/04\/Plastic-Injection-Molding-Machine-Spring-Shut-off-Nozzle-768x406.jpg 768w\" alt=\"Plastic-Injection-Molding-Machine-Spring-Shut-off-Nozzle\" width=\"994\" height=\"526\" \/><\/p>\n<h2>II. NOZZLE M\u00c1Y \u00c9P NH\u1ef0A C\u00d4NG TY ASG<\/h2>\n<h2>1. Introducci\u00f3n<\/h2>\n<ul>\n<li>Fabricamos boquillas para m\u00e1quinas de inyecci\u00f3n de pl\u00e1stico de todo tipo bajo pedido.<\/li>\n<li>S\u1ea3n xu\u1ea5t theo y\u00eau c\u1ea7u s\u1eed d\u1ee5ng nh\u01b0: \u0110\u1ea7u phun c\u00f3 ch\u1ee9c n\u0103ng tr\u1ed9n \u2013 Mixing nozzle, \u0110\u1ea7u phun \u0111\u00f3ng ng\u1eaft \u2013 shutter nozzle,&#8230;<\/li>\n<li>Dimensiones:<br \/>\nDi\u00e1metro de <strong>D14mm &#8211;\u00a0 D150mm<\/strong><br \/>\nLongitud m\u00e1xima: <strong>600mm<\/strong><\/li>\n<li><\/li>\n<\/ul>\n<h2>3. Proceso de suministro de productos<\/h2>\n<p><strong>Paso 1:<\/strong> Env\u00edo de solicitud de cotizaci\u00f3n con la siguiente informaci\u00f3n:<\/p>\n<ul>\n<li>Nombre completo del modelo de la m\u00e1quina o foto del modelo<\/li>\n<li>Especificaciones de di\u00e1metro y longitud del componente.<\/li>\n<li>Modelo de pl\u00e1stico utilizado o foto del embalaje de pl\u00e1stico para seleccionar el material y la tecnolog\u00eda de fabricaci\u00f3n adecuados para el componente.<\/li>\n<\/ul>\n<p><strong>Paso 2:<\/strong> ASG Vietnam env\u00eda la cotizaci\u00f3n al cliente.<\/p>\n<p><strong>Paso 3:<\/strong>\u00a0El cliente env\u00eda la orden de compra.<\/p>\n<p><strong>Paso 4:<\/strong> En la mayor\u00eda de los casos, ya tenemos los dibujos de fabricaci\u00f3n; en algunos casos, si no los tenemos, visitamos la planta del cliente para medir y crear los dibujos.<\/p>\n<p><strong>Paso 5:<\/strong> Fabricaci\u00f3n y pubicitaci\u00f3n de calidad del producto seg\u00fan la norma ISO 9001:2005.<\/p>\n<p><strong>Paso 6:<\/strong> Entrega e instalaci\u00f3n gratuita<\/p>\n<p><strong>Paso 7:<\/strong> Pago<\/p>\n<h2>4. Pol\u00edtica de garant\u00eda<\/h2>\n<ul>\n<li>Todos los productos de ASG Vietnam est\u00e1n garantizados con una pol\u00edtica de 1 a 1 durante 12 meses por defectos de fabricaci\u00f3n.<\/li>\n<li>Ofrecemos consultas gratuitas 24\/7 sobre problemas relacionados con los cilindros para m\u00e1quinas de inyecci\u00f3n de pl\u00e1stico. Nuestro equipo de consultores est\u00e1 formado por ingenieros experimentados y jefes de ingenier\u00eda de las principales fundiciones.<\/li>\n<li>Inspecci\u00f3n y calibraci\u00f3n peri\u00f3dicas para los clientes que utilizan componentes ASG Vietnam.<\/li>\n<\/ul>\n<p><strong>Cilindros de husillo ASG: <\/strong><strong>La calidad inspira confianza.<\/strong><\/p>","protected":false},"excerpt":{"rendered":"<p>I. GI\u1edaI THI\u1ec6U NOZZLE M\u00c1Y \u00c9P NH\u1ef0A 1. Nozzle m\u00e1y \u00e9p nh\u1ef1a l\u00e0 g\u00ec? Nozzle cho m\u00e1y \u00e9p nh\u1ef1a hay c\u00f2n c\u00f3 t\u00ean g\u1ecdi l\u00e0 \u0111\u1ea7u phun m\u00e1y \u00e9p nh\u1ef1a.\u0110\u1ea7u l\u1eafp gh\u00e9p v\u1edbi xi lanh c\u00f3 2 d\u1ea1ng t\u00f9y thu\u1ed9c v\u00e0o c\u1ea5u t\u1ea1o t\u1eebng xi lanh. + L\u1eafp tr\u1ef1c ti\u1ebfp b\u1eb1ng m\u1ed1i gh\u00e9p bulong ho\u1eb7c&#8230;<\/p>","protected":false},"author":23,"featured_media":0,"parent":0,"menu_order":0,"comment_status":"closed","ping_status":"closed","template":"","meta":{"inline_featured_image":false,"footnotes":""},"yoast_head":"<!-- This site is optimized with the Yoast SEO plugin v22.5 - https:\/\/yoast.com\/wordpress\/plugins\/seo\/ -->\n<title>\u0110\u1ea7u phun - C\u00f4ng ty TNHH ASG<\/title>\n<meta name=\"robots\" content=\"index, follow, max-snippet:-1, max-image-preview:large, max-video-preview:-1\" \/>\n<link rel=\"canonical\" href=\"https:\/\/asg.vn\/es\/dau-phun\/\" \/>\n<meta property=\"og:locale\" content=\"es_ES\" \/>\n<meta property=\"og:type\" content=\"article\" \/>\n<meta property=\"og:title\" content=\"\u0110\u1ea7u phun - C\u00f4ng ty TNHH ASG\" \/>\n<meta property=\"og:description\" content=\"I. GI\u1edaI THI\u1ec6U NOZZLE M\u00c1Y \u00c9P NH\u1ef0A 1. Nozzle m\u00e1y \u00e9p nh\u1ef1a l\u00e0 g\u00ec? Nozzle cho m\u00e1y \u00e9p nh\u1ef1a hay c\u00f2n c\u00f3 t\u00ean g\u1ecdi l\u00e0 \u0111\u1ea7u phun m\u00e1y \u00e9p nh\u1ef1a.\u0110\u1ea7u l\u1eafp gh\u00e9p v\u1edbi xi lanh c\u00f3 2 d\u1ea1ng t\u00f9y thu\u1ed9c v\u00e0o c\u1ea5u t\u1ea1o t\u1eebng xi lanh. + L\u1eafp tr\u1ef1c ti\u1ebfp b\u1eb1ng m\u1ed1i gh\u00e9p bulong ho\u1eb7c...\" \/>\n<meta property=\"og:url\" content=\"https:\/\/asg.vn\/es\/dau-phun\/\" \/>\n<meta property=\"og:site_name\" content=\"C\u00f4ng ty TNHH ASG\" \/>\n<meta property=\"article:publisher\" content=\"https:\/\/www.facebook.com\/congtyasgvietnam\" \/>\n<meta property=\"article:modified_time\" content=\"2024-05-14T07:42:35+00:00\" \/>\n<meta property=\"og:image\" content=\"https:\/\/asg.vn\/wp-content\/uploads\/2023\/04\/seihin1-26-1.jpg\" \/>\n<meta name=\"twitter:card\" content=\"summary_large_image\" \/>\n<meta name=\"twitter:label1\" content=\"Tiempo de lectura\" \/>\n\t<meta name=\"twitter:data1\" content=\"8 minutos\" \/>\n<script type=\"application\/ld+json\" class=\"yoast-schema-graph\">{\"@context\":\"https:\/\/schema.org\",\"@graph\":[{\"@type\":\"WebPage\",\"@id\":\"https:\/\/asg.vn\/vi\/dau-phun\/\",\"url\":\"https:\/\/asg.vn\/vi\/dau-phun\/\",\"name\":\"\u0110\u1ea7u phun - C\u00f4ng ty TNHH ASG\",\"isPartOf\":{\"@id\":\"https:\/\/asg.vn\/ja\/#website\"},\"primaryImageOfPage\":{\"@id\":\"https:\/\/asg.vn\/vi\/dau-phun\/#primaryimage\"},\"image\":{\"@id\":\"https:\/\/asg.vn\/vi\/dau-phun\/#primaryimage\"},\"thumbnailUrl\":\"https:\/\/asg.vn\/wp-content\/uploads\/2023\/04\/seihin1-26-1.jpg\",\"datePublished\":\"2024-05-02T08:57:21+00:00\",\"dateModified\":\"2024-05-14T07:42:35+00:00\",\"breadcrumb\":{\"@id\":\"https:\/\/asg.vn\/vi\/dau-phun\/#breadcrumb\"},\"inLanguage\":\"es\",\"potentialAction\":[{\"@type\":\"ReadAction\",\"target\":[\"https:\/\/asg.vn\/vi\/dau-phun\/\"]}]},{\"@type\":\"ImageObject\",\"inLanguage\":\"es\",\"@id\":\"https:\/\/asg.vn\/vi\/dau-phun\/#primaryimage\",\"url\":\"https:\/\/asg.vn\/wp-content\/uploads\/2023\/04\/seihin1-26-1.jpg\",\"contentUrl\":\"https:\/\/asg.vn\/wp-content\/uploads\/2023\/04\/seihin1-26-1.jpg\"},{\"@type\":\"BreadcrumbList\",\"@id\":\"https:\/\/asg.vn\/vi\/dau-phun\/#breadcrumb\",\"itemListElement\":[{\"@type\":\"ListItem\",\"position\":1,\"name\":\"Home\",\"item\":\"https:\/\/asg.vn\/ja\/\"},{\"@type\":\"ListItem\",\"position\":2,\"name\":\"\u0110\u1ea7u phun\"}]},{\"@type\":\"WebSite\",\"@id\":\"https:\/\/asg.vn\/ja\/#website\",\"url\":\"https:\/\/asg.vn\/ja\/\",\"name\":\"C\u00f4ng ty TNHH ASG\",\"description\":\"Th\u00e0nh c\u00f4ng b\u1eb1ng s\u1ef1 t\u1eed t\u1ebf\",\"publisher\":{\"@id\":\"https:\/\/asg.vn\/ja\/#organization\"},\"potentialAction\":[{\"@type\":\"SearchAction\",\"target\":{\"@type\":\"EntryPoint\",\"urlTemplate\":\"https:\/\/asg.vn\/ja\/?s={search_term_string}\"},\"query-input\":\"required name=search_term_string\"}],\"inLanguage\":\"es\"},{\"@type\":\"Organization\",\"@id\":\"https:\/\/asg.vn\/ja\/#organization\",\"name\":\"C\u00f4ng ty TNHH ASG\",\"url\":\"https:\/\/asg.vn\/ja\/\",\"logo\":{\"@type\":\"ImageObject\",\"inLanguage\":\"es\",\"@id\":\"https:\/\/asg.vn\/ja\/#\/schema\/logo\/image\/\",\"url\":\"https:\/\/asg.vn\/wp-content\/uploads\/2023\/03\/z4110917483185_83f9ec26924715fb77663fd2b8bef540.jpg\",\"contentUrl\":\"https:\/\/asg.vn\/wp-content\/uploads\/2023\/03\/z4110917483185_83f9ec26924715fb77663fd2b8bef540.jpg\",\"width\":1038,\"height\":324,\"caption\":\"C\u00f4ng ty TNHH ASG\"},\"image\":{\"@id\":\"https:\/\/asg.vn\/ja\/#\/schema\/logo\/image\/\"},\"sameAs\":[\"https:\/\/www.facebook.com\/congtyasgvietnam\"]}]}<\/script>\n<!-- \/ Yoast SEO plugin. -->","yoast_head_json":{"title":"\u0110\u1ea7u phun - C\u00f4ng ty TNHH ASG","robots":{"index":"index","follow":"follow","max-snippet":"max-snippet:-1","max-image-preview":"max-image-preview:large","max-video-preview":"max-video-preview:-1"},"canonical":"https:\/\/asg.vn\/es\/dau-phun\/","og_locale":"es_ES","og_type":"article","og_title":"\u0110\u1ea7u phun - C\u00f4ng ty TNHH ASG","og_description":"I. GI\u1edaI THI\u1ec6U NOZZLE M\u00c1Y \u00c9P NH\u1ef0A 1. Nozzle m\u00e1y \u00e9p nh\u1ef1a l\u00e0 g\u00ec? Nozzle cho m\u00e1y \u00e9p nh\u1ef1a hay c\u00f2n c\u00f3 t\u00ean g\u1ecdi l\u00e0 \u0111\u1ea7u phun m\u00e1y \u00e9p nh\u1ef1a.\u0110\u1ea7u l\u1eafp gh\u00e9p v\u1edbi xi lanh c\u00f3 2 d\u1ea1ng t\u00f9y thu\u1ed9c v\u00e0o c\u1ea5u t\u1ea1o t\u1eebng xi lanh. + L\u1eafp tr\u1ef1c ti\u1ebfp b\u1eb1ng m\u1ed1i gh\u00e9p bulong ho\u1eb7c...","og_url":"https:\/\/asg.vn\/es\/dau-phun\/","og_site_name":"C\u00f4ng ty TNHH ASG","article_publisher":"https:\/\/www.facebook.com\/congtyasgvietnam","article_modified_time":"2024-05-14T07:42:35+00:00","og_image":[{"url":"https:\/\/asg.vn\/wp-content\/uploads\/2023\/04\/seihin1-26-1.jpg"}],"twitter_card":"summary_large_image","twitter_misc":{"Tiempo de lectura":"8 minutos"},"schema":{"@context":"https:\/\/schema.org","@graph":[{"@type":"WebPage","@id":"https:\/\/asg.vn\/vi\/dau-phun\/","url":"https:\/\/asg.vn\/vi\/dau-phun\/","name":"\u0110\u1ea7u phun - C\u00f4ng ty TNHH ASG","isPartOf":{"@id":"https:\/\/asg.vn\/ja\/#website"},"primaryImageOfPage":{"@id":"https:\/\/asg.vn\/vi\/dau-phun\/#primaryimage"},"image":{"@id":"https:\/\/asg.vn\/vi\/dau-phun\/#primaryimage"},"thumbnailUrl":"https:\/\/asg.vn\/wp-content\/uploads\/2023\/04\/seihin1-26-1.jpg","datePublished":"2024-05-02T08:57:21+00:00","dateModified":"2024-05-14T07:42:35+00:00","breadcrumb":{"@id":"https:\/\/asg.vn\/vi\/dau-phun\/#breadcrumb"},"inLanguage":"es","potentialAction":[{"@type":"ReadAction","target":["https:\/\/asg.vn\/vi\/dau-phun\/"]}]},{"@type":"ImageObject","inLanguage":"es","@id":"https:\/\/asg.vn\/vi\/dau-phun\/#primaryimage","url":"https:\/\/asg.vn\/wp-content\/uploads\/2023\/04\/seihin1-26-1.jpg","contentUrl":"https:\/\/asg.vn\/wp-content\/uploads\/2023\/04\/seihin1-26-1.jpg"},{"@type":"BreadcrumbList","@id":"https:\/\/asg.vn\/vi\/dau-phun\/#breadcrumb","itemListElement":[{"@type":"ListItem","position":1,"name":"Home","item":"https:\/\/asg.vn\/ja\/"},{"@type":"ListItem","position":2,"name":"\u0110\u1ea7u phun"}]},{"@type":"WebSite","@id":"https:\/\/asg.vn\/ja\/#website","url":"https:\/\/asg.vn\/ja\/","name":"C\u00f4ng ty TNHH ASG","description":"Th\u00e0nh c\u00f4ng b\u1eb1ng s\u1ef1 t\u1eed t\u1ebf","publisher":{"@id":"https:\/\/asg.vn\/ja\/#organization"},"potentialAction":[{"@type":"SearchAction","target":{"@type":"EntryPoint","urlTemplate":"https:\/\/asg.vn\/ja\/?s={search_term_string}"},"query-input":"required name=search_term_string"}],"inLanguage":"es"},{"@type":"Organization","@id":"https:\/\/asg.vn\/ja\/#organization","name":"C\u00f4ng ty TNHH ASG","url":"https:\/\/asg.vn\/ja\/","logo":{"@type":"ImageObject","inLanguage":"es","@id":"https:\/\/asg.vn\/ja\/#\/schema\/logo\/image\/","url":"https:\/\/asg.vn\/wp-content\/uploads\/2023\/03\/z4110917483185_83f9ec26924715fb77663fd2b8bef540.jpg","contentUrl":"https:\/\/asg.vn\/wp-content\/uploads\/2023\/03\/z4110917483185_83f9ec26924715fb77663fd2b8bef540.jpg","width":1038,"height":324,"caption":"C\u00f4ng ty TNHH ASG"},"image":{"@id":"https:\/\/asg.vn\/ja\/#\/schema\/logo\/image\/"},"sameAs":["https:\/\/www.facebook.com\/congtyasgvietnam"]}]}},"_links":{"self":[{"href":"https:\/\/asg.vn\/es\/wp-json\/wp\/v2\/pages\/4544"}],"collection":[{"href":"https:\/\/asg.vn\/es\/wp-json\/wp\/v2\/pages"}],"about":[{"href":"https:\/\/asg.vn\/es\/wp-json\/wp\/v2\/types\/page"}],"author":[{"embeddable":true,"href":"https:\/\/asg.vn\/es\/wp-json\/wp\/v2\/users\/23"}],"replies":[{"embeddable":true,"href":"https:\/\/asg.vn\/es\/wp-json\/wp\/v2\/comments?post=4544"}],"version-history":[{"count":6,"href":"https:\/\/asg.vn\/es\/wp-json\/wp\/v2\/pages\/4544\/revisions"}],"predecessor-version":[{"id":4578,"href":"https:\/\/asg.vn\/es\/wp-json\/wp\/v2\/pages\/4544\/revisions\/4578"}],"wp:attachment":[{"href":"https:\/\/asg.vn\/es\/wp-json\/wp\/v2\/media?parent=4544"}],"curies":[{"name":"wp","href":"https:\/\/api.w.org\/{rel}","templated":true}]}}