{"id":4045,"date":"2024-03-09T12:36:36","date_gmt":"2024-03-09T05:36:36","guid":{"rendered":"https:\/\/asg.vn\/?page_id=4045"},"modified":"2024-05-27T13:57:50","modified_gmt":"2024-05-27T06:57:50","slug":"ho-so-cong-ty","status":"publish","type":"page","link":"https:\/\/asg.vn\/es\/gioi-thieu-cong-ty\/ho-so-cong-ty\/","title":{"rendered":"DESCRIPCI\u00d3N GENERAL DE LA EMPRESA"},"content":{"rendered":"<section class=\"section\" id=\"section_528529317\">\n\t\t<div class=\"bg section-bg fill bg-fill bg-loaded bg-loaded\" >\n\n\t\t\t\n\t\t\t<div class=\"section-bg-overlay absolute fill\"><\/div>\n\t\t\t\n\n\t\t<\/div>\n\n\t\t\n\n\t\t<div class=\"section-content relative\">\n\t\t\t\n<div class=\"row\"  id=\"row-83855798\">\n\n\t<div id=\"col-1621563838\" class=\"col cot34 medium-3 small-12 large-3\"  >\n\t\t<div class=\"is-sticky-column\"><div class=\"is-sticky-column__inner\">\t\t<div class=\"col-inner box-shadow-1\" style=\"background-color:rgb(255, 255, 255);\" >\n\t\t\t\n\t\t\t\n\t<div id=\"text-2216116876\" class=\"text\">\n\t\t\n<ul id=\"menu-cnav-comapny\" class=\"cnavList\">\n<li id=\"menu-item-27601\" class=\"menu-item menu-item-type-post_type menu-item-object-page current-menu-item page_item page-item-238 current_page_item menu-item-27601\"><a href=\"https:\/\/asg.vn\/es\/gioi-thieu-cong-ty\/\">En nuestra empresa<\/a><\/li>\n<li id=\"menu-item-31203\" class=\"menu-item menu-item-type-post_type menu-item-object-page menu-item-31203\"><a href=\"https:\/\/asg.vn\/es\/gioi-thieu-cong-ty\/loi-cua-chu-tich\/\">DISCURSO DEL PRESIDENTE<\/a><\/li>\n<li id=\"menu-item-20630\" class=\"menu-item menu-item-type-post_type menu-item-object-page menu-item-20630\"><strong><a href=\"https:\/\/asg.vn\/es\/gioi-thieu-cong-ty\/ho-so-cong-ty\/\">DESCRIPCI\u00d3N GENERAL DE LA EMPRESA<\/a><\/strong><\/li>\n<li><a class=\"uppercase\" href=\"https:\/\/asg.vn\/es\/gioi-thieu-cong-ty\/mang-luoi-khach-hang\/\">LA RED DE CLIENTES<\/a><\/li>\n<li id=\"menu-item-20631\" class=\"menu-item menu-item-type-post_type menu-item-object-page menu-item-20631\"><a href=\"https:\/\/asg.vn\/es\/gioi-thieu-cong-ty\/lich-su-phat-trien\/\">EVOLUCI\u00d3N HIST\u00d3RICA<\/a><\/li>\n<li id=\"menu-item-20629\" class=\"menu-item menu-item-type-post_type menu-item-object-page menu-item-20629\"><a href=\"https:\/\/asg.vn\/es\/gioi-thieu-cong-ty\/tieu-chi-quan-ly\/\">CRITERIOS DE GESTI\u00d3N<\/a><\/li>\n<li id=\"menu-item-30939\" class=\"menu-item menu-item-type-post_type menu-item-object-page menu-item-30939\"><a href=\"https:\/\/asg.vn\/es\/gioi-thieu-cong-ty\/bai-hat-cong-ty\/\">CANCI\u00d3N DE EMPRESA<\/a><\/li>\n<li id=\"menu-item-20632\" class=\"menu-item menu-item-type-post_type menu-item-object-page menu-item-20632\"><a href=\"https:\/\/asg.vn\/es\/gioi-thieu-cong-ty\/chung-nhan\/\">CERTIFICACIONES<\/a><\/li>\n<li id=\"menu-item-20634\" class=\"menu-item menu-item-type-post_type menu-item-object-page menu-item-20634\"><a href=\"https:\/\/asg.vn\/es\/gioi-thieu-cong-ty\/bao-mat-thong-tin\/\">POL\u00cdTICA DE PRIVACIDAD<\/a><\/li>\n<li id=\"menu-item-33098\" class=\"menu-item menu-item-type-post_type menu-item-object-page menu-item-33098\"><a href=\"https:\/\/asg.vn\/es\/gioi-thieu-cong-ty\/mang-luoi-toan-cau\/\">RED DE GLOBAL<\/a><\/li>\n<li id=\"menu-item-33099\" class=\"menu-item menu-item-type-post_type menu-item-object-page menu-item-33099\"><a href=\"https:\/\/asg.vn\/es\/gioi-thieu-cong-ty\/hoat-dong-moi-truong\/\">ACTIVIDADES MEDIOAMBIENTALES<\/a><\/li>\n<\/ul>\n\t\t\n<style>\n#text-2216116876 {\n  line-height: 2.45;\n}\n<\/style>\n\t<\/div>\n\t\n\t\t<\/div>\n\t\t<\/div><\/div>\t\t\n<style>\n#col-1621563838 > .is-sticky-column > .is-sticky-column__inner > .col-inner {\n  padding: 20px 20px 20px 20px;\n}\n<\/style>\n\t<\/div>\n\n\t\n\n\t<div id=\"col-465496019\" class=\"col cotcongty medium-9 small-12 large-9\"  >\n\t\t\t\t<div class=\"col-inner\" style=\"background-color:rgb(255, 255, 255);\" >\n\t\t\t\n\t\t\t\n<div class=\"row row-collapse\"  id=\"row-1894729082\">\n\n\t<div id=\"col-1256713692\" class=\"col small-12 large-12\"  >\n\t\t\t\t<div class=\"col-inner box-shadow-1\" style=\"background-color:rgb(227, 237, 255);\" >\n\t\t\t\n\t\t\t\n<table>\n<tbody>\n<tr>\n<td>Nombre de la empresa<\/td>\n<td>ASG VIETNAM INGENIER\u00cdA COMPA\u00d1\u00cdA LIMITADA<\/td>\n<\/tr>\n<tr>\n<td>Directora General<\/td>\n<td>Ph\u1ea1m Th\u1ecb Kh\u00e1nh An<\/td>\n<\/tr>\n<tr>\n<td>A\u00f1o de fundaci\u00f3n<\/td>\n<td>Diciembre de 2012<\/td>\n<\/tr>\n<tr>\n<td>Clientes<\/td>\n<td>M\u00e1s de 1500 clientes nacionales e internacionales<\/td>\n<\/tr>\n<tr>\n<td>Productos<\/td>\n<td>\u2022 Bandeja de pl\u00e1stico perfilada.<br \/>\u2022 Procesamiento mec\u00e1nico de precisi\u00f3n.<br \/>\u2022 Cilindros de tornillo, componentes de m\u00e1quinas para f\u00e1bricas de moldeo de pl\u00e1stico.<\/td>\n<\/tr>\n<tr>\n<td>Oficinas<\/td>\n<td>\n<p><strong>Sede central:<\/strong> Cl\u00faster industrial de Dac So, comuna de Dac So, distrito de Hoai Duc, Hanoi.<br \/><strong>Sucursal de Ciudad Ho Chi Minh:<\/strong> T18\/17, calle T18, Vinhome Grand Park, Distrito 9, Ciudad Ho Chi Minh<br \/><strong>Sucursal de Jap\u00f3n:<\/strong> 1-ch\u014dme-16-8 Gokenya, Tondabayashi, ciudad de Osaka, Jap\u00f3n<\/p>\n<\/td>\n<\/tr>\n<tr>\n<td>Sitio web<\/td>\n<td>https:\/\/asg.vn<\/td>\n<\/tr>\n<\/tbody>\n<\/table>\n\t\t<\/div>\n\t\t\t\t\n<style>\n#col-1256713692 > .col-inner {\n  padding: 10px 10px 10px 10px;\n  border-radius: 10px;\n}\n<\/style>\n\t<\/div>\n\n\t\n<\/div>\n\t\t<\/div>\n\t\t\t\t\n<style>\n#col-465496019 > .col-inner {\n  padding: 30px 30px 30px 30px;\n  border-radius: 20px;\n}\n<\/style>\n\t<\/div>\n\n\t\n<\/div>\n\t\t<\/div>\n\n\t\t\n<style>\n#section_528529317 {\n  padding-top: 30px;\n  padding-bottom: 30px;\n}\n#section_528529317 .section-bg-overlay {\n  background-color: rgba(32, 56, 98, 0.047);\n}\n<\/style>\n\t<\/section>","protected":false},"excerpt":{"rendered":"","protected":false},"author":24,"featured_media":0,"parent":61,"menu_order":0,"comment_status":"closed","ping_status":"closed","template":"page-blank.php","meta":{"inline_featured_image":false,"footnotes":""},"yoast_head":"<!-- This site is optimized with the Yoast SEO plugin v22.5 - https:\/\/yoast.com\/wordpress\/plugins\/seo\/ -->\n<title>H\u1ed3 s\u01a1 c\u00f4ng ty - C\u00f4ng ty TNHH ASG<\/title>\n<meta name=\"robots\" content=\"index, follow, max-snippet:-1, max-image-preview:large, max-video-preview:-1\" \/>\n<link rel=\"canonical\" href=\"https:\/\/asg.vn\/es\/gioi-thieu-cong-ty\/ho-so-cong-ty\/\" \/>\n<meta property=\"og:locale\" content=\"es_ES\" \/>\n<meta property=\"og:type\" content=\"article\" \/>\n<meta property=\"og:title\" content=\"H\u1ed3 s\u01a1 c\u00f4ng ty - C\u00f4ng ty TNHH ASG\" \/>\n<meta property=\"og:url\" content=\"https:\/\/asg.vn\/es\/gioi-thieu-cong-ty\/ho-so-cong-ty\/\" \/>\n<meta property=\"og:site_name\" content=\"C\u00f4ng ty TNHH ASG\" \/>\n<meta property=\"article:publisher\" content=\"https:\/\/www.facebook.com\/congtyasgvietnam\" \/>\n<meta property=\"article:modified_time\" content=\"2024-05-27T06:57:50+00:00\" \/>\n<meta name=\"twitter:card\" content=\"summary_large_image\" \/>\n<meta name=\"twitter:label1\" content=\"Tiempo de lectura\" \/>\n\t<meta name=\"twitter:data1\" content=\"2 minutos\" \/>\n<script type=\"application\/ld+json\" class=\"yoast-schema-graph\">{\"@context\":\"https:\/\/schema.org\",\"@graph\":[{\"@type\":\"WebPage\",\"@id\":\"https:\/\/asg.vn\/vi\/gioi-thieu-cong-ty\/ho-so-cong-ty\/\",\"url\":\"https:\/\/asg.vn\/vi\/gioi-thieu-cong-ty\/ho-so-cong-ty\/\",\"name\":\"H\u1ed3 s\u01a1 c\u00f4ng ty - C\u00f4ng ty TNHH ASG\",\"isPartOf\":{\"@id\":\"https:\/\/asg.vn\/ja\/#website\"},\"datePublished\":\"2024-03-09T05:36:36+00:00\",\"dateModified\":\"2024-05-27T06:57:50+00:00\",\"breadcrumb\":{\"@id\":\"https:\/\/asg.vn\/vi\/gioi-thieu-cong-ty\/ho-so-cong-ty\/#breadcrumb\"},\"inLanguage\":\"es\",\"potentialAction\":[{\"@type\":\"ReadAction\",\"target\":[\"https:\/\/asg.vn\/vi\/gioi-thieu-cong-ty\/ho-so-cong-ty\/\"]}]},{\"@type\":\"BreadcrumbList\",\"@id\":\"https:\/\/asg.vn\/vi\/gioi-thieu-cong-ty\/ho-so-cong-ty\/#breadcrumb\",\"itemListElement\":[{\"@type\":\"ListItem\",\"position\":1,\"name\":\"Home\",\"item\":\"https:\/\/asg.vn\/ja\/\"},{\"@type\":\"ListItem\",\"position\":2,\"name\":\"GI\u1edaI THI\u1ec6U C\u00d4NG TY\",\"item\":\"https:\/\/asg.vn\/vi\/gioi-thieu-cong-ty\/\"},{\"@type\":\"ListItem\",\"position\":3,\"name\":\"H\u1ed3 s\u01a1 c\u00f4ng ty\"}]},{\"@type\":\"WebSite\",\"@id\":\"https:\/\/asg.vn\/ja\/#website\",\"url\":\"https:\/\/asg.vn\/ja\/\",\"name\":\"C\u00f4ng ty TNHH ASG\",\"description\":\"Th\u00e0nh c\u00f4ng b\u1eb1ng s\u1ef1 t\u1eed t\u1ebf\",\"publisher\":{\"@id\":\"https:\/\/asg.vn\/ja\/#organization\"},\"potentialAction\":[{\"@type\":\"SearchAction\",\"target\":{\"@type\":\"EntryPoint\",\"urlTemplate\":\"https:\/\/asg.vn\/ja\/?s={search_term_string}\"},\"query-input\":\"required name=search_term_string\"}],\"inLanguage\":\"es\"},{\"@type\":\"Organization\",\"@id\":\"https:\/\/asg.vn\/ja\/#organization\",\"name\":\"C\u00f4ng ty TNHH ASG\",\"url\":\"https:\/\/asg.vn\/ja\/\",\"logo\":{\"@type\":\"ImageObject\",\"inLanguage\":\"es\",\"@id\":\"https:\/\/asg.vn\/ja\/#\/schema\/logo\/image\/\",\"url\":\"https:\/\/asg.vn\/wp-content\/uploads\/2023\/03\/z4110917483185_83f9ec26924715fb77663fd2b8bef540.jpg\",\"contentUrl\":\"https:\/\/asg.vn\/wp-content\/uploads\/2023\/03\/z4110917483185_83f9ec26924715fb77663fd2b8bef540.jpg\",\"width\":1038,\"height\":324,\"caption\":\"C\u00f4ng ty TNHH ASG\"},\"image\":{\"@id\":\"https:\/\/asg.vn\/ja\/#\/schema\/logo\/image\/\"},\"sameAs\":[\"https:\/\/www.facebook.com\/congtyasgvietnam\"]}]}<\/script>\n<!-- \/ Yoast SEO plugin. -->","yoast_head_json":{"title":"H\u1ed3 s\u01a1 c\u00f4ng ty - C\u00f4ng ty TNHH ASG","robots":{"index":"index","follow":"follow","max-snippet":"max-snippet:-1","max-image-preview":"max-image-preview:large","max-video-preview":"max-video-preview:-1"},"canonical":"https:\/\/asg.vn\/es\/gioi-thieu-cong-ty\/ho-so-cong-ty\/","og_locale":"es_ES","og_type":"article","og_title":"H\u1ed3 s\u01a1 c\u00f4ng ty - C\u00f4ng ty TNHH ASG","og_url":"https:\/\/asg.vn\/es\/gioi-thieu-cong-ty\/ho-so-cong-ty\/","og_site_name":"C\u00f4ng ty TNHH ASG","article_publisher":"https:\/\/www.facebook.com\/congtyasgvietnam","article_modified_time":"2024-05-27T06:57:50+00:00","twitter_card":"summary_large_image","twitter_misc":{"Tiempo de lectura":"2 minutos"},"schema":{"@context":"https:\/\/schema.org","@graph":[{"@type":"WebPage","@id":"https:\/\/asg.vn\/vi\/gioi-thieu-cong-ty\/ho-so-cong-ty\/","url":"https:\/\/asg.vn\/vi\/gioi-thieu-cong-ty\/ho-so-cong-ty\/","name":"H\u1ed3 s\u01a1 c\u00f4ng ty - C\u00f4ng ty TNHH ASG","isPartOf":{"@id":"https:\/\/asg.vn\/ja\/#website"},"datePublished":"2024-03-09T05:36:36+00:00","dateModified":"2024-05-27T06:57:50+00:00","breadcrumb":{"@id":"https:\/\/asg.vn\/vi\/gioi-thieu-cong-ty\/ho-so-cong-ty\/#breadcrumb"},"inLanguage":"es","potentialAction":[{"@type":"ReadAction","target":["https:\/\/asg.vn\/vi\/gioi-thieu-cong-ty\/ho-so-cong-ty\/"]}]},{"@type":"BreadcrumbList","@id":"https:\/\/asg.vn\/vi\/gioi-thieu-cong-ty\/ho-so-cong-ty\/#breadcrumb","itemListElement":[{"@type":"ListItem","position":1,"name":"Home","item":"https:\/\/asg.vn\/ja\/"},{"@type":"ListItem","position":2,"name":"GI\u1edaI THI\u1ec6U C\u00d4NG TY","item":"https:\/\/asg.vn\/vi\/gioi-thieu-cong-ty\/"},{"@type":"ListItem","position":3,"name":"H\u1ed3 s\u01a1 c\u00f4ng ty"}]},{"@type":"WebSite","@id":"https:\/\/asg.vn\/ja\/#website","url":"https:\/\/asg.vn\/ja\/","name":"C\u00f4ng ty TNHH ASG","description":"Th\u00e0nh c\u00f4ng b\u1eb1ng s\u1ef1 t\u1eed t\u1ebf","publisher":{"@id":"https:\/\/asg.vn\/ja\/#organization"},"potentialAction":[{"@type":"SearchAction","target":{"@type":"EntryPoint","urlTemplate":"https:\/\/asg.vn\/ja\/?s={search_term_string}"},"query-input":"required name=search_term_string"}],"inLanguage":"es"},{"@type":"Organization","@id":"https:\/\/asg.vn\/ja\/#organization","name":"C\u00f4ng ty TNHH ASG","url":"https:\/\/asg.vn\/ja\/","logo":{"@type":"ImageObject","inLanguage":"es","@id":"https:\/\/asg.vn\/ja\/#\/schema\/logo\/image\/","url":"https:\/\/asg.vn\/wp-content\/uploads\/2023\/03\/z4110917483185_83f9ec26924715fb77663fd2b8bef540.jpg","contentUrl":"https:\/\/asg.vn\/wp-content\/uploads\/2023\/03\/z4110917483185_83f9ec26924715fb77663fd2b8bef540.jpg","width":1038,"height":324,"caption":"C\u00f4ng ty TNHH ASG"},"image":{"@id":"https:\/\/asg.vn\/ja\/#\/schema\/logo\/image\/"},"sameAs":["https:\/\/www.facebook.com\/congtyasgvietnam"]}]}},"_links":{"self":[{"href":"https:\/\/asg.vn\/es\/wp-json\/wp\/v2\/pages\/4045"}],"collection":[{"href":"https:\/\/asg.vn\/es\/wp-json\/wp\/v2\/pages"}],"about":[{"href":"https:\/\/asg.vn\/es\/wp-json\/wp\/v2\/types\/page"}],"author":[{"embeddable":true,"href":"https:\/\/asg.vn\/es\/wp-json\/wp\/v2\/users\/24"}],"replies":[{"embeddable":true,"href":"https:\/\/asg.vn\/es\/wp-json\/wp\/v2\/comments?post=4045"}],"version-history":[{"count":26,"href":"https:\/\/asg.vn\/es\/wp-json\/wp\/v2\/pages\/4045\/revisions"}],"predecessor-version":[{"id":4677,"href":"https:\/\/asg.vn\/es\/wp-json\/wp\/v2\/pages\/4045\/revisions\/4677"}],"up":[{"embeddable":true,"href":"https:\/\/asg.vn\/es\/wp-json\/wp\/v2\/pages\/61"}],"wp:attachment":[{"href":"https:\/\/asg.vn\/es\/wp-json\/wp\/v2\/media?parent=4045"}],"curies":[{"name":"wp","href":"https:\/\/api.w.org\/{rel}","templated":true}]}}