{"id":4042,"date":"2024-03-09T12:35:10","date_gmt":"2024-03-09T05:35:10","guid":{"rendered":"https:\/\/asg.vn\/?page_id=4042"},"modified":"2024-03-29T16:49:46","modified_gmt":"2024-03-29T09:49:46","slug":"loi-cua-chu-tich","status":"publish","type":"page","link":"https:\/\/asg.vn\/es\/gioi-thieu-cong-ty\/loi-cua-chu-tich\/","title":{"rendered":"DISCURSO DEL PRESIDENTE"},"content":{"rendered":"<section class=\"section\" id=\"section_45898843\">\n\t\t<div class=\"bg section-bg fill bg-fill bg-loaded bg-loaded\" >\n\n\t\t\t\n\t\t\t<div class=\"section-bg-overlay absolute fill\"><\/div>\n\t\t\t\n\n\t\t<\/div>\n\n\t\t\n\n\t\t<div class=\"section-content relative\">\n\t\t\t\n<div class=\"row\"  id=\"row-11594211\">\n\n\t<div id=\"col-1594554596\" class=\"col cot34 medium-3 small-12 large-3\"  >\n\t\t<div class=\"is-sticky-column\"><div class=\"is-sticky-column__inner\">\t\t<div class=\"col-inner box-shadow-1\" style=\"background-color:rgb(255, 255, 255);\" >\n\t\t\t\n\t\t\t\n\t<div id=\"text-1971828527\" class=\"text\">\n\t\t\n<ul id=\"menu-cnav-comapny\" class=\"cnavList\">\n<li id=\"menu-item-27601\" class=\"menu-item menu-item-type-post_type menu-item-object-page current-menu-item page_item page-item-238 current_page_item menu-item-27601\"><a href=\"https:\/\/asg.vn\/es\/gioi-thieu-cong-ty\/\">En nuestra empresa<\/a><\/li>\n<li id=\"menu-item-31203\" class=\"menu-item menu-item-type-post_type menu-item-object-page menu-item-31203\"><strong><a href=\"https:\/\/asg.vn\/es\/gioi-thieu-cong-ty\/loi-cua-chu-tich\/\">DISCURSO DEL PRESIDENTE<\/a><\/strong><\/li>\n<li id=\"menu-item-20630\" class=\"menu-item menu-item-type-post_type menu-item-object-page menu-item-20630\"><a href=\"https:\/\/asg.vn\/es\/gioi-thieu-cong-ty\/ho-so-cong-ty\/\">DESCRIPCI\u00d3N GENERAL DE LA EMPRESA<\/a><\/li>\n<li><a class=\"uppercase\" href=\"https:\/\/asg.vn\/es\/gioi-thieu-cong-ty\/mang-luoi-khach-hang\/\">LA RED DE CLIENTES<\/a><\/li>\n<li id=\"menu-item-20631\" class=\"menu-item menu-item-type-post_type menu-item-object-page menu-item-20631\"><a href=\"https:\/\/asg.vn\/es\/gioi-thieu-cong-ty\/lich-su-phat-trien\/\">EVOLUCI\u00d3N HIST\u00d3RICA<\/a><\/li>\n<li id=\"menu-item-20629\" class=\"menu-item menu-item-type-post_type menu-item-object-page menu-item-20629\"><a href=\"https:\/\/asg.vn\/es\/gioi-thieu-cong-ty\/tieu-chi-quan-ly\/\">CRITERIOS DE GESTI\u00d3N<\/a><\/li>\n<li id=\"menu-item-30939\" class=\"menu-item menu-item-type-post_type menu-item-object-page menu-item-30939\"><a href=\"https:\/\/asg.vn\/es\/gioi-thieu-cong-ty\/bai-hat-cong-ty\/\">CANCI\u00d3N DE EMPRESA<\/a><\/li>\n<li id=\"menu-item-20632\" class=\"menu-item menu-item-type-post_type menu-item-object-page menu-item-20632\"><a href=\"https:\/\/asg.vn\/es\/gioi-thieu-cong-ty\/chung-nhan\/\">CERTIFICACIONES<\/a><\/li>\n<li id=\"menu-item-20634\" class=\"menu-item menu-item-type-post_type menu-item-object-page menu-item-20634\"><a href=\"https:\/\/asg.vn\/es\/gioi-thieu-cong-ty\/bao-mat-thong-tin\/\">POL\u00cdTICA DE PRIVACIDAD<\/a><\/li>\n<li id=\"menu-item-33098\" class=\"menu-item menu-item-type-post_type menu-item-object-page menu-item-33098\"><a href=\"https:\/\/asg.vn\/es\/gioi-thieu-cong-ty\/mang-luoi-toan-cau\/\">RED DE GLOBAL<\/a><\/li>\n<li id=\"menu-item-33099\" class=\"menu-item menu-item-type-post_type menu-item-object-page menu-item-33099\"><a href=\"https:\/\/asg.vn\/es\/gioi-thieu-cong-ty\/hoat-dong-moi-truong\/\">ACTIVIDADES MEDIOAMBIENTALES<\/a><\/li>\n<\/ul>\n\t\t\n<style>\n#text-1971828527 {\n  line-height: 2.45;\n}\n<\/style>\n\t<\/div>\n\t\n\t\t<\/div>\n\t\t<\/div><\/div>\t\t\n<style>\n#col-1594554596 > .is-sticky-column > .is-sticky-column__inner > .col-inner {\n  padding: 20px 20px 20px 20px;\n}\n<\/style>\n\t<\/div>\n\n\t\n\n\t<div id=\"col-804216342\" class=\"col medium-9 small-12 large-9\"  >\n\t\t\t\t<div class=\"col-inner\" style=\"background-color:rgb(255, 255, 255);\" >\n\t\t\t\n\t\t\t\n\t<div class=\"img has-hover anhtron x md-x lg-x y md-y lg-y\" id=\"image_25761546\">\n\t\t\t\t\t\t\t\t<div class=\"img-inner dark\" >\n\t\t\t<img loading=\"lazy\" decoding=\"async\" width=\"1695\" height=\"998\" src=\"https:\/\/asg.vn\/wp-content\/uploads\/2024\/03\/Untitled.png\" class=\"attachment-original size-original\" alt=\"\" srcset=\"https:\/\/asg.vn\/wp-content\/uploads\/2024\/03\/Untitled.png 1695w, https:\/\/asg.vn\/wp-content\/uploads\/2024\/03\/Untitled-768x452.png 768w, https:\/\/asg.vn\/wp-content\/uploads\/2024\/03\/Untitled-1536x904.png 1536w, https:\/\/asg.vn\/wp-content\/uploads\/2024\/03\/Untitled-600x353.png 600w\" sizes=\"(max-width: 1695px) 100vw, 1695px\" \/>\t\t\t\t\t\t\n\t\t\t\t\t<\/div>\n\t\t\t\t\t\t\t\t\n<style>\n#image_25761546 {\n  width: 100%;\n}\n<\/style>\n\t<\/div>\n\t\n<div class=\"container section-title-container\" ><h2 class=\"section-title section-title-normal\"><b><\/b><span class=\"section-title-main\" >Discurso del Presidente<\/span><b><\/b><\/h2><\/div>\n<p>Retrocediendo en el tiempo hasta el a\u00f1o 2012, fund\u00e9 la empresa ASG Vietnam Co., Ltd. Con un coraz\u00f3n apasionado, deseaba que la empresa produjera productos l\u00edderes en Vietnam y se expandiera al mundo, contando solo con la experiencia profunda en el sector de la inyecci\u00f3n de pl\u00e1stico y los conocimientos fundamentales adquiridos en grandes corporaciones.<\/p>\n<p>Desde sus inicios, nos hemos centrado en la investigaci\u00f3n de tecnolog\u00edas para fabricar cilindros y tornillos para m\u00e1quinas de inyecci\u00f3n de pl\u00e1stico. A trav\u00e9s de varias series de cilindros y tornillos fabricados OEM por algunos fabricantes de Jap\u00f3n y Taiw\u00e1n, hemos ganado gradualmente la confianza de nuestros clientes, que son las mayores empresas japonesas en Vietnam, utilizando y estableciendo plantas de producci\u00f3n en el pa\u00eds. Posteriormente, con la aplicaci\u00f3n de tecnolog\u00edas avanzadas en nuevos materiales, nos hemos convertido en el principal fabricante de componentes de cilindros y tornillos en Vietnam, exportando al mercado internacional.\u00a0<\/p>\n<p>Adem\u00e1s, ASG tambi\u00e9n desarrolla soluciones de embalaje y envases con el principio: Acompa\u00f1ar a nuestros clientes para desarrollar productos Verdes, Limpios, contribuyendo al verde de la Tierra.<\/p>\n<p>El rotundo \u00e9xito de ASG a lo largo de los a\u00f1os es un testimonio de la confianza y el apoyo inestimable de los clientes que han acompa\u00f1ado a ASG desde sus inicios.<\/p>\n<p><strong>A nuestros estimados clientes,<\/strong><\/p>\n<p>A nuestros queridos empleados y a sus familias,<\/p>\n<p>A los amigos que siempre apoyan a ASG,<\/p>\n<p>Con nuestra misi\u00f3n de servir, ASG siempre toma las cuatro palabras \"CORAZ\u00d3N - CONFIANZA - INTELIGENCIA - LEALTAD\" como gu\u00eda para todas sus acciones:<\/p>\n<p><strong>CORAZ\u00d3N - CONFIANZA - INTELIGENCIA - LEALTAD<\/strong><\/p>\n<p>\u00a0 \u00a0 \u00a0Coraz\u00f3n: Poner siempre el coraz\u00f3n con las personas, coraz\u00f3n con la profesi\u00f3n, coraz\u00f3n con la vida. Un coraz\u00f3n orientado al bien traer\u00e1 prosperidad.<\/p>\n<p>\u00a0 \u00a0 \u00a0Confianza: Credibilidad con los clientes, con los socios, con el personal,  con la comunidad, manteniendo siempre la confianza hacia el \u00e9xito.<\/p>\n<p>\u00a0 \u00a0 \u00a0Inteligencia: Fomentar el pensamiento creativo, inteligencia innovadora, resiliente, inteligencia que se proyecta hacia el futuro.<\/p>\n<p>\u00a0 \u00a0 \u00a0Lealtad: Ser fieles a los compromisos, la calidad, honestidad con los productos, lealtad con la comunidad.<\/p>\n<p>Esperamos recibir el apoyo y la colaboraci\u00f3n que nos han brindado hasta ahora para lograr un desarrollo sostenible en el futuro.<\/p>\n<p>\u00a1Muchas gracias!<\/p>\n\t\t<\/div>\n\t\t\t\t\n<style>\n#col-804216342 > .col-inner {\n  padding: 30px 30px 30px 30px;\n  border-radius: 20px;\n}\n<\/style>\n\t<\/div>\n\n\t\n<\/div>\n\t\t<\/div>\n\n\t\t\n<style>\n#section_45898843 {\n  padding-top: 30px;\n  padding-bottom: 30px;\n}\n#section_45898843 .section-bg-overlay {\n  background-color: rgba(32, 56, 98, 0.047);\n}\n<\/style>\n\t<\/section>","protected":false},"excerpt":{"rendered":"","protected":false},"author":24,"featured_media":0,"parent":61,"menu_order":0,"comment_status":"closed","ping_status":"closed","template":"page-blank.php","meta":{"inline_featured_image":false,"footnotes":""},"yoast_head":"<!-- This site is optimized with the Yoast SEO plugin v22.5 - https:\/\/yoast.com\/wordpress\/plugins\/seo\/ -->\n<title>L\u1eddi c\u1ee7a ch\u1ee7 t\u1ecbch - C\u00f4ng ty TNHH ASG<\/title>\n<meta name=\"robots\" content=\"index, follow, max-snippet:-1, max-image-preview:large, max-video-preview:-1\" \/>\n<link rel=\"canonical\" href=\"https:\/\/asg.vn\/es\/gioi-thieu-cong-ty\/loi-cua-chu-tich\/\" \/>\n<meta property=\"og:locale\" content=\"es_ES\" \/>\n<meta property=\"og:type\" content=\"article\" \/>\n<meta property=\"og:title\" content=\"L\u1eddi c\u1ee7a ch\u1ee7 t\u1ecbch - C\u00f4ng ty TNHH ASG\" \/>\n<meta property=\"og:url\" content=\"https:\/\/asg.vn\/es\/gioi-thieu-cong-ty\/loi-cua-chu-tich\/\" \/>\n<meta property=\"og:site_name\" content=\"C\u00f4ng ty TNHH ASG\" \/>\n<meta property=\"article:publisher\" content=\"https:\/\/www.facebook.com\/congtyasgvietnam\" \/>\n<meta property=\"article:modified_time\" content=\"2024-03-29T09:49:46+00:00\" \/>\n<meta name=\"twitter:card\" content=\"summary_large_image\" \/>\n<meta name=\"twitter:label1\" content=\"Tiempo de lectura\" \/>\n\t<meta name=\"twitter:data1\" content=\"3 minutos\" \/>\n<script type=\"application\/ld+json\" class=\"yoast-schema-graph\">{\"@context\":\"https:\/\/schema.org\",\"@graph\":[{\"@type\":\"WebPage\",\"@id\":\"https:\/\/asg.vn\/vi\/gioi-thieu-cong-ty\/loi-cua-chu-tich\/\",\"url\":\"https:\/\/asg.vn\/vi\/gioi-thieu-cong-ty\/loi-cua-chu-tich\/\",\"name\":\"L\u1eddi c\u1ee7a ch\u1ee7 t\u1ecbch - C\u00f4ng ty TNHH ASG\",\"isPartOf\":{\"@id\":\"https:\/\/asg.vn\/ja\/#website\"},\"datePublished\":\"2024-03-09T05:35:10+00:00\",\"dateModified\":\"2024-03-29T09:49:46+00:00\",\"breadcrumb\":{\"@id\":\"https:\/\/asg.vn\/vi\/gioi-thieu-cong-ty\/loi-cua-chu-tich\/#breadcrumb\"},\"inLanguage\":\"es\",\"potentialAction\":[{\"@type\":\"ReadAction\",\"target\":[\"https:\/\/asg.vn\/vi\/gioi-thieu-cong-ty\/loi-cua-chu-tich\/\"]}]},{\"@type\":\"BreadcrumbList\",\"@id\":\"https:\/\/asg.vn\/vi\/gioi-thieu-cong-ty\/loi-cua-chu-tich\/#breadcrumb\",\"itemListElement\":[{\"@type\":\"ListItem\",\"position\":1,\"name\":\"Home\",\"item\":\"https:\/\/asg.vn\/ja\/\"},{\"@type\":\"ListItem\",\"position\":2,\"name\":\"GI\u1edaI THI\u1ec6U C\u00d4NG TY\",\"item\":\"https:\/\/asg.vn\/vi\/gioi-thieu-cong-ty\/\"},{\"@type\":\"ListItem\",\"position\":3,\"name\":\"L\u1eddi c\u1ee7a ch\u1ee7 t\u1ecbch\"}]},{\"@type\":\"WebSite\",\"@id\":\"https:\/\/asg.vn\/ja\/#website\",\"url\":\"https:\/\/asg.vn\/ja\/\",\"name\":\"C\u00f4ng ty TNHH ASG\",\"description\":\"Th\u00e0nh c\u00f4ng b\u1eb1ng s\u1ef1 t\u1eed t\u1ebf\",\"publisher\":{\"@id\":\"https:\/\/asg.vn\/ja\/#organization\"},\"potentialAction\":[{\"@type\":\"SearchAction\",\"target\":{\"@type\":\"EntryPoint\",\"urlTemplate\":\"https:\/\/asg.vn\/ja\/?s={search_term_string}\"},\"query-input\":\"required name=search_term_string\"}],\"inLanguage\":\"es\"},{\"@type\":\"Organization\",\"@id\":\"https:\/\/asg.vn\/ja\/#organization\",\"name\":\"C\u00f4ng ty TNHH ASG\",\"url\":\"https:\/\/asg.vn\/ja\/\",\"logo\":{\"@type\":\"ImageObject\",\"inLanguage\":\"es\",\"@id\":\"https:\/\/asg.vn\/ja\/#\/schema\/logo\/image\/\",\"url\":\"https:\/\/asg.vn\/wp-content\/uploads\/2023\/03\/z4110917483185_83f9ec26924715fb77663fd2b8bef540.jpg\",\"contentUrl\":\"https:\/\/asg.vn\/wp-content\/uploads\/2023\/03\/z4110917483185_83f9ec26924715fb77663fd2b8bef540.jpg\",\"width\":1038,\"height\":324,\"caption\":\"C\u00f4ng ty TNHH ASG\"},\"image\":{\"@id\":\"https:\/\/asg.vn\/ja\/#\/schema\/logo\/image\/\"},\"sameAs\":[\"https:\/\/www.facebook.com\/congtyasgvietnam\"]}]}<\/script>\n<!-- \/ Yoast SEO plugin. -->","yoast_head_json":{"title":"L\u1eddi c\u1ee7a ch\u1ee7 t\u1ecbch - C\u00f4ng ty TNHH ASG","robots":{"index":"index","follow":"follow","max-snippet":"max-snippet:-1","max-image-preview":"max-image-preview:large","max-video-preview":"max-video-preview:-1"},"canonical":"https:\/\/asg.vn\/es\/gioi-thieu-cong-ty\/loi-cua-chu-tich\/","og_locale":"es_ES","og_type":"article","og_title":"L\u1eddi c\u1ee7a ch\u1ee7 t\u1ecbch - C\u00f4ng ty TNHH ASG","og_url":"https:\/\/asg.vn\/es\/gioi-thieu-cong-ty\/loi-cua-chu-tich\/","og_site_name":"C\u00f4ng ty TNHH ASG","article_publisher":"https:\/\/www.facebook.com\/congtyasgvietnam","article_modified_time":"2024-03-29T09:49:46+00:00","twitter_card":"summary_large_image","twitter_misc":{"Tiempo de lectura":"3 minutos"},"schema":{"@context":"https:\/\/schema.org","@graph":[{"@type":"WebPage","@id":"https:\/\/asg.vn\/vi\/gioi-thieu-cong-ty\/loi-cua-chu-tich\/","url":"https:\/\/asg.vn\/vi\/gioi-thieu-cong-ty\/loi-cua-chu-tich\/","name":"L\u1eddi c\u1ee7a ch\u1ee7 t\u1ecbch - C\u00f4ng ty TNHH ASG","isPartOf":{"@id":"https:\/\/asg.vn\/ja\/#website"},"datePublished":"2024-03-09T05:35:10+00:00","dateModified":"2024-03-29T09:49:46+00:00","breadcrumb":{"@id":"https:\/\/asg.vn\/vi\/gioi-thieu-cong-ty\/loi-cua-chu-tich\/#breadcrumb"},"inLanguage":"es","potentialAction":[{"@type":"ReadAction","target":["https:\/\/asg.vn\/vi\/gioi-thieu-cong-ty\/loi-cua-chu-tich\/"]}]},{"@type":"BreadcrumbList","@id":"https:\/\/asg.vn\/vi\/gioi-thieu-cong-ty\/loi-cua-chu-tich\/#breadcrumb","itemListElement":[{"@type":"ListItem","position":1,"name":"Home","item":"https:\/\/asg.vn\/ja\/"},{"@type":"ListItem","position":2,"name":"GI\u1edaI THI\u1ec6U C\u00d4NG TY","item":"https:\/\/asg.vn\/vi\/gioi-thieu-cong-ty\/"},{"@type":"ListItem","position":3,"name":"L\u1eddi c\u1ee7a ch\u1ee7 t\u1ecbch"}]},{"@type":"WebSite","@id":"https:\/\/asg.vn\/ja\/#website","url":"https:\/\/asg.vn\/ja\/","name":"C\u00f4ng ty TNHH ASG","description":"Th\u00e0nh c\u00f4ng b\u1eb1ng s\u1ef1 t\u1eed t\u1ebf","publisher":{"@id":"https:\/\/asg.vn\/ja\/#organization"},"potentialAction":[{"@type":"SearchAction","target":{"@type":"EntryPoint","urlTemplate":"https:\/\/asg.vn\/ja\/?s={search_term_string}"},"query-input":"required name=search_term_string"}],"inLanguage":"es"},{"@type":"Organization","@id":"https:\/\/asg.vn\/ja\/#organization","name":"C\u00f4ng ty TNHH ASG","url":"https:\/\/asg.vn\/ja\/","logo":{"@type":"ImageObject","inLanguage":"es","@id":"https:\/\/asg.vn\/ja\/#\/schema\/logo\/image\/","url":"https:\/\/asg.vn\/wp-content\/uploads\/2023\/03\/z4110917483185_83f9ec26924715fb77663fd2b8bef540.jpg","contentUrl":"https:\/\/asg.vn\/wp-content\/uploads\/2023\/03\/z4110917483185_83f9ec26924715fb77663fd2b8bef540.jpg","width":1038,"height":324,"caption":"C\u00f4ng ty TNHH ASG"},"image":{"@id":"https:\/\/asg.vn\/ja\/#\/schema\/logo\/image\/"},"sameAs":["https:\/\/www.facebook.com\/congtyasgvietnam"]}]}},"_links":{"self":[{"href":"https:\/\/asg.vn\/es\/wp-json\/wp\/v2\/pages\/4042"}],"collection":[{"href":"https:\/\/asg.vn\/es\/wp-json\/wp\/v2\/pages"}],"about":[{"href":"https:\/\/asg.vn\/es\/wp-json\/wp\/v2\/types\/page"}],"author":[{"embeddable":true,"href":"https:\/\/asg.vn\/es\/wp-json\/wp\/v2\/users\/24"}],"replies":[{"embeddable":true,"href":"https:\/\/asg.vn\/es\/wp-json\/wp\/v2\/comments?post=4042"}],"version-history":[{"count":9,"href":"https:\/\/asg.vn\/es\/wp-json\/wp\/v2\/pages\/4042\/revisions"}],"predecessor-version":[{"id":4400,"href":"https:\/\/asg.vn\/es\/wp-json\/wp\/v2\/pages\/4042\/revisions\/4400"}],"up":[{"embeddable":true,"href":"https:\/\/asg.vn\/es\/wp-json\/wp\/v2\/pages\/61"}],"wp:attachment":[{"href":"https:\/\/asg.vn\/es\/wp-json\/wp\/v2\/media?parent=4042"}],"curies":[{"name":"wp","href":"https:\/\/api.w.org\/{rel}","templated":true}]}}