{"id":4072,"date":"2024-03-09T13:14:44","date_gmt":"2024-03-09T06:14:44","guid":{"rendered":"https:\/\/asg.vn\/?page_id=4072"},"modified":"2024-03-29T16:57:54","modified_gmt":"2024-03-29T09:57:54","slug":"bai-hat-cong-ty","status":"publish","type":"page","link":"https:\/\/asg.vn\/en\/gioi-thieu-cong-ty\/bai-hat-cong-ty\/","title":{"rendered":"Company song"},"content":{"rendered":"<section class=\"section\" id=\"section_1566346364\">\n\t\t<div class=\"bg section-bg fill bg-fill bg-loaded bg-loaded\" >\n\n\t\t\t\n\t\t\t<div class=\"section-bg-overlay absolute fill\"><\/div>\n\t\t\t\n\n\t\t<\/div>\n\n\t\t\n\n\t\t<div class=\"section-content relative\">\n\t\t\t\n<div class=\"row\"  id=\"row-432428824\">\n\n\t<div id=\"col-1796811715\" class=\"col cot34 hide-for-medium medium-3 small-12 large-3\"  >\n\t\t<div class=\"is-sticky-column\"><div class=\"is-sticky-column__inner\">\t\t<div class=\"col-inner box-shadow-1\" style=\"background-color:rgb(255, 255, 255);\" >\n\t\t\t\n\t\t\t\n\t<div id=\"text-4037324789\" class=\"text\">\n\t\t\n<ul id=\"menu-cnav-comapny\" class=\"cnavList\">\n<li id=\"menu-item-27601\" class=\"menu-item menu-item-type-post_type menu-item-object-page current-menu-item page_item page-item-238 current_page_item menu-item-27601\"><a href=\"https:\/\/asg.vn\/en\/gioi-thieu-cong-ty\/\">ABOUT US<\/a><\/li>\n<li id=\"menu-item-31203\" class=\"menu-item menu-item-type-post_type menu-item-object-page menu-item-31203\"><a href=\"https:\/\/asg.vn\/en\/gioi-thieu-cong-ty\/loi-cua-chu-tich\/\">President's letter<\/a><\/li>\n<li id=\"menu-item-20630\" class=\"menu-item menu-item-type-post_type menu-item-object-page menu-item-20630\"><a href=\"https:\/\/asg.vn\/en\/gioi-thieu-cong-ty\/ho-so-cong-ty\/\">Company profile<\/a><\/li>\n<li><a href=\"https:\/\/asg.vn\/en\/gioi-thieu-cong-ty\/mang-luoi-khach-hang\/\">CUSTOMER NETWORK<\/a><\/li>\n<li id=\"menu-item-20631\" class=\"menu-item menu-item-type-post_type menu-item-object-page menu-item-20631\"><a href=\"https:\/\/asg.vn\/en\/gioi-thieu-cong-ty\/lich-su-phat-trien\/\">Company history<\/a><\/li>\n<li id=\"menu-item-20629\" class=\"menu-item menu-item-type-post_type menu-item-object-page menu-item-20629\"><a href=\"https:\/\/asg.vn\/en\/gioi-thieu-cong-ty\/tieu-chi-quan-ly\/\">Target<\/a><\/li>\n<li id=\"menu-item-30939\" class=\"menu-item menu-item-type-post_type menu-item-object-page menu-item-30939\"><strong><a href=\"https:\/\/asg.vn\/en\/gioi-thieu-cong-ty\/bai-hat-cong-ty\/\">Company song<\/a><\/strong><\/li>\n<li id=\"menu-item-20632\" class=\"menu-item menu-item-type-post_type menu-item-object-page menu-item-20632\"><a href=\"https:\/\/asg.vn\/en\/gioi-thieu-cong-ty\/chung-nhan\/\">Certifications<\/a><\/li>\n<li id=\"menu-item-20634\" class=\"menu-item menu-item-type-post_type menu-item-object-page menu-item-20634\"><a href=\"https:\/\/asg.vn\/en\/gioi-thieu-cong-ty\/bao-mat-thong-tin\/\">information security<\/a><\/li>\n<li id=\"menu-item-33098\" class=\"menu-item menu-item-type-post_type menu-item-object-page menu-item-33098\"><a href=\"https:\/\/asg.vn\/en\/gioi-thieu-cong-ty\/mang-luoi-toan-cau\/\">Global Network<\/a><\/li>\n<li id=\"menu-item-33099\" class=\"menu-item menu-item-type-post_type menu-item-object-page menu-item-33099\"><a href=\"https:\/\/asg.vn\/en\/gioi-thieu-cong-ty\/hoat-dong-moi-truong\/\">environmental protection<\/a><\/li>\n<\/ul>\n\t\t\n<style>\n#text-4037324789 {\n  line-height: 2.45;\n}\n<\/style>\n\t<\/div>\n\t\n\t\t<\/div>\n\t\t<\/div><\/div>\t\t\n<style>\n#col-1796811715 > .is-sticky-column > .is-sticky-column__inner > .col-inner {\n  padding: 20px 20px 20px 20px;\n}\n<\/style>\n\t<\/div>\n\n\t\n\n\t<div id=\"col-77582201\" class=\"col medium-9 small-12 large-9\"  >\n\t\t\t\t<div class=\"col-inner\" style=\"background-color:rgb(255, 255, 255);\" >\n\t\t\t\n\t\t\t\n<div class=\"container section-title-container\" ><h2 class=\"section-title section-title-normal\"><b><\/b><span class=\"section-title-main\" >B\u00c0I H\u00c1T C\u00d4NG TY<\/span><b><\/b><\/h2><\/div>\n<div class=\"video video-fit mb\" style=\"padding-top:56.25%;\"><p><iframe loading=\"lazy\" title=\"ASG V\u01b0\u01a1n cao\" width=\"1020\" height=\"574\" src=\"https:\/\/www.youtube.com\/embed\/pf4iF7el8xw?feature=oembed\" frameborder=\"0\" allow=\"accelerometer; autoplay; clipboard-write; encrypted-media; gyroscope; picture-in-picture; web-share\" allowfullscreen><\/iframe><\/p>\n<\/div>\n<div class=\"row row-small\"  id=\"row-1867933747\">\n\n\t<div id=\"col-325360197\" class=\"col medium-6 small-12 large-6\"  >\n\t\t\t\t<div class=\"col-inner\"  >\n\t\t\t\n\t\t\t\n\t<div id=\"text-3296083749\" class=\"text\">\n\t\t\n<p>L\u1edcI B\u00c0I H\u00c1T:<\/p>\n<p>T\u1ef1 h\u00e0o thay v\u1edbi \u0111\u00f4i tay Vi\u1ec7t<br \/>Ta l\u00e0m n\u00ean m\u00e1y hay<br \/>V\u01b0\u01a1n kh\u1eafp n\u0103m ch\u00e2u h\u00e0ng xu\u1ea5t b\u1ebfn<br \/>\u0110\u00e2u thua k\u00e9m g\u00ec ai?<br \/>Tr\u00ed n\u01b0\u1edbc Nam \u0111\u1eafp t\u01b0\u01a1ng lai \u0111\u1eb9p<br \/>T\u00e2m T\u00edn Trung m\u1ed9t long<br \/>D\u1ea7u cho bao ch\u00f4ng gai gi\u00f4ng t\u1ed1<br \/>\u0110\u1eebng qu\u00ean nh\u1eefng ch\u1eb7ng \u0111\u01b0\u1eddng \u0111\u00e3 qua<br \/>M\u1ecfi m\u1ec7t \u0111\u00f4i ch\u00e2n xin h\u00e3y nh\u1edb<br \/>N\u1eafm ch\u1eb7t tay, ta c\u00f9ng ti\u1ebfn l\u00ean<br \/>Th\u00e0nh c\u00f4ng s\u1ebd \u0111\u1ebfn, nh\u1edd t\u1eed t\u1ebf v\u1edbi ng\u01b0\u1eddi v\u1edbi ta<br \/>ASG kh\u00f4ng ng\u1eebng ch\u0103m ch\u00fat<br \/>\u0110em s\u1ea3n ph\u1ea9m t\u1ed1t d\u00e2ng cho \u0111\u1eddi<br \/>T\u1ef1 h\u00e0o \u0111\u00f4i tay nh\u01b0 nh\u1eefng c\u00e0nh hoa n\u1edf<br \/>Kh\u1ed1i \u00f3c con tim ta vi\u1ebft n\u00ean \u0111\u1eddi th\u01a1<br \/>H\u00e0ng v\u1ec1 n\u0103m ch\u00e2u vui \u0111\u00f3n th\u00e0nh c\u00f4ng m\u1edbi<br \/>N\u1eafng \u1ea5m tr\u00ean cao t\u00f4 \u0111\u1eb9p bao \u01b0\u1edbc m\u01a1<br \/>D\u00f2ng L\u1ea1c H\u1ed3ng trong tim g\u1ecdi ta \u0111i t\u1edbi<br \/>Tr\u00ed n\u01b0\u1edbc Nam, s\u1ee9c n\u01b0\u1edbc Nam v\u01b0\u01a1n kh\u1eafp \u0111\u1ecba c\u1ea7u, \u0111\u1eb9p thay!<br \/>Nh\u00ecn v\u1ec1 t\u01b0\u01a1ng lai ASG ti\u1ebfn t\u1edbi<br \/>Ti\u1ebfp b\u01b0\u1edbc cha \u00f4ng x\u00e2y n\u01b0\u1edbc non \u0111\u1eb9p t\u01b0\u01a1i<br \/>S\u1ea3n ph\u1ea9m h\u00f4m nay v\u1eefng ti\u1ebfn v\u00e0o th\u1ebf gi\u1edbi<br \/>T\u00e2m, T\u00edn, Tr\u00ed, Trung r\u1ecdi s\u00e1ng bao m\u1ed9ng m\u01a1<br \/>C\u1edd \u0111\u1ecf tr\u00ean cao sao v\u00e0ng bay ph\u1ea5p ph\u1edbi<br \/>Tr\u00ed n\u01b0\u1edbc Nam, s\u1ee9c n\u01b0\u1edbc Nam<br \/>V\u01b0\u01a1n kh\u1eafp \u0111\u1ecba c\u1ea7u, \u0111\u1eb9p thay!<\/p>\n\t\t\n<style>\n#text-3296083749 {\n  line-height: 1.75;\n}\n<\/style>\n\t<\/div>\n\t\n\t\t<\/div>\n\t\t\t\t\t<\/div>\n\n\t\n\n\t<div id=\"col-729144414\" class=\"col medium-6 small-12 large-6\"  >\n\t\t\t\t<div class=\"col-inner\"  >\n\t\t\t\n\t\t\t\n\t<div id=\"text-3036347744\" class=\"text\">\n\t\t\n<p>\u00a0<\/p>\n<p>D\u1ea7u cho bao ch\u00f4ng gai gi\u00f4ng t\u1ed1<br \/>\u0110\u1eebng qu\u00ean nh\u1eefng ch\u1eb7ng \u0111\u01b0\u1eddng \u0111\u00e3 qua<br \/>M\u1ecfi m\u1ec7t \u0111\u00f4i ch\u00e2n xin h\u00e3y nh\u1edb<br \/>N\u1eafm ch\u1eb7t tay, ta c\u00f9ng ti\u1ebfn l\u00ean<br \/>Th\u00e0nh c\u00f4ng s\u1ebd \u0111\u1ebfn, nh\u1edd t\u1eed t\u1ebf v\u1edbi ng\u01b0\u1eddi v\u1edbi ta<br \/>ASG kh\u00f4ng ng\u1eebng ch\u0103m ch\u00fat<br \/>\u0110em s\u1ea3n ph\u1ea9m t\u1ed1t d\u00e2ng cho \u0111\u1eddi<br \/>T\u1ef1 h\u00e0o \u0111\u00f4i tay nh\u01b0 nh\u1eefng c\u00e0nh hoa n\u1edf<br \/>Kh\u1ed1i \u00f3c con tim ta vi\u1ebft n\u00ean \u0111\u1eddi th\u01a1<br \/>H\u00e0ng v\u1ec1 n\u0103m ch\u00e2u vui \u0111\u00f3n th\u00e0nh c\u00f4ng m\u1edbi<br \/>N\u1eafng \u1ea5m tr\u00ean cao t\u00f4 \u0111\u1eb9p bao \u01b0\u1edbc m\u01a1<br \/>D\u00f2ng L\u1ea1c H\u1ed3ng trong tim g\u1ecdi ta \u0111i t\u1edbi<br \/>Tr\u00ed n\u01b0\u1edbc Nam, s\u1ee9c n\u01b0\u1edbc Nam v\u01b0\u01a1n kh\u1eafp \u0111\u1ecba c\u1ea7u, \u0111\u1eb9p thay!<br \/>Nh\u00ecn v\u1ec1 t\u01b0\u01a1ng lai ASG ti\u1ebfn t\u1edbi<br \/>Ti\u1ebfp b\u01b0\u1edbc cha \u00f4ng x\u00e2y n\u01b0\u1edbc non \u0111\u1eb9p t\u01b0\u01a1i<br \/>S\u1ea3n ph\u1ea9m h\u00f4m nay v\u1eefng ti\u1ebfn v\u00e0o th\u1ebf gi\u1edbi<br \/>T\u00e2m, T\u00edn, Tr\u00ed, Trung r\u1ecdi s\u00e1ng bao m\u1ed9ng m\u01a1<br \/>C\u1edd \u0111\u1ecf tr\u00ean cao sao v\u00e0ng bay ph\u1ea5p ph\u1edbi<br \/>Tr\u00ed n\u01b0\u1edbc Nam, s\u1ee9c n\u01b0\u1edbc Nam<br \/>V\u01b0\u01a1n kh\u1eafp \u0111\u1ecba c\u1ea7u, \u0111\u1eb9p thay!<\/p>\n\t\t\n<style>\n#text-3036347744 {\n  line-height: 1.75;\n}\n<\/style>\n\t<\/div>\n\t\n\t\t<\/div>\n\t\t\t\t\t<\/div>\n\n\t\n<\/div>\n\t\t<\/div>\n\t\t\t\t\n<style>\n#col-77582201 > .col-inner {\n  padding: 30px 30px 30px 30px;\n  border-radius: 20px;\n}\n<\/style>\n\t<\/div>\n\n\t\n<\/div>\n\t\t<\/div>\n\n\t\t\n<style>\n#section_1566346364 {\n  padding-top: 30px;\n  padding-bottom: 30px;\n}\n#section_1566346364 .section-bg-overlay {\n  background-color: rgba(32, 56, 98, 0.047);\n}\n<\/style>\n\t<\/section>","protected":false},"excerpt":{"rendered":"","protected":false},"author":24,"featured_media":0,"parent":61,"menu_order":0,"comment_status":"closed","ping_status":"closed","template":"page-blank.php","meta":{"inline_featured_image":false,"footnotes":""},"yoast_head":"<!-- This site is optimized with the Yoast SEO plugin v22.5 - https:\/\/yoast.com\/wordpress\/plugins\/seo\/ -->\n<title>B\u00e0i h\u00e1t c\u00f4ng ty - C\u00f4ng ty TNHH ASG<\/title>\n<meta name=\"robots\" content=\"index, follow, max-snippet:-1, max-image-preview:large, max-video-preview:-1\" \/>\n<link rel=\"canonical\" href=\"https:\/\/asg.vn\/en\/gioi-thieu-cong-ty\/bai-hat-cong-ty\/\" \/>\n<meta property=\"og:locale\" content=\"en_US\" \/>\n<meta property=\"og:type\" content=\"article\" \/>\n<meta property=\"og:title\" content=\"B\u00e0i h\u00e1t c\u00f4ng ty - C\u00f4ng ty TNHH ASG\" \/>\n<meta property=\"og:url\" content=\"https:\/\/asg.vn\/en\/gioi-thieu-cong-ty\/bai-hat-cong-ty\/\" \/>\n<meta property=\"og:site_name\" content=\"C\u00f4ng ty TNHH ASG\" \/>\n<meta property=\"article:publisher\" content=\"https:\/\/www.facebook.com\/congtyasgvietnam\" \/>\n<meta property=\"article:modified_time\" content=\"2024-03-29T09:57:54+00:00\" \/>\n<meta name=\"twitter:card\" content=\"summary_large_image\" \/>\n<meta name=\"twitter:label1\" content=\"Est. reading time\" \/>\n\t<meta name=\"twitter:data1\" content=\"3 minutes\" \/>\n<script type=\"application\/ld+json\" class=\"yoast-schema-graph\">{\"@context\":\"https:\/\/schema.org\",\"@graph\":[{\"@type\":\"WebPage\",\"@id\":\"https:\/\/asg.vn\/vi\/gioi-thieu-cong-ty\/bai-hat-cong-ty\/\",\"url\":\"https:\/\/asg.vn\/vi\/gioi-thieu-cong-ty\/bai-hat-cong-ty\/\",\"name\":\"B\u00e0i h\u00e1t c\u00f4ng ty - C\u00f4ng ty TNHH ASG\",\"isPartOf\":{\"@id\":\"https:\/\/asg.vn\/ja\/#website\"},\"datePublished\":\"2024-03-09T06:14:44+00:00\",\"dateModified\":\"2024-03-29T09:57:54+00:00\",\"breadcrumb\":{\"@id\":\"https:\/\/asg.vn\/vi\/gioi-thieu-cong-ty\/bai-hat-cong-ty\/#breadcrumb\"},\"inLanguage\":\"en-US\",\"potentialAction\":[{\"@type\":\"ReadAction\",\"target\":[\"https:\/\/asg.vn\/vi\/gioi-thieu-cong-ty\/bai-hat-cong-ty\/\"]}]},{\"@type\":\"BreadcrumbList\",\"@id\":\"https:\/\/asg.vn\/vi\/gioi-thieu-cong-ty\/bai-hat-cong-ty\/#breadcrumb\",\"itemListElement\":[{\"@type\":\"ListItem\",\"position\":1,\"name\":\"Home\",\"item\":\"https:\/\/asg.vn\/ja\/\"},{\"@type\":\"ListItem\",\"position\":2,\"name\":\"GI\u1edaI THI\u1ec6U C\u00d4NG TY\",\"item\":\"https:\/\/asg.vn\/vi\/gioi-thieu-cong-ty\/\"},{\"@type\":\"ListItem\",\"position\":3,\"name\":\"B\u00e0i h\u00e1t c\u00f4ng ty\"}]},{\"@type\":\"WebSite\",\"@id\":\"https:\/\/asg.vn\/ja\/#website\",\"url\":\"https:\/\/asg.vn\/ja\/\",\"name\":\"C\u00f4ng ty TNHH ASG\",\"description\":\"Th\u00e0nh c\u00f4ng b\u1eb1ng s\u1ef1 t\u1eed t\u1ebf\",\"publisher\":{\"@id\":\"https:\/\/asg.vn\/ja\/#organization\"},\"potentialAction\":[{\"@type\":\"SearchAction\",\"target\":{\"@type\":\"EntryPoint\",\"urlTemplate\":\"https:\/\/asg.vn\/ja\/?s={search_term_string}\"},\"query-input\":\"required name=search_term_string\"}],\"inLanguage\":\"en-US\"},{\"@type\":\"Organization\",\"@id\":\"https:\/\/asg.vn\/ja\/#organization\",\"name\":\"C\u00f4ng ty TNHH ASG\",\"url\":\"https:\/\/asg.vn\/ja\/\",\"logo\":{\"@type\":\"ImageObject\",\"inLanguage\":\"en-US\",\"@id\":\"https:\/\/asg.vn\/ja\/#\/schema\/logo\/image\/\",\"url\":\"https:\/\/asg.vn\/wp-content\/uploads\/2023\/03\/z4110917483185_83f9ec26924715fb77663fd2b8bef540.jpg\",\"contentUrl\":\"https:\/\/asg.vn\/wp-content\/uploads\/2023\/03\/z4110917483185_83f9ec26924715fb77663fd2b8bef540.jpg\",\"width\":1038,\"height\":324,\"caption\":\"C\u00f4ng ty TNHH ASG\"},\"image\":{\"@id\":\"https:\/\/asg.vn\/ja\/#\/schema\/logo\/image\/\"},\"sameAs\":[\"https:\/\/www.facebook.com\/congtyasgvietnam\"]}]}<\/script>\n<!-- \/ Yoast SEO plugin. -->","yoast_head_json":{"title":"B\u00e0i h\u00e1t c\u00f4ng ty - C\u00f4ng ty TNHH ASG","robots":{"index":"index","follow":"follow","max-snippet":"max-snippet:-1","max-image-preview":"max-image-preview:large","max-video-preview":"max-video-preview:-1"},"canonical":"https:\/\/asg.vn\/en\/gioi-thieu-cong-ty\/bai-hat-cong-ty\/","og_locale":"en_US","og_type":"article","og_title":"B\u00e0i h\u00e1t c\u00f4ng ty - C\u00f4ng ty TNHH ASG","og_url":"https:\/\/asg.vn\/en\/gioi-thieu-cong-ty\/bai-hat-cong-ty\/","og_site_name":"C\u00f4ng ty TNHH ASG","article_publisher":"https:\/\/www.facebook.com\/congtyasgvietnam","article_modified_time":"2024-03-29T09:57:54+00:00","twitter_card":"summary_large_image","twitter_misc":{"Est. reading time":"3 minutes"},"schema":{"@context":"https:\/\/schema.org","@graph":[{"@type":"WebPage","@id":"https:\/\/asg.vn\/vi\/gioi-thieu-cong-ty\/bai-hat-cong-ty\/","url":"https:\/\/asg.vn\/vi\/gioi-thieu-cong-ty\/bai-hat-cong-ty\/","name":"B\u00e0i h\u00e1t c\u00f4ng ty - C\u00f4ng ty TNHH ASG","isPartOf":{"@id":"https:\/\/asg.vn\/ja\/#website"},"datePublished":"2024-03-09T06:14:44+00:00","dateModified":"2024-03-29T09:57:54+00:00","breadcrumb":{"@id":"https:\/\/asg.vn\/vi\/gioi-thieu-cong-ty\/bai-hat-cong-ty\/#breadcrumb"},"inLanguage":"en-US","potentialAction":[{"@type":"ReadAction","target":["https:\/\/asg.vn\/vi\/gioi-thieu-cong-ty\/bai-hat-cong-ty\/"]}]},{"@type":"BreadcrumbList","@id":"https:\/\/asg.vn\/vi\/gioi-thieu-cong-ty\/bai-hat-cong-ty\/#breadcrumb","itemListElement":[{"@type":"ListItem","position":1,"name":"Home","item":"https:\/\/asg.vn\/ja\/"},{"@type":"ListItem","position":2,"name":"GI\u1edaI THI\u1ec6U C\u00d4NG TY","item":"https:\/\/asg.vn\/vi\/gioi-thieu-cong-ty\/"},{"@type":"ListItem","position":3,"name":"B\u00e0i h\u00e1t c\u00f4ng ty"}]},{"@type":"WebSite","@id":"https:\/\/asg.vn\/ja\/#website","url":"https:\/\/asg.vn\/ja\/","name":"C\u00f4ng ty TNHH ASG","description":"Th\u00e0nh c\u00f4ng b\u1eb1ng s\u1ef1 t\u1eed t\u1ebf","publisher":{"@id":"https:\/\/asg.vn\/ja\/#organization"},"potentialAction":[{"@type":"SearchAction","target":{"@type":"EntryPoint","urlTemplate":"https:\/\/asg.vn\/ja\/?s={search_term_string}"},"query-input":"required name=search_term_string"}],"inLanguage":"en-US"},{"@type":"Organization","@id":"https:\/\/asg.vn\/ja\/#organization","name":"C\u00f4ng ty TNHH ASG","url":"https:\/\/asg.vn\/ja\/","logo":{"@type":"ImageObject","inLanguage":"en-US","@id":"https:\/\/asg.vn\/ja\/#\/schema\/logo\/image\/","url":"https:\/\/asg.vn\/wp-content\/uploads\/2023\/03\/z4110917483185_83f9ec26924715fb77663fd2b8bef540.jpg","contentUrl":"https:\/\/asg.vn\/wp-content\/uploads\/2023\/03\/z4110917483185_83f9ec26924715fb77663fd2b8bef540.jpg","width":1038,"height":324,"caption":"C\u00f4ng ty TNHH ASG"},"image":{"@id":"https:\/\/asg.vn\/ja\/#\/schema\/logo\/image\/"},"sameAs":["https:\/\/www.facebook.com\/congtyasgvietnam"]}]}},"_links":{"self":[{"href":"https:\/\/asg.vn\/en\/wp-json\/wp\/v2\/pages\/4072"}],"collection":[{"href":"https:\/\/asg.vn\/en\/wp-json\/wp\/v2\/pages"}],"about":[{"href":"https:\/\/asg.vn\/en\/wp-json\/wp\/v2\/types\/page"}],"author":[{"embeddable":true,"href":"https:\/\/asg.vn\/en\/wp-json\/wp\/v2\/users\/24"}],"replies":[{"embeddable":true,"href":"https:\/\/asg.vn\/en\/wp-json\/wp\/v2\/comments?post=4072"}],"version-history":[{"count":9,"href":"https:\/\/asg.vn\/en\/wp-json\/wp\/v2\/pages\/4072\/revisions"}],"predecessor-version":[{"id":4407,"href":"https:\/\/asg.vn\/en\/wp-json\/wp\/v2\/pages\/4072\/revisions\/4407"}],"up":[{"embeddable":true,"href":"https:\/\/asg.vn\/en\/wp-json\/wp\/v2\/pages\/61"}],"wp:attachment":[{"href":"https:\/\/asg.vn\/en\/wp-json\/wp\/v2\/media?parent=4072"}],"curies":[{"name":"wp","href":"https:\/\/api.w.org\/{rel}","templated":true}]}}