{"id":4066,"date":"2024-03-09T13:09:44","date_gmt":"2024-03-09T06:09:44","guid":{"rendered":"https:\/\/asg.vn\/?page_id=4066"},"modified":"2024-03-29T16:56:45","modified_gmt":"2024-03-29T09:56:45","slug":"lich-su-phat-trien","status":"publish","type":"page","link":"https:\/\/asg.vn\/en\/gioi-thieu-cong-ty\/lich-su-phat-trien\/","title":{"rendered":"Company history"},"content":{"rendered":"<section class=\"section\" id=\"section_1342960967\">\n\t\t<div class=\"bg section-bg fill bg-fill bg-loaded bg-loaded\" >\n\n\t\t\t\n\t\t\t<div class=\"section-bg-overlay absolute fill\"><\/div>\n\t\t\t\n\n\t\t<\/div>\n\n\t\t\n\n\t\t<div class=\"section-content relative\">\n\t\t\t\n<div class=\"row\"  id=\"row-632715104\">\n\n\t<div id=\"col-678376712\" class=\"col cot34 hide-for-small medium-3 small-12 large-3\"  >\n\t\t<div class=\"is-sticky-column\"><div class=\"is-sticky-column__inner\">\t\t<div class=\"col-inner box-shadow-1\" style=\"background-color:rgb(255, 255, 255);\" >\n\t\t\t\n\t\t\t\n\t<div id=\"text-1655208425\" class=\"text\">\n\t\t\n<ul id=\"menu-cnav-comapny\" class=\"cnavList\">\n<li id=\"menu-item-27601\" class=\"menu-item menu-item-type-post_type menu-item-object-page current-menu-item page_item page-item-238 current_page_item menu-item-27601\"><a href=\"https:\/\/asg.vn\/en\/gioi-thieu-cong-ty\/\">ABOUT US<\/a><\/li>\n<li id=\"menu-item-31203\" class=\"menu-item menu-item-type-post_type menu-item-object-page menu-item-31203\"><a href=\"https:\/\/asg.vn\/en\/gioi-thieu-cong-ty\/loi-cua-chu-tich\/\">President's letter<\/a><\/li>\n<li id=\"menu-item-20630\" class=\"menu-item menu-item-type-post_type menu-item-object-page menu-item-20630\"><a href=\"https:\/\/asg.vn\/en\/gioi-thieu-cong-ty\/ho-so-cong-ty\/\">Company profile<\/a><\/li>\n<li><a href=\"https:\/\/asg.vn\/en\/gioi-thieu-cong-ty\/mang-luoi-khach-hang\/\">CUSTOMER NETWORK<\/a><\/li>\n<li id=\"menu-item-20631\" class=\"menu-item menu-item-type-post_type menu-item-object-page menu-item-20631\"><strong><a href=\"https:\/\/asg.vn\/en\/gioi-thieu-cong-ty\/lich-su-phat-trien\/\">Company history<\/a><\/strong><\/li>\n<li id=\"menu-item-20629\" class=\"menu-item menu-item-type-post_type menu-item-object-page menu-item-20629\"><a href=\"https:\/\/asg.vn\/en\/gioi-thieu-cong-ty\/tieu-chi-quan-ly\/\">Target<\/a><\/li>\n<li id=\"menu-item-30939\" class=\"menu-item menu-item-type-post_type menu-item-object-page menu-item-30939\"><a href=\"https:\/\/asg.vn\/en\/gioi-thieu-cong-ty\/bai-hat-cong-ty\/\">Company song<\/a><\/li>\n<li id=\"menu-item-20632\" class=\"menu-item menu-item-type-post_type menu-item-object-page menu-item-20632\"><a href=\"https:\/\/asg.vn\/en\/gioi-thieu-cong-ty\/chung-nhan\/\">Certifications<\/a><\/li>\n<li id=\"menu-item-20634\" class=\"menu-item menu-item-type-post_type menu-item-object-page menu-item-20634\"><a href=\"https:\/\/asg.vn\/en\/gioi-thieu-cong-ty\/bao-mat-thong-tin\/\">information security<\/a><\/li>\n<li id=\"menu-item-33098\" class=\"menu-item menu-item-type-post_type menu-item-object-page menu-item-33098\"><a href=\"https:\/\/asg.vn\/en\/gioi-thieu-cong-ty\/mang-luoi-toan-cau\/\">Global Network<\/a><\/li>\n<li id=\"menu-item-33099\" class=\"menu-item menu-item-type-post_type menu-item-object-page menu-item-33099\"><a href=\"https:\/\/asg.vn\/en\/gioi-thieu-cong-ty\/hoat-dong-moi-truong\/\">environmental protection<\/a><\/li>\n<\/ul>\n\t\t\n<style>\n#text-1655208425 {\n  line-height: 2.45;\n}\n<\/style>\n\t<\/div>\n\t\n\t\t<\/div>\n\t\t<\/div><\/div>\t\t\n<style>\n#col-678376712 > .is-sticky-column > .is-sticky-column__inner > .col-inner {\n  padding: 20px 20px 20px 20px;\n}\n<\/style>\n\t<\/div>\n\n\t\n\n\t<div id=\"col-116469978\" class=\"col cotcongty medium-9 small-12 large-9\"  >\n\t\t\t\t<div class=\"col-inner\" style=\"background-color:rgb(255, 255, 255);\" >\n\t\t\t\n\t\t\t\n<div class=\"container section-title-container\" ><h1 class=\"section-title section-title-center\"><b><\/b><span class=\"section-title-main\" >Company history<\/span><b><\/b><\/h1><\/div>\n<div class=\"row row-collapse\"  id=\"row-1892204509\">\n\n\t<div id=\"col-977482138\" class=\"col small-12 large-12\"  >\n\t\t\t\t<div class=\"col-inner box-shadow-1\" style=\"background-color:rgb(227, 237, 255);\" >\n\t\t\t\n\t\t\t\n<table width=\"616\">\n<tbody>\n<tr>\n<td style=\"text-align: left;\" width=\"135\"><span style=\"color: #ffffff; font-size: 140%;\"><strong>Timeline<\/strong><\/span><\/td>\n<td style=\"text-align: center;\" width=\"481\"><span style=\"color: #ed1c24; font-size: 140%;\"><strong>S\u1ef1 ki\u1ec7n<\/strong><\/span><\/td>\n<\/tr>\n<tr>\n<td>May 2005<\/td>\n<td width=\"481\">Chairman Nguy\u1ec5n Xu\u00e2n Ng\u1ecdc works in Taiwan at a company that is a contractor for the Mitsubishi Group, under the guidance of engineers from Mitsubishi.<\/td>\n<\/tr>\n<tr>\n<td>January 2008<\/td>\n<td width=\"481\">Chairman Nguy\u1ec5n Xu\u00e2n Ng\u1ecdc works in a company serving the plastic injection molding industry, which is a distributor for well-known Japanese equipment brands.<\/td>\n<\/tr>\n<tr>\n<td>October 2012<\/td>\n<td width=\"481\">Established in Hanoi, providing machinery components and solutions for the plastic industry.<\/td>\n<\/tr>\n<tr>\n<td>February 2013\u00a0<\/td>\n<td width=\"481\">Research on the technologies for manufacturing screw cylinders, including material technology, machining technology, heat treatment technology, and coating technology.\u00a0<\/td>\n<\/tr>\n<tr>\n<td>February 2014<\/td>\n<td width=\"481\">Placing OEM orders for Japanese customers in Vietnam, from a screw manufacturing company with 50 years of history in Taiwan.<\/td>\n<\/tr>\n<tr>\n<td>May 2016<\/td>\n<td width=\"481\">Establishing a CNC machining factory, manufacturing according to customers' custom drawings, laying the foundation for in-depth research on screw cylinders.<\/td>\n<\/tr>\n<tr>\n<td>November 2017<\/td>\n<td width=\"481\">Establishing a plastic tray manufacturing factory<\/td>\n<\/tr>\n<tr>\n<td>March 2018<\/td>\n<td width=\"481\">Inviting a PhD in Materials Science from Hanoi University of Science and Technology to collaborate on researching and writing the technological process for manufacturing screw cylinders.\u00a0<\/td>\n<\/tr>\n<tr>\n<td>April 2018<\/td>\n<td width=\"481\">Completing the technology to reduce the hardness of the screw shank and the threads of the screw head, in order to increase the bending resistance.<\/td>\n<\/tr>\n<tr>\n<td>May 2018<\/td>\n<td width=\"481\">Completing the technology for manufacturing screw cylinders using hard alloys with volume hardening.\u00a0<\/td>\n<\/tr>\n<tr>\n<td>June 2018<\/td>\n<td width=\"481\">Establishing a second facility in Ho Chi Minh City.<\/td>\n<\/tr>\n<tr>\n<td>August 2018<\/td>\n<td width=\"481\">Achieving ISO 14001 LLC certification.<\/td>\n<\/tr>\n<tr>\n<td>October 2018<\/td>\n<td width=\"481\">Completed HVOF coating technology and outsourced manufacturing to suppliers.<\/td>\n<\/tr>\n<tr>\n<td>April 2019<\/td>\n<td width=\"481\">Certified ISO 9001:2015 by SGS.<\/td>\n<\/tr>\n<tr>\n<td>April 2019<\/td>\n<td width=\"481\">Established a dedicated research and development department for screw barrel manufacturing technology.<\/td>\n<\/tr>\n<tr>\n<td>June 2019<\/td>\n<td width=\"481\">Completed the screw tip welding technology using Laser Cladding Powder Welding Method.<\/td>\n<\/tr>\n<tr>\n<td>February 2020<\/td>\n<td width=\"481\">Completed the mechanical property requirements for an alloy containing 65% Nickel used for highly corrosion-resistant materials, and initiated its manufacturing.<\/td>\n<\/tr>\n<tr>\n<td>October 2020<\/td>\n<td width=\"481\">Put into operation a screw barrel manufacturing plant adhering to high technical standards.<\/td>\n<\/tr>\n<tr>\n<td>January 2021<\/td>\n<td width=\"481\">Became an authorized distributor for a major Japanese screw barrel manufacturer.<\/td>\n<\/tr>\n<tr>\n<td>August 2022<\/td>\n<td width=\"481\">Started construction of a new factory.<\/td>\n<\/tr>\n<tr>\n<td>November 2022<\/td>\n<td width=\"481\">Established a liaison office in Bangkok, Thailand.<\/td>\n<\/tr>\n<tr>\n<td>January 2023<\/td>\n<td width=\"481\">Relocated the factory to a new site.\u00a0<\/td>\n<\/tr>\n<tr>\n<td>April 2023<\/td>\n<td width=\"481\">Completed the technology for surface treatment of SAA screws (Super Anti-adhesion).<\/td>\n<\/tr>\n<tr>\n<td>October 2023<\/td>\n<td width=\"481\">Established a liaison office in Osaka, Japan.\u00a0<\/td>\n<\/tr>\n<tr>\n<td>December 2023<\/td>\n<td width=\"481\">Established a liaison office in Indonesia.<\/td>\n<\/tr>\n<tr>\n<td>January 2024<\/td>\n<td width=\"481\">Completed the technology for manufacturing screws using 3D printing with high-alloy powder.\u00a0<\/td>\n<\/tr>\n<\/tbody>\n<\/table>\n\t\t<\/div>\n\t\t\t\t\n<style>\n#col-977482138 > .col-inner {\n  padding: 10px 10px 10px 10px;\n  border-radius: 10px;\n}\n<\/style>\n\t<\/div>\n\n\t\n<\/div>\n\t\t<\/div>\n\t\t\t\t\n<style>\n#col-116469978 > .col-inner {\n  padding: 0px 0px 0px 0px;\n  border-radius: 20px;\n}\n@media (min-width:550px) {\n  #col-116469978 > .col-inner {\n    padding: 30px 30px 30px 30px;\n  }\n}\n<\/style>\n\t<\/div>\n\n\t\n<\/div>\n\t\t<\/div>\n\n\t\t\n<style>\n#section_1342960967 {\n  padding-top: 30px;\n  padding-bottom: 30px;\n}\n#section_1342960967 .section-bg-overlay {\n  background-color: rgba(32, 56, 98, 0.047);\n}\n<\/style>\n\t<\/section>","protected":false},"excerpt":{"rendered":"","protected":false},"author":24,"featured_media":0,"parent":61,"menu_order":0,"comment_status":"closed","ping_status":"closed","template":"page-blank.php","meta":{"inline_featured_image":false,"footnotes":""},"yoast_head":"<!-- This site is optimized with the Yoast SEO plugin v22.5 - https:\/\/yoast.com\/wordpress\/plugins\/seo\/ -->\n<title>L\u1ecbch s\u1eed ph\u00e1t tri\u1ec3n - C\u00f4ng ty TNHH ASG<\/title>\n<meta name=\"robots\" content=\"index, follow, max-snippet:-1, max-image-preview:large, max-video-preview:-1\" \/>\n<link rel=\"canonical\" href=\"https:\/\/asg.vn\/en\/gioi-thieu-cong-ty\/lich-su-phat-trien\/\" \/>\n<meta property=\"og:locale\" content=\"en_US\" \/>\n<meta property=\"og:type\" content=\"article\" \/>\n<meta property=\"og:title\" content=\"L\u1ecbch s\u1eed ph\u00e1t tri\u1ec3n - C\u00f4ng ty TNHH ASG\" \/>\n<meta property=\"og:url\" content=\"https:\/\/asg.vn\/en\/gioi-thieu-cong-ty\/lich-su-phat-trien\/\" \/>\n<meta property=\"og:site_name\" content=\"C\u00f4ng ty TNHH ASG\" \/>\n<meta property=\"article:publisher\" content=\"https:\/\/www.facebook.com\/congtyasgvietnam\" \/>\n<meta property=\"article:modified_time\" content=\"2024-03-29T09:56:45+00:00\" \/>\n<meta name=\"twitter:card\" content=\"summary_large_image\" \/>\n<meta name=\"twitter:label1\" content=\"Est. reading time\" \/>\n\t<meta name=\"twitter:data1\" content=\"4 minutes\" \/>\n<script type=\"application\/ld+json\" class=\"yoast-schema-graph\">{\"@context\":\"https:\/\/schema.org\",\"@graph\":[{\"@type\":\"WebPage\",\"@id\":\"https:\/\/asg.vn\/vi\/gioi-thieu-cong-ty\/lich-su-phat-trien\/\",\"url\":\"https:\/\/asg.vn\/vi\/gioi-thieu-cong-ty\/lich-su-phat-trien\/\",\"name\":\"L\u1ecbch s\u1eed ph\u00e1t tri\u1ec3n - C\u00f4ng ty TNHH ASG\",\"isPartOf\":{\"@id\":\"https:\/\/asg.vn\/ja\/#website\"},\"datePublished\":\"2024-03-09T06:09:44+00:00\",\"dateModified\":\"2024-03-29T09:56:45+00:00\",\"breadcrumb\":{\"@id\":\"https:\/\/asg.vn\/vi\/gioi-thieu-cong-ty\/lich-su-phat-trien\/#breadcrumb\"},\"inLanguage\":\"en-US\",\"potentialAction\":[{\"@type\":\"ReadAction\",\"target\":[\"https:\/\/asg.vn\/vi\/gioi-thieu-cong-ty\/lich-su-phat-trien\/\"]}]},{\"@type\":\"BreadcrumbList\",\"@id\":\"https:\/\/asg.vn\/vi\/gioi-thieu-cong-ty\/lich-su-phat-trien\/#breadcrumb\",\"itemListElement\":[{\"@type\":\"ListItem\",\"position\":1,\"name\":\"Home\",\"item\":\"https:\/\/asg.vn\/ja\/\"},{\"@type\":\"ListItem\",\"position\":2,\"name\":\"GI\u1edaI THI\u1ec6U C\u00d4NG TY\",\"item\":\"https:\/\/asg.vn\/vi\/gioi-thieu-cong-ty\/\"},{\"@type\":\"ListItem\",\"position\":3,\"name\":\"L\u1ecbch s\u1eed ph\u00e1t tri\u1ec3n\"}]},{\"@type\":\"WebSite\",\"@id\":\"https:\/\/asg.vn\/ja\/#website\",\"url\":\"https:\/\/asg.vn\/ja\/\",\"name\":\"C\u00f4ng ty TNHH ASG\",\"description\":\"Th\u00e0nh c\u00f4ng b\u1eb1ng s\u1ef1 t\u1eed t\u1ebf\",\"publisher\":{\"@id\":\"https:\/\/asg.vn\/ja\/#organization\"},\"potentialAction\":[{\"@type\":\"SearchAction\",\"target\":{\"@type\":\"EntryPoint\",\"urlTemplate\":\"https:\/\/asg.vn\/ja\/?s={search_term_string}\"},\"query-input\":\"required name=search_term_string\"}],\"inLanguage\":\"en-US\"},{\"@type\":\"Organization\",\"@id\":\"https:\/\/asg.vn\/ja\/#organization\",\"name\":\"C\u00f4ng ty TNHH ASG\",\"url\":\"https:\/\/asg.vn\/ja\/\",\"logo\":{\"@type\":\"ImageObject\",\"inLanguage\":\"en-US\",\"@id\":\"https:\/\/asg.vn\/ja\/#\/schema\/logo\/image\/\",\"url\":\"https:\/\/asg.vn\/wp-content\/uploads\/2023\/03\/z4110917483185_83f9ec26924715fb77663fd2b8bef540.jpg\",\"contentUrl\":\"https:\/\/asg.vn\/wp-content\/uploads\/2023\/03\/z4110917483185_83f9ec26924715fb77663fd2b8bef540.jpg\",\"width\":1038,\"height\":324,\"caption\":\"C\u00f4ng ty TNHH ASG\"},\"image\":{\"@id\":\"https:\/\/asg.vn\/ja\/#\/schema\/logo\/image\/\"},\"sameAs\":[\"https:\/\/www.facebook.com\/congtyasgvietnam\"]}]}<\/script>\n<!-- \/ Yoast SEO plugin. -->","yoast_head_json":{"title":"L\u1ecbch s\u1eed ph\u00e1t tri\u1ec3n - C\u00f4ng ty TNHH ASG","robots":{"index":"index","follow":"follow","max-snippet":"max-snippet:-1","max-image-preview":"max-image-preview:large","max-video-preview":"max-video-preview:-1"},"canonical":"https:\/\/asg.vn\/en\/gioi-thieu-cong-ty\/lich-su-phat-trien\/","og_locale":"en_US","og_type":"article","og_title":"L\u1ecbch s\u1eed ph\u00e1t tri\u1ec3n - C\u00f4ng ty TNHH ASG","og_url":"https:\/\/asg.vn\/en\/gioi-thieu-cong-ty\/lich-su-phat-trien\/","og_site_name":"C\u00f4ng ty TNHH ASG","article_publisher":"https:\/\/www.facebook.com\/congtyasgvietnam","article_modified_time":"2024-03-29T09:56:45+00:00","twitter_card":"summary_large_image","twitter_misc":{"Est. reading time":"4 minutes"},"schema":{"@context":"https:\/\/schema.org","@graph":[{"@type":"WebPage","@id":"https:\/\/asg.vn\/vi\/gioi-thieu-cong-ty\/lich-su-phat-trien\/","url":"https:\/\/asg.vn\/vi\/gioi-thieu-cong-ty\/lich-su-phat-trien\/","name":"L\u1ecbch s\u1eed ph\u00e1t tri\u1ec3n - C\u00f4ng ty TNHH ASG","isPartOf":{"@id":"https:\/\/asg.vn\/ja\/#website"},"datePublished":"2024-03-09T06:09:44+00:00","dateModified":"2024-03-29T09:56:45+00:00","breadcrumb":{"@id":"https:\/\/asg.vn\/vi\/gioi-thieu-cong-ty\/lich-su-phat-trien\/#breadcrumb"},"inLanguage":"en-US","potentialAction":[{"@type":"ReadAction","target":["https:\/\/asg.vn\/vi\/gioi-thieu-cong-ty\/lich-su-phat-trien\/"]}]},{"@type":"BreadcrumbList","@id":"https:\/\/asg.vn\/vi\/gioi-thieu-cong-ty\/lich-su-phat-trien\/#breadcrumb","itemListElement":[{"@type":"ListItem","position":1,"name":"Home","item":"https:\/\/asg.vn\/ja\/"},{"@type":"ListItem","position":2,"name":"GI\u1edaI THI\u1ec6U C\u00d4NG TY","item":"https:\/\/asg.vn\/vi\/gioi-thieu-cong-ty\/"},{"@type":"ListItem","position":3,"name":"L\u1ecbch s\u1eed ph\u00e1t tri\u1ec3n"}]},{"@type":"WebSite","@id":"https:\/\/asg.vn\/ja\/#website","url":"https:\/\/asg.vn\/ja\/","name":"C\u00f4ng ty TNHH ASG","description":"Th\u00e0nh c\u00f4ng b\u1eb1ng s\u1ef1 t\u1eed t\u1ebf","publisher":{"@id":"https:\/\/asg.vn\/ja\/#organization"},"potentialAction":[{"@type":"SearchAction","target":{"@type":"EntryPoint","urlTemplate":"https:\/\/asg.vn\/ja\/?s={search_term_string}"},"query-input":"required name=search_term_string"}],"inLanguage":"en-US"},{"@type":"Organization","@id":"https:\/\/asg.vn\/ja\/#organization","name":"C\u00f4ng ty TNHH ASG","url":"https:\/\/asg.vn\/ja\/","logo":{"@type":"ImageObject","inLanguage":"en-US","@id":"https:\/\/asg.vn\/ja\/#\/schema\/logo\/image\/","url":"https:\/\/asg.vn\/wp-content\/uploads\/2023\/03\/z4110917483185_83f9ec26924715fb77663fd2b8bef540.jpg","contentUrl":"https:\/\/asg.vn\/wp-content\/uploads\/2023\/03\/z4110917483185_83f9ec26924715fb77663fd2b8bef540.jpg","width":1038,"height":324,"caption":"C\u00f4ng ty TNHH ASG"},"image":{"@id":"https:\/\/asg.vn\/ja\/#\/schema\/logo\/image\/"},"sameAs":["https:\/\/www.facebook.com\/congtyasgvietnam"]}]}},"_links":{"self":[{"href":"https:\/\/asg.vn\/en\/wp-json\/wp\/v2\/pages\/4066"}],"collection":[{"href":"https:\/\/asg.vn\/en\/wp-json\/wp\/v2\/pages"}],"about":[{"href":"https:\/\/asg.vn\/en\/wp-json\/wp\/v2\/types\/page"}],"author":[{"embeddable":true,"href":"https:\/\/asg.vn\/en\/wp-json\/wp\/v2\/users\/24"}],"replies":[{"embeddable":true,"href":"https:\/\/asg.vn\/en\/wp-json\/wp\/v2\/comments?post=4066"}],"version-history":[{"count":7,"href":"https:\/\/asg.vn\/en\/wp-json\/wp\/v2\/pages\/4066\/revisions"}],"predecessor-version":[{"id":4405,"href":"https:\/\/asg.vn\/en\/wp-json\/wp\/v2\/pages\/4066\/revisions\/4405"}],"up":[{"embeddable":true,"href":"https:\/\/asg.vn\/en\/wp-json\/wp\/v2\/pages\/61"}],"wp:attachment":[{"href":"https:\/\/asg.vn\/en\/wp-json\/wp\/v2\/media?parent=4066"}],"curies":[{"name":"wp","href":"https:\/\/api.w.org\/{rel}","templated":true}]}}