{"id":4042,"date":"2024-03-09T12:35:10","date_gmt":"2024-03-09T05:35:10","guid":{"rendered":"https:\/\/asg.vn\/?page_id=4042"},"modified":"2024-03-29T16:49:46","modified_gmt":"2024-03-29T09:49:46","slug":"loi-cua-chu-tich","status":"publish","type":"page","link":"https:\/\/asg.vn\/en\/gioi-thieu-cong-ty\/loi-cua-chu-tich\/","title":{"rendered":"President's letter"},"content":{"rendered":"<section class=\"section\" id=\"section_771207682\">\n\t\t<div class=\"bg section-bg fill bg-fill bg-loaded bg-loaded\" >\n\n\t\t\t\n\t\t\t<div class=\"section-bg-overlay absolute fill\"><\/div>\n\t\t\t\n\n\t\t<\/div>\n\n\t\t\n\n\t\t<div class=\"section-content relative\">\n\t\t\t\n<div class=\"row\"  id=\"row-84998596\">\n\n\t<div id=\"col-726072377\" class=\"col cot34 medium-3 small-12 large-3\"  >\n\t\t<div class=\"is-sticky-column\"><div class=\"is-sticky-column__inner\">\t\t<div class=\"col-inner box-shadow-1\" style=\"background-color:rgb(255, 255, 255);\" >\n\t\t\t\n\t\t\t\n\t<div id=\"text-827156349\" class=\"text\">\n\t\t\n<ul id=\"menu-cnav-comapny\" class=\"cnavList\">\n<li id=\"menu-item-27601\" class=\"menu-item menu-item-type-post_type menu-item-object-page current-menu-item page_item page-item-238 current_page_item menu-item-27601\"><a href=\"https:\/\/asg.vn\/en\/gioi-thieu-cong-ty\/\">ABOUT US<\/a><\/li>\n<li id=\"menu-item-31203\" class=\"menu-item menu-item-type-post_type menu-item-object-page menu-item-31203\"><strong><a href=\"https:\/\/asg.vn\/en\/gioi-thieu-cong-ty\/loi-cua-chu-tich\/\">President's letter<\/a><\/strong><\/li>\n<li id=\"menu-item-20630\" class=\"menu-item menu-item-type-post_type menu-item-object-page menu-item-20630\"><a href=\"https:\/\/asg.vn\/en\/gioi-thieu-cong-ty\/ho-so-cong-ty\/\">Company profile<\/a><\/li>\n<li><a class=\"uppercase\" href=\"https:\/\/asg.vn\/en\/gioi-thieu-cong-ty\/mang-luoi-khach-hang\/\">Customer network<\/a><\/li>\n<li id=\"menu-item-20631\" class=\"menu-item menu-item-type-post_type menu-item-object-page menu-item-20631\"><a href=\"https:\/\/asg.vn\/en\/gioi-thieu-cong-ty\/lich-su-phat-trien\/\">Company history<\/a><\/li>\n<li id=\"menu-item-20629\" class=\"menu-item menu-item-type-post_type menu-item-object-page menu-item-20629\"><a href=\"https:\/\/asg.vn\/en\/gioi-thieu-cong-ty\/tieu-chi-quan-ly\/\">Target<\/a><\/li>\n<li id=\"menu-item-30939\" class=\"menu-item menu-item-type-post_type menu-item-object-page menu-item-30939\"><a href=\"https:\/\/asg.vn\/en\/gioi-thieu-cong-ty\/bai-hat-cong-ty\/\">Company song<\/a><\/li>\n<li id=\"menu-item-20632\" class=\"menu-item menu-item-type-post_type menu-item-object-page menu-item-20632\"><a href=\"https:\/\/asg.vn\/en\/gioi-thieu-cong-ty\/chung-nhan\/\">Certifications<\/a><\/li>\n<li id=\"menu-item-20634\" class=\"menu-item menu-item-type-post_type menu-item-object-page menu-item-20634\"><a href=\"https:\/\/asg.vn\/en\/gioi-thieu-cong-ty\/bao-mat-thong-tin\/\">information security<\/a><\/li>\n<li id=\"menu-item-33098\" class=\"menu-item menu-item-type-post_type menu-item-object-page menu-item-33098\"><a href=\"https:\/\/asg.vn\/en\/gioi-thieu-cong-ty\/mang-luoi-toan-cau\/\">Global Network<\/a><\/li>\n<li id=\"menu-item-33099\" class=\"menu-item menu-item-type-post_type menu-item-object-page menu-item-33099\"><a href=\"https:\/\/asg.vn\/en\/gioi-thieu-cong-ty\/hoat-dong-moi-truong\/\">environmental protection<\/a><\/li>\n<\/ul>\n\t\t\n<style>\n#text-827156349 {\n  line-height: 2.45;\n}\n<\/style>\n\t<\/div>\n\t\n\t\t<\/div>\n\t\t<\/div><\/div>\t\t\n<style>\n#col-726072377 > .is-sticky-column > .is-sticky-column__inner > .col-inner {\n  padding: 20px 20px 20px 20px;\n}\n<\/style>\n\t<\/div>\n\n\t\n\n\t<div id=\"col-1853520644\" class=\"col medium-9 small-12 large-9\"  >\n\t\t\t\t<div class=\"col-inner\" style=\"background-color:rgb(255, 255, 255);\" >\n\t\t\t\n\t\t\t\n\t<div class=\"img has-hover anhtron x md-x lg-x y md-y lg-y\" id=\"image_1042572561\">\n\t\t\t\t\t\t\t\t<div class=\"img-inner dark\" >\n\t\t\t<img loading=\"lazy\" decoding=\"async\" width=\"1695\" height=\"998\" src=\"https:\/\/asg.vn\/wp-content\/uploads\/2024\/03\/Untitled.png\" class=\"attachment-original size-original\" alt=\"\" srcset=\"https:\/\/asg.vn\/wp-content\/uploads\/2024\/03\/Untitled.png 1695w, https:\/\/asg.vn\/wp-content\/uploads\/2024\/03\/Untitled-768x452.png 768w, https:\/\/asg.vn\/wp-content\/uploads\/2024\/03\/Untitled-1536x904.png 1536w, https:\/\/asg.vn\/wp-content\/uploads\/2024\/03\/Untitled-600x353.png 600w\" sizes=\"(max-width: 1695px) 100vw, 1695px\" \/>\t\t\t\t\t\t\n\t\t\t\t\t<\/div>\n\t\t\t\t\t\t\t\t\n<style>\n#image_1042572561 {\n  width: 100%;\n}\n<\/style>\n\t<\/div>\n\t\n<div class=\"container section-title-container\" ><h2 class=\"section-title section-title-normal\"><b><\/b><span class=\"section-title-main\" >President's letter<\/span><b><\/b><\/h2><\/div>\n<p>In 2012, I established ASG Vietnam Engineering Company Limited. With a burning heart desiring us to become a company with the best  products in Vietnam and reaching out to the world. The valuable assets are only deep experience in the plastic injection industry and  knowledge base gained from large corporations.<\/p>\n<p>We focus on researching technologies for producing screws and cylinders for plastic injection machines since the early days of our establishment. Experiencing a series of screw cylinder products for plastic injection machines ordered for OEM production from a number of Makers from Japan and Taiwan. We gradually gain the trust of customers who are the largest Japanese companies in Vietnam and regularly use it. And established a manufacturing factory in Vietnam. With the application of advanced technology in new materials, we have become the leading manufacturer of screw cylinder components in Vietnam and exported to the world.\u00a0<\/p>\n<p>Otherwise , we also develop packaging and packaging solutions with the principle of accompanying customers to develop Green, Clean products, contributing into making the green of the earth.<\/p>\n<p>Our strong growth over the past time. Entirely thanks to the ideas and support of customers who have been with us since the first days of establishment.<\/p>\n<p><strong>To Our Dear Customers<\/strong><\/p>\n<p>To Our Dear Employees and Their Families.<\/p>\n<p>With friends who always support ASG<\/p>\n<p>We always keep these four words as our goal of action.<\/p>\n<p><strong>Enthusiasm - Pretige - Wisdom - Loyalty<\/strong><\/p>\n<p>\u00a0 \u00a0 \u00a0Heart towards people, heart towards profession, heart towards life. A heart towards goodness will bring success in all things.<\/p>\n<p>\u00a0 \u00a0 \u00a0Trust with customers, partners, staff, and the community. Always keep your word and aim for success.<\/p>\n<p>\u00a0 \u00a0 \u00a0Creative mind, innovative mind, resilient mind, forward-looking mind.<\/p>\n<p>\u00a0 \u00a0 \u00a0Loyal to commitment, loyal to quality, honest to product, honest to community.<\/p>\n<p>We look forward to receiving the same support and support as during the past time to continue to develop steadily in the future.<\/p>\n<p>Thank you very much!<\/p>\n\t\t<\/div>\n\t\t\t\t\n<style>\n#col-1853520644 > .col-inner {\n  padding: 30px 30px 30px 30px;\n  border-radius: 20px;\n}\n<\/style>\n\t<\/div>\n\n\t\n<\/div>\n\t\t<\/div>\n\n\t\t\n<style>\n#section_771207682 {\n  padding-top: 30px;\n  padding-bottom: 30px;\n}\n#section_771207682 .section-bg-overlay {\n  background-color: rgba(32, 56, 98, 0.047);\n}\n<\/style>\n\t<\/section>","protected":false},"excerpt":{"rendered":"","protected":false},"author":24,"featured_media":0,"parent":61,"menu_order":0,"comment_status":"closed","ping_status":"closed","template":"page-blank.php","meta":{"inline_featured_image":false,"footnotes":""},"yoast_head":"<!-- This site is optimized with the Yoast SEO plugin v22.5 - https:\/\/yoast.com\/wordpress\/plugins\/seo\/ -->\n<title>L\u1eddi c\u1ee7a ch\u1ee7 t\u1ecbch - C\u00f4ng ty TNHH ASG<\/title>\n<meta name=\"robots\" content=\"index, follow, max-snippet:-1, max-image-preview:large, max-video-preview:-1\" \/>\n<link rel=\"canonical\" href=\"https:\/\/asg.vn\/en\/gioi-thieu-cong-ty\/loi-cua-chu-tich\/\" \/>\n<meta property=\"og:locale\" content=\"en_US\" \/>\n<meta property=\"og:type\" content=\"article\" \/>\n<meta property=\"og:title\" content=\"L\u1eddi c\u1ee7a ch\u1ee7 t\u1ecbch - C\u00f4ng ty TNHH ASG\" \/>\n<meta property=\"og:url\" content=\"https:\/\/asg.vn\/en\/gioi-thieu-cong-ty\/loi-cua-chu-tich\/\" \/>\n<meta property=\"og:site_name\" content=\"C\u00f4ng ty TNHH ASG\" \/>\n<meta property=\"article:publisher\" content=\"https:\/\/www.facebook.com\/congtyasgvietnam\" \/>\n<meta property=\"article:modified_time\" content=\"2024-03-29T09:49:46+00:00\" \/>\n<meta name=\"twitter:card\" content=\"summary_large_image\" \/>\n<meta name=\"twitter:label1\" content=\"Est. reading time\" \/>\n\t<meta name=\"twitter:data1\" content=\"3 minutes\" \/>\n<script type=\"application\/ld+json\" class=\"yoast-schema-graph\">{\"@context\":\"https:\/\/schema.org\",\"@graph\":[{\"@type\":\"WebPage\",\"@id\":\"https:\/\/asg.vn\/vi\/gioi-thieu-cong-ty\/loi-cua-chu-tich\/\",\"url\":\"https:\/\/asg.vn\/vi\/gioi-thieu-cong-ty\/loi-cua-chu-tich\/\",\"name\":\"L\u1eddi c\u1ee7a ch\u1ee7 t\u1ecbch - C\u00f4ng ty TNHH ASG\",\"isPartOf\":{\"@id\":\"https:\/\/asg.vn\/ja\/#website\"},\"datePublished\":\"2024-03-09T05:35:10+00:00\",\"dateModified\":\"2024-03-29T09:49:46+00:00\",\"breadcrumb\":{\"@id\":\"https:\/\/asg.vn\/vi\/gioi-thieu-cong-ty\/loi-cua-chu-tich\/#breadcrumb\"},\"inLanguage\":\"en-US\",\"potentialAction\":[{\"@type\":\"ReadAction\",\"target\":[\"https:\/\/asg.vn\/vi\/gioi-thieu-cong-ty\/loi-cua-chu-tich\/\"]}]},{\"@type\":\"BreadcrumbList\",\"@id\":\"https:\/\/asg.vn\/vi\/gioi-thieu-cong-ty\/loi-cua-chu-tich\/#breadcrumb\",\"itemListElement\":[{\"@type\":\"ListItem\",\"position\":1,\"name\":\"Home\",\"item\":\"https:\/\/asg.vn\/ja\/\"},{\"@type\":\"ListItem\",\"position\":2,\"name\":\"GI\u1edaI THI\u1ec6U C\u00d4NG TY\",\"item\":\"https:\/\/asg.vn\/vi\/gioi-thieu-cong-ty\/\"},{\"@type\":\"ListItem\",\"position\":3,\"name\":\"L\u1eddi c\u1ee7a ch\u1ee7 t\u1ecbch\"}]},{\"@type\":\"WebSite\",\"@id\":\"https:\/\/asg.vn\/ja\/#website\",\"url\":\"https:\/\/asg.vn\/ja\/\",\"name\":\"C\u00f4ng ty TNHH ASG\",\"description\":\"Th\u00e0nh c\u00f4ng b\u1eb1ng s\u1ef1 t\u1eed t\u1ebf\",\"publisher\":{\"@id\":\"https:\/\/asg.vn\/ja\/#organization\"},\"potentialAction\":[{\"@type\":\"SearchAction\",\"target\":{\"@type\":\"EntryPoint\",\"urlTemplate\":\"https:\/\/asg.vn\/ja\/?s={search_term_string}\"},\"query-input\":\"required name=search_term_string\"}],\"inLanguage\":\"en-US\"},{\"@type\":\"Organization\",\"@id\":\"https:\/\/asg.vn\/ja\/#organization\",\"name\":\"C\u00f4ng ty TNHH ASG\",\"url\":\"https:\/\/asg.vn\/ja\/\",\"logo\":{\"@type\":\"ImageObject\",\"inLanguage\":\"en-US\",\"@id\":\"https:\/\/asg.vn\/ja\/#\/schema\/logo\/image\/\",\"url\":\"https:\/\/asg.vn\/wp-content\/uploads\/2023\/03\/z4110917483185_83f9ec26924715fb77663fd2b8bef540.jpg\",\"contentUrl\":\"https:\/\/asg.vn\/wp-content\/uploads\/2023\/03\/z4110917483185_83f9ec26924715fb77663fd2b8bef540.jpg\",\"width\":1038,\"height\":324,\"caption\":\"C\u00f4ng ty TNHH ASG\"},\"image\":{\"@id\":\"https:\/\/asg.vn\/ja\/#\/schema\/logo\/image\/\"},\"sameAs\":[\"https:\/\/www.facebook.com\/congtyasgvietnam\"]}]}<\/script>\n<!-- \/ Yoast SEO plugin. -->","yoast_head_json":{"title":"L\u1eddi c\u1ee7a ch\u1ee7 t\u1ecbch - C\u00f4ng ty TNHH ASG","robots":{"index":"index","follow":"follow","max-snippet":"max-snippet:-1","max-image-preview":"max-image-preview:large","max-video-preview":"max-video-preview:-1"},"canonical":"https:\/\/asg.vn\/en\/gioi-thieu-cong-ty\/loi-cua-chu-tich\/","og_locale":"en_US","og_type":"article","og_title":"L\u1eddi c\u1ee7a ch\u1ee7 t\u1ecbch - C\u00f4ng ty TNHH ASG","og_url":"https:\/\/asg.vn\/en\/gioi-thieu-cong-ty\/loi-cua-chu-tich\/","og_site_name":"C\u00f4ng ty TNHH ASG","article_publisher":"https:\/\/www.facebook.com\/congtyasgvietnam","article_modified_time":"2024-03-29T09:49:46+00:00","twitter_card":"summary_large_image","twitter_misc":{"Est. reading time":"3 minutes"},"schema":{"@context":"https:\/\/schema.org","@graph":[{"@type":"WebPage","@id":"https:\/\/asg.vn\/vi\/gioi-thieu-cong-ty\/loi-cua-chu-tich\/","url":"https:\/\/asg.vn\/vi\/gioi-thieu-cong-ty\/loi-cua-chu-tich\/","name":"L\u1eddi c\u1ee7a ch\u1ee7 t\u1ecbch - C\u00f4ng ty TNHH ASG","isPartOf":{"@id":"https:\/\/asg.vn\/ja\/#website"},"datePublished":"2024-03-09T05:35:10+00:00","dateModified":"2024-03-29T09:49:46+00:00","breadcrumb":{"@id":"https:\/\/asg.vn\/vi\/gioi-thieu-cong-ty\/loi-cua-chu-tich\/#breadcrumb"},"inLanguage":"en-US","potentialAction":[{"@type":"ReadAction","target":["https:\/\/asg.vn\/vi\/gioi-thieu-cong-ty\/loi-cua-chu-tich\/"]}]},{"@type":"BreadcrumbList","@id":"https:\/\/asg.vn\/vi\/gioi-thieu-cong-ty\/loi-cua-chu-tich\/#breadcrumb","itemListElement":[{"@type":"ListItem","position":1,"name":"Home","item":"https:\/\/asg.vn\/ja\/"},{"@type":"ListItem","position":2,"name":"GI\u1edaI THI\u1ec6U C\u00d4NG TY","item":"https:\/\/asg.vn\/vi\/gioi-thieu-cong-ty\/"},{"@type":"ListItem","position":3,"name":"L\u1eddi c\u1ee7a ch\u1ee7 t\u1ecbch"}]},{"@type":"WebSite","@id":"https:\/\/asg.vn\/ja\/#website","url":"https:\/\/asg.vn\/ja\/","name":"C\u00f4ng ty TNHH ASG","description":"Th\u00e0nh c\u00f4ng b\u1eb1ng s\u1ef1 t\u1eed t\u1ebf","publisher":{"@id":"https:\/\/asg.vn\/ja\/#organization"},"potentialAction":[{"@type":"SearchAction","target":{"@type":"EntryPoint","urlTemplate":"https:\/\/asg.vn\/ja\/?s={search_term_string}"},"query-input":"required name=search_term_string"}],"inLanguage":"en-US"},{"@type":"Organization","@id":"https:\/\/asg.vn\/ja\/#organization","name":"C\u00f4ng ty TNHH ASG","url":"https:\/\/asg.vn\/ja\/","logo":{"@type":"ImageObject","inLanguage":"en-US","@id":"https:\/\/asg.vn\/ja\/#\/schema\/logo\/image\/","url":"https:\/\/asg.vn\/wp-content\/uploads\/2023\/03\/z4110917483185_83f9ec26924715fb77663fd2b8bef540.jpg","contentUrl":"https:\/\/asg.vn\/wp-content\/uploads\/2023\/03\/z4110917483185_83f9ec26924715fb77663fd2b8bef540.jpg","width":1038,"height":324,"caption":"C\u00f4ng ty TNHH ASG"},"image":{"@id":"https:\/\/asg.vn\/ja\/#\/schema\/logo\/image\/"},"sameAs":["https:\/\/www.facebook.com\/congtyasgvietnam"]}]}},"_links":{"self":[{"href":"https:\/\/asg.vn\/en\/wp-json\/wp\/v2\/pages\/4042"}],"collection":[{"href":"https:\/\/asg.vn\/en\/wp-json\/wp\/v2\/pages"}],"about":[{"href":"https:\/\/asg.vn\/en\/wp-json\/wp\/v2\/types\/page"}],"author":[{"embeddable":true,"href":"https:\/\/asg.vn\/en\/wp-json\/wp\/v2\/users\/24"}],"replies":[{"embeddable":true,"href":"https:\/\/asg.vn\/en\/wp-json\/wp\/v2\/comments?post=4042"}],"version-history":[{"count":9,"href":"https:\/\/asg.vn\/en\/wp-json\/wp\/v2\/pages\/4042\/revisions"}],"predecessor-version":[{"id":4400,"href":"https:\/\/asg.vn\/en\/wp-json\/wp\/v2\/pages\/4042\/revisions\/4400"}],"up":[{"embeddable":true,"href":"https:\/\/asg.vn\/en\/wp-json\/wp\/v2\/pages\/61"}],"wp:attachment":[{"href":"https:\/\/asg.vn\/en\/wp-json\/wp\/v2\/media?parent=4042"}],"curies":[{"name":"wp","href":"https:\/\/api.w.org\/{rel}","templated":true}]}}