{"id":2119,"date":"2023-03-27T16:13:45","date_gmt":"2023-03-27T09:13:45","guid":{"rendered":"https:\/\/asg.vn\/?page_id=2119"},"modified":"2023-03-30T14:49:55","modified_gmt":"2023-03-30T07:49:55","slug":"bo-xi-lanh-truc-vit-may-ep-nhua","status":"publish","type":"page","link":"https:\/\/asg.vn\/en\/bo-xi-lanh-truc-vit-may-ep-nhua\/","title":{"rendered":"B\u1ed9 xi lanh tr\u1ee5c v\u00edt cho m\u00e1y \u00e9p nh\u1ef1a"},"content":{"rendered":"<p>B\u1ed9 xi lanh tr\u1ee5c v\u00edt m\u00e1y \u00e9p nh\u1ef1a<br \/>\n\t\t\t\t\t\t\t\t\t\t\t\t\t\t\t<img decoding=\"async\" width=\"1181\" height=\"700\" src=\"https:\/\/asg.vn\/wp-content\/uploads\/2023\/03\/xi-lanh-truc-vit-3.png\" alt=\"B\u1ed9 xi lanh tr\u1ee5c v\u00edt\" loading=\"lazy\" srcset=\"https:\/\/asg.vn\/wp-content\/uploads\/2023\/03\/xi-lanh-truc-vit-3.png 1181w, https:\/\/asg.vn\/wp-content\/uploads\/2023\/03\/xi-lanh-truc-vit-3-300x178.png 300w, https:\/\/asg.vn\/wp-content\/uploads\/2023\/03\/xi-lanh-truc-vit-3-1024x607.png 1024w, https:\/\/asg.vn\/wp-content\/uploads\/2023\/03\/xi-lanh-truc-vit-3-768x455.png 768w\" sizes=\"(max-width: 1181px) 100vw, 1181px\" \/>\t\t\t\t\t\t\t\t\t\t\t\t\t\t\t<\/p>\n<h2>Screw cylinder ASG VIETNAM company<\/h2>\n<h2>1. Manufacturing technology<\/h2>\n<ul>\n<li>Xilanh: Ph\u1ee7 h\u1ee3p kim ly t\u00e2m, Nitrider, Th\u00e9p h\u1ee3p kim \u0111\u1eb7c bi\u1ec7t.<\/li>\n<li>Adapter, Nozzle: Th\u00e9p h\u1ee3p kim \u0111\u1eb7c bi\u1ec7t, Nitrider.<\/li>\n<li>Tr\u1ee5c v\u00edt, B\u1ed9 \u0111\u1ea7u tr\u1ee5c v\u00edt: Ph\u1ee7\u00a0HVOF,\u00a0PVD Coating,\u00a0Th\u00e9p h\u1ee3p kim \u0111\u1eb7c bi\u1ec7t, H\u00e0n PTA, Nitrider.<\/li>\n<\/ul>\n<h2>2. Quy c\u00e1ch k\u1ef9 thu\u1eadt<\/h2>\n<ul>\n<li>Diameter: From <b style=\"color: black;\">D12mm \u2013 D120mm<\/b><\/li>\n<li>Maximum length: <b style=\"color: black;\">3000mm<\/b><\/li>\n<li>C\u00f3 \u0111\u1ea7y \u0111\u1ee7 c\u00e1c h\u00e3ng m\u00e1y \u00e9p nh\u1ef1a:\u00a0<a href=\"https:\/\/asg.vn\/en\/xi-lanh-truc-vit-may-ep-nhua-sumitomo\/\" target=\"_blank\" rel=\"noopener\">Sumitomo<\/a>,\u00a0<a href=\"https:\/\/asg.vn\/en\/xi-lanh-truc-vit-may-ep-nhua-nissei\/\">Nissei<\/a>,\u00a0<a href=\"https:\/\/asg.vn\/en\/xi-lanh-truc-vit-may-ep-nhua-jsw\/\">JSW<\/a>,\u00a0<a href=\"https:\/\/asg.vn\/en\/xi-lanh-truc-vit-may-ep-nhua-niigata\/\">Niigata<\/a>,\u00a0<a href=\"https:\/\/asg.vn\/en\/xi-lanh-truc-vit-may-ep-nhua-toshiba\/\">Toshiba<\/a>, <a href=\"https:\/\/asg.vn\/en\/xi-lanh-truc-vit-may-ep-nhua-fanuc\/\">Fanuc<\/a>, <a href=\"https:\/\/asg.vn\/en\/xi-lanh-truc-vit-may-ep-nhua-toyo\/\">Toyo<\/a>,\u00a0<a href=\"https:\/\/asg.vn\/en\/xi-lanh-truc-vit-may-ep-nhua-haitian\/\">Haitian<\/a>, FCS, Victor Taichung, ChengSong, LS, Mitsubishi, Woojin, Sodick, Yizumi, Engel,\u00a0<a href=\"https:\/\/asg.vn\/en\/xi-lanh-truc-vit-may-ep-nhua-arburg\/\" target=\"_blank\" rel=\"noopener\">Arburg<\/a>, Huyndai, Bona, Fomtec, Pu mao,\u2026<\/li>\n<\/ul>\n<h2>3. Type of plastic used<\/h2>\n<ul>\n<li>ABS, HI-PS, PP, HDPE, POM\u2026glass ratio up to 60%<\/li>\n<li>PET\u2026glass content up to 60%<\/li>\n<li>Clear PC, colored PC\u2026glass ratio up to 60%<\/li>\n<li>PA6, PA66, PA9T, PPS, LCP, PEEK\u2026.glass ratio up to 60%<\/li>\n<li>PVC, Bakelite\u2026glass ratio up to 60%<\/li>\n<\/ul>\n<p>\t\t\t\t\t\t\t\t\t\t\t\t\t\t\t<img decoding=\"async\" width=\"480\" height=\"320\" src=\"https:\/\/asg.vn\/wp-content\/uploads\/2023\/03\/cac-san-pham-ep-nhua.jpg\" alt=\"c\u00e1c s\u1ea3n ph\u1ea9m \u00e9p nh\u1ef1a\" loading=\"lazy\" srcset=\"https:\/\/asg.vn\/wp-content\/uploads\/2023\/03\/cac-san-pham-ep-nhua.jpg 480w, https:\/\/asg.vn\/wp-content\/uploads\/2023\/03\/cac-san-pham-ep-nhua-300x200.jpg 300w\" sizes=\"(max-width: 480px) 100vw, 480px\" \/>\t\t\t\t\t\t\t\t\t\t\t\t\t\t\t<\/p>\n<h2>4. Product supply process<\/h2>\n<p><strong>Step 1:<\/strong> Please send us a quote request including the following information:<\/p>\n<ul>\n<li>T\u00ean \u0111\u1ea7y \u0111\u1ee7 model m\u00e1y ho\u1eb7c \u1ea3nh model m\u00e1y (v\u00ed d\u1ee5 Sumitomo SE75DU)<\/li>\n<li>Component diameter and length specifications.<\/li>\n<li>Use plastic models or plastic packaging photos to select appropriate materials and component manufacturing technology.<\/li>\n<\/ul>\n<p><strong>Step 2<\/strong> ASG Vietnam sends quotation to you.<\/p>\n<p><strong>Step 3:<\/strong>\u00a0Customer send order.<\/p>\n<p><strong>Step 4:<\/strong> In most cases we have manufacturing drawings, in some cases we do not have drawings, we will come to your factory to measure and create drawings.<\/p>\n<p><strong>B\u01b0\u1edbc 5:<\/strong> Production and product quality control according to ISO 9001:2005 standards<\/p>\n<p><strong>B\u01b0\u1edbc 6:<\/strong> Free delivery and installation for customers.<\/p>\n<p><strong>B\u01b0\u1edbc 7:<\/strong> Payment of order value.<\/p>\n<p>\u00a0 \u00a0 \u00a0 \u00a0 For better spare parts supply, please refer to: <a href=\"https:\/\/asg.vn\/en\/nhung-luu-y-quan-trong-khi-thay-bo-dau-truc-vit\/\" target=\"_blank\" rel=\"noopener\">Nh\u1eefng l\u01b0u \u00fd quan tr\u1ecdng khi thay th\u1ebf linh ki\u1ec7n.<\/a><\/p>\n<h2>5. Warranty policy<\/h2>\n<ul>\n<li>All products of ASG Vietnam company are warranted 1 for 1 within 12 months for manufacturer's defects.<\/li>\n<li>We provide free 24\/7 consultation on plastic injection molding machine screw cylinder issues. Our consulting team consists of experienced engineers combined with technical department heads of large molding factories.<\/li>\n<li>Periodic testing for customers using ASG Vietnam components.<\/li>\n<\/ul>\n<p><strong>ASG screw cylinder \u2013 <\/strong><strong>quality creates trust<\/strong><\/p>\n<p>\t\t\t\t\t\t\t\t\t\t\t\t\t\t\t<img decoding=\"async\" width=\"1024\" height=\"800\" src=\"https:\/\/asg.vn\/wp-content\/uploads\/2023\/03\/tam-tin-tri-trung-inamori-kazuo-asg-xi-lanh-truc-vit-1024x800.png\" alt=\"Tri\u1ebft l\u00fd kinh doanh ASG chuy\u00ean cung c\u1ea5p xi lanh tr\u1ee5c v\u00edt\" loading=\"lazy\" srcset=\"https:\/\/asg.vn\/wp-content\/uploads\/2023\/03\/tam-tin-tri-trung-inamori-kazuo-asg-xi-lanh-truc-vit-1024x800.png 1024w, https:\/\/asg.vn\/wp-content\/uploads\/2023\/03\/tam-tin-tri-trung-inamori-kazuo-asg-xi-lanh-truc-vit-300x234.png 300w, https:\/\/asg.vn\/wp-content\/uploads\/2023\/03\/tam-tin-tri-trung-inamori-kazuo-asg-xi-lanh-truc-vit-768x600.png 768w, https:\/\/asg.vn\/wp-content\/uploads\/2023\/03\/tam-tin-tri-trung-inamori-kazuo-asg-xi-lanh-truc-vit-1536x1200.png 1536w, https:\/\/asg.vn\/wp-content\/uploads\/2023\/03\/tam-tin-tri-trung-inamori-kazuo-asg-xi-lanh-truc-vit-2048x1600.png 2048w\" sizes=\"(max-width: 1024px) 100vw, 1024px\" \/>\t\t\t\t\t\t\t\t\t\t\t\t\t\t\t<\/p>\n<h2>Chi ti\u1ebft tham kh\u1ea3o<\/h2>\n<figure><a href=\"https:\/\/asg.vn\/en\/xi-lanh-truc-vit-may-ep-nhua-sumitomo\/\"><img decoding=\"async\" src=\"https:\/\/asg.vn\/wp-content\/uploads\/elementor\/thumbs\/sumitomo-1-q47l5qig24iubcbqsgvhrr2mv2sdwnehruu9w8bfpg.jpg\" title=\"B\u1ed9 xi lanh tr\u1ee5c v\u00edt Sumitomo\" alt=\"B\u1ed9 xi lanh tr\u1ee5c v\u00edt Sumitomo\" loading=\"lazy\" \/><\/a><\/figure>\n<h4><a href=\"https:\/\/asg.vn\/en\/xi-lanh-truc-vit-may-ep-nhua-sumitomo\/\">B\u1ed9 xi lanh tr\u1ee5c v\u00edt m\u00e1y \u00e9p nh\u1ef1a Sumitomo<\/a><\/h4>\n<figure><a href=\"https:\/\/asg.vn\/en\/xi-lanh-truc-vit-may-ep-nhua-toshiba\/\"><img decoding=\"async\" src=\"https:\/\/asg.vn\/wp-content\/uploads\/elementor\/thumbs\/Toshiba-1-q47l6s3znhyb7qt4ox4kjhl2mhn2gjjr90xp3arosk.jpg\" title=\"B\u1ed9 xi lanh tr\u1ee5c v\u00edt Toshiba\" alt=\"B\u1ed9 xi lanh tr\u1ee5c v\u00edt Toshiba\" loading=\"lazy\" \/><\/a><\/figure>\n<h3><a href=\"https:\/\/asg.vn\/en\/xi-lanh-truc-vit-may-ep-nhua-toshiba\/\">B\u1ed9 xi lanh tr\u1ee5c v\u00edt m\u00e1y \u00e9p nh\u1ef1a Toshiba<\/a><\/h3>\n<figure><a href=\"https:\/\/asg.vn\/en\/xi-lanh-truc-vit-may-ep-nhua-jsw\/\"><img decoding=\"async\" src=\"https:\/\/asg.vn\/wp-content\/uploads\/elementor\/thumbs\/JSW-1-q47l8oq7iek8ra1gk8sc3i9pzm8v2g45ugk54hxy6c.jpg\" title=\"B\u1ed9 xi lanh tr\u1ee5c v\u00edt m\u00e1y \u00e9p nh\u1ef1a   JSW\" alt=\"B\u1ed9 xi lanh tr\u1ee5c v\u00edt m\u00e1y \u00e9p nh\u1ef1a JSW\" loading=\"lazy\" \/><\/a><\/figure>\n<h4><a href=\"https:\/\/asg.vn\/en\/xi-lanh-truc-vit-may-ep-nhua-jsw\/\">B\u1ed9 xi lanh tr\u1ee5c v\u00edt m\u00e1y \u00e9p nh\u1ef1a &#038;nbsp JSW<\/a><\/h4>\n<figure><a href=\"https:\/\/asg.vn\/en\/xi-lanh-truc-vit-may-ep-nhua-arburg\/\"><img decoding=\"async\" src=\"https:\/\/asg.vn\/wp-content\/uploads\/elementor\/thumbs\/cxcxc-q44hti8es7k44ki51e0iqpqijcudle09oykkptcytg.png\" title=\"B\u1ed9 xilanh tr\u1ee5c v\u00edt cho m\u00e1y \u00e9p nh\u1ef1a Arburg\" alt=\"B\u1ed9 xilanh tr\u1ee5c v\u00edt cho m\u00e1y \u00e9p nh\u1ef1a Arburg\" loading=\"lazy\" \/><\/a><\/figure>\n<h4><a href=\"https:\/\/asg.vn\/en\/xi-lanh-truc-vit-may-ep-nhua-arburg\/\">B\u1ed9 xi lanh tr\u1ee5c v\u00edt m\u00e1y \u00e9p nh\u1ef1a Arburg<\/a><\/h4>\n<figure><a href=\"https:\/\/asg.vn\/en\/xi-lanh-truc-vit-may-ep-nhua-nissei\/\"><img decoding=\"async\" src=\"https:\/\/asg.vn\/wp-content\/uploads\/elementor\/thumbs\/Untitled-2-q44hm55x8xh96j7617fq7kmj0p4vaqryoilnds9zk4.png\" title=\"B\u1ed9 xi lanh tr\u1ee5c v\u00edt m\u00e1y \u00e9p nh\u1ef1a Nissei\" alt=\"B\u1ed9 xi lanh tr\u1ee5c v\u00edt m\u00e1y \u00e9p nh\u1ef1a Nissei\" loading=\"lazy\" \/><\/a><\/figure>\n<h3><a href=\"https:\/\/asg.vn\/en\/xi-lanh-truc-vit-may-ep-nhua-nissei\/\">B\u1ed9 xi lanh tr\u1ee5c v\u00edt m\u00e1y \u00e9p nh\u1ef1a Nissei<\/a><\/h3>\n<figure><a href=\"https:\/\/asg.vn\/en\/xi-lanh-truc-vit-may-ep-nhua-haitian\/\"><img decoding=\"async\" src=\"https:\/\/asg.vn\/wp-content\/uploads\/elementor\/thumbs\/gfgdfgdfgdf-q44hyey2h2a0r9dgdiedrh567sndshht197uxu2ybo.png\" title=\"B\u1ed9 xilanh tr\u1ee5c v\u00edt cho m\u00e1y \u00e9p nh\u1ef1a Haitian\" alt=\"B\u1ed9 xilanh tr\u1ee5c v\u00edt cho m\u00e1y \u00e9p nh\u1ef1a Haitian\" loading=\"lazy\" \/><\/a><\/figure>\n<h3><a href=\"https:\/\/asg.vn\/en\/xi-lanh-truc-vit-may-ep-nhua-haitian\/\">B\u1ed9 xi lanh tr\u1ee5c v\u00edt m\u00e1y \u00e9p nh\u1ef1a Haitian<\/a><\/h3>\n<figure><a href=\"https:\/\/asg.vn\/en\/xi-lanh-truc-vit-may-ep-nhua-fanuc\/\"><img decoding=\"async\" src=\"https:\/\/asg.vn\/wp-content\/uploads\/elementor\/thumbs\/Single-Injection-High-Wear-Resistant-Screw-Barrel-Assembly-for-Fanuc-Imm-q44hnnok9bjvvwzz6v0386v9h1o5p6se80ft7u15j8.jpg\" title=\"B\u1ed9 xi lanh tr\u1ee5c v\u00edt m\u00e1y \u00e9p nh\u1ef1a Fanuc\" alt=\"B\u1ed9 xi lanh tr\u1ee5c v\u00edt m\u00e1y \u00e9p nh\u1ef1a Fanuc\" loading=\"lazy\" \/><\/a><\/figure>\n<h3><a href=\"https:\/\/asg.vn\/en\/xi-lanh-truc-vit-may-ep-nhua-fanuc\/\">B\u1ed9 xi lanh tr\u1ee5c v\u00edt m\u00e1y \u00e9p nh\u1ef1a Fanuc<\/a><\/h3>\n<figure><a href=\"https:\/\/asg.vn\/en\/xi-lanh-truc-vit-may-ep-nhua-niigata\/\"><img decoding=\"async\" src=\"https:\/\/asg.vn\/wp-content\/uploads\/elementor\/thumbs\/Niigata-Injection-Molding-Machine-Screw-Barrel-2-q44i411dafyo3f7wlfr65k59xmzares3h1h94brb5w.jpg\" title=\"Niigata-Injection-Molding-Machine-Screw-Barrel (2)\" alt=\"B\u1ed9 xilanh tr\u1ee5c v\u00edt cho m\u00e1y \u00e9p nh\u1ef1a Niigata\" loading=\"lazy\" \/><\/a><\/figure>\n<h3><a href=\"https:\/\/asg.vn\/en\/xi-lanh-truc-vit-may-ep-nhua-niigata\/\">B\u1ed9 xi lanh tr\u1ee5c v\u00edt m\u00e1y \u00e9p nh\u1ef1a Niigata<\/a><\/h3>\n<figure><a href=\"https:\/\/asg.vn\/en\/xi-lanh-truc-vit-may-ep-nhua-toyo\/\"><img decoding=\"async\" src=\"https:\/\/asg.vn\/wp-content\/uploads\/elementor\/thumbs\/ghjhj-q47n2bsgrwf3iyoz9m8f7xyjeapmlipcvcmtm4m7no.png\" title=\"B\u1ed9 xi lanh tr\u1ee5c v\u00edt m\u00e1y \u00e9p nh\u1ef1a Toyo\" alt=\"B\u1ed9 xi lanh tr\u1ee5c v\u00edt m\u00e1y \u00e9p nh\u1ef1a Toyo\" loading=\"lazy\" \/><\/a><\/figure>\n<h3><a href=\"https:\/\/asg.vn\/en\/xi-lanh-truc-vit-may-ep-nhua-toyo\/\">B\u1ed9 xi lanh tr\u1ee5c v\u00edt m\u00e1y \u00e9p nh\u1ef1a &#038;nbsp Toyo<\/a><\/h3>\n<h2>H\u1ed7 tr\u1ee3 <\/h2>\n<h2>Li\u00ean h\u1ec7 \u0111\u1ec3 \u0111\u01b0\u1ee3c t\u01b0 v\u1ea5n v\u1ec1 s\u1ea3n ph\u1ea9m<\/h2>\n<p>\t\t\t<a href=\"https:\/\/asg.vn\/en\/lien-he\/\" role=\"button\"><br \/>\n\t\t\t\t\t\tLI\u00caN H\u1ec6<br \/>\n\t\t\t\t\t<\/a><\/p>","protected":false},"excerpt":{"rendered":"<p>B\u1ed9 xi lanh tr\u1ee5c v\u00edt m\u00e1y \u00e9p nh\u1ef1a Xi lanh tr\u1ee5c v\u00edt c\u00f4ng ty ASG VI\u1ec6T NAM 1. C\u00f4ng ngh\u1ec7 ch\u1ebf t\u1ea1o Xilanh: Ph\u1ee7 h\u1ee3p kim ly t\u00e2m, Nitrider, Th\u00e9p h\u1ee3p kim \u0111\u1eb7c bi\u1ec7t. Adapter, Nozzle: Th\u00e9p h\u1ee3p kim \u0111\u1eb7c bi\u1ec7t, Nitrider. Tr\u1ee5c v\u00edt, B\u1ed9 \u0111\u1ea7u tr\u1ee5c v\u00edt: Ph\u1ee7\u00a0HVOF,\u00a0PVD Coating,\u00a0Th\u00e9p h\u1ee3p kim \u0111\u1eb7c bi\u1ec7t, H\u00e0n&#8230;<\/p>","protected":false},"author":24,"featured_media":1286,"parent":0,"menu_order":0,"comment_status":"closed","ping_status":"closed","template":"elementor_header_footer","meta":{"inline_featured_image":false,"footnotes":""},"yoast_head":"<!-- This site is optimized with the Yoast SEO plugin v22.5 - https:\/\/yoast.com\/wordpress\/plugins\/seo\/ -->\n<title>B\u1ed9 xi lanh tr\u1ee5c v\u00edt cho m\u00e1y \u00e9p nh\u1ef1a - C\u00f4ng ty TNHH ASG<\/title>\n<meta name=\"description\" content=\"B\u1ed9 xi lanh tr\u1ee5c v\u00edt cho m\u00e1y \u00e9p nh\u1ef1a \u0111\u01b0\u1ee3c s\u1ea3n xu\u1ea5t theo ti\u00eau chu\u1ea9n Nh\u1eadt B\u1ea3n \u0111\u1ed1i \u1ee9ng t\u1ed1t v\u1edbi c\u00e1c lo\u1ea1i nh\u1ef1a nh\u01b0 PA, PPS, LCP, PC, PET\u2026.\" \/>\n<meta name=\"robots\" content=\"index, follow, max-snippet:-1, max-image-preview:large, max-video-preview:-1\" \/>\n<link rel=\"canonical\" href=\"https:\/\/asg.vn\/en\/bo-xi-lanh-truc-vit-may-ep-nhua\/\" \/>\n<meta property=\"og:locale\" content=\"en_US\" \/>\n<meta property=\"og:type\" content=\"article\" \/>\n<meta property=\"og:title\" content=\"B\u1ed9 xi lanh tr\u1ee5c v\u00edt cho m\u00e1y \u00e9p nh\u1ef1a - C\u00f4ng ty TNHH ASG\" \/>\n<meta property=\"og:description\" content=\"B\u1ed9 xi lanh tr\u1ee5c v\u00edt cho m\u00e1y \u00e9p nh\u1ef1a \u0111\u01b0\u1ee3c s\u1ea3n xu\u1ea5t theo ti\u00eau chu\u1ea9n Nh\u1eadt B\u1ea3n \u0111\u1ed1i \u1ee9ng t\u1ed1t v\u1edbi c\u00e1c lo\u1ea1i nh\u1ef1a nh\u01b0 PA, PPS, LCP, PC, PET\u2026.\" \/>\n<meta property=\"og:url\" content=\"https:\/\/asg.vn\/en\/bo-xi-lanh-truc-vit-may-ep-nhua\/\" \/>\n<meta property=\"og:site_name\" content=\"C\u00f4ng ty TNHH ASG\" \/>\n<meta property=\"article:publisher\" content=\"https:\/\/www.facebook.com\/congtyasgvietnam\" \/>\n<meta property=\"article:modified_time\" content=\"2023-03-30T07:49:55+00:00\" \/>\n<meta property=\"og:image\" content=\"https:\/\/asg.vn\/wp-content\/uploads\/2023\/03\/xi-lanh-truc-vit-vuong.png\" \/>\n\t<meta property=\"og:image:width\" content=\"701\" \/>\n\t<meta property=\"og:image:height\" content=\"701\" \/>\n\t<meta property=\"og:image:type\" content=\"image\/png\" \/>\n<meta name=\"twitter:card\" content=\"summary_large_image\" \/>\n<meta name=\"twitter:label1\" content=\"Est. reading time\" \/>\n\t<meta name=\"twitter:data1\" content=\"6 minutes\" \/>\n<script type=\"application\/ld+json\" class=\"yoast-schema-graph\">{\"@context\":\"https:\/\/schema.org\",\"@graph\":[{\"@type\":\"WebPage\",\"@id\":\"https:\/\/asg.vn\/vi\/bo-xi-lanh-truc-vit-may-ep-nhua\/\",\"url\":\"https:\/\/asg.vn\/vi\/bo-xi-lanh-truc-vit-may-ep-nhua\/\",\"name\":\"B\u1ed9 xi lanh tr\u1ee5c v\u00edt cho m\u00e1y \u00e9p nh\u1ef1a - C\u00f4ng ty TNHH ASG\",\"isPartOf\":{\"@id\":\"https:\/\/asg.vn\/ja\/#website\"},\"primaryImageOfPage\":{\"@id\":\"https:\/\/asg.vn\/vi\/bo-xi-lanh-truc-vit-may-ep-nhua\/#primaryimage\"},\"image\":{\"@id\":\"https:\/\/asg.vn\/vi\/bo-xi-lanh-truc-vit-may-ep-nhua\/#primaryimage\"},\"thumbnailUrl\":\"https:\/\/asg.vn\/wp-content\/uploads\/2023\/03\/xi-lanh-truc-vit-vuong.png\",\"datePublished\":\"2023-03-27T09:13:45+00:00\",\"dateModified\":\"2023-03-30T07:49:55+00:00\",\"description\":\"B\u1ed9 xi lanh tr\u1ee5c v\u00edt cho m\u00e1y \u00e9p nh\u1ef1a \u0111\u01b0\u1ee3c s\u1ea3n xu\u1ea5t theo ti\u00eau chu\u1ea9n Nh\u1eadt B\u1ea3n \u0111\u1ed1i \u1ee9ng t\u1ed1t v\u1edbi c\u00e1c lo\u1ea1i nh\u1ef1a nh\u01b0 PA, PPS, LCP, PC, PET\u2026.\",\"breadcrumb\":{\"@id\":\"https:\/\/asg.vn\/vi\/bo-xi-lanh-truc-vit-may-ep-nhua\/#breadcrumb\"},\"inLanguage\":\"en-US\",\"potentialAction\":[{\"@type\":\"ReadAction\",\"target\":[\"https:\/\/asg.vn\/vi\/bo-xi-lanh-truc-vit-may-ep-nhua\/\"]}]},{\"@type\":\"ImageObject\",\"inLanguage\":\"en-US\",\"@id\":\"https:\/\/asg.vn\/vi\/bo-xi-lanh-truc-vit-may-ep-nhua\/#primaryimage\",\"url\":\"https:\/\/asg.vn\/wp-content\/uploads\/2023\/03\/xi-lanh-truc-vit-vuong.png\",\"contentUrl\":\"https:\/\/asg.vn\/wp-content\/uploads\/2023\/03\/xi-lanh-truc-vit-vuong.png\",\"width\":701,\"height\":701,\"caption\":\"xi lanh truc vit\"},{\"@type\":\"BreadcrumbList\",\"@id\":\"https:\/\/asg.vn\/vi\/bo-xi-lanh-truc-vit-may-ep-nhua\/#breadcrumb\",\"itemListElement\":[{\"@type\":\"ListItem\",\"position\":1,\"name\":\"Home\",\"item\":\"https:\/\/asg.vn\/ja\/\"},{\"@type\":\"ListItem\",\"position\":2,\"name\":\"B\u1ed9 xi lanh tr\u1ee5c v\u00edt cho m\u00e1y \u00e9p nh\u1ef1a\"}]},{\"@type\":\"WebSite\",\"@id\":\"https:\/\/asg.vn\/ja\/#website\",\"url\":\"https:\/\/asg.vn\/ja\/\",\"name\":\"C\u00f4ng ty TNHH ASG\",\"description\":\"Th\u00e0nh c\u00f4ng b\u1eb1ng s\u1ef1 t\u1eed t\u1ebf\",\"publisher\":{\"@id\":\"https:\/\/asg.vn\/ja\/#organization\"},\"potentialAction\":[{\"@type\":\"SearchAction\",\"target\":{\"@type\":\"EntryPoint\",\"urlTemplate\":\"https:\/\/asg.vn\/ja\/?s={search_term_string}\"},\"query-input\":\"required name=search_term_string\"}],\"inLanguage\":\"en-US\"},{\"@type\":\"Organization\",\"@id\":\"https:\/\/asg.vn\/ja\/#organization\",\"name\":\"C\u00f4ng ty TNHH ASG\",\"url\":\"https:\/\/asg.vn\/ja\/\",\"logo\":{\"@type\":\"ImageObject\",\"inLanguage\":\"en-US\",\"@id\":\"https:\/\/asg.vn\/ja\/#\/schema\/logo\/image\/\",\"url\":\"https:\/\/asg.vn\/wp-content\/uploads\/2023\/03\/z4110917483185_83f9ec26924715fb77663fd2b8bef540.jpg\",\"contentUrl\":\"https:\/\/asg.vn\/wp-content\/uploads\/2023\/03\/z4110917483185_83f9ec26924715fb77663fd2b8bef540.jpg\",\"width\":1038,\"height\":324,\"caption\":\"C\u00f4ng ty TNHH ASG\"},\"image\":{\"@id\":\"https:\/\/asg.vn\/ja\/#\/schema\/logo\/image\/\"},\"sameAs\":[\"https:\/\/www.facebook.com\/congtyasgvietnam\"]}]}<\/script>\n<!-- \/ Yoast SEO plugin. -->","yoast_head_json":{"title":"B\u1ed9 xi lanh tr\u1ee5c v\u00edt cho m\u00e1y \u00e9p nh\u1ef1a - C\u00f4ng ty TNHH ASG","description":"B\u1ed9 xi lanh tr\u1ee5c v\u00edt cho m\u00e1y \u00e9p nh\u1ef1a \u0111\u01b0\u1ee3c s\u1ea3n xu\u1ea5t theo ti\u00eau chu\u1ea9n Nh\u1eadt B\u1ea3n \u0111\u1ed1i \u1ee9ng t\u1ed1t v\u1edbi c\u00e1c lo\u1ea1i nh\u1ef1a nh\u01b0 PA, PPS, LCP, PC, PET\u2026.","robots":{"index":"index","follow":"follow","max-snippet":"max-snippet:-1","max-image-preview":"max-image-preview:large","max-video-preview":"max-video-preview:-1"},"canonical":"https:\/\/asg.vn\/en\/bo-xi-lanh-truc-vit-may-ep-nhua\/","og_locale":"en_US","og_type":"article","og_title":"B\u1ed9 xi lanh tr\u1ee5c v\u00edt cho m\u00e1y \u00e9p nh\u1ef1a - C\u00f4ng ty TNHH ASG","og_description":"B\u1ed9 xi lanh tr\u1ee5c v\u00edt cho m\u00e1y \u00e9p nh\u1ef1a \u0111\u01b0\u1ee3c s\u1ea3n xu\u1ea5t theo ti\u00eau chu\u1ea9n Nh\u1eadt B\u1ea3n \u0111\u1ed1i \u1ee9ng t\u1ed1t v\u1edbi c\u00e1c lo\u1ea1i nh\u1ef1a nh\u01b0 PA, PPS, LCP, PC, PET\u2026.","og_url":"https:\/\/asg.vn\/en\/bo-xi-lanh-truc-vit-may-ep-nhua\/","og_site_name":"C\u00f4ng ty TNHH ASG","article_publisher":"https:\/\/www.facebook.com\/congtyasgvietnam","article_modified_time":"2023-03-30T07:49:55+00:00","og_image":[{"width":701,"height":701,"url":"https:\/\/asg.vn\/wp-content\/uploads\/2023\/03\/xi-lanh-truc-vit-vuong.png","type":"image\/png"}],"twitter_card":"summary_large_image","twitter_misc":{"Est. reading time":"6 minutes"},"schema":{"@context":"https:\/\/schema.org","@graph":[{"@type":"WebPage","@id":"https:\/\/asg.vn\/vi\/bo-xi-lanh-truc-vit-may-ep-nhua\/","url":"https:\/\/asg.vn\/vi\/bo-xi-lanh-truc-vit-may-ep-nhua\/","name":"B\u1ed9 xi lanh tr\u1ee5c v\u00edt cho m\u00e1y \u00e9p nh\u1ef1a - C\u00f4ng ty TNHH ASG","isPartOf":{"@id":"https:\/\/asg.vn\/ja\/#website"},"primaryImageOfPage":{"@id":"https:\/\/asg.vn\/vi\/bo-xi-lanh-truc-vit-may-ep-nhua\/#primaryimage"},"image":{"@id":"https:\/\/asg.vn\/vi\/bo-xi-lanh-truc-vit-may-ep-nhua\/#primaryimage"},"thumbnailUrl":"https:\/\/asg.vn\/wp-content\/uploads\/2023\/03\/xi-lanh-truc-vit-vuong.png","datePublished":"2023-03-27T09:13:45+00:00","dateModified":"2023-03-30T07:49:55+00:00","description":"B\u1ed9 xi lanh tr\u1ee5c v\u00edt cho m\u00e1y \u00e9p nh\u1ef1a \u0111\u01b0\u1ee3c s\u1ea3n xu\u1ea5t theo ti\u00eau chu\u1ea9n Nh\u1eadt B\u1ea3n \u0111\u1ed1i \u1ee9ng t\u1ed1t v\u1edbi c\u00e1c lo\u1ea1i nh\u1ef1a nh\u01b0 PA, PPS, LCP, PC, PET\u2026.","breadcrumb":{"@id":"https:\/\/asg.vn\/vi\/bo-xi-lanh-truc-vit-may-ep-nhua\/#breadcrumb"},"inLanguage":"en-US","potentialAction":[{"@type":"ReadAction","target":["https:\/\/asg.vn\/vi\/bo-xi-lanh-truc-vit-may-ep-nhua\/"]}]},{"@type":"ImageObject","inLanguage":"en-US","@id":"https:\/\/asg.vn\/vi\/bo-xi-lanh-truc-vit-may-ep-nhua\/#primaryimage","url":"https:\/\/asg.vn\/wp-content\/uploads\/2023\/03\/xi-lanh-truc-vit-vuong.png","contentUrl":"https:\/\/asg.vn\/wp-content\/uploads\/2023\/03\/xi-lanh-truc-vit-vuong.png","width":701,"height":701,"caption":"xi lanh truc vit"},{"@type":"BreadcrumbList","@id":"https:\/\/asg.vn\/vi\/bo-xi-lanh-truc-vit-may-ep-nhua\/#breadcrumb","itemListElement":[{"@type":"ListItem","position":1,"name":"Home","item":"https:\/\/asg.vn\/ja\/"},{"@type":"ListItem","position":2,"name":"B\u1ed9 xi lanh tr\u1ee5c v\u00edt cho m\u00e1y \u00e9p nh\u1ef1a"}]},{"@type":"WebSite","@id":"https:\/\/asg.vn\/ja\/#website","url":"https:\/\/asg.vn\/ja\/","name":"C\u00f4ng ty TNHH ASG","description":"Th\u00e0nh c\u00f4ng b\u1eb1ng s\u1ef1 t\u1eed t\u1ebf","publisher":{"@id":"https:\/\/asg.vn\/ja\/#organization"},"potentialAction":[{"@type":"SearchAction","target":{"@type":"EntryPoint","urlTemplate":"https:\/\/asg.vn\/ja\/?s={search_term_string}"},"query-input":"required name=search_term_string"}],"inLanguage":"en-US"},{"@type":"Organization","@id":"https:\/\/asg.vn\/ja\/#organization","name":"C\u00f4ng ty TNHH ASG","url":"https:\/\/asg.vn\/ja\/","logo":{"@type":"ImageObject","inLanguage":"en-US","@id":"https:\/\/asg.vn\/ja\/#\/schema\/logo\/image\/","url":"https:\/\/asg.vn\/wp-content\/uploads\/2023\/03\/z4110917483185_83f9ec26924715fb77663fd2b8bef540.jpg","contentUrl":"https:\/\/asg.vn\/wp-content\/uploads\/2023\/03\/z4110917483185_83f9ec26924715fb77663fd2b8bef540.jpg","width":1038,"height":324,"caption":"C\u00f4ng ty TNHH ASG"},"image":{"@id":"https:\/\/asg.vn\/ja\/#\/schema\/logo\/image\/"},"sameAs":["https:\/\/www.facebook.com\/congtyasgvietnam"]}]}},"_links":{"self":[{"href":"https:\/\/asg.vn\/en\/wp-json\/wp\/v2\/pages\/2119"}],"collection":[{"href":"https:\/\/asg.vn\/en\/wp-json\/wp\/v2\/pages"}],"about":[{"href":"https:\/\/asg.vn\/en\/wp-json\/wp\/v2\/types\/page"}],"author":[{"embeddable":true,"href":"https:\/\/asg.vn\/en\/wp-json\/wp\/v2\/users\/24"}],"replies":[{"embeddable":true,"href":"https:\/\/asg.vn\/en\/wp-json\/wp\/v2\/comments?post=2119"}],"version-history":[{"count":133,"href":"https:\/\/asg.vn\/en\/wp-json\/wp\/v2\/pages\/2119\/revisions"}],"predecessor-version":[{"id":3091,"href":"https:\/\/asg.vn\/en\/wp-json\/wp\/v2\/pages\/2119\/revisions\/3091"}],"wp:featuredmedia":[{"embeddable":true,"href":"https:\/\/asg.vn\/en\/wp-json\/wp\/v2\/media\/1286"}],"wp:attachment":[{"href":"https:\/\/asg.vn\/en\/wp-json\/wp\/v2\/media?parent=2119"}],"curies":[{"name":"wp","href":"https:\/\/api.w.org\/{rel}","templated":true}]}}